{"id":2842,"date":"2020-08-24T15:07:04","date_gmt":"2020-08-24T15:07:04","guid":{"rendered":"https:\/\/distribucionarc.com\/?post_type=product&#038;p=2842"},"modified":"2020-11-17T07:49:05","modified_gmt":"2020-11-17T07:49:05","slug":"mini-pancake-machine-50pcs","status":"publish","type":"product","link":"https:\/\/distribucionarc.com\/fr\/producto\/maquina-de-mini-panqueques-50pcs\/","title":{"rendered":"Mini machine \u00e0 cr\u00eapes 50pcs"},"content":{"rendered":"<h3>Mini machine \u00e0 cr\u00eapes 50pcs<\/h3>\n<p>Ce<strong>\u00a0machine \u00e0 cr\u00eapes<\/strong> Professional est recouvert d&#039;un bo\u00eetier en acier inoxydable de qualit\u00e9 alimentaire de haute qualit\u00e9 et d&#039;une plaque en fonte \u00e0 rev\u00eatement antiadh\u00e9sif. Hygi\u00e9nique et durable. La plaque en fonte \u00e0 haute conduction r\u00e9partit la chaleur uniform\u00e9ment et fournit\u00a0<strong>cr\u00eapes<\/strong> dor\u00e9 avec une grande surface de cuisson de (495 x 260 mm). La cuisson simultan\u00e9e de jusqu&#039;\u00e0 50 cr\u00eapes (45 x 10 mm) ne prend que 3 \u00e0 5 minutes.<\/p>\n<p>Le\u00a0<strong>machine\u00a0<\/strong><b>cr\u00eapes<\/b>\u00a0de <strong><span style=\"color: #ff0000;\">\u00c0<\/span><span style=\"color: #0000ff;\">R.<\/span>CMP50<\/strong> Il est \u00e9quip\u00e9 de deux thermostats et d&#039;une minuterie de 5 minutes, qui permettent un contr\u00f4le s\u00e9par\u00e9 de deux zones diff\u00e9rentes. La plage de temp\u00e9rature est de 50 \u00e0 300 \u00baC. Apr\u00e8s avoir cuit des cr\u00eapes avec cette machine, vous pouvez simplement les nettoyer avec des \u00e9ponges non abrasives et un peu de d\u00e9tergent \u00e0 vaisselle, car les \u00e9ponges abrasives peuvent endommager ou enlever la surface antiadh\u00e9sive.<\/p>\n<h6><\/h6>\n<h6><b>Garantie<\/b><strong>\u00a0<\/strong><span style=\"color: #ff0000;\"><strong>\u00c0<\/strong><\/span><span style=\"color: #0000ff;\"><strong>R.<\/strong><\/span><strong>C 2 ANS<\/strong><\/h6>\n<h6><span style=\"color: #008000;\"><b>Machine \u00e0 cr\u00eapes efficace, basse consommation 1450 W<\/b><\/span><\/h6>\n<h6><b>support technique inclus.<\/b><\/h6>\n<p>&nbsp;<\/p>\n<table role=\"presentation\" width=\"100%\" cellspacing=\"0\" cellpadding=\"0\">\n<tbody>\n<tr>\n<td class=\"attrLabels\">Temp\u00e9rature:<\/td>\n<td width=\"50.0%\">50-300\u00baC<\/td>\n<\/tr>\n<tr>\n<td class=\"attrLabels\">Pays de distribution\u00a0:<\/td>\n<td width=\"50.0%\">Espagne, Allemagne, \u00c9tats-Unis<\/td>\n<td class=\"attrLabels\">Poids:<\/td>\n<td width=\"50.0%\">9 kg<\/td>\n<\/tr>\n<tr>\n<td class=\"attrLabels\">Marque:<\/td>\n<td width=\"50.0%\">ARC<\/td>\n<td class=\"attrLabels\">Hauteur:<\/td>\n<td width=\"50.0%\">19 cm<\/td>\n<\/tr>\n<tr>\n<td class=\"attrLabels\">Couleur:<\/td>\n<td width=\"50.0%\">Argent<\/td>\n<td class=\"attrLabels\">Long:<\/td>\n<td width=\"50.0%\">60 cm<\/td>\n<\/tr>\n<tr>\n<td class=\"attrLabels\">Type de produit\u00a0:<\/td>\n<td width=\"50.0%\">Machine \u00e0 cr\u00eapes<\/td>\n<td class=\"attrLabels\">Large:<\/td>\n<td width=\"50.0%\">32 cm<\/td>\n<\/tr>\n<tr>\n<td class=\"attrLabels\">Num\u00e9ro du fabricant :<\/td>\n<td width=\"50.0%\">ARCMP50<\/td>\n<td class=\"attrLabels\">Pouvoir:<\/td>\n<td width=\"50.0%\">1450W<\/td>\n<\/tr>\n<tr>\n<td class=\"attrLabels\">Mat\u00e9riel:<\/td>\n<td width=\"50.0%\">en acier inoxydable, antiadh\u00e9sif<\/td>\n<td class=\"attrLabels\">tension d&#039;entr\u00e9e<\/td>\n<td width=\"50.0%\">230 V \u2013 50 Hz<\/td>\n<\/tr>\n<tr>\n<td class=\"attrLabels\">Taille des cr\u00eapes\u00a0:<\/td>\n<td width=\"50.0%\">4,5x1cm<\/td>\n<td class=\"attrLabels\">Garantie<\/td>\n<td width=\"50.0%\">\u00a0CRA 2 ans<\/td>\n<\/tr>\n<tr>\n<td class=\"attrLabels\">Temps de chauffe :<\/td>\n<td width=\"50.0%\">0-5 minutes<\/td>\n<td class=\"attrLabels\">Contenu du paquet<\/td>\n<td width=\"50.0%\">1 x machine \u00e0 cr\u00eapes<\/p>\n<p>4 x \u00e9ponges de nettoyage<\/p>\n<p>2 x Brosse<\/p>\n<p>1 x \u00e9cumoire<\/p>\n<p>1 x pince alimentaire<\/td>\n<\/tr>\n<\/tbody>\n<\/table>\n<p>&nbsp;<\/p>","protected":false},"excerpt":{"rendered":"<h2>Mini machine \u00e0 cr\u00eapes 50pcs<\/h2>\n<p><strong>Gaufrier professionnel<\/strong>\u00a0<strong><span style=\"color: #ff0000;\">\u00c0<\/span><span style=\"color: #0000ff;\">R.<\/span>c<\/strong> Petites cr\u00eapes moelleuses \u00e0 la texture l\u00e9g\u00e8re et moelleuse. Parfait au petit d\u00e9jeuner ou \u00e0 l&#039;ap\u00e9ritif. Avec \u00e7a\u00a0<strong>gaufrier professionnel<\/strong>\u00a0<strong><span style=\"color: #ff0000;\">\u00c0<\/span><span style=\"color: #0000ff;\">R.<\/span>CMP1<\/strong>, peut cuire jusqu&#039;\u00e0 <strong>50 cr\u00eapes<\/strong> petit \u00e0 la fois en seulement 3 \u00e0 5 minutes, ce qui vous permet de servir rapidement cet ap\u00e9ritif sans faire attendre vos clients.<\/p>\n<h6><b>Garantie<\/b><strong>\u00a0<\/strong><span style=\"color: #ff0000;\"><strong>\u00c0<\/strong><\/span><span style=\"color: #0000ff;\"><strong>R.<\/strong><\/span><strong>C 2 ANS<\/strong><\/h6>\n<h6><span style=\"color: #008000;\"><b>Machine \u00e0 cr\u00eapes efficace, basse consommation 1450 W<\/b><\/span><\/h6>\n<h6><b>support technique inclus.<\/b><\/h6>","protected":false},"featured_media":2848,"comment_status":"open","ping_status":"closed","template":"","meta":{"wds_primary_product_brand":0,"wds_primary_product_cat":0},"product_brand":[],"product_cat":[51],"product_tag":[],"class_list":{"0":"post-2842","1":"product","2":"type-product","3":"status-publish","4":"has-post-thumbnail","6":"product_cat-gofreras-profesionales","7":"product_shipping_class-hosteleria","9":"first","10":"instock","11":"sale","12":"taxable","13":"shipping-taxable","14":"purchasable","15":"product-type-simple"},"yoast_head":"<!-- This site is optimized with the Yoast SEO Premium plugin v24.9 (Yoast SEO v26.1) - https:\/\/yoast.com\/wordpress\/plugins\/seo\/ -->\n<title>M\u00e1quina de mini panqueques 50pcs - distribuci\u00f3n ARC<\/title>\n<meta name=\"robots\" content=\"index, follow, max-snippet:-1, max-image-preview:large, max-video-preview:-1\" \/>\n<link rel=\"canonical\" href=\"https:\/\/www.distribucionarc.com\/fr\/producto\/maquina-de-mini-panqueques-50pcs\/\" \/>\n<meta property=\"og:locale\" content=\"fr_FR\" \/>\n<meta property=\"og:type\" content=\"article\" \/>\n<meta property=\"og:title\" content=\"M\u00e1quina de mini panqueques 50pcs\" \/>\n<meta property=\"og:description\" content=\"M\u00e1quina de mini panqueques 50pcs Gofrera profesional\u00a0ARC Peque\u00f1os panqueques esponjosos con una textura ligera y esponjosa. Perfecto para el desayuno o como aperitivo. Con esta\u00a0gofrera profesional\u00a0ARCMP1, puede hornear hasta 50 tortitas peque\u00f1as a la vez en s\u00f3lo 3-5 minutos, por lo que es m\u00e1s c\u00f3modo para usted servir este aperitivo r\u00e1pidamente sin hacer esperar a sus clientes. Garant\u00eda\u00a0ARC 2 A\u00d1OS Maquina de Panqueques eficiente, bajo consumo 1450 W soporte t\u00e9cnico incluido.\" \/>\n<meta property=\"og:url\" content=\"https:\/\/www.distribucionarc.com\/fr\/producto\/maquina-de-mini-panqueques-50pcs\/\" \/>\n<meta property=\"og:site_name\" content=\"distribuci\u00f3n ARC\" \/>\n<meta property=\"article:modified_time\" content=\"2020-11-17T07:49:05+00:00\" \/>\n<meta property=\"og:image\" content=\"https:\/\/distribucionarc.com\/wp-content\/uploads\/2020\/08\/M\u00e1quina-de-mini-panqueques-50pcs-0.jpg\" \/>\n\t<meta property=\"og:image:width\" content=\"1600\" \/>\n\t<meta property=\"og:image:height\" content=\"1600\" \/>\n\t<meta property=\"og:image:type\" content=\"image\/jpeg\" \/>\n<meta name=\"twitter:card\" content=\"summary_large_image\" \/>\n<meta name=\"twitter:label1\" content=\"Dur\u00e9e de lecture estim\u00e9e\" \/>\n\t<meta name=\"twitter:data1\" content=\"1 minute\" \/>\n<script type=\"application\/ld+json\" class=\"yoast-schema-graph\">{\"@context\":\"https:\/\/schema.org\",\"@graph\":[{\"@type\":\"WebPage\",\"@id\":\"https:\/\/www.distribucionarc.com\/fr\/producto\/maquina-de-mini-panqueques-50pcs\/\",\"url\":\"https:\/\/www.distribucionarc.com\/fr\/producto\/maquina-de-mini-panqueques-50pcs\/\",\"name\":\"M\u00e1quina de mini panqueques 50pcs - distribuci\u00f3n ARC\",\"isPartOf\":{\"@id\":\"https:\/\/www.distribucionarc.com\/de\/#website\"},\"primaryImageOfPage\":{\"@id\":\"https:\/\/www.distribucionarc.com\/fr\/producto\/maquina-de-mini-panqueques-50pcs\/#primaryimage\"},\"image\":{\"@id\":\"https:\/\/www.distribucionarc.com\/fr\/producto\/maquina-de-mini-panqueques-50pcs\/#primaryimage\"},\"thumbnailUrl\":\"https:\/\/distribucionarc.com\/wp-content\/uploads\/2020\/08\/M\u00e1quina-de-mini-panqueques-50pcs-0.jpg\",\"datePublished\":\"2020-08-24T15:07:04+00:00\",\"dateModified\":\"2020-11-17T07:49:05+00:00\",\"breadcrumb\":{\"@id\":\"https:\/\/www.distribucionarc.com\/fr\/producto\/maquina-de-mini-panqueques-50pcs\/#breadcrumb\"},\"inLanguage\":\"fr-FR\",\"potentialAction\":[{\"@type\":\"ReadAction\",\"target\":[\"https:\/\/www.distribucionarc.com\/fr\/producto\/maquina-de-mini-panqueques-50pcs\/\"]}]},{\"@type\":\"ImageObject\",\"inLanguage\":\"fr-FR\",\"@id\":\"https:\/\/www.distribucionarc.com\/fr\/producto\/maquina-de-mini-panqueques-50pcs\/#primaryimage\",\"url\":\"https:\/\/distribucionarc.com\/wp-content\/uploads\/2020\/08\/M\u00e1quina-de-mini-panqueques-50pcs-0.jpg\",\"contentUrl\":\"https:\/\/distribucionarc.com\/wp-content\/uploads\/2020\/08\/M\u00e1quina-de-mini-panqueques-50pcs-0.jpg\",\"width\":1600,\"height\":1600,\"caption\":\"M\u00e1quina de mini panqueques 50pcs\"},{\"@type\":\"BreadcrumbList\",\"@id\":\"https:\/\/www.distribucionarc.com\/fr\/producto\/maquina-de-mini-panqueques-50pcs\/#breadcrumb\",\"itemListElement\":[{\"@type\":\"ListItem\",\"position\":1,\"name\":\"Portada\",\"item\":\"https:\/\/www.distribucionarc.com\/en\/\"},{\"@type\":\"ListItem\",\"position\":2,\"name\":\"Products\",\"item\":\"https:\/\/www.distribucionarc.com\/en\/shop\/\"},{\"@type\":\"ListItem\",\"position\":3,\"name\":\"M\u00e1quina de mini panqueques 50pcs\"}]},{\"@type\":\"WebSite\",\"@id\":\"https:\/\/www.distribucionarc.com\/de\/#website\",\"url\":\"https:\/\/www.distribucionarc.com\/de\/\",\"name\":\"distribuci\u00f3n ARC\",\"description\":\"Empresa especializada en la fabricaci\u00f3n y distribuci\u00f3n de maquinaria industrial, selladoras de latas, Maquinas de hacer pastillas, Maquinas de cortar carne...\",\"publisher\":{\"@id\":\"https:\/\/www.distribucionarc.com\/de\/#organization\"},\"potentialAction\":[{\"@type\":\"SearchAction\",\"target\":{\"@type\":\"EntryPoint\",\"urlTemplate\":\"https:\/\/www.distribucionarc.com\/de\/?s={search_term_string}\"},\"query-input\":{\"@type\":\"PropertyValueSpecification\",\"valueRequired\":true,\"valueName\":\"search_term_string\"}}],\"inLanguage\":\"fr-FR\"},{\"@type\":\"Organization\",\"@id\":\"https:\/\/www.distribucionarc.com\/de\/#organization\",\"name\":\"Distribuci\u00f3n ARC\",\"url\":\"https:\/\/www.distribucionarc.com\/de\/\",\"logo\":{\"@type\":\"ImageObject\",\"inLanguage\":\"fr-FR\",\"@id\":\"https:\/\/www.distribucionarc.com\/de\/#\/schema\/logo\/image\/\",\"url\":\"https:\/\/distribucionarc.com\/wp-content\/uploads\/2024\/10\/distribucion-ARC-COLOR-SIN-FONDO-e1732295305345.png\",\"contentUrl\":\"https:\/\/distribucionarc.com\/wp-content\/uploads\/2024\/10\/distribucion-ARC-COLOR-SIN-FONDO-e1732295305345.png\",\"width\":1164,\"height\":558,\"caption\":\"Distribuci\u00f3n ARC\"},\"image\":{\"@id\":\"https:\/\/www.distribucionarc.com\/de\/#\/schema\/logo\/image\/\"},\"description\":\"Empresa especializada en la fabricaci\u00f3n y distribuci\u00f3n de maquinaria industrial para los sectores alimentario y farmac\u00e9utico. Nos especializamos en: M\u00e1quinas de cortar carne Fabricaci\u00f3n de comprimidos Sistemas de transporte industrial L\u00edneas de embotellado Dosificadores Y mucho m\u00e1s... Ofrecemos soluciones innovadoras y personalizadas para optimizar los procesos productivos de tu empresa.\",\"email\":\"Admistracion@distribucionarc.com\",\"telephone\":\"+34 643496664\",\"legalName\":\"ARC TECH SOLUTIONS\",\"foundingDate\":\"2024-04-09\",\"vatID\":\"B55480172\",\"numberOfEmployees\":{\"@type\":\"QuantitativeValue\",\"minValue\":\"1\",\"maxValue\":\"10\"}}]}<\/script>\n<!-- \/ Yoast SEO Premium plugin. -->","yoast_head_json":{"title":"Mini machine \u00e0 cr\u00eapes 50pcs - ARC distribution","robots":{"index":"index","follow":"follow","max-snippet":"max-snippet:-1","max-image-preview":"max-image-preview:large","max-video-preview":"max-video-preview:-1"},"canonical":"https:\/\/www.distribucionarc.com\/fr\/producto\/maquina-de-mini-panqueques-50pcs\/","og_locale":"fr_FR","og_type":"article","og_title":"M\u00e1quina de mini panqueques 50pcs","og_description":"M\u00e1quina de mini panqueques 50pcs Gofrera profesional\u00a0ARC Peque\u00f1os panqueques esponjosos con una textura ligera y esponjosa. Perfecto para el desayuno o como aperitivo. Con esta\u00a0gofrera profesional\u00a0ARCMP1, puede hornear hasta 50 tortitas peque\u00f1as a la vez en s\u00f3lo 3-5 minutos, por lo que es m\u00e1s c\u00f3modo para usted servir este aperitivo r\u00e1pidamente sin hacer esperar a sus clientes. Garant\u00eda\u00a0ARC 2 A\u00d1OS Maquina de Panqueques eficiente, bajo consumo 1450 W soporte t\u00e9cnico incluido.","og_url":"https:\/\/www.distribucionarc.com\/fr\/producto\/maquina-de-mini-panqueques-50pcs\/","og_site_name":"distribuci\u00f3n ARC","article_modified_time":"2020-11-17T07:49:05+00:00","og_image":[{"width":1600,"height":1600,"url":"https:\/\/distribucionarc.com\/wp-content\/uploads\/2020\/08\/M\u00e1quina-de-mini-panqueques-50pcs-0.jpg","type":"image\/jpeg"}],"twitter_card":"summary_large_image","twitter_misc":{"Dur\u00e9e de lecture estim\u00e9e":"1 minute"},"schema":{"@context":"https:\/\/schema.org","@graph":[{"@type":"WebPage","@id":"https:\/\/www.distribucionarc.com\/fr\/producto\/maquina-de-mini-panqueques-50pcs\/","url":"https:\/\/www.distribucionarc.com\/fr\/producto\/maquina-de-mini-panqueques-50pcs\/","name":"Mini machine \u00e0 cr\u00eapes 50pcs - ARC distribution","isPartOf":{"@id":"https:\/\/www.distribucionarc.com\/de\/#website"},"primaryImageOfPage":{"@id":"https:\/\/www.distribucionarc.com\/fr\/producto\/maquina-de-mini-panqueques-50pcs\/#primaryimage"},"image":{"@id":"https:\/\/www.distribucionarc.com\/fr\/producto\/maquina-de-mini-panqueques-50pcs\/#primaryimage"},"thumbnailUrl":"https:\/\/distribucionarc.com\/wp-content\/uploads\/2020\/08\/M\u00e1quina-de-mini-panqueques-50pcs-0.jpg","datePublished":"2020-08-24T15:07:04+00:00","dateModified":"2020-11-17T07:49:05+00:00","breadcrumb":{"@id":"https:\/\/www.distribucionarc.com\/fr\/producto\/maquina-de-mini-panqueques-50pcs\/#breadcrumb"},"inLanguage":"fr-FR","potentialAction":[{"@type":"ReadAction","target":["https:\/\/www.distribucionarc.com\/fr\/producto\/maquina-de-mini-panqueques-50pcs\/"]}]},{"@type":"ImageObject","inLanguage":"fr-FR","@id":"https:\/\/www.distribucionarc.com\/fr\/producto\/maquina-de-mini-panqueques-50pcs\/#primaryimage","url":"https:\/\/distribucionarc.com\/wp-content\/uploads\/2020\/08\/M\u00e1quina-de-mini-panqueques-50pcs-0.jpg","contentUrl":"https:\/\/distribucionarc.com\/wp-content\/uploads\/2020\/08\/M\u00e1quina-de-mini-panqueques-50pcs-0.jpg","width":1600,"height":1600,"caption":"M\u00e1quina de mini panqueques 50pcs"},{"@type":"BreadcrumbList","@id":"https:\/\/www.distribucionarc.com\/fr\/producto\/maquina-de-mini-panqueques-50pcs\/#breadcrumb","itemListElement":[{"@type":"ListItem","position":1,"name":"Portada","item":"https:\/\/www.distribucionarc.com\/en\/"},{"@type":"ListItem","position":2,"name":"Products","item":"https:\/\/www.distribucionarc.com\/en\/shop\/"},{"@type":"ListItem","position":3,"name":"M\u00e1quina de mini panqueques 50pcs"}]},{"@type":"WebSite","@id":"https:\/\/www.distribucionarc.com\/de\/#website","url":"https:\/\/www.distribucionarc.com\/de\/","name":"R\u00e9partition de l&#039;ARC","description":"Entreprise sp\u00e9cialis\u00e9e dans la fabrication et la distribution de machines industrielles, scelleuses de bo\u00eetes, machines \u00e0 comprim\u00e9s, machines \u00e0 d\u00e9couper la viande...","publisher":{"@id":"https:\/\/www.distribucionarc.com\/de\/#organization"},"potentialAction":[{"@type":"SearchAction","target":{"@type":"EntryPoint","urlTemplate":"https:\/\/www.distribucionarc.com\/de\/?s={search_term_string}"},"query-input":{"@type":"PropertyValueSpecification","valueRequired":true,"valueName":"search_term_string"}}],"inLanguage":"fr-FR"},{"@type":"Organization","@id":"https:\/\/www.distribucionarc.com\/de\/#organization","name":"Distribution ARC","url":"https:\/\/www.distribucionarc.com\/de\/","logo":{"@type":"ImageObject","inLanguage":"fr-FR","@id":"https:\/\/www.distribucionarc.com\/de\/#\/schema\/logo\/image\/","url":"https:\/\/distribucionarc.com\/wp-content\/uploads\/2024\/10\/distribucion-ARC-COLOR-SIN-FONDO-e1732295305345.png","contentUrl":"https:\/\/distribucionarc.com\/wp-content\/uploads\/2024\/10\/distribucion-ARC-COLOR-SIN-FONDO-e1732295305345.png","width":1164,"height":558,"caption":"Distribuci\u00f3n ARC"},"image":{"@id":"https:\/\/www.distribucionarc.com\/de\/#\/schema\/logo\/image\/"},"description":"Entreprise sp\u00e9cialis\u00e9e dans la fabrication et la distribution de machines industrielles pour les secteurs alimentaire et pharmaceutique. Nous sommes sp\u00e9cialis\u00e9s dans : Machines \u00e0 couper la viande Fabrication de comprim\u00e9s Syst\u00e8mes de transport industriel Lignes d'embouteillage Machines de dosage Et bien plus encore... Nous proposons des solutions innovantes et personnalis\u00e9es pour optimiser les processus de production de votre entreprise.","email":"Admistracion@distribucionarc.com","telephone":"+34 643496664","legalName":"ARC TECH SOLUTIONS","foundingDate":"2024-04-09","vatID":"B55480172","numberOfEmployees":{"@type":"QuantitativeValue","minValue":"1","maxValue":"10"}}]}},"_links":{"self":[{"href":"https:\/\/distribucionarc.com\/fr\/wp-json\/wp\/v2\/product\/2842","targetHints":{"allow":["GET"]}}],"collection":[{"href":"https:\/\/distribucionarc.com\/fr\/wp-json\/wp\/v2\/product"}],"about":[{"href":"https:\/\/distribucionarc.com\/fr\/wp-json\/wp\/v2\/types\/product"}],"replies":[{"embeddable":true,"href":"https:\/\/distribucionarc.com\/fr\/wp-json\/wp\/v2\/comments?post=2842"}],"version-history":[{"count":0,"href":"https:\/\/distribucionarc.com\/fr\/wp-json\/wp\/v2\/product\/2842\/revisions"}],"wp:featuredmedia":[{"embeddable":true,"href":"https:\/\/distribucionarc.com\/fr\/wp-json\/wp\/v2\/media\/2848"}],"wp:attachment":[{"href":"https:\/\/distribucionarc.com\/fr\/wp-json\/wp\/v2\/media?parent=2842"}],"wp:term":[{"taxonomy":"product_brand","embeddable":true,"href":"https:\/\/distribucionarc.com\/fr\/wp-json\/wp\/v2\/product_brand?post=2842"},{"taxonomy":"product_cat","embeddable":true,"href":"https:\/\/distribucionarc.com\/fr\/wp-json\/wp\/v2\/product_cat?post=2842"},{"taxonomy":"product_tag","embeddable":true,"href":"https:\/\/distribucionarc.com\/fr\/wp-json\/wp\/v2\/product_tag?post=2842"}],"curies":[{"name":"wp","href":"https:\/\/api.w.org\/{rel}","templated":true}]}}