{"id":2856,"date":"2020-08-25T09:32:15","date_gmt":"2020-08-25T09:32:15","guid":{"rendered":"https:\/\/distribucionarc.com\/?post_type=product&#038;p=2856"},"modified":"2020-10-01T11:10:14","modified_gmt":"2020-10-01T11:10:14","slug":"compteur-de-monnaie-professionnel-300-min","status":"publish","type":"product","link":"https:\/\/distribucionarc.com\/fr\/producto\/contador-de-monedas-profesional-300-min\/","title":{"rendered":"Compteuse de pi\u00e8ces professionnelle 300\/min\u00a0"},"content":{"rendered":"<h3>Compteuse de pi\u00e8ces professionnelle 300\/min<\/h3>\n<p>Il <strong>trieur de pi\u00e8ces <span style=\"color: #ff0000;\">\u00c0<\/span><span style=\"color: #0000ff;\">R.<\/span>c<\/strong> est un compteur de pi\u00e8ces \u00e9lectronique professionnel qui vous fera gagner du temps en s\u00e9parant et en comptant chaque pi\u00e8ce dans diff\u00e9rents compartiments, en affichant le nombre total et la somme unique de chaque valeur sur l&#039;\u00e9cran num\u00e9rique.<\/p>\n<p>La trieuse de pi\u00e8ces compte et trie automatiquement toutes les pi\u00e8ces en euros de 1 centime \u00e0 2 euros. Il <strong>compteur automatique <span style=\"color: #ff0000;\">\u00c0<\/span><span style=\"color: #0000ff;\">R.<\/span>CMCM300<\/strong> je peux compter <span style=\"color: #000000;\"><strong>300 pi\u00e8ces par minute<\/strong><\/span>, cela vous assure une machine rapide et efficace.<\/p>\n<p>Il dispose d&#039;un affichage num\u00e9rique, o\u00f9 vous pouvez calculer et afficher exactement le nombre total de chaque type de valeur. Il dispose de trois mod\u00e8les de comptage : comptage libre, comptage par lots et mode de comptage fixe.<\/p>\n<h6><b>Garantie<\/b><strong>\u00a0<\/strong><span style=\"color: #ff0000;\"><strong>\u00c0<\/strong><\/span><span style=\"color: #0000ff;\"><strong>R.<\/strong><\/span><strong>C 2 ANS<\/strong><\/h6>\n<h6><span style=\"color: #008000;\">Machine<b> Comptage efficace, faible consommation 40W<\/b><\/span><\/h6>\n<h6><b>support technique inclus.<\/b><\/h6>\n<p>&nbsp;<\/p>\n<table width=\"100%\">\n<tbody>\n<tr>\n<td>Marque:<\/td>\n<td width=\"32%\">ARC<\/td>\n<td>Poids:<\/td>\n<td width=\"30%\">3,9 kg<\/td>\n<\/tr>\n<tr>\n<td>Pays de distribution\u00a0:<\/td>\n<td width=\"32%\">Espagne, Allemagne, \u00c9tats-Unis<\/td>\n<td>Hauteur:<\/td>\n<td width=\"30%\">26 cm<\/td>\n<\/tr>\n<tr>\n<td>Couleur:<\/td>\n<td width=\"32%\">Noir<\/td>\n<td>Long:<\/td>\n<td width=\"30%\">39 cm<\/td>\n<\/tr>\n<tr>\n<td>Type de produit\u00a0:<\/td>\n<td width=\"32%\">Compteur de pi\u00e8ces<\/td>\n<td>Large:<\/td>\n<td width=\"30%\">30 cm<\/td>\n<\/tr>\n<tr>\n<td>Num\u00e9ro du fabricant :<\/td>\n<td width=\"32%\">ARCMCM300<\/td>\n<td>Vitesse de comptage\u00a0:<\/td>\n<td width=\"30%\">300 par minute<\/td>\n<\/tr>\n<tr>\n<td>\u00a0Garantie:<\/td>\n<td width=\"32%\">\u00a02 ANS<\/td>\n<td>Capacit\u00e9 du comptoir\u00a0:<\/td>\n<td width=\"30%\">700 (d\u00e9pend de la taille)<\/td>\n<\/tr>\n<tr>\n<td>Pouvoir:<\/td>\n<td width=\"32%\">40W<\/td>\n<td>Comprend\u00a0:<\/td>\n<td width=\"30%\">8 bo\u00eetes de collecte<\/td>\n<\/tr>\n<\/tbody>\n<\/table>","protected":false},"excerpt":{"rendered":"<h2>Compteuse de pi\u00e8ces professionnelle 300\/min<\/h2>\n<p style=\"margin: 0cm;\"><span style=\"font-family: 'Arial',sans-serif; color: black;\">Il<strong> compteur de pi\u00e8ces <span style=\"color: #ff0000;\">\u00c0<\/span><span style=\"color: #0000ff;\">R.<\/span>c<\/strong> Ils peuvent automatiquement classer et compter les pi\u00e8ces m\u00e9lang\u00e9es en temps r\u00e9el, et peuvent \u00e9galement classer et calculer le chiffre individuel de chaque pi\u00e8ce. Oubliez les trieuses de pi\u00e8ces bruyantes et encombrantes !<\/span><\/p>\n<h6><\/h6>\n<h6><b>Garantie<\/b><strong>\u00a0<\/strong><span style=\"color: #ff0000;\"><strong>\u00c0<\/strong><\/span><span style=\"color: #0000ff;\"><strong>R.<\/strong><\/span><strong>C 2 ANS<\/strong><\/h6>\n<h6><span style=\"color: #008000;\">Machine<b> Comptage efficace, faible consommation 40W<\/b><\/span><\/h6>\n<h6><b>support technique inclus.<\/b><\/h6>","protected":false},"featured_media":2865,"comment_status":"open","ping_status":"closed","template":"","meta":{"wds_primary_product_brand":0,"wds_primary_product_cat":0},"product_brand":[],"product_cat":[69],"product_tag":[],"class_list":{"0":"post-2856","1":"product","2":"type-product","3":"status-publish","4":"has-post-thumbnail","6":"product_cat-maquinas-variadas","7":"product_shipping_class-hosteleria","9":"first","10":"instock","11":"sale","12":"taxable","13":"shipping-taxable","14":"purchasable","15":"product-type-simple"},"yoast_head":"<!-- This site is optimized with the Yoast SEO Premium plugin v24.9 (Yoast SEO v26.1) - https:\/\/yoast.com\/wordpress\/plugins\/seo\/ -->\n<title>Contador de monedas profesional 300\/min\u00a0 - distribuci\u00f3n ARC<\/title>\n<meta name=\"robots\" content=\"index, follow, max-snippet:-1, max-image-preview:large, max-video-preview:-1\" \/>\n<link rel=\"canonical\" href=\"https:\/\/www.distribucionarc.com\/sk\/producto\/contador-de-monedas-profesional-300-min\/\" \/>\n<meta property=\"og:locale\" content=\"fr_FR\" \/>\n<meta property=\"og:type\" content=\"article\" \/>\n<meta property=\"og:title\" content=\"Contador de monedas profesional 300\/min\u00a0\" \/>\n<meta property=\"og:description\" content=\"Contador de monedas profesional 300\/min El contador de monedas ARC pueden clasificar y contar autom\u00e1ticamente monedas mixtas en tiempo real, adem\u00e1s puede clasificar y calcular la cifra individual de cada moneda. \u00a1Olv\u00eddese de los clasificadores de monedas ruidosos y voluminosos!   Garant\u00eda\u00a0ARC 2 A\u00d1OS M\u00e1quina de conteo eficiente, bajo consumo 40 W soporte t\u00e9cnico incluido.\" \/>\n<meta property=\"og:url\" content=\"https:\/\/www.distribucionarc.com\/sk\/producto\/contador-de-monedas-profesional-300-min\/\" \/>\n<meta property=\"og:site_name\" content=\"distribuci\u00f3n ARC\" \/>\n<meta property=\"article:modified_time\" content=\"2020-10-01T11:10:14+00:00\" \/>\n<meta property=\"og:image\" content=\"https:\/\/www.distribucionarc.com\/wp-content\/uploads\/2020\/08\/Contador-de-monedas-profesional-300min-0.jpg\" \/>\n\t<meta property=\"og:image:width\" content=\"1600\" \/>\n\t<meta property=\"og:image:height\" content=\"1600\" \/>\n\t<meta property=\"og:image:type\" content=\"image\/jpeg\" \/>\n<meta name=\"twitter:card\" content=\"summary_large_image\" \/>\n<meta name=\"twitter:label1\" content=\"Dur\u00e9e de lecture estim\u00e9e\" \/>\n\t<meta name=\"twitter:data1\" content=\"1 minute\" \/>\n<script type=\"application\/ld+json\" class=\"yoast-schema-graph\">{\"@context\":\"https:\/\/schema.org\",\"@graph\":[{\"@type\":\"WebPage\",\"@id\":\"https:\/\/www.distribucionarc.com\/sk\/producto\/contador-de-monedas-profesional-300-min\/\",\"url\":\"https:\/\/www.distribucionarc.com\/sk\/producto\/contador-de-monedas-profesional-300-min\/\",\"name\":\"Contador de monedas profesional 300\/min\u00a0 - distribuci\u00f3n ARC\",\"isPartOf\":{\"@id\":\"https:\/\/distribucionarc.com\/pl\/#website\"},\"primaryImageOfPage\":{\"@id\":\"https:\/\/www.distribucionarc.com\/sk\/producto\/contador-de-monedas-profesional-300-min\/#primaryimage\"},\"image\":{\"@id\":\"https:\/\/www.distribucionarc.com\/sk\/producto\/contador-de-monedas-profesional-300-min\/#primaryimage\"},\"thumbnailUrl\":\"https:\/\/distribucionarc.com\/wp-content\/uploads\/2020\/08\/Contador-de-monedas-profesional-300min-0.jpg\",\"datePublished\":\"2020-08-25T09:32:15+00:00\",\"dateModified\":\"2020-10-01T11:10:14+00:00\",\"breadcrumb\":{\"@id\":\"https:\/\/www.distribucionarc.com\/sk\/producto\/contador-de-monedas-profesional-300-min\/#breadcrumb\"},\"inLanguage\":\"fr-FR\",\"potentialAction\":[{\"@type\":\"ReadAction\",\"target\":[\"https:\/\/www.distribucionarc.com\/sk\/producto\/contador-de-monedas-profesional-300-min\/\"]}]},{\"@type\":\"ImageObject\",\"inLanguage\":\"fr-FR\",\"@id\":\"https:\/\/www.distribucionarc.com\/sk\/producto\/contador-de-monedas-profesional-300-min\/#primaryimage\",\"url\":\"https:\/\/distribucionarc.com\/wp-content\/uploads\/2020\/08\/Contador-de-monedas-profesional-300min-0.jpg\",\"contentUrl\":\"https:\/\/distribucionarc.com\/wp-content\/uploads\/2020\/08\/Contador-de-monedas-profesional-300min-0.jpg\",\"width\":1600,\"height\":1600,\"caption\":\"Contador de monedas profesional 300\/min\u00a0\"},{\"@type\":\"BreadcrumbList\",\"@id\":\"https:\/\/www.distribucionarc.com\/sk\/producto\/contador-de-monedas-profesional-300-min\/#breadcrumb\",\"itemListElement\":[{\"@type\":\"ListItem\",\"position\":1,\"name\":\"Portada\",\"item\":\"https:\/\/www.distribucionarc.com\/tr\/\"},{\"@type\":\"ListItem\",\"position\":2,\"name\":\"Izdelki\",\"item\":\"https:\/\/www.distribucionarc.com\/sl\/trgovina\/\"},{\"@type\":\"ListItem\",\"position\":3,\"name\":\"Contador de monedas profesional 300\/min\u00a0\"}]},{\"@type\":\"WebSite\",\"@id\":\"https:\/\/distribucionarc.com\/pl\/#website\",\"url\":\"https:\/\/distribucionarc.com\/pl\/\",\"name\":\"distribuci\u00f3n ARC\",\"description\":\"Empresa especializada en la fabricaci\u00f3n y distribuci\u00f3n de maquinaria industrial, selladoras de latas, Maquinas de hacer pastillas, Maquinas de cortar carne...\",\"publisher\":{\"@id\":\"https:\/\/distribucionarc.com\/pl\/#organization\"},\"potentialAction\":[{\"@type\":\"SearchAction\",\"target\":{\"@type\":\"EntryPoint\",\"urlTemplate\":\"https:\/\/distribucionarc.com\/pl\/?s={search_term_string}\"},\"query-input\":{\"@type\":\"PropertyValueSpecification\",\"valueRequired\":true,\"valueName\":\"search_term_string\"}}],\"inLanguage\":\"fr-FR\"},{\"@type\":\"Organization\",\"@id\":\"https:\/\/distribucionarc.com\/pl\/#organization\",\"name\":\"Distribuci\u00f3n ARC\",\"url\":\"https:\/\/distribucionarc.com\/pl\/\",\"logo\":{\"@type\":\"ImageObject\",\"inLanguage\":\"fr-FR\",\"@id\":\"https:\/\/distribucionarc.com\/pl\/#\/schema\/logo\/image\/\",\"url\":\"https:\/\/distribucionarc.com\/wp-content\/uploads\/2024\/10\/distribucion-ARC-COLOR-SIN-FONDO-e1732295305345.png\",\"contentUrl\":\"https:\/\/distribucionarc.com\/wp-content\/uploads\/2024\/10\/distribucion-ARC-COLOR-SIN-FONDO-e1732295305345.png\",\"width\":1164,\"height\":558,\"caption\":\"Distribuci\u00f3n ARC\"},\"image\":{\"@id\":\"https:\/\/distribucionarc.com\/pl\/#\/schema\/logo\/image\/\"},\"description\":\"Empresa especializada en la fabricaci\u00f3n y distribuci\u00f3n de maquinaria industrial para los sectores alimentario y farmac\u00e9utico. Nos especializamos en: M\u00e1quinas de cortar carne Fabricaci\u00f3n de comprimidos Sistemas de transporte industrial L\u00edneas de embotellado Dosificadores Y mucho m\u00e1s... Ofrecemos soluciones innovadoras y personalizadas para optimizar los procesos productivos de tu empresa.\",\"email\":\"Admistracion@distribucionarc.com\",\"telephone\":\"+34 643496664\",\"legalName\":\"ARC TECH SOLUTIONS\",\"foundingDate\":\"2024-04-09\",\"vatID\":\"B55480172\",\"numberOfEmployees\":{\"@type\":\"QuantitativeValue\",\"minValue\":\"1\",\"maxValue\":\"10\"}}]}<\/script>\n<!-- \/ Yoast SEO Premium plugin. -->","yoast_head_json":{"title":"Compteuse de pi\u00e8ces professionnelle 300\/min - ARC distribution","robots":{"index":"index","follow":"follow","max-snippet":"max-snippet:-1","max-image-preview":"max-image-preview:large","max-video-preview":"max-video-preview:-1"},"canonical":"https:\/\/www.distribucionarc.com\/sk\/producto\/contador-de-monedas-profesional-300-min\/","og_locale":"fr_FR","og_type":"article","og_title":"Contador de monedas profesional 300\/min\u00a0","og_description":"Contador de monedas profesional 300\/min El contador de monedas ARC pueden clasificar y contar autom\u00e1ticamente monedas mixtas en tiempo real, adem\u00e1s puede clasificar y calcular la cifra individual de cada moneda. \u00a1Olv\u00eddese de los clasificadores de monedas ruidosos y voluminosos!   Garant\u00eda\u00a0ARC 2 A\u00d1OS M\u00e1quina de conteo eficiente, bajo consumo 40 W soporte t\u00e9cnico incluido.","og_url":"https:\/\/www.distribucionarc.com\/sk\/producto\/contador-de-monedas-profesional-300-min\/","og_site_name":"distribuci\u00f3n ARC","article_modified_time":"2020-10-01T11:10:14+00:00","og_image":[{"width":1600,"height":1600,"url":"https:\/\/www.distribucionarc.com\/wp-content\/uploads\/2020\/08\/Contador-de-monedas-profesional-300min-0.jpg","type":"image\/jpeg"}],"twitter_card":"summary_large_image","twitter_misc":{"Dur\u00e9e de lecture estim\u00e9e":"1 minute"},"schema":{"@context":"https:\/\/schema.org","@graph":[{"@type":"WebPage","@id":"https:\/\/www.distribucionarc.com\/sk\/producto\/contador-de-monedas-profesional-300-min\/","url":"https:\/\/www.distribucionarc.com\/sk\/producto\/contador-de-monedas-profesional-300-min\/","name":"Compteuse de pi\u00e8ces professionnelle 300\/min - ARC distribution","isPartOf":{"@id":"https:\/\/distribucionarc.com\/pl\/#website"},"primaryImageOfPage":{"@id":"https:\/\/www.distribucionarc.com\/sk\/producto\/contador-de-monedas-profesional-300-min\/#primaryimage"},"image":{"@id":"https:\/\/www.distribucionarc.com\/sk\/producto\/contador-de-monedas-profesional-300-min\/#primaryimage"},"thumbnailUrl":"https:\/\/distribucionarc.com\/wp-content\/uploads\/2020\/08\/Contador-de-monedas-profesional-300min-0.jpg","datePublished":"2020-08-25T09:32:15+00:00","dateModified":"2020-10-01T11:10:14+00:00","breadcrumb":{"@id":"https:\/\/www.distribucionarc.com\/sk\/producto\/contador-de-monedas-profesional-300-min\/#breadcrumb"},"inLanguage":"fr-FR","potentialAction":[{"@type":"ReadAction","target":["https:\/\/www.distribucionarc.com\/sk\/producto\/contador-de-monedas-profesional-300-min\/"]}]},{"@type":"ImageObject","inLanguage":"fr-FR","@id":"https:\/\/www.distribucionarc.com\/sk\/producto\/contador-de-monedas-profesional-300-min\/#primaryimage","url":"https:\/\/distribucionarc.com\/wp-content\/uploads\/2020\/08\/Contador-de-monedas-profesional-300min-0.jpg","contentUrl":"https:\/\/distribucionarc.com\/wp-content\/uploads\/2020\/08\/Contador-de-monedas-profesional-300min-0.jpg","width":1600,"height":1600,"caption":"Contador de monedas profesional 300\/min\u00a0"},{"@type":"BreadcrumbList","@id":"https:\/\/www.distribucionarc.com\/sk\/producto\/contador-de-monedas-profesional-300-min\/#breadcrumb","itemListElement":[{"@type":"ListItem","position":1,"name":"Portada","item":"https:\/\/www.distribucionarc.com\/tr\/"},{"@type":"ListItem","position":2,"name":"Izdelki","item":"https:\/\/www.distribucionarc.com\/sl\/trgovina\/"},{"@type":"ListItem","position":3,"name":"Contador de monedas profesional 300\/min\u00a0"}]},{"@type":"WebSite","@id":"https:\/\/distribucionarc.com\/pl\/#website","url":"https:\/\/distribucionarc.com\/pl\/","name":"R\u00e9partition de l&#039;ARC","description":"Entreprise sp\u00e9cialis\u00e9e dans la fabrication et la distribution de machines industrielles, scelleuses de bo\u00eetes, machines \u00e0 comprim\u00e9s, machines \u00e0 d\u00e9couper la viande...","publisher":{"@id":"https:\/\/distribucionarc.com\/pl\/#organization"},"potentialAction":[{"@type":"SearchAction","target":{"@type":"EntryPoint","urlTemplate":"https:\/\/distribucionarc.com\/pl\/?s={search_term_string}"},"query-input":{"@type":"PropertyValueSpecification","valueRequired":true,"valueName":"search_term_string"}}],"inLanguage":"fr-FR"},{"@type":"Organization","@id":"https:\/\/distribucionarc.com\/pl\/#organization","name":"Distribution ARC","url":"https:\/\/distribucionarc.com\/pl\/","logo":{"@type":"ImageObject","inLanguage":"fr-FR","@id":"https:\/\/distribucionarc.com\/pl\/#\/schema\/logo\/image\/","url":"https:\/\/distribucionarc.com\/wp-content\/uploads\/2024\/10\/distribucion-ARC-COLOR-SIN-FONDO-e1732295305345.png","contentUrl":"https:\/\/distribucionarc.com\/wp-content\/uploads\/2024\/10\/distribucion-ARC-COLOR-SIN-FONDO-e1732295305345.png","width":1164,"height":558,"caption":"Distribuci\u00f3n ARC"},"image":{"@id":"https:\/\/distribucionarc.com\/pl\/#\/schema\/logo\/image\/"},"description":"Entreprise sp\u00e9cialis\u00e9e dans la fabrication et la distribution de machines industrielles pour les secteurs alimentaire et pharmaceutique. Nous sommes sp\u00e9cialis\u00e9s dans : Machines \u00e0 couper la viande Fabrication de comprim\u00e9s Syst\u00e8mes de transport industriel Lignes d'embouteillage Machines de dosage Et bien plus encore... Nous proposons des solutions innovantes et personnalis\u00e9es pour optimiser les processus de production de votre entreprise.","email":"Admistracion@distribucionarc.com","telephone":"+34 643496664","legalName":"ARC TECH SOLUTIONS","foundingDate":"2024-04-09","vatID":"B55480172","numberOfEmployees":{"@type":"QuantitativeValue","minValue":"1","maxValue":"10"}}]}},"_links":{"self":[{"href":"https:\/\/distribucionarc.com\/fr\/wp-json\/wp\/v2\/product\/2856","targetHints":{"allow":["GET"]}}],"collection":[{"href":"https:\/\/distribucionarc.com\/fr\/wp-json\/wp\/v2\/product"}],"about":[{"href":"https:\/\/distribucionarc.com\/fr\/wp-json\/wp\/v2\/types\/product"}],"replies":[{"embeddable":true,"href":"https:\/\/distribucionarc.com\/fr\/wp-json\/wp\/v2\/comments?post=2856"}],"version-history":[{"count":0,"href":"https:\/\/distribucionarc.com\/fr\/wp-json\/wp\/v2\/product\/2856\/revisions"}],"wp:featuredmedia":[{"embeddable":true,"href":"https:\/\/distribucionarc.com\/fr\/wp-json\/wp\/v2\/media\/2865"}],"wp:attachment":[{"href":"https:\/\/distribucionarc.com\/fr\/wp-json\/wp\/v2\/media?parent=2856"}],"wp:term":[{"taxonomy":"product_brand","embeddable":true,"href":"https:\/\/distribucionarc.com\/fr\/wp-json\/wp\/v2\/product_brand?post=2856"},{"taxonomy":"product_cat","embeddable":true,"href":"https:\/\/distribucionarc.com\/fr\/wp-json\/wp\/v2\/product_cat?post=2856"},{"taxonomy":"product_tag","embeddable":true,"href":"https:\/\/distribucionarc.com\/fr\/wp-json\/wp\/v2\/product_tag?post=2856"}],"curies":[{"name":"wp","href":"https:\/\/api.w.org\/{rel}","templated":true}]}}