{"id":288,"date":"2020-04-16T17:00:25","date_gmt":"2020-04-16T17:00:25","guid":{"rendered":"https:\/\/distribucionarc.com\/?post_type=product&#038;p=288"},"modified":"2025-05-09T14:33:02","modified_gmt":"2025-05-09T12:33:02","slug":"distributeur-dembouteillage-pour-produits-denses-et-pateux-50ml-%f0%9f%a7%b4-pneumatique","status":"publish","type":"product","link":"https:\/\/distribucionarc.com\/fr\/producto\/dosificadora-embotelladora-productos-densos-y-pastosos-50ml-%f0%9f%a7%b4-neumatica\/","title":{"rendered":"Distribution, Embouteillage de Produits Denses et Visqueux 50 ml Pneumatique"},"content":{"rendered":"<h2 data-start=\"430\" data-end=\"499\">\ud83c\udfaf Remplisseuse pneumatique compacte pour liquides visqueux \u2013 5 \u00e0 50 ml<\/h2>\n<p data-start=\"501\" data-end=\"810\">Le <strong data-start=\"504\" data-end=\"535\">remplisseuse pneumatique 5\u201350 ml<\/strong> C&#039;est le plus compact, le plus l\u00e9ger et le plus maniable de toute la gamme. Sp\u00e9cialement con\u00e7u pour le remplissage <strong data-start=\"641\" data-end=\"678\">liquides de viscosit\u00e9 moyenne \u00e0 \u00e9lev\u00e9e<\/strong>, permet un <strong data-start=\"692\" data-end=\"745\">dosage pr\u00e9cis, rapide et sans tracas<\/strong>, gr\u00e2ce \u00e0 son syst\u00e8me de piston pneumatique \u00e0 r\u00e9gulation manuelle.<\/p>\n<p data-start=\"812\" data-end=\"1132\">Il est id\u00e9al pour les ateliers, les laboratoires et les fabricants qui travaillent avec de petites doses et ont besoin <strong data-start=\"907\" data-end=\"941\">flexibilit\u00e9 et nettoyage rapide<\/strong> entre un produit et un autre. \u00c0 travers un <strong data-start=\"983\" data-end=\"1018\">tourniquet \u00e0 r\u00e9glage manuel<\/strong>, l&#039;utilisateur peut ajuster pr\u00e9cis\u00e9ment le volume \u00e0 distribuer, en gardant un contr\u00f4le total sur le remplissage.<\/p>\n<p data-start=\"1134\" data-end=\"1408\">L\u2019un de ses plus grands avantages est son <strong data-start=\"1168\" data-end=\"1193\">facilit\u00e9 de nettoyage<\/strong>. Avec un design simple et accessible, <strong data-start=\"1239\" data-end=\"1319\">Les pi\u00e8ces en contact avec le produit peuvent \u00eatre d\u00e9mont\u00e9es et lav\u00e9es en quelques minutes seulement.<\/strong>, ce qui permet <strong data-start=\"1336\" data-end=\"1407\">changer de produit rapidement sans risque de contamination crois\u00e9e<\/strong>.<\/p>\n<h3 data-start=\"1410\" data-end=\"1446\">\u2705 Exemples de produits id\u00e9aux :<\/h3>\n<ul data-start=\"1448\" data-end=\"1700\">\n<li data-start=\"1448\" data-end=\"1485\">\n<p data-start=\"1450\" data-end=\"1485\">\ud83d\udc84 <strong data-start=\"1453\" data-end=\"1485\">Bases de maquillage liquides<\/strong><\/p>\n<\/li>\n<li data-start=\"1486\" data-end=\"1511\">\n<p data-start=\"1488\" data-end=\"1511\">\ud83d\udc85 <strong data-start=\"1491\" data-end=\"1511\">Vernis \u00e0 ongles<\/strong><\/p>\n<\/li>\n<li data-start=\"1512\" data-end=\"1560\">\n<p data-start=\"1514\" data-end=\"1560\">\ud83d\udd8b\ufe0f <strong data-start=\"1518\" data-end=\"1560\">Encres, colorants, pigments liquides<\/strong><\/p>\n<\/li>\n<li data-start=\"1561\" data-end=\"1601\">\n<p data-start=\"1563\" data-end=\"1601\">\ud83e\uddf4 <strong data-start=\"1566\" data-end=\"1601\">Gels l\u00e9gers, s\u00e9rums, lotions<\/strong><\/p>\n<\/li>\n<li data-start=\"1602\" data-end=\"1645\">\n<p data-start=\"1604\" data-end=\"1645\">\ud83e\uddec <strong data-start=\"1607\" data-end=\"1645\">R\u00e9actifs chimiques ou pharmaceutiques<\/strong><\/p>\n<\/li>\n<li data-start=\"1646\" data-end=\"1700\">\n<p data-start=\"1648\" data-end=\"1700\">\ud83c\udf6f <strong data-start=\"1651\" data-end=\"1700\">\u00c9chantillons de miel liquide ou de sirops sans grumeaux<\/strong><\/p>\n<\/li>\n<\/ul>\n<h3 data-start=\"1702\" data-end=\"1749\">\ud83d\udd01 Exemples de changements rapides de produits :<\/h3>\n<ul data-start=\"1751\" data-end=\"1967\">\n<li data-start=\"1751\" data-end=\"1809\">\n<p data-start=\"1753\" data-end=\"1809\">De <strong data-start=\"1756\" data-end=\"1780\">\u00e9mail transparent<\/strong> \u00e0 <strong data-start=\"1783\" data-end=\"1807\">\u00e9mail avec pigment<\/strong><\/p>\n<\/li>\n<li data-start=\"1810\" data-end=\"1849\">\n<p data-start=\"1812\" data-end=\"1849\">De <strong data-start=\"1815\" data-end=\"1830\">encre noire<\/strong> \u00e0 <strong data-start=\"1833\" data-end=\"1847\">encre rouge<\/strong><\/p>\n<\/li>\n<li data-start=\"1850\" data-end=\"1905\">\n<p data-start=\"1852\" data-end=\"1905\">De <strong data-start=\"1855\" data-end=\"1879\">gel cosm\u00e9tique neutre<\/strong> \u00e0 <strong data-start=\"1882\" data-end=\"1903\">gel parfum\u00e9<\/strong><\/p>\n<\/li>\n<li data-start=\"1906\" data-end=\"1967\">\n<p data-start=\"1908\" data-end=\"1967\">De <strong data-start=\"1911\" data-end=\"1944\">\u00e9chantillons de sirop sans sucre<\/strong> \u00e0 <strong data-start=\"1947\" data-end=\"1967\">sirop aromatis\u00e9<\/strong><\/p>\n<\/li>\n<\/ul>\n<p data-start=\"1969\" data-end=\"2161\">Merci \u00e0 votre <strong data-start=\"1982\" data-end=\"2000\">tr\u00e9mie de 10 kg<\/strong>, gr\u00e2ce \u00e0 sa conception compacte et \u00e0 sa structure en acier inoxydable 304, cette machine est parfaite pour la production en petits lots, l&#039;\u00e9chantillonnage ou les produits \u00e0 forte rotation.<\/p>\n<hr data-start=\"2163\" data-end=\"2166\" \/>\n<h3 data-start=\"2168\" data-end=\"2197\">Sp\u00e9cifications techniques<\/h3>\n<div class=\"_tableContainer_16hzy_1\">\n<div class=\"_tableWrapper_16hzy_14 group flex w-fit flex-col-reverse\" tabindex=\"-1\">\n<table class=\"w-fit min-w-(--thread-content-width)\" data-start=\"2199\" data-end=\"3626\">\n<thead data-start=\"2199\" data-end=\"2274\">\n<tr data-start=\"2199\" data-end=\"2274\">\n<th data-start=\"2199\" data-end=\"2233\" data-col-size=\"sm\">Fonctionnalit\u00e9<\/th>\n<th data-start=\"2233\" data-end=\"2274\" data-col-size=\"md\">D\u00e9tail<\/th>\n<\/tr>\n<\/thead>\n<tbody data-start=\"2351\" data-end=\"3626\">\n<tr data-start=\"2351\" data-end=\"2439\">\n<td data-start=\"2351\" data-end=\"2385\" data-col-size=\"sm\">Type de machine<\/td>\n<td data-col-size=\"md\" data-start=\"2385\" data-end=\"2439\">Remplisseuse pneumatique manuelle pour petits volumes<\/td>\n<\/tr>\n<tr data-start=\"2440\" data-end=\"2516\">\n<td data-start=\"2440\" data-end=\"2474\" data-col-size=\"sm\">Type de produits<\/td>\n<td data-col-size=\"md\" data-start=\"2474\" data-end=\"2516\">Liquides visqueux sans particules<\/td>\n<\/tr>\n<tr data-start=\"2517\" data-end=\"2601\">\n<td data-start=\"2517\" data-end=\"2551\" data-col-size=\"sm\">Applications<\/td>\n<td data-col-size=\"md\" data-start=\"2551\" data-end=\"2601\">Cosm\u00e9tique, laboratoire, pharmacie, alimentation<\/td>\n<\/tr>\n<tr data-start=\"2602\" data-end=\"2691\">\n<td data-start=\"2602\" data-end=\"2636\" data-col-size=\"sm\">Produits compatibles<\/td>\n<td data-col-size=\"md\" data-start=\"2636\" data-end=\"2691\">Maquillage liquide, vernis \u00e0 ongles, encres, s\u00e9rums, gels<\/td>\n<\/tr>\n<tr data-start=\"2692\" data-end=\"2767\">\n<td data-start=\"2692\" data-end=\"2726\" data-col-size=\"sm\">Syst\u00e8me de remplissage<\/td>\n<td data-col-size=\"md\" data-start=\"2726\" data-end=\"2767\">Piston pneumatique \u00e0 r\u00e9gulation manuelle<\/td>\n<\/tr>\n<tr data-start=\"2768\" data-end=\"2844\">\n<td data-start=\"2768\" data-end=\"2802\" data-col-size=\"sm\">Plage de remplissage<\/td>\n<td data-col-size=\"md\" data-start=\"2802\" data-end=\"2844\">5 ml \u2013 50 ml<\/td>\n<\/tr>\n<tr data-start=\"2845\" data-end=\"2921\">\n<td data-start=\"2845\" data-end=\"2879\" data-col-size=\"sm\">Pr\u00e9cision de remplissage<\/td>\n<td data-col-size=\"md\" data-start=\"2879\" data-end=\"2921\">\u00b1 0,2 \u2013 1 ml<\/td>\n<\/tr>\n<tr data-start=\"2922\" data-end=\"2997\">\n<td data-start=\"2922\" data-end=\"2956\" data-col-size=\"sm\">Vitesse de production<\/td>\n<td data-col-size=\"md\" data-start=\"2956\" data-end=\"2997\">Jusqu&#039;\u00e0 40 coups par minute<\/td>\n<\/tr>\n<tr data-start=\"2998\" data-end=\"3074\">\n<td data-start=\"2998\" data-end=\"3032\" data-col-size=\"sm\">Pression de travail<\/td>\n<td data-col-size=\"md\" data-start=\"3032\" data-end=\"3074\">0,4 \u2013 0,6 MPa (58\u201387 PSI)<\/td>\n<\/tr>\n<tr data-start=\"3075\" data-end=\"3150\">\n<td data-start=\"3075\" data-end=\"3109\" data-col-size=\"sm\">Mode de fonctionnement<\/td>\n<td data-col-size=\"md\" data-start=\"3109\" data-end=\"3150\">Manuel avec puissance pneumatique<\/td>\n<\/tr>\n<tr data-start=\"3151\" data-end=\"3227\">\n<td data-start=\"3151\" data-end=\"3185\" data-col-size=\"sm\">Capacit\u00e9 de la tr\u00e9mie<\/td>\n<td data-col-size=\"md\" data-start=\"3185\" data-end=\"3227\">10 kg<\/td>\n<\/tr>\n<tr data-start=\"3228\" data-end=\"3303\">\n<td data-start=\"3228\" data-end=\"3262\" data-col-size=\"sm\">Mat\u00e9riau en contact<\/td>\n<td data-col-size=\"md\" data-start=\"3262\" data-end=\"3303\">Acier inoxydable 304<\/td>\n<\/tr>\n<tr data-start=\"3304\" data-end=\"3395\">\n<td data-start=\"3304\" data-end=\"3338\" data-col-size=\"sm\">Nettoyage<\/td>\n<td data-col-size=\"md\" data-start=\"3338\" data-end=\"3395\">D\u00e9montage tr\u00e8s facile et rapide pour les changements de produits<\/td>\n<\/tr>\n<tr data-start=\"3396\" data-end=\"3472\">\n<td data-start=\"3396\" data-end=\"3430\" data-col-size=\"sm\">Taille et portabilit\u00e9<\/td>\n<td data-col-size=\"md\" data-start=\"3430\" data-end=\"3472\">Compact et l\u00e9ger<\/td>\n<\/tr>\n<tr data-start=\"3473\" data-end=\"3549\">\n<td data-start=\"3473\" data-end=\"3507\" data-col-size=\"sm\">Certification<\/td>\n<td data-col-size=\"md\" data-start=\"3507\" data-end=\"3549\">CE (selon le mod\u00e8le)<\/td>\n<\/tr>\n<tr data-start=\"3550\" data-end=\"3626\">\n<td data-start=\"3550\" data-end=\"3584\" data-col-size=\"sm\">Assistance technique<\/td>\n<td data-col-size=\"md\" data-start=\"3584\" data-end=\"3626\">Y compris<\/td>\n<\/tr>\n<\/tbody>\n<\/table>\n<div class=\"sticky end-(--thread-content-margin) h-0 self-end select-none\">\n<div class=\"absolute end-0 flex items-end\"><\/div>\n<\/div>\n<\/div>\n<\/div>\n<p><iframe loading=\"lazy\" src=\"https:\/\/www.youtube.com\/embed\/Y7kk4IGd9fQ\" width=\"560\" height=\"315\" frameborder=\"0\" allowfullscreen=\"allowfullscreen\"><\/iframe><\/p>","protected":false},"excerpt":{"rendered":"<p>Nouvelle remplisseuse pneumatique adoptant une structure \u00e0 piston, sp\u00e9ciale pour les liquides visqueux, plage de remplissage de 5 \u27a1\ufe0f 50 ml. Largement utilis\u00e9 dans le remplissage de liquides, tels que : aliments liquides, huiles, shampoings, cr\u00e8mes et autres substances liquides et visqueuses. Il est applicable aux produits pharmaceutiques, cosm\u00e9tiques, alimentaires, pesticides, ainsi qu&#039;\u00e0 l&#039;industrie sp\u00e9ciale, c&#039;est sans aucun doute l&#039;\u00e9quipement semi-automatique id\u00e9al pour le remplissage de liquides visqueux pour les entreprises.<\/p>","protected":false},"featured_media":289,"comment_status":"open","ping_status":"closed","template":"","meta":{"wds_primary_product_brand":0,"wds_primary_product_cat":0},"product_brand":[],"product_cat":[18,20,74,73,75,320,321,29,21],"product_tag":[],"class_list":{"0":"post-288","1":"product","2":"type-product","3":"status-publish","4":"has-post-thumbnail","6":"product_cat-dosificadoras","7":"product_cat-dosificadoras-de-pastosos","8":"product_cat-llenadoras-de-botellas","9":"product_cat-llenadoras-de-liquidos","10":"product_cat-llenadoras-de-masas-y-salsas","11":"product_cat-llenadoras-de-liquidos-por-gravedad","12":"product_cat-llenadoras-de-piston","13":"product_cat-maquinas-industria-quimica","14":"product_cat-maquinas-llenadoras","15":"product_shipping_class-express","17":"first","18":"instock","19":"sale","20":"taxable","21":"shipping-taxable","22":"purchasable","23":"product-type-simple"},"yoast_head":"<!-- This site is optimized with the Yoast SEO Premium plugin v24.9 (Yoast SEO v26.1) - https:\/\/yoast.com\/wordpress\/plugins\/seo\/ -->\n<title>Dosificadora, Embotelladora Productos Densos y Viscosos 50 ml Neum\u00e1tica - distribuci\u00f3n ARC<\/title>\n<meta name=\"robots\" content=\"index, follow, max-snippet:-1, max-image-preview:large, max-video-preview:-1\" \/>\n<link rel=\"canonical\" href=\"https:\/\/distribucionarc.com\/fr\/produit\/distributeur-dembouteillage-pour-produits-denses-et-pateux-50ml-\ud83e\uddf4-pneumatique\/\" \/>\n<meta property=\"og:locale\" content=\"fr_FR\" \/>\n<meta property=\"og:type\" content=\"article\" \/>\n<meta property=\"og:title\" content=\"Dosificadora, Embotelladora Productos Densos y Viscosos 50 ml Neum\u00e1tica\" \/>\n<meta property=\"og:description\" content=\"Nueva m\u00e1quina de llenado neum\u00e1tico que adopta una estructura con pist\u00f3n, especial para l\u00edquidos viscosos, rango de llenado de 5 \u27a1\ufe0f 50 ml. Ampliamente utilizada en el llenado de l\u00edquidos, como: alimentos l\u00edquidos, aceites, champ\u00fa, cremas y otras sustancia l\u00edquidas y viscosas. Es aplicable a los productos farmac\u00e9uticos, cosm\u00e9ticos, alimentos, plaguicidas, as\u00ed como la industria especial, sin dudas este es el equipo semiautom\u00e1tico ideal para el llenado de l\u00edquidos viscosos para los negocios.\" \/>\n<meta property=\"og:url\" content=\"https:\/\/distribucionarc.com\/fr\/produit\/distributeur-dembouteillage-pour-produits-denses-et-pateux-50ml-\ud83e\uddf4-pneumatique\/\" \/>\n<meta property=\"og:site_name\" content=\"distribuci\u00f3n ARC\" \/>\n<meta property=\"article:modified_time\" content=\"2025-05-09T12:33:02+00:00\" \/>\n<meta property=\"og:image\" content=\"https:\/\/distribucionarc.com\/wp-content\/uploads\/2020\/04\/dosificadora_embotelladora_productos_densos_y_pastosos_50ml_neumatica_0.jpg\" \/>\n\t<meta property=\"og:image:width\" content=\"1001\" \/>\n\t<meta property=\"og:image:height\" content=\"1001\" \/>\n\t<meta property=\"og:image:type\" content=\"image\/jpeg\" \/>\n<meta name=\"twitter:card\" content=\"summary_large_image\" \/>\n<meta name=\"twitter:label1\" content=\"Dur\u00e9e de lecture estim\u00e9e\" \/>\n\t<meta name=\"twitter:data1\" content=\"2 minutes\" \/>\n<script type=\"application\/ld+json\" class=\"yoast-schema-graph\">{\"@context\":\"https:\/\/schema.org\",\"@graph\":[{\"@type\":\"WebPage\",\"@id\":\"https:\/\/distribucionarc.com\/producto\/dosificadora-embotelladora-productos-densos-y-pastosos-50ml-%f0%9f%a7%b4-neumatica\/\",\"url\":\"https:\/\/distribucionarc.com\/producto\/dosificadora-embotelladora-productos-densos-y-pastosos-50ml-%f0%9f%a7%b4-neumatica\/\",\"name\":\"Dosificadora, Embotelladora Productos Densos y Viscosos 50 ml Neum\u00e1tica - distribuci\u00f3n ARC\",\"isPartOf\":{\"@id\":\"https:\/\/www.distribucionarc.com\/sl\/#website\"},\"primaryImageOfPage\":{\"@id\":\"https:\/\/distribucionarc.com\/producto\/dosificadora-embotelladora-productos-densos-y-pastosos-50ml-%f0%9f%a7%b4-neumatica\/#primaryimage\"},\"image\":{\"@id\":\"https:\/\/distribucionarc.com\/producto\/dosificadora-embotelladora-productos-densos-y-pastosos-50ml-%f0%9f%a7%b4-neumatica\/#primaryimage\"},\"thumbnailUrl\":\"https:\/\/distribucionarc.com\/wp-content\/uploads\/2020\/04\/dosificadora_embotelladora_productos_densos_y_pastosos_50ml_neumatica_0.jpg\",\"datePublished\":\"2020-04-16T17:00:25+00:00\",\"dateModified\":\"2025-05-09T12:33:02+00:00\",\"breadcrumb\":{\"@id\":\"https:\/\/distribucionarc.com\/producto\/dosificadora-embotelladora-productos-densos-y-pastosos-50ml-%f0%9f%a7%b4-neumatica\/#breadcrumb\"},\"inLanguage\":\"fr-FR\",\"potentialAction\":[{\"@type\":\"ReadAction\",\"target\":[\"https:\/\/distribucionarc.com\/producto\/dosificadora-embotelladora-productos-densos-y-pastosos-50ml-%f0%9f%a7%b4-neumatica\/\"]}]},{\"@type\":\"ImageObject\",\"inLanguage\":\"fr-FR\",\"@id\":\"https:\/\/distribucionarc.com\/producto\/dosificadora-embotelladora-productos-densos-y-pastosos-50ml-%f0%9f%a7%b4-neumatica\/#primaryimage\",\"url\":\"https:\/\/distribucionarc.com\/wp-content\/uploads\/2020\/04\/dosificadora_embotelladora_productos_densos_y_pastosos_50ml_neumatica_0.jpg\",\"contentUrl\":\"https:\/\/distribucionarc.com\/wp-content\/uploads\/2020\/04\/dosificadora_embotelladora_productos_densos_y_pastosos_50ml_neumatica_0.jpg\",\"width\":1001,\"height\":1001,\"caption\":\"dosificadora_embotelladora_productos_densos_y_pastosos_50ml_neumatica\"},{\"@type\":\"BreadcrumbList\",\"@id\":\"https:\/\/distribucionarc.com\/producto\/dosificadora-embotelladora-productos-densos-y-pastosos-50ml-%f0%9f%a7%b4-neumatica\/#breadcrumb\",\"itemListElement\":[{\"@type\":\"ListItem\",\"position\":1,\"name\":\"Portada\",\"item\":\"https:\/\/www.distribucionarc.com\/\"},{\"@type\":\"ListItem\",\"position\":2,\"name\":\"\u00dcr\u00fcnler\",\"item\":\"https:\/\/www.distribucionarc.com\/tr\/magaza\/\"},{\"@type\":\"ListItem\",\"position\":3,\"name\":\"Dosificadora, Embotelladora Productos Densos y Viscosos 50 ml Neum\u00e1tica\"}]},{\"@type\":\"WebSite\",\"@id\":\"https:\/\/www.distribucionarc.com\/sl\/#website\",\"url\":\"https:\/\/www.distribucionarc.com\/sl\/\",\"name\":\"distribuci\u00f3n ARC\",\"description\":\"Empresa especializada en la fabricaci\u00f3n y distribuci\u00f3n de maquinaria industrial, selladoras de latas, Maquinas de hacer pastillas, Maquinas de cortar carne...\",\"publisher\":{\"@id\":\"https:\/\/www.distribucionarc.com\/sl\/#organization\"},\"potentialAction\":[{\"@type\":\"SearchAction\",\"target\":{\"@type\":\"EntryPoint\",\"urlTemplate\":\"https:\/\/www.distribucionarc.com\/sl\/?s={search_term_string}\"},\"query-input\":{\"@type\":\"PropertyValueSpecification\",\"valueRequired\":true,\"valueName\":\"search_term_string\"}}],\"inLanguage\":\"fr-FR\"},{\"@type\":\"Organization\",\"@id\":\"https:\/\/www.distribucionarc.com\/sl\/#organization\",\"name\":\"Distribuci\u00f3n ARC\",\"url\":\"https:\/\/www.distribucionarc.com\/sl\/\",\"logo\":{\"@type\":\"ImageObject\",\"inLanguage\":\"fr-FR\",\"@id\":\"https:\/\/www.distribucionarc.com\/sl\/#\/schema\/logo\/image\/\",\"url\":\"https:\/\/distribucionarc.com\/wp-content\/uploads\/2024\/10\/distribucion-ARC-COLOR-SIN-FONDO-e1732295305345.png\",\"contentUrl\":\"https:\/\/distribucionarc.com\/wp-content\/uploads\/2024\/10\/distribucion-ARC-COLOR-SIN-FONDO-e1732295305345.png\",\"width\":1164,\"height\":558,\"caption\":\"Distribuci\u00f3n ARC\"},\"image\":{\"@id\":\"https:\/\/www.distribucionarc.com\/sl\/#\/schema\/logo\/image\/\"},\"description\":\"Empresa especializada en la fabricaci\u00f3n y distribuci\u00f3n de maquinaria industrial para los sectores alimentario y farmac\u00e9utico. Nos especializamos en: M\u00e1quinas de cortar carne Fabricaci\u00f3n de comprimidos Sistemas de transporte industrial L\u00edneas de embotellado Dosificadores Y mucho m\u00e1s... Ofrecemos soluciones innovadoras y personalizadas para optimizar los procesos productivos de tu empresa.\",\"email\":\"Admistracion@distribucionarc.com\",\"telephone\":\"+34 643496664\",\"legalName\":\"ARC TECH SOLUTIONS\",\"foundingDate\":\"2024-04-09\",\"vatID\":\"B55480172\",\"numberOfEmployees\":{\"@type\":\"QuantitativeValue\",\"minValue\":\"1\",\"maxValue\":\"10\"}}]}<\/script>\n<!-- \/ Yoast SEO Premium plugin. -->","yoast_head_json":{"title":"Distribution, Embouteillage Produits Denses et Visqueux 50 ml Pneumatique - ARC distribution","robots":{"index":"index","follow":"follow","max-snippet":"max-snippet:-1","max-image-preview":"max-image-preview:large","max-video-preview":"max-video-preview:-1"},"canonical":"https:\/\/distribucionarc.com\/fr\/produit\/distributeur-dembouteillage-pour-produits-denses-et-pateux-50ml-\ud83e\uddf4-pneumatique\/","og_locale":"fr_FR","og_type":"article","og_title":"Dosificadora, Embotelladora Productos Densos y Viscosos 50 ml Neum\u00e1tica","og_description":"Nueva m\u00e1quina de llenado neum\u00e1tico que adopta una estructura con pist\u00f3n, especial para l\u00edquidos viscosos, rango de llenado de 5 \u27a1\ufe0f 50 ml. Ampliamente utilizada en el llenado de l\u00edquidos, como: alimentos l\u00edquidos, aceites, champ\u00fa, cremas y otras sustancia l\u00edquidas y viscosas. Es aplicable a los productos farmac\u00e9uticos, cosm\u00e9ticos, alimentos, plaguicidas, as\u00ed como la industria especial, sin dudas este es el equipo semiautom\u00e1tico ideal para el llenado de l\u00edquidos viscosos para los negocios.","og_url":"https:\/\/distribucionarc.com\/fr\/produit\/distributeur-dembouteillage-pour-produits-denses-et-pateux-50ml-\ud83e\uddf4-pneumatique\/","og_site_name":"distribuci\u00f3n ARC","article_modified_time":"2025-05-09T12:33:02+00:00","og_image":[{"width":1001,"height":1001,"url":"https:\/\/distribucionarc.com\/wp-content\/uploads\/2020\/04\/dosificadora_embotelladora_productos_densos_y_pastosos_50ml_neumatica_0.jpg","type":"image\/jpeg"}],"twitter_card":"summary_large_image","twitter_misc":{"Dur\u00e9e de lecture estim\u00e9e":"2 minutes"},"schema":{"@context":"https:\/\/schema.org","@graph":[{"@type":"WebPage","@id":"https:\/\/distribucionarc.com\/producto\/dosificadora-embotelladora-productos-densos-y-pastosos-50ml-%f0%9f%a7%b4-neumatica\/","url":"https:\/\/distribucionarc.com\/producto\/dosificadora-embotelladora-productos-densos-y-pastosos-50ml-%f0%9f%a7%b4-neumatica\/","name":"Distribution, Embouteillage Produits Denses et Visqueux 50 ml Pneumatique - ARC distribution","isPartOf":{"@id":"https:\/\/www.distribucionarc.com\/sl\/#website"},"primaryImageOfPage":{"@id":"https:\/\/distribucionarc.com\/producto\/dosificadora-embotelladora-productos-densos-y-pastosos-50ml-%f0%9f%a7%b4-neumatica\/#primaryimage"},"image":{"@id":"https:\/\/distribucionarc.com\/producto\/dosificadora-embotelladora-productos-densos-y-pastosos-50ml-%f0%9f%a7%b4-neumatica\/#primaryimage"},"thumbnailUrl":"https:\/\/distribucionarc.com\/wp-content\/uploads\/2020\/04\/dosificadora_embotelladora_productos_densos_y_pastosos_50ml_neumatica_0.jpg","datePublished":"2020-04-16T17:00:25+00:00","dateModified":"2025-05-09T12:33:02+00:00","breadcrumb":{"@id":"https:\/\/distribucionarc.com\/producto\/dosificadora-embotelladora-productos-densos-y-pastosos-50ml-%f0%9f%a7%b4-neumatica\/#breadcrumb"},"inLanguage":"fr-FR","potentialAction":[{"@type":"ReadAction","target":["https:\/\/distribucionarc.com\/producto\/dosificadora-embotelladora-productos-densos-y-pastosos-50ml-%f0%9f%a7%b4-neumatica\/"]}]},{"@type":"ImageObject","inLanguage":"fr-FR","@id":"https:\/\/distribucionarc.com\/producto\/dosificadora-embotelladora-productos-densos-y-pastosos-50ml-%f0%9f%a7%b4-neumatica\/#primaryimage","url":"https:\/\/distribucionarc.com\/wp-content\/uploads\/2020\/04\/dosificadora_embotelladora_productos_densos_y_pastosos_50ml_neumatica_0.jpg","contentUrl":"https:\/\/distribucionarc.com\/wp-content\/uploads\/2020\/04\/dosificadora_embotelladora_productos_densos_y_pastosos_50ml_neumatica_0.jpg","width":1001,"height":1001,"caption":"dosificadora_embotelladora_productos_densos_y_pastosos_50ml_neumatica"},{"@type":"BreadcrumbList","@id":"https:\/\/distribucionarc.com\/producto\/dosificadora-embotelladora-productos-densos-y-pastosos-50ml-%f0%9f%a7%b4-neumatica\/#breadcrumb","itemListElement":[{"@type":"ListItem","position":1,"name":"Portada","item":"https:\/\/www.distribucionarc.com\/"},{"@type":"ListItem","position":2,"name":"\u00dcr\u00fcnler","item":"https:\/\/www.distribucionarc.com\/tr\/magaza\/"},{"@type":"ListItem","position":3,"name":"Dosificadora, Embotelladora Productos Densos y Viscosos 50 ml Neum\u00e1tica"}]},{"@type":"WebSite","@id":"https:\/\/www.distribucionarc.com\/sl\/#website","url":"https:\/\/www.distribucionarc.com\/sl\/","name":"R\u00e9partition de l&#039;ARC","description":"Entreprise sp\u00e9cialis\u00e9e dans la fabrication et la distribution de machines industrielles, scelleuses de bo\u00eetes, machines \u00e0 comprim\u00e9s, machines \u00e0 d\u00e9couper la viande...","publisher":{"@id":"https:\/\/www.distribucionarc.com\/sl\/#organization"},"potentialAction":[{"@type":"SearchAction","target":{"@type":"EntryPoint","urlTemplate":"https:\/\/www.distribucionarc.com\/sl\/?s={search_term_string}"},"query-input":{"@type":"PropertyValueSpecification","valueRequired":true,"valueName":"search_term_string"}}],"inLanguage":"fr-FR"},{"@type":"Organization","@id":"https:\/\/www.distribucionarc.com\/sl\/#organization","name":"Distribution ARC","url":"https:\/\/www.distribucionarc.com\/sl\/","logo":{"@type":"ImageObject","inLanguage":"fr-FR","@id":"https:\/\/www.distribucionarc.com\/sl\/#\/schema\/logo\/image\/","url":"https:\/\/distribucionarc.com\/wp-content\/uploads\/2024\/10\/distribucion-ARC-COLOR-SIN-FONDO-e1732295305345.png","contentUrl":"https:\/\/distribucionarc.com\/wp-content\/uploads\/2024\/10\/distribucion-ARC-COLOR-SIN-FONDO-e1732295305345.png","width":1164,"height":558,"caption":"Distribuci\u00f3n ARC"},"image":{"@id":"https:\/\/www.distribucionarc.com\/sl\/#\/schema\/logo\/image\/"},"description":"Entreprise sp\u00e9cialis\u00e9e dans la fabrication et la distribution de machines industrielles pour les secteurs alimentaire et pharmaceutique. Nous sommes sp\u00e9cialis\u00e9s dans : Machines \u00e0 couper la viande Fabrication de comprim\u00e9s Syst\u00e8mes de transport industriel Lignes d'embouteillage Machines de dosage Et bien plus encore... Nous proposons des solutions innovantes et personnalis\u00e9es pour optimiser les processus de production de votre entreprise.","email":"Admistracion@distribucionarc.com","telephone":"+34 643496664","legalName":"ARC TECH SOLUTIONS","foundingDate":"2024-04-09","vatID":"B55480172","numberOfEmployees":{"@type":"QuantitativeValue","minValue":"1","maxValue":"10"}}]}},"_links":{"self":[{"href":"https:\/\/distribucionarc.com\/fr\/wp-json\/wp\/v2\/product\/288","targetHints":{"allow":["GET"]}}],"collection":[{"href":"https:\/\/distribucionarc.com\/fr\/wp-json\/wp\/v2\/product"}],"about":[{"href":"https:\/\/distribucionarc.com\/fr\/wp-json\/wp\/v2\/types\/product"}],"replies":[{"embeddable":true,"href":"https:\/\/distribucionarc.com\/fr\/wp-json\/wp\/v2\/comments?post=288"}],"version-history":[{"count":3,"href":"https:\/\/distribucionarc.com\/fr\/wp-json\/wp\/v2\/product\/288\/revisions"}],"predecessor-version":[{"id":17473,"href":"https:\/\/distribucionarc.com\/fr\/wp-json\/wp\/v2\/product\/288\/revisions\/17473"}],"wp:featuredmedia":[{"embeddable":true,"href":"https:\/\/distribucionarc.com\/fr\/wp-json\/wp\/v2\/media\/289"}],"wp:attachment":[{"href":"https:\/\/distribucionarc.com\/fr\/wp-json\/wp\/v2\/media?parent=288"}],"wp:term":[{"taxonomy":"product_brand","embeddable":true,"href":"https:\/\/distribucionarc.com\/fr\/wp-json\/wp\/v2\/product_brand?post=288"},{"taxonomy":"product_cat","embeddable":true,"href":"https:\/\/distribucionarc.com\/fr\/wp-json\/wp\/v2\/product_cat?post=288"},{"taxonomy":"product_tag","embeddable":true,"href":"https:\/\/distribucionarc.com\/fr\/wp-json\/wp\/v2\/product_tag?post=288"}],"curies":[{"name":"wp","href":"https:\/\/api.w.org\/{rel}","templated":true}]}}