{"id":2881,"date":"2020-08-25T11:44:51","date_gmt":"2020-08-25T11:44:51","guid":{"rendered":"https:\/\/distribucionarc.com\/?post_type=product&#038;p=2881"},"modified":"2020-10-01T11:17:22","modified_gmt":"2020-10-01T11:17:22","slug":"denudage-de-cable-automatique-15-38mm-2","status":"publish","type":"product","link":"https:\/\/distribucionarc.com\/fr\/producto\/peladora-de-cables-automatica-15-38mm\/","title":{"rendered":"D\u00e9nudeur de c\u00e2ble automatique 1,5 \u2013 38 mm"},"content":{"rendered":"<h3>D\u00e9nudeur de c\u00e2ble automatique 1,5 \u2013 38 mm<\/h3>\n<p>La conception portable et l\u00e9g\u00e8re facilite le transport du <strong>d\u00e9nudeur de c\u00e2ble automatique <span style=\"color: #ff0000;\">\u00c0<\/span><span style=\"color: #0000ff;\">R.<\/span>c<\/strong>. Fabriqu\u00e9 en acier durable pour assurer sa robustesse et sa s\u00e9curit\u00e9 pendant le processus. Facile \u00e0 utiliser avec 4 trous d&#039;installation.<\/p>\n<p>Puissant moteur quadripolaire monophas\u00e9 de 400 watts, atteint une vitesse de : 1400 tr\/min, a une protection : IP44. Les meules de coupe sont de haute duret\u00e9 et antirouille. Gr\u00e2ce \u00e0 la puissance du moteur, la vitesse de pelage est rapide.<\/p>\n<p>Avec le <strong>d\u00e9nudeur de c\u00e2ble<span style=\"color: #ff0000;\"> \u00c0<\/span><span style=\"color: #0000ff;\">R.<\/span>CPCE400<\/strong> Vous pouvez effectuer le processus automatique ou \u00e0 manivelle, pour les diff\u00e9rents besoins qui se pr\u00e9sentent. Il est capable de d\u00e9nuder des c\u00e2bles ronds ou plats avec une gaine de 1,5 mm \u00e0 38 mm.  La longueur de coupe peut \u00eatre de 150 \u00e0 99999 mm<\/p>\n<h6><strong>Garantie\u00a0<span style=\"color: #ff0000;\">\u00c0<\/span><span style=\"color: #0000ff;\">R.<\/span>C 2 ANS<\/strong><\/h6>\n<h6><span style=\"color: #008000;\">D\u00e9nudeur de c\u00e2ble efficace, basse consommation 320w<\/span><\/h6>\n<h6><strong>support technique inclus<\/strong><\/h6>\n<p>&nbsp;<\/p>\n<table role=\"presentation\" width=\"100%\" cellspacing=\"0\" cellpadding=\"0\">\n<tbody>\n<tr>\n<td class=\"attrLabels\">Marque:<\/td>\n<td width=\"50.0%\">ARC<\/td>\n<\/tr>\n<tr>\n<td class=\"attrLabels\">Pays de distribution\u00a0:<\/td>\n<td width=\"50.0%\">Espagne, Allemagne, \u00c9tats-Unis<\/td>\n<td class=\"attrLabels\">Poids:<\/td>\n<td width=\"50.0%\">45 kg<\/td>\n<\/tr>\n<tr>\n<td class=\"attrLabels\">Marque:<\/td>\n<td width=\"50.0%\">ARC<\/td>\n<td class=\"attrLabels\">Hauteur:<\/td>\n<td width=\"50.0%\">32,2 cm<\/td>\n<\/tr>\n<tr>\n<td class=\"attrLabels\">Couleur:<\/td>\n<td width=\"50.0%\">Noir, jaune<\/td>\n<td class=\"attrLabels\">Long:<\/td>\n<td width=\"50.0%\">81,5 cm<\/td>\n<\/tr>\n<tr>\n<td class=\"attrLabels\">Type de produit\u00a0:<\/td>\n<td width=\"50.0%\">broyeur \u00e9lectrique<\/td>\n<td class=\"attrLabels\">Large:<\/td>\n<td width=\"50.0%\">34,3 cm<\/td>\n<\/tr>\n<tr>\n<td class=\"attrLabels\">Num\u00e9ro du fabricant :<\/td>\n<td width=\"50.0%\">ARCPCE400<\/td>\n<td class=\"attrLabels\">Niveau de protection\u00a0:<\/td>\n<td width=\"50.0%\">IP44<\/td>\n<\/tr>\n<tr>\n<td class=\"attrLabels\">Mat\u00e9riel:<\/td>\n<td width=\"50.0%\">acier, moteur efficace<\/td>\n<td class=\"attrLabels\">Vitesse nominale\u00a0:<\/td>\n<td width=\"50.0%\">14 000 tr\/min<\/td>\n<\/tr>\n<tr>\n<td class=\"attrLabels\">Garantie:<\/td>\n<td width=\"50.0%\">\u00a0 2 ans<\/td>\n<td class=\"attrLabels\">Machines \u00e0 sous\u00a0:<\/td>\n<td width=\"50.0%\">8 trous ronds et 2 trous plats<\/td>\n<\/tr>\n<tr>\n<td class=\"attrLabels\">Pouvoir:<\/td>\n<td width=\"50.0%\">320W<\/td>\n<td class=\"attrLabels\">Lames\u00a0:<\/td>\n<td width=\"50.0%\">10<\/td>\n<\/tr>\n<\/tbody>\n<\/table>","protected":false},"excerpt":{"rendered":"<h2>D\u00e9nudeur de c\u00e2ble automatique 1,5 \u2013 38 mm<\/h2>\n<p>Le <strong>machine \u00e0 d\u00e9nuder automatique<\/strong> ordinateur de bureau <strong><span style=\"color: #ff0000;\">\u00c0<\/span><span style=\"color: #0000ff;\">R.<\/span>c<\/strong> d\u00e9nudera les fils jusqu&#039;\u00e0 1,5 mm \u00e0 38 mm. Con\u00e7u pour \u00eatre portable, avec des lames enti\u00e8rement prot\u00e9g\u00e9es et un bouton d&#039;arr\u00eat d&#039;urgence pour garantir la s\u00e9curit\u00e9. Le moteur en cuivre pur avec une vitesse nominale de 1\u00a0400 tr\/min, pour un d\u00e9nudage rapide et stable. Cette machine \u00e0 d\u00e9nuder le cuivre est id\u00e9ale pour diff\u00e9rents types de c\u00e2bles ronds et de c\u00e2bles \u00e0 gaine plate.<\/p>\n<h6><strong>Garantie\u00a0<span style=\"color: #ff0000;\">\u00c0<\/span><span style=\"color: #0000ff;\">R.<\/span>C 2 ANS<\/strong><\/h6>\n<h6><span style=\"color: #008000;\">D\u00e9nudeur de c\u00e2ble efficace, basse consommation 320w<\/span><\/h6>\n<h6><strong>support technique inclus<\/strong><\/h6>","protected":false},"featured_media":2892,"comment_status":"open","ping_status":"closed","template":"","meta":{"wds_primary_product_brand":0,"wds_primary_product_cat":0},"product_brand":[],"product_cat":[69],"product_tag":[],"class_list":{"0":"post-2881","1":"product","2":"type-product","3":"status-publish","4":"has-post-thumbnail","6":"product_cat-maquinas-variadas","7":"product_shipping_class-express","9":"first","10":"instock","11":"sale","12":"taxable","13":"shipping-taxable","14":"purchasable","15":"product-type-simple"},"yoast_head":"<!-- This site is optimized with the Yoast SEO Premium plugin v24.9 (Yoast SEO v26.1) - https:\/\/yoast.com\/wordpress\/plugins\/seo\/ -->\n<title>Peladora de cables autom\u00e1tica 1,5 - 38mm - distribuci\u00f3n ARC<\/title>\n<meta name=\"robots\" content=\"index, follow, max-snippet:-1, max-image-preview:large, max-video-preview:-1\" \/>\n<link rel=\"canonical\" href=\"https:\/\/distribucionarc.com\/fr\/produit\/denudage-de-cable-automatique-15-38mm-2\/\" \/>\n<meta property=\"og:locale\" content=\"fr_FR\" \/>\n<meta property=\"og:type\" content=\"article\" \/>\n<meta property=\"og:title\" content=\"Peladora de cables autom\u00e1tica 1,5 - 38mm\" \/>\n<meta property=\"og:description\" content=\"Peladora de cables autom\u00e1tica 1,5 - 38mm La m\u00e1quina peladora de cables autom\u00e1tica de sobremesa ARC pelar\u00e1 alambre de hasta 1.5 mm a 38mm. Dise\u00f1ado para ser port\u00e1til, con cuchillas totalmente protegidas y bot\u00f3n de parada de emergencia para garantizar la seguridad. El Motor de cobre puro con velocidad nominal de 1400Rpm, para pelar cables de forma r\u00e1pida y estable. Esta m\u00e1quina peladora de cobre es ideal para varios tipos de cables redondos y cables planos de cubierta. Garant\u00eda\u00a0ARC 2 A\u00d1OS Peladora de cable eficiente, bajo consumo 320w soporte t\u00e9cnico incluido\" \/>\n<meta property=\"og:url\" content=\"https:\/\/distribucionarc.com\/fr\/produit\/denudage-de-cable-automatique-15-38mm-2\/\" \/>\n<meta property=\"og:site_name\" content=\"distribuci\u00f3n ARC\" \/>\n<meta property=\"article:modified_time\" content=\"2020-10-01T11:17:22+00:00\" \/>\n<meta property=\"og:image\" content=\"https:\/\/distribucionarc.com\/wp-content\/uploads\/2020\/08\/Peladora-de-cables-autom\u00e1tica-1-5-38mm-0.jpg\" \/>\n\t<meta property=\"og:image:width\" content=\"1600\" \/>\n\t<meta property=\"og:image:height\" content=\"1600\" \/>\n\t<meta property=\"og:image:type\" content=\"image\/jpeg\" \/>\n<meta name=\"twitter:card\" content=\"summary_large_image\" \/>\n<meta name=\"twitter:label1\" content=\"Dur\u00e9e de lecture estim\u00e9e\" \/>\n\t<meta name=\"twitter:data1\" content=\"1 minute\" \/>\n<script type=\"application\/ld+json\" class=\"yoast-schema-graph\">{\"@context\":\"https:\/\/schema.org\",\"@graph\":[{\"@type\":\"WebPage\",\"@id\":\"https:\/\/distribucionarc.com\/hr\/producto\/peladora-de-cables-automatica-15-38mm\/\",\"url\":\"https:\/\/distribucionarc.com\/hr\/producto\/peladora-de-cables-automatica-15-38mm\/\",\"name\":\"Peladora de cables autom\u00e1tica 1,5 - 38mm - distribuci\u00f3n ARC\",\"isPartOf\":{\"@id\":\"https:\/\/distribucionarc.com\/de\/#website\"},\"primaryImageOfPage\":{\"@id\":\"https:\/\/distribucionarc.com\/hr\/producto\/peladora-de-cables-automatica-15-38mm\/#primaryimage\"},\"image\":{\"@id\":\"https:\/\/distribucionarc.com\/hr\/producto\/peladora-de-cables-automatica-15-38mm\/#primaryimage\"},\"thumbnailUrl\":\"https:\/\/distribucionarc.com\/wp-content\/uploads\/2020\/08\/Peladora-de-cables-autom\u00e1tica-1-5-38mm-0.jpg\",\"datePublished\":\"2020-08-25T11:44:51+00:00\",\"dateModified\":\"2020-10-01T11:17:22+00:00\",\"breadcrumb\":{\"@id\":\"https:\/\/distribucionarc.com\/hr\/producto\/peladora-de-cables-automatica-15-38mm\/#breadcrumb\"},\"inLanguage\":\"fr-FR\",\"potentialAction\":[{\"@type\":\"ReadAction\",\"target\":[\"https:\/\/distribucionarc.com\/hr\/producto\/peladora-de-cables-automatica-15-38mm\/\"]}]},{\"@type\":\"ImageObject\",\"inLanguage\":\"fr-FR\",\"@id\":\"https:\/\/distribucionarc.com\/hr\/producto\/peladora-de-cables-automatica-15-38mm\/#primaryimage\",\"url\":\"https:\/\/distribucionarc.com\/wp-content\/uploads\/2020\/08\/Peladora-de-cables-autom\u00e1tica-1-5-38mm-0.jpg\",\"contentUrl\":\"https:\/\/distribucionarc.com\/wp-content\/uploads\/2020\/08\/Peladora-de-cables-autom\u00e1tica-1-5-38mm-0.jpg\",\"width\":1600,\"height\":1600,\"caption\":\"Peladora de cables autom\u00e1tica 1,5 - 38mm\"},{\"@type\":\"BreadcrumbList\",\"@id\":\"https:\/\/distribucionarc.com\/hr\/producto\/peladora-de-cables-automatica-15-38mm\/#breadcrumb\",\"itemListElement\":[{\"@type\":\"ListItem\",\"position\":1,\"name\":\"Portada\",\"item\":\"https:\/\/distribucionarc.com\/pl\/\"},{\"@type\":\"ListItem\",\"position\":2,\"name\":\"Produkty\",\"item\":\"https:\/\/distribucionarc.com\/pl\/shop\/\"},{\"@type\":\"ListItem\",\"position\":3,\"name\":\"Peladora de cables autom\u00e1tica 1,5 &#8211; 38mm\"}]},{\"@type\":\"WebSite\",\"@id\":\"https:\/\/distribucionarc.com\/de\/#website\",\"url\":\"https:\/\/distribucionarc.com\/de\/\",\"name\":\"distribuci\u00f3n ARC\",\"description\":\"Empresa especializada en la fabricaci\u00f3n y distribuci\u00f3n de maquinaria industrial, selladoras de latas, Maquinas de hacer pastillas, Maquinas de cortar carne...\",\"publisher\":{\"@id\":\"https:\/\/distribucionarc.com\/de\/#organization\"},\"potentialAction\":[{\"@type\":\"SearchAction\",\"target\":{\"@type\":\"EntryPoint\",\"urlTemplate\":\"https:\/\/distribucionarc.com\/de\/?s={search_term_string}\"},\"query-input\":{\"@type\":\"PropertyValueSpecification\",\"valueRequired\":true,\"valueName\":\"search_term_string\"}}],\"inLanguage\":\"fr-FR\"},{\"@type\":\"Organization\",\"@id\":\"https:\/\/distribucionarc.com\/de\/#organization\",\"name\":\"Distribuci\u00f3n ARC\",\"url\":\"https:\/\/distribucionarc.com\/de\/\",\"logo\":{\"@type\":\"ImageObject\",\"inLanguage\":\"fr-FR\",\"@id\":\"https:\/\/distribucionarc.com\/de\/#\/schema\/logo\/image\/\",\"url\":\"https:\/\/distribucionarc.com\/wp-content\/uploads\/2024\/10\/distribucion-ARC-COLOR-SIN-FONDO-e1732295305345.png\",\"contentUrl\":\"https:\/\/distribucionarc.com\/wp-content\/uploads\/2024\/10\/distribucion-ARC-COLOR-SIN-FONDO-e1732295305345.png\",\"width\":1164,\"height\":558,\"caption\":\"Distribuci\u00f3n ARC\"},\"image\":{\"@id\":\"https:\/\/distribucionarc.com\/de\/#\/schema\/logo\/image\/\"},\"description\":\"Empresa especializada en la fabricaci\u00f3n y distribuci\u00f3n de maquinaria industrial para los sectores alimentario y farmac\u00e9utico. Nos especializamos en: M\u00e1quinas de cortar carne Fabricaci\u00f3n de comprimidos Sistemas de transporte industrial L\u00edneas de embotellado Dosificadores Y mucho m\u00e1s... Ofrecemos soluciones innovadoras y personalizadas para optimizar los procesos productivos de tu empresa.\",\"email\":\"Admistracion@distribucionarc.com\",\"telephone\":\"+34 643496664\",\"legalName\":\"ARC TECH SOLUTIONS\",\"foundingDate\":\"2024-04-09\",\"vatID\":\"B55480172\",\"numberOfEmployees\":{\"@type\":\"QuantitativeValue\",\"minValue\":\"1\",\"maxValue\":\"10\"}}]}<\/script>\n<!-- \/ Yoast SEO Premium plugin. -->","yoast_head_json":{"title":"Pince \u00e0 d\u00e9nuder automatique 1,5 - 38 mm - Distribution ARC","robots":{"index":"index","follow":"follow","max-snippet":"max-snippet:-1","max-image-preview":"max-image-preview:large","max-video-preview":"max-video-preview:-1"},"canonical":"https:\/\/distribucionarc.com\/fr\/produit\/denudage-de-cable-automatique-15-38mm-2\/","og_locale":"fr_FR","og_type":"article","og_title":"Peladora de cables autom\u00e1tica 1,5 - 38mm","og_description":"Peladora de cables autom\u00e1tica 1,5 - 38mm La m\u00e1quina peladora de cables autom\u00e1tica de sobremesa ARC pelar\u00e1 alambre de hasta 1.5 mm a 38mm. Dise\u00f1ado para ser port\u00e1til, con cuchillas totalmente protegidas y bot\u00f3n de parada de emergencia para garantizar la seguridad. El Motor de cobre puro con velocidad nominal de 1400Rpm, para pelar cables de forma r\u00e1pida y estable. Esta m\u00e1quina peladora de cobre es ideal para varios tipos de cables redondos y cables planos de cubierta. Garant\u00eda\u00a0ARC 2 A\u00d1OS Peladora de cable eficiente, bajo consumo 320w soporte t\u00e9cnico incluido","og_url":"https:\/\/distribucionarc.com\/fr\/produit\/denudage-de-cable-automatique-15-38mm-2\/","og_site_name":"distribuci\u00f3n ARC","article_modified_time":"2020-10-01T11:17:22+00:00","og_image":[{"width":1600,"height":1600,"url":"https:\/\/distribucionarc.com\/wp-content\/uploads\/2020\/08\/Peladora-de-cables-autom\u00e1tica-1-5-38mm-0.jpg","type":"image\/jpeg"}],"twitter_card":"summary_large_image","twitter_misc":{"Dur\u00e9e de lecture estim\u00e9e":"1 minute"},"schema":{"@context":"https:\/\/schema.org","@graph":[{"@type":"WebPage","@id":"https:\/\/distribucionarc.com\/hr\/producto\/peladora-de-cables-automatica-15-38mm\/","url":"https:\/\/distribucionarc.com\/hr\/producto\/peladora-de-cables-automatica-15-38mm\/","name":"Pince \u00e0 d\u00e9nuder automatique 1,5 - 38 mm - Distribution ARC","isPartOf":{"@id":"https:\/\/distribucionarc.com\/de\/#website"},"primaryImageOfPage":{"@id":"https:\/\/distribucionarc.com\/hr\/producto\/peladora-de-cables-automatica-15-38mm\/#primaryimage"},"image":{"@id":"https:\/\/distribucionarc.com\/hr\/producto\/peladora-de-cables-automatica-15-38mm\/#primaryimage"},"thumbnailUrl":"https:\/\/distribucionarc.com\/wp-content\/uploads\/2020\/08\/Peladora-de-cables-autom\u00e1tica-1-5-38mm-0.jpg","datePublished":"2020-08-25T11:44:51+00:00","dateModified":"2020-10-01T11:17:22+00:00","breadcrumb":{"@id":"https:\/\/distribucionarc.com\/hr\/producto\/peladora-de-cables-automatica-15-38mm\/#breadcrumb"},"inLanguage":"fr-FR","potentialAction":[{"@type":"ReadAction","target":["https:\/\/distribucionarc.com\/hr\/producto\/peladora-de-cables-automatica-15-38mm\/"]}]},{"@type":"ImageObject","inLanguage":"fr-FR","@id":"https:\/\/distribucionarc.com\/hr\/producto\/peladora-de-cables-automatica-15-38mm\/#primaryimage","url":"https:\/\/distribucionarc.com\/wp-content\/uploads\/2020\/08\/Peladora-de-cables-autom\u00e1tica-1-5-38mm-0.jpg","contentUrl":"https:\/\/distribucionarc.com\/wp-content\/uploads\/2020\/08\/Peladora-de-cables-autom\u00e1tica-1-5-38mm-0.jpg","width":1600,"height":1600,"caption":"Peladora de cables autom\u00e1tica 1,5 - 38mm"},{"@type":"BreadcrumbList","@id":"https:\/\/distribucionarc.com\/hr\/producto\/peladora-de-cables-automatica-15-38mm\/#breadcrumb","itemListElement":[{"@type":"ListItem","position":1,"name":"Portada","item":"https:\/\/distribucionarc.com\/pl\/"},{"@type":"ListItem","position":2,"name":"Produkty","item":"https:\/\/distribucionarc.com\/pl\/shop\/"},{"@type":"ListItem","position":3,"name":"Peladora de cables autom\u00e1tica 1,5 &#8211; 38mm"}]},{"@type":"WebSite","@id":"https:\/\/distribucionarc.com\/de\/#website","url":"https:\/\/distribucionarc.com\/de\/","name":"R\u00e9partition de l&#039;ARC","description":"Entreprise sp\u00e9cialis\u00e9e dans la fabrication et la distribution de machines industrielles, scelleuses de bo\u00eetes, machines \u00e0 comprim\u00e9s, machines \u00e0 d\u00e9couper la viande...","publisher":{"@id":"https:\/\/distribucionarc.com\/de\/#organization"},"potentialAction":[{"@type":"SearchAction","target":{"@type":"EntryPoint","urlTemplate":"https:\/\/distribucionarc.com\/de\/?s={search_term_string}"},"query-input":{"@type":"PropertyValueSpecification","valueRequired":true,"valueName":"search_term_string"}}],"inLanguage":"fr-FR"},{"@type":"Organization","@id":"https:\/\/distribucionarc.com\/de\/#organization","name":"Distribution ARC","url":"https:\/\/distribucionarc.com\/de\/","logo":{"@type":"ImageObject","inLanguage":"fr-FR","@id":"https:\/\/distribucionarc.com\/de\/#\/schema\/logo\/image\/","url":"https:\/\/distribucionarc.com\/wp-content\/uploads\/2024\/10\/distribucion-ARC-COLOR-SIN-FONDO-e1732295305345.png","contentUrl":"https:\/\/distribucionarc.com\/wp-content\/uploads\/2024\/10\/distribucion-ARC-COLOR-SIN-FONDO-e1732295305345.png","width":1164,"height":558,"caption":"Distribuci\u00f3n ARC"},"image":{"@id":"https:\/\/distribucionarc.com\/de\/#\/schema\/logo\/image\/"},"description":"Entreprise sp\u00e9cialis\u00e9e dans la fabrication et la distribution de machines industrielles pour les secteurs alimentaire et pharmaceutique. Nous sommes sp\u00e9cialis\u00e9s dans : Machines \u00e0 couper la viande Fabrication de comprim\u00e9s Syst\u00e8mes de transport industriel Lignes d'embouteillage Machines de dosage Et bien plus encore... Nous proposons des solutions innovantes et personnalis\u00e9es pour optimiser les processus de production de votre entreprise.","email":"Admistracion@distribucionarc.com","telephone":"+34 643496664","legalName":"ARC TECH SOLUTIONS","foundingDate":"2024-04-09","vatID":"B55480172","numberOfEmployees":{"@type":"QuantitativeValue","minValue":"1","maxValue":"10"}}]}},"_links":{"self":[{"href":"https:\/\/distribucionarc.com\/fr\/wp-json\/wp\/v2\/product\/2881","targetHints":{"allow":["GET"]}}],"collection":[{"href":"https:\/\/distribucionarc.com\/fr\/wp-json\/wp\/v2\/product"}],"about":[{"href":"https:\/\/distribucionarc.com\/fr\/wp-json\/wp\/v2\/types\/product"}],"replies":[{"embeddable":true,"href":"https:\/\/distribucionarc.com\/fr\/wp-json\/wp\/v2\/comments?post=2881"}],"version-history":[{"count":0,"href":"https:\/\/distribucionarc.com\/fr\/wp-json\/wp\/v2\/product\/2881\/revisions"}],"wp:featuredmedia":[{"embeddable":true,"href":"https:\/\/distribucionarc.com\/fr\/wp-json\/wp\/v2\/media\/2892"}],"wp:attachment":[{"href":"https:\/\/distribucionarc.com\/fr\/wp-json\/wp\/v2\/media?parent=2881"}],"wp:term":[{"taxonomy":"product_brand","embeddable":true,"href":"https:\/\/distribucionarc.com\/fr\/wp-json\/wp\/v2\/product_brand?post=2881"},{"taxonomy":"product_cat","embeddable":true,"href":"https:\/\/distribucionarc.com\/fr\/wp-json\/wp\/v2\/product_cat?post=2881"},{"taxonomy":"product_tag","embeddable":true,"href":"https:\/\/distribucionarc.com\/fr\/wp-json\/wp\/v2\/product_tag?post=2881"}],"curies":[{"name":"wp","href":"https:\/\/api.w.org\/{rel}","templated":true}]}}