{"id":2907,"date":"2020-08-25T14:48:58","date_gmt":"2020-08-25T14:48:58","guid":{"rendered":"https:\/\/distribucionarc.com\/?post_type=product&#038;p=2907"},"modified":"2020-10-01T11:24:27","modified_gmt":"2020-10-01T11:24:27","slug":"imprimante-pour-emballage-impression-electrique-etiqueteuse","status":"publish","type":"product","link":"https:\/\/distribucionarc.com\/fr\/producto\/impresora-para-envases-electrica-etiquetadora-de-impresion\/","title":{"rendered":"Imprimante d&#039;emballage \u00e9lectrique, \u00e9tiqueteuse d&#039;impression"},"content":{"rendered":"<h3>Imprimante d&#039;emballage \u00e9lectrique, \u00e9tiqueteuse d&#039;impression<\/h3>\n<p>Gr\u00e2ce au fait que<strong> imprimante par lots<\/strong> Il conserve l&#039;encre dans un r\u00e9servoir, il a l&#039;avantage d&#039;\u00e9conomiser et de garder l&#039;encre propre ainsi que d&#039;\u00e9viter que l&#039;encre ne s\u00e8che dans le mod\u00e8le grattoir \u00e0 lame. L&#039;anneau racleur en acier a une dur\u00e9e de vie extr\u00eamement longue.<\/p>\n<p>La date ou le signe est cisel\u00e9 par r\u00e9action chimique sur une plaque d&#039;impression en acier et l&#039;absorption magn\u00e9tique entre le mug et le panneau d&#039;impression en acier permet de sceller parfaitement l&#039;encre dans le mug. L&#039;incroyable vitesse de travail du <strong>imprimeur d&#039;emballages <span style=\"color: #ff0000;\">\u00c0<\/span><span style=\"color: #0000ff;\">R.<\/span>CILA32M<\/strong> vous permet d&#039;imprimer sur <strong>3200 conteneurs par heure<\/strong> de la mani\u00e8re la plus pr\u00e9cise.<\/p>\n<h6><strong>Garantie<span style=\"color: #ff0000;\">\u00a0\u00c0<\/span><\/strong><span style=\"color: #0000ff;\"><strong>R.<\/strong><\/span><strong>C 2 ANS<\/strong><\/h6>\n<h6><strong>support technique inclus<\/strong><\/h6>\n<p>&nbsp;<\/p>\n<table role=\"presentation\" width=\"100%\" cellspacing=\"0\" cellpadding=\"0\">\n<tbody>\n<tr>\n<td class=\"attrLabels\">Marque:<\/td>\n<td width=\"50.0%\">ARC<\/td>\n<\/tr>\n<tr>\n<td class=\"attrLabels\">Pays de distribution\u00a0:<\/td>\n<td width=\"50.0%\">Espagne, Allemagne, \u00c9tats-Unis<\/td>\n<td class=\"attrLabels\">Vitesse de travail\u00a0:<\/td>\n<td width=\"50.0%\">3200 fois par heure<\/td>\n<\/tr>\n<tr>\n<td class=\"attrLabels\">Num\u00e9ro du fabricant :<\/td>\n<td width=\"50.0%\">ARCILA32M<\/td>\n<td class=\"attrLabels\">Hauteur d&#039;impression :<\/td>\n<td width=\"50.0%\">38 cm<\/td>\n<\/tr>\n<tr>\n<td class=\"attrLabels\">Couleur:<\/td>\n<td width=\"50.0%\">Bleu<\/td>\n<td class=\"attrLabels\">Hauteur d&#039;impression maximale minimale\u00a0:<\/td>\n<td width=\"50.0%\">50 mm \u2013 1,5 mm<\/td>\n<\/tr>\n<tr>\n<td class=\"attrLabels\">Type de produit\u00a0:<\/td>\n<td width=\"50.0%\">Imprimante d&#039;\u00e9tiquettes<\/td>\n<td class=\"attrLabels\">Pouvoir:<\/td>\n<td width=\"50.0%\">100W<\/td>\n<\/tr>\n<tr>\n<td class=\"attrLabels\">Poids:<\/td>\n<td width=\"50.0%\">21 kg<\/td>\n<td class=\"attrLabels\">tension:<\/td>\n<td width=\"50.0%\">220 V\/60 Hz<\/td>\n<\/tr>\n<tr>\n<td class=\"attrLabels\">Hauteur:<\/td>\n<td width=\"50.0%\">56<\/td>\n<td class=\"attrLabels\">Diam\u00e8tre du godet d&#039;encre\u00a0:<\/td>\n<td width=\"50.0%\">60mm<\/td>\n<\/tr>\n<tr>\n<td class=\"attrLabels\">Long:<\/td>\n<td width=\"50.0%\">\u00a0 40,5<\/td>\n<td class=\"attrLabels\">Dur\u00e9e d&#039;utilisation continue\u00a0:<\/td>\n<td width=\"50.0%\">10 \u2013 30h<\/td>\n<\/tr>\n<tr>\n<td class=\"attrLabels\">Large:<\/td>\n<td width=\"50.0%\">43,5<\/td>\n<td class=\"attrLabels\">Garantie:<\/td>\n<td width=\"50.0%\">2 ans<\/td>\n<\/tr>\n<\/tbody>\n<\/table>","protected":false},"excerpt":{"rendered":"<h2>Imprimante d&#039;emballage \u00e9lectrique, \u00e9tiqueteuse d&#039;impression<\/h2>\n<p>Le<strong> imprimante \u00e0 tampon \u00e9lectrique <span style=\"color: #ff0000;\">\u00c0<\/span><span style=\"color: #0000ff;\">R.<\/span>c<\/strong> Il est utilis\u00e9 pour imprimer des marques ou des dates d&#039;expiration, un num\u00e9ro de lot, un signe ou un logo sur des bouteilles, des papiers, des gobelets ou des bo\u00eetes de la plupart des types de mat\u00e9riaux, tels que le plastique ou le m\u00e9tal. De plus, cette s\u00e9rie de machines d&#039;impression de codes convient \u00e0 l&#039;impression de la date d&#039;exportation, de la date de validit\u00e9, de num\u00e9ros uniques et de photos, avec une vitesse d&#039;impression \u00e9lev\u00e9e, une forme de lettre attrayante et propre.<\/p>\n<h6><strong>Garantie<span style=\"color: #ff0000;\">\u00a0\u00c0<\/span><\/strong><span style=\"color: #0000ff;\"><strong>R.<\/strong><\/span><strong>C 2 ANS<\/strong><\/h6>\n<h6><strong>support technique inclus<\/strong><\/h6>","protected":false},"featured_media":2908,"comment_status":"open","ping_status":"closed","template":"","meta":{"wds_primary_product_brand":0,"wds_primary_product_cat":0},"product_brand":[],"product_cat":[69],"product_tag":[],"class_list":{"0":"post-2907","1":"product","2":"type-product","3":"status-publish","4":"has-post-thumbnail","6":"product_cat-maquinas-variadas","7":"product_shipping_class-express","9":"first","10":"instock","11":"sale","12":"taxable","13":"shipping-taxable","14":"purchasable","15":"product-type-simple"},"yoast_head":"<!-- This site is optimized with the Yoast SEO Premium plugin v24.9 (Yoast SEO v26.1) - https:\/\/yoast.com\/wordpress\/plugins\/seo\/ -->\n<title>Impresora para envases el\u00e9ctrica, etiquetadora de impresi\u00f3n - distribuci\u00f3n ARC<\/title>\n<meta name=\"robots\" content=\"index, follow, max-snippet:-1, max-image-preview:large, max-video-preview:-1\" \/>\n<link rel=\"canonical\" href=\"https:\/\/distribucionarc.com\/fr\/produit\/imprimante-pour-emballage-impression-electrique-etiqueteuse\/\" \/>\n<meta property=\"og:locale\" content=\"fr_FR\" \/>\n<meta property=\"og:type\" content=\"article\" \/>\n<meta property=\"og:title\" content=\"Impresora para envases el\u00e9ctrica, etiquetadora de impresi\u00f3n\" \/>\n<meta property=\"og:description\" content=\"Impresora para envases el\u00e9ctrica, etiquetadora de impresi\u00f3n La impresora de almohadilla el\u00e9ctrica ARC se utiliza para imprimir las marcas comerciales o fechas de vencimiento, n\u00famero de lote, letrero o logotipo en botellas, papeles, vasos o cajas de la mayor\u00eda de los tipos de materiales, como pl\u00e1stico o metal. Adem\u00e1s, esta serie de m\u00e1quinas de impresi\u00f3n de c\u00f3digos es adecuada para imprimir la fecha de exportaci\u00f3n, la fecha v\u00e1lida, n\u00fameros \u00fanicos y fotos, con alta velocidad de impresi\u00f3n, forma de letra atractiva y limpia. Garant\u00eda\u00a0ARC 2 A\u00d1OS soporte t\u00e9cnico incluido\" \/>\n<meta property=\"og:url\" content=\"https:\/\/distribucionarc.com\/fr\/produit\/imprimante-pour-emballage-impression-electrique-etiqueteuse\/\" \/>\n<meta property=\"og:site_name\" content=\"distribuci\u00f3n ARC\" \/>\n<meta property=\"article:modified_time\" content=\"2020-10-01T11:24:27+00:00\" \/>\n<meta property=\"og:image\" content=\"https:\/\/distribucionarc.com\/wp-content\/uploads\/2020\/08\/Impresora-para-envases-el\u00e9ctrica-etiquetadora-de-impresi\u00f3n-0.jpg\" \/>\n\t<meta property=\"og:image:width\" content=\"1600\" \/>\n\t<meta property=\"og:image:height\" content=\"1600\" \/>\n\t<meta property=\"og:image:type\" content=\"image\/jpeg\" \/>\n<meta name=\"twitter:card\" content=\"summary_large_image\" \/>\n<meta name=\"twitter:label1\" content=\"Dur\u00e9e de lecture estim\u00e9e\" \/>\n\t<meta name=\"twitter:data1\" content=\"1 minute\" \/>\n<script type=\"application\/ld+json\" class=\"yoast-schema-graph\">{\"@context\":\"https:\/\/schema.org\",\"@graph\":[{\"@type\":\"WebPage\",\"@id\":\"https:\/\/distribucionarc.com\/el\/producto\/impresora-para-envases-electrica-etiquetadora-de-impresion\/\",\"url\":\"https:\/\/distribucionarc.com\/el\/producto\/impresora-para-envases-electrica-etiquetadora-de-impresion\/\",\"name\":\"Impresora para envases el\u00e9ctrica, etiquetadora de impresi\u00f3n - distribuci\u00f3n ARC\",\"isPartOf\":{\"@id\":\"https:\/\/www.distribucionarc.com\/sl\/#website\"},\"primaryImageOfPage\":{\"@id\":\"https:\/\/distribucionarc.com\/el\/producto\/impresora-para-envases-electrica-etiquetadora-de-impresion\/#primaryimage\"},\"image\":{\"@id\":\"https:\/\/distribucionarc.com\/el\/producto\/impresora-para-envases-electrica-etiquetadora-de-impresion\/#primaryimage\"},\"thumbnailUrl\":\"https:\/\/distribucionarc.com\/wp-content\/uploads\/2020\/08\/Impresora-para-envases-el\u00e9ctrica-etiquetadora-de-impresi\u00f3n-0.jpg\",\"datePublished\":\"2020-08-25T14:48:58+00:00\",\"dateModified\":\"2020-10-01T11:24:27+00:00\",\"breadcrumb\":{\"@id\":\"https:\/\/distribucionarc.com\/el\/producto\/impresora-para-envases-electrica-etiquetadora-de-impresion\/#breadcrumb\"},\"inLanguage\":\"fr-FR\",\"potentialAction\":[{\"@type\":\"ReadAction\",\"target\":[\"https:\/\/distribucionarc.com\/el\/producto\/impresora-para-envases-electrica-etiquetadora-de-impresion\/\"]}]},{\"@type\":\"ImageObject\",\"inLanguage\":\"fr-FR\",\"@id\":\"https:\/\/distribucionarc.com\/el\/producto\/impresora-para-envases-electrica-etiquetadora-de-impresion\/#primaryimage\",\"url\":\"https:\/\/distribucionarc.com\/wp-content\/uploads\/2020\/08\/Impresora-para-envases-el\u00e9ctrica-etiquetadora-de-impresi\u00f3n-0.jpg\",\"contentUrl\":\"https:\/\/distribucionarc.com\/wp-content\/uploads\/2020\/08\/Impresora-para-envases-el\u00e9ctrica-etiquetadora-de-impresi\u00f3n-0.jpg\",\"width\":1600,\"height\":1600,\"caption\":\"Impresora para envases el\u00e9ctrica, etiquetadora de impresi\u00f3n\"},{\"@type\":\"BreadcrumbList\",\"@id\":\"https:\/\/distribucionarc.com\/el\/producto\/impresora-para-envases-electrica-etiquetadora-de-impresion\/#breadcrumb\",\"itemListElement\":[{\"@type\":\"ListItem\",\"position\":1,\"name\":\"Portada\",\"item\":\"https:\/\/www.distribucionarc.com\/\"},{\"@type\":\"ListItem\",\"position\":2,\"name\":\"\u00dcr\u00fcnler\",\"item\":\"https:\/\/www.distribucionarc.com\/tr\/magaza\/\"},{\"@type\":\"ListItem\",\"position\":3,\"name\":\"Impresora para envases el\u00e9ctrica, etiquetadora de impresi\u00f3n\"}]},{\"@type\":\"WebSite\",\"@id\":\"https:\/\/www.distribucionarc.com\/sl\/#website\",\"url\":\"https:\/\/www.distribucionarc.com\/sl\/\",\"name\":\"distribuci\u00f3n ARC\",\"description\":\"Empresa especializada en la fabricaci\u00f3n y distribuci\u00f3n de maquinaria industrial, selladoras de latas, Maquinas de hacer pastillas, Maquinas de cortar carne...\",\"publisher\":{\"@id\":\"https:\/\/www.distribucionarc.com\/sl\/#organization\"},\"potentialAction\":[{\"@type\":\"SearchAction\",\"target\":{\"@type\":\"EntryPoint\",\"urlTemplate\":\"https:\/\/www.distribucionarc.com\/sl\/?s={search_term_string}\"},\"query-input\":{\"@type\":\"PropertyValueSpecification\",\"valueRequired\":true,\"valueName\":\"search_term_string\"}}],\"inLanguage\":\"fr-FR\"},{\"@type\":\"Organization\",\"@id\":\"https:\/\/www.distribucionarc.com\/sl\/#organization\",\"name\":\"Distribuci\u00f3n ARC\",\"url\":\"https:\/\/www.distribucionarc.com\/sl\/\",\"logo\":{\"@type\":\"ImageObject\",\"inLanguage\":\"fr-FR\",\"@id\":\"https:\/\/www.distribucionarc.com\/sl\/#\/schema\/logo\/image\/\",\"url\":\"https:\/\/distribucionarc.com\/wp-content\/uploads\/2024\/10\/distribucion-ARC-COLOR-SIN-FONDO-e1732295305345.png\",\"contentUrl\":\"https:\/\/distribucionarc.com\/wp-content\/uploads\/2024\/10\/distribucion-ARC-COLOR-SIN-FONDO-e1732295305345.png\",\"width\":1164,\"height\":558,\"caption\":\"Distribuci\u00f3n ARC\"},\"image\":{\"@id\":\"https:\/\/www.distribucionarc.com\/sl\/#\/schema\/logo\/image\/\"},\"description\":\"Empresa especializada en la fabricaci\u00f3n y distribuci\u00f3n de maquinaria industrial para los sectores alimentario y farmac\u00e9utico. Nos especializamos en: M\u00e1quinas de cortar carne Fabricaci\u00f3n de comprimidos Sistemas de transporte industrial L\u00edneas de embotellado Dosificadores Y mucho m\u00e1s... Ofrecemos soluciones innovadoras y personalizadas para optimizar los procesos productivos de tu empresa.\",\"email\":\"Admistracion@distribucionarc.com\",\"telephone\":\"+34 643496664\",\"legalName\":\"ARC TECH SOLUTIONS\",\"foundingDate\":\"2024-04-09\",\"vatID\":\"B55480172\",\"numberOfEmployees\":{\"@type\":\"QuantitativeValue\",\"minValue\":\"1\",\"maxValue\":\"10\"}}]}<\/script>\n<!-- \/ Yoast SEO Premium plugin. -->","yoast_head_json":{"title":"Imprimante d&#039;emballage \u00e9lectrique, \u00e9tiqueteuse d&#039;impression - ARC distribution","robots":{"index":"index","follow":"follow","max-snippet":"max-snippet:-1","max-image-preview":"max-image-preview:large","max-video-preview":"max-video-preview:-1"},"canonical":"https:\/\/distribucionarc.com\/fr\/produit\/imprimante-pour-emballage-impression-electrique-etiqueteuse\/","og_locale":"fr_FR","og_type":"article","og_title":"Impresora para envases el\u00e9ctrica, etiquetadora de impresi\u00f3n","og_description":"Impresora para envases el\u00e9ctrica, etiquetadora de impresi\u00f3n La impresora de almohadilla el\u00e9ctrica ARC se utiliza para imprimir las marcas comerciales o fechas de vencimiento, n\u00famero de lote, letrero o logotipo en botellas, papeles, vasos o cajas de la mayor\u00eda de los tipos de materiales, como pl\u00e1stico o metal. Adem\u00e1s, esta serie de m\u00e1quinas de impresi\u00f3n de c\u00f3digos es adecuada para imprimir la fecha de exportaci\u00f3n, la fecha v\u00e1lida, n\u00fameros \u00fanicos y fotos, con alta velocidad de impresi\u00f3n, forma de letra atractiva y limpia. Garant\u00eda\u00a0ARC 2 A\u00d1OS soporte t\u00e9cnico incluido","og_url":"https:\/\/distribucionarc.com\/fr\/produit\/imprimante-pour-emballage-impression-electrique-etiqueteuse\/","og_site_name":"distribuci\u00f3n ARC","article_modified_time":"2020-10-01T11:24:27+00:00","og_image":[{"width":1600,"height":1600,"url":"https:\/\/distribucionarc.com\/wp-content\/uploads\/2020\/08\/Impresora-para-envases-el\u00e9ctrica-etiquetadora-de-impresi\u00f3n-0.jpg","type":"image\/jpeg"}],"twitter_card":"summary_large_image","twitter_misc":{"Dur\u00e9e de lecture estim\u00e9e":"1 minute"},"schema":{"@context":"https:\/\/schema.org","@graph":[{"@type":"WebPage","@id":"https:\/\/distribucionarc.com\/el\/producto\/impresora-para-envases-electrica-etiquetadora-de-impresion\/","url":"https:\/\/distribucionarc.com\/el\/producto\/impresora-para-envases-electrica-etiquetadora-de-impresion\/","name":"Imprimante d&#039;emballage \u00e9lectrique, \u00e9tiqueteuse d&#039;impression - ARC distribution","isPartOf":{"@id":"https:\/\/www.distribucionarc.com\/sl\/#website"},"primaryImageOfPage":{"@id":"https:\/\/distribucionarc.com\/el\/producto\/impresora-para-envases-electrica-etiquetadora-de-impresion\/#primaryimage"},"image":{"@id":"https:\/\/distribucionarc.com\/el\/producto\/impresora-para-envases-electrica-etiquetadora-de-impresion\/#primaryimage"},"thumbnailUrl":"https:\/\/distribucionarc.com\/wp-content\/uploads\/2020\/08\/Impresora-para-envases-el\u00e9ctrica-etiquetadora-de-impresi\u00f3n-0.jpg","datePublished":"2020-08-25T14:48:58+00:00","dateModified":"2020-10-01T11:24:27+00:00","breadcrumb":{"@id":"https:\/\/distribucionarc.com\/el\/producto\/impresora-para-envases-electrica-etiquetadora-de-impresion\/#breadcrumb"},"inLanguage":"fr-FR","potentialAction":[{"@type":"ReadAction","target":["https:\/\/distribucionarc.com\/el\/producto\/impresora-para-envases-electrica-etiquetadora-de-impresion\/"]}]},{"@type":"ImageObject","inLanguage":"fr-FR","@id":"https:\/\/distribucionarc.com\/el\/producto\/impresora-para-envases-electrica-etiquetadora-de-impresion\/#primaryimage","url":"https:\/\/distribucionarc.com\/wp-content\/uploads\/2020\/08\/Impresora-para-envases-el\u00e9ctrica-etiquetadora-de-impresi\u00f3n-0.jpg","contentUrl":"https:\/\/distribucionarc.com\/wp-content\/uploads\/2020\/08\/Impresora-para-envases-el\u00e9ctrica-etiquetadora-de-impresi\u00f3n-0.jpg","width":1600,"height":1600,"caption":"Impresora para envases el\u00e9ctrica, etiquetadora de impresi\u00f3n"},{"@type":"BreadcrumbList","@id":"https:\/\/distribucionarc.com\/el\/producto\/impresora-para-envases-electrica-etiquetadora-de-impresion\/#breadcrumb","itemListElement":[{"@type":"ListItem","position":1,"name":"Portada","item":"https:\/\/www.distribucionarc.com\/"},{"@type":"ListItem","position":2,"name":"\u00dcr\u00fcnler","item":"https:\/\/www.distribucionarc.com\/tr\/magaza\/"},{"@type":"ListItem","position":3,"name":"Impresora para envases el\u00e9ctrica, etiquetadora de impresi\u00f3n"}]},{"@type":"WebSite","@id":"https:\/\/www.distribucionarc.com\/sl\/#website","url":"https:\/\/www.distribucionarc.com\/sl\/","name":"R\u00e9partition de l&#039;ARC","description":"Entreprise sp\u00e9cialis\u00e9e dans la fabrication et la distribution de machines industrielles, scelleuses de bo\u00eetes, machines \u00e0 comprim\u00e9s, machines \u00e0 d\u00e9couper la viande...","publisher":{"@id":"https:\/\/www.distribucionarc.com\/sl\/#organization"},"potentialAction":[{"@type":"SearchAction","target":{"@type":"EntryPoint","urlTemplate":"https:\/\/www.distribucionarc.com\/sl\/?s={search_term_string}"},"query-input":{"@type":"PropertyValueSpecification","valueRequired":true,"valueName":"search_term_string"}}],"inLanguage":"fr-FR"},{"@type":"Organization","@id":"https:\/\/www.distribucionarc.com\/sl\/#organization","name":"Distribution ARC","url":"https:\/\/www.distribucionarc.com\/sl\/","logo":{"@type":"ImageObject","inLanguage":"fr-FR","@id":"https:\/\/www.distribucionarc.com\/sl\/#\/schema\/logo\/image\/","url":"https:\/\/distribucionarc.com\/wp-content\/uploads\/2024\/10\/distribucion-ARC-COLOR-SIN-FONDO-e1732295305345.png","contentUrl":"https:\/\/distribucionarc.com\/wp-content\/uploads\/2024\/10\/distribucion-ARC-COLOR-SIN-FONDO-e1732295305345.png","width":1164,"height":558,"caption":"Distribuci\u00f3n ARC"},"image":{"@id":"https:\/\/www.distribucionarc.com\/sl\/#\/schema\/logo\/image\/"},"description":"Entreprise sp\u00e9cialis\u00e9e dans la fabrication et la distribution de machines industrielles pour les secteurs alimentaire et pharmaceutique. Nous sommes sp\u00e9cialis\u00e9s dans : Machines \u00e0 couper la viande Fabrication de comprim\u00e9s Syst\u00e8mes de transport industriel Lignes d'embouteillage Machines de dosage Et bien plus encore... Nous proposons des solutions innovantes et personnalis\u00e9es pour optimiser les processus de production de votre entreprise.","email":"Admistracion@distribucionarc.com","telephone":"+34 643496664","legalName":"ARC TECH SOLUTIONS","foundingDate":"2024-04-09","vatID":"B55480172","numberOfEmployees":{"@type":"QuantitativeValue","minValue":"1","maxValue":"10"}}]}},"_links":{"self":[{"href":"https:\/\/distribucionarc.com\/fr\/wp-json\/wp\/v2\/product\/2907","targetHints":{"allow":["GET"]}}],"collection":[{"href":"https:\/\/distribucionarc.com\/fr\/wp-json\/wp\/v2\/product"}],"about":[{"href":"https:\/\/distribucionarc.com\/fr\/wp-json\/wp\/v2\/types\/product"}],"replies":[{"embeddable":true,"href":"https:\/\/distribucionarc.com\/fr\/wp-json\/wp\/v2\/comments?post=2907"}],"version-history":[{"count":0,"href":"https:\/\/distribucionarc.com\/fr\/wp-json\/wp\/v2\/product\/2907\/revisions"}],"wp:featuredmedia":[{"embeddable":true,"href":"https:\/\/distribucionarc.com\/fr\/wp-json\/wp\/v2\/media\/2908"}],"wp:attachment":[{"href":"https:\/\/distribucionarc.com\/fr\/wp-json\/wp\/v2\/media?parent=2907"}],"wp:term":[{"taxonomy":"product_brand","embeddable":true,"href":"https:\/\/distribucionarc.com\/fr\/wp-json\/wp\/v2\/product_brand?post=2907"},{"taxonomy":"product_cat","embeddable":true,"href":"https:\/\/distribucionarc.com\/fr\/wp-json\/wp\/v2\/product_cat?post=2907"},{"taxonomy":"product_tag","embeddable":true,"href":"https:\/\/distribucionarc.com\/fr\/wp-json\/wp\/v2\/product_tag?post=2907"}],"curies":[{"name":"wp","href":"https:\/\/api.w.org\/{rel}","templated":true}]}}