{"id":3083,"date":"2020-09-21T13:57:06","date_gmt":"2020-09-21T13:57:06","guid":{"rendered":"https:\/\/distribucionarc.com\/?post_type=product&#038;p=3083"},"modified":"2020-10-01T13:49:40","modified_gmt":"2020-10-01T13:49:40","slug":"chauffe-plats-12-plateaux","status":"publish","type":"product","link":"https:\/\/distribucionarc.com\/fr\/producto\/calentador-de-platos-de-12-bandejas\/","title":{"rendered":"Chauffe-plat \u00e0 12 plateaux"},"content":{"rendered":"<h3 class=\"product_title entry-title\"><strong>Chauffe-plat \u00e0 12 plateaux<\/strong><\/h3>\n<p>Ce\u00a0<strong>chauffe-plats au bain-marie<\/strong>\u00a0Il est fait de la meilleure qualit\u00e9<strong>acier inoxydable de qualit\u00e9 alimentaire z\u00e9ro<\/strong>, ce qui garantit un produit durable et conforme aux r\u00e9glementations sanitaires. L&#039;\u00e9paisseur des feuilles atteint jusqu&#039;\u00e0 0,7 mm. L&#039;\u00e9l\u00e9ment chauffant en forme de U en acier inoxydable 304 adopte un chauffage tridimensionnel, avec une circulation \u00e0 haute temp\u00e9rature et une zone de chauffage plus grande garantissant plus d&#039;efficacit\u00e9.<\/p>\n<p>Ce\u00a0<strong>chauffe-soupe\u00a0<span style=\"color: #ff0000;\">\u00c0<\/span><span style=\"color: #0000ff;\">R.<\/span>c<\/strong>\u00a0Sp\u00e9cial buffets, il dispose d&#039;un protecteur amovible en verre tremp\u00e9 de 8 mm d&#039;\u00e9paisseur. Gr\u00e2ce au bouclier en verre, vos clients peuvent observer directement leurs plats, tout en garantissant l&#039;hygi\u00e8ne alimentaire.<\/p>\n<p>Ce\u00a0<strong>plateau pour garder les aliments au chaud <span style=\"color: #ff0000;\">\u00c0<\/span><span style=\"color: #0000ff;\">R.<\/span>CBBM12<\/strong>\u00a0Il est livr\u00e9 avec huit casseroles amovibles de grande capacit\u00e9, fabriqu\u00e9es en acier inoxydable de qualit\u00e9 alimentaire. La dimension de chaque\u00a0<strong>plateau<\/strong>\u00a0est de\u00a0<strong>1\/3 taille universelle<\/strong> (32,5 \u00d7 17,6 \u00d7 15 cm) bien que ceux-ci soient jusqu&#039;\u00e0 15 cm plus profonds que les autres, obtenant une capacit\u00e9 suppl\u00e9mentaire de 50%. Chaque plateau alimentaire est dot\u00e9 d&#039;un couvercle en acier inoxydable pour emp\u00eacher la poussi\u00e8re de p\u00e9n\u00e9trer dans les aliments.<\/p>\n<p>Vous pouvez facilement r\u00e9gler la temp\u00e9rature de 30\u2103 \u00e0 85\u2103 avec le bouton rotatif. Un thermom\u00e8tre vous indique la temp\u00e9rature en temps r\u00e9el. Il est \u00e9quip\u00e9 d&#039;un robinet de vidange pour \u00e9vacuer facilement l&#039;exc\u00e8s d&#039;eau.<\/p>\n<h6><strong>Garantie\u00a0<span style=\"color: #ff0000;\">\u00c0<\/span><span style=\"color: #0000ff;\">R.<\/span>C 2 ANS<\/strong><\/h6>\n<h6><span style=\"color: #008000;\">Chauffe-plats efficace, faible consommation 1850w<\/span><\/h6>\n<h6><strong>support technique inclus<\/strong><\/h6>\n<p>&nbsp;<\/p>\n<p>&nbsp;<\/p>\n<table role=\"presentation\" width=\"100%\" cellspacing=\"0\" cellpadding=\"0\">\n<tbody>\n<tr>\n<td class=\"attrLabels\">Marque:<\/td>\n<td width=\"50.0%\">ARC<\/td>\n<\/tr>\n<tr>\n<td class=\"attrLabels\">Pays de distribution\u00a0:<\/td>\n<td width=\"50.0%\">Espagne, Allemagne, \u00c9tats-Unis<\/td>\n<td class=\"attrLabels\">Poids:<\/td>\n<td width=\"50.0%\">34 kg<\/td>\n<\/tr>\n<tr>\n<td class=\"attrLabels\">Marque:<\/td>\n<td width=\"50.0%\">ARC<\/td>\n<td class=\"attrLabels\">Hauteur:<\/td>\n<td width=\"50.0%\">40 cm<\/td>\n<\/tr>\n<tr>\n<td class=\"attrLabels\">Couleur:<\/td>\n<td width=\"50.0%\">Argent<\/td>\n<td class=\"attrLabels\">Long:<\/td>\n<td width=\"50.0%\">149 cm<\/td>\n<\/tr>\n<tr>\n<td class=\"attrLabels\">Type de produit\u00a0:<\/td>\n<td width=\"50.0%\">Plateau chauffant pour aliments<\/td>\n<td class=\"attrLabels\">Large:<\/td>\n<td width=\"50.0%\">57,9 cm<\/td>\n<\/tr>\n<tr>\n<td class=\"attrLabels\">Num\u00e9ro du fabricant :<\/td>\n<td width=\"50.0%\">ARCBBM12<\/td>\n<td class=\"attrLabels\">Pouvoir:<\/td>\n<td width=\"50.0%\">1800W<\/td>\n<\/tr>\n<tr>\n<td class=\"attrLabels\">Mat\u00e9riel:<\/td>\n<td width=\"50.0%\">en acier inoxydable, contr\u00f4le de la temp\u00e9rature<\/td>\n<td class=\"attrLabels\">tension d&#039;entr\u00e9e<\/td>\n<td width=\"50.0%\">230 V \u2013 50 Hz<\/td>\n<\/tr>\n<tr>\n<td class=\"attrLabels\">Garantie:<\/td>\n<td width=\"50.0%\">\u00a0 2 ans<\/td>\n<td class=\"attrLabels\">Temp\u00e9rature:<\/td>\n<td width=\"50.0%\">30\u00ba \u2013 85\u00ba C<\/td>\n<\/tr>\n<tr>\n<td class=\"attrLabels\">Outils d&#039;installation\u00a0:<\/td>\n<td width=\"50.0%\">Ouais<\/td>\n<td class=\"attrLabels\">Conteneurs\u00a0:<\/td>\n<td width=\"50.0%\">\u00a08 GN 1\/3 (32,5 \u00d7 17,6 \u00d7 15 cm)<\/td>\n<\/tr>\n<\/tbody>\n<\/table>","protected":false},"excerpt":{"rendered":"<h2 class=\"product_title entry-title\"><strong>Chauffe-plat \u00e0 12 plateaux<\/strong><\/h2>\n<p>Le<strong>\u00a0chauffe-plats<span style=\"color: #ff0000;\">\u00a0\u00c0<\/span><span style=\"color: #0000ff;\">R.<\/span>c<\/strong> maintient les aliments pr\u00e9cuits \u00e0 la temp\u00e9rature id\u00e9ale afin qu&#039;ils conservent toute leur saveur et leur texture pendant de longues p\u00e9riodes. Ils sont fabriqu\u00e9s \u00e0 partir du meilleur acier inoxydable de qualit\u00e9 alimentaire, faciles \u00e0 nettoyer, hygi\u00e9niques et n&#039;alt\u00e8rent pas le go\u00fbt du produit. Remplissez simplement le niveau d&#039;eau indiqu\u00e9 et ajustez les 12 plateaux sur le comptoir, il dispose de verre tremp\u00e9 pour assurer une meilleure hygi\u00e8ne et faciliter la visibilit\u00e9 des aliments. Vous pouvez r\u00e9gler la temp\u00e9rature entre 30\u2103 et 85\u2103 avec le bouton rotatif, pour garder les aliments au chaud sans coller, br\u00fbler ou se dess\u00e9cher. Ces <strong>chauffe-bain-marie<\/strong>\u00a0Elles sont id\u00e9ales pour les buffets, restaurants, bars, fast-food, h\u00f4tels, etc.<\/p>\n<h6><strong>Garantie\u00a0<span style=\"color: #ff0000;\">\u00c0<\/span><span style=\"color: #0000ff;\">R.<\/span>C 2 ANS<\/strong><\/h6>\n<h6><span style=\"color: #008000;\">Chauffe-plats efficace, faible consommation 1800w<\/span><\/h6>\n<p><strong>support technique inclus<\/strong><\/p>","protected":false},"featured_media":3084,"comment_status":"open","ping_status":"closed","template":"","meta":{"wds_primary_product_brand":0,"wds_primary_product_cat":0},"product_brand":[],"product_cat":[41],"product_tag":[],"class_list":{"0":"post-3083","1":"product","2":"type-product","3":"status-publish","4":"has-post-thumbnail","6":"product_cat-expositor-de-alimentos","7":"product_shipping_class-hosteleria","9":"first","10":"instock","11":"sale","12":"taxable","13":"shipping-taxable","14":"purchasable","15":"product-type-simple"},"yoast_head":"<!-- This site is optimized with the Yoast SEO Premium plugin v24.9 (Yoast SEO v26.1) - https:\/\/yoast.com\/wordpress\/plugins\/seo\/ -->\n<title>Calentador de platos de 12 bandejas - distribuci\u00f3n ARC<\/title>\n<meta name=\"robots\" content=\"index, follow, max-snippet:-1, max-image-preview:large, max-video-preview:-1\" \/>\n<link rel=\"canonical\" href=\"https:\/\/distribucionarc.com\/fr\/produit\/chauffe-plats-12-plateaux\/\" \/>\n<meta property=\"og:locale\" content=\"fr_FR\" \/>\n<meta property=\"og:type\" content=\"article\" \/>\n<meta property=\"og:title\" content=\"Calentador de platos de 12 bandejas\" \/>\n<meta property=\"og:description\" content=\"Calentador de platos de 12 bandejas Los\u00a0calentadores de platos\u00a0ARC mantiene la comida precocinada a la temperatura perfecta para que conserven todo el sabor y textura durante largos periodos de tiempo. Est\u00e1n fabricados del mejor acero inoxidable para alimentos f\u00e1cil de limpiar, higi\u00e9nico y no alteran el sabor del producto. Tan solo llene el nivel de agua indicado y ajuste las 12 bandejas en el mostrador, cuenta con vidrio de cristal templado para asegurar mayor higiene y facilitar la visibilidad de los alimentos. Puede ajustar la temperatura entre 30\u2103 y 85\u2103 con el bot\u00f3n giratorio, para mantener la comida caliente sin que se pegue, queme o se seque. Estos calentadores de ba\u00f1o mar\u00eda\u00a0son ideales para buffets, restaurantes, bares, restaurantes de comida r\u00e1pida, hoteles, etc. Garant\u00eda\u00a0ARC 2 A\u00d1OS Calentador de alimentos eficiente, bajo consumo 1800w soporte t\u00e9cnico incluido\" \/>\n<meta property=\"og:url\" content=\"https:\/\/distribucionarc.com\/fr\/produit\/chauffe-plats-12-plateaux\/\" \/>\n<meta property=\"og:site_name\" content=\"distribuci\u00f3n ARC\" \/>\n<meta property=\"article:modified_time\" content=\"2020-10-01T13:49:40+00:00\" \/>\n<meta property=\"og:image\" content=\"https:\/\/distribucionarc.com\/wp-content\/uploads\/2020\/09\/Calentador-de-platos-de-12-bandejas-0.jpg\" \/>\n\t<meta property=\"og:image:width\" content=\"1600\" \/>\n\t<meta property=\"og:image:height\" content=\"1600\" \/>\n\t<meta property=\"og:image:type\" content=\"image\/jpeg\" \/>\n<meta name=\"twitter:card\" content=\"summary_large_image\" \/>\n<meta name=\"twitter:label1\" content=\"Dur\u00e9e de lecture estim\u00e9e\" \/>\n\t<meta name=\"twitter:data1\" content=\"2 minutes\" \/>\n<script type=\"application\/ld+json\" class=\"yoast-schema-graph\">{\"@context\":\"https:\/\/schema.org\",\"@graph\":[{\"@type\":\"WebPage\",\"@id\":\"https:\/\/distribucionarc.com\/en\/producto\/calentador-de-platos-de-12-bandejas\/\",\"url\":\"https:\/\/distribucionarc.com\/en\/producto\/calentador-de-platos-de-12-bandejas\/\",\"name\":\"Calentador de platos de 12 bandejas - distribuci\u00f3n ARC\",\"isPartOf\":{\"@id\":\"https:\/\/distribucionarc.com\/en\/#website\"},\"primaryImageOfPage\":{\"@id\":\"https:\/\/distribucionarc.com\/en\/producto\/calentador-de-platos-de-12-bandejas\/#primaryimage\"},\"image\":{\"@id\":\"https:\/\/distribucionarc.com\/en\/producto\/calentador-de-platos-de-12-bandejas\/#primaryimage\"},\"thumbnailUrl\":\"https:\/\/distribucionarc.com\/wp-content\/uploads\/2020\/09\/Calentador-de-platos-de-12-bandejas-0.jpg\",\"datePublished\":\"2020-09-21T13:57:06+00:00\",\"dateModified\":\"2020-10-01T13:49:40+00:00\",\"breadcrumb\":{\"@id\":\"https:\/\/distribucionarc.com\/en\/producto\/calentador-de-platos-de-12-bandejas\/#breadcrumb\"},\"inLanguage\":\"fr-FR\",\"potentialAction\":[{\"@type\":\"ReadAction\",\"target\":[\"https:\/\/distribucionarc.com\/en\/producto\/calentador-de-platos-de-12-bandejas\/\"]}]},{\"@type\":\"ImageObject\",\"inLanguage\":\"fr-FR\",\"@id\":\"https:\/\/distribucionarc.com\/en\/producto\/calentador-de-platos-de-12-bandejas\/#primaryimage\",\"url\":\"https:\/\/distribucionarc.com\/wp-content\/uploads\/2020\/09\/Calentador-de-platos-de-12-bandejas-0.jpg\",\"contentUrl\":\"https:\/\/distribucionarc.com\/wp-content\/uploads\/2020\/09\/Calentador-de-platos-de-12-bandejas-0.jpg\",\"width\":1600,\"height\":1600,\"caption\":\"Calentador de platos de 12 bandejas\"},{\"@type\":\"BreadcrumbList\",\"@id\":\"https:\/\/distribucionarc.com\/en\/producto\/calentador-de-platos-de-12-bandejas\/#breadcrumb\",\"itemListElement\":[{\"@type\":\"ListItem\",\"position\":1,\"name\":\"Portada\",\"item\":\"https:\/\/jagdesd.tempurl.host\/\"},{\"@type\":\"ListItem\",\"position\":2,\"name\":\"Productos\",\"item\":\"https:\/\/jagdesd.tempurl.host\/shop\/\"},{\"@type\":\"ListItem\",\"position\":3,\"name\":\"Calentador de platos de 12 bandejas\"}]},{\"@type\":\"WebSite\",\"@id\":\"https:\/\/distribucionarc.com\/en\/#website\",\"url\":\"https:\/\/distribucionarc.com\/en\/\",\"name\":\"distribuci\u00f3n ARC\",\"description\":\"Empresa especializada en la fabricaci\u00f3n y distribuci\u00f3n de maquinaria industrial, selladoras de latas, Maquinas de hacer pastillas, Maquinas de cortar carne...\",\"publisher\":{\"@id\":\"https:\/\/distribucionarc.com\/en\/#organization\"},\"potentialAction\":[{\"@type\":\"SearchAction\",\"target\":{\"@type\":\"EntryPoint\",\"urlTemplate\":\"https:\/\/distribucionarc.com\/en\/?s={search_term_string}\"},\"query-input\":{\"@type\":\"PropertyValueSpecification\",\"valueRequired\":true,\"valueName\":\"search_term_string\"}}],\"inLanguage\":\"fr-FR\"},{\"@type\":\"Organization\",\"@id\":\"https:\/\/distribucionarc.com\/en\/#organization\",\"name\":\"Distribuci\u00f3n ARC\",\"url\":\"https:\/\/distribucionarc.com\/en\/\",\"logo\":{\"@type\":\"ImageObject\",\"inLanguage\":\"fr-FR\",\"@id\":\"https:\/\/distribucionarc.com\/en\/#\/schema\/logo\/image\/\",\"url\":\"https:\/\/distribucionarc.com\/wp-content\/uploads\/2024\/10\/distribucion-ARC-COLOR-SIN-FONDO-e1732295305345.png\",\"contentUrl\":\"https:\/\/distribucionarc.com\/wp-content\/uploads\/2024\/10\/distribucion-ARC-COLOR-SIN-FONDO-e1732295305345.png\",\"width\":1164,\"height\":558,\"caption\":\"Distribuci\u00f3n ARC\"},\"image\":{\"@id\":\"https:\/\/distribucionarc.com\/en\/#\/schema\/logo\/image\/\"},\"description\":\"Empresa especializada en la fabricaci\u00f3n y distribuci\u00f3n de maquinaria industrial para los sectores alimentario y farmac\u00e9utico. Nos especializamos en: M\u00e1quinas de cortar carne Fabricaci\u00f3n de comprimidos Sistemas de transporte industrial L\u00edneas de embotellado Dosificadores Y mucho m\u00e1s... Ofrecemos soluciones innovadoras y personalizadas para optimizar los procesos productivos de tu empresa.\",\"email\":\"Admistracion@distribucionarc.com\",\"telephone\":\"+34 643496664\",\"legalName\":\"ARC TECH SOLUTIONS\",\"foundingDate\":\"2024-04-09\",\"vatID\":\"B55480172\",\"numberOfEmployees\":{\"@type\":\"QuantitativeValue\",\"minValue\":\"1\",\"maxValue\":\"10\"}}]}<\/script>\n<!-- \/ Yoast SEO Premium plugin. -->","yoast_head_json":{"title":"Chauffe-assiettes 12 plateaux - Distribution ARC","robots":{"index":"index","follow":"follow","max-snippet":"max-snippet:-1","max-image-preview":"max-image-preview:large","max-video-preview":"max-video-preview:-1"},"canonical":"https:\/\/distribucionarc.com\/fr\/produit\/chauffe-plats-12-plateaux\/","og_locale":"fr_FR","og_type":"article","og_title":"Calentador de platos de 12 bandejas","og_description":"Calentador de platos de 12 bandejas Los\u00a0calentadores de platos\u00a0ARC mantiene la comida precocinada a la temperatura perfecta para que conserven todo el sabor y textura durante largos periodos de tiempo. Est\u00e1n fabricados del mejor acero inoxidable para alimentos f\u00e1cil de limpiar, higi\u00e9nico y no alteran el sabor del producto. Tan solo llene el nivel de agua indicado y ajuste las 12 bandejas en el mostrador, cuenta con vidrio de cristal templado para asegurar mayor higiene y facilitar la visibilidad de los alimentos. Puede ajustar la temperatura entre 30\u2103 y 85\u2103 con el bot\u00f3n giratorio, para mantener la comida caliente sin que se pegue, queme o se seque. Estos calentadores de ba\u00f1o mar\u00eda\u00a0son ideales para buffets, restaurantes, bares, restaurantes de comida r\u00e1pida, hoteles, etc. Garant\u00eda\u00a0ARC 2 A\u00d1OS Calentador de alimentos eficiente, bajo consumo 1800w soporte t\u00e9cnico incluido","og_url":"https:\/\/distribucionarc.com\/fr\/produit\/chauffe-plats-12-plateaux\/","og_site_name":"distribuci\u00f3n ARC","article_modified_time":"2020-10-01T13:49:40+00:00","og_image":[{"width":1600,"height":1600,"url":"https:\/\/distribucionarc.com\/wp-content\/uploads\/2020\/09\/Calentador-de-platos-de-12-bandejas-0.jpg","type":"image\/jpeg"}],"twitter_card":"summary_large_image","twitter_misc":{"Dur\u00e9e de lecture estim\u00e9e":"2 minutes"},"schema":{"@context":"https:\/\/schema.org","@graph":[{"@type":"WebPage","@id":"https:\/\/distribucionarc.com\/en\/producto\/calentador-de-platos-de-12-bandejas\/","url":"https:\/\/distribucionarc.com\/en\/producto\/calentador-de-platos-de-12-bandejas\/","name":"Chauffe-assiettes 12 plateaux - Distribution ARC","isPartOf":{"@id":"https:\/\/distribucionarc.com\/en\/#website"},"primaryImageOfPage":{"@id":"https:\/\/distribucionarc.com\/en\/producto\/calentador-de-platos-de-12-bandejas\/#primaryimage"},"image":{"@id":"https:\/\/distribucionarc.com\/en\/producto\/calentador-de-platos-de-12-bandejas\/#primaryimage"},"thumbnailUrl":"https:\/\/distribucionarc.com\/wp-content\/uploads\/2020\/09\/Calentador-de-platos-de-12-bandejas-0.jpg","datePublished":"2020-09-21T13:57:06+00:00","dateModified":"2020-10-01T13:49:40+00:00","breadcrumb":{"@id":"https:\/\/distribucionarc.com\/en\/producto\/calentador-de-platos-de-12-bandejas\/#breadcrumb"},"inLanguage":"fr-FR","potentialAction":[{"@type":"ReadAction","target":["https:\/\/distribucionarc.com\/en\/producto\/calentador-de-platos-de-12-bandejas\/"]}]},{"@type":"ImageObject","inLanguage":"fr-FR","@id":"https:\/\/distribucionarc.com\/en\/producto\/calentador-de-platos-de-12-bandejas\/#primaryimage","url":"https:\/\/distribucionarc.com\/wp-content\/uploads\/2020\/09\/Calentador-de-platos-de-12-bandejas-0.jpg","contentUrl":"https:\/\/distribucionarc.com\/wp-content\/uploads\/2020\/09\/Calentador-de-platos-de-12-bandejas-0.jpg","width":1600,"height":1600,"caption":"Calentador de platos de 12 bandejas"},{"@type":"BreadcrumbList","@id":"https:\/\/distribucionarc.com\/en\/producto\/calentador-de-platos-de-12-bandejas\/#breadcrumb","itemListElement":[{"@type":"ListItem","position":1,"name":"Portada","item":"https:\/\/jagdesd.tempurl.host\/"},{"@type":"ListItem","position":2,"name":"Productos","item":"https:\/\/jagdesd.tempurl.host\/shop\/"},{"@type":"ListItem","position":3,"name":"Calentador de platos de 12 bandejas"}]},{"@type":"WebSite","@id":"https:\/\/distribucionarc.com\/en\/#website","url":"https:\/\/distribucionarc.com\/en\/","name":"R\u00e9partition de l&#039;ARC","description":"Entreprise sp\u00e9cialis\u00e9e dans la fabrication et la distribution de machines industrielles, scelleuses de bo\u00eetes, machines \u00e0 comprim\u00e9s, machines \u00e0 d\u00e9couper la viande...","publisher":{"@id":"https:\/\/distribucionarc.com\/en\/#organization"},"potentialAction":[{"@type":"SearchAction","target":{"@type":"EntryPoint","urlTemplate":"https:\/\/distribucionarc.com\/en\/?s={search_term_string}"},"query-input":{"@type":"PropertyValueSpecification","valueRequired":true,"valueName":"search_term_string"}}],"inLanguage":"fr-FR"},{"@type":"Organization","@id":"https:\/\/distribucionarc.com\/en\/#organization","name":"Distribution ARC","url":"https:\/\/distribucionarc.com\/en\/","logo":{"@type":"ImageObject","inLanguage":"fr-FR","@id":"https:\/\/distribucionarc.com\/en\/#\/schema\/logo\/image\/","url":"https:\/\/distribucionarc.com\/wp-content\/uploads\/2024\/10\/distribucion-ARC-COLOR-SIN-FONDO-e1732295305345.png","contentUrl":"https:\/\/distribucionarc.com\/wp-content\/uploads\/2024\/10\/distribucion-ARC-COLOR-SIN-FONDO-e1732295305345.png","width":1164,"height":558,"caption":"Distribuci\u00f3n ARC"},"image":{"@id":"https:\/\/distribucionarc.com\/en\/#\/schema\/logo\/image\/"},"description":"Entreprise sp\u00e9cialis\u00e9e dans la fabrication et la distribution de machines industrielles pour les secteurs alimentaire et pharmaceutique. Nous sommes sp\u00e9cialis\u00e9s dans : Machines \u00e0 couper la viande Fabrication de comprim\u00e9s Syst\u00e8mes de transport industriel Lignes d'embouteillage Machines de dosage Et bien plus encore... Nous proposons des solutions innovantes et personnalis\u00e9es pour optimiser les processus de production de votre entreprise.","email":"Admistracion@distribucionarc.com","telephone":"+34 643496664","legalName":"ARC TECH SOLUTIONS","foundingDate":"2024-04-09","vatID":"B55480172","numberOfEmployees":{"@type":"QuantitativeValue","minValue":"1","maxValue":"10"}}]}},"_links":{"self":[{"href":"https:\/\/distribucionarc.com\/fr\/wp-json\/wp\/v2\/product\/3083","targetHints":{"allow":["GET"]}}],"collection":[{"href":"https:\/\/distribucionarc.com\/fr\/wp-json\/wp\/v2\/product"}],"about":[{"href":"https:\/\/distribucionarc.com\/fr\/wp-json\/wp\/v2\/types\/product"}],"replies":[{"embeddable":true,"href":"https:\/\/distribucionarc.com\/fr\/wp-json\/wp\/v2\/comments?post=3083"}],"version-history":[{"count":1,"href":"https:\/\/distribucionarc.com\/fr\/wp-json\/wp\/v2\/product\/3083\/revisions"}],"predecessor-version":[{"id":17250,"href":"https:\/\/distribucionarc.com\/fr\/wp-json\/wp\/v2\/product\/3083\/revisions\/17250"}],"wp:featuredmedia":[{"embeddable":true,"href":"https:\/\/distribucionarc.com\/fr\/wp-json\/wp\/v2\/media\/3084"}],"wp:attachment":[{"href":"https:\/\/distribucionarc.com\/fr\/wp-json\/wp\/v2\/media?parent=3083"}],"wp:term":[{"taxonomy":"product_brand","embeddable":true,"href":"https:\/\/distribucionarc.com\/fr\/wp-json\/wp\/v2\/product_brand?post=3083"},{"taxonomy":"product_cat","embeddable":true,"href":"https:\/\/distribucionarc.com\/fr\/wp-json\/wp\/v2\/product_cat?post=3083"},{"taxonomy":"product_tag","embeddable":true,"href":"https:\/\/distribucionarc.com\/fr\/wp-json\/wp\/v2\/product_tag?post=3083"}],"curies":[{"name":"wp","href":"https:\/\/api.w.org\/{rel}","templated":true}]}}