{"id":3091,"date":"2020-09-21T14:37:20","date_gmt":"2020-09-21T14:37:20","guid":{"rendered":"https:\/\/distribucionarc.com\/?post_type=product&#038;p=3091"},"modified":"2023-05-04T11:34:07","modified_gmt":"2023-05-04T11:34:07","slug":"pressoir-electrique-pour-canne-a-sucre","status":"publish","type":"product","link":"https:\/\/distribucionarc.com\/fr\/producto\/exprimidor-electrico-para-cana-de-azucar\/","title":{"rendered":"Presse-agrumes \u00e9lectrique pour canne \u00e0 sucre"},"content":{"rendered":"<h3>Presse-agrumes \u00e9lectrique pour canne \u00e0 sucre<\/h3>\n<p>Le bo\u00eetier ext\u00e9rieur, toutes les entr\u00e9es et sorties du <strong>presse-agrumes industriel de canne \u00e0 sucre <span style=\"color: #ff0000;\">\u00c0<\/span><span style=\"color: #0000ff;\">R.<\/span>c<\/strong> Adoptez un acier inoxydable 304 de qualit\u00e9 alimentaire plus durable et hygi\u00e9nique, les 4 rouleaux int\u00e9rieurs sont en acier inoxydable solide, stable et durable. Ceux-ci facilitent la s\u00e9paration du jus de canne \u00e0 sucre et des r\u00e9sidus. En appuyant deux fois vous obtenez une s\u00e9paration plus compl\u00e8te ainsi que <strong>une plus grande quantit\u00e9 de jus.<\/strong><\/p>\n<p>La taille et la profondeur appropri\u00e9es de la zone d&#039;entr\u00e9e facilitent l&#039;entr\u00e9e dans la canne \u00e0 sucre. Il dispose d&#039;une sortie de d\u00e9chets de grand diam\u00e8tre pour \u00e9vacuer efficacement les d\u00e9chets\u00a0; La sortie du jus a un angle d&#039;inclinaison raisonnable pour rendre le jus fluide. Il poss\u00e8de une porte en acrylique transparent qui vous permet d&#039;observer toute la proc\u00e9dure.<\/p>\n<p>Le <strong>extracteur de canne \u00e0 sucre <span style=\"color: #ff0000;\">\u00c0<\/span><span style=\"color: #0000ff;\">R.<\/span>CECA4<\/strong> Il dispose d&#039;une bonne ventilation, r\u00e9duisant ainsi efficacement la chaleur g\u00e9n\u00e9r\u00e9e par les composants et contribuant \u00e0 prolonger la dur\u00e9e de vie utile de la machine. Il dispose d&#039;un interrupteur de s\u00e9curit\u00e9 pour changer la direction des rouleaux en cas de blocage.<\/p>\n<h6><strong>Garantie\u00a0<span style=\"color: #ff0000;\">\u00c0<\/span><span style=\"color: #0000ff;\">R.<\/span>C 2 ANS<\/strong><\/h6>\n<h6><span style=\"color: #008000;\">Presse-agrumes de canne \u00e0 sucre efficace, basse consommation 700w<\/span><\/h6>\n<h6><strong>support technique inclus<\/strong><\/h6>\n<p>&nbsp;<\/p>\n<table role=\"presentation\" width=\"100%\" cellspacing=\"0\" cellpadding=\"0\">\n<tbody>\n<tr>\n<td class=\"attrLabels\">Marque:<\/td>\n<td width=\"50.0%\">ARC<\/td>\n<\/tr>\n<tr>\n<td class=\"attrLabels\">Pays de distribution\u00a0:<\/td>\n<td width=\"50.0%\">Espagne, Allemagne, \u00c9tats-Unis<\/td>\n<td class=\"attrLabels\">Poids:<\/td>\n<td width=\"50.0%\">68 kg<\/td>\n<\/tr>\n<tr>\n<td class=\"attrLabels\">Garantie:<\/td>\n<td width=\"50.0%\">2 ans<\/td>\n<td class=\"attrLabels\">Hauteur:<\/td>\n<td width=\"50.0%\">46,8 cm<\/td>\n<\/tr>\n<tr>\n<td class=\"attrLabels\">Couleur:<\/td>\n<td width=\"50.0%\">Argent<\/td>\n<td class=\"attrLabels\">Long:<\/td>\n<td width=\"50.0%\">36,8 cm<\/td>\n<\/tr>\n<tr>\n<td class=\"attrLabels\">Type de produit\u00a0:<\/td>\n<td width=\"50.0%\">Presse-agrumes de canne \u00e0 sucre<\/td>\n<td class=\"attrLabels\">Large:<\/td>\n<td width=\"50.0%\">31,7 cm<\/td>\n<\/tr>\n<tr>\n<td class=\"attrLabels\">Num\u00e9ro du fabricant :<\/td>\n<td width=\"50.0%\">ARCECA4<\/td>\n<td class=\"attrLabels\">Nombre et taille des rouleaux :<\/td>\n<td width=\"50.0%\">4 de 7 x 10 cm<\/td>\n<\/tr>\n<tr>\n<td class=\"attrLabels\">Mat\u00e9riel:<\/td>\n<td width=\"50.0%\">acier inoxydable, moteur efficace<\/td>\n<td class=\"attrLabels\">Tension d&#039;entr\u00e9e\u00a0:<\/td>\n<td width=\"50.0%\">220 V \u2013 50 Hz<\/td>\n<\/tr>\n<tr>\n<td class=\"attrLabels\">Pouvoir:<\/td>\n<td width=\"50.0%\">\u00a0 700W<\/td>\n<td class=\"attrLabels\">Poursuite:<\/td>\n<td width=\"50.0%\">250 kg par heure<\/td>\n<\/tr>\n<tr>\n<td class=\"attrLabels\">Tension d&#039;entr\u00e9e\u00a0:<\/td>\n<td width=\"50.0%\">220 V \u2013 50 Hz<\/td>\n<td class=\"attrLabels\">Vitesse de rotation\u00a0:<\/td>\n<td width=\"50.0%\">15 tours<\/td>\n<\/tr>\n<\/tbody>\n<\/table>","protected":false},"excerpt":{"rendered":"<h2>Presse-agrumes \u00e9lectrique pour canne \u00e0 sucre<\/h2>\n<p>Ce <strong>extracteur de jus de canne \u00e9lectrique <span style=\"color: #ff0000;\">\u00c0<\/span><span style=\"color: #0000ff;\">R.<\/span>c<\/strong> Il est fabriqu\u00e9 en acier inoxydable de qualit\u00e9 alimentaire solide et stable. Il utilise 4 rouleaux en acier inoxydable enti\u00e8rement solides pour s\u00e9parer facilement le jus et les r\u00e9sidus de la canne \u00e0 sucre, c&#039;est <strong>presser deux fois<\/strong> pour assurer un <strong>s\u00e9paration plus compl\u00e8te<\/strong> et ainsi retirer le <strong>avantage maximal<\/strong> de chaque canne \u00e0 sucre. Il est facile \u00e0 utiliser et convient particuli\u00e8rement aux h\u00f4tels, fruiteries, magasins de boissons fra\u00eeches, \u00e9coles, etc.<\/p>\n<h6><strong>Garantie\u00a0<span style=\"color: #ff0000;\">\u00c0<\/span><span style=\"color: #0000ff;\">R.<\/span>C 2 ANS<\/strong><\/h6>\n<h6><span style=\"color: #008000;\">Presse-agrumes de canne \u00e0 sucre efficace, basse consommation 700w<\/span><\/h6>\n<h6><strong>support technique inclus<\/strong><\/h6>","protected":false},"featured_media":3098,"comment_status":"open","ping_status":"closed","template":"","meta":{"wds_primary_product_brand":0,"wds_primary_product_cat":0},"product_brand":[],"product_cat":[30,65],"product_tag":[],"class_list":{"0":"post-3091","1":"product","2":"type-product","3":"status-publish","4":"has-post-thumbnail","6":"product_cat-maquinaria-apicola","7":"product_cat-maquinaria-industrial-para-procesar-fruta-verdura-panales","8":"product_shipping_class-express","10":"first","11":"instock","12":"taxable","13":"shipping-taxable","14":"purchasable","15":"product-type-simple"},"yoast_head":"<!-- This site is optimized with the Yoast SEO Premium plugin v24.9 (Yoast SEO v26.1) - https:\/\/yoast.com\/wordpress\/plugins\/seo\/ -->\n<title>Exprimidor el\u00e9ctrico para ca\u00f1a de az\u00facar - distribuci\u00f3n ARC<\/title>\n<meta name=\"robots\" content=\"index, follow, max-snippet:-1, max-image-preview:large, max-video-preview:-1\" \/>\n<link rel=\"canonical\" href=\"https:\/\/www.distribucionarc.com\/en\/producto\/exprimidor-electrico-para-cana-de-azucar\/\" \/>\n<meta property=\"og:locale\" content=\"fr_FR\" \/>\n<meta property=\"og:type\" content=\"article\" \/>\n<meta property=\"og:title\" content=\"Exprimidor el\u00e9ctrico para ca\u00f1a de az\u00facar\" \/>\n<meta property=\"og:description\" content=\"Exprimidor el\u00e9ctrico para ca\u00f1a de az\u00facar Este extractor de zumo de ca\u00f1a el\u00e9ctrico ARC est\u00e1 hecho de acero inoxidable alimenticio fuerte y estable. Utiliza 4 rodillos de acero inoxidable totalmente s\u00f3lidos para separar f\u00e1cil el jugo y los residuos de la ca\u00f1a de az\u00facar, esta se exprime dos veces para asegurar una separaci\u00f3n m\u00e1s completa y as\u00ed sacar el m\u00e1ximo provecho de cada ca\u00f1a de az\u00facar. Es f\u00e1cil de operar y es especialmente adecuado para hoteles, fruter\u00edas, tiendas de bebidas fr\u00edas, escuelas, etc. Garant\u00eda\u00a0ARC 2 A\u00d1OS Exprimidor para ca\u00f1a de az\u00facar eficiente, bajo consumo 700w soporte t\u00e9cnico incluido\" \/>\n<meta property=\"og:url\" content=\"https:\/\/www.distribucionarc.com\/en\/producto\/exprimidor-electrico-para-cana-de-azucar\/\" \/>\n<meta property=\"og:site_name\" content=\"distribuci\u00f3n ARC\" \/>\n<meta property=\"article:modified_time\" content=\"2023-05-04T11:34:07+00:00\" \/>\n<meta property=\"og:image\" content=\"https:\/\/distribucionarc.com\/wp-content\/uploads\/2020\/09\/Exprimidor-el\u00e9ctrico-para-ca\u00f1a-de-az\u00facar-0.jpg\" \/>\n\t<meta property=\"og:image:width\" content=\"1600\" \/>\n\t<meta property=\"og:image:height\" content=\"1600\" \/>\n\t<meta property=\"og:image:type\" content=\"image\/jpeg\" \/>\n<meta name=\"twitter:card\" content=\"summary_large_image\" \/>\n<meta name=\"twitter:label1\" content=\"Dur\u00e9e de lecture estim\u00e9e\" \/>\n\t<meta name=\"twitter:data1\" content=\"2 minutes\" \/>\n<script type=\"application\/ld+json\" class=\"yoast-schema-graph\">{\"@context\":\"https:\/\/schema.org\",\"@graph\":[{\"@type\":\"WebPage\",\"@id\":\"https:\/\/www.distribucionarc.com\/en\/producto\/exprimidor-electrico-para-cana-de-azucar\/\",\"url\":\"https:\/\/www.distribucionarc.com\/en\/producto\/exprimidor-electrico-para-cana-de-azucar\/\",\"name\":\"Exprimidor el\u00e9ctrico para ca\u00f1a de az\u00facar - distribuci\u00f3n ARC\",\"isPartOf\":{\"@id\":\"https:\/\/distribucionarc.com\/pl\/#website\"},\"primaryImageOfPage\":{\"@id\":\"https:\/\/www.distribucionarc.com\/en\/producto\/exprimidor-electrico-para-cana-de-azucar\/#primaryimage\"},\"image\":{\"@id\":\"https:\/\/www.distribucionarc.com\/en\/producto\/exprimidor-electrico-para-cana-de-azucar\/#primaryimage\"},\"thumbnailUrl\":\"https:\/\/distribucionarc.com\/wp-content\/uploads\/2020\/09\/Exprimidor-el\u00e9ctrico-para-ca\u00f1a-de-az\u00facar-0.jpg\",\"datePublished\":\"2020-09-21T14:37:20+00:00\",\"dateModified\":\"2023-05-04T11:34:07+00:00\",\"breadcrumb\":{\"@id\":\"https:\/\/www.distribucionarc.com\/en\/producto\/exprimidor-electrico-para-cana-de-azucar\/#breadcrumb\"},\"inLanguage\":\"fr-FR\",\"potentialAction\":[{\"@type\":\"ReadAction\",\"target\":[\"https:\/\/www.distribucionarc.com\/en\/producto\/exprimidor-electrico-para-cana-de-azucar\/\"]}]},{\"@type\":\"ImageObject\",\"inLanguage\":\"fr-FR\",\"@id\":\"https:\/\/www.distribucionarc.com\/en\/producto\/exprimidor-electrico-para-cana-de-azucar\/#primaryimage\",\"url\":\"https:\/\/distribucionarc.com\/wp-content\/uploads\/2020\/09\/Exprimidor-el\u00e9ctrico-para-ca\u00f1a-de-az\u00facar-0.jpg\",\"contentUrl\":\"https:\/\/distribucionarc.com\/wp-content\/uploads\/2020\/09\/Exprimidor-el\u00e9ctrico-para-ca\u00f1a-de-az\u00facar-0.jpg\",\"width\":1600,\"height\":1600,\"caption\":\"Exprimidor el\u00e9ctrico para ca\u00f1a de az\u00facar\"},{\"@type\":\"BreadcrumbList\",\"@id\":\"https:\/\/www.distribucionarc.com\/en\/producto\/exprimidor-electrico-para-cana-de-azucar\/#breadcrumb\",\"itemListElement\":[{\"@type\":\"ListItem\",\"position\":1,\"name\":\"Portada\",\"item\":\"https:\/\/www.distribucionarc.com\/tr\/\"},{\"@type\":\"ListItem\",\"position\":2,\"name\":\"Izdelki\",\"item\":\"https:\/\/www.distribucionarc.com\/sl\/trgovina\/\"},{\"@type\":\"ListItem\",\"position\":3,\"name\":\"Exprimidor el\u00e9ctrico para ca\u00f1a de az\u00facar\"}]},{\"@type\":\"WebSite\",\"@id\":\"https:\/\/distribucionarc.com\/pl\/#website\",\"url\":\"https:\/\/distribucionarc.com\/pl\/\",\"name\":\"distribuci\u00f3n ARC\",\"description\":\"Empresa especializada en la fabricaci\u00f3n y distribuci\u00f3n de maquinaria industrial, selladoras de latas, Maquinas de hacer pastillas, Maquinas de cortar carne...\",\"publisher\":{\"@id\":\"https:\/\/distribucionarc.com\/pl\/#organization\"},\"potentialAction\":[{\"@type\":\"SearchAction\",\"target\":{\"@type\":\"EntryPoint\",\"urlTemplate\":\"https:\/\/distribucionarc.com\/pl\/?s={search_term_string}\"},\"query-input\":{\"@type\":\"PropertyValueSpecification\",\"valueRequired\":true,\"valueName\":\"search_term_string\"}}],\"inLanguage\":\"fr-FR\"},{\"@type\":\"Organization\",\"@id\":\"https:\/\/distribucionarc.com\/pl\/#organization\",\"name\":\"Distribuci\u00f3n ARC\",\"url\":\"https:\/\/distribucionarc.com\/pl\/\",\"logo\":{\"@type\":\"ImageObject\",\"inLanguage\":\"fr-FR\",\"@id\":\"https:\/\/distribucionarc.com\/pl\/#\/schema\/logo\/image\/\",\"url\":\"https:\/\/distribucionarc.com\/wp-content\/uploads\/2024\/10\/distribucion-ARC-COLOR-SIN-FONDO-e1732295305345.png\",\"contentUrl\":\"https:\/\/distribucionarc.com\/wp-content\/uploads\/2024\/10\/distribucion-ARC-COLOR-SIN-FONDO-e1732295305345.png\",\"width\":1164,\"height\":558,\"caption\":\"Distribuci\u00f3n ARC\"},\"image\":{\"@id\":\"https:\/\/distribucionarc.com\/pl\/#\/schema\/logo\/image\/\"},\"description\":\"Empresa especializada en la fabricaci\u00f3n y distribuci\u00f3n de maquinaria industrial para los sectores alimentario y farmac\u00e9utico. Nos especializamos en: M\u00e1quinas de cortar carne Fabricaci\u00f3n de comprimidos Sistemas de transporte industrial L\u00edneas de embotellado Dosificadores Y mucho m\u00e1s... Ofrecemos soluciones innovadoras y personalizadas para optimizar los procesos productivos de tu empresa.\",\"email\":\"Admistracion@distribucionarc.com\",\"telephone\":\"+34 643496664\",\"legalName\":\"ARC TECH SOLUTIONS\",\"foundingDate\":\"2024-04-09\",\"vatID\":\"B55480172\",\"numberOfEmployees\":{\"@type\":\"QuantitativeValue\",\"minValue\":\"1\",\"maxValue\":\"10\"}}]}<\/script>\n<!-- \/ Yoast SEO Premium plugin. -->","yoast_head_json":{"title":"Presse-agrumes \u00e9lectrique pour canne \u00e0 sucre - ARC distribution","robots":{"index":"index","follow":"follow","max-snippet":"max-snippet:-1","max-image-preview":"max-image-preview:large","max-video-preview":"max-video-preview:-1"},"canonical":"https:\/\/www.distribucionarc.com\/en\/producto\/exprimidor-electrico-para-cana-de-azucar\/","og_locale":"fr_FR","og_type":"article","og_title":"Exprimidor el\u00e9ctrico para ca\u00f1a de az\u00facar","og_description":"Exprimidor el\u00e9ctrico para ca\u00f1a de az\u00facar Este extractor de zumo de ca\u00f1a el\u00e9ctrico ARC est\u00e1 hecho de acero inoxidable alimenticio fuerte y estable. Utiliza 4 rodillos de acero inoxidable totalmente s\u00f3lidos para separar f\u00e1cil el jugo y los residuos de la ca\u00f1a de az\u00facar, esta se exprime dos veces para asegurar una separaci\u00f3n m\u00e1s completa y as\u00ed sacar el m\u00e1ximo provecho de cada ca\u00f1a de az\u00facar. Es f\u00e1cil de operar y es especialmente adecuado para hoteles, fruter\u00edas, tiendas de bebidas fr\u00edas, escuelas, etc. Garant\u00eda\u00a0ARC 2 A\u00d1OS Exprimidor para ca\u00f1a de az\u00facar eficiente, bajo consumo 700w soporte t\u00e9cnico incluido","og_url":"https:\/\/www.distribucionarc.com\/en\/producto\/exprimidor-electrico-para-cana-de-azucar\/","og_site_name":"distribuci\u00f3n ARC","article_modified_time":"2023-05-04T11:34:07+00:00","og_image":[{"width":1600,"height":1600,"url":"https:\/\/distribucionarc.com\/wp-content\/uploads\/2020\/09\/Exprimidor-el\u00e9ctrico-para-ca\u00f1a-de-az\u00facar-0.jpg","type":"image\/jpeg"}],"twitter_card":"summary_large_image","twitter_misc":{"Dur\u00e9e de lecture estim\u00e9e":"2 minutes"},"schema":{"@context":"https:\/\/schema.org","@graph":[{"@type":"WebPage","@id":"https:\/\/www.distribucionarc.com\/en\/producto\/exprimidor-electrico-para-cana-de-azucar\/","url":"https:\/\/www.distribucionarc.com\/en\/producto\/exprimidor-electrico-para-cana-de-azucar\/","name":"Presse-agrumes \u00e9lectrique pour canne \u00e0 sucre - ARC distribution","isPartOf":{"@id":"https:\/\/distribucionarc.com\/pl\/#website"},"primaryImageOfPage":{"@id":"https:\/\/www.distribucionarc.com\/en\/producto\/exprimidor-electrico-para-cana-de-azucar\/#primaryimage"},"image":{"@id":"https:\/\/www.distribucionarc.com\/en\/producto\/exprimidor-electrico-para-cana-de-azucar\/#primaryimage"},"thumbnailUrl":"https:\/\/distribucionarc.com\/wp-content\/uploads\/2020\/09\/Exprimidor-el\u00e9ctrico-para-ca\u00f1a-de-az\u00facar-0.jpg","datePublished":"2020-09-21T14:37:20+00:00","dateModified":"2023-05-04T11:34:07+00:00","breadcrumb":{"@id":"https:\/\/www.distribucionarc.com\/en\/producto\/exprimidor-electrico-para-cana-de-azucar\/#breadcrumb"},"inLanguage":"fr-FR","potentialAction":[{"@type":"ReadAction","target":["https:\/\/www.distribucionarc.com\/en\/producto\/exprimidor-electrico-para-cana-de-azucar\/"]}]},{"@type":"ImageObject","inLanguage":"fr-FR","@id":"https:\/\/www.distribucionarc.com\/en\/producto\/exprimidor-electrico-para-cana-de-azucar\/#primaryimage","url":"https:\/\/distribucionarc.com\/wp-content\/uploads\/2020\/09\/Exprimidor-el\u00e9ctrico-para-ca\u00f1a-de-az\u00facar-0.jpg","contentUrl":"https:\/\/distribucionarc.com\/wp-content\/uploads\/2020\/09\/Exprimidor-el\u00e9ctrico-para-ca\u00f1a-de-az\u00facar-0.jpg","width":1600,"height":1600,"caption":"Exprimidor el\u00e9ctrico para ca\u00f1a de az\u00facar"},{"@type":"BreadcrumbList","@id":"https:\/\/www.distribucionarc.com\/en\/producto\/exprimidor-electrico-para-cana-de-azucar\/#breadcrumb","itemListElement":[{"@type":"ListItem","position":1,"name":"Portada","item":"https:\/\/www.distribucionarc.com\/tr\/"},{"@type":"ListItem","position":2,"name":"Izdelki","item":"https:\/\/www.distribucionarc.com\/sl\/trgovina\/"},{"@type":"ListItem","position":3,"name":"Exprimidor el\u00e9ctrico para ca\u00f1a de az\u00facar"}]},{"@type":"WebSite","@id":"https:\/\/distribucionarc.com\/pl\/#website","url":"https:\/\/distribucionarc.com\/pl\/","name":"R\u00e9partition de l&#039;ARC","description":"Entreprise sp\u00e9cialis\u00e9e dans la fabrication et la distribution de machines industrielles, scelleuses de bo\u00eetes, machines \u00e0 comprim\u00e9s, machines \u00e0 d\u00e9couper la viande...","publisher":{"@id":"https:\/\/distribucionarc.com\/pl\/#organization"},"potentialAction":[{"@type":"SearchAction","target":{"@type":"EntryPoint","urlTemplate":"https:\/\/distribucionarc.com\/pl\/?s={search_term_string}"},"query-input":{"@type":"PropertyValueSpecification","valueRequired":true,"valueName":"search_term_string"}}],"inLanguage":"fr-FR"},{"@type":"Organization","@id":"https:\/\/distribucionarc.com\/pl\/#organization","name":"Distribution ARC","url":"https:\/\/distribucionarc.com\/pl\/","logo":{"@type":"ImageObject","inLanguage":"fr-FR","@id":"https:\/\/distribucionarc.com\/pl\/#\/schema\/logo\/image\/","url":"https:\/\/distribucionarc.com\/wp-content\/uploads\/2024\/10\/distribucion-ARC-COLOR-SIN-FONDO-e1732295305345.png","contentUrl":"https:\/\/distribucionarc.com\/wp-content\/uploads\/2024\/10\/distribucion-ARC-COLOR-SIN-FONDO-e1732295305345.png","width":1164,"height":558,"caption":"Distribuci\u00f3n ARC"},"image":{"@id":"https:\/\/distribucionarc.com\/pl\/#\/schema\/logo\/image\/"},"description":"Entreprise sp\u00e9cialis\u00e9e dans la fabrication et la distribution de machines industrielles pour les secteurs alimentaire et pharmaceutique. Nous sommes sp\u00e9cialis\u00e9s dans : Machines \u00e0 couper la viande Fabrication de comprim\u00e9s Syst\u00e8mes de transport industriel Lignes d'embouteillage Machines de dosage Et bien plus encore... Nous proposons des solutions innovantes et personnalis\u00e9es pour optimiser les processus de production de votre entreprise.","email":"Admistracion@distribucionarc.com","telephone":"+34 643496664","legalName":"ARC TECH SOLUTIONS","foundingDate":"2024-04-09","vatID":"B55480172","numberOfEmployees":{"@type":"QuantitativeValue","minValue":"1","maxValue":"10"}}]}},"_links":{"self":[{"href":"https:\/\/distribucionarc.com\/fr\/wp-json\/wp\/v2\/product\/3091","targetHints":{"allow":["GET"]}}],"collection":[{"href":"https:\/\/distribucionarc.com\/fr\/wp-json\/wp\/v2\/product"}],"about":[{"href":"https:\/\/distribucionarc.com\/fr\/wp-json\/wp\/v2\/types\/product"}],"replies":[{"embeddable":true,"href":"https:\/\/distribucionarc.com\/fr\/wp-json\/wp\/v2\/comments?post=3091"}],"version-history":[{"count":0,"href":"https:\/\/distribucionarc.com\/fr\/wp-json\/wp\/v2\/product\/3091\/revisions"}],"wp:featuredmedia":[{"embeddable":true,"href":"https:\/\/distribucionarc.com\/fr\/wp-json\/wp\/v2\/media\/3098"}],"wp:attachment":[{"href":"https:\/\/distribucionarc.com\/fr\/wp-json\/wp\/v2\/media?parent=3091"}],"wp:term":[{"taxonomy":"product_brand","embeddable":true,"href":"https:\/\/distribucionarc.com\/fr\/wp-json\/wp\/v2\/product_brand?post=3091"},{"taxonomy":"product_cat","embeddable":true,"href":"https:\/\/distribucionarc.com\/fr\/wp-json\/wp\/v2\/product_cat?post=3091"},{"taxonomy":"product_tag","embeddable":true,"href":"https:\/\/distribucionarc.com\/fr\/wp-json\/wp\/v2\/product_tag?post=3091"}],"curies":[{"name":"wp","href":"https:\/\/api.w.org\/{rel}","templated":true}]}}