{"id":3120,"date":"2020-09-23T14:17:23","date_gmt":"2020-09-23T14:17:23","guid":{"rendered":"https:\/\/distribucionarc.com\/?post_type=product&#038;p=3120"},"modified":"2024-08-17T11:39:49","modified_gmt":"2024-08-17T11:39:49","slug":"remplisseuse-pour-capsules-pilules-comprimes-400-trous","status":"publish","type":"product","link":"https:\/\/distribucionarc.com\/fr\/producto\/maquina-llenadora-para-capsulas-pildoras-pastillas-400-agujeros\/","title":{"rendered":"Machine de remplissage pour g\u00e9lules, pilules, comprim\u00e9s 400 trous"},"content":{"rendered":"<h3>Machine de remplissage pour g\u00e9lules, pilules, comprim\u00e9s 400 trous<\/h3>\n<p>La simplicit\u00e9 de dosage et la puissance mod\u00e9r\u00e9e en font <strong>remplisseur <span style=\"color: #ff0000;\">\u00c0<\/span><span style=\"color: #0000ff;\">R.<\/span>c<\/strong> \u00eatre id\u00e9al pour\u00a0:<strong> Op\u00e9rations d&#039;encapsulation<\/strong> grande vari\u00e9t\u00e9 et faible volume.<\/p>\n<p>Avec \u00e7a <strong>encapsulateur <span style=\"color: #ff0000;\">\u00c0<\/span><span style=\"color: #0000ff;\">R.<\/span>CLLC400<\/strong>, il est facile de transformer les poudres en capsules faciles \u00e0 avaler. Remplissez vos capsules avec des herbes en poudre, des compl\u00e9ments alimentaires, des vitamines, des huiles ou vos propres formules personnalis\u00e9es.<\/p>\n<p>Ce <strong>distributeur de pilules<\/strong> Il est fabriqu\u00e9 en silicone dur GMP conforme aux r\u00e9glementations de s\u00e9curit\u00e9 et d&#039;hygi\u00e8ne. Il dispose de 400 trous d&#039;encapsulation pour r\u00e9aliser des lots de<strong> 400 pilules<\/strong> en quelques minutes selon les comp\u00e9tences de l&#039;op\u00e9rateur.<\/p>\n<div style=\"width: 640px;\" class=\"wp-video\"><video class=\"wp-video-shortcode\" id=\"video-3120-1\" width=\"640\" height=\"352\" preload=\"metadata\" controls=\"controls\"><source type=\"video\/mp4\" src=\"https:\/\/distribucionarc.com\/wp-content\/uploads\/2020\/09\/Encapsuladora-de-pastillas-manual.mp4?_=1\" \/><a href=\"https:\/\/distribucionarc.com\/wp-content\/uploads\/2020\/09\/Encapsuladora-de-pastillas-manual.mp4\">https:\/\/distribucionarc.com\/wp-content\/uploads\/2020\/09\/Encapsuladora-de-pastillas-manual.mp4<\/a><\/video><\/div>\n<h6><strong>Garantie\u00a0<\/strong><span style=\"color: #0000ff;\"><span style=\"color: #ff0000;\"><strong>\u00c0<\/strong><\/span><strong>R.<\/strong><\/span><strong>C 2 ANS<\/strong><\/h6>\n<h6><strong>support technique inclus<\/strong><\/h6>\n<p>&nbsp;<\/p>\n<table width=\"100%\">\n<tbody>\n<tr>\n<td>Gars:<\/td>\n<td width=\"50%\">Manuel<\/td>\n<td colspan=\"2\" width=\"327\"><\/td>\n<\/tr>\n<tr>\n<td>Pays de distribution\u00a0:<\/td>\n<td width=\"50%\">Espagne, Allemagne, \u00c9tats-Unis<\/td>\n<td>Poids:<\/td>\n<td width=\"50%\">4,5 kg<\/td>\n<\/tr>\n<tr>\n<td>Marque:<\/td>\n<td width=\"50%\">ARC<\/td>\n<td>Hauteur:<\/td>\n<td width=\"50%\">16 cm<\/td>\n<\/tr>\n<tr>\n<td>Couleur:<\/td>\n<td width=\"50%\">Argent<\/td>\n<td>Long:<\/td>\n<td width=\"50%\">45 cm<\/td>\n<\/tr>\n<tr>\n<td>Type de produit\u00a0:<\/td>\n<td width=\"50%\">fabricant de hamburgers<\/td>\n<td>Large:<\/td>\n<td width=\"50%\">31 cm<\/td>\n<\/tr>\n<tr>\n<td>Num\u00e9ro du fabricant :<\/td>\n<td width=\"50%\">ARCLLC400<\/td>\n<td>Production:<\/td>\n<td width=\"50%\">400 pi\u00e8ces<\/td>\n<\/tr>\n<tr>\n<td>Mat\u00e9riel:<\/td>\n<td width=\"50%\">Silicone dur GMP<\/td>\n<td>Approche de production\u00a0:<\/td>\n<td width=\"50%\">3000 \u2013 4000 pi\u00e8ces par heure selon les capacit\u00e9s de l&#039;employ\u00e9<\/td>\n<\/tr>\n<tr>\n<td>Garantie:<\/td>\n<td width=\"50%\">2 ans<\/td>\n<td>Tarif qualifi\u00e9\u00a0:<\/td>\n<td width=\"50%\">&gt;99%<\/td>\n<\/tr>\n<tr>\n<td>Outils d&#039;installation\u00a0:<\/td>\n<td width=\"50%\">Ouais<\/td>\n<td>Pr\u00e9cision:<\/td>\n<td width=\"50%\">R 0,05 mm<\/td>\n<\/tr>\n<\/tbody>\n<\/table>","protected":false},"excerpt":{"rendered":"<h2>Machine de remplissage pour g\u00e9lules, pilules, comprim\u00e9s 400 trous<\/h2>\n<p>Ce <strong>distributeur de capsules<\/strong> Il est fabriqu\u00e9 en silicone dur GMP et comporte 400 trous. C&#039;est le <strong>remplisseur<\/strong> le plus utilis\u00e9 de ce type dans <strong>industrie pharmaceutique<\/strong>. Le processus rapide et efficace est garanti par les nombreuses am\u00e9liorations apport\u00e9es au fil des ann\u00e9es dans son application large et vari\u00e9e dans l\u2019industrie. Avec cette machine \u00e0 capsules, il est facile de transformer des poudres en capsules faciles \u00e0 avaler. Remplissez vos capsules avec des herbes en poudre, des compl\u00e9ments alimentaires, des vitamines, des huiles ou vos propres formules personnalis\u00e9es<\/p>\n<h6><strong>Garantie\u00a0<\/strong><span style=\"color: #0000ff;\"><span style=\"color: #ff0000;\"><strong>\u00c0<\/strong><\/span><strong>R.<\/strong><\/span><strong>C 2 ANS<\/strong><\/h6>\n<h6><strong>support technique inclus<\/strong><\/h6>","protected":false},"featured_media":3121,"comment_status":"open","ping_status":"closed","template":"","meta":{"wds_primary_product_brand":0,"wds_primary_product_cat":0},"product_brand":[],"product_cat":[29,84],"product_tag":[],"class_list":{"0":"post-3120","1":"product","2":"type-product","3":"status-publish","4":"has-post-thumbnail","6":"product_cat-maquinas-industria-quimica","7":"product_cat-maquinas-para-hacer-pastillas","8":"product_shipping_class-hosteleria","10":"first","11":"instock","12":"taxable","13":"shipping-taxable","14":"purchasable","15":"product-type-simple"},"yoast_head":"<!-- This site is optimized with the Yoast SEO Premium plugin v24.9 (Yoast SEO v26.1) - https:\/\/yoast.com\/wordpress\/plugins\/seo\/ -->\n<title>Maquina llenadora para c\u00e1psulas, p\u00edldoras, pastillas 400 agujeros - distribuci\u00f3n ARC<\/title>\n<meta name=\"robots\" content=\"index, follow, max-snippet:-1, max-image-preview:large, max-video-preview:-1\" \/>\n<link rel=\"canonical\" href=\"https:\/\/distribucionarc.com\/fr\/produit\/remplisseuse-pour-capsules-pilules-comprimes-400-trous\/\" \/>\n<meta property=\"og:locale\" content=\"fr_FR\" \/>\n<meta property=\"og:type\" content=\"article\" \/>\n<meta property=\"og:title\" content=\"Maquina llenadora para c\u00e1psulas, p\u00edldoras, pastillas 400 agujeros\" \/>\n<meta property=\"og:description\" content=\"Maquina llenadora para c\u00e1psulas, p\u00edldoras, pastillas 400 agujeros Esta dosificadora de c\u00e1psulas est\u00e1 fabricada de silicona dura GMP cuenta con 400 orificios. Es la llenadora m\u00e1s utilizada de su tipo en la industria farmac\u00e9utica. El proceso es r\u00e1pido y eficiente est\u00e1n garantizado por las muchas mejoras realizadas a lo largo de los a\u00f1os en su amplia y variada aplicaci\u00f3n en la industria. Con esta m\u00e1quina de c\u00e1psulas, es f\u00e1cil convertir los polvos en c\u00e1psulas f\u00e1ciles de tragar. Llene sus c\u00e1psulas con hierbas en polvo, suplementos diet\u00e9ticos, vitaminas, aceites o sus propias f\u00f3rmulas personalizadas Garant\u00eda\u00a0ARC 2 A\u00d1OS soporte t\u00e9cnico\u00a0incluido\" \/>\n<meta property=\"og:url\" content=\"https:\/\/distribucionarc.com\/fr\/produit\/remplisseuse-pour-capsules-pilules-comprimes-400-trous\/\" \/>\n<meta property=\"og:site_name\" content=\"distribuci\u00f3n ARC\" \/>\n<meta property=\"article:modified_time\" content=\"2024-08-17T11:39:49+00:00\" \/>\n<meta property=\"og:image\" content=\"https:\/\/distribucionarc.com\/wp-content\/uploads\/2020\/09\/M\u00e1quina-llenadora-para-c\u00e1psulas-p\u00edldoras-pastillas-400-agujeros-0.jpg\" \/>\n\t<meta property=\"og:image:width\" content=\"1600\" \/>\n\t<meta property=\"og:image:height\" content=\"1600\" \/>\n\t<meta property=\"og:image:type\" content=\"image\/jpeg\" \/>\n<meta name=\"twitter:card\" content=\"summary_large_image\" \/>\n<meta name=\"twitter:label1\" content=\"Dur\u00e9e de lecture estim\u00e9e\" \/>\n\t<meta name=\"twitter:data1\" content=\"1 minute\" \/>\n<script type=\"application\/ld+json\" class=\"yoast-schema-graph\">{\"@context\":\"https:\/\/schema.org\",\"@graph\":[{\"@type\":\"WebPage\",\"@id\":\"https:\/\/distribucionarc.com\/fr\/producto\/maquina-llenadora-para-capsulas-pildoras-pastillas-400-agujeros\/\",\"url\":\"https:\/\/distribucionarc.com\/fr\/producto\/maquina-llenadora-para-capsulas-pildoras-pastillas-400-agujeros\/\",\"name\":\"Maquina llenadora para c\u00e1psulas, p\u00edldoras, pastillas 400 agujeros - distribuci\u00f3n ARC\",\"isPartOf\":{\"@id\":\"https:\/\/www.distribucionarc.com\/sl\/#website\"},\"primaryImageOfPage\":{\"@id\":\"https:\/\/distribucionarc.com\/fr\/producto\/maquina-llenadora-para-capsulas-pildoras-pastillas-400-agujeros\/#primaryimage\"},\"image\":{\"@id\":\"https:\/\/distribucionarc.com\/fr\/producto\/maquina-llenadora-para-capsulas-pildoras-pastillas-400-agujeros\/#primaryimage\"},\"thumbnailUrl\":\"https:\/\/distribucionarc.com\/wp-content\/uploads\/2020\/09\/M\u00e1quina-llenadora-para-c\u00e1psulas-p\u00edldoras-pastillas-400-agujeros-0.jpg\",\"datePublished\":\"2020-09-23T14:17:23+00:00\",\"dateModified\":\"2024-08-17T11:39:49+00:00\",\"breadcrumb\":{\"@id\":\"https:\/\/distribucionarc.com\/fr\/producto\/maquina-llenadora-para-capsulas-pildoras-pastillas-400-agujeros\/#breadcrumb\"},\"inLanguage\":\"fr-FR\",\"potentialAction\":[{\"@type\":\"ReadAction\",\"target\":[\"https:\/\/distribucionarc.com\/fr\/producto\/maquina-llenadora-para-capsulas-pildoras-pastillas-400-agujeros\/\"]}]},{\"@type\":\"ImageObject\",\"inLanguage\":\"fr-FR\",\"@id\":\"https:\/\/distribucionarc.com\/fr\/producto\/maquina-llenadora-para-capsulas-pildoras-pastillas-400-agujeros\/#primaryimage\",\"url\":\"https:\/\/distribucionarc.com\/wp-content\/uploads\/2020\/09\/M\u00e1quina-llenadora-para-c\u00e1psulas-p\u00edldoras-pastillas-400-agujeros-0.jpg\",\"contentUrl\":\"https:\/\/distribucionarc.com\/wp-content\/uploads\/2020\/09\/M\u00e1quina-llenadora-para-c\u00e1psulas-p\u00edldoras-pastillas-400-agujeros-0.jpg\",\"width\":1600,\"height\":1600,\"caption\":\"Maquina llenadora para c\u00e1psulas, p\u00edldoras, pastillas 400 agujeros\"},{\"@type\":\"BreadcrumbList\",\"@id\":\"https:\/\/distribucionarc.com\/fr\/producto\/maquina-llenadora-para-capsulas-pildoras-pastillas-400-agujeros\/#breadcrumb\",\"itemListElement\":[{\"@type\":\"ListItem\",\"position\":1,\"name\":\"Portada\",\"item\":\"https:\/\/www.distribucionarc.com\/\"},{\"@type\":\"ListItem\",\"position\":2,\"name\":\"\u00dcr\u00fcnler\",\"item\":\"https:\/\/www.distribucionarc.com\/tr\/magaza\/\"},{\"@type\":\"ListItem\",\"position\":3,\"name\":\"Maquina llenadora para c\u00e1psulas, p\u00edldoras, pastillas 400 agujeros\"}]},{\"@type\":\"WebSite\",\"@id\":\"https:\/\/www.distribucionarc.com\/sl\/#website\",\"url\":\"https:\/\/www.distribucionarc.com\/sl\/\",\"name\":\"distribuci\u00f3n ARC\",\"description\":\"Empresa especializada en la fabricaci\u00f3n y distribuci\u00f3n de maquinaria industrial, selladoras de latas, Maquinas de hacer pastillas, Maquinas de cortar carne...\",\"publisher\":{\"@id\":\"https:\/\/www.distribucionarc.com\/sl\/#organization\"},\"potentialAction\":[{\"@type\":\"SearchAction\",\"target\":{\"@type\":\"EntryPoint\",\"urlTemplate\":\"https:\/\/www.distribucionarc.com\/sl\/?s={search_term_string}\"},\"query-input\":{\"@type\":\"PropertyValueSpecification\",\"valueRequired\":true,\"valueName\":\"search_term_string\"}}],\"inLanguage\":\"fr-FR\"},{\"@type\":\"Organization\",\"@id\":\"https:\/\/www.distribucionarc.com\/sl\/#organization\",\"name\":\"Distribuci\u00f3n ARC\",\"url\":\"https:\/\/www.distribucionarc.com\/sl\/\",\"logo\":{\"@type\":\"ImageObject\",\"inLanguage\":\"fr-FR\",\"@id\":\"https:\/\/www.distribucionarc.com\/sl\/#\/schema\/logo\/image\/\",\"url\":\"https:\/\/distribucionarc.com\/wp-content\/uploads\/2024\/10\/distribucion-ARC-COLOR-SIN-FONDO-e1732295305345.png\",\"contentUrl\":\"https:\/\/distribucionarc.com\/wp-content\/uploads\/2024\/10\/distribucion-ARC-COLOR-SIN-FONDO-e1732295305345.png\",\"width\":1164,\"height\":558,\"caption\":\"Distribuci\u00f3n ARC\"},\"image\":{\"@id\":\"https:\/\/www.distribucionarc.com\/sl\/#\/schema\/logo\/image\/\"},\"description\":\"Empresa especializada en la fabricaci\u00f3n y distribuci\u00f3n de maquinaria industrial para los sectores alimentario y farmac\u00e9utico. Nos especializamos en: M\u00e1quinas de cortar carne Fabricaci\u00f3n de comprimidos Sistemas de transporte industrial L\u00edneas de embotellado Dosificadores Y mucho m\u00e1s... Ofrecemos soluciones innovadoras y personalizadas para optimizar los procesos productivos de tu empresa.\",\"email\":\"Admistracion@distribucionarc.com\",\"telephone\":\"+34 643496664\",\"legalName\":\"ARC TECH SOLUTIONS\",\"foundingDate\":\"2024-04-09\",\"vatID\":\"B55480172\",\"numberOfEmployees\":{\"@type\":\"QuantitativeValue\",\"minValue\":\"1\",\"maxValue\":\"10\"}}]}<\/script>\n<!-- \/ Yoast SEO Premium plugin. -->","yoast_head_json":{"title":"Machine de remplissage pour g\u00e9lules, pilules, comprim\u00e9s 400 trous - ARC distribution","robots":{"index":"index","follow":"follow","max-snippet":"max-snippet:-1","max-image-preview":"max-image-preview:large","max-video-preview":"max-video-preview:-1"},"canonical":"https:\/\/distribucionarc.com\/fr\/produit\/remplisseuse-pour-capsules-pilules-comprimes-400-trous\/","og_locale":"fr_FR","og_type":"article","og_title":"Maquina llenadora para c\u00e1psulas, p\u00edldoras, pastillas 400 agujeros","og_description":"Maquina llenadora para c\u00e1psulas, p\u00edldoras, pastillas 400 agujeros Esta dosificadora de c\u00e1psulas est\u00e1 fabricada de silicona dura GMP cuenta con 400 orificios. Es la llenadora m\u00e1s utilizada de su tipo en la industria farmac\u00e9utica. El proceso es r\u00e1pido y eficiente est\u00e1n garantizado por las muchas mejoras realizadas a lo largo de los a\u00f1os en su amplia y variada aplicaci\u00f3n en la industria. Con esta m\u00e1quina de c\u00e1psulas, es f\u00e1cil convertir los polvos en c\u00e1psulas f\u00e1ciles de tragar. Llene sus c\u00e1psulas con hierbas en polvo, suplementos diet\u00e9ticos, vitaminas, aceites o sus propias f\u00f3rmulas personalizadas Garant\u00eda\u00a0ARC 2 A\u00d1OS soporte t\u00e9cnico\u00a0incluido","og_url":"https:\/\/distribucionarc.com\/fr\/produit\/remplisseuse-pour-capsules-pilules-comprimes-400-trous\/","og_site_name":"distribuci\u00f3n ARC","article_modified_time":"2024-08-17T11:39:49+00:00","og_image":[{"width":1600,"height":1600,"url":"https:\/\/distribucionarc.com\/wp-content\/uploads\/2020\/09\/M\u00e1quina-llenadora-para-c\u00e1psulas-p\u00edldoras-pastillas-400-agujeros-0.jpg","type":"image\/jpeg"}],"twitter_card":"summary_large_image","twitter_misc":{"Dur\u00e9e de lecture estim\u00e9e":"1 minute"},"schema":{"@context":"https:\/\/schema.org","@graph":[{"@type":"WebPage","@id":"https:\/\/distribucionarc.com\/fr\/producto\/maquina-llenadora-para-capsulas-pildoras-pastillas-400-agujeros\/","url":"https:\/\/distribucionarc.com\/fr\/producto\/maquina-llenadora-para-capsulas-pildoras-pastillas-400-agujeros\/","name":"Machine de remplissage pour g\u00e9lules, pilules, comprim\u00e9s 400 trous - ARC distribution","isPartOf":{"@id":"https:\/\/www.distribucionarc.com\/sl\/#website"},"primaryImageOfPage":{"@id":"https:\/\/distribucionarc.com\/fr\/producto\/maquina-llenadora-para-capsulas-pildoras-pastillas-400-agujeros\/#primaryimage"},"image":{"@id":"https:\/\/distribucionarc.com\/fr\/producto\/maquina-llenadora-para-capsulas-pildoras-pastillas-400-agujeros\/#primaryimage"},"thumbnailUrl":"https:\/\/distribucionarc.com\/wp-content\/uploads\/2020\/09\/M\u00e1quina-llenadora-para-c\u00e1psulas-p\u00edldoras-pastillas-400-agujeros-0.jpg","datePublished":"2020-09-23T14:17:23+00:00","dateModified":"2024-08-17T11:39:49+00:00","breadcrumb":{"@id":"https:\/\/distribucionarc.com\/fr\/producto\/maquina-llenadora-para-capsulas-pildoras-pastillas-400-agujeros\/#breadcrumb"},"inLanguage":"fr-FR","potentialAction":[{"@type":"ReadAction","target":["https:\/\/distribucionarc.com\/fr\/producto\/maquina-llenadora-para-capsulas-pildoras-pastillas-400-agujeros\/"]}]},{"@type":"ImageObject","inLanguage":"fr-FR","@id":"https:\/\/distribucionarc.com\/fr\/producto\/maquina-llenadora-para-capsulas-pildoras-pastillas-400-agujeros\/#primaryimage","url":"https:\/\/distribucionarc.com\/wp-content\/uploads\/2020\/09\/M\u00e1quina-llenadora-para-c\u00e1psulas-p\u00edldoras-pastillas-400-agujeros-0.jpg","contentUrl":"https:\/\/distribucionarc.com\/wp-content\/uploads\/2020\/09\/M\u00e1quina-llenadora-para-c\u00e1psulas-p\u00edldoras-pastillas-400-agujeros-0.jpg","width":1600,"height":1600,"caption":"Maquina llenadora para c\u00e1psulas, p\u00edldoras, pastillas 400 agujeros"},{"@type":"BreadcrumbList","@id":"https:\/\/distribucionarc.com\/fr\/producto\/maquina-llenadora-para-capsulas-pildoras-pastillas-400-agujeros\/#breadcrumb","itemListElement":[{"@type":"ListItem","position":1,"name":"Portada","item":"https:\/\/www.distribucionarc.com\/"},{"@type":"ListItem","position":2,"name":"\u00dcr\u00fcnler","item":"https:\/\/www.distribucionarc.com\/tr\/magaza\/"},{"@type":"ListItem","position":3,"name":"Maquina llenadora para c\u00e1psulas, p\u00edldoras, pastillas 400 agujeros"}]},{"@type":"WebSite","@id":"https:\/\/www.distribucionarc.com\/sl\/#website","url":"https:\/\/www.distribucionarc.com\/sl\/","name":"R\u00e9partition de l&#039;ARC","description":"Entreprise sp\u00e9cialis\u00e9e dans la fabrication et la distribution de machines industrielles, scelleuses de bo\u00eetes, machines \u00e0 comprim\u00e9s, machines \u00e0 d\u00e9couper la viande...","publisher":{"@id":"https:\/\/www.distribucionarc.com\/sl\/#organization"},"potentialAction":[{"@type":"SearchAction","target":{"@type":"EntryPoint","urlTemplate":"https:\/\/www.distribucionarc.com\/sl\/?s={search_term_string}"},"query-input":{"@type":"PropertyValueSpecification","valueRequired":true,"valueName":"search_term_string"}}],"inLanguage":"fr-FR"},{"@type":"Organization","@id":"https:\/\/www.distribucionarc.com\/sl\/#organization","name":"Distribution ARC","url":"https:\/\/www.distribucionarc.com\/sl\/","logo":{"@type":"ImageObject","inLanguage":"fr-FR","@id":"https:\/\/www.distribucionarc.com\/sl\/#\/schema\/logo\/image\/","url":"https:\/\/distribucionarc.com\/wp-content\/uploads\/2024\/10\/distribucion-ARC-COLOR-SIN-FONDO-e1732295305345.png","contentUrl":"https:\/\/distribucionarc.com\/wp-content\/uploads\/2024\/10\/distribucion-ARC-COLOR-SIN-FONDO-e1732295305345.png","width":1164,"height":558,"caption":"Distribuci\u00f3n ARC"},"image":{"@id":"https:\/\/www.distribucionarc.com\/sl\/#\/schema\/logo\/image\/"},"description":"Entreprise sp\u00e9cialis\u00e9e dans la fabrication et la distribution de machines industrielles pour les secteurs alimentaire et pharmaceutique. Nous sommes sp\u00e9cialis\u00e9s dans : Machines \u00e0 couper la viande Fabrication de comprim\u00e9s Syst\u00e8mes de transport industriel Lignes d'embouteillage Machines de dosage Et bien plus encore... Nous proposons des solutions innovantes et personnalis\u00e9es pour optimiser les processus de production de votre entreprise.","email":"Admistracion@distribucionarc.com","telephone":"+34 643496664","legalName":"ARC TECH SOLUTIONS","foundingDate":"2024-04-09","vatID":"B55480172","numberOfEmployees":{"@type":"QuantitativeValue","minValue":"1","maxValue":"10"}}]}},"_links":{"self":[{"href":"https:\/\/distribucionarc.com\/fr\/wp-json\/wp\/v2\/product\/3120","targetHints":{"allow":["GET"]}}],"collection":[{"href":"https:\/\/distribucionarc.com\/fr\/wp-json\/wp\/v2\/product"}],"about":[{"href":"https:\/\/distribucionarc.com\/fr\/wp-json\/wp\/v2\/types\/product"}],"replies":[{"embeddable":true,"href":"https:\/\/distribucionarc.com\/fr\/wp-json\/wp\/v2\/comments?post=3120"}],"version-history":[{"count":0,"href":"https:\/\/distribucionarc.com\/fr\/wp-json\/wp\/v2\/product\/3120\/revisions"}],"wp:featuredmedia":[{"embeddable":true,"href":"https:\/\/distribucionarc.com\/fr\/wp-json\/wp\/v2\/media\/3121"}],"wp:attachment":[{"href":"https:\/\/distribucionarc.com\/fr\/wp-json\/wp\/v2\/media?parent=3120"}],"wp:term":[{"taxonomy":"product_brand","embeddable":true,"href":"https:\/\/distribucionarc.com\/fr\/wp-json\/wp\/v2\/product_brand?post=3120"},{"taxonomy":"product_cat","embeddable":true,"href":"https:\/\/distribucionarc.com\/fr\/wp-json\/wp\/v2\/product_cat?post=3120"},{"taxonomy":"product_tag","embeddable":true,"href":"https:\/\/distribucionarc.com\/fr\/wp-json\/wp\/v2\/product_tag?post=3120"}],"curies":[{"name":"wp","href":"https:\/\/api.w.org\/{rel}","templated":true}]}}