{"id":3456,"date":"2020-10-02T15:43:08","date_gmt":"2020-10-02T15:43:08","guid":{"rendered":"https:\/\/distribucionarc.com\/?post_type=product&#038;p=3456"},"modified":"2020-10-08T15:05:18","modified_gmt":"2020-10-08T15:05:18","slug":"systeme-de-peinture-electrostatique-en-poudre","status":"publish","type":"product","link":"https:\/\/distribucionarc.com\/fr\/producto\/sistema-de-pintado-en-polvo-electrostatico\/","title":{"rendered":"Syst\u00e8me de peinture en poudre \u00e9lectrostatique"},"content":{"rendered":"<h3>Syst\u00e8me de peinture en poudre \u00e9lectrostatique<\/h3>\n<p>Ce <strong>machine de rev\u00eatement en poudre<span style=\"color: #ff0000;\"> \u00c0<\/span><span style=\"color: #0000ff;\">R.<\/span>c<\/strong> Il a un petit volume mais assure une grande facilit\u00e9 d&#039;utilisation, la conception de la poign\u00e9e r\u00e9duit la fatigue de l&#039;utilisateur, sa haute r\u00e9sistance \u00e0 l&#039;\u00e9paississement \u00e9vite grandement l&#039;entretien.<\/p>\n<p>La protection du circuit vous permet d&#039;ajuster le niveau de tension pour garantir un effet de pulv\u00e9risation parfait. \u00c0 son tour, le module haute tension pr\u00e8s de la buse peut \u00eatre chang\u00e9 vers une tension plus \u00e9lev\u00e9e ou plus basse pour faciliter la maintenance.<\/p>\n<p>Il <strong>syst\u00e8me de peinture \u00e9lectrostatique<span style=\"color: #ff0000;\"> \u00c0<\/span><span style=\"color: #0000ff;\">R.<\/span>CSPP40<\/strong> Il dispose de deux conceptions de gaz centrales pour am\u00e9liorer l&#039;effet de d\u00e9charge, de sorte que l&#039;aiguille n&#039;est plus une poudre fluide guid\u00e9e par l&#039;aiguille. Le flux d\u2019air atomis\u00e9 am\u00e9liore consid\u00e9rablement la qualit\u00e9 du rev\u00eatement. L&#039;utilisation de composants pneumatiques convertit la pression d&#039;air en un d\u00e9bit plus petit pour augmenter consid\u00e9rablement le d\u00e9bit de pulv\u00e9risation.<\/p>\n<h6><strong>Garantie\u00a0<span style=\"color: #ff0000;\">\u00c0<\/span><span style=\"color: #0000ff;\">R.<\/span>C 2 ANS<\/strong><\/h6>\n<h6><span style=\"color: #008000;\">Machine de rev\u00eatement par poudre, faible consommation 30w<\/span><\/h6>\n<h6><strong>support technique inclus<\/strong><\/h6>\n<p>&nbsp;<\/p>\n<p>&nbsp;<\/p>\n<table role=\"presentation\" width=\"100%\" cellspacing=\"0\" cellpadding=\"0\">\n<tbody>\n<tr>\n<td class=\"attrLabels\">Temp\u00e9rature:<\/td>\n<td width=\"50.0%\">Froid : 5 \u2013 12 \u00baCHaud : 50 \u2013 58 \u00baC<\/td>\n<\/tr>\n<tr>\n<td class=\"attrLabels\">Pays de distribution\u00a0:<\/td>\n<td width=\"50.0%\">Espagne, Allemagne, \u00c9tats-Unis<\/td>\n<td class=\"attrLabels\">Poids:<\/td>\n<td width=\"50.0%\">25,4 kg<\/td>\n<\/tr>\n<tr>\n<td class=\"attrLabels\">Marque:<\/td>\n<td width=\"50.0%\">ARC<\/td>\n<td class=\"attrLabels\">Hauteur:<\/td>\n<td width=\"50.0%\">60 cm<\/td>\n<\/tr>\n<tr>\n<td class=\"attrLabels\">Couleur:<\/td>\n<td width=\"50.0%\">Argent, jaune<\/td>\n<td class=\"attrLabels\">Long:<\/td>\n<td width=\"50.0%\">48 cm<\/td>\n<\/tr>\n<tr>\n<td class=\"attrLabels\">Type de produit\u00a0:<\/td>\n<td width=\"50.0%\">Syst\u00e8me de peinture \u00e9lectrostatique<\/td>\n<td class=\"attrLabels\">Large:<\/td>\n<td width=\"50.0%\">\u00a048 cm<\/td>\n<\/tr>\n<tr>\n<td class=\"attrLabels\">Num\u00e9ro du fabricant :<\/td>\n<td width=\"50.0%\">ARCSPP40<\/td>\n<td class=\"attrLabels\">Pouvoir:<\/td>\n<td width=\"50.0%\">30 W<\/td>\n<\/tr>\n<tr>\n<td class=\"attrLabels\">Mat\u00e9riel:<\/td>\n<td width=\"50.0%\">acier inoxydable<\/td>\n<td class=\"attrLabels\">tension d&#039;entr\u00e9e<\/td>\n<td width=\"50.0%\">220V \u2013 50\/60Hz<\/td>\n<\/tr>\n<tr>\n<td class=\"attrLabels\">Garantie:<\/td>\n<td width=\"50.0%\">2 ANS<\/td>\n<td class=\"attrLabels\">Poids du canon :<\/td>\n<td width=\"50.0%\">480g<\/td>\n<\/tr>\n<tr>\n<td class=\"attrLabels\">Outils d&#039;installation\u00a0:<\/td>\n<td width=\"50.0%\">Ouais<\/td>\n<td class=\"attrLabels\">Capacit\u00e9 de la tr\u00e9mie :<\/td>\n<td width=\"50.0%\">40 litres<\/td>\n<\/tr>\n<\/tbody>\n<\/table>","protected":false},"excerpt":{"rendered":"<h2>Syst\u00e8me de peinture en poudre \u00e9lectrostatique<\/h2>\n<p>Ce <strong>machine de rev\u00eatement en poudre \u00e9lectrostatique<\/strong> Il s&#039;agit d&#039;un proc\u00e9d\u00e9 de finition \u00e0 sec, utilisant des particules finement broy\u00e9es de pigment et de r\u00e9sine qui sont g\u00e9n\u00e9ralement charg\u00e9es \u00e9lectrostatiquement et pulv\u00e9ris\u00e9es sur des pi\u00e8ces reli\u00e9es \u00e0 la terre. Les particules de poudre charg\u00e9es adh\u00e8rent aux pi\u00e8ces et y restent jusqu&#039;\u00e0 ce qu&#039;elles soient fondues et fusionn\u00e9es en un rev\u00eatement lisse dans un four de durcissement.<\/p>\n<h6><strong>Garantie\u00a0<span style=\"color: #ff0000;\">\u00c0<\/span><span style=\"color: #0000ff;\">R.<\/span>C 2 ANS<\/strong><\/h6>\n<h6><span style=\"color: #008000;\">Machine de rev\u00eatement par poudre, faible consommation 30w<\/span><\/h6>\n<h6><strong>support technique inclus<\/strong><\/h6>","protected":false},"featured_media":3464,"comment_status":"open","ping_status":"closed","template":"","meta":{"wds_primary_product_brand":0,"wds_primary_product_cat":0},"product_brand":[],"product_cat":[71,69],"product_tag":[],"class_list":{"0":"post-3456","1":"product","2":"type-product","3":"status-publish","4":"has-post-thumbnail","6":"product_cat-maquinas-para-pintar","7":"product_cat-maquinas-variadas","8":"product_shipping_class-express","10":"first","11":"instock","12":"sale","13":"taxable","14":"shipping-taxable","15":"purchasable","16":"product-type-simple"},"yoast_head":"<!-- This site is optimized with the Yoast SEO Premium plugin v24.9 (Yoast SEO v26.1) - https:\/\/yoast.com\/wordpress\/plugins\/seo\/ -->\n<title>Sistema de pintado en polvo electrost\u00e1tico - distribuci\u00f3n ARC<\/title>\n<meta name=\"robots\" content=\"index, follow, max-snippet:-1, max-image-preview:large, max-video-preview:-1\" \/>\n<link rel=\"canonical\" href=\"https:\/\/distribucionarc.com\/fr\/produit\/systeme-de-peinture-electrostatique-en-poudre\/\" \/>\n<meta property=\"og:locale\" content=\"fr_FR\" \/>\n<meta property=\"og:type\" content=\"article\" \/>\n<meta property=\"og:title\" content=\"Sistema de pintado en polvo electrost\u00e1tico\" \/>\n<meta property=\"og:description\" content=\"Sistema de pintado en polvo electrost\u00e1tico Esta m\u00e1quina de recubrimiento en polvo electrost\u00e1tico es un proceso de acabado en seco, que utiliza part\u00edculas finamente molidas de pigmento y resina que generalmente se cargan electrost\u00e1ticamente y se pulverizan sobre piezas el\u00e9ctricamente puestas a tierra. Las part\u00edculas de polvo cargadas se adhieren a las piezas y se mantienen all\u00ed hasta que se derriten y se fusionan en un recubrimiento liso en un horno de curado. Garant\u00eda\u00a0ARC 2 A\u00d1OS M\u00e1quina de recubrimiento en polvo, bajo consumo 30w soporte t\u00e9cnico incluido\" \/>\n<meta property=\"og:url\" content=\"https:\/\/distribucionarc.com\/fr\/produit\/systeme-de-peinture-electrostatique-en-poudre\/\" \/>\n<meta property=\"og:site_name\" content=\"distribuci\u00f3n ARC\" \/>\n<meta property=\"article:modified_time\" content=\"2020-10-08T15:05:18+00:00\" \/>\n<meta property=\"og:image\" content=\"https:\/\/distribucionarc.com\/wp-content\/uploads\/2020\/10\/Sistema-de-pintado-en-polvo-electrost\u00e1tico-0.jpg\" \/>\n\t<meta property=\"og:image:width\" content=\"1001\" \/>\n\t<meta property=\"og:image:height\" content=\"1001\" \/>\n\t<meta property=\"og:image:type\" content=\"image\/jpeg\" \/>\n<meta name=\"twitter:card\" content=\"summary_large_image\" \/>\n<meta name=\"twitter:label1\" content=\"Dur\u00e9e de lecture estim\u00e9e\" \/>\n\t<meta name=\"twitter:data1\" content=\"1 minute\" \/>\n<script type=\"application\/ld+json\" class=\"yoast-schema-graph\">{\"@context\":\"https:\/\/schema.org\",\"@graph\":[{\"@type\":\"WebPage\",\"@id\":\"https:\/\/distribucionarc.com\/producto\/sistema-de-pintado-en-polvo-electrostatico\/\",\"url\":\"https:\/\/distribucionarc.com\/producto\/sistema-de-pintado-en-polvo-electrostatico\/\",\"name\":\"Sistema de pintado en polvo electrost\u00e1tico - distribuci\u00f3n ARC\",\"isPartOf\":{\"@id\":\"https:\/\/www.distribucionarc.com\/sl\/#website\"},\"primaryImageOfPage\":{\"@id\":\"https:\/\/distribucionarc.com\/producto\/sistema-de-pintado-en-polvo-electrostatico\/#primaryimage\"},\"image\":{\"@id\":\"https:\/\/distribucionarc.com\/producto\/sistema-de-pintado-en-polvo-electrostatico\/#primaryimage\"},\"thumbnailUrl\":\"https:\/\/distribucionarc.com\/wp-content\/uploads\/2020\/10\/Sistema-de-pintado-en-polvo-electrost\u00e1tico-0.jpg\",\"datePublished\":\"2020-10-02T15:43:08+00:00\",\"dateModified\":\"2020-10-08T15:05:18+00:00\",\"breadcrumb\":{\"@id\":\"https:\/\/distribucionarc.com\/producto\/sistema-de-pintado-en-polvo-electrostatico\/#breadcrumb\"},\"inLanguage\":\"fr-FR\",\"potentialAction\":[{\"@type\":\"ReadAction\",\"target\":[\"https:\/\/distribucionarc.com\/producto\/sistema-de-pintado-en-polvo-electrostatico\/\"]}]},{\"@type\":\"ImageObject\",\"inLanguage\":\"fr-FR\",\"@id\":\"https:\/\/distribucionarc.com\/producto\/sistema-de-pintado-en-polvo-electrostatico\/#primaryimage\",\"url\":\"https:\/\/distribucionarc.com\/wp-content\/uploads\/2020\/10\/Sistema-de-pintado-en-polvo-electrost\u00e1tico-0.jpg\",\"contentUrl\":\"https:\/\/distribucionarc.com\/wp-content\/uploads\/2020\/10\/Sistema-de-pintado-en-polvo-electrost\u00e1tico-0.jpg\",\"width\":1001,\"height\":1001,\"caption\":\"Sistema de pintado en polvo electrost\u00e1tico\"},{\"@type\":\"BreadcrumbList\",\"@id\":\"https:\/\/distribucionarc.com\/producto\/sistema-de-pintado-en-polvo-electrostatico\/#breadcrumb\",\"itemListElement\":[{\"@type\":\"ListItem\",\"position\":1,\"name\":\"Portada\",\"item\":\"https:\/\/www.distribucionarc.com\/\"},{\"@type\":\"ListItem\",\"position\":2,\"name\":\"\u00dcr\u00fcnler\",\"item\":\"https:\/\/www.distribucionarc.com\/tr\/magaza\/\"},{\"@type\":\"ListItem\",\"position\":3,\"name\":\"Sistema de pintado en polvo electrost\u00e1tico\"}]},{\"@type\":\"WebSite\",\"@id\":\"https:\/\/www.distribucionarc.com\/sl\/#website\",\"url\":\"https:\/\/www.distribucionarc.com\/sl\/\",\"name\":\"distribuci\u00f3n ARC\",\"description\":\"Empresa especializada en la fabricaci\u00f3n y distribuci\u00f3n de maquinaria industrial, selladoras de latas, Maquinas de hacer pastillas, Maquinas de cortar carne...\",\"publisher\":{\"@id\":\"https:\/\/www.distribucionarc.com\/sl\/#organization\"},\"potentialAction\":[{\"@type\":\"SearchAction\",\"target\":{\"@type\":\"EntryPoint\",\"urlTemplate\":\"https:\/\/www.distribucionarc.com\/sl\/?s={search_term_string}\"},\"query-input\":{\"@type\":\"PropertyValueSpecification\",\"valueRequired\":true,\"valueName\":\"search_term_string\"}}],\"inLanguage\":\"fr-FR\"},{\"@type\":\"Organization\",\"@id\":\"https:\/\/www.distribucionarc.com\/sl\/#organization\",\"name\":\"Distribuci\u00f3n ARC\",\"url\":\"https:\/\/www.distribucionarc.com\/sl\/\",\"logo\":{\"@type\":\"ImageObject\",\"inLanguage\":\"fr-FR\",\"@id\":\"https:\/\/www.distribucionarc.com\/sl\/#\/schema\/logo\/image\/\",\"url\":\"https:\/\/distribucionarc.com\/wp-content\/uploads\/2024\/10\/distribucion-ARC-COLOR-SIN-FONDO-e1732295305345.png\",\"contentUrl\":\"https:\/\/distribucionarc.com\/wp-content\/uploads\/2024\/10\/distribucion-ARC-COLOR-SIN-FONDO-e1732295305345.png\",\"width\":1164,\"height\":558,\"caption\":\"Distribuci\u00f3n ARC\"},\"image\":{\"@id\":\"https:\/\/www.distribucionarc.com\/sl\/#\/schema\/logo\/image\/\"},\"description\":\"Empresa especializada en la fabricaci\u00f3n y distribuci\u00f3n de maquinaria industrial para los sectores alimentario y farmac\u00e9utico. Nos especializamos en: M\u00e1quinas de cortar carne Fabricaci\u00f3n de comprimidos Sistemas de transporte industrial L\u00edneas de embotellado Dosificadores Y mucho m\u00e1s... Ofrecemos soluciones innovadoras y personalizadas para optimizar los procesos productivos de tu empresa.\",\"email\":\"Admistracion@distribucionarc.com\",\"telephone\":\"+34 643496664\",\"legalName\":\"ARC TECH SOLUTIONS\",\"foundingDate\":\"2024-04-09\",\"vatID\":\"B55480172\",\"numberOfEmployees\":{\"@type\":\"QuantitativeValue\",\"minValue\":\"1\",\"maxValue\":\"10\"}}]}<\/script>\n<!-- \/ Yoast SEO Premium plugin. -->","yoast_head_json":{"title":"Syst\u00e8me de rev\u00eatement \u00e9lectrostatique par poudre - Distribution ARC","robots":{"index":"index","follow":"follow","max-snippet":"max-snippet:-1","max-image-preview":"max-image-preview:large","max-video-preview":"max-video-preview:-1"},"canonical":"https:\/\/distribucionarc.com\/fr\/produit\/systeme-de-peinture-electrostatique-en-poudre\/","og_locale":"fr_FR","og_type":"article","og_title":"Sistema de pintado en polvo electrost\u00e1tico","og_description":"Sistema de pintado en polvo electrost\u00e1tico Esta m\u00e1quina de recubrimiento en polvo electrost\u00e1tico es un proceso de acabado en seco, que utiliza part\u00edculas finamente molidas de pigmento y resina que generalmente se cargan electrost\u00e1ticamente y se pulverizan sobre piezas el\u00e9ctricamente puestas a tierra. Las part\u00edculas de polvo cargadas se adhieren a las piezas y se mantienen all\u00ed hasta que se derriten y se fusionan en un recubrimiento liso en un horno de curado. Garant\u00eda\u00a0ARC 2 A\u00d1OS M\u00e1quina de recubrimiento en polvo, bajo consumo 30w soporte t\u00e9cnico incluido","og_url":"https:\/\/distribucionarc.com\/fr\/produit\/systeme-de-peinture-electrostatique-en-poudre\/","og_site_name":"distribuci\u00f3n ARC","article_modified_time":"2020-10-08T15:05:18+00:00","og_image":[{"width":1001,"height":1001,"url":"https:\/\/distribucionarc.com\/wp-content\/uploads\/2020\/10\/Sistema-de-pintado-en-polvo-electrost\u00e1tico-0.jpg","type":"image\/jpeg"}],"twitter_card":"summary_large_image","twitter_misc":{"Dur\u00e9e de lecture estim\u00e9e":"1 minute"},"schema":{"@context":"https:\/\/schema.org","@graph":[{"@type":"WebPage","@id":"https:\/\/distribucionarc.com\/producto\/sistema-de-pintado-en-polvo-electrostatico\/","url":"https:\/\/distribucionarc.com\/producto\/sistema-de-pintado-en-polvo-electrostatico\/","name":"Syst\u00e8me de rev\u00eatement \u00e9lectrostatique par poudre - Distribution ARC","isPartOf":{"@id":"https:\/\/www.distribucionarc.com\/sl\/#website"},"primaryImageOfPage":{"@id":"https:\/\/distribucionarc.com\/producto\/sistema-de-pintado-en-polvo-electrostatico\/#primaryimage"},"image":{"@id":"https:\/\/distribucionarc.com\/producto\/sistema-de-pintado-en-polvo-electrostatico\/#primaryimage"},"thumbnailUrl":"https:\/\/distribucionarc.com\/wp-content\/uploads\/2020\/10\/Sistema-de-pintado-en-polvo-electrost\u00e1tico-0.jpg","datePublished":"2020-10-02T15:43:08+00:00","dateModified":"2020-10-08T15:05:18+00:00","breadcrumb":{"@id":"https:\/\/distribucionarc.com\/producto\/sistema-de-pintado-en-polvo-electrostatico\/#breadcrumb"},"inLanguage":"fr-FR","potentialAction":[{"@type":"ReadAction","target":["https:\/\/distribucionarc.com\/producto\/sistema-de-pintado-en-polvo-electrostatico\/"]}]},{"@type":"ImageObject","inLanguage":"fr-FR","@id":"https:\/\/distribucionarc.com\/producto\/sistema-de-pintado-en-polvo-electrostatico\/#primaryimage","url":"https:\/\/distribucionarc.com\/wp-content\/uploads\/2020\/10\/Sistema-de-pintado-en-polvo-electrost\u00e1tico-0.jpg","contentUrl":"https:\/\/distribucionarc.com\/wp-content\/uploads\/2020\/10\/Sistema-de-pintado-en-polvo-electrost\u00e1tico-0.jpg","width":1001,"height":1001,"caption":"Sistema de pintado en polvo electrost\u00e1tico"},{"@type":"BreadcrumbList","@id":"https:\/\/distribucionarc.com\/producto\/sistema-de-pintado-en-polvo-electrostatico\/#breadcrumb","itemListElement":[{"@type":"ListItem","position":1,"name":"Portada","item":"https:\/\/www.distribucionarc.com\/"},{"@type":"ListItem","position":2,"name":"\u00dcr\u00fcnler","item":"https:\/\/www.distribucionarc.com\/tr\/magaza\/"},{"@type":"ListItem","position":3,"name":"Sistema de pintado en polvo electrost\u00e1tico"}]},{"@type":"WebSite","@id":"https:\/\/www.distribucionarc.com\/sl\/#website","url":"https:\/\/www.distribucionarc.com\/sl\/","name":"R\u00e9partition de l&#039;ARC","description":"Entreprise sp\u00e9cialis\u00e9e dans la fabrication et la distribution de machines industrielles, scelleuses de bo\u00eetes, machines \u00e0 comprim\u00e9s, machines \u00e0 d\u00e9couper la viande...","publisher":{"@id":"https:\/\/www.distribucionarc.com\/sl\/#organization"},"potentialAction":[{"@type":"SearchAction","target":{"@type":"EntryPoint","urlTemplate":"https:\/\/www.distribucionarc.com\/sl\/?s={search_term_string}"},"query-input":{"@type":"PropertyValueSpecification","valueRequired":true,"valueName":"search_term_string"}}],"inLanguage":"fr-FR"},{"@type":"Organization","@id":"https:\/\/www.distribucionarc.com\/sl\/#organization","name":"Distribution ARC","url":"https:\/\/www.distribucionarc.com\/sl\/","logo":{"@type":"ImageObject","inLanguage":"fr-FR","@id":"https:\/\/www.distribucionarc.com\/sl\/#\/schema\/logo\/image\/","url":"https:\/\/distribucionarc.com\/wp-content\/uploads\/2024\/10\/distribucion-ARC-COLOR-SIN-FONDO-e1732295305345.png","contentUrl":"https:\/\/distribucionarc.com\/wp-content\/uploads\/2024\/10\/distribucion-ARC-COLOR-SIN-FONDO-e1732295305345.png","width":1164,"height":558,"caption":"Distribuci\u00f3n ARC"},"image":{"@id":"https:\/\/www.distribucionarc.com\/sl\/#\/schema\/logo\/image\/"},"description":"Entreprise sp\u00e9cialis\u00e9e dans la fabrication et la distribution de machines industrielles pour les secteurs alimentaire et pharmaceutique. Nous sommes sp\u00e9cialis\u00e9s dans : Machines \u00e0 couper la viande Fabrication de comprim\u00e9s Syst\u00e8mes de transport industriel Lignes d'embouteillage Machines de dosage Et bien plus encore... Nous proposons des solutions innovantes et personnalis\u00e9es pour optimiser les processus de production de votre entreprise.","email":"Admistracion@distribucionarc.com","telephone":"+34 643496664","legalName":"ARC TECH SOLUTIONS","foundingDate":"2024-04-09","vatID":"B55480172","numberOfEmployees":{"@type":"QuantitativeValue","minValue":"1","maxValue":"10"}}]}},"_links":{"self":[{"href":"https:\/\/distribucionarc.com\/fr\/wp-json\/wp\/v2\/product\/3456","targetHints":{"allow":["GET"]}}],"collection":[{"href":"https:\/\/distribucionarc.com\/fr\/wp-json\/wp\/v2\/product"}],"about":[{"href":"https:\/\/distribucionarc.com\/fr\/wp-json\/wp\/v2\/types\/product"}],"replies":[{"embeddable":true,"href":"https:\/\/distribucionarc.com\/fr\/wp-json\/wp\/v2\/comments?post=3456"}],"version-history":[{"count":0,"href":"https:\/\/distribucionarc.com\/fr\/wp-json\/wp\/v2\/product\/3456\/revisions"}],"wp:featuredmedia":[{"embeddable":true,"href":"https:\/\/distribucionarc.com\/fr\/wp-json\/wp\/v2\/media\/3464"}],"wp:attachment":[{"href":"https:\/\/distribucionarc.com\/fr\/wp-json\/wp\/v2\/media?parent=3456"}],"wp:term":[{"taxonomy":"product_brand","embeddable":true,"href":"https:\/\/distribucionarc.com\/fr\/wp-json\/wp\/v2\/product_brand?post=3456"},{"taxonomy":"product_cat","embeddable":true,"href":"https:\/\/distribucionarc.com\/fr\/wp-json\/wp\/v2\/product_cat?post=3456"},{"taxonomy":"product_tag","embeddable":true,"href":"https:\/\/distribucionarc.com\/fr\/wp-json\/wp\/v2\/product_tag?post=3456"}],"curies":[{"name":"wp","href":"https:\/\/api.w.org\/{rel}","templated":true}]}}