{"id":355,"date":"2020-04-17T22:24:28","date_gmt":"2020-04-17T22:24:28","guid":{"rendered":"https:\/\/distribucionarc.com\/?post_type=product&#038;p=355"},"modified":"2025-05-10T00:28:45","modified_gmt":"2025-05-09T22:28:45","slug":"machine-de-dosage-de-remplissage-et-demballage-dembouteillage-100-ml-%f0%9f%94%9b-1000-ml","status":"publish","type":"product","link":"https:\/\/distribucionarc.com\/fr\/producto\/dosificadora-embotelladora-llenadora-envasadora-100ml-%f0%9f%94%9b-1000ml\/","title":{"rendered":"Machine de dosage, d&#039;embouteillage, de remplissage et de conditionnement 100 ml ? 1000ml"},"content":{"rendered":"<h2 data-start=\"422\" data-end=\"515\">\ud83e\udd6b Machine de dosage, d&#039;embouteillage et de remplissage \u2013 100 \u00e0 1000 ml pour produits visqueux<\/h2>\n<p data-start=\"517\" data-end=\"916\">Le <strong data-start=\"520\" data-end=\"573\">Machine de dosage et de remplissage de 100 \u00e0 1000 ml<\/strong> avec un syst\u00e8me de piston pneumatique s&#039;est av\u00e9r\u00e9 \u00eatre une solution efficace, pr\u00e9cise et tr\u00e8s fiable pour une large gamme de produits visqueux. Fabriqu\u00e9 en <strong data-start=\"726\" data-end=\"775\">acier inoxydable 304\/316 de qualit\u00e9 alimentaire<\/strong>, r\u00e9pond aux normes les plus \u00e9lev\u00e9es de qualit\u00e9 et d&#039;hygi\u00e8ne, et est con\u00e7u pour offrir des performances industrielles avec une grande facilit\u00e9 d&#039;utilisation.<\/p>\n<h3 data-start=\"918\" data-end=\"958\">\ud83e\udde0 Cas r\u00e9els de nos clients<\/h3>\n<p data-start=\"960\" data-end=\"1229\">Dans <strong data-start=\"963\" data-end=\"983\">Distribution ARC<\/strong>, nous ne vendons pas seulement des machines : <strong data-start=\"1014\" data-end=\"1079\">Nous l\u2019utilisons, l\u2019am\u00e9liorons et le soutenons avec une exp\u00e9rience concr\u00e8te.<\/strong>. Plusieurs de nos clients utilisent cette machine dans leur production quotidienne depuis des ann\u00e9es, avec d\u2019excellents r\u00e9sultats. Quelques exemples concrets :<\/p>\n<h4 data-start=\"1231\" data-end=\"1260\">\ud83e\udd5c Industrie alimentaire<\/h4>\n<ul data-start=\"1261\" data-end=\"1737\">\n<li data-start=\"1261\" data-end=\"1454\">\n<p data-start=\"1263\" data-end=\"1454\"><strong data-start=\"1263\" data-end=\"1285\">beurre de cacahu\u00e8te<\/strong>:L&#039;un de nos clients de longue date produit du beurre de cacahu\u00e8te dans diff\u00e9rentes textures en utilisant cette machine avec une grande pr\u00e9cision et sans aucune modification.<\/p>\n<\/li>\n<li data-start=\"1455\" data-end=\"1613\">\n<p data-start=\"1457\" data-end=\"1613\"><strong data-start=\"1457\" data-end=\"1485\">Confitures traditionnelles<\/strong>Un autre client, confiturier artisanal, utilise cette remplisseuse pour des pots de 250 ml et 500 ml, sans gaspillage ni erreur.<\/p>\n<\/li>\n<li data-start=\"1614\" data-end=\"1737\">\n<p data-start=\"1616\" data-end=\"1737\"><strong data-start=\"1616\" data-end=\"1652\">Sauces \u00e9paisses et concentr\u00e9s de tomates<\/strong>:Il est \u00e9galement utilis\u00e9 par les producteurs de sauces barbecue, d&#039;a\u00efoli ou de vinaigrettes \u00e9paisses.<\/p>\n<\/li>\n<\/ul>\n<h4 data-start=\"1739\" data-end=\"1756\">\ud83e\uddf4 Cosm\u00e9tiques<\/h4>\n<ul data-start=\"1757\" data-end=\"1866\">\n<li data-start=\"1757\" data-end=\"1787\">\n<p data-start=\"1759\" data-end=\"1787\"><strong data-start=\"1759\" data-end=\"1787\">Cr\u00e8mes corporelles \u00e9paisses<\/strong><\/p>\n<\/li>\n<li data-start=\"1788\" data-end=\"1832\">\n<p data-start=\"1790\" data-end=\"1832\"><strong data-start=\"1790\" data-end=\"1832\">Masques pour le visage \u00e0 texture \u00e9paisse<\/strong><\/p>\n<\/li>\n<li data-start=\"1833\" data-end=\"1866\">\n<p data-start=\"1835\" data-end=\"1866\"><strong data-start=\"1835\" data-end=\"1866\">Gels et baumes pour le corps<\/strong><\/p>\n<\/li>\n<\/ul>\n<h4 data-start=\"1868\" data-end=\"1883\">\ud83e\uddea Chimie<\/h4>\n<ul data-start=\"1884\" data-end=\"2000\">\n<li data-start=\"1884\" data-end=\"1917\">\n<p data-start=\"1886\" data-end=\"1917\"><strong data-start=\"1886\" data-end=\"1917\">P\u00e2te de nettoyage industrielle<\/strong><\/p>\n<\/li>\n<li data-start=\"1918\" data-end=\"1953\">\n<p data-start=\"1920\" data-end=\"1953\"><strong data-start=\"1920\" data-end=\"1953\">D\u00e9tergents denses et sans mousse<\/strong><\/p>\n<\/li>\n<li data-start=\"1954\" data-end=\"2000\">\n<p data-start=\"1956\" data-end=\"2000\"><strong data-start=\"1956\" data-end=\"2000\">Lubrifiants semi-solides en emballage souple<\/strong><\/p>\n<\/li>\n<\/ul>\n<h4 data-start=\"2002\" data-end=\"2035\">\ud83d\udc8a M\u00e9decine pharmaceutique et phytoth\u00e9rapie<\/h4>\n<ul data-start=\"2036\" data-end=\"2129\">\n<li data-start=\"2036\" data-end=\"2070\">\n<p data-start=\"2038\" data-end=\"2070\"><strong data-start=\"2038\" data-end=\"2070\">Extraits de plantes visqueuses<\/strong><\/p>\n<\/li>\n<li data-start=\"2071\" data-end=\"2092\">\n<p data-start=\"2073\" data-end=\"2092\"><strong data-start=\"2073\" data-end=\"2092\">Sirops \u00e9pais<\/strong><\/p>\n<\/li>\n<li data-start=\"2093\" data-end=\"2129\">\n<p data-start=\"2095\" data-end=\"2129\"><strong data-start=\"2095\" data-end=\"2129\">Onguents et baumes naturels<\/strong><\/p>\n<\/li>\n<\/ul>\n<p data-start=\"2131\" data-end=\"2360\">Merci \u00e0 votre <strong data-start=\"2144\" data-end=\"2162\">tr\u00e9mie de 50 kg<\/strong>, son <strong data-start=\"2167\" data-end=\"2211\">buse avec syst\u00e8me anti-goutte r\u00e9glable<\/strong> et sa conception modulaire (qui facilite le remplacement rapide des pi\u00e8ces en cas de panne), cette machine est <strong data-start=\"2314\" data-end=\"2357\">tr\u00e8s facile \u00e0 utiliser, \u00e0 nettoyer et \u00e0 entretenir<\/strong>.<\/p>\n<p data-start=\"2362\" data-end=\"2520\">De plus, \u00e9tant <strong data-start=\"2377\" data-end=\"2435\">semi-automatique avec option de fonctionnement automatique<\/strong>, s&#039;adapte parfaitement aux lignes de production artisanales et industrielles.<\/p>\n<p data-start=\"2522\" data-end=\"2673\">Avec certificat <strong data-start=\"2538\" data-end=\"2544\">CE<\/strong>, support technique direct et <strong data-start=\"2572\" data-end=\"2594\">Garantie de 2 ans<\/strong>Ce mastic est con\u00e7u pour durer et s&#039;adapter \u00e0 diff\u00e9rentes productions.<\/p>\n<p>&nbsp;<\/p>\n<table>\n<thead>\n<tr>\n<th>Fonctionnalit\u00e9<\/th>\n<th>D\u00e9tail<\/th>\n<\/tr>\n<\/thead>\n<tbody>\n<tr>\n<td>Type de machine<\/td>\n<td>Doseuse pneumatique \u00e0 piston pour l&#039;embouteillage<\/td>\n<\/tr>\n<tr>\n<td>Plage de remplissage<\/td>\n<td>100 ml \u2013 1000 ml<\/td>\n<\/tr>\n<tr>\n<td>Syst\u00e8me de remplissage<\/td>\n<td>Piston pneumatique avec vanne rotative<\/td>\n<\/tr>\n<tr>\n<td>T\u00eate de remplissage<\/td>\n<td>Buse individuelle avec syst\u00e8me anti-goutte<\/td>\n<\/tr>\n<tr>\n<td>Vitesse de production<\/td>\n<td>Jusqu&#039;\u00e0 30 bouteilles par minute<\/td>\n<\/tr>\n<tr>\n<td>Capacit\u00e9 de la tr\u00e9mie<\/td>\n<td>50 kg<\/td>\n<\/tr>\n<tr>\n<td>Pr\u00e9cision de remplissage<\/td>\n<td>\u00b11%<\/td>\n<\/tr>\n<tr>\n<td>Mode de fonctionnement<\/td>\n<td>Semi-automatique \/ Automatique<\/td>\n<\/tr>\n<tr>\n<td>R\u00e8glement de remplissage<\/td>\n<td>Volume et vitesse r\u00e9glables<\/td>\n<\/tr>\n<tr>\n<td>Mat\u00e9riau en contact<\/td>\n<td>Acier inoxydable 304\/316<\/td>\n<\/tr>\n<tr>\n<td>Pression de service<\/td>\n<td>0,4 \u2013 0,9 MPa<\/td>\n<\/tr>\n<tr>\n<td>Alimentation \u00e9lectrique<\/td>\n<td>220 V<\/td>\n<\/tr>\n<tr>\n<td>Nettoyage et entretien<\/td>\n<td>D\u00e9montage et lavage faciles<\/td>\n<\/tr>\n<tr>\n<td>Conception modulaire<\/td>\n<td>Oui, avec remplacement rapide des pi\u00e8ces<\/td>\n<\/tr>\n<tr>\n<td>Manom\u00e8tre<\/td>\n<td>Y compris<\/td>\n<\/tr>\n<tr>\n<td>Certification<\/td>\n<td>CE<\/td>\n<\/tr>\n<tr>\n<td>Garantie<\/td>\n<td>2 ans<\/td>\n<\/tr>\n<tr>\n<td>Assistance technique<\/td>\n<td>Y compris<\/td>\n<\/tr>\n<\/tbody>\n<\/table>\n<p>&nbsp;<\/p>","protected":false},"excerpt":{"rendered":"<p>Machine pour le remplissage de liquides tr\u00e8s visqueux Semi-automatique, entra\u00een\u00e9e par un piston pneumatique, fabriqu\u00e9e avec des mat\u00e9riaux de premi\u00e8re qualit\u00e9. Equip\u00e9 de cinq vannes qui contr\u00f4lent le flux des produits. Structure avec une conception sup\u00e9rieure et tous les mod\u00e8les sont faciles \u00e0 utiliser. Les composants pneumatiques utilis\u00e9s sont fabriqu\u00e9s en Allemagne et \u00e0 Taiwan. Tous les mat\u00e9riaux de contact utilis\u00e9s sont en acier inoxydable 316 conform\u00e9ment aux exigences GMP. Le volume et la vitesse de remplissage peuvent \u00eatre r\u00e9gl\u00e9s avec une grande pr\u00e9cision.<\/p>","protected":false},"featured_media":17479,"comment_status":"open","ping_status":"closed","template":"","meta":{"wds_primary_product_brand":0,"wds_primary_product_cat":0},"product_brand":[],"product_cat":[18,20,321,21],"product_tag":[],"class_list":{"0":"post-355","1":"product","2":"type-product","3":"status-publish","4":"has-post-thumbnail","6":"product_cat-dosificadoras","7":"product_cat-dosificadoras-de-pastosos","8":"product_cat-llenadoras-de-piston","9":"product_cat-maquinas-llenadoras","11":"first","12":"instock","13":"sale","14":"taxable","15":"shipping-taxable","16":"purchasable","17":"product-type-simple"},"yoast_head":"<!-- This site is optimized with the Yoast SEO Premium plugin v24.9 (Yoast SEO v26.1) - https:\/\/yoast.com\/wordpress\/plugins\/seo\/ -->\n<title>Dosificadora, Embotelladora, Llenadora Envasadora 100 ml ? 1000 ml - distribuci\u00f3n ARC<\/title>\n<meta name=\"description\" content=\"M\u00e1quina dosificadora y embotelladora para productos viscosos como cremas, mermeladas, salsas y cosm\u00e9ticos. Rango de llenado de 100 a 1000 ml. Precisi\u00f3n \u00b11%. F\u00e1cil de usar y limpiar.\" \/>\n<meta name=\"robots\" content=\"index, follow, max-snippet:-1, max-image-preview:large, max-video-preview:-1\" \/>\n<link rel=\"canonical\" href=\"https:\/\/distribucionarc.com\/fr\/produit\/machine-de-dosage-de-remplissage-et-demballage-dembouteillage-100-ml-\ud83d\udd1b-1000-ml\/\" \/>\n<meta property=\"og:locale\" content=\"fr_FR\" \/>\n<meta property=\"og:type\" content=\"article\" \/>\n<meta property=\"og:title\" content=\"Dosificadora, Embotelladora, Llenadora Envasadora 100 ml ? 1000 ml\" \/>\n<meta property=\"og:description\" content=\"M\u00e1quina dosificadora y embotelladora para productos viscosos como cremas, mermeladas, salsas y cosm\u00e9ticos. Rango de llenado de 100 a 1000 ml. Precisi\u00f3n \u00b11%. F\u00e1cil de usar y limpiar.\" \/>\n<meta property=\"og:url\" content=\"https:\/\/distribucionarc.com\/fr\/produit\/machine-de-dosage-de-remplissage-et-demballage-dembouteillage-100-ml-\ud83d\udd1b-1000-ml\/\" \/>\n<meta property=\"og:site_name\" content=\"distribuci\u00f3n ARC\" \/>\n<meta property=\"article:modified_time\" content=\"2025-05-09T22:28:45+00:00\" \/>\n<meta property=\"og:image\" content=\"https:\/\/distribucionarc.com\/wp-content\/uploads\/2020\/04\/Maquina-dosificadora-de-mermeladas-y-cremas.png\" \/>\n\t<meta property=\"og:image:width\" content=\"628\" \/>\n\t<meta property=\"og:image:height\" content=\"476\" \/>\n\t<meta property=\"og:image:type\" content=\"image\/png\" \/>\n<meta name=\"twitter:card\" content=\"summary_large_image\" \/>\n<meta name=\"twitter:label1\" content=\"Dur\u00e9e de lecture estim\u00e9e\" \/>\n\t<meta name=\"twitter:data1\" content=\"3 minutes\" \/>\n<script type=\"application\/ld+json\" class=\"yoast-schema-graph\">{\"@context\":\"https:\/\/schema.org\",\"@graph\":[{\"@type\":\"WebPage\",\"@id\":\"https:\/\/distribucionarc.com\/sl\/producto\/dosificadora-embotelladora-llenadora-envasadora-100ml-%f0%9f%94%9b-1000ml\/\",\"url\":\"https:\/\/distribucionarc.com\/sl\/producto\/dosificadora-embotelladora-llenadora-envasadora-100ml-%f0%9f%94%9b-1000ml\/\",\"name\":\"Dosificadora, Embotelladora, Llenadora Envasadora 100 ml ? 1000 ml - distribuci\u00f3n ARC\",\"isPartOf\":{\"@id\":\"https:\/\/www.distribucionarc.com\/sl\/#website\"},\"primaryImageOfPage\":{\"@id\":\"https:\/\/distribucionarc.com\/sl\/producto\/dosificadora-embotelladora-llenadora-envasadora-100ml-%f0%9f%94%9b-1000ml\/#primaryimage\"},\"image\":{\"@id\":\"https:\/\/distribucionarc.com\/sl\/producto\/dosificadora-embotelladora-llenadora-envasadora-100ml-%f0%9f%94%9b-1000ml\/#primaryimage\"},\"thumbnailUrl\":\"https:\/\/distribucionarc.com\/wp-content\/uploads\/2020\/04\/Maquina-dosificadora-de-mermeladas-y-cremas.png\",\"datePublished\":\"2020-04-17T22:24:28+00:00\",\"dateModified\":\"2025-05-09T22:28:45+00:00\",\"description\":\"M\u00e1quina dosificadora y embotelladora para productos viscosos como cremas, mermeladas, salsas y cosm\u00e9ticos. Rango de llenado de 100 a 1000 ml. Precisi\u00f3n \u00b11%. F\u00e1cil de usar y limpiar.\",\"breadcrumb\":{\"@id\":\"https:\/\/distribucionarc.com\/sl\/producto\/dosificadora-embotelladora-llenadora-envasadora-100ml-%f0%9f%94%9b-1000ml\/#breadcrumb\"},\"inLanguage\":\"fr-FR\",\"potentialAction\":[{\"@type\":\"ReadAction\",\"target\":[\"https:\/\/distribucionarc.com\/sl\/producto\/dosificadora-embotelladora-llenadora-envasadora-100ml-%f0%9f%94%9b-1000ml\/\"]}]},{\"@type\":\"ImageObject\",\"inLanguage\":\"fr-FR\",\"@id\":\"https:\/\/distribucionarc.com\/sl\/producto\/dosificadora-embotelladora-llenadora-envasadora-100ml-%f0%9f%94%9b-1000ml\/#primaryimage\",\"url\":\"https:\/\/distribucionarc.com\/wp-content\/uploads\/2020\/04\/Maquina-dosificadora-de-mermeladas-y-cremas.png\",\"contentUrl\":\"https:\/\/distribucionarc.com\/wp-content\/uploads\/2020\/04\/Maquina-dosificadora-de-mermeladas-y-cremas.png\",\"width\":628,\"height\":476,\"caption\":\"Vista frontal de la m\u00e1quina dosificadora 100\u20131000 ml ideal para mermeladas, cremas y productos alimentarios viscosos\"},{\"@type\":\"BreadcrumbList\",\"@id\":\"https:\/\/distribucionarc.com\/sl\/producto\/dosificadora-embotelladora-llenadora-envasadora-100ml-%f0%9f%94%9b-1000ml\/#breadcrumb\",\"itemListElement\":[{\"@type\":\"ListItem\",\"position\":1,\"name\":\"Portada\",\"item\":\"https:\/\/www.distribucionarc.com\/\"},{\"@type\":\"ListItem\",\"position\":2,\"name\":\"\u00dcr\u00fcnler\",\"item\":\"https:\/\/www.distribucionarc.com\/tr\/magaza\/\"},{\"@type\":\"ListItem\",\"position\":3,\"name\":\"Dosificadora, Embotelladora, Llenadora Envasadora 100 ml ? 1000 ml\"}]},{\"@type\":\"WebSite\",\"@id\":\"https:\/\/www.distribucionarc.com\/sl\/#website\",\"url\":\"https:\/\/www.distribucionarc.com\/sl\/\",\"name\":\"distribuci\u00f3n ARC\",\"description\":\"Empresa especializada en la fabricaci\u00f3n y distribuci\u00f3n de maquinaria industrial, selladoras de latas, Maquinas de hacer pastillas, Maquinas de cortar carne...\",\"publisher\":{\"@id\":\"https:\/\/www.distribucionarc.com\/sl\/#organization\"},\"potentialAction\":[{\"@type\":\"SearchAction\",\"target\":{\"@type\":\"EntryPoint\",\"urlTemplate\":\"https:\/\/www.distribucionarc.com\/sl\/?s={search_term_string}\"},\"query-input\":{\"@type\":\"PropertyValueSpecification\",\"valueRequired\":true,\"valueName\":\"search_term_string\"}}],\"inLanguage\":\"fr-FR\"},{\"@type\":\"Organization\",\"@id\":\"https:\/\/www.distribucionarc.com\/sl\/#organization\",\"name\":\"Distribuci\u00f3n ARC\",\"url\":\"https:\/\/www.distribucionarc.com\/sl\/\",\"logo\":{\"@type\":\"ImageObject\",\"inLanguage\":\"fr-FR\",\"@id\":\"https:\/\/www.distribucionarc.com\/sl\/#\/schema\/logo\/image\/\",\"url\":\"https:\/\/distribucionarc.com\/wp-content\/uploads\/2024\/10\/distribucion-ARC-COLOR-SIN-FONDO-e1732295305345.png\",\"contentUrl\":\"https:\/\/distribucionarc.com\/wp-content\/uploads\/2024\/10\/distribucion-ARC-COLOR-SIN-FONDO-e1732295305345.png\",\"width\":1164,\"height\":558,\"caption\":\"Distribuci\u00f3n ARC\"},\"image\":{\"@id\":\"https:\/\/www.distribucionarc.com\/sl\/#\/schema\/logo\/image\/\"},\"description\":\"Empresa especializada en la fabricaci\u00f3n y distribuci\u00f3n de maquinaria industrial para los sectores alimentario y farmac\u00e9utico. Nos especializamos en: M\u00e1quinas de cortar carne Fabricaci\u00f3n de comprimidos Sistemas de transporte industrial L\u00edneas de embotellado Dosificadores Y mucho m\u00e1s... Ofrecemos soluciones innovadoras y personalizadas para optimizar los procesos productivos de tu empresa.\",\"email\":\"Admistracion@distribucionarc.com\",\"telephone\":\"+34 643496664\",\"legalName\":\"ARC TECH SOLUTIONS\",\"foundingDate\":\"2024-04-09\",\"vatID\":\"B55480172\",\"numberOfEmployees\":{\"@type\":\"QuantitativeValue\",\"minValue\":\"1\",\"maxValue\":\"10\"}}]}<\/script>\n<!-- \/ Yoast SEO Premium plugin. -->","yoast_head_json":{"title":"Machine de dosage, d&#039;embouteillage, de remplissage et de conditionnement 100 ml ? 1000 ml - Distribution ARC","description":"Machine de dosage et d&#039;embouteillage pour produits visqueux tels que cr\u00e8mes, confitures, sauces et cosm\u00e9tiques. Gamme de remplissage de 100 \u00e0 1000 ml. Pr\u00e9cision \u00b11%. Facile \u00e0 utiliser et \u00e0 nettoyer.","robots":{"index":"index","follow":"follow","max-snippet":"max-snippet:-1","max-image-preview":"max-image-preview:large","max-video-preview":"max-video-preview:-1"},"canonical":"https:\/\/distribucionarc.com\/fr\/produit\/machine-de-dosage-de-remplissage-et-demballage-dembouteillage-100-ml-\ud83d\udd1b-1000-ml\/","og_locale":"fr_FR","og_type":"article","og_title":"Dosificadora, Embotelladora, Llenadora Envasadora 100 ml ? 1000 ml","og_description":"M\u00e1quina dosificadora y embotelladora para productos viscosos como cremas, mermeladas, salsas y cosm\u00e9ticos. Rango de llenado de 100 a 1000 ml. Precisi\u00f3n \u00b11%. F\u00e1cil de usar y limpiar.","og_url":"https:\/\/distribucionarc.com\/fr\/produit\/machine-de-dosage-de-remplissage-et-demballage-dembouteillage-100-ml-\ud83d\udd1b-1000-ml\/","og_site_name":"distribuci\u00f3n ARC","article_modified_time":"2025-05-09T22:28:45+00:00","og_image":[{"width":628,"height":476,"url":"https:\/\/distribucionarc.com\/wp-content\/uploads\/2020\/04\/Maquina-dosificadora-de-mermeladas-y-cremas.png","type":"image\/png"}],"twitter_card":"summary_large_image","twitter_misc":{"Dur\u00e9e de lecture estim\u00e9e":"3 minutes"},"schema":{"@context":"https:\/\/schema.org","@graph":[{"@type":"WebPage","@id":"https:\/\/distribucionarc.com\/sl\/producto\/dosificadora-embotelladora-llenadora-envasadora-100ml-%f0%9f%94%9b-1000ml\/","url":"https:\/\/distribucionarc.com\/sl\/producto\/dosificadora-embotelladora-llenadora-envasadora-100ml-%f0%9f%94%9b-1000ml\/","name":"Machine de dosage, d&#039;embouteillage, de remplissage et de conditionnement 100 ml ? 1000 ml - Distribution ARC","isPartOf":{"@id":"https:\/\/www.distribucionarc.com\/sl\/#website"},"primaryImageOfPage":{"@id":"https:\/\/distribucionarc.com\/sl\/producto\/dosificadora-embotelladora-llenadora-envasadora-100ml-%f0%9f%94%9b-1000ml\/#primaryimage"},"image":{"@id":"https:\/\/distribucionarc.com\/sl\/producto\/dosificadora-embotelladora-llenadora-envasadora-100ml-%f0%9f%94%9b-1000ml\/#primaryimage"},"thumbnailUrl":"https:\/\/distribucionarc.com\/wp-content\/uploads\/2020\/04\/Maquina-dosificadora-de-mermeladas-y-cremas.png","datePublished":"2020-04-17T22:24:28+00:00","dateModified":"2025-05-09T22:28:45+00:00","description":"Machine de dosage et d&#039;embouteillage pour produits visqueux tels que cr\u00e8mes, confitures, sauces et cosm\u00e9tiques. Gamme de remplissage de 100 \u00e0 1000 ml. Pr\u00e9cision \u00b11%. Facile \u00e0 utiliser et \u00e0 nettoyer.","breadcrumb":{"@id":"https:\/\/distribucionarc.com\/sl\/producto\/dosificadora-embotelladora-llenadora-envasadora-100ml-%f0%9f%94%9b-1000ml\/#breadcrumb"},"inLanguage":"fr-FR","potentialAction":[{"@type":"ReadAction","target":["https:\/\/distribucionarc.com\/sl\/producto\/dosificadora-embotelladora-llenadora-envasadora-100ml-%f0%9f%94%9b-1000ml\/"]}]},{"@type":"ImageObject","inLanguage":"fr-FR","@id":"https:\/\/distribucionarc.com\/sl\/producto\/dosificadora-embotelladora-llenadora-envasadora-100ml-%f0%9f%94%9b-1000ml\/#primaryimage","url":"https:\/\/distribucionarc.com\/wp-content\/uploads\/2020\/04\/Maquina-dosificadora-de-mermeladas-y-cremas.png","contentUrl":"https:\/\/distribucionarc.com\/wp-content\/uploads\/2020\/04\/Maquina-dosificadora-de-mermeladas-y-cremas.png","width":628,"height":476,"caption":"Vista frontal de la m\u00e1quina dosificadora 100\u20131000 ml ideal para mermeladas, cremas y productos alimentarios viscosos"},{"@type":"BreadcrumbList","@id":"https:\/\/distribucionarc.com\/sl\/producto\/dosificadora-embotelladora-llenadora-envasadora-100ml-%f0%9f%94%9b-1000ml\/#breadcrumb","itemListElement":[{"@type":"ListItem","position":1,"name":"Portada","item":"https:\/\/www.distribucionarc.com\/"},{"@type":"ListItem","position":2,"name":"\u00dcr\u00fcnler","item":"https:\/\/www.distribucionarc.com\/tr\/magaza\/"},{"@type":"ListItem","position":3,"name":"Dosificadora, Embotelladora, Llenadora Envasadora 100 ml ? 1000 ml"}]},{"@type":"WebSite","@id":"https:\/\/www.distribucionarc.com\/sl\/#website","url":"https:\/\/www.distribucionarc.com\/sl\/","name":"R\u00e9partition de l&#039;ARC","description":"Entreprise sp\u00e9cialis\u00e9e dans la fabrication et la distribution de machines industrielles, scelleuses de bo\u00eetes, machines \u00e0 comprim\u00e9s, machines \u00e0 d\u00e9couper la viande...","publisher":{"@id":"https:\/\/www.distribucionarc.com\/sl\/#organization"},"potentialAction":[{"@type":"SearchAction","target":{"@type":"EntryPoint","urlTemplate":"https:\/\/www.distribucionarc.com\/sl\/?s={search_term_string}"},"query-input":{"@type":"PropertyValueSpecification","valueRequired":true,"valueName":"search_term_string"}}],"inLanguage":"fr-FR"},{"@type":"Organization","@id":"https:\/\/www.distribucionarc.com\/sl\/#organization","name":"Distribution ARC","url":"https:\/\/www.distribucionarc.com\/sl\/","logo":{"@type":"ImageObject","inLanguage":"fr-FR","@id":"https:\/\/www.distribucionarc.com\/sl\/#\/schema\/logo\/image\/","url":"https:\/\/distribucionarc.com\/wp-content\/uploads\/2024\/10\/distribucion-ARC-COLOR-SIN-FONDO-e1732295305345.png","contentUrl":"https:\/\/distribucionarc.com\/wp-content\/uploads\/2024\/10\/distribucion-ARC-COLOR-SIN-FONDO-e1732295305345.png","width":1164,"height":558,"caption":"Distribuci\u00f3n ARC"},"image":{"@id":"https:\/\/www.distribucionarc.com\/sl\/#\/schema\/logo\/image\/"},"description":"Entreprise sp\u00e9cialis\u00e9e dans la fabrication et la distribution de machines industrielles pour les secteurs alimentaire et pharmaceutique. Nous sommes sp\u00e9cialis\u00e9s dans : Machines \u00e0 couper la viande Fabrication de comprim\u00e9s Syst\u00e8mes de transport industriel Lignes d'embouteillage Machines de dosage Et bien plus encore... Nous proposons des solutions innovantes et personnalis\u00e9es pour optimiser les processus de production de votre entreprise.","email":"Admistracion@distribucionarc.com","telephone":"+34 643496664","legalName":"ARC TECH SOLUTIONS","foundingDate":"2024-04-09","vatID":"B55480172","numberOfEmployees":{"@type":"QuantitativeValue","minValue":"1","maxValue":"10"}}]}},"_links":{"self":[{"href":"https:\/\/distribucionarc.com\/fr\/wp-json\/wp\/v2\/product\/355","targetHints":{"allow":["GET"]}}],"collection":[{"href":"https:\/\/distribucionarc.com\/fr\/wp-json\/wp\/v2\/product"}],"about":[{"href":"https:\/\/distribucionarc.com\/fr\/wp-json\/wp\/v2\/types\/product"}],"replies":[{"embeddable":true,"href":"https:\/\/distribucionarc.com\/fr\/wp-json\/wp\/v2\/comments?post=355"}],"version-history":[{"count":2,"href":"https:\/\/distribucionarc.com\/fr\/wp-json\/wp\/v2\/product\/355\/revisions"}],"predecessor-version":[{"id":17483,"href":"https:\/\/distribucionarc.com\/fr\/wp-json\/wp\/v2\/product\/355\/revisions\/17483"}],"wp:featuredmedia":[{"embeddable":true,"href":"https:\/\/distribucionarc.com\/fr\/wp-json\/wp\/v2\/media\/17479"}],"wp:attachment":[{"href":"https:\/\/distribucionarc.com\/fr\/wp-json\/wp\/v2\/media?parent=355"}],"wp:term":[{"taxonomy":"product_brand","embeddable":true,"href":"https:\/\/distribucionarc.com\/fr\/wp-json\/wp\/v2\/product_brand?post=355"},{"taxonomy":"product_cat","embeddable":true,"href":"https:\/\/distribucionarc.com\/fr\/wp-json\/wp\/v2\/product_cat?post=355"},{"taxonomy":"product_tag","embeddable":true,"href":"https:\/\/distribucionarc.com\/fr\/wp-json\/wp\/v2\/product_tag?post=355"}],"curies":[{"name":"wp","href":"https:\/\/api.w.org\/{rel}","templated":true}]}}