{"id":3554,"date":"2020-10-05T09:49:56","date_gmt":"2020-10-05T09:49:56","guid":{"rendered":"https:\/\/distribucionarc.com\/?post_type=product&#038;p=3554"},"modified":"2023-06-05T16:42:35","modified_gmt":"2023-06-05T16:42:35","slug":"presse-a-chaleur-textile-8","status":"publish","type":"product","link":"https:\/\/distribucionarc.com\/fr\/producto\/prensa-termica-textil-8\/","title":{"rendered":"Presse \u00e0 chaud textile 8"},"content":{"rendered":"<h3>Plaque de sublimation presse \u00e0 chaud 38 x 38 cm<\/h3>\n<p>Ce\u00a0<strong>machine d&#039;impression textile<\/strong>\u00a0Il dispose d&#039;une plaque chauffante de 38 x 38 cm qui offre une grande surface de stamping. La plaque recouverte de T\u00e9flon est non adh\u00e9sive, emp\u00eache les vinyles de br\u00fbler et ne n\u00e9cessite pas de film silicone s\u00e9par\u00e9 pour \u00e9viter qu&#039;ils ne collent \u00e0 la machine. Le\u00a0<strong>machine \u00e0 sublimation<span style=\"color: #ff0000;\">\u00a0\u00c0<\/span><span style=\"color: #0000ff;\">R.<\/span>c<\/strong> est <strong>8 en 1<\/strong>\u00a0Avec divers accessoires, notamment : une presse \u00e0 rouleaux, une presse \u00e0 casquettes, une presse \u00e0 tasses et deux presses \u00e0 plaques, vous permet de transf\u00e9rer des motifs sur des T-shirts, des casquettes, des tasses, des assiettes et d&#039;autres articles \u00e0 surface lisse.<\/p>\n<p>\u00c9quip\u00e9 d&#039;une minuterie LCD num\u00e9rique pr\u00e9cise et d&#039;un contr\u00f4leur de temp\u00e9rature, r\u00e9glez et ajustez le fer \u00e0 repasser en fonction de vos besoins. Il est dot\u00e9 d&#039;une alarme acoustique intelligente qui retentit juste \u00e0 temps pour vous informer lorsque l&#039;impression est termin\u00e9e. La rotation compl\u00e8te \u00e0 360 degr\u00e9s du bras pivotant permet \u00e0 l&#039;\u00e9l\u00e9ment chauffant de se d\u00e9placer en toute s\u00e9curit\u00e9 o\u00f9 vous le souhaitez, pour assurer la s\u00e9curit\u00e9 de l&#039;utilisateur du<strong> presse \u00e0 chaud <span style=\"color: #ff0000;\">\u00c0<\/span><span style=\"color: #0000ff;\">R.<\/span>CPTT8<\/strong>\u00a0et \u00e9vitez tout contact accidentel. La poign\u00e9e exerce une pression de fermeture gr\u00e2ce \u00e0 un syst\u00e8me de ressort et de plaque de pression, de sorte que le poids peut \u00eatre r\u00e9parti plus uniform\u00e9ment sur l&#039;ensemble de la plaque chauffante lors de la fermeture.<\/p>\n<h6><strong>Garantie\u00a0<span style=\"color: #ff0000;\">\u00c0<\/span><span style=\"color: #0000ff;\">R.<\/span>C 1 ANS<\/strong><\/h6>\n<h6><span style=\"color: #008000;\">Presse thermique efficace, basse consommation 1300w<\/span><\/h6>\n<h6><strong>support technique inclus<\/strong><\/h6>\n<p>&nbsp;<\/p>\n<table role=\"presentation\" width=\"100%\" cellspacing=\"0\" cellpadding=\"0\">\n<tbody>\n<tr>\n<td class=\"attrLabels\">Marque:<\/td>\n<td width=\"50.0%\">ARC<\/td>\n<\/tr>\n<tr>\n<td class=\"attrLabels\">Pays de distribution\u00a0:<\/td>\n<td width=\"50.0%\">Espagne, Allemagne, \u00c9tats-Unis<\/td>\n<td class=\"attrLabels\">Poids:<\/td>\n<td width=\"50.0%\">30 kg<\/td>\n<\/tr>\n<tr>\n<td class=\"attrLabels\">Couleur:<\/td>\n<td width=\"50.0%\">Argent<\/td>\n<td class=\"attrLabels\">Hauteur:<\/td>\n<td width=\"50.0%\">38 cm<\/td>\n<\/tr>\n<tr>\n<td class=\"attrLabels\">Type de produit\u00a0:<\/td>\n<td width=\"50.0%\">Presse thermocollante<\/td>\n<td class=\"attrLabels\">Long:<\/td>\n<td width=\"50.0%\">40 cm<\/td>\n<\/tr>\n<tr>\n<td class=\"attrLabels\">Num\u00e9ro du fabricant :<\/td>\n<td width=\"50.0%\">ARCPTT8<\/td>\n<td class=\"attrLabels\">Large:<\/td>\n<td width=\"50.0%\">\u00a040 cm<\/td>\n<\/tr>\n<tr>\n<td class=\"attrLabels\">Mat\u00e9riel:<\/td>\n<td width=\"50.0%\">Presse \u00e0 plateau rev\u00eatue de t\u00e9flon, affichage num\u00e9rique, contr\u00f4leur de temps et de temp\u00e9rature, LED<\/td>\n<td class=\"attrLabels\">Plage de temp\u00e9rature\u00a0:<\/td>\n<td width=\"50.0%\">0 \u2013 250\u00baC<\/td>\n<\/tr>\n<tr>\n<td class=\"attrLabels\">Outils d&#039;installation\u00a0:<\/td>\n<td width=\"50.0%\">Ouais<\/td>\n<td class=\"attrLabels\">Taille du fer thermique :<\/td>\n<td width=\"50.0%\">38x38cm<\/td>\n<\/tr>\n<tr>\n<td class=\"attrLabels\">Tension d&#039;entr\u00e9e\u00a0:<\/td>\n<td width=\"50.0%\">220V \u2013 60\/50Hz<\/td>\n<td class=\"attrLabels\">Presses :<\/td>\n<td width=\"50.0%\">Bouchons 15 x 8 cm Tasses-4 14 x 15Tasses-1 5 x 7 cm Assiette-1 5-7 cm<\/p>\n<p>Tasses-2 7,6 x 8,9 Assiette-2 15 cm de diam\u00e8tre<\/p>\n<p>Tasses-3 18 x 15 Assiette-3 12,7 cm de diam\u00e8tre<\/td>\n<\/tr>\n<tr>\n<td class=\"attrLabels\">Pouvoir:<\/td>\n<td width=\"50.0%\">1300W<\/td>\n<td class=\"attrLabels\">Hauteur r\u00e9glable :<\/td>\n<td width=\"50.0%\">35 \u2013 43 cm<\/td>\n<\/tr>\n<\/tbody>\n<\/table>","protected":false},"excerpt":{"rendered":"<h2>Plaque de sublimation presse thermique 38 x 38 cm<\/h2>\n<p>Ce\u00a0<strong>Presse textile 8 en 1 <span style=\"color: #ff0000;\">\u00c0<\/span><span style=\"color: #0000ff;\">R.<\/span>c<\/strong>\u00a0a un\u00a0<strong>Plaque chauffante 38 x 38 cm<\/strong>\u00a0Enduit de t\u00e9flon. Il dispose d\u2019une s\u00e9lection compl\u00e8te de serpentins chauffants pour assurer une surface uniforme. La conception rotative pivotante de la presse \u00e0 chaud offre tous les accessoires indispensables. Peut \u00eatre utilis\u00e9 pour les T-shirts, casquettes, assiettes en c\u00e9ramique, carreaux, tasses, dessous de verre, tapis de souris, puzzles et autres tissus ou mat\u00e9riaux diff\u00e9rents.<\/p>\n<h6><strong>Garantie\u00a0<span style=\"color: #ff0000;\">\u00c0<\/span><span style=\"color: #0000ff;\">R.<\/span>C 1 ANS<\/strong><\/h6>\n<h6><span style=\"color: #008000;\">Presse thermique efficace, basse consommation 1300w<\/span><\/h6>\n<h6><strong>support technique inclus<\/strong><\/h6>","protected":false},"featured_media":3564,"comment_status":"open","ping_status":"closed","template":"","meta":{"wds_primary_product_brand":0,"wds_primary_product_cat":0},"product_brand":[],"product_cat":[69],"product_tag":[],"class_list":{"0":"post-3554","1":"product","2":"type-product","3":"status-publish","4":"has-post-thumbnail","6":"product_cat-maquinas-variadas","7":"product_shipping_class-hosteleria","9":"first","10":"instock","11":"sale","12":"taxable","13":"shipping-taxable","14":"purchasable","15":"product-type-simple"},"yoast_head":"<!-- This site is optimized with the Yoast SEO Premium plugin v24.9 (Yoast SEO v26.1) - https:\/\/yoast.com\/wordpress\/plugins\/seo\/ -->\n<title>Prensa t\u00e9rmica textil 8 - distribuci\u00f3n ARC<\/title>\n<meta name=\"robots\" content=\"index, follow, max-snippet:-1, max-image-preview:large, max-video-preview:-1\" \/>\n<link rel=\"canonical\" href=\"https:\/\/distribucionarc.com\/fr\/produit\/presse-a-chaleur-textile-8\/\" \/>\n<meta property=\"og:locale\" content=\"fr_FR\" \/>\n<meta property=\"og:type\" content=\"article\" \/>\n<meta property=\"og:title\" content=\"Prensa t\u00e9rmica textil 8\" \/>\n<meta property=\"og:description\" content=\"Prensa termica plancha de sublimaci\u00f3n 38 x 38 cm Esta\u00a0prensa textil 8 en 1 ARC\u00a0cuenta con una\u00a0placa de calentamiento de 38 x 38 cm\u00a0recubierta de tefl\u00f3n. Cuenta con una selecci\u00f3n completa de bobinas de calentamiento para garantizar una superficie uniforme. El dise\u00f1o giratorio de oscilaci\u00f3n de la m\u00e1quina de prensado en caliente ofrece todos los accesorios indispensables. Se puede utilizar para camisetas, gorras, placas de cer\u00e1mica, azulejos, tazas, posavasos, almohadillas de rat\u00f3n, rompecabezas y otros tejidos o diferentes materiales. Garant\u00eda\u00a0ARC 1 A\u00d1OS Prensa t\u00e9rmica eficiente, bajo consumo 1300w soporte t\u00e9cnico\u00a0incluido\" \/>\n<meta property=\"og:url\" content=\"https:\/\/distribucionarc.com\/fr\/produit\/presse-a-chaleur-textile-8\/\" \/>\n<meta property=\"og:site_name\" content=\"distribuci\u00f3n ARC\" \/>\n<meta property=\"article:modified_time\" content=\"2023-06-05T16:42:35+00:00\" \/>\n<meta property=\"og:image\" content=\"https:\/\/distribucionarc.com\/wp-content\/uploads\/2020\/10\/Prensa-t\u00e9rmica-textil-8-0.jpg\" \/>\n\t<meta property=\"og:image:width\" content=\"1600\" \/>\n\t<meta property=\"og:image:height\" content=\"1600\" \/>\n\t<meta property=\"og:image:type\" content=\"image\/jpeg\" \/>\n<meta name=\"twitter:card\" content=\"summary_large_image\" \/>\n<meta name=\"twitter:label1\" content=\"Dur\u00e9e de lecture estim\u00e9e\" \/>\n\t<meta name=\"twitter:data1\" content=\"2 minutes\" \/>\n<script type=\"application\/ld+json\" class=\"yoast-schema-graph\">{\"@context\":\"https:\/\/schema.org\",\"@graph\":[{\"@type\":\"WebPage\",\"@id\":\"https:\/\/distribucionarc.com\/tr\/producto\/prensa-termica-textil-8\/\",\"url\":\"https:\/\/distribucionarc.com\/tr\/producto\/prensa-termica-textil-8\/\",\"name\":\"Prensa t\u00e9rmica textil 8 - distribuci\u00f3n ARC\",\"isPartOf\":{\"@id\":\"https:\/\/www.distribucionarc.com\/de\/#website\"},\"primaryImageOfPage\":{\"@id\":\"https:\/\/distribucionarc.com\/tr\/producto\/prensa-termica-textil-8\/#primaryimage\"},\"image\":{\"@id\":\"https:\/\/distribucionarc.com\/tr\/producto\/prensa-termica-textil-8\/#primaryimage\"},\"thumbnailUrl\":\"https:\/\/distribucionarc.com\/wp-content\/uploads\/2020\/10\/Prensa-t\u00e9rmica-textil-8-0.jpg\",\"datePublished\":\"2020-10-05T09:49:56+00:00\",\"dateModified\":\"2023-06-05T16:42:35+00:00\",\"breadcrumb\":{\"@id\":\"https:\/\/distribucionarc.com\/tr\/producto\/prensa-termica-textil-8\/#breadcrumb\"},\"inLanguage\":\"fr-FR\",\"potentialAction\":[{\"@type\":\"ReadAction\",\"target\":[\"https:\/\/distribucionarc.com\/tr\/producto\/prensa-termica-textil-8\/\"]}]},{\"@type\":\"ImageObject\",\"inLanguage\":\"fr-FR\",\"@id\":\"https:\/\/distribucionarc.com\/tr\/producto\/prensa-termica-textil-8\/#primaryimage\",\"url\":\"https:\/\/distribucionarc.com\/wp-content\/uploads\/2020\/10\/Prensa-t\u00e9rmica-textil-8-0.jpg\",\"contentUrl\":\"https:\/\/distribucionarc.com\/wp-content\/uploads\/2020\/10\/Prensa-t\u00e9rmica-textil-8-0.jpg\",\"width\":1600,\"height\":1600,\"caption\":\"Prensa t\u00e9rmica textil 8\"},{\"@type\":\"BreadcrumbList\",\"@id\":\"https:\/\/distribucionarc.com\/tr\/producto\/prensa-termica-textil-8\/#breadcrumb\",\"itemListElement\":[{\"@type\":\"ListItem\",\"position\":1,\"name\":\"Portada\",\"item\":\"https:\/\/www.distribucionarc.com\/en\/\"},{\"@type\":\"ListItem\",\"position\":2,\"name\":\"Products\",\"item\":\"https:\/\/www.distribucionarc.com\/en\/shop\/\"},{\"@type\":\"ListItem\",\"position\":3,\"name\":\"Prensa t\u00e9rmica textil 8\"}]},{\"@type\":\"WebSite\",\"@id\":\"https:\/\/www.distribucionarc.com\/de\/#website\",\"url\":\"https:\/\/www.distribucionarc.com\/de\/\",\"name\":\"distribuci\u00f3n ARC\",\"description\":\"Empresa especializada en la fabricaci\u00f3n y distribuci\u00f3n de maquinaria industrial, selladoras de latas, Maquinas de hacer pastillas, Maquinas de cortar carne...\",\"publisher\":{\"@id\":\"https:\/\/www.distribucionarc.com\/de\/#organization\"},\"potentialAction\":[{\"@type\":\"SearchAction\",\"target\":{\"@type\":\"EntryPoint\",\"urlTemplate\":\"https:\/\/www.distribucionarc.com\/de\/?s={search_term_string}\"},\"query-input\":{\"@type\":\"PropertyValueSpecification\",\"valueRequired\":true,\"valueName\":\"search_term_string\"}}],\"inLanguage\":\"fr-FR\"},{\"@type\":\"Organization\",\"@id\":\"https:\/\/www.distribucionarc.com\/de\/#organization\",\"name\":\"Distribuci\u00f3n ARC\",\"url\":\"https:\/\/www.distribucionarc.com\/de\/\",\"logo\":{\"@type\":\"ImageObject\",\"inLanguage\":\"fr-FR\",\"@id\":\"https:\/\/www.distribucionarc.com\/de\/#\/schema\/logo\/image\/\",\"url\":\"https:\/\/distribucionarc.com\/wp-content\/uploads\/2024\/10\/distribucion-ARC-COLOR-SIN-FONDO-e1732295305345.png\",\"contentUrl\":\"https:\/\/distribucionarc.com\/wp-content\/uploads\/2024\/10\/distribucion-ARC-COLOR-SIN-FONDO-e1732295305345.png\",\"width\":1164,\"height\":558,\"caption\":\"Distribuci\u00f3n ARC\"},\"image\":{\"@id\":\"https:\/\/www.distribucionarc.com\/de\/#\/schema\/logo\/image\/\"},\"description\":\"Empresa especializada en la fabricaci\u00f3n y distribuci\u00f3n de maquinaria industrial para los sectores alimentario y farmac\u00e9utico. Nos especializamos en: M\u00e1quinas de cortar carne Fabricaci\u00f3n de comprimidos Sistemas de transporte industrial L\u00edneas de embotellado Dosificadores Y mucho m\u00e1s... Ofrecemos soluciones innovadoras y personalizadas para optimizar los procesos productivos de tu empresa.\",\"email\":\"Admistracion@distribucionarc.com\",\"telephone\":\"+34 643496664\",\"legalName\":\"ARC TECH SOLUTIONS\",\"foundingDate\":\"2024-04-09\",\"vatID\":\"B55480172\",\"numberOfEmployees\":{\"@type\":\"QuantitativeValue\",\"minValue\":\"1\",\"maxValue\":\"10\"}}]}<\/script>\n<!-- \/ Yoast SEO Premium plugin. -->","yoast_head_json":{"title":"Presse thermique textile 8 - Distribution ARC","robots":{"index":"index","follow":"follow","max-snippet":"max-snippet:-1","max-image-preview":"max-image-preview:large","max-video-preview":"max-video-preview:-1"},"canonical":"https:\/\/distribucionarc.com\/fr\/produit\/presse-a-chaleur-textile-8\/","og_locale":"fr_FR","og_type":"article","og_title":"Prensa t\u00e9rmica textil 8","og_description":"Prensa termica plancha de sublimaci\u00f3n 38 x 38 cm Esta\u00a0prensa textil 8 en 1 ARC\u00a0cuenta con una\u00a0placa de calentamiento de 38 x 38 cm\u00a0recubierta de tefl\u00f3n. Cuenta con una selecci\u00f3n completa de bobinas de calentamiento para garantizar una superficie uniforme. El dise\u00f1o giratorio de oscilaci\u00f3n de la m\u00e1quina de prensado en caliente ofrece todos los accesorios indispensables. Se puede utilizar para camisetas, gorras, placas de cer\u00e1mica, azulejos, tazas, posavasos, almohadillas de rat\u00f3n, rompecabezas y otros tejidos o diferentes materiales. Garant\u00eda\u00a0ARC 1 A\u00d1OS Prensa t\u00e9rmica eficiente, bajo consumo 1300w soporte t\u00e9cnico\u00a0incluido","og_url":"https:\/\/distribucionarc.com\/fr\/produit\/presse-a-chaleur-textile-8\/","og_site_name":"distribuci\u00f3n ARC","article_modified_time":"2023-06-05T16:42:35+00:00","og_image":[{"width":1600,"height":1600,"url":"https:\/\/distribucionarc.com\/wp-content\/uploads\/2020\/10\/Prensa-t\u00e9rmica-textil-8-0.jpg","type":"image\/jpeg"}],"twitter_card":"summary_large_image","twitter_misc":{"Dur\u00e9e de lecture estim\u00e9e":"2 minutes"},"schema":{"@context":"https:\/\/schema.org","@graph":[{"@type":"WebPage","@id":"https:\/\/distribucionarc.com\/tr\/producto\/prensa-termica-textil-8\/","url":"https:\/\/distribucionarc.com\/tr\/producto\/prensa-termica-textil-8\/","name":"Presse thermique textile 8 - Distribution ARC","isPartOf":{"@id":"https:\/\/www.distribucionarc.com\/de\/#website"},"primaryImageOfPage":{"@id":"https:\/\/distribucionarc.com\/tr\/producto\/prensa-termica-textil-8\/#primaryimage"},"image":{"@id":"https:\/\/distribucionarc.com\/tr\/producto\/prensa-termica-textil-8\/#primaryimage"},"thumbnailUrl":"https:\/\/distribucionarc.com\/wp-content\/uploads\/2020\/10\/Prensa-t\u00e9rmica-textil-8-0.jpg","datePublished":"2020-10-05T09:49:56+00:00","dateModified":"2023-06-05T16:42:35+00:00","breadcrumb":{"@id":"https:\/\/distribucionarc.com\/tr\/producto\/prensa-termica-textil-8\/#breadcrumb"},"inLanguage":"fr-FR","potentialAction":[{"@type":"ReadAction","target":["https:\/\/distribucionarc.com\/tr\/producto\/prensa-termica-textil-8\/"]}]},{"@type":"ImageObject","inLanguage":"fr-FR","@id":"https:\/\/distribucionarc.com\/tr\/producto\/prensa-termica-textil-8\/#primaryimage","url":"https:\/\/distribucionarc.com\/wp-content\/uploads\/2020\/10\/Prensa-t\u00e9rmica-textil-8-0.jpg","contentUrl":"https:\/\/distribucionarc.com\/wp-content\/uploads\/2020\/10\/Prensa-t\u00e9rmica-textil-8-0.jpg","width":1600,"height":1600,"caption":"Prensa t\u00e9rmica textil 8"},{"@type":"BreadcrumbList","@id":"https:\/\/distribucionarc.com\/tr\/producto\/prensa-termica-textil-8\/#breadcrumb","itemListElement":[{"@type":"ListItem","position":1,"name":"Portada","item":"https:\/\/www.distribucionarc.com\/en\/"},{"@type":"ListItem","position":2,"name":"Products","item":"https:\/\/www.distribucionarc.com\/en\/shop\/"},{"@type":"ListItem","position":3,"name":"Prensa t\u00e9rmica textil 8"}]},{"@type":"WebSite","@id":"https:\/\/www.distribucionarc.com\/de\/#website","url":"https:\/\/www.distribucionarc.com\/de\/","name":"R\u00e9partition de l&#039;ARC","description":"Entreprise sp\u00e9cialis\u00e9e dans la fabrication et la distribution de machines industrielles, scelleuses de bo\u00eetes, machines \u00e0 comprim\u00e9s, machines \u00e0 d\u00e9couper la viande...","publisher":{"@id":"https:\/\/www.distribucionarc.com\/de\/#organization"},"potentialAction":[{"@type":"SearchAction","target":{"@type":"EntryPoint","urlTemplate":"https:\/\/www.distribucionarc.com\/de\/?s={search_term_string}"},"query-input":{"@type":"PropertyValueSpecification","valueRequired":true,"valueName":"search_term_string"}}],"inLanguage":"fr-FR"},{"@type":"Organization","@id":"https:\/\/www.distribucionarc.com\/de\/#organization","name":"Distribution ARC","url":"https:\/\/www.distribucionarc.com\/de\/","logo":{"@type":"ImageObject","inLanguage":"fr-FR","@id":"https:\/\/www.distribucionarc.com\/de\/#\/schema\/logo\/image\/","url":"https:\/\/distribucionarc.com\/wp-content\/uploads\/2024\/10\/distribucion-ARC-COLOR-SIN-FONDO-e1732295305345.png","contentUrl":"https:\/\/distribucionarc.com\/wp-content\/uploads\/2024\/10\/distribucion-ARC-COLOR-SIN-FONDO-e1732295305345.png","width":1164,"height":558,"caption":"Distribuci\u00f3n ARC"},"image":{"@id":"https:\/\/www.distribucionarc.com\/de\/#\/schema\/logo\/image\/"},"description":"Entreprise sp\u00e9cialis\u00e9e dans la fabrication et la distribution de machines industrielles pour les secteurs alimentaire et pharmaceutique. Nous sommes sp\u00e9cialis\u00e9s dans : Machines \u00e0 couper la viande Fabrication de comprim\u00e9s Syst\u00e8mes de transport industriel Lignes d'embouteillage Machines de dosage Et bien plus encore... Nous proposons des solutions innovantes et personnalis\u00e9es pour optimiser les processus de production de votre entreprise.","email":"Admistracion@distribucionarc.com","telephone":"+34 643496664","legalName":"ARC TECH SOLUTIONS","foundingDate":"2024-04-09","vatID":"B55480172","numberOfEmployees":{"@type":"QuantitativeValue","minValue":"1","maxValue":"10"}}]}},"_links":{"self":[{"href":"https:\/\/distribucionarc.com\/fr\/wp-json\/wp\/v2\/product\/3554","targetHints":{"allow":["GET"]}}],"collection":[{"href":"https:\/\/distribucionarc.com\/fr\/wp-json\/wp\/v2\/product"}],"about":[{"href":"https:\/\/distribucionarc.com\/fr\/wp-json\/wp\/v2\/types\/product"}],"replies":[{"embeddable":true,"href":"https:\/\/distribucionarc.com\/fr\/wp-json\/wp\/v2\/comments?post=3554"}],"version-history":[{"count":0,"href":"https:\/\/distribucionarc.com\/fr\/wp-json\/wp\/v2\/product\/3554\/revisions"}],"wp:featuredmedia":[{"embeddable":true,"href":"https:\/\/distribucionarc.com\/fr\/wp-json\/wp\/v2\/media\/3564"}],"wp:attachment":[{"href":"https:\/\/distribucionarc.com\/fr\/wp-json\/wp\/v2\/media?parent=3554"}],"wp:term":[{"taxonomy":"product_brand","embeddable":true,"href":"https:\/\/distribucionarc.com\/fr\/wp-json\/wp\/v2\/product_brand?post=3554"},{"taxonomy":"product_cat","embeddable":true,"href":"https:\/\/distribucionarc.com\/fr\/wp-json\/wp\/v2\/product_cat?post=3554"},{"taxonomy":"product_tag","embeddable":true,"href":"https:\/\/distribucionarc.com\/fr\/wp-json\/wp\/v2\/product_tag?post=3554"}],"curies":[{"name":"wp","href":"https:\/\/api.w.org\/{rel}","templated":true}]}}