{"id":3692,"date":"2020-10-06T14:38:36","date_gmt":"2020-10-06T14:38:36","guid":{"rendered":"https:\/\/distribucionarc.com\/?post_type=product&#038;p=3692"},"modified":"2023-07-26T16:52:46","modified_gmt":"2023-07-26T16:52:46","slug":"machine-de-conditionnement-sous-vide-a-double-chambre","status":"publish","type":"product","link":"https:\/\/distribucionarc.com\/fr\/producto\/maquina-de-envasado-al-vacio-doble-camara\/","title":{"rendered":"Machine d&#039;emballage sous vide \u00e0 double chambre"},"content":{"rendered":"<h3>Machine d&#039;emballage sous vide \u00e0 double chambre<\/h3>\n<p>Les principaux mat\u00e9riaux du <strong>machine d&#039;emballage sous vide <span style=\"color: #ff0000;\">\u00c0<\/span><span style=\"color: #0000ff;\">R.<\/span>c<\/strong> Ils sont fabriqu\u00e9s en acier inoxydable 304\u00a0; r\u00e9glementaire pour r\u00e9pondre aux exigences d\u2019hygi\u00e8ne alimentaire. L&#039;ensemble de la machine adopte la conception d&#039;une chambre \u00e0 vide plate pour faciliter le nettoyage des mat\u00e9riaux qui tombent pendant le processus d&#039;emballage, tels que la graisse, l&#039;huile et les traces. Il est \u00e9quip\u00e9 de roues r\u00e9sistantes et de freins pour faciliter le d\u00e9placement de la machine.<\/p>\n<p>Le <strong>machine d&#039;emballage sous vide <span style=\"color: #ff0000;\">\u00c0<\/span><span style=\"color: #0000ff;\">R.<\/span>C6002S<\/strong> Il est \u00e9quip\u00e9 d&#039;une pompe \u00e0 vide haute puissance pour r\u00e9aliser un processus rapide et efficace. Celui-ci est contr\u00f4l\u00e9 par un micro-ordinateur pour s&#039;adapter aux besoins de l&#039;emballage, garantissant une grande pr\u00e9cision. La bande d&#039;\u00e9tanch\u00e9it\u00e9 en forme de V est compos\u00e9e de mat\u00e9riaux \u00e0 haute densit\u00e9 qui garantissent des performances d&#039;\u00e9tanch\u00e9it\u00e9, une r\u00e9sistance \u00e0 la pression et une r\u00e9sistance \u00e0 l&#039;usure dans le travail quotidien.<\/p>\n<p>Tr\u00e8s simple \u00e0 utiliser gr\u00e2ce \u00e0 la structure d&#039;\u00e9quilibre dynamique, permettant de le pousser avec la force d&#039;un doigt, r\u00e9duisant ainsi l&#039;intensit\u00e9 du travail. Il dispose d&#039;un syst\u00e8me d&#039;arr\u00eat d&#039;urgence qui peut \u00eatre activ\u00e9 chaque fois que l&#039;utilisateur le consid\u00e8re. Comprend une fonction de refroidissement de l&#039;air \u00e9vacu\u00e9<\/p>\n<h6><strong>Garantie\u00a0<span style=\"color: #ff0000;\">\u00c0<\/span><span style=\"color: #0000ff;\">R.<\/span>C 2 ANS<\/strong><\/h6>\n<h6><span style=\"color: #008000;\">Machine sous vide efficace, faible consommation 2000 w<\/span><\/h6>\n<h6><strong>support technique inclus<\/strong><\/h6>\n<p>&nbsp;<\/p>\n<table role=\"presentation\" width=\"100%\" cellspacing=\"0\" cellpadding=\"0\">\n<tbody>\n<tr>\n<td class=\"attrLabels\">Marque:<\/td>\n<td width=\"50.0%\">ARC<\/td>\n<\/tr>\n<tr>\n<td class=\"attrLabels\">Pays de distribution\u00a0:<\/td>\n<td width=\"50.0%\">Espagne, Allemagne, \u00c9tats-Unis<\/td>\n<td class=\"attrLabels\">Poids:<\/td>\n<td width=\"50.0%\">320 kg<\/td>\n<\/tr>\n<tr>\n<td class=\"attrLabels\">Num\u00e9ro du fabricant :<\/td>\n<td width=\"50.0%\">ARC6002<\/td>\n<td class=\"attrLabels\">Dimensions des machines\u00a0:<\/td>\n<td width=\"50.0%\">151 x 68,5 x 96 cm<\/td>\n<\/tr>\n<tr>\n<td class=\"attrLabels\">Couleur:<\/td>\n<td width=\"50.0%\">Argent<\/td>\n<td class=\"attrLabels\">Taille de la chambre vide\u00a0:<\/td>\n<td width=\"50.0%\">72x55x16cm<\/td>\n<\/tr>\n<tr>\n<td class=\"attrLabels\">Type de produit\u00a0:<\/td>\n<td width=\"50.0%\">Machine d&#039;emballage sous vide industrielle<\/td>\n<td class=\"attrLabels\">Thermoscellage efficace\u00a0:<\/td>\n<td width=\"50.0%\">60x55x16cm<\/td>\n<\/tr>\n<tr>\n<td class=\"attrLabels\">Mat\u00e9riel:<\/td>\n<td width=\"50.0%\">Acier inoxydable 304<\/td>\n<td class=\"attrLabels\">Espacement des lignes de scellage\u00a0:<\/td>\n<td width=\"50.0%\">43 cm<\/td>\n<\/tr>\n<tr>\n<td class=\"attrLabels\">Outils d&#039;installation\u00a0:<\/td>\n<td width=\"50.0%\">Ouais<\/td>\n<td class=\"attrLabels\">Pompe \u00e0 vide\u00a0:<\/td>\n<td width=\"50.0%\">20x2m3\/h<\/td>\n<\/tr>\n<tr>\n<td class=\"attrLabels\">Pouvoir:<\/td>\n<td width=\"50.0%\">2000W<\/td>\n<td class=\"attrLabels\">Cycle de service\u00a0:<\/td>\n<td width=\"50.0%\">4-5 fois\/min<\/td>\n<\/tr>\n<tr>\n<td class=\"attrLabels\">Tension d&#039;entr\u00e9e\u00a0:<\/td>\n<td width=\"50.0%\">380V \u2013 50Hz<\/td>\n<td class=\"attrLabels\">Garantie:<\/td>\n<td width=\"50.0%\">ARC 2 ANS<\/td>\n<\/tr>\n<\/tbody>\n<\/table>\n<p>&nbsp;<\/p>","protected":false},"excerpt":{"rendered":"<h2>Machine d&#039;emballage sous vide \u00e0 double chambre<\/h2>\n<p>Ce <strong>machine d&#039;emballage sous vide industrielle <span style=\"color: #ff0000;\">\u00c0<\/span><span style=\"color: #0000ff;\">R.<\/span>c<\/strong> Il adopte un syst\u00e8me de contr\u00f4le par micro-ordinateur pour rendre le r\u00e9glage des param\u00e8tres d&#039;\u00e9tanch\u00e9it\u00e9 plus facile et plus pr\u00e9cis\u00a0; Vous pouvez r\u00e9gler le temps de mise sous vide, le temps de scellage et le temps d&#039;emballage en fonction de vos besoins. Parvenant \u00e0 s&#039;adapter aux besoins du produit ou du mat\u00e9riau d&#039;emballage, cela <strong>machine d&#039;emballage<\/strong> Il convient \u00e0 diff\u00e9rentes industries : alimentaire, pharmaceutique, m\u00e9canique, \u00e9lectrique, etc.<\/p>\n<h6><strong>Garantie\u00a0<span style=\"color: #ff0000;\">\u00c0<\/span><span style=\"color: #0000ff;\">R.<\/span>C 2 ANS<\/strong><\/h6>\n<h6><span style=\"color: #008000;\">Machine sous vide efficace, faible consommation 2000 w<\/span><\/h6>\n<h6><strong>support technique inclus<\/strong><\/h6>\n<p>&nbsp;<\/p>","protected":false},"featured_media":3701,"comment_status":"open","ping_status":"closed","template":"","meta":{"wds_primary_product_brand":0,"wds_primary_product_cat":0},"product_brand":[],"product_cat":[49,27],"product_tag":[],"class_list":{"0":"post-3692","1":"product","2":"type-product","3":"status-publish","4":"has-post-thumbnail","6":"product_cat-envasadoras-al-vacio","7":"product_cat-selladoras-de-bolsas","8":"product_shipping_class-express","10":"first","11":"instock","12":"taxable","13":"shipping-taxable","14":"purchasable","15":"product-type-simple"},"yoast_head":"<!-- This site is optimized with the Yoast SEO Premium plugin v24.9 (Yoast SEO v26.1) - https:\/\/yoast.com\/wordpress\/plugins\/seo\/ -->\n<title>M\u00e1quina de envasado al vac\u00edo doble c\u00e1mara - distribuci\u00f3n ARC<\/title>\n<meta name=\"robots\" content=\"index, follow, max-snippet:-1, max-image-preview:large, max-video-preview:-1\" \/>\n<link rel=\"canonical\" href=\"https:\/\/www.distribucionarc.com\/bg\/producto\/maquina-de-envasado-al-vacio-doble-camara\/\" \/>\n<meta property=\"og:locale\" content=\"fr_FR\" \/>\n<meta property=\"og:type\" content=\"article\" \/>\n<meta property=\"og:title\" content=\"M\u00e1quina de envasado al vac\u00edo doble c\u00e1mara\" \/>\n<meta property=\"og:description\" content=\"M\u00e1quina de envasado al vac\u00edo doble c\u00e1mara Esta envasadora al vac\u00edo industrial ARC adopta un sistema de control por microordenador para que la configuraci\u00f3n de los par\u00e1metros de sellado sea m\u00e1s f\u00e1cil y precisa; puede establecer el tiempo de aspirado, tiempo de sellado y tiempo de embalaje de acuerdo con sus necesidades. Logrando adaptarse a las necesidades del producto o material de embalaje, esta m\u00e1quina de envasado es adecuada para diferentes industrias: alimentaria, farmac\u00e9utica, mec\u00e1nica, el\u00e9ctrica etc. Garant\u00eda\u00a0ARC 2 A\u00d1OS Envasadora al vac\u00edo eficiente, bajo consumo 2000 w soporte t\u00e9cnico incluido &nbsp;\" \/>\n<meta property=\"og:url\" content=\"https:\/\/www.distribucionarc.com\/bg\/producto\/maquina-de-envasado-al-vacio-doble-camara\/\" \/>\n<meta property=\"og:site_name\" content=\"distribuci\u00f3n ARC\" \/>\n<meta property=\"article:modified_time\" content=\"2023-07-26T16:52:46+00:00\" \/>\n<meta property=\"og:image\" content=\"https:\/\/distribucionarc.com\/wp-content\/uploads\/2020\/10\/M\u00e1quina-de-envasado-al-vac\u00edo-doble-c\u00e1mara-0-1.jpg\" \/>\n\t<meta property=\"og:image:width\" content=\"800\" \/>\n\t<meta property=\"og:image:height\" content=\"800\" \/>\n\t<meta property=\"og:image:type\" content=\"image\/jpeg\" \/>\n<meta name=\"twitter:card\" content=\"summary_large_image\" \/>\n<meta name=\"twitter:label1\" content=\"Dur\u00e9e de lecture estim\u00e9e\" \/>\n\t<meta name=\"twitter:data1\" content=\"2 minutes\" \/>\n<script type=\"application\/ld+json\" class=\"yoast-schema-graph\">{\"@context\":\"https:\/\/schema.org\",\"@graph\":[{\"@type\":\"WebPage\",\"@id\":\"https:\/\/www.distribucionarc.com\/bg\/producto\/maquina-de-envasado-al-vacio-doble-camara\/\",\"url\":\"https:\/\/www.distribucionarc.com\/bg\/producto\/maquina-de-envasado-al-vacio-doble-camara\/\",\"name\":\"M\u00e1quina de envasado al vac\u00edo doble c\u00e1mara - distribuci\u00f3n ARC\",\"isPartOf\":{\"@id\":\"https:\/\/www.distribucionarc.com\/sl\/#website\"},\"primaryImageOfPage\":{\"@id\":\"https:\/\/www.distribucionarc.com\/bg\/producto\/maquina-de-envasado-al-vacio-doble-camara\/#primaryimage\"},\"image\":{\"@id\":\"https:\/\/www.distribucionarc.com\/bg\/producto\/maquina-de-envasado-al-vacio-doble-camara\/#primaryimage\"},\"thumbnailUrl\":\"https:\/\/distribucionarc.com\/wp-content\/uploads\/2020\/10\/M\u00e1quina-de-envasado-al-vac\u00edo-doble-c\u00e1mara-0-1.jpg\",\"datePublished\":\"2020-10-06T14:38:36+00:00\",\"dateModified\":\"2023-07-26T16:52:46+00:00\",\"breadcrumb\":{\"@id\":\"https:\/\/www.distribucionarc.com\/bg\/producto\/maquina-de-envasado-al-vacio-doble-camara\/#breadcrumb\"},\"inLanguage\":\"fr-FR\",\"potentialAction\":[{\"@type\":\"ReadAction\",\"target\":[\"https:\/\/www.distribucionarc.com\/bg\/producto\/maquina-de-envasado-al-vacio-doble-camara\/\"]}]},{\"@type\":\"ImageObject\",\"inLanguage\":\"fr-FR\",\"@id\":\"https:\/\/www.distribucionarc.com\/bg\/producto\/maquina-de-envasado-al-vacio-doble-camara\/#primaryimage\",\"url\":\"https:\/\/distribucionarc.com\/wp-content\/uploads\/2020\/10\/M\u00e1quina-de-envasado-al-vac\u00edo-doble-c\u00e1mara-0-1.jpg\",\"contentUrl\":\"https:\/\/distribucionarc.com\/wp-content\/uploads\/2020\/10\/M\u00e1quina-de-envasado-al-vac\u00edo-doble-c\u00e1mara-0-1.jpg\",\"width\":800,\"height\":800,\"caption\":\"M\u00e1quina de envasado al vac\u00edo doble c\u00e1mara\"},{\"@type\":\"BreadcrumbList\",\"@id\":\"https:\/\/www.distribucionarc.com\/bg\/producto\/maquina-de-envasado-al-vacio-doble-camara\/#breadcrumb\",\"itemListElement\":[{\"@type\":\"ListItem\",\"position\":1,\"name\":\"Portada\",\"item\":\"https:\/\/www.distribucionarc.com\/\"},{\"@type\":\"ListItem\",\"position\":2,\"name\":\"\u00dcr\u00fcnler\",\"item\":\"https:\/\/www.distribucionarc.com\/tr\/magaza\/\"},{\"@type\":\"ListItem\",\"position\":3,\"name\":\"M\u00e1quina de envasado al vac\u00edo doble c\u00e1mara\"}]},{\"@type\":\"WebSite\",\"@id\":\"https:\/\/www.distribucionarc.com\/sl\/#website\",\"url\":\"https:\/\/www.distribucionarc.com\/sl\/\",\"name\":\"distribuci\u00f3n ARC\",\"description\":\"Empresa especializada en la fabricaci\u00f3n y distribuci\u00f3n de maquinaria industrial, selladoras de latas, Maquinas de hacer pastillas, Maquinas de cortar carne...\",\"publisher\":{\"@id\":\"https:\/\/www.distribucionarc.com\/sl\/#organization\"},\"potentialAction\":[{\"@type\":\"SearchAction\",\"target\":{\"@type\":\"EntryPoint\",\"urlTemplate\":\"https:\/\/www.distribucionarc.com\/sl\/?s={search_term_string}\"},\"query-input\":{\"@type\":\"PropertyValueSpecification\",\"valueRequired\":true,\"valueName\":\"search_term_string\"}}],\"inLanguage\":\"fr-FR\"},{\"@type\":\"Organization\",\"@id\":\"https:\/\/www.distribucionarc.com\/sl\/#organization\",\"name\":\"Distribuci\u00f3n ARC\",\"url\":\"https:\/\/www.distribucionarc.com\/sl\/\",\"logo\":{\"@type\":\"ImageObject\",\"inLanguage\":\"fr-FR\",\"@id\":\"https:\/\/www.distribucionarc.com\/sl\/#\/schema\/logo\/image\/\",\"url\":\"https:\/\/distribucionarc.com\/wp-content\/uploads\/2024\/10\/distribucion-ARC-COLOR-SIN-FONDO-e1732295305345.png\",\"contentUrl\":\"https:\/\/distribucionarc.com\/wp-content\/uploads\/2024\/10\/distribucion-ARC-COLOR-SIN-FONDO-e1732295305345.png\",\"width\":1164,\"height\":558,\"caption\":\"Distribuci\u00f3n ARC\"},\"image\":{\"@id\":\"https:\/\/www.distribucionarc.com\/sl\/#\/schema\/logo\/image\/\"},\"description\":\"Empresa especializada en la fabricaci\u00f3n y distribuci\u00f3n de maquinaria industrial para los sectores alimentario y farmac\u00e9utico. Nos especializamos en: M\u00e1quinas de cortar carne Fabricaci\u00f3n de comprimidos Sistemas de transporte industrial L\u00edneas de embotellado Dosificadores Y mucho m\u00e1s... Ofrecemos soluciones innovadoras y personalizadas para optimizar los procesos productivos de tu empresa.\",\"email\":\"Admistracion@distribucionarc.com\",\"telephone\":\"+34 643496664\",\"legalName\":\"ARC TECH SOLUTIONS\",\"foundingDate\":\"2024-04-09\",\"vatID\":\"B55480172\",\"numberOfEmployees\":{\"@type\":\"QuantitativeValue\",\"minValue\":\"1\",\"maxValue\":\"10\"}}]}<\/script>\n<!-- \/ Yoast SEO Premium plugin. -->","yoast_head_json":{"title":"Machine d&#039;emballage sous vide double chambre - ARC distribution","robots":{"index":"index","follow":"follow","max-snippet":"max-snippet:-1","max-image-preview":"max-image-preview:large","max-video-preview":"max-video-preview:-1"},"canonical":"https:\/\/www.distribucionarc.com\/bg\/producto\/maquina-de-envasado-al-vacio-doble-camara\/","og_locale":"fr_FR","og_type":"article","og_title":"M\u00e1quina de envasado al vac\u00edo doble c\u00e1mara","og_description":"M\u00e1quina de envasado al vac\u00edo doble c\u00e1mara Esta envasadora al vac\u00edo industrial ARC adopta un sistema de control por microordenador para que la configuraci\u00f3n de los par\u00e1metros de sellado sea m\u00e1s f\u00e1cil y precisa; puede establecer el tiempo de aspirado, tiempo de sellado y tiempo de embalaje de acuerdo con sus necesidades. Logrando adaptarse a las necesidades del producto o material de embalaje, esta m\u00e1quina de envasado es adecuada para diferentes industrias: alimentaria, farmac\u00e9utica, mec\u00e1nica, el\u00e9ctrica etc. Garant\u00eda\u00a0ARC 2 A\u00d1OS Envasadora al vac\u00edo eficiente, bajo consumo 2000 w soporte t\u00e9cnico incluido &nbsp;","og_url":"https:\/\/www.distribucionarc.com\/bg\/producto\/maquina-de-envasado-al-vacio-doble-camara\/","og_site_name":"distribuci\u00f3n ARC","article_modified_time":"2023-07-26T16:52:46+00:00","og_image":[{"width":800,"height":800,"url":"https:\/\/distribucionarc.com\/wp-content\/uploads\/2020\/10\/M\u00e1quina-de-envasado-al-vac\u00edo-doble-c\u00e1mara-0-1.jpg","type":"image\/jpeg"}],"twitter_card":"summary_large_image","twitter_misc":{"Dur\u00e9e de lecture estim\u00e9e":"2 minutes"},"schema":{"@context":"https:\/\/schema.org","@graph":[{"@type":"WebPage","@id":"https:\/\/www.distribucionarc.com\/bg\/producto\/maquina-de-envasado-al-vacio-doble-camara\/","url":"https:\/\/www.distribucionarc.com\/bg\/producto\/maquina-de-envasado-al-vacio-doble-camara\/","name":"Machine d&#039;emballage sous vide double chambre - ARC distribution","isPartOf":{"@id":"https:\/\/www.distribucionarc.com\/sl\/#website"},"primaryImageOfPage":{"@id":"https:\/\/www.distribucionarc.com\/bg\/producto\/maquina-de-envasado-al-vacio-doble-camara\/#primaryimage"},"image":{"@id":"https:\/\/www.distribucionarc.com\/bg\/producto\/maquina-de-envasado-al-vacio-doble-camara\/#primaryimage"},"thumbnailUrl":"https:\/\/distribucionarc.com\/wp-content\/uploads\/2020\/10\/M\u00e1quina-de-envasado-al-vac\u00edo-doble-c\u00e1mara-0-1.jpg","datePublished":"2020-10-06T14:38:36+00:00","dateModified":"2023-07-26T16:52:46+00:00","breadcrumb":{"@id":"https:\/\/www.distribucionarc.com\/bg\/producto\/maquina-de-envasado-al-vacio-doble-camara\/#breadcrumb"},"inLanguage":"fr-FR","potentialAction":[{"@type":"ReadAction","target":["https:\/\/www.distribucionarc.com\/bg\/producto\/maquina-de-envasado-al-vacio-doble-camara\/"]}]},{"@type":"ImageObject","inLanguage":"fr-FR","@id":"https:\/\/www.distribucionarc.com\/bg\/producto\/maquina-de-envasado-al-vacio-doble-camara\/#primaryimage","url":"https:\/\/distribucionarc.com\/wp-content\/uploads\/2020\/10\/M\u00e1quina-de-envasado-al-vac\u00edo-doble-c\u00e1mara-0-1.jpg","contentUrl":"https:\/\/distribucionarc.com\/wp-content\/uploads\/2020\/10\/M\u00e1quina-de-envasado-al-vac\u00edo-doble-c\u00e1mara-0-1.jpg","width":800,"height":800,"caption":"M\u00e1quina de envasado al vac\u00edo doble c\u00e1mara"},{"@type":"BreadcrumbList","@id":"https:\/\/www.distribucionarc.com\/bg\/producto\/maquina-de-envasado-al-vacio-doble-camara\/#breadcrumb","itemListElement":[{"@type":"ListItem","position":1,"name":"Portada","item":"https:\/\/www.distribucionarc.com\/"},{"@type":"ListItem","position":2,"name":"\u00dcr\u00fcnler","item":"https:\/\/www.distribucionarc.com\/tr\/magaza\/"},{"@type":"ListItem","position":3,"name":"M\u00e1quina de envasado al vac\u00edo doble c\u00e1mara"}]},{"@type":"WebSite","@id":"https:\/\/www.distribucionarc.com\/sl\/#website","url":"https:\/\/www.distribucionarc.com\/sl\/","name":"R\u00e9partition de l&#039;ARC","description":"Entreprise sp\u00e9cialis\u00e9e dans la fabrication et la distribution de machines industrielles, scelleuses de bo\u00eetes, machines \u00e0 comprim\u00e9s, machines \u00e0 d\u00e9couper la viande...","publisher":{"@id":"https:\/\/www.distribucionarc.com\/sl\/#organization"},"potentialAction":[{"@type":"SearchAction","target":{"@type":"EntryPoint","urlTemplate":"https:\/\/www.distribucionarc.com\/sl\/?s={search_term_string}"},"query-input":{"@type":"PropertyValueSpecification","valueRequired":true,"valueName":"search_term_string"}}],"inLanguage":"fr-FR"},{"@type":"Organization","@id":"https:\/\/www.distribucionarc.com\/sl\/#organization","name":"Distribution ARC","url":"https:\/\/www.distribucionarc.com\/sl\/","logo":{"@type":"ImageObject","inLanguage":"fr-FR","@id":"https:\/\/www.distribucionarc.com\/sl\/#\/schema\/logo\/image\/","url":"https:\/\/distribucionarc.com\/wp-content\/uploads\/2024\/10\/distribucion-ARC-COLOR-SIN-FONDO-e1732295305345.png","contentUrl":"https:\/\/distribucionarc.com\/wp-content\/uploads\/2024\/10\/distribucion-ARC-COLOR-SIN-FONDO-e1732295305345.png","width":1164,"height":558,"caption":"Distribuci\u00f3n ARC"},"image":{"@id":"https:\/\/www.distribucionarc.com\/sl\/#\/schema\/logo\/image\/"},"description":"Entreprise sp\u00e9cialis\u00e9e dans la fabrication et la distribution de machines industrielles pour les secteurs alimentaire et pharmaceutique. Nous sommes sp\u00e9cialis\u00e9s dans : Machines \u00e0 couper la viande Fabrication de comprim\u00e9s Syst\u00e8mes de transport industriel Lignes d'embouteillage Machines de dosage Et bien plus encore... Nous proposons des solutions innovantes et personnalis\u00e9es pour optimiser les processus de production de votre entreprise.","email":"Admistracion@distribucionarc.com","telephone":"+34 643496664","legalName":"ARC TECH SOLUTIONS","foundingDate":"2024-04-09","vatID":"B55480172","numberOfEmployees":{"@type":"QuantitativeValue","minValue":"1","maxValue":"10"}}]}},"_links":{"self":[{"href":"https:\/\/distribucionarc.com\/fr\/wp-json\/wp\/v2\/product\/3692","targetHints":{"allow":["GET"]}}],"collection":[{"href":"https:\/\/distribucionarc.com\/fr\/wp-json\/wp\/v2\/product"}],"about":[{"href":"https:\/\/distribucionarc.com\/fr\/wp-json\/wp\/v2\/types\/product"}],"replies":[{"embeddable":true,"href":"https:\/\/distribucionarc.com\/fr\/wp-json\/wp\/v2\/comments?post=3692"}],"version-history":[{"count":0,"href":"https:\/\/distribucionarc.com\/fr\/wp-json\/wp\/v2\/product\/3692\/revisions"}],"wp:featuredmedia":[{"embeddable":true,"href":"https:\/\/distribucionarc.com\/fr\/wp-json\/wp\/v2\/media\/3701"}],"wp:attachment":[{"href":"https:\/\/distribucionarc.com\/fr\/wp-json\/wp\/v2\/media?parent=3692"}],"wp:term":[{"taxonomy":"product_brand","embeddable":true,"href":"https:\/\/distribucionarc.com\/fr\/wp-json\/wp\/v2\/product_brand?post=3692"},{"taxonomy":"product_cat","embeddable":true,"href":"https:\/\/distribucionarc.com\/fr\/wp-json\/wp\/v2\/product_cat?post=3692"},{"taxonomy":"product_tag","embeddable":true,"href":"https:\/\/distribucionarc.com\/fr\/wp-json\/wp\/v2\/product_tag?post=3692"}],"curies":[{"name":"wp","href":"https:\/\/api.w.org\/{rel}","templated":true}]}}