{"id":371,"date":"2020-04-18T13:03:20","date_gmt":"2020-04-18T13:03:20","guid":{"rendered":"https:\/\/distribucionarc.com\/?post_type=product&#038;p=371"},"modified":"2025-05-08T22:12:23","modified_gmt":"2025-05-08T20:12:23","slug":"machine-dembouteillage-de-dosage-de-remplissage-de-liquide-daspiration-pneumatique-a-double-piston-1000-ml-%f0%9f%a7%b4","status":"publish","type":"product","link":"https:\/\/distribucionarc.com\/fr\/producto\/llenadora-de-liquidos-doble-piston-neumatico-por-succion-embotelladora-dosificadora-1000ml-%f0%9f%a7%b4\/","title":{"rendered":"Remplisseur de liquide, aspiration pneumatique \u00e0 double piston, mise en bouteille, distribution 1000 ml ?"},"content":{"rendered":"<h2>\ud83e\uddf4 Remplisseuse semi-automatique \u00e0 double piston pour liquides et semi-liquides<\/h2>\n<p>Le <strong>remplisseuse semi-automatique \u00e0 double piston<\/strong> Il s\u2019agit d\u2019une solution polyvalente et pr\u00e9cise pour le conditionnement de produits liquides et semi-liquides \u00e0 faible viscosit\u00e9. Gr\u00e2ce \u00e0 son syst\u00e8me de piston pneumatique et \u00e0 ses vannes rotatives, il permet un remplissage uniforme et efficace, adapt\u00e9 aux besoins des lignes de production de petite et moyenne taille.<\/p>\n<p>Fabriqu\u00e9e en acier inoxydable, cette machine est id\u00e9ale pour les environnements o\u00f9 l&#039;hygi\u00e8ne et la durabilit\u00e9 sont essentielles. Sa conception permet un d\u00e9montage facile, facilitant ainsi le nettoyage et l&#039;entretien quotidien \ud83e\uddfc.<\/p>\n<p>Certains des produits les plus courants qu&#039;il peut traiter comprennent :<\/p>\n<ul>\n<li>\ud83e\uddf4 <strong>Gel hydroalcoolique<\/strong>, lotions et huiles essentielles<\/li>\n<li>\ud83c\udf6f <strong>Miel fluide<\/strong>, sirops, sauces liquides, vinaigrettes<\/li>\n<li>\ud83d\udc8a <strong>Sirops oraux<\/strong>, solutions pharmaceutiques et toniques<\/li>\n<li>\ud83e\uddea <strong>Alcool isopropylique<\/strong>, nettoyants liquides, d\u00e9tergents<\/li>\n<li>\ud83e\udd64 <strong>Jus<\/strong>, concentr\u00e9s liquides, boissons isotoniques<\/li>\n<\/ul>\n<p>Cette machine permet de r\u00e9gler le volume et la vitesse de remplissage avec un <strong>pr\u00e9cision de \u00b11%<\/strong>, s&#039;adaptant \u00e0 une grande vari\u00e9t\u00e9 d&#039;emballages. Sa t\u00eate r\u00e9glable et son option de fonctionnement <strong>semi-automatique ou automatique<\/strong> Ils offrent une flexibilit\u00e9 dans tous les types de processus.<\/p>\n<p>En bref, un outil fiable pour am\u00e9liorer la productivit\u00e9, minimiser les d\u00e9chets et garantir des r\u00e9sultats coh\u00e9rents \u00e0 chaque fois. \u2714\ufe0f<\/p>\n<h3>Sp\u00e9cifications techniques<\/h3>\n<table>\n<thead>\n<tr>\n<th>Fonctionnalit\u00e9<\/th>\n<th>D\u00e9tail<\/th>\n<\/tr>\n<\/thead>\n<tbody>\n<tr>\n<td>Type de machine<\/td>\n<td>Remplisseuse semi-automatique \u00e0 double piston<\/td>\n<\/tr>\n<tr>\n<td>Type de produits<\/td>\n<td>Liquides et semi-liquides \u00e0 faible viscosit\u00e9<\/td>\n<\/tr>\n<tr>\n<td>Applications<\/td>\n<td>Cosm\u00e9tiques, alimentation, produits chimiques, produits pharmaceutiques, boissons<\/td>\n<\/tr>\n<tr>\n<td>Produits compatibles<\/td>\n<td>Gel hydroalcoolique, miel, sirops, sauces, cr\u00e8mes, huiles, d\u00e9sinfectants<\/td>\n<\/tr>\n<tr>\n<td>Syst\u00e8me de remplissage<\/td>\n<td>Piston pneumatique avec vanne rotative<\/td>\n<\/tr>\n<tr>\n<td>Pr\u00e9cision de remplissage<\/td>\n<td>\u00b11%<\/td>\n<\/tr>\n<tr>\n<td>Plage de remplissage<\/td>\n<td>90 ml \u2013 1000 ml<\/td>\n<\/tr>\n<tr>\n<td>Pression de travail<\/td>\n<td>0,4 \u2013 0,9 MPa<\/td>\n<\/tr>\n<tr>\n<td>Vitesse de production<\/td>\n<td>Jusqu&#039;\u00e0 40 bouteilles par minute<\/td>\n<\/tr>\n<tr>\n<td>Alimentation \u00e9lectrique<\/td>\n<td>220 V<\/td>\n<\/tr>\n<tr>\n<td>Nombre de t\u00eates<\/td>\n<td>1<\/td>\n<\/tr>\n<tr>\n<td>Dimensions<\/td>\n<td>1000 \u00d7 350 \u00d7 355 mm<\/td>\n<\/tr>\n<tr>\n<td>Poids<\/td>\n<td>40 kg<\/td>\n<\/tr>\n<tr>\n<td>Mat\u00e9riel de fabrication<\/td>\n<td>Acier inoxydable<\/td>\n<\/tr>\n<tr>\n<td>Modes de fonctionnement<\/td>\n<td>Semi-automatique \/ Automatique<\/td>\n<\/tr>\n<tr>\n<td>Nettoyage et entretien<\/td>\n<td>D\u00e9montage et nettoyage faciles<\/td>\n<\/tr>\n<\/tbody>\n<\/table>","protected":false},"excerpt":{"rendered":"<p>Dispositif d&#039;embouteillage pneumatique 90ML \u27a1\ufe0fMachine de remplissage 1000ML pour shampoing, huile, eau, parfum<\/p>\n<p>Remplisseuse de bouteilles semi-automatique<\/p>\n<p>MACHINE DE REMPLISSAGE PNEUMATIQUE DE LIQUIDE POUR SHAMPOOING, HUILE, GEL D&#039;EAU DE PARFUM<\/p>\n<p>90ML \u27a1\ufe0f 1000ML<\/p>\n<p>Vous pouvez doser diff\u00e9rents types de liquides comme le shampoing, l\u2019huile, l\u2019eau, le parfum et les gels chimiques. Vous pouvez doser diff\u00e9rentes quantit\u00e9s de produit allant de 90ML \u27a1\ufe0f1000ML.<\/p>","protected":false},"featured_media":378,"comment_status":"open","ping_status":"closed","template":"","meta":{"wds_primary_product_brand":0,"wds_primary_product_cat":0},"product_brand":[],"product_cat":[18,19,321,21],"product_tag":[],"class_list":{"0":"post-371","1":"product","2":"type-product","3":"status-publish","4":"has-post-thumbnail","6":"product_cat-dosificadoras","7":"product_cat-dosificadoras-de-liquidos","8":"product_cat-llenadoras-de-piston","9":"product_cat-maquinas-llenadoras","11":"first","12":"instock","13":"taxable","14":"shipping-taxable","15":"purchasable","16":"product-type-simple"},"yoast_head":"<!-- This site is optimized with the Yoast SEO Premium plugin v24.9 (Yoast SEO v26.1) - https:\/\/yoast.com\/wordpress\/plugins\/seo\/ -->\n<title>Llenadora de l\u00edquidos, Doble Pist\u00f3n Neum\u00e1tico por Succi\u00f3n, Embotelladora, Dosificadora 1000 ml ? - distribuci\u00f3n ARC<\/title>\n<meta name=\"robots\" content=\"index, follow, max-snippet:-1, max-image-preview:large, max-video-preview:-1\" \/>\n<link rel=\"canonical\" href=\"https:\/\/www.distribucionarc.com\/producto\/llenadora-de-liquidos-doble-piston-neumatico-por-succion-embotelladora-dosificadora-1000ml-\ud83e\uddf4\/\" \/>\n<meta property=\"og:locale\" content=\"fr_FR\" \/>\n<meta property=\"og:type\" content=\"article\" \/>\n<meta property=\"og:title\" content=\"Llenadora de l\u00edquidos, Doble Pist\u00f3n Neum\u00e1tico por Succi\u00f3n, Embotelladora, Dosificadora 1000 ml ?\" \/>\n<meta property=\"og:description\" content=\"Dispositivo de embotellado neum\u00e1tico 90ML \u27a1\ufe0f 1000ML m\u00e1quina de rellenar para el champ\u00fa, aceite, agua, perfume  Llenadora de botellas semiautom\u00e1tica  MAQUINA DE LLENADO DE L\u00cdQUIDO NEUMATICA PARA CHAMPU, ACEITE, PERFUME DE AGUA GEL  90ML \u27a1\ufe0f 1000ML  Usted puede dosificar diversa clase de l\u00edquidos como champ\u00fa, aceite, agua, perfume y gel el productos qu\u00edmicos. Puede dosificar diferentes cantidades de producto que van desde los 90ML \u27a1\ufe0f1000ML.\" \/>\n<meta property=\"og:url\" content=\"https:\/\/www.distribucionarc.com\/producto\/llenadora-de-liquidos-doble-piston-neumatico-por-succion-embotelladora-dosificadora-1000ml-\ud83e\uddf4\/\" \/>\n<meta property=\"og:site_name\" content=\"distribuci\u00f3n ARC\" \/>\n<meta property=\"article:modified_time\" content=\"2025-05-08T20:12:23+00:00\" \/>\n<meta property=\"og:image\" content=\"https:\/\/distribucionarc.com\/wp-content\/uploads\/2020\/04\/llenadora_de_liquidos_doble_piston_neumatico_por_succi\u00f3n_embotelladora_dosificadora_1000ml_0.jpeg\" \/>\n\t<meta property=\"og:image:width\" content=\"960\" \/>\n\t<meta property=\"og:image:height\" content=\"960\" \/>\n\t<meta property=\"og:image:type\" content=\"image\/jpeg\" \/>\n<meta name=\"twitter:card\" content=\"summary_large_image\" \/>\n<meta name=\"twitter:label1\" content=\"Dur\u00e9e de lecture estim\u00e9e\" \/>\n\t<meta name=\"twitter:data1\" content=\"2 minutes\" \/>\n<script type=\"application\/ld+json\" class=\"yoast-schema-graph\">{\"@context\":\"https:\/\/schema.org\",\"@graph\":[{\"@type\":\"WebPage\",\"@id\":\"https:\/\/www.distribucionarc.com\/producto\/llenadora-de-liquidos-doble-piston-neumatico-por-succion-embotelladora-dosificadora-1000ml-%f0%9f%a7%b4\/\",\"url\":\"https:\/\/www.distribucionarc.com\/producto\/llenadora-de-liquidos-doble-piston-neumatico-por-succion-embotelladora-dosificadora-1000ml-%f0%9f%a7%b4\/\",\"name\":\"Llenadora de l\u00edquidos, Doble Pist\u00f3n Neum\u00e1tico por Succi\u00f3n, Embotelladora, Dosificadora 1000 ml ? - distribuci\u00f3n ARC\",\"isPartOf\":{\"@id\":\"https:\/\/distribucionarc.com\/de\/#website\"},\"primaryImageOfPage\":{\"@id\":\"https:\/\/www.distribucionarc.com\/producto\/llenadora-de-liquidos-doble-piston-neumatico-por-succion-embotelladora-dosificadora-1000ml-%f0%9f%a7%b4\/#primaryimage\"},\"image\":{\"@id\":\"https:\/\/www.distribucionarc.com\/producto\/llenadora-de-liquidos-doble-piston-neumatico-por-succion-embotelladora-dosificadora-1000ml-%f0%9f%a7%b4\/#primaryimage\"},\"thumbnailUrl\":\"https:\/\/distribucionarc.com\/wp-content\/uploads\/2020\/04\/llenadora_de_liquidos_doble_piston_neumatico_por_succi\u00f3n_embotelladora_dosificadora_1000ml_0.jpeg\",\"datePublished\":\"2020-04-18T13:03:20+00:00\",\"dateModified\":\"2025-05-08T20:12:23+00:00\",\"breadcrumb\":{\"@id\":\"https:\/\/www.distribucionarc.com\/producto\/llenadora-de-liquidos-doble-piston-neumatico-por-succion-embotelladora-dosificadora-1000ml-%f0%9f%a7%b4\/#breadcrumb\"},\"inLanguage\":\"fr-FR\",\"potentialAction\":[{\"@type\":\"ReadAction\",\"target\":[\"https:\/\/www.distribucionarc.com\/producto\/llenadora-de-liquidos-doble-piston-neumatico-por-succion-embotelladora-dosificadora-1000ml-%f0%9f%a7%b4\/\"]}]},{\"@type\":\"ImageObject\",\"inLanguage\":\"fr-FR\",\"@id\":\"https:\/\/www.distribucionarc.com\/producto\/llenadora-de-liquidos-doble-piston-neumatico-por-succion-embotelladora-dosificadora-1000ml-%f0%9f%a7%b4\/#primaryimage\",\"url\":\"https:\/\/distribucionarc.com\/wp-content\/uploads\/2020\/04\/llenadora_de_liquidos_doble_piston_neumatico_por_succi\u00f3n_embotelladora_dosificadora_1000ml_0.jpeg\",\"contentUrl\":\"https:\/\/distribucionarc.com\/wp-content\/uploads\/2020\/04\/llenadora_de_liquidos_doble_piston_neumatico_por_succi\u00f3n_embotelladora_dosificadora_1000ml_0.jpeg\",\"width\":960,\"height\":960},{\"@type\":\"BreadcrumbList\",\"@id\":\"https:\/\/www.distribucionarc.com\/producto\/llenadora-de-liquidos-doble-piston-neumatico-por-succion-embotelladora-dosificadora-1000ml-%f0%9f%a7%b4\/#breadcrumb\",\"itemListElement\":[{\"@type\":\"ListItem\",\"position\":1,\"name\":\"Portada\",\"item\":\"https:\/\/distribucionarc.com\/pl\/\"},{\"@type\":\"ListItem\",\"position\":2,\"name\":\"Produkty\",\"item\":\"https:\/\/distribucionarc.com\/pl\/shop\/\"},{\"@type\":\"ListItem\",\"position\":3,\"name\":\"Llenadora de l\u00edquidos, Doble Pist\u00f3n Neum\u00e1tico por Succi\u00f3n, Embotelladora, Dosificadora 1000 ml ?\"}]},{\"@type\":\"WebSite\",\"@id\":\"https:\/\/distribucionarc.com\/de\/#website\",\"url\":\"https:\/\/distribucionarc.com\/de\/\",\"name\":\"distribuci\u00f3n ARC\",\"description\":\"Empresa especializada en la fabricaci\u00f3n y distribuci\u00f3n de maquinaria industrial, selladoras de latas, Maquinas de hacer pastillas, Maquinas de cortar carne...\",\"publisher\":{\"@id\":\"https:\/\/distribucionarc.com\/de\/#organization\"},\"potentialAction\":[{\"@type\":\"SearchAction\",\"target\":{\"@type\":\"EntryPoint\",\"urlTemplate\":\"https:\/\/distribucionarc.com\/de\/?s={search_term_string}\"},\"query-input\":{\"@type\":\"PropertyValueSpecification\",\"valueRequired\":true,\"valueName\":\"search_term_string\"}}],\"inLanguage\":\"fr-FR\"},{\"@type\":\"Organization\",\"@id\":\"https:\/\/distribucionarc.com\/de\/#organization\",\"name\":\"Distribuci\u00f3n ARC\",\"url\":\"https:\/\/distribucionarc.com\/de\/\",\"logo\":{\"@type\":\"ImageObject\",\"inLanguage\":\"fr-FR\",\"@id\":\"https:\/\/distribucionarc.com\/de\/#\/schema\/logo\/image\/\",\"url\":\"https:\/\/distribucionarc.com\/wp-content\/uploads\/2024\/10\/distribucion-ARC-COLOR-SIN-FONDO-e1732295305345.png\",\"contentUrl\":\"https:\/\/distribucionarc.com\/wp-content\/uploads\/2024\/10\/distribucion-ARC-COLOR-SIN-FONDO-e1732295305345.png\",\"width\":1164,\"height\":558,\"caption\":\"Distribuci\u00f3n ARC\"},\"image\":{\"@id\":\"https:\/\/distribucionarc.com\/de\/#\/schema\/logo\/image\/\"},\"description\":\"Empresa especializada en la fabricaci\u00f3n y distribuci\u00f3n de maquinaria industrial para los sectores alimentario y farmac\u00e9utico. Nos especializamos en: M\u00e1quinas de cortar carne Fabricaci\u00f3n de comprimidos Sistemas de transporte industrial L\u00edneas de embotellado Dosificadores Y mucho m\u00e1s... Ofrecemos soluciones innovadoras y personalizadas para optimizar los procesos productivos de tu empresa.\",\"email\":\"Admistracion@distribucionarc.com\",\"telephone\":\"+34 643496664\",\"legalName\":\"ARC TECH SOLUTIONS\",\"foundingDate\":\"2024-04-09\",\"vatID\":\"B55480172\",\"numberOfEmployees\":{\"@type\":\"QuantitativeValue\",\"minValue\":\"1\",\"maxValue\":\"10\"}}]}<\/script>\n<!-- \/ Yoast SEO Premium plugin. -->","yoast_head_json":{"title":"Remplisseur de liquide, double piston d&#039;aspiration pneumatique, machine d&#039;embouteillage, distributeur 1000 ml ? - R\u00e9partition ARC","robots":{"index":"index","follow":"follow","max-snippet":"max-snippet:-1","max-image-preview":"max-image-preview:large","max-video-preview":"max-video-preview:-1"},"canonical":"https:\/\/www.distribucionarc.com\/producto\/llenadora-de-liquidos-doble-piston-neumatico-por-succion-embotelladora-dosificadora-1000ml-\ud83e\uddf4\/","og_locale":"fr_FR","og_type":"article","og_title":"Llenadora de l\u00edquidos, Doble Pist\u00f3n Neum\u00e1tico por Succi\u00f3n, Embotelladora, Dosificadora 1000 ml ?","og_description":"Dispositivo de embotellado neum\u00e1tico 90ML \u27a1\ufe0f 1000ML m\u00e1quina de rellenar para el champ\u00fa, aceite, agua, perfume  Llenadora de botellas semiautom\u00e1tica  MAQUINA DE LLENADO DE L\u00cdQUIDO NEUMATICA PARA CHAMPU, ACEITE, PERFUME DE AGUA GEL  90ML \u27a1\ufe0f 1000ML  Usted puede dosificar diversa clase de l\u00edquidos como champ\u00fa, aceite, agua, perfume y gel el productos qu\u00edmicos. Puede dosificar diferentes cantidades de producto que van desde los 90ML \u27a1\ufe0f1000ML.","og_url":"https:\/\/www.distribucionarc.com\/producto\/llenadora-de-liquidos-doble-piston-neumatico-por-succion-embotelladora-dosificadora-1000ml-\ud83e\uddf4\/","og_site_name":"distribuci\u00f3n ARC","article_modified_time":"2025-05-08T20:12:23+00:00","og_image":[{"width":960,"height":960,"url":"https:\/\/distribucionarc.com\/wp-content\/uploads\/2020\/04\/llenadora_de_liquidos_doble_piston_neumatico_por_succi\u00f3n_embotelladora_dosificadora_1000ml_0.jpeg","type":"image\/jpeg"}],"twitter_card":"summary_large_image","twitter_misc":{"Dur\u00e9e de lecture estim\u00e9e":"2 minutes"},"schema":{"@context":"https:\/\/schema.org","@graph":[{"@type":"WebPage","@id":"https:\/\/www.distribucionarc.com\/producto\/llenadora-de-liquidos-doble-piston-neumatico-por-succion-embotelladora-dosificadora-1000ml-%f0%9f%a7%b4\/","url":"https:\/\/www.distribucionarc.com\/producto\/llenadora-de-liquidos-doble-piston-neumatico-por-succion-embotelladora-dosificadora-1000ml-%f0%9f%a7%b4\/","name":"Remplisseur de liquide, double piston d&#039;aspiration pneumatique, machine d&#039;embouteillage, distributeur 1000 ml ? - R\u00e9partition ARC","isPartOf":{"@id":"https:\/\/distribucionarc.com\/de\/#website"},"primaryImageOfPage":{"@id":"https:\/\/www.distribucionarc.com\/producto\/llenadora-de-liquidos-doble-piston-neumatico-por-succion-embotelladora-dosificadora-1000ml-%f0%9f%a7%b4\/#primaryimage"},"image":{"@id":"https:\/\/www.distribucionarc.com\/producto\/llenadora-de-liquidos-doble-piston-neumatico-por-succion-embotelladora-dosificadora-1000ml-%f0%9f%a7%b4\/#primaryimage"},"thumbnailUrl":"https:\/\/distribucionarc.com\/wp-content\/uploads\/2020\/04\/llenadora_de_liquidos_doble_piston_neumatico_por_succi\u00f3n_embotelladora_dosificadora_1000ml_0.jpeg","datePublished":"2020-04-18T13:03:20+00:00","dateModified":"2025-05-08T20:12:23+00:00","breadcrumb":{"@id":"https:\/\/www.distribucionarc.com\/producto\/llenadora-de-liquidos-doble-piston-neumatico-por-succion-embotelladora-dosificadora-1000ml-%f0%9f%a7%b4\/#breadcrumb"},"inLanguage":"fr-FR","potentialAction":[{"@type":"ReadAction","target":["https:\/\/www.distribucionarc.com\/producto\/llenadora-de-liquidos-doble-piston-neumatico-por-succion-embotelladora-dosificadora-1000ml-%f0%9f%a7%b4\/"]}]},{"@type":"ImageObject","inLanguage":"fr-FR","@id":"https:\/\/www.distribucionarc.com\/producto\/llenadora-de-liquidos-doble-piston-neumatico-por-succion-embotelladora-dosificadora-1000ml-%f0%9f%a7%b4\/#primaryimage","url":"https:\/\/distribucionarc.com\/wp-content\/uploads\/2020\/04\/llenadora_de_liquidos_doble_piston_neumatico_por_succi\u00f3n_embotelladora_dosificadora_1000ml_0.jpeg","contentUrl":"https:\/\/distribucionarc.com\/wp-content\/uploads\/2020\/04\/llenadora_de_liquidos_doble_piston_neumatico_por_succi\u00f3n_embotelladora_dosificadora_1000ml_0.jpeg","width":960,"height":960},{"@type":"BreadcrumbList","@id":"https:\/\/www.distribucionarc.com\/producto\/llenadora-de-liquidos-doble-piston-neumatico-por-succion-embotelladora-dosificadora-1000ml-%f0%9f%a7%b4\/#breadcrumb","itemListElement":[{"@type":"ListItem","position":1,"name":"Portada","item":"https:\/\/distribucionarc.com\/pl\/"},{"@type":"ListItem","position":2,"name":"Produkty","item":"https:\/\/distribucionarc.com\/pl\/shop\/"},{"@type":"ListItem","position":3,"name":"Llenadora de l\u00edquidos, Doble Pist\u00f3n Neum\u00e1tico por Succi\u00f3n, Embotelladora, Dosificadora 1000 ml ?"}]},{"@type":"WebSite","@id":"https:\/\/distribucionarc.com\/de\/#website","url":"https:\/\/distribucionarc.com\/de\/","name":"R\u00e9partition de l&#039;ARC","description":"Entreprise sp\u00e9cialis\u00e9e dans la fabrication et la distribution de machines industrielles, scelleuses de bo\u00eetes, machines \u00e0 comprim\u00e9s, machines \u00e0 d\u00e9couper la viande...","publisher":{"@id":"https:\/\/distribucionarc.com\/de\/#organization"},"potentialAction":[{"@type":"SearchAction","target":{"@type":"EntryPoint","urlTemplate":"https:\/\/distribucionarc.com\/de\/?s={search_term_string}"},"query-input":{"@type":"PropertyValueSpecification","valueRequired":true,"valueName":"search_term_string"}}],"inLanguage":"fr-FR"},{"@type":"Organization","@id":"https:\/\/distribucionarc.com\/de\/#organization","name":"Distribution ARC","url":"https:\/\/distribucionarc.com\/de\/","logo":{"@type":"ImageObject","inLanguage":"fr-FR","@id":"https:\/\/distribucionarc.com\/de\/#\/schema\/logo\/image\/","url":"https:\/\/distribucionarc.com\/wp-content\/uploads\/2024\/10\/distribucion-ARC-COLOR-SIN-FONDO-e1732295305345.png","contentUrl":"https:\/\/distribucionarc.com\/wp-content\/uploads\/2024\/10\/distribucion-ARC-COLOR-SIN-FONDO-e1732295305345.png","width":1164,"height":558,"caption":"Distribuci\u00f3n ARC"},"image":{"@id":"https:\/\/distribucionarc.com\/de\/#\/schema\/logo\/image\/"},"description":"Entreprise sp\u00e9cialis\u00e9e dans la fabrication et la distribution de machines industrielles pour les secteurs alimentaire et pharmaceutique. Nous sommes sp\u00e9cialis\u00e9s dans : Machines \u00e0 couper la viande Fabrication de comprim\u00e9s Syst\u00e8mes de transport industriel Lignes d'embouteillage Machines de dosage Et bien plus encore... Nous proposons des solutions innovantes et personnalis\u00e9es pour optimiser les processus de production de votre entreprise.","email":"Admistracion@distribucionarc.com","telephone":"+34 643496664","legalName":"ARC TECH SOLUTIONS","foundingDate":"2024-04-09","vatID":"B55480172","numberOfEmployees":{"@type":"QuantitativeValue","minValue":"1","maxValue":"10"}}]}},"_links":{"self":[{"href":"https:\/\/distribucionarc.com\/fr\/wp-json\/wp\/v2\/product\/371","targetHints":{"allow":["GET"]}}],"collection":[{"href":"https:\/\/distribucionarc.com\/fr\/wp-json\/wp\/v2\/product"}],"about":[{"href":"https:\/\/distribucionarc.com\/fr\/wp-json\/wp\/v2\/types\/product"}],"replies":[{"embeddable":true,"href":"https:\/\/distribucionarc.com\/fr\/wp-json\/wp\/v2\/comments?post=371"}],"version-history":[{"count":3,"href":"https:\/\/distribucionarc.com\/fr\/wp-json\/wp\/v2\/product\/371\/revisions"}],"predecessor-version":[{"id":17465,"href":"https:\/\/distribucionarc.com\/fr\/wp-json\/wp\/v2\/product\/371\/revisions\/17465"}],"wp:featuredmedia":[{"embeddable":true,"href":"https:\/\/distribucionarc.com\/fr\/wp-json\/wp\/v2\/media\/378"}],"wp:attachment":[{"href":"https:\/\/distribucionarc.com\/fr\/wp-json\/wp\/v2\/media?parent=371"}],"wp:term":[{"taxonomy":"product_brand","embeddable":true,"href":"https:\/\/distribucionarc.com\/fr\/wp-json\/wp\/v2\/product_brand?post=371"},{"taxonomy":"product_cat","embeddable":true,"href":"https:\/\/distribucionarc.com\/fr\/wp-json\/wp\/v2\/product_cat?post=371"},{"taxonomy":"product_tag","embeddable":true,"href":"https:\/\/distribucionarc.com\/fr\/wp-json\/wp\/v2\/product_tag?post=371"}],"curies":[{"name":"wp","href":"https:\/\/api.w.org\/{rel}","templated":true}]}}