{"id":3710,"date":"2020-10-07T08:51:23","date_gmt":"2020-10-07T08:51:23","guid":{"rendered":"https:\/\/distribucionarc.com\/?post_type=product&#038;p=3710"},"modified":"2020-10-29T12:19:37","modified_gmt":"2020-10-29T12:19:37","slug":"copieur-de-clefs-2","status":"publish","type":"product","link":"https:\/\/distribucionarc.com\/fr\/producto\/maquina-para-duplicar-llaves\/","title":{"rendered":"Machine \u00e0 tailler et \u00e0 dupliquer les cl\u00e9s\u00a0"},"content":{"rendered":"<h3>Machine \u00e0 dupliquer les cl\u00e9s<\/h3>\n<p>La structure de ceci<strong> fraiseuse \u00e0 cl\u00e9s <span style=\"color: #ff0000\">\u00c0<\/span><span style=\"color: #0000ff\">R.<\/span>c<\/strong> Elle est robuste et compacte, r\u00e9alis\u00e9e en acier renforc\u00e9 d&#039;un film antirouille pour assurer la durabilit\u00e9 de la machine. Le moteur \u00e0 fil de cuivre garantit des performances \u00e9lev\u00e9es dans une utilisation quotidienne, en plus d&#039;\u00eatre plus r\u00e9sistant que les autres moteurs. Il contient une aiguille fine pour r\u00e9aliser des profondeurs et des coupes pr\u00e9cises dans diff\u00e9rents types de cl\u00e9s pour portes, armoires, coffres-forts, fen\u00eatres, vitrines, etc. Gr\u00e2ce \u00e0 la lampe LED, vous pouvez effectuer le processus de mani\u00e8re simple et pr\u00e9cise.<\/p>\n<p>Le disque \u00e0 tron\u00e7onner rotatif<strong> machine \u00e0 dupliquer les cl\u00e9s <span style=\"color: #ff0000\">\u00c0<\/span><span style=\"color: #0000ff\">R.<\/span>CMLL238<\/strong> Fabriqu\u00e9 en titane, il est capable de r\u00e9aliser des coupes pr\u00e9cises et rapides. Il est \u00e9quip\u00e9 d&#039;une protection de s\u00e9curit\u00e9 pour \u00e9viter les \u00e9clats de m\u00e9tal tout en prot\u00e9geant l&#039;utilisateur lors de la duplication. Positionnez manuellement le disque pour garantir un travail pr\u00e9cis. Ce disque convient aux cl\u00e9s demi-cercle \u00e0 denture droite, aux cl\u00e9s d&#039;arbre, aux cl\u00e9s de voiture ou de moto, etc.<\/p>\n<h6><strong>Garantie\u00a0<span style=\"color: #ff0000\">\u00c0<\/span><span style=\"color: #0000ff\">R.<\/span>C 2 ANS<\/strong><\/h6>\n<h6><span style=\"color: #008000\">Fraiseuse \u00e0 cl\u00e9s efficace, basse consommation 100w<\/span><\/h6>\n<h6><strong>support technique inclus<\/strong><\/h6>\n<p>&nbsp;<\/p>\n<p>&nbsp;<\/p>\n<table role=\"presentation\" width=\"100%\" cellspacing=\"0\" cellpadding=\"0\">\n<tbody>\n<tr>\n<td class=\"attrLabels\">Marque:<\/td>\n<td width=\"50.0%\">ARC<\/td>\n<\/tr>\n<tr>\n<td class=\"attrLabels\">Pays de distribution\u00a0:<\/td>\n<td width=\"50.0%\">Espagne, Allemagne, \u00c9tats-Unis<\/td>\n<td class=\"attrLabels\">Poids:<\/td>\n<td width=\"50.0%\">10,5 kg<\/td>\n<\/tr>\n<tr>\n<td class=\"attrLabels\">Garantie:<\/td>\n<td width=\"50.0%\">2 ans<\/td>\n<td class=\"attrLabels\">Hauteur:<\/td>\n<td width=\"50.0%\">15 cm<\/td>\n<\/tr>\n<tr>\n<td class=\"attrLabels\">Couleur:<\/td>\n<td width=\"50.0%\">orange, argent<\/td>\n<td class=\"attrLabels\">Long:<\/td>\n<td width=\"50.0%\">34 cm<\/td>\n<\/tr>\n<tr>\n<td class=\"attrLabels\">Type de produit\u00a0:<\/td>\n<td width=\"50.0%\">Coupe-tissu \u00e9lectrique<\/td>\n<td class=\"attrLabels\">Large:<\/td>\n<td width=\"50.0%\">16 cm<\/td>\n<\/tr>\n<tr>\n<td class=\"attrLabels\">Num\u00e9ro du fabricant :<\/td>\n<td width=\"50.0%\">ARCMLL238<\/td>\n<td class=\"attrLabels\">Pouvoir:<\/td>\n<td width=\"50.0%\">100W<\/td>\n<\/tr>\n<tr>\n<td class=\"attrLabels\">Mat\u00e9riel:<\/td>\n<td width=\"50.0%\">acier renforc\u00e9, moteur en cuivre, disque en titane, lumi\u00e8re LED<\/td>\n<td class=\"attrLabels\">tension d&#039;entr\u00e9e<\/td>\n<td width=\"50.0%\">220 V \u2013 60 Hz<\/td>\n<\/tr>\n<tr>\n<td class=\"attrLabels\">Outils d&#039;installation\u00a0:<\/td>\n<td width=\"50.0%\">Ouais<\/td>\n<td class=\"attrLabels\">Convient pour\u00a0:<\/td>\n<td width=\"50.0%\">Cl\u00e9 droite, cl\u00e9 dent\u00e9e demi-cercle, cl\u00e9s \u00e0 arbre, cl\u00e9s de voiture longues, cl\u00e9s de moto, etc.<\/td>\n<\/tr>\n<tr>\n<td class=\"attrLabels\">Op\u00e9ration:<\/td>\n<td width=\"50.0%\">\u00c9lectrique\/manuel<\/td>\n<td class=\"attrLabels\"><\/td>\n<td width=\"50.0%\"><\/td>\n<\/tr>\n<\/tbody>\n<\/table>\n<p>&nbsp;<\/p>","protected":false},"excerpt":{"rendered":"<h2>Machine \u00e0 dupliquer les cl\u00e9s<\/h2>\n<p>Le <strong>photocopieuse de cl\u00e9s <span style=\"color: #ff0000\">\u00c0<\/span><span style=\"color: #0000ff\">R.<\/span>c<\/strong> Il poss\u00e8de une seule t\u00eate portable avec une aiguille fine pour couper et marquer, diff\u00e9rentes profondeurs pour un processus rapide et pr\u00e9cis. \u00c9quip\u00e9 d&#039;un disque de coupe rotatif en titane durable capable de r\u00e9aliser des coupes dans n&#039;importe quel mat\u00e9riau. Le moteur \u00e0 fil de cuivre assure d&#039;excellentes performances, en plus de la durabilit\u00e9 du<strong> fraiseuse \u00e0 cl\u00e9s<\/strong>. Il dispose d&#039;une petite lampe LED pour aider l&#039;utilisateur \u00e0 r\u00e9aliser le processus de la mani\u00e8re la plus confortable.<\/p>\n<h6><strong>Garantie\u00a0<span style=\"color: #ff0000\">\u00c0<\/span><span style=\"color: #0000ff\">R.<\/span>C 2 ANS<\/strong><\/h6>\n<h6><span style=\"color: #008000\">Fraiseuse \u00e0 cl\u00e9s efficace, basse consommation 100w<\/span><\/h6>\n<h6><strong>support technique inclus<\/strong><\/h6>","protected":false},"featured_media":3719,"comment_status":"open","ping_status":"closed","template":"","meta":{"wds_primary_product_brand":0,"wds_primary_product_cat":0},"product_brand":[],"product_cat":[69,70],"product_tag":[],"class_list":{"0":"post-3710","1":"product","2":"type-product","3":"status-publish","4":"has-post-thumbnail","6":"product_cat-maquinas-variadas","7":"product_cat-talladoras-marcadoras-de-metal-grabadoras-laser","8":"product_shipping_class-express","10":"first","11":"instock","12":"sale","13":"taxable","14":"shipping-taxable","15":"purchasable","16":"product-type-simple"},"yoast_head":"<!-- This site is optimized with the Yoast SEO Premium plugin v24.9 (Yoast SEO v26.1) - https:\/\/yoast.com\/wordpress\/plugins\/seo\/ -->\n<title>M\u00e1quina para cortar y duplicar llaves\u00a0 - distribuci\u00f3n ARC<\/title>\n<meta name=\"robots\" content=\"index, follow, max-snippet:-1, max-image-preview:large, max-video-preview:-1\" \/>\n<link rel=\"canonical\" href=\"https:\/\/www.distribucionarc.com\/fr\/producto\/maquina-para-duplicar-llaves\/\" \/>\n<meta property=\"og:locale\" content=\"fr_FR\" \/>\n<meta property=\"og:type\" content=\"article\" \/>\n<meta property=\"og:title\" content=\"M\u00e1quina para cortar y duplicar llaves\u00a0\" \/>\n<meta property=\"og:description\" content=\"M\u00e1quina para duplicar llaves La m\u00e1quina para realizar copias de llaves ARC dispone de una sola cabeza port\u00e1til de aguja fina para cortar y marcar, distintas profundidades para realizar un proceso r\u00e1pido y preciso. Equipada con un disco de corte rotativo en titanio resistente y capaz de realizar cortes en cualquier material. El motor de alambre de cobre asegura un gran rendimiento, adem\u00e1s de la durabilidad de la fresadora de llaves. Dispone de una peque\u00f1a l\u00e1mpara LED para ayudar al usuario a realizar el proceso de la forma m\u00e1s c\u00f3moda. Garant\u00eda\u00a0ARC 2 A\u00d1OS Fresadora de llaves eficiente, bajo consumo 100w soporte t\u00e9cnico incluido\" \/>\n<meta property=\"og:url\" content=\"https:\/\/www.distribucionarc.com\/fr\/producto\/maquina-para-duplicar-llaves\/\" \/>\n<meta property=\"og:site_name\" content=\"distribuci\u00f3n ARC\" \/>\n<meta property=\"article:modified_time\" content=\"2020-10-29T12:19:37+00:00\" \/>\n<meta property=\"og:image\" content=\"https:\/\/distribucionarc.com\/wp-content\/uploads\/2020\/10\/M\u00e1quina-para-duplicar-llaves-0.jpg\" \/>\n\t<meta property=\"og:image:width\" content=\"1000\" \/>\n\t<meta property=\"og:image:height\" content=\"1000\" \/>\n\t<meta property=\"og:image:type\" content=\"image\/jpeg\" \/>\n<meta name=\"twitter:card\" content=\"summary_large_image\" \/>\n<meta name=\"twitter:label1\" content=\"Dur\u00e9e de lecture estim\u00e9e\" \/>\n\t<meta name=\"twitter:data1\" content=\"1 minute\" \/>\n<script type=\"application\/ld+json\" class=\"yoast-schema-graph\">{\"@context\":\"https:\/\/schema.org\",\"@graph\":[{\"@type\":\"WebPage\",\"@id\":\"https:\/\/www.distribucionarc.com\/fr\/producto\/maquina-para-duplicar-llaves\/\",\"url\":\"https:\/\/www.distribucionarc.com\/fr\/producto\/maquina-para-duplicar-llaves\/\",\"name\":\"M\u00e1quina para cortar y duplicar llaves\u00a0 - distribuci\u00f3n ARC\",\"isPartOf\":{\"@id\":\"https:\/\/www.distribucionarc.com\/de\/#website\"},\"primaryImageOfPage\":{\"@id\":\"https:\/\/www.distribucionarc.com\/fr\/producto\/maquina-para-duplicar-llaves\/#primaryimage\"},\"image\":{\"@id\":\"https:\/\/www.distribucionarc.com\/fr\/producto\/maquina-para-duplicar-llaves\/#primaryimage\"},\"thumbnailUrl\":\"https:\/\/distribucionarc.com\/wp-content\/uploads\/2020\/10\/M\u00e1quina-para-duplicar-llaves-0.jpg\",\"datePublished\":\"2020-10-07T08:51:23+00:00\",\"dateModified\":\"2020-10-29T12:19:37+00:00\",\"breadcrumb\":{\"@id\":\"https:\/\/www.distribucionarc.com\/fr\/producto\/maquina-para-duplicar-llaves\/#breadcrumb\"},\"inLanguage\":\"fr-FR\",\"potentialAction\":[{\"@type\":\"ReadAction\",\"target\":[\"https:\/\/www.distribucionarc.com\/fr\/producto\/maquina-para-duplicar-llaves\/\"]}]},{\"@type\":\"ImageObject\",\"inLanguage\":\"fr-FR\",\"@id\":\"https:\/\/www.distribucionarc.com\/fr\/producto\/maquina-para-duplicar-llaves\/#primaryimage\",\"url\":\"https:\/\/distribucionarc.com\/wp-content\/uploads\/2020\/10\/M\u00e1quina-para-duplicar-llaves-0.jpg\",\"contentUrl\":\"https:\/\/distribucionarc.com\/wp-content\/uploads\/2020\/10\/M\u00e1quina-para-duplicar-llaves-0.jpg\",\"width\":1000,\"height\":1000,\"caption\":\"M\u00e1quina para duplicar llaves\u00a0\"},{\"@type\":\"BreadcrumbList\",\"@id\":\"https:\/\/www.distribucionarc.com\/fr\/producto\/maquina-para-duplicar-llaves\/#breadcrumb\",\"itemListElement\":[{\"@type\":\"ListItem\",\"position\":1,\"name\":\"Portada\",\"item\":\"https:\/\/www.distribucionarc.com\/en\/\"},{\"@type\":\"ListItem\",\"position\":2,\"name\":\"Products\",\"item\":\"https:\/\/www.distribucionarc.com\/en\/shop\/\"},{\"@type\":\"ListItem\",\"position\":3,\"name\":\"M\u00e1quina para cortar y duplicar llaves\u00a0\"}]},{\"@type\":\"WebSite\",\"@id\":\"https:\/\/www.distribucionarc.com\/de\/#website\",\"url\":\"https:\/\/www.distribucionarc.com\/de\/\",\"name\":\"distribuci\u00f3n ARC\",\"description\":\"Empresa especializada en la fabricaci\u00f3n y distribuci\u00f3n de maquinaria industrial, selladoras de latas, Maquinas de hacer pastillas, Maquinas de cortar carne...\",\"publisher\":{\"@id\":\"https:\/\/www.distribucionarc.com\/de\/#organization\"},\"potentialAction\":[{\"@type\":\"SearchAction\",\"target\":{\"@type\":\"EntryPoint\",\"urlTemplate\":\"https:\/\/www.distribucionarc.com\/de\/?s={search_term_string}\"},\"query-input\":{\"@type\":\"PropertyValueSpecification\",\"valueRequired\":true,\"valueName\":\"search_term_string\"}}],\"inLanguage\":\"fr-FR\"},{\"@type\":\"Organization\",\"@id\":\"https:\/\/www.distribucionarc.com\/de\/#organization\",\"name\":\"Distribuci\u00f3n ARC\",\"url\":\"https:\/\/www.distribucionarc.com\/de\/\",\"logo\":{\"@type\":\"ImageObject\",\"inLanguage\":\"fr-FR\",\"@id\":\"https:\/\/www.distribucionarc.com\/de\/#\/schema\/logo\/image\/\",\"url\":\"https:\/\/distribucionarc.com\/wp-content\/uploads\/2024\/10\/distribucion-ARC-COLOR-SIN-FONDO-e1732295305345.png\",\"contentUrl\":\"https:\/\/distribucionarc.com\/wp-content\/uploads\/2024\/10\/distribucion-ARC-COLOR-SIN-FONDO-e1732295305345.png\",\"width\":1164,\"height\":558,\"caption\":\"Distribuci\u00f3n ARC\"},\"image\":{\"@id\":\"https:\/\/www.distribucionarc.com\/de\/#\/schema\/logo\/image\/\"},\"description\":\"Empresa especializada en la fabricaci\u00f3n y distribuci\u00f3n de maquinaria industrial para los sectores alimentario y farmac\u00e9utico. Nos especializamos en: M\u00e1quinas de cortar carne Fabricaci\u00f3n de comprimidos Sistemas de transporte industrial L\u00edneas de embotellado Dosificadores Y mucho m\u00e1s... Ofrecemos soluciones innovadoras y personalizadas para optimizar los procesos productivos de tu empresa.\",\"email\":\"Admistracion@distribucionarc.com\",\"telephone\":\"+34 643496664\",\"legalName\":\"ARC TECH SOLUTIONS\",\"foundingDate\":\"2024-04-09\",\"vatID\":\"B55480172\",\"numberOfEmployees\":{\"@type\":\"QuantitativeValue\",\"minValue\":\"1\",\"maxValue\":\"10\"}}]}<\/script>\n<!-- \/ Yoast SEO Premium plugin. -->","yoast_head_json":{"title":"Machine \u00e0 tailler et dupliquer les cl\u00e9s - ARC distribution","robots":{"index":"index","follow":"follow","max-snippet":"max-snippet:-1","max-image-preview":"max-image-preview:large","max-video-preview":"max-video-preview:-1"},"canonical":"https:\/\/www.distribucionarc.com\/fr\/producto\/maquina-para-duplicar-llaves\/","og_locale":"fr_FR","og_type":"article","og_title":"M\u00e1quina para cortar y duplicar llaves\u00a0","og_description":"M\u00e1quina para duplicar llaves La m\u00e1quina para realizar copias de llaves ARC dispone de una sola cabeza port\u00e1til de aguja fina para cortar y marcar, distintas profundidades para realizar un proceso r\u00e1pido y preciso. Equipada con un disco de corte rotativo en titanio resistente y capaz de realizar cortes en cualquier material. El motor de alambre de cobre asegura un gran rendimiento, adem\u00e1s de la durabilidad de la fresadora de llaves. Dispone de una peque\u00f1a l\u00e1mpara LED para ayudar al usuario a realizar el proceso de la forma m\u00e1s c\u00f3moda. Garant\u00eda\u00a0ARC 2 A\u00d1OS Fresadora de llaves eficiente, bajo consumo 100w soporte t\u00e9cnico incluido","og_url":"https:\/\/www.distribucionarc.com\/fr\/producto\/maquina-para-duplicar-llaves\/","og_site_name":"distribuci\u00f3n ARC","article_modified_time":"2020-10-29T12:19:37+00:00","og_image":[{"width":1000,"height":1000,"url":"https:\/\/distribucionarc.com\/wp-content\/uploads\/2020\/10\/M\u00e1quina-para-duplicar-llaves-0.jpg","type":"image\/jpeg"}],"twitter_card":"summary_large_image","twitter_misc":{"Dur\u00e9e de lecture estim\u00e9e":"1 minute"},"schema":{"@context":"https:\/\/schema.org","@graph":[{"@type":"WebPage","@id":"https:\/\/www.distribucionarc.com\/fr\/producto\/maquina-para-duplicar-llaves\/","url":"https:\/\/www.distribucionarc.com\/fr\/producto\/maquina-para-duplicar-llaves\/","name":"Machine \u00e0 tailler et dupliquer les cl\u00e9s - ARC distribution","isPartOf":{"@id":"https:\/\/www.distribucionarc.com\/de\/#website"},"primaryImageOfPage":{"@id":"https:\/\/www.distribucionarc.com\/fr\/producto\/maquina-para-duplicar-llaves\/#primaryimage"},"image":{"@id":"https:\/\/www.distribucionarc.com\/fr\/producto\/maquina-para-duplicar-llaves\/#primaryimage"},"thumbnailUrl":"https:\/\/distribucionarc.com\/wp-content\/uploads\/2020\/10\/M\u00e1quina-para-duplicar-llaves-0.jpg","datePublished":"2020-10-07T08:51:23+00:00","dateModified":"2020-10-29T12:19:37+00:00","breadcrumb":{"@id":"https:\/\/www.distribucionarc.com\/fr\/producto\/maquina-para-duplicar-llaves\/#breadcrumb"},"inLanguage":"fr-FR","potentialAction":[{"@type":"ReadAction","target":["https:\/\/www.distribucionarc.com\/fr\/producto\/maquina-para-duplicar-llaves\/"]}]},{"@type":"ImageObject","inLanguage":"fr-FR","@id":"https:\/\/www.distribucionarc.com\/fr\/producto\/maquina-para-duplicar-llaves\/#primaryimage","url":"https:\/\/distribucionarc.com\/wp-content\/uploads\/2020\/10\/M\u00e1quina-para-duplicar-llaves-0.jpg","contentUrl":"https:\/\/distribucionarc.com\/wp-content\/uploads\/2020\/10\/M\u00e1quina-para-duplicar-llaves-0.jpg","width":1000,"height":1000,"caption":"M\u00e1quina para duplicar llaves\u00a0"},{"@type":"BreadcrumbList","@id":"https:\/\/www.distribucionarc.com\/fr\/producto\/maquina-para-duplicar-llaves\/#breadcrumb","itemListElement":[{"@type":"ListItem","position":1,"name":"Portada","item":"https:\/\/www.distribucionarc.com\/en\/"},{"@type":"ListItem","position":2,"name":"Products","item":"https:\/\/www.distribucionarc.com\/en\/shop\/"},{"@type":"ListItem","position":3,"name":"M\u00e1quina para cortar y duplicar llaves\u00a0"}]},{"@type":"WebSite","@id":"https:\/\/www.distribucionarc.com\/de\/#website","url":"https:\/\/www.distribucionarc.com\/de\/","name":"R\u00e9partition de l&#039;ARC","description":"Entreprise sp\u00e9cialis\u00e9e dans la fabrication et la distribution de machines industrielles, scelleuses de bo\u00eetes, machines \u00e0 comprim\u00e9s, machines \u00e0 d\u00e9couper la viande...","publisher":{"@id":"https:\/\/www.distribucionarc.com\/de\/#organization"},"potentialAction":[{"@type":"SearchAction","target":{"@type":"EntryPoint","urlTemplate":"https:\/\/www.distribucionarc.com\/de\/?s={search_term_string}"},"query-input":{"@type":"PropertyValueSpecification","valueRequired":true,"valueName":"search_term_string"}}],"inLanguage":"fr-FR"},{"@type":"Organization","@id":"https:\/\/www.distribucionarc.com\/de\/#organization","name":"Distribution ARC","url":"https:\/\/www.distribucionarc.com\/de\/","logo":{"@type":"ImageObject","inLanguage":"fr-FR","@id":"https:\/\/www.distribucionarc.com\/de\/#\/schema\/logo\/image\/","url":"https:\/\/distribucionarc.com\/wp-content\/uploads\/2024\/10\/distribucion-ARC-COLOR-SIN-FONDO-e1732295305345.png","contentUrl":"https:\/\/distribucionarc.com\/wp-content\/uploads\/2024\/10\/distribucion-ARC-COLOR-SIN-FONDO-e1732295305345.png","width":1164,"height":558,"caption":"Distribuci\u00f3n ARC"},"image":{"@id":"https:\/\/www.distribucionarc.com\/de\/#\/schema\/logo\/image\/"},"description":"Entreprise sp\u00e9cialis\u00e9e dans la fabrication et la distribution de machines industrielles pour les secteurs alimentaire et pharmaceutique. Nous sommes sp\u00e9cialis\u00e9s dans : Machines \u00e0 couper la viande Fabrication de comprim\u00e9s Syst\u00e8mes de transport industriel Lignes d'embouteillage Machines de dosage Et bien plus encore... Nous proposons des solutions innovantes et personnalis\u00e9es pour optimiser les processus de production de votre entreprise.","email":"Admistracion@distribucionarc.com","telephone":"+34 643496664","legalName":"ARC TECH SOLUTIONS","foundingDate":"2024-04-09","vatID":"B55480172","numberOfEmployees":{"@type":"QuantitativeValue","minValue":"1","maxValue":"10"}}]}},"_links":{"self":[{"href":"https:\/\/distribucionarc.com\/fr\/wp-json\/wp\/v2\/product\/3710","targetHints":{"allow":["GET"]}}],"collection":[{"href":"https:\/\/distribucionarc.com\/fr\/wp-json\/wp\/v2\/product"}],"about":[{"href":"https:\/\/distribucionarc.com\/fr\/wp-json\/wp\/v2\/types\/product"}],"replies":[{"embeddable":true,"href":"https:\/\/distribucionarc.com\/fr\/wp-json\/wp\/v2\/comments?post=3710"}],"version-history":[{"count":0,"href":"https:\/\/distribucionarc.com\/fr\/wp-json\/wp\/v2\/product\/3710\/revisions"}],"wp:featuredmedia":[{"embeddable":true,"href":"https:\/\/distribucionarc.com\/fr\/wp-json\/wp\/v2\/media\/3719"}],"wp:attachment":[{"href":"https:\/\/distribucionarc.com\/fr\/wp-json\/wp\/v2\/media?parent=3710"}],"wp:term":[{"taxonomy":"product_brand","embeddable":true,"href":"https:\/\/distribucionarc.com\/fr\/wp-json\/wp\/v2\/product_brand?post=3710"},{"taxonomy":"product_cat","embeddable":true,"href":"https:\/\/distribucionarc.com\/fr\/wp-json\/wp\/v2\/product_cat?post=3710"},{"taxonomy":"product_tag","embeddable":true,"href":"https:\/\/distribucionarc.com\/fr\/wp-json\/wp\/v2\/product_tag?post=3710"}],"curies":[{"name":"wp","href":"https:\/\/api.w.org\/{rel}","templated":true}]}}