{"id":3751,"date":"2020-10-07T13:01:49","date_gmt":"2020-10-07T13:01:49","guid":{"rendered":"https:\/\/distribucionarc.com\/?post_type=product&#038;p=3751"},"modified":"2023-12-05T11:26:40","modified_gmt":"2023-12-05T11:26:40","slug":"bobinoir","status":"publish","type":"product","link":"https:\/\/distribucionarc.com\/fr\/producto\/maquina-bobinadora-de-hilo\/","title":{"rendered":"machine \u00e0 enrouler les c\u00e2bles"},"content":{"rendered":"<h3>machine \u00e0 enrouler les c\u00e2bles<\/h3>\n<p>Ce<strong> machine \u00e0 enrouler les fils <span style=\"color: #ff0000;\">\u00c0<\/span><span style=\"color: #0000ff;\">R.<\/span>c<\/strong> Il est enti\u00e8rement automatique et dispose \u00e9galement d\u2019un syst\u00e8me intelligent de pointe, synchronis\u00e9 de haute pr\u00e9cision, qui contr\u00f4le toutes les pannes au cours du processus. Cette fonction intelligente vous indique la survitesse pendant le processus, calibre la vitesse d&#039;enroulement et effectue un processus d&#039;auto-test. La fonction \u00e9trier vous permet de mesurer facilement la largeur d&#039;enroulement<\/p>\n<p>Le moteur du<strong> enrouleur automatique <span style=\"color: #ff0000;\">\u00c0<\/span><span style=\"color: #0000ff;\">R.<\/span>CMBH10<\/strong> Il est contr\u00f4l\u00e9 par un ordinateur qui contr\u00f4le la vitesse ; ce qui vous permet de contr\u00f4ler la vitesse pendant le processus et en m\u00eame temps de synchroniser l&#039;oscillateur \u00e0 cordes avec celui-ci.<\/p>\n<p>Vous pouvez d\u00e9finir toutes les donn\u00e9es telles que\u00a0: le point de d\u00e9part, la taille du fil, la largeur du d\u00e9calage d&#039;enroulement, la vitesse de d\u00e9marrage de l&#039;enroulement, l&#039;arr\u00eat lent, la vitesse d&#039;enroulement, la vitesse de rotation lente, la direction de d\u00e9calage d&#039;enroulement, la direction d&#039;enroulement, l&#039;arr\u00eat bipolaire, le red\u00e9marrage et le d\u00e9marrage automatiques. Il dispose d&#039;une capacit\u00e9 m\u00e9moire de 999 param\u00e8tres.<\/p>\n<h6><strong>Garantie\u00a0<span style=\"color: #ff0000;\">\u00c0<\/span><span style=\"color: #0000ff;\">R.<\/span>C 2 ANS<\/strong><\/h6>\n<h6><span style=\"color: #008000;\">Enrouleur de fil efficace, basse consommation 350w<\/span><\/h6>\n<h6><strong>support technique inclus<\/strong><\/h6>\n<p>&nbsp;<\/p>\n<p>&nbsp;<\/p>\n<table role=\"presentation\" width=\"100%\" cellspacing=\"0\" cellpadding=\"0\">\n<tbody>\n<tr>\n<td class=\"attrLabels\">Marque:<\/td>\n<td width=\"50.0%\">ARC<\/td>\n<\/tr>\n<tr>\n<td class=\"attrLabels\">Pays de distribution\u00a0:<\/td>\n<td width=\"50.0%\">Espagne, Allemagne, \u00c9tats-Unis<\/td>\n<td class=\"attrLabels\">Dimensions des machines\u00a0:<\/td>\n<td width=\"50.0%\">47x48x39cm<\/td>\n<\/tr>\n<tr>\n<td class=\"attrLabels\">Garantie:<\/td>\n<td width=\"50.0%\">2 ans<\/td>\n<td class=\"attrLabels\">Pouvoir:<\/td>\n<td width=\"50.0%\">350W<\/td>\n<\/tr>\n<tr>\n<td class=\"attrLabels\">Couleur:<\/td>\n<td width=\"50.0%\">Argent<\/td>\n<td class=\"attrLabels\">Tension d&#039;entr\u00e9e\u00a0:<\/td>\n<td width=\"50.0%\">220 V \u2013 60 Hz<\/td>\n<\/tr>\n<tr>\n<td class=\"attrLabels\">Type de produit\u00a0:<\/td>\n<td width=\"50.0%\">Enrouleur de fil \u00e9lectrique<\/td>\n<td class=\"attrLabels\">Largeur maximale d&#039;enroulement\u00a0:<\/td>\n<td width=\"50.0%\">110mm<\/td>\n<\/tr>\n<tr>\n<td class=\"attrLabels\">Num\u00e9ro du fabricant :<\/td>\n<td width=\"50.0%\">ARCMBH10<\/td>\n<td class=\"attrLabels\">Taille du fil\u00a0:<\/td>\n<td width=\"50.0%\">0,03 \u2013 1,2 mm<\/td>\n<\/tr>\n<tr>\n<td class=\"attrLabels\">Mat\u00e9riel:<\/td>\n<td width=\"50.0%\">acier renforc\u00e9, moteur efficace, ordinateur intelligent<\/td>\n<td class=\"attrLabels\">Vitesse de rotation maximale\u00a0:<\/td>\n<td width=\"50.0%\">6000 tours par minute<\/td>\n<\/tr>\n<tr>\n<td class=\"attrLabels\">Outils d&#039;installation\u00a0:<\/td>\n<td width=\"50.0%\">Ouais<\/td>\n<td class=\"attrLabels\">R\u00e9solution de comptage\u00a0:<\/td>\n<td width=\"50.0%\">0,1 cercles<\/td>\n<\/tr>\n<tr>\n<td class=\"attrLabels\">Poids:<\/td>\n<td width=\"50.0%\">29 kg<\/td>\n<td class=\"attrLabels\">Groupes stockables\u00a0:<\/td>\n<td width=\"50.0%\">999 souvenirs sinueux<\/td>\n<\/tr>\n<\/tbody>\n<\/table>","protected":false},"excerpt":{"rendered":"<h2>machine \u00e0 enrouler les c\u00e2bles<\/h2>\n<p>Ce<strong> enrouleur de fil <span style=\"color: #ff0000;\">\u00c0<\/span><span style=\"color: #0000ff;\">R.<\/span>automatique C<\/strong> Contr\u00f4l\u00e9 par ordinateur, adopte les derniers syst\u00e8mes d&#039;enroulement synchronis\u00e9s de haute pr\u00e9cision et sans probl\u00e8me\u00a0; lorsque des d\u00e9salignements apparaissent lors du processus de bobinage \u00e0 vitesse excessive. Il dispose d&#039;un syst\u00e8me super intelligent avec des fonctions d&#039;auto-test, d&#039;erreur d&#039;\u00e9quipement, de suivi de survitesse et d&#039;\u00e9talonnage de vitesse. Vous pouvez configurer les param\u00e8tres de vitesse qui correspondent le mieux \u00e0 vos besoins. Ce <strong>machine \u00e0 enrouler les fils<\/strong> Il est adapt\u00e9 aux m\u00e9taux fins comme le cuivre, l&#039;acier, l&#039;aluminium, le fil ou encore le nylon \u00e9pais.<\/p>\n<h6><strong>Garantie\u00a0<span style=\"color: #ff0000;\">\u00c0<\/span><span style=\"color: #0000ff;\">R.<\/span>C 2 ANS<\/strong><\/h6>\n<h6><span style=\"color: #008000;\">Enrouleur de fil efficace, basse consommation 350w<\/span><\/h6>\n<h6><strong>support technique inclus<\/strong><\/h6>","protected":false},"featured_media":3757,"comment_status":"open","ping_status":"closed","template":"","meta":{"wds_primary_product_brand":0,"wds_primary_product_cat":0},"product_brand":[],"product_cat":[69],"product_tag":[],"class_list":{"0":"post-3751","1":"product","2":"type-product","3":"status-publish","4":"has-post-thumbnail","6":"product_cat-maquinas-variadas","7":"product_shipping_class-hosteleria","9":"first","10":"instock","11":"taxable","12":"shipping-taxable","13":"purchasable","14":"product-type-simple"},"yoast_head":"<!-- This site is optimized with the Yoast SEO Premium plugin v24.9 (Yoast SEO v26.1) - https:\/\/yoast.com\/wordpress\/plugins\/seo\/ -->\n<title>M\u00e1quina bobinadora de cable - distribuci\u00f3n ARC<\/title>\n<meta name=\"robots\" content=\"index, follow, max-snippet:-1, max-image-preview:large, max-video-preview:-1\" \/>\n<link rel=\"canonical\" href=\"https:\/\/distribucionarc.com\/fr\/produit\/bobinoir\/\" \/>\n<meta property=\"og:locale\" content=\"fr_FR\" \/>\n<meta property=\"og:type\" content=\"article\" \/>\n<meta property=\"og:title\" content=\"M\u00e1quina bobinadora de cable\" \/>\n<meta property=\"og:description\" content=\"M\u00e1quina bobinadora de cable Esta bobinadora de hilo ARC autom\u00e1tica controlada por ordenador, adopta los \u00faltimos sistemas de bobinado sincronizado de alta precisi\u00f3n y sin problemas; cuando aparecen desalineaciones en el proceso de bobinado a una velocidad excesiva. Cuenta con un sistema super inteligente con funciones de autocomprobaci\u00f3n, errores del equipo, seguimiento de velocidad excesiva y calibraci\u00f3n de la velocidad. Puede configurar los par\u00e1metros de velocidad que m\u00e1s se adapten a su necesidad. Esta maquina para bobinar hilo est\u00e1 adaptada para metales finos como cobre, acero, aluminio, alambre o incluso nylon grueso. Garant\u00eda\u00a0ARC 2 A\u00d1OS Rebobinadora de hilo eficiente, bajo consumo 350w soporte t\u00e9cnico incluido\" \/>\n<meta property=\"og:url\" content=\"https:\/\/distribucionarc.com\/fr\/produit\/bobinoir\/\" \/>\n<meta property=\"og:site_name\" content=\"distribuci\u00f3n ARC\" \/>\n<meta property=\"article:modified_time\" content=\"2023-12-05T11:26:40+00:00\" \/>\n<meta property=\"og:image\" content=\"https:\/\/distribucionarc.com\/wp-content\/uploads\/2020\/10\/M\u00e1quina-bobinadora-de-hilo-2.jpg\" \/>\n\t<meta property=\"og:image:width\" content=\"1000\" \/>\n\t<meta property=\"og:image:height\" content=\"1000\" \/>\n\t<meta property=\"og:image:type\" content=\"image\/jpeg\" \/>\n<meta name=\"twitter:card\" content=\"summary_large_image\" \/>\n<meta name=\"twitter:label1\" content=\"Dur\u00e9e de lecture estim\u00e9e\" \/>\n\t<meta name=\"twitter:data1\" content=\"1 minute\" \/>\n<script type=\"application\/ld+json\" class=\"yoast-schema-graph\">{\"@context\":\"https:\/\/schema.org\",\"@graph\":[{\"@type\":\"WebPage\",\"@id\":\"https:\/\/distribucionarc.com\/producto\/maquina-bobinadora-de-hilo\/\",\"url\":\"https:\/\/distribucionarc.com\/producto\/maquina-bobinadora-de-hilo\/\",\"name\":\"M\u00e1quina bobinadora de cable - distribuci\u00f3n ARC\",\"isPartOf\":{\"@id\":\"https:\/\/distribucionarc.com\/ro\/#website\"},\"primaryImageOfPage\":{\"@id\":\"https:\/\/distribucionarc.com\/producto\/maquina-bobinadora-de-hilo\/#primaryimage\"},\"image\":{\"@id\":\"https:\/\/distribucionarc.com\/producto\/maquina-bobinadora-de-hilo\/#primaryimage\"},\"thumbnailUrl\":\"https:\/\/distribucionarc.com\/wp-content\/uploads\/2020\/10\/M\u00e1quina-bobinadora-de-hilo-2.jpg\",\"datePublished\":\"2020-10-07T13:01:49+00:00\",\"dateModified\":\"2023-12-05T11:26:40+00:00\",\"breadcrumb\":{\"@id\":\"https:\/\/distribucionarc.com\/producto\/maquina-bobinadora-de-hilo\/#breadcrumb\"},\"inLanguage\":\"fr-FR\",\"potentialAction\":[{\"@type\":\"ReadAction\",\"target\":[\"https:\/\/distribucionarc.com\/producto\/maquina-bobinadora-de-hilo\/\"]}]},{\"@type\":\"ImageObject\",\"inLanguage\":\"fr-FR\",\"@id\":\"https:\/\/distribucionarc.com\/producto\/maquina-bobinadora-de-hilo\/#primaryimage\",\"url\":\"https:\/\/distribucionarc.com\/wp-content\/uploads\/2020\/10\/M\u00e1quina-bobinadora-de-hilo-2.jpg\",\"contentUrl\":\"https:\/\/distribucionarc.com\/wp-content\/uploads\/2020\/10\/M\u00e1quina-bobinadora-de-hilo-2.jpg\",\"width\":1000,\"height\":1000,\"caption\":\"M\u00e1quina bobinadora de hilo\"},{\"@type\":\"BreadcrumbList\",\"@id\":\"https:\/\/distribucionarc.com\/producto\/maquina-bobinadora-de-hilo\/#breadcrumb\",\"itemListElement\":[{\"@type\":\"ListItem\",\"position\":1,\"name\":\"Portada\",\"item\":\"https:\/\/distribucionarc.com\/ar\/\"},{\"@type\":\"ListItem\",\"position\":2,\"name\":\"Proizvodi\",\"item\":\"https:\/\/www.distribucionarc.com\/hr\/ducan\/\"},{\"@type\":\"ListItem\",\"position\":3,\"name\":\"M\u00e1quina bobinadora de cable\"}]},{\"@type\":\"WebSite\",\"@id\":\"https:\/\/distribucionarc.com\/ro\/#website\",\"url\":\"https:\/\/distribucionarc.com\/ro\/\",\"name\":\"distribuci\u00f3n ARC\",\"description\":\"Empresa especializada en la fabricaci\u00f3n y distribuci\u00f3n de maquinaria industrial, selladoras de latas, Maquinas de hacer pastillas, Maquinas de cortar carne...\",\"publisher\":{\"@id\":\"https:\/\/distribucionarc.com\/ro\/#organization\"},\"potentialAction\":[{\"@type\":\"SearchAction\",\"target\":{\"@type\":\"EntryPoint\",\"urlTemplate\":\"https:\/\/distribucionarc.com\/ro\/?s={search_term_string}\"},\"query-input\":{\"@type\":\"PropertyValueSpecification\",\"valueRequired\":true,\"valueName\":\"search_term_string\"}}],\"inLanguage\":\"fr-FR\"},{\"@type\":\"Organization\",\"@id\":\"https:\/\/distribucionarc.com\/ro\/#organization\",\"name\":\"Distribuci\u00f3n ARC\",\"url\":\"https:\/\/distribucionarc.com\/ro\/\",\"logo\":{\"@type\":\"ImageObject\",\"inLanguage\":\"fr-FR\",\"@id\":\"https:\/\/distribucionarc.com\/ro\/#\/schema\/logo\/image\/\",\"url\":\"https:\/\/distribucionarc.com\/wp-content\/uploads\/2024\/10\/distribucion-ARC-COLOR-SIN-FONDO-e1732295305345.png\",\"contentUrl\":\"https:\/\/distribucionarc.com\/wp-content\/uploads\/2024\/10\/distribucion-ARC-COLOR-SIN-FONDO-e1732295305345.png\",\"width\":1164,\"height\":558,\"caption\":\"Distribuci\u00f3n ARC\"},\"image\":{\"@id\":\"https:\/\/distribucionarc.com\/ro\/#\/schema\/logo\/image\/\"},\"description\":\"Empresa especializada en la fabricaci\u00f3n y distribuci\u00f3n de maquinaria industrial para los sectores alimentario y farmac\u00e9utico. Nos especializamos en: M\u00e1quinas de cortar carne Fabricaci\u00f3n de comprimidos Sistemas de transporte industrial L\u00edneas de embotellado Dosificadores Y mucho m\u00e1s... Ofrecemos soluciones innovadoras y personalizadas para optimizar los procesos productivos de tu empresa.\",\"email\":\"Admistracion@distribucionarc.com\",\"telephone\":\"+34 643496664\",\"legalName\":\"ARC TECH SOLUTIONS\",\"foundingDate\":\"2024-04-09\",\"vatID\":\"B55480172\",\"numberOfEmployees\":{\"@type\":\"QuantitativeValue\",\"minValue\":\"1\",\"maxValue\":\"10\"}}]}<\/script>\n<!-- \/ Yoast SEO Premium plugin. -->","yoast_head_json":{"title":"Machine \u00e0 enrouler les c\u00e2bles - ARC distribution","robots":{"index":"index","follow":"follow","max-snippet":"max-snippet:-1","max-image-preview":"max-image-preview:large","max-video-preview":"max-video-preview:-1"},"canonical":"https:\/\/distribucionarc.com\/fr\/produit\/bobinoir\/","og_locale":"fr_FR","og_type":"article","og_title":"M\u00e1quina bobinadora de cable","og_description":"M\u00e1quina bobinadora de cable Esta bobinadora de hilo ARC autom\u00e1tica controlada por ordenador, adopta los \u00faltimos sistemas de bobinado sincronizado de alta precisi\u00f3n y sin problemas; cuando aparecen desalineaciones en el proceso de bobinado a una velocidad excesiva. Cuenta con un sistema super inteligente con funciones de autocomprobaci\u00f3n, errores del equipo, seguimiento de velocidad excesiva y calibraci\u00f3n de la velocidad. Puede configurar los par\u00e1metros de velocidad que m\u00e1s se adapten a su necesidad. Esta maquina para bobinar hilo est\u00e1 adaptada para metales finos como cobre, acero, aluminio, alambre o incluso nylon grueso. Garant\u00eda\u00a0ARC 2 A\u00d1OS Rebobinadora de hilo eficiente, bajo consumo 350w soporte t\u00e9cnico incluido","og_url":"https:\/\/distribucionarc.com\/fr\/produit\/bobinoir\/","og_site_name":"distribuci\u00f3n ARC","article_modified_time":"2023-12-05T11:26:40+00:00","og_image":[{"width":1000,"height":1000,"url":"https:\/\/distribucionarc.com\/wp-content\/uploads\/2020\/10\/M\u00e1quina-bobinadora-de-hilo-2.jpg","type":"image\/jpeg"}],"twitter_card":"summary_large_image","twitter_misc":{"Dur\u00e9e de lecture estim\u00e9e":"1 minute"},"schema":{"@context":"https:\/\/schema.org","@graph":[{"@type":"WebPage","@id":"https:\/\/distribucionarc.com\/producto\/maquina-bobinadora-de-hilo\/","url":"https:\/\/distribucionarc.com\/producto\/maquina-bobinadora-de-hilo\/","name":"Machine \u00e0 enrouler les c\u00e2bles - ARC distribution","isPartOf":{"@id":"https:\/\/distribucionarc.com\/ro\/#website"},"primaryImageOfPage":{"@id":"https:\/\/distribucionarc.com\/producto\/maquina-bobinadora-de-hilo\/#primaryimage"},"image":{"@id":"https:\/\/distribucionarc.com\/producto\/maquina-bobinadora-de-hilo\/#primaryimage"},"thumbnailUrl":"https:\/\/distribucionarc.com\/wp-content\/uploads\/2020\/10\/M\u00e1quina-bobinadora-de-hilo-2.jpg","datePublished":"2020-10-07T13:01:49+00:00","dateModified":"2023-12-05T11:26:40+00:00","breadcrumb":{"@id":"https:\/\/distribucionarc.com\/producto\/maquina-bobinadora-de-hilo\/#breadcrumb"},"inLanguage":"fr-FR","potentialAction":[{"@type":"ReadAction","target":["https:\/\/distribucionarc.com\/producto\/maquina-bobinadora-de-hilo\/"]}]},{"@type":"ImageObject","inLanguage":"fr-FR","@id":"https:\/\/distribucionarc.com\/producto\/maquina-bobinadora-de-hilo\/#primaryimage","url":"https:\/\/distribucionarc.com\/wp-content\/uploads\/2020\/10\/M\u00e1quina-bobinadora-de-hilo-2.jpg","contentUrl":"https:\/\/distribucionarc.com\/wp-content\/uploads\/2020\/10\/M\u00e1quina-bobinadora-de-hilo-2.jpg","width":1000,"height":1000,"caption":"M\u00e1quina bobinadora de hilo"},{"@type":"BreadcrumbList","@id":"https:\/\/distribucionarc.com\/producto\/maquina-bobinadora-de-hilo\/#breadcrumb","itemListElement":[{"@type":"ListItem","position":1,"name":"Portada","item":"https:\/\/distribucionarc.com\/ar\/"},{"@type":"ListItem","position":2,"name":"Proizvodi","item":"https:\/\/www.distribucionarc.com\/hr\/ducan\/"},{"@type":"ListItem","position":3,"name":"M\u00e1quina bobinadora de cable"}]},{"@type":"WebSite","@id":"https:\/\/distribucionarc.com\/ro\/#website","url":"https:\/\/distribucionarc.com\/ro\/","name":"R\u00e9partition de l&#039;ARC","description":"Entreprise sp\u00e9cialis\u00e9e dans la fabrication et la distribution de machines industrielles, scelleuses de bo\u00eetes, machines \u00e0 comprim\u00e9s, machines \u00e0 d\u00e9couper la viande...","publisher":{"@id":"https:\/\/distribucionarc.com\/ro\/#organization"},"potentialAction":[{"@type":"SearchAction","target":{"@type":"EntryPoint","urlTemplate":"https:\/\/distribucionarc.com\/ro\/?s={search_term_string}"},"query-input":{"@type":"PropertyValueSpecification","valueRequired":true,"valueName":"search_term_string"}}],"inLanguage":"fr-FR"},{"@type":"Organization","@id":"https:\/\/distribucionarc.com\/ro\/#organization","name":"Distribution ARC","url":"https:\/\/distribucionarc.com\/ro\/","logo":{"@type":"ImageObject","inLanguage":"fr-FR","@id":"https:\/\/distribucionarc.com\/ro\/#\/schema\/logo\/image\/","url":"https:\/\/distribucionarc.com\/wp-content\/uploads\/2024\/10\/distribucion-ARC-COLOR-SIN-FONDO-e1732295305345.png","contentUrl":"https:\/\/distribucionarc.com\/wp-content\/uploads\/2024\/10\/distribucion-ARC-COLOR-SIN-FONDO-e1732295305345.png","width":1164,"height":558,"caption":"Distribuci\u00f3n ARC"},"image":{"@id":"https:\/\/distribucionarc.com\/ro\/#\/schema\/logo\/image\/"},"description":"Entreprise sp\u00e9cialis\u00e9e dans la fabrication et la distribution de machines industrielles pour les secteurs alimentaire et pharmaceutique. Nous sommes sp\u00e9cialis\u00e9s dans : Machines \u00e0 couper la viande Fabrication de comprim\u00e9s Syst\u00e8mes de transport industriel Lignes d'embouteillage Machines de dosage Et bien plus encore... Nous proposons des solutions innovantes et personnalis\u00e9es pour optimiser les processus de production de votre entreprise.","email":"Admistracion@distribucionarc.com","telephone":"+34 643496664","legalName":"ARC TECH SOLUTIONS","foundingDate":"2024-04-09","vatID":"B55480172","numberOfEmployees":{"@type":"QuantitativeValue","minValue":"1","maxValue":"10"}}]}},"_links":{"self":[{"href":"https:\/\/distribucionarc.com\/fr\/wp-json\/wp\/v2\/product\/3751","targetHints":{"allow":["GET"]}}],"collection":[{"href":"https:\/\/distribucionarc.com\/fr\/wp-json\/wp\/v2\/product"}],"about":[{"href":"https:\/\/distribucionarc.com\/fr\/wp-json\/wp\/v2\/types\/product"}],"replies":[{"embeddable":true,"href":"https:\/\/distribucionarc.com\/fr\/wp-json\/wp\/v2\/comments?post=3751"}],"version-history":[{"count":0,"href":"https:\/\/distribucionarc.com\/fr\/wp-json\/wp\/v2\/product\/3751\/revisions"}],"wp:featuredmedia":[{"embeddable":true,"href":"https:\/\/distribucionarc.com\/fr\/wp-json\/wp\/v2\/media\/3757"}],"wp:attachment":[{"href":"https:\/\/distribucionarc.com\/fr\/wp-json\/wp\/v2\/media?parent=3751"}],"wp:term":[{"taxonomy":"product_brand","embeddable":true,"href":"https:\/\/distribucionarc.com\/fr\/wp-json\/wp\/v2\/product_brand?post=3751"},{"taxonomy":"product_cat","embeddable":true,"href":"https:\/\/distribucionarc.com\/fr\/wp-json\/wp\/v2\/product_cat?post=3751"},{"taxonomy":"product_tag","embeddable":true,"href":"https:\/\/distribucionarc.com\/fr\/wp-json\/wp\/v2\/product_tag?post=3751"}],"curies":[{"name":"wp","href":"https:\/\/api.w.org\/{rel}","templated":true}]}}