{"id":3821,"date":"2020-10-09T14:05:43","date_gmt":"2020-10-09T14:05:43","guid":{"rendered":"https:\/\/distribucionarc.com\/?post_type=product&#038;p=3821"},"modified":"2020-10-09T14:05:44","modified_gmt":"2020-10-09T14:05:44","slug":"reservoir-de-peinture-sous-pression-30l","status":"publish","type":"product","link":"https:\/\/distribucionarc.com\/fr\/producto\/tanque-de-pintura-a-presion-30l\/","title":{"rendered":"R\u00e9servoir de peinture sous pression 30L"},"content":{"rendered":"<h3>R\u00e9servoir d&#039;agitation de peinture sous pression manuelle 30L<\/h3>\n<p>La conception de <strong>r\u00e9servoir de peinture <span style=\"color: #ff0000;\">\u00c0<\/span><span style=\"color: #0000ff;\">R.<\/span>c<\/strong> Une forte \u00e9tanch\u00e9it\u00e9 est en acier inoxydable \u00e9paissi et renforc\u00e9\u00a0; Avec usinage de pr\u00e9cision, r\u00e9sistance \u00e0 la corrosion, aux substances acides et alcalines. Le r\u00e9servoir sous pression de 30 L dispose d&#039;un r\u00e9seau d&#039;isolation pour isoler les impuret\u00e9s ; La lame d&#039;agitation remue la peinture pour \u00e9viter des pr\u00e9cipitations in\u00e9gales<\/p>\n<p>Une entr\u00e9e d&#039;alimentation scell\u00e9e de qualit\u00e9 et une alimentation ultra \u00e9paisse peuvent \u00eatre ouvertes une fois la valve de pression \u00e9puis\u00e9e. \u00c9quip\u00e9 d&#039;un manom\u00e8tre et d&#039;un r\u00e9gulateur de pression de fluide pour garantir un ajustement parfait, le manom\u00e8tre affiche avec pr\u00e9cision la pression du canon. La vanne de r\u00e9gulation r\u00e9gule l&#039;influence du manom\u00e8tre.<\/p>\n<p>Il<strong> r\u00e9servoir sous pression de peinture <span style=\"color: #ff0000;\">\u00c0<\/span><span style=\"color: #0000ff;\">R.<\/span>CTPP30<\/strong> Il convient \u00e0 une utilisation dans les peintures commerciales ou lorsqu&#039;une grande quantit\u00e9 de pulv\u00e9risation est requise. Il dispose d&#039;une sortie de soupape de s\u00e9curit\u00e9 pour lib\u00e9rer le gaz de mani\u00e8re s\u00fbre et fiable lorsque la pression de l&#039;air d\u00e9passe la pression de l&#039;air de s\u00e9curit\u00e9.<\/p>\n<h6><strong>Garantie\u00a0<span style=\"color: #ff0000;\">\u00c0<\/span><span style=\"color: #0000ff;\">R.<\/span>C 2 ANS<\/strong><\/h6>\n<h6><strong>support technique inclus<\/strong><\/h6>\n<p>&nbsp;<\/p>\n<table width=\"100%\">\n<tbody>\n<tr>\n<td>Pays de distribution\u00a0:<\/td>\n<td width=\"33%\">Espagne, Allemagne, \u00c9tats-Unis<\/td>\n<td width=\"15%\">Poids:<\/td>\n<td width=\"32%\">30 kg<\/td>\n<\/tr>\n<tr>\n<td>Marque:<\/td>\n<td width=\"33%\">ARC<\/td>\n<td width=\"15%\">Hauteur:<\/td>\n<td width=\"32%\">83,2 cm<\/td>\n<\/tr>\n<tr>\n<td>Couleur:<\/td>\n<td width=\"33%\">Noir<\/td>\n<td width=\"15%\">Long:<\/td>\n<td width=\"32%\">31 cm<\/td>\n<\/tr>\n<tr>\n<td>Type de produit\u00a0:<\/td>\n<td width=\"33%\">R\u00e9servoir de peinture sous pression<\/td>\n<td width=\"15%\">Large:<\/td>\n<td width=\"32%\">31 cm<\/td>\n<\/tr>\n<tr>\n<td>Num\u00e9ro du fabricant :<\/td>\n<td width=\"33%\">ARCTPP30<\/td>\n<td width=\"15%\">Pression maximale\u00a0:<\/td>\n<td width=\"32%\">6,2 bars<\/td>\n<\/tr>\n<tr>\n<td>Mat\u00e9riel:<\/td>\n<td width=\"33%\">acier inoxydable<\/td>\n<td width=\"15%\">Soupape de surpression<\/td>\n<td width=\"32%\">4 bars pour la s\u00e9curit\u00e9<\/td>\n<\/tr>\n<tr>\n<td>Garantie:<\/td>\n<td width=\"33%\">2 ANS<\/td>\n<td width=\"15%\">Sortie fluide :<\/td>\n<td width=\"32%\">\u00a09,5 mm<\/td>\n<\/tr>\n<tr>\n<td>Outils d&#039;installation\u00a0:<\/td>\n<td width=\"33%\">Ouais<\/td>\n<td width=\"15%\">Pression de travail optimale\u00a0:<\/td>\n<td width=\"32%\">1,4 \u2013 2,1 bars<\/td>\n<\/tr>\n<tr>\n<td>Capacit\u00e9 du r\u00e9servoir\u00a0:<\/td>\n<td width=\"33%\">30L<\/td>\n<td width=\"15%\">R\u00e9cipient sous pression\u00a0:<\/td>\n<td width=\"32%\">6,35 mm<\/td>\n<\/tr>\n<tr>\n<td>Dimensions du rev\u00eatement :<\/td>\n<td width=\"33%\">30x33cm<\/td>\n<td width=\"15%\">Diam\u00e8tre de profondeur du godet\u00a0:<\/td>\n<td width=\"32%\">31,2 x 38,1 cm<\/td>\n<\/tr>\n<\/tbody>\n<\/table>\n<p>&nbsp;<\/p>","protected":false},"excerpt":{"rendered":"<h2>R\u00e9servoir d&#039;agitation de peinture sous pression manuelle 30L<\/h2>\n<p>Ce <strong>R\u00e9servoir sous pression de peinture ARC<\/strong> Spray adopte des mat\u00e9riaux haut de gamme, r\u00e9sistants \u00e0 la corrosion, aux acides, aux substances aux propri\u00e9t\u00e9s alcalines, etc. L&#039;agitateur de peinture est \u00e9quip\u00e9 d&#039;un r\u00e9gulateur de pression de fluide qui peut \u00eatre r\u00e9gl\u00e9 avec pr\u00e9cision. R\u00e9servoir amovible en acier inoxydable et poign\u00e9e pour un fonctionnement fluide. Cette machine \u00e0 peindre convient \u00e0 l&#039;industrie automobile, aux peintures \u00e0 base d&#039;huile, au latex, aux vernis, aux appr\u00eats, aux rev\u00eatements en bois, aux adh\u00e9sifs et autres rev\u00eatements.<\/p>\n<h6><strong>Garantie\u00a0<span style=\"color: #ff0000;\">\u00c0<\/span><span style=\"color: #0000ff;\">R.<\/span>C 2 ANS<\/strong><\/h6>\n<h6><strong>support technique inclus<\/strong><\/h6>","protected":false},"featured_media":3829,"comment_status":"open","ping_status":"closed","template":"","meta":{"wds_primary_product_brand":0,"wds_primary_product_cat":0},"product_brand":[],"product_cat":[71,69],"product_tag":[],"class_list":{"0":"post-3821","1":"product","2":"type-product","3":"status-publish","4":"has-post-thumbnail","6":"product_cat-maquinas-para-pintar","7":"product_cat-maquinas-variadas","8":"product_shipping_class-express","10":"first","11":"instock","12":"sale","13":"taxable","14":"shipping-taxable","15":"purchasable","16":"product-type-simple"},"yoast_head":"<!-- This site is optimized with the Yoast SEO Premium plugin v24.9 (Yoast SEO v26.1) - https:\/\/yoast.com\/wordpress\/plugins\/seo\/ -->\n<title>Tanque de pintura a presi\u00f3n 30L - distribuci\u00f3n ARC<\/title>\n<meta name=\"robots\" content=\"index, follow, max-snippet:-1, max-image-preview:large, max-video-preview:-1\" \/>\n<link rel=\"canonical\" href=\"https:\/\/distribucionarc.com\/fr\/produit\/reservoir-de-peinture-sous-pression-30l\/\" \/>\n<meta property=\"og:locale\" content=\"fr_FR\" \/>\n<meta property=\"og:type\" content=\"article\" \/>\n<meta property=\"og:title\" content=\"Tanque de pintura a presi\u00f3n 30L\" \/>\n<meta property=\"og:description\" content=\"Tanque agitador de pintura a presi\u00f3n manual\u00a0 30L Este Tanque de presi\u00f3n para pintura ARC en aerosol adopta materiales de primera calidad, resistentes a la corrosi\u00f3n, \u00e1cidos, sustancias con propiedades alcalinas, etc. El agitador de pintura est\u00e1 equipado con un regulador de presi\u00f3n de fluido, que se puede configurar con precisi\u00f3n. Dise\u00f1o de dep\u00f3sito y mango de acero inoxidable extra\u00edble para un funcionamiento suave. Esta m\u00e1quina para pintar es la adecuada para la industria automotriz, pinturas con base de aceite, l\u00e1tex, barniz, imprimaci\u00f3n, revestimiento de madera, adhesivo y dem\u00e1s revestimientos. Garant\u00eda\u00a0ARC 2 A\u00d1OS soporte t\u00e9cnico incluido\" \/>\n<meta property=\"og:url\" content=\"https:\/\/distribucionarc.com\/fr\/produit\/reservoir-de-peinture-sous-pression-30l\/\" \/>\n<meta property=\"og:site_name\" content=\"distribuci\u00f3n ARC\" \/>\n<meta property=\"article:modified_time\" content=\"2020-10-09T14:05:44+00:00\" \/>\n<meta property=\"og:image\" content=\"https:\/\/distribucionarc.com\/wp-content\/uploads\/2020\/10\/Tanque-de-pintura-a-presi\u00f3n-30L-0.jpg\" \/>\n\t<meta property=\"og:image:width\" content=\"1600\" \/>\n\t<meta property=\"og:image:height\" content=\"1600\" \/>\n\t<meta property=\"og:image:type\" content=\"image\/jpeg\" \/>\n<meta name=\"twitter:card\" content=\"summary_large_image\" \/>\n<meta name=\"twitter:label1\" content=\"Dur\u00e9e de lecture estim\u00e9e\" \/>\n\t<meta name=\"twitter:data1\" content=\"1 minute\" \/>\n<script type=\"application\/ld+json\" class=\"yoast-schema-graph\">{\"@context\":\"https:\/\/schema.org\",\"@graph\":[{\"@type\":\"WebPage\",\"@id\":\"https:\/\/distribucionarc.com\/fr\/producto\/tanque-de-pintura-a-presion-30l\/\",\"url\":\"https:\/\/distribucionarc.com\/fr\/producto\/tanque-de-pintura-a-presion-30l\/\",\"name\":\"Tanque de pintura a presi\u00f3n 30L - distribuci\u00f3n ARC\",\"isPartOf\":{\"@id\":\"https:\/\/distribucionarc.com\/de\/#website\"},\"primaryImageOfPage\":{\"@id\":\"https:\/\/distribucionarc.com\/fr\/producto\/tanque-de-pintura-a-presion-30l\/#primaryimage\"},\"image\":{\"@id\":\"https:\/\/distribucionarc.com\/fr\/producto\/tanque-de-pintura-a-presion-30l\/#primaryimage\"},\"thumbnailUrl\":\"https:\/\/distribucionarc.com\/wp-content\/uploads\/2020\/10\/Tanque-de-pintura-a-presi\u00f3n-30L-0.jpg\",\"datePublished\":\"2020-10-09T14:05:43+00:00\",\"dateModified\":\"2020-10-09T14:05:44+00:00\",\"breadcrumb\":{\"@id\":\"https:\/\/distribucionarc.com\/fr\/producto\/tanque-de-pintura-a-presion-30l\/#breadcrumb\"},\"inLanguage\":\"fr-FR\",\"potentialAction\":[{\"@type\":\"ReadAction\",\"target\":[\"https:\/\/distribucionarc.com\/fr\/producto\/tanque-de-pintura-a-presion-30l\/\"]}]},{\"@type\":\"ImageObject\",\"inLanguage\":\"fr-FR\",\"@id\":\"https:\/\/distribucionarc.com\/fr\/producto\/tanque-de-pintura-a-presion-30l\/#primaryimage\",\"url\":\"https:\/\/distribucionarc.com\/wp-content\/uploads\/2020\/10\/Tanque-de-pintura-a-presi\u00f3n-30L-0.jpg\",\"contentUrl\":\"https:\/\/distribucionarc.com\/wp-content\/uploads\/2020\/10\/Tanque-de-pintura-a-presi\u00f3n-30L-0.jpg\",\"width\":1600,\"height\":1600,\"caption\":\"Tanque de pintura a presi\u00f3n 30L\"},{\"@type\":\"BreadcrumbList\",\"@id\":\"https:\/\/distribucionarc.com\/fr\/producto\/tanque-de-pintura-a-presion-30l\/#breadcrumb\",\"itemListElement\":[{\"@type\":\"ListItem\",\"position\":1,\"name\":\"Portada\",\"item\":\"https:\/\/distribucionarc.com\/pl\/\"},{\"@type\":\"ListItem\",\"position\":2,\"name\":\"Produkty\",\"item\":\"https:\/\/distribucionarc.com\/pl\/shop\/\"},{\"@type\":\"ListItem\",\"position\":3,\"name\":\"Tanque de pintura a presi\u00f3n 30L\"}]},{\"@type\":\"WebSite\",\"@id\":\"https:\/\/distribucionarc.com\/de\/#website\",\"url\":\"https:\/\/distribucionarc.com\/de\/\",\"name\":\"distribuci\u00f3n ARC\",\"description\":\"Empresa especializada en la fabricaci\u00f3n y distribuci\u00f3n de maquinaria industrial, selladoras de latas, Maquinas de hacer pastillas, Maquinas de cortar carne...\",\"publisher\":{\"@id\":\"https:\/\/distribucionarc.com\/de\/#organization\"},\"potentialAction\":[{\"@type\":\"SearchAction\",\"target\":{\"@type\":\"EntryPoint\",\"urlTemplate\":\"https:\/\/distribucionarc.com\/de\/?s={search_term_string}\"},\"query-input\":{\"@type\":\"PropertyValueSpecification\",\"valueRequired\":true,\"valueName\":\"search_term_string\"}}],\"inLanguage\":\"fr-FR\"},{\"@type\":\"Organization\",\"@id\":\"https:\/\/distribucionarc.com\/de\/#organization\",\"name\":\"Distribuci\u00f3n ARC\",\"url\":\"https:\/\/distribucionarc.com\/de\/\",\"logo\":{\"@type\":\"ImageObject\",\"inLanguage\":\"fr-FR\",\"@id\":\"https:\/\/distribucionarc.com\/de\/#\/schema\/logo\/image\/\",\"url\":\"https:\/\/distribucionarc.com\/wp-content\/uploads\/2024\/10\/distribucion-ARC-COLOR-SIN-FONDO-e1732295305345.png\",\"contentUrl\":\"https:\/\/distribucionarc.com\/wp-content\/uploads\/2024\/10\/distribucion-ARC-COLOR-SIN-FONDO-e1732295305345.png\",\"width\":1164,\"height\":558,\"caption\":\"Distribuci\u00f3n ARC\"},\"image\":{\"@id\":\"https:\/\/distribucionarc.com\/de\/#\/schema\/logo\/image\/\"},\"description\":\"Empresa especializada en la fabricaci\u00f3n y distribuci\u00f3n de maquinaria industrial para los sectores alimentario y farmac\u00e9utico. Nos especializamos en: M\u00e1quinas de cortar carne Fabricaci\u00f3n de comprimidos Sistemas de transporte industrial L\u00edneas de embotellado Dosificadores Y mucho m\u00e1s... Ofrecemos soluciones innovadoras y personalizadas para optimizar los procesos productivos de tu empresa.\",\"email\":\"Admistracion@distribucionarc.com\",\"telephone\":\"+34 643496664\",\"legalName\":\"ARC TECH SOLUTIONS\",\"foundingDate\":\"2024-04-09\",\"vatID\":\"B55480172\",\"numberOfEmployees\":{\"@type\":\"QuantitativeValue\",\"minValue\":\"1\",\"maxValue\":\"10\"}}]}<\/script>\n<!-- \/ Yoast SEO Premium plugin. -->","yoast_head_json":{"title":"R\u00e9servoir peinture sous pression 30L - Distribution ARC","robots":{"index":"index","follow":"follow","max-snippet":"max-snippet:-1","max-image-preview":"max-image-preview:large","max-video-preview":"max-video-preview:-1"},"canonical":"https:\/\/distribucionarc.com\/fr\/produit\/reservoir-de-peinture-sous-pression-30l\/","og_locale":"fr_FR","og_type":"article","og_title":"Tanque de pintura a presi\u00f3n 30L","og_description":"Tanque agitador de pintura a presi\u00f3n manual\u00a0 30L Este Tanque de presi\u00f3n para pintura ARC en aerosol adopta materiales de primera calidad, resistentes a la corrosi\u00f3n, \u00e1cidos, sustancias con propiedades alcalinas, etc. El agitador de pintura est\u00e1 equipado con un regulador de presi\u00f3n de fluido, que se puede configurar con precisi\u00f3n. Dise\u00f1o de dep\u00f3sito y mango de acero inoxidable extra\u00edble para un funcionamiento suave. Esta m\u00e1quina para pintar es la adecuada para la industria automotriz, pinturas con base de aceite, l\u00e1tex, barniz, imprimaci\u00f3n, revestimiento de madera, adhesivo y dem\u00e1s revestimientos. Garant\u00eda\u00a0ARC 2 A\u00d1OS soporte t\u00e9cnico incluido","og_url":"https:\/\/distribucionarc.com\/fr\/produit\/reservoir-de-peinture-sous-pression-30l\/","og_site_name":"distribuci\u00f3n ARC","article_modified_time":"2020-10-09T14:05:44+00:00","og_image":[{"width":1600,"height":1600,"url":"https:\/\/distribucionarc.com\/wp-content\/uploads\/2020\/10\/Tanque-de-pintura-a-presi\u00f3n-30L-0.jpg","type":"image\/jpeg"}],"twitter_card":"summary_large_image","twitter_misc":{"Dur\u00e9e de lecture estim\u00e9e":"1 minute"},"schema":{"@context":"https:\/\/schema.org","@graph":[{"@type":"WebPage","@id":"https:\/\/distribucionarc.com\/fr\/producto\/tanque-de-pintura-a-presion-30l\/","url":"https:\/\/distribucionarc.com\/fr\/producto\/tanque-de-pintura-a-presion-30l\/","name":"R\u00e9servoir peinture sous pression 30L - Distribution ARC","isPartOf":{"@id":"https:\/\/distribucionarc.com\/de\/#website"},"primaryImageOfPage":{"@id":"https:\/\/distribucionarc.com\/fr\/producto\/tanque-de-pintura-a-presion-30l\/#primaryimage"},"image":{"@id":"https:\/\/distribucionarc.com\/fr\/producto\/tanque-de-pintura-a-presion-30l\/#primaryimage"},"thumbnailUrl":"https:\/\/distribucionarc.com\/wp-content\/uploads\/2020\/10\/Tanque-de-pintura-a-presi\u00f3n-30L-0.jpg","datePublished":"2020-10-09T14:05:43+00:00","dateModified":"2020-10-09T14:05:44+00:00","breadcrumb":{"@id":"https:\/\/distribucionarc.com\/fr\/producto\/tanque-de-pintura-a-presion-30l\/#breadcrumb"},"inLanguage":"fr-FR","potentialAction":[{"@type":"ReadAction","target":["https:\/\/distribucionarc.com\/fr\/producto\/tanque-de-pintura-a-presion-30l\/"]}]},{"@type":"ImageObject","inLanguage":"fr-FR","@id":"https:\/\/distribucionarc.com\/fr\/producto\/tanque-de-pintura-a-presion-30l\/#primaryimage","url":"https:\/\/distribucionarc.com\/wp-content\/uploads\/2020\/10\/Tanque-de-pintura-a-presi\u00f3n-30L-0.jpg","contentUrl":"https:\/\/distribucionarc.com\/wp-content\/uploads\/2020\/10\/Tanque-de-pintura-a-presi\u00f3n-30L-0.jpg","width":1600,"height":1600,"caption":"Tanque de pintura a presi\u00f3n 30L"},{"@type":"BreadcrumbList","@id":"https:\/\/distribucionarc.com\/fr\/producto\/tanque-de-pintura-a-presion-30l\/#breadcrumb","itemListElement":[{"@type":"ListItem","position":1,"name":"Portada","item":"https:\/\/distribucionarc.com\/pl\/"},{"@type":"ListItem","position":2,"name":"Produkty","item":"https:\/\/distribucionarc.com\/pl\/shop\/"},{"@type":"ListItem","position":3,"name":"Tanque de pintura a presi\u00f3n 30L"}]},{"@type":"WebSite","@id":"https:\/\/distribucionarc.com\/de\/#website","url":"https:\/\/distribucionarc.com\/de\/","name":"R\u00e9partition de l&#039;ARC","description":"Entreprise sp\u00e9cialis\u00e9e dans la fabrication et la distribution de machines industrielles, scelleuses de bo\u00eetes, machines \u00e0 comprim\u00e9s, machines \u00e0 d\u00e9couper la viande...","publisher":{"@id":"https:\/\/distribucionarc.com\/de\/#organization"},"potentialAction":[{"@type":"SearchAction","target":{"@type":"EntryPoint","urlTemplate":"https:\/\/distribucionarc.com\/de\/?s={search_term_string}"},"query-input":{"@type":"PropertyValueSpecification","valueRequired":true,"valueName":"search_term_string"}}],"inLanguage":"fr-FR"},{"@type":"Organization","@id":"https:\/\/distribucionarc.com\/de\/#organization","name":"Distribution ARC","url":"https:\/\/distribucionarc.com\/de\/","logo":{"@type":"ImageObject","inLanguage":"fr-FR","@id":"https:\/\/distribucionarc.com\/de\/#\/schema\/logo\/image\/","url":"https:\/\/distribucionarc.com\/wp-content\/uploads\/2024\/10\/distribucion-ARC-COLOR-SIN-FONDO-e1732295305345.png","contentUrl":"https:\/\/distribucionarc.com\/wp-content\/uploads\/2024\/10\/distribucion-ARC-COLOR-SIN-FONDO-e1732295305345.png","width":1164,"height":558,"caption":"Distribuci\u00f3n ARC"},"image":{"@id":"https:\/\/distribucionarc.com\/de\/#\/schema\/logo\/image\/"},"description":"Entreprise sp\u00e9cialis\u00e9e dans la fabrication et la distribution de machines industrielles pour les secteurs alimentaire et pharmaceutique. Nous sommes sp\u00e9cialis\u00e9s dans : Machines \u00e0 couper la viande Fabrication de comprim\u00e9s Syst\u00e8mes de transport industriel Lignes d'embouteillage Machines de dosage Et bien plus encore... Nous proposons des solutions innovantes et personnalis\u00e9es pour optimiser les processus de production de votre entreprise.","email":"Admistracion@distribucionarc.com","telephone":"+34 643496664","legalName":"ARC TECH SOLUTIONS","foundingDate":"2024-04-09","vatID":"B55480172","numberOfEmployees":{"@type":"QuantitativeValue","minValue":"1","maxValue":"10"}}]}},"_links":{"self":[{"href":"https:\/\/distribucionarc.com\/fr\/wp-json\/wp\/v2\/product\/3821","targetHints":{"allow":["GET"]}}],"collection":[{"href":"https:\/\/distribucionarc.com\/fr\/wp-json\/wp\/v2\/product"}],"about":[{"href":"https:\/\/distribucionarc.com\/fr\/wp-json\/wp\/v2\/types\/product"}],"replies":[{"embeddable":true,"href":"https:\/\/distribucionarc.com\/fr\/wp-json\/wp\/v2\/comments?post=3821"}],"version-history":[{"count":0,"href":"https:\/\/distribucionarc.com\/fr\/wp-json\/wp\/v2\/product\/3821\/revisions"}],"wp:featuredmedia":[{"embeddable":true,"href":"https:\/\/distribucionarc.com\/fr\/wp-json\/wp\/v2\/media\/3829"}],"wp:attachment":[{"href":"https:\/\/distribucionarc.com\/fr\/wp-json\/wp\/v2\/media?parent=3821"}],"wp:term":[{"taxonomy":"product_brand","embeddable":true,"href":"https:\/\/distribucionarc.com\/fr\/wp-json\/wp\/v2\/product_brand?post=3821"},{"taxonomy":"product_cat","embeddable":true,"href":"https:\/\/distribucionarc.com\/fr\/wp-json\/wp\/v2\/product_cat?post=3821"},{"taxonomy":"product_tag","embeddable":true,"href":"https:\/\/distribucionarc.com\/fr\/wp-json\/wp\/v2\/product_tag?post=3821"}],"curies":[{"name":"wp","href":"https:\/\/api.w.org\/{rel}","templated":true}]}}