{"id":385,"date":"2020-04-18T15:20:05","date_gmt":"2020-04-18T15:20:05","guid":{"rendered":"https:\/\/distribucionarc.com\/?post_type=product&#038;p=385"},"modified":"2023-07-31T18:19:57","modified_gmt":"2023-07-31T18:19:57","slug":"scelleuse-automatique-de-sacs-%e2%99%be%ef%b8%8f-machine-a-sceller-les-sacs-en-plastique-et-en-papier","status":"publish","type":"product","link":"https:\/\/distribucionarc.com\/fr\/producto\/selladora-de-bolsas-automatica-%e2%99%be%ef%b8%8f-maquina-de-autosellado-de-bolsas-plasticoaluniopapel\/","title":{"rendered":"Scelleuse automatique de sacs \u267e\ufe0f Machine auto-scellante pour sacs en plastique, aluminium et papier"},"content":{"rendered":"<h3><strong>Scelleuse automatique de sacs \u267e\ufe0f Machine auto-scellante pour sacs en plastique, aluminium et papier<\/strong><\/h3>\n<p>&nbsp;<\/p>\n<ul>\n<li>Soudage horizontal continu de sacs sur table, id\u00e9al pour les moyennes et grandes productions.<\/li>\n<li>Fabriqu\u00e9 en\u00a0<strong>acier inoxydable<\/strong>.<\/li>\n<li>Soudure des sacs en toute mati\u00e8re plastique. Son utilisation peut aller de la nourriture aux sacs st\u00e9rilis\u00e9s \u00e0 usage m\u00e9dical.<\/li>\n<li><strong>Vitesse du tapis roulant r\u00e9glable.<\/strong><\/li>\n<li><strong>Temp\u00e9rature de soudure r\u00e9glable.<\/strong><\/li>\n<li><strong>Comprend un marqueur.<\/strong><\/li>\n<li>C&#039;est un \u00e9quipement tr\u00e8s robuste en acier peint, cette soudeuse \u00e0 bande continue est con\u00e7ue pour un usage industriel.<\/li>\n<li>Le passage d&#039;un mat\u00e9riau \u00e0 un autre est tr\u00e8s simple et les r\u00e9glages du type de soudage peuvent \u00eatre effectu\u00e9s rapidement et facilement par l&#039;op\u00e9rateur : pression, temp\u00e9rature et vitesse de soudage. De cette fa\u00e7on, un r\u00e9sultat parfait est obtenu.<\/li>\n<li>La largeur du mastic obtenu varie de 6 mm \u00e0 12 mm, et n&#039;a aucune limite de longueur.<\/li>\n<li>L&#039;entretien de cette soudeuse est tr\u00e8s simple et \u00e9conomique, il ne faut que quelques minutes pour remplacer les bandes de soudure.<\/li>\n<\/ul>\n<table border=\"0\" cellspacing=\"0\" cellpadding=\"0\">\n<thead>\n<tr>\n<th>CARACT\u00c9RISTIQUES TECHNIQUES<\/th>\n<th>MACHINE DE SOUDAGE CONTINU AR900<\/th>\n<\/tr>\n<\/thead>\n<tfoot>\n<tr>\n<td colspan=\"2\"><\/td>\n<\/tr>\n<\/tfoot>\n<tbody>\n<tr>\n<td>Tension<\/td>\n<td>220 \u00b1 10 V, 50 Hz<\/td>\n<\/tr>\n<tr>\n<td>Pouvoir<\/td>\n<td>500W<\/td>\n<\/tr>\n<tr>\n<td>Dimensions<\/td>\n<td>844 x 390 x 300 mm (longueur x largeur x hauteur)<\/td>\n<\/tr>\n<tr>\n<td>Largeur de soudure<\/td>\n<td>de 6mm \u00e0 12mm<\/td>\n<\/tr>\n<tr>\n<td>Plage de temp\u00e9rature<\/td>\n<td>0-300\u00baC<\/td>\n<\/tr>\n<tr>\n<td>Poids<\/td>\n<td>30 kg<\/td>\n<\/tr>\n<tr>\n<td>Vitesse de soudage<\/td>\n<td>0-12 m\u00e8tres\/min<\/td>\n<\/tr>\n<\/tbody>\n<\/table>\n<div class=\"row\"><\/div>\n<div class=\"row\"><\/div>\n<p><iframe loading=\"lazy\" src=\"https:\/\/www.youtube.com\/embed\/YzkENIqPNVY\" width=\"560\" height=\"315\" frameborder=\"0\" allowfullscreen=\"allowfullscreen\"><\/iframe><br \/>\n<iframe loading=\"lazy\" src=\"https:\/\/www.youtube.com\/embed\/G3fXjF5u1L4\" width=\"560\" height=\"315\" frameborder=\"0\" allowfullscreen=\"allowfullscreen\"><\/iframe><\/p>","protected":false},"excerpt":{"rendered":"<p><strong>Scelleuse continue horizontale<\/strong>.<\/p>\n<p>Machine de bureau fabriqu\u00e9e en\u00a0<strong>acier inoxydable<\/strong>,\u00a0<strong>id\u00e9al pour les moyennes et grandes productions.<\/strong><\/p>\n<p>Tr\u00e8s simple \u00e0 configurer, il garantit une soudure parfaite de tout mat\u00e9riau thermoscellable : poly\u00e9thyl\u00e8ne (PE), polypropyl\u00e8ne (PP) et stratifi\u00e9s.<\/p>\n<p>Convient \u00e0 tous types de sacs<\/p>","protected":false},"featured_media":418,"comment_status":"open","ping_status":"closed","template":"","meta":{"wds_primary_product_brand":0,"wds_primary_product_cat":0},"product_brand":[],"product_cat":[15,27],"product_tag":[],"class_list":{"0":"post-385","1":"product","2":"type-product","3":"status-publish","4":"has-post-thumbnail","6":"product_cat-llenadoras-y-selladoras-automaticas-flow-pack-sachet","7":"product_cat-selladoras-de-bolsas","9":"first","10":"instock","11":"sale","12":"taxable","13":"shipping-taxable","14":"purchasable","15":"product-type-simple"},"yoast_head":"<!-- This site is optimized with the Yoast SEO Premium plugin v24.9 (Yoast SEO v26.1) - https:\/\/yoast.com\/wordpress\/plugins\/seo\/ -->\n<title>Selladora de Bolsas Autom\u00e1tica \u267e\ufe0f M\u00e1quina de Autosellado de Bolsas de Pl\u00e1stico, Aluminio, Papel - distribuci\u00f3n ARC<\/title>\n<meta name=\"robots\" content=\"index, follow, max-snippet:-1, max-image-preview:large, max-video-preview:-1\" \/>\n<link rel=\"canonical\" href=\"https:\/\/www.distribucionarc.com\/en\/producto\/selladora-de-bolsas-automatica-\u267e\ufe0f-maquina-de-autosellado-de-bolsas-plasticoaluniopapel\/\" \/>\n<meta property=\"og:locale\" content=\"fr_FR\" \/>\n<meta property=\"og:type\" content=\"article\" \/>\n<meta property=\"og:title\" content=\"Selladora de Bolsas Autom\u00e1tica \u267e\ufe0f M\u00e1quina de Autosellado de Bolsas de Pl\u00e1stico, Aluminio, Papel\" \/>\n<meta property=\"og:description\" content=\"Selladora Horizontalmente en Continuo.  M\u00e1quina de sobremesa fabricada en\u00a0acero inoxidable,\u00a0ideal para medias y grandes producciones.  Muy f\u00e1cil de configurar, garantiza un soldado perfecto de cualquier material termosellable: polietileno (PE), polipropileno (PP) y laminados.  Adecuada para todo tipo de bolsas\" \/>\n<meta property=\"og:url\" content=\"https:\/\/www.distribucionarc.com\/en\/producto\/selladora-de-bolsas-automatica-\u267e\ufe0f-maquina-de-autosellado-de-bolsas-plasticoaluniopapel\/\" \/>\n<meta property=\"og:site_name\" content=\"distribuci\u00f3n ARC\" \/>\n<meta property=\"article:modified_time\" content=\"2023-07-31T18:19:57+00:00\" \/>\n<meta property=\"og:image\" content=\"https:\/\/distribucionarc.com\/wp-content\/uploads\/2020\/04\/selladora_de_bolsas_autom\u00e1tica_0.jpg\" \/>\n\t<meta property=\"og:image:width\" content=\"1600\" \/>\n\t<meta property=\"og:image:height\" content=\"1600\" \/>\n\t<meta property=\"og:image:type\" content=\"image\/jpeg\" \/>\n<meta name=\"twitter:card\" content=\"summary_large_image\" \/>\n<meta name=\"twitter:label1\" content=\"Dur\u00e9e de lecture estim\u00e9e\" \/>\n\t<meta name=\"twitter:data1\" content=\"1 minute\" \/>\n<script type=\"application\/ld+json\" class=\"yoast-schema-graph\">{\"@context\":\"https:\/\/schema.org\",\"@graph\":[{\"@type\":\"WebPage\",\"@id\":\"https:\/\/www.distribucionarc.com\/en\/producto\/selladora-de-bolsas-automatica-%e2%99%be%ef%b8%8f-maquina-de-autosellado-de-bolsas-plasticoaluniopapel\/\",\"url\":\"https:\/\/www.distribucionarc.com\/en\/producto\/selladora-de-bolsas-automatica-%e2%99%be%ef%b8%8f-maquina-de-autosellado-de-bolsas-plasticoaluniopapel\/\",\"name\":\"Selladora de Bolsas Autom\u00e1tica \u267e\ufe0f M\u00e1quina de Autosellado de Bolsas de Pl\u00e1stico, Aluminio, Papel - distribuci\u00f3n ARC\",\"isPartOf\":{\"@id\":\"https:\/\/www.distribucionarc.com\/sl\/#website\"},\"primaryImageOfPage\":{\"@id\":\"https:\/\/www.distribucionarc.com\/en\/producto\/selladora-de-bolsas-automatica-%e2%99%be%ef%b8%8f-maquina-de-autosellado-de-bolsas-plasticoaluniopapel\/#primaryimage\"},\"image\":{\"@id\":\"https:\/\/www.distribucionarc.com\/en\/producto\/selladora-de-bolsas-automatica-%e2%99%be%ef%b8%8f-maquina-de-autosellado-de-bolsas-plasticoaluniopapel\/#primaryimage\"},\"thumbnailUrl\":\"https:\/\/distribucionarc.com\/wp-content\/uploads\/2020\/04\/selladora_de_bolsas_autom\u00e1tica_0.jpg\",\"datePublished\":\"2020-04-18T15:20:05+00:00\",\"dateModified\":\"2023-07-31T18:19:57+00:00\",\"breadcrumb\":{\"@id\":\"https:\/\/www.distribucionarc.com\/en\/producto\/selladora-de-bolsas-automatica-%e2%99%be%ef%b8%8f-maquina-de-autosellado-de-bolsas-plasticoaluniopapel\/#breadcrumb\"},\"inLanguage\":\"fr-FR\",\"potentialAction\":[{\"@type\":\"ReadAction\",\"target\":[\"https:\/\/www.distribucionarc.com\/en\/producto\/selladora-de-bolsas-automatica-%e2%99%be%ef%b8%8f-maquina-de-autosellado-de-bolsas-plasticoaluniopapel\/\"]}]},{\"@type\":\"ImageObject\",\"inLanguage\":\"fr-FR\",\"@id\":\"https:\/\/www.distribucionarc.com\/en\/producto\/selladora-de-bolsas-automatica-%e2%99%be%ef%b8%8f-maquina-de-autosellado-de-bolsas-plasticoaluniopapel\/#primaryimage\",\"url\":\"https:\/\/distribucionarc.com\/wp-content\/uploads\/2020\/04\/selladora_de_bolsas_autom\u00e1tica_0.jpg\",\"contentUrl\":\"https:\/\/distribucionarc.com\/wp-content\/uploads\/2020\/04\/selladora_de_bolsas_autom\u00e1tica_0.jpg\",\"width\":1600,\"height\":1600},{\"@type\":\"BreadcrumbList\",\"@id\":\"https:\/\/www.distribucionarc.com\/en\/producto\/selladora-de-bolsas-automatica-%e2%99%be%ef%b8%8f-maquina-de-autosellado-de-bolsas-plasticoaluniopapel\/#breadcrumb\",\"itemListElement\":[{\"@type\":\"ListItem\",\"position\":1,\"name\":\"Portada\",\"item\":\"https:\/\/www.distribucionarc.com\/\"},{\"@type\":\"ListItem\",\"position\":2,\"name\":\"\u00dcr\u00fcnler\",\"item\":\"https:\/\/www.distribucionarc.com\/tr\/magaza\/\"},{\"@type\":\"ListItem\",\"position\":3,\"name\":\"Selladora de Bolsas Autom\u00e1tica \u267e\ufe0f M\u00e1quina de Autosellado de Bolsas de Pl\u00e1stico, Aluminio, Papel\"}]},{\"@type\":\"WebSite\",\"@id\":\"https:\/\/www.distribucionarc.com\/sl\/#website\",\"url\":\"https:\/\/www.distribucionarc.com\/sl\/\",\"name\":\"distribuci\u00f3n ARC\",\"description\":\"Empresa especializada en la fabricaci\u00f3n y distribuci\u00f3n de maquinaria industrial, selladoras de latas, Maquinas de hacer pastillas, Maquinas de cortar carne...\",\"publisher\":{\"@id\":\"https:\/\/www.distribucionarc.com\/sl\/#organization\"},\"potentialAction\":[{\"@type\":\"SearchAction\",\"target\":{\"@type\":\"EntryPoint\",\"urlTemplate\":\"https:\/\/www.distribucionarc.com\/sl\/?s={search_term_string}\"},\"query-input\":{\"@type\":\"PropertyValueSpecification\",\"valueRequired\":true,\"valueName\":\"search_term_string\"}}],\"inLanguage\":\"fr-FR\"},{\"@type\":\"Organization\",\"@id\":\"https:\/\/www.distribucionarc.com\/sl\/#organization\",\"name\":\"Distribuci\u00f3n ARC\",\"url\":\"https:\/\/www.distribucionarc.com\/sl\/\",\"logo\":{\"@type\":\"ImageObject\",\"inLanguage\":\"fr-FR\",\"@id\":\"https:\/\/www.distribucionarc.com\/sl\/#\/schema\/logo\/image\/\",\"url\":\"https:\/\/distribucionarc.com\/wp-content\/uploads\/2024\/10\/distribucion-ARC-COLOR-SIN-FONDO-e1732295305345.png\",\"contentUrl\":\"https:\/\/distribucionarc.com\/wp-content\/uploads\/2024\/10\/distribucion-ARC-COLOR-SIN-FONDO-e1732295305345.png\",\"width\":1164,\"height\":558,\"caption\":\"Distribuci\u00f3n ARC\"},\"image\":{\"@id\":\"https:\/\/www.distribucionarc.com\/sl\/#\/schema\/logo\/image\/\"},\"description\":\"Empresa especializada en la fabricaci\u00f3n y distribuci\u00f3n de maquinaria industrial para los sectores alimentario y farmac\u00e9utico. Nos especializamos en: M\u00e1quinas de cortar carne Fabricaci\u00f3n de comprimidos Sistemas de transporte industrial L\u00edneas de embotellado Dosificadores Y mucho m\u00e1s... Ofrecemos soluciones innovadoras y personalizadas para optimizar los procesos productivos de tu empresa.\",\"email\":\"Admistracion@distribucionarc.com\",\"telephone\":\"+34 643496664\",\"legalName\":\"ARC TECH SOLUTIONS\",\"foundingDate\":\"2024-04-09\",\"vatID\":\"B55480172\",\"numberOfEmployees\":{\"@type\":\"QuantitativeValue\",\"minValue\":\"1\",\"maxValue\":\"10\"}}]}<\/script>\n<!-- \/ Yoast SEO Premium plugin. -->","yoast_head_json":{"title":"Scelleuse Automatique de Sacs \u267e\ufe0f Machine Auto-Scellante pour Sacs Plastique, Aluminium, Papier - ARC distribution","robots":{"index":"index","follow":"follow","max-snippet":"max-snippet:-1","max-image-preview":"max-image-preview:large","max-video-preview":"max-video-preview:-1"},"canonical":"https:\/\/www.distribucionarc.com\/en\/producto\/selladora-de-bolsas-automatica-\u267e\ufe0f-maquina-de-autosellado-de-bolsas-plasticoaluniopapel\/","og_locale":"fr_FR","og_type":"article","og_title":"Selladora de Bolsas Autom\u00e1tica \u267e\ufe0f M\u00e1quina de Autosellado de Bolsas de Pl\u00e1stico, Aluminio, Papel","og_description":"Selladora Horizontalmente en Continuo.  M\u00e1quina de sobremesa fabricada en\u00a0acero inoxidable,\u00a0ideal para medias y grandes producciones.  Muy f\u00e1cil de configurar, garantiza un soldado perfecto de cualquier material termosellable: polietileno (PE), polipropileno (PP) y laminados.  Adecuada para todo tipo de bolsas","og_url":"https:\/\/www.distribucionarc.com\/en\/producto\/selladora-de-bolsas-automatica-\u267e\ufe0f-maquina-de-autosellado-de-bolsas-plasticoaluniopapel\/","og_site_name":"distribuci\u00f3n ARC","article_modified_time":"2023-07-31T18:19:57+00:00","og_image":[{"width":1600,"height":1600,"url":"https:\/\/distribucionarc.com\/wp-content\/uploads\/2020\/04\/selladora_de_bolsas_autom\u00e1tica_0.jpg","type":"image\/jpeg"}],"twitter_card":"summary_large_image","twitter_misc":{"Dur\u00e9e de lecture estim\u00e9e":"1 minute"},"schema":{"@context":"https:\/\/schema.org","@graph":[{"@type":"WebPage","@id":"https:\/\/www.distribucionarc.com\/en\/producto\/selladora-de-bolsas-automatica-%e2%99%be%ef%b8%8f-maquina-de-autosellado-de-bolsas-plasticoaluniopapel\/","url":"https:\/\/www.distribucionarc.com\/en\/producto\/selladora-de-bolsas-automatica-%e2%99%be%ef%b8%8f-maquina-de-autosellado-de-bolsas-plasticoaluniopapel\/","name":"Scelleuse Automatique de Sacs \u267e\ufe0f Machine Auto-Scellante pour Sacs Plastique, Aluminium, Papier - ARC distribution","isPartOf":{"@id":"https:\/\/www.distribucionarc.com\/sl\/#website"},"primaryImageOfPage":{"@id":"https:\/\/www.distribucionarc.com\/en\/producto\/selladora-de-bolsas-automatica-%e2%99%be%ef%b8%8f-maquina-de-autosellado-de-bolsas-plasticoaluniopapel\/#primaryimage"},"image":{"@id":"https:\/\/www.distribucionarc.com\/en\/producto\/selladora-de-bolsas-automatica-%e2%99%be%ef%b8%8f-maquina-de-autosellado-de-bolsas-plasticoaluniopapel\/#primaryimage"},"thumbnailUrl":"https:\/\/distribucionarc.com\/wp-content\/uploads\/2020\/04\/selladora_de_bolsas_autom\u00e1tica_0.jpg","datePublished":"2020-04-18T15:20:05+00:00","dateModified":"2023-07-31T18:19:57+00:00","breadcrumb":{"@id":"https:\/\/www.distribucionarc.com\/en\/producto\/selladora-de-bolsas-automatica-%e2%99%be%ef%b8%8f-maquina-de-autosellado-de-bolsas-plasticoaluniopapel\/#breadcrumb"},"inLanguage":"fr-FR","potentialAction":[{"@type":"ReadAction","target":["https:\/\/www.distribucionarc.com\/en\/producto\/selladora-de-bolsas-automatica-%e2%99%be%ef%b8%8f-maquina-de-autosellado-de-bolsas-plasticoaluniopapel\/"]}]},{"@type":"ImageObject","inLanguage":"fr-FR","@id":"https:\/\/www.distribucionarc.com\/en\/producto\/selladora-de-bolsas-automatica-%e2%99%be%ef%b8%8f-maquina-de-autosellado-de-bolsas-plasticoaluniopapel\/#primaryimage","url":"https:\/\/distribucionarc.com\/wp-content\/uploads\/2020\/04\/selladora_de_bolsas_autom\u00e1tica_0.jpg","contentUrl":"https:\/\/distribucionarc.com\/wp-content\/uploads\/2020\/04\/selladora_de_bolsas_autom\u00e1tica_0.jpg","width":1600,"height":1600},{"@type":"BreadcrumbList","@id":"https:\/\/www.distribucionarc.com\/en\/producto\/selladora-de-bolsas-automatica-%e2%99%be%ef%b8%8f-maquina-de-autosellado-de-bolsas-plasticoaluniopapel\/#breadcrumb","itemListElement":[{"@type":"ListItem","position":1,"name":"Portada","item":"https:\/\/www.distribucionarc.com\/"},{"@type":"ListItem","position":2,"name":"\u00dcr\u00fcnler","item":"https:\/\/www.distribucionarc.com\/tr\/magaza\/"},{"@type":"ListItem","position":3,"name":"Selladora de Bolsas Autom\u00e1tica \u267e\ufe0f M\u00e1quina de Autosellado de Bolsas de Pl\u00e1stico, Aluminio, Papel"}]},{"@type":"WebSite","@id":"https:\/\/www.distribucionarc.com\/sl\/#website","url":"https:\/\/www.distribucionarc.com\/sl\/","name":"R\u00e9partition de l&#039;ARC","description":"Entreprise sp\u00e9cialis\u00e9e dans la fabrication et la distribution de machines industrielles, scelleuses de bo\u00eetes, machines \u00e0 comprim\u00e9s, machines \u00e0 d\u00e9couper la viande...","publisher":{"@id":"https:\/\/www.distribucionarc.com\/sl\/#organization"},"potentialAction":[{"@type":"SearchAction","target":{"@type":"EntryPoint","urlTemplate":"https:\/\/www.distribucionarc.com\/sl\/?s={search_term_string}"},"query-input":{"@type":"PropertyValueSpecification","valueRequired":true,"valueName":"search_term_string"}}],"inLanguage":"fr-FR"},{"@type":"Organization","@id":"https:\/\/www.distribucionarc.com\/sl\/#organization","name":"Distribution ARC","url":"https:\/\/www.distribucionarc.com\/sl\/","logo":{"@type":"ImageObject","inLanguage":"fr-FR","@id":"https:\/\/www.distribucionarc.com\/sl\/#\/schema\/logo\/image\/","url":"https:\/\/distribucionarc.com\/wp-content\/uploads\/2024\/10\/distribucion-ARC-COLOR-SIN-FONDO-e1732295305345.png","contentUrl":"https:\/\/distribucionarc.com\/wp-content\/uploads\/2024\/10\/distribucion-ARC-COLOR-SIN-FONDO-e1732295305345.png","width":1164,"height":558,"caption":"Distribuci\u00f3n ARC"},"image":{"@id":"https:\/\/www.distribucionarc.com\/sl\/#\/schema\/logo\/image\/"},"description":"Entreprise sp\u00e9cialis\u00e9e dans la fabrication et la distribution de machines industrielles pour les secteurs alimentaire et pharmaceutique. Nous sommes sp\u00e9cialis\u00e9s dans : Machines \u00e0 couper la viande Fabrication de comprim\u00e9s Syst\u00e8mes de transport industriel Lignes d'embouteillage Machines de dosage Et bien plus encore... Nous proposons des solutions innovantes et personnalis\u00e9es pour optimiser les processus de production de votre entreprise.","email":"Admistracion@distribucionarc.com","telephone":"+34 643496664","legalName":"ARC TECH SOLUTIONS","foundingDate":"2024-04-09","vatID":"B55480172","numberOfEmployees":{"@type":"QuantitativeValue","minValue":"1","maxValue":"10"}}]}},"_links":{"self":[{"href":"https:\/\/distribucionarc.com\/fr\/wp-json\/wp\/v2\/product\/385","targetHints":{"allow":["GET"]}}],"collection":[{"href":"https:\/\/distribucionarc.com\/fr\/wp-json\/wp\/v2\/product"}],"about":[{"href":"https:\/\/distribucionarc.com\/fr\/wp-json\/wp\/v2\/types\/product"}],"replies":[{"embeddable":true,"href":"https:\/\/distribucionarc.com\/fr\/wp-json\/wp\/v2\/comments?post=385"}],"version-history":[{"count":0,"href":"https:\/\/distribucionarc.com\/fr\/wp-json\/wp\/v2\/product\/385\/revisions"}],"wp:featuredmedia":[{"embeddable":true,"href":"https:\/\/distribucionarc.com\/fr\/wp-json\/wp\/v2\/media\/418"}],"wp:attachment":[{"href":"https:\/\/distribucionarc.com\/fr\/wp-json\/wp\/v2\/media?parent=385"}],"wp:term":[{"taxonomy":"product_brand","embeddable":true,"href":"https:\/\/distribucionarc.com\/fr\/wp-json\/wp\/v2\/product_brand?post=385"},{"taxonomy":"product_cat","embeddable":true,"href":"https:\/\/distribucionarc.com\/fr\/wp-json\/wp\/v2\/product_cat?post=385"},{"taxonomy":"product_tag","embeddable":true,"href":"https:\/\/distribucionarc.com\/fr\/wp-json\/wp\/v2\/product_tag?post=385"}],"curies":[{"name":"wp","href":"https:\/\/api.w.org\/{rel}","templated":true}]}}