{"id":3890,"date":"2020-10-10T15:15:11","date_gmt":"2020-10-10T15:15:11","guid":{"rendered":"https:\/\/distribucionarc.com\/?post_type=product&#038;p=3890"},"modified":"2023-07-31T09:33:47","modified_gmt":"2023-07-31T09:33:47","slug":"moulin-electrique-industriel","status":"publish","type":"product","link":"https:\/\/distribucionarc.com\/fr\/producto\/molino-electrico-industrial\/","title":{"rendered":"Moulin \u00e9lectrique industriel"},"content":{"rendered":"<h3>Moulin \u00e9lectrique pour grains et c\u00e9r\u00e9ales<\/h3>\n<p>Le bo\u00eetier de ceci<strong> moulin \u00e9lectrique <span style=\"color: #ff0000;\">\u00c0<\/span><span style=\"color: #0000ff;\">R.<\/span>c<\/strong> Il est fabriqu\u00e9 en fer galvanis\u00e9, emp\u00eachant le moulin de rouiller ou de se d\u00e9former pendant le processus de broyage. Obtenez une fine mouture de grains entiers de n&#039;importe quel grain ou c\u00e9r\u00e9ale.  Ce moulin est facile \u00e0 utiliser et rapide gr\u00e2ce au puissant moteur de 2000 W qui fonctionne \u00e0 1400 tr\/min.<\/p>\n<p>Ce <strong>rectifieuse <span style=\"color: #ff0000;\">\u00c0<\/span><span style=\"color: #0000ff;\">R.<\/span>CME2K<\/strong> Il convient au broyage et au broyage du ma\u00efs, du riz, des c\u00e9r\u00e9ales, du soja, etc. Convient pour la confection de farines ou de pr\u00e9parations pour laits v\u00e9g\u00e9taux. En m\u00eame temps, il peut \u00eatre utilis\u00e9 pour fabriquer et broyer des aliments.<\/p>\n<h6><strong>Garantie\u00a0<span style=\"color: #ff0000;\">\u00c0<\/span><span style=\"color: #0000ff;\">R.<\/span>C 2 ANS<\/strong><\/h6>\n<h6><span style=\"color: #008000;\">Moulin \u00e9lectrique efficace, basse consommation 2000w<\/span><\/h6>\n<h6><strong>support technique inclus<\/strong><\/h6>\n<p>&nbsp;<\/p>\n<table role=\"presentation\" width=\"100%\" cellspacing=\"0\" cellpadding=\"0\">\n<tbody>\n<tr>\n<td class=\"attrLabels\">Marque:<\/td>\n<td width=\"50.0%\">ARC<\/td>\n<\/tr>\n<tr>\n<td class=\"attrLabels\">Garantie:<\/td>\n<td width=\"50.0%\">2 ans<\/td>\n<td class=\"attrLabels\">Poids:<\/td>\n<td width=\"50.0%\">28 kg<\/td>\n<\/tr>\n<tr>\n<td class=\"attrLabels\">Pays de distribution\u00a0:<\/td>\n<td width=\"50.0%\">Espagne, Allemagne, \u00c9tats-Unis<\/td>\n<td class=\"attrLabels\">Hauteur:<\/td>\n<td width=\"50.0%\">27 cm<\/td>\n<\/tr>\n<tr>\n<td class=\"attrLabels\">Couleur:<\/td>\n<td width=\"50.0%\">Vert<\/td>\n<td class=\"attrLabels\">Long:<\/td>\n<td width=\"50.0%\">58 cm<\/td>\n<\/tr>\n<tr>\n<td class=\"attrLabels\">Type de produit\u00a0:<\/td>\n<td width=\"50.0%\">Rectifieuse \u00e9lectrique<\/td>\n<td class=\"attrLabels\">Large:<\/td>\n<td width=\"50.0%\">43 cm<\/td>\n<\/tr>\n<tr>\n<td class=\"attrLabels\">Num\u00e9ro du fabricant :<\/td>\n<td width=\"50.0%\">ARCME2K<\/td>\n<td class=\"attrLabels\">Capacit\u00e9 de broyage :<\/td>\n<td width=\"50.0%\">50 \u2013 80 kg\/heure selon le grain ou la c\u00e9r\u00e9ale<\/td>\n<\/tr>\n<tr>\n<td class=\"attrLabels\">Mat\u00e9riel:<\/td>\n<td width=\"50.0%\">acier galvanis\u00e9, moteur efficace<\/td>\n<td class=\"attrLabels\">Raffinement:<\/td>\n<td width=\"50.0%\">50 kg\/par heure<\/td>\n<\/tr>\n<tr>\n<td class=\"attrLabels\">tension:<\/td>\n<td width=\"50.0%\">220 V 50 Hz \u00e0 60 Hz<\/td>\n<td class=\"attrLabels\">Taille du foret\u00a0:<\/td>\n<td width=\"50.0%\">150mm<\/td>\n<\/tr>\n<tr>\n<td class=\"attrLabels\">Pouvoir:<\/td>\n<td width=\"50.0%\">2000W<\/td>\n<td class=\"attrLabels\">Type de rotation\u00a0:<\/td>\n<td width=\"50.0%\">\u00a0Sens anti-horaire<\/td>\n<\/tr>\n<\/tbody>\n<\/table>","protected":false},"excerpt":{"rendered":"<h2>Moulin \u00e9lectrique pour grains et c\u00e9r\u00e9ales<\/h2>\n<p>Ce <strong>rectifieuse<\/strong> Il convient pour broyer le ma\u00efs, le riz, les c\u00e9r\u00e9ales, les graines de soja, etc. Convient pour la confection de farines ou de pr\u00e9parations pour laits v\u00e9g\u00e9taux. En m\u00eame temps, il peut \u00eatre utilis\u00e9 pour fabriquer et broyer des aliments. Gagnez du temps et de l&#039;argent avec ce puissant moteur \u00e9lectrique. <strong>moulin \u00e0 vent<span style=\"color: #ff0000;\"> \u00c0<\/span><span style=\"color: #0000ff;\">R.<\/span>c<\/strong><\/p>\n<h6><strong>Garantie\u00a0<span style=\"color: #ff0000;\">\u00c0<\/span><span style=\"color: #0000ff;\">R.<\/span>C 2 ANS<\/strong><\/h6>\n<h6><span style=\"color: #008000;\">Moulin \u00e9lectrique efficace, basse consommation 2000w<\/span><\/h6>\n<h6><strong>support technique inclus<\/strong><\/h6>","protected":false},"featured_media":3896,"comment_status":"open","ping_status":"closed","template":"","meta":{"wds_primary_product_brand":0,"wds_primary_product_cat":0},"product_brand":[],"product_cat":[30],"product_tag":[],"class_list":{"0":"post-3890","1":"product","2":"type-product","3":"status-publish","4":"has-post-thumbnail","6":"product_cat-maquinaria-apicola","7":"product_shipping_class-hosteleria","9":"first","10":"instock","11":"taxable","12":"shipping-taxable","13":"purchasable","14":"product-type-simple"},"yoast_head":"<!-- This site is optimized with the Yoast SEO Premium plugin v24.9 (Yoast SEO v26.1) - https:\/\/yoast.com\/wordpress\/plugins\/seo\/ -->\n<title>Molino el\u00e9ctrico industrial - distribuci\u00f3n ARC<\/title>\n<meta name=\"robots\" content=\"index, follow, max-snippet:-1, max-image-preview:large, max-video-preview:-1\" \/>\n<link rel=\"canonical\" href=\"https:\/\/distribucionarc.com\/fr\/produit\/moulin-electrique-industriel\/\" \/>\n<meta property=\"og:locale\" content=\"fr_FR\" \/>\n<meta property=\"og:type\" content=\"article\" \/>\n<meta property=\"og:title\" content=\"Molino el\u00e9ctrico industrial\" \/>\n<meta property=\"og:description\" content=\"Molino el\u00e9ctrico para granos y cereales Esta m\u00e1quina para moler es adecuada para triturar ma\u00edz, arroz, granos, cereales, soja, etc. Adecuada para elaborar harinas o preparados para leches vegetales. Al mismo tiempo, se puede utilizar para elaborar y \u00a0triturar piensos. Ahorre tiempo y dinero con el potente motor el\u00e9ctrico de este molino ARC Garant\u00eda\u00a0ARC 2 A\u00d1OS Molino el\u00e9ctrico eficiente, bajo consumo 2000w soporte t\u00e9cnico incluido\" \/>\n<meta property=\"og:url\" content=\"https:\/\/distribucionarc.com\/fr\/produit\/moulin-electrique-industriel\/\" \/>\n<meta property=\"og:site_name\" content=\"distribuci\u00f3n ARC\" \/>\n<meta property=\"article:modified_time\" content=\"2023-07-31T09:33:47+00:00\" \/>\n<meta property=\"og:image\" content=\"https:\/\/distribucionarc.com\/wp-content\/uploads\/2020\/10\/Molino-el\u00e9ctrico-industrial-0.jpg\" \/>\n\t<meta property=\"og:image:width\" content=\"800\" \/>\n\t<meta property=\"og:image:height\" content=\"800\" \/>\n\t<meta property=\"og:image:type\" content=\"image\/jpeg\" \/>\n<meta name=\"twitter:card\" content=\"summary_large_image\" \/>\n<meta name=\"twitter:label1\" content=\"Dur\u00e9e de lecture estim\u00e9e\" \/>\n\t<meta name=\"twitter:data1\" content=\"1 minute\" \/>\n<script type=\"application\/ld+json\" class=\"yoast-schema-graph\">{\"@context\":\"https:\/\/schema.org\",\"@graph\":[{\"@type\":\"WebPage\",\"@id\":\"https:\/\/distribucionarc.com\/de\/producto\/molino-electrico-industrial\/\",\"url\":\"https:\/\/distribucionarc.com\/de\/producto\/molino-electrico-industrial\/\",\"name\":\"Molino el\u00e9ctrico industrial - distribuci\u00f3n ARC\",\"isPartOf\":{\"@id\":\"https:\/\/distribucionarc.com\/bg\/#website\"},\"primaryImageOfPage\":{\"@id\":\"https:\/\/distribucionarc.com\/de\/producto\/molino-electrico-industrial\/#primaryimage\"},\"image\":{\"@id\":\"https:\/\/distribucionarc.com\/de\/producto\/molino-electrico-industrial\/#primaryimage\"},\"thumbnailUrl\":\"https:\/\/distribucionarc.com\/wp-content\/uploads\/2020\/10\/Molino-el\u00e9ctrico-industrial-0.jpg\",\"datePublished\":\"2020-10-10T15:15:11+00:00\",\"dateModified\":\"2023-07-31T09:33:47+00:00\",\"breadcrumb\":{\"@id\":\"https:\/\/distribucionarc.com\/de\/producto\/molino-electrico-industrial\/#breadcrumb\"},\"inLanguage\":\"fr-FR\",\"potentialAction\":[{\"@type\":\"ReadAction\",\"target\":[\"https:\/\/distribucionarc.com\/de\/producto\/molino-electrico-industrial\/\"]}]},{\"@type\":\"ImageObject\",\"inLanguage\":\"fr-FR\",\"@id\":\"https:\/\/distribucionarc.com\/de\/producto\/molino-electrico-industrial\/#primaryimage\",\"url\":\"https:\/\/distribucionarc.com\/wp-content\/uploads\/2020\/10\/Molino-el\u00e9ctrico-industrial-0.jpg\",\"contentUrl\":\"https:\/\/distribucionarc.com\/wp-content\/uploads\/2020\/10\/Molino-el\u00e9ctrico-industrial-0.jpg\",\"width\":800,\"height\":800,\"caption\":\"Molino el\u00e9ctrico industrial\"},{\"@type\":\"BreadcrumbList\",\"@id\":\"https:\/\/distribucionarc.com\/de\/producto\/molino-electrico-industrial\/#breadcrumb\",\"itemListElement\":[{\"@type\":\"ListItem\",\"position\":1,\"name\":\"Portada\",\"item\":\"https:\/\/distribucionarc.com\/el\/\"},{\"@type\":\"ListItem\",\"position\":2,\"name\":\"Proizvodi\",\"item\":\"https:\/\/www.distribucionarc.com\/hr\/ducan\/\"},{\"@type\":\"ListItem\",\"position\":3,\"name\":\"Molino el\u00e9ctrico industrial\"}]},{\"@type\":\"WebSite\",\"@id\":\"https:\/\/distribucionarc.com\/bg\/#website\",\"url\":\"https:\/\/distribucionarc.com\/bg\/\",\"name\":\"distribuci\u00f3n ARC\",\"description\":\"Empresa especializada en la fabricaci\u00f3n y distribuci\u00f3n de maquinaria industrial, selladoras de latas, Maquinas de hacer pastillas, Maquinas de cortar carne...\",\"publisher\":{\"@id\":\"https:\/\/distribucionarc.com\/bg\/#organization\"},\"potentialAction\":[{\"@type\":\"SearchAction\",\"target\":{\"@type\":\"EntryPoint\",\"urlTemplate\":\"https:\/\/distribucionarc.com\/bg\/?s={search_term_string}\"},\"query-input\":{\"@type\":\"PropertyValueSpecification\",\"valueRequired\":true,\"valueName\":\"search_term_string\"}}],\"inLanguage\":\"fr-FR\"},{\"@type\":\"Organization\",\"@id\":\"https:\/\/distribucionarc.com\/bg\/#organization\",\"name\":\"Distribuci\u00f3n ARC\",\"url\":\"https:\/\/distribucionarc.com\/bg\/\",\"logo\":{\"@type\":\"ImageObject\",\"inLanguage\":\"fr-FR\",\"@id\":\"https:\/\/distribucionarc.com\/bg\/#\/schema\/logo\/image\/\",\"url\":\"https:\/\/distribucionarc.com\/wp-content\/uploads\/2024\/10\/distribucion-ARC-COLOR-SIN-FONDO-e1732295305345.png\",\"contentUrl\":\"https:\/\/distribucionarc.com\/wp-content\/uploads\/2024\/10\/distribucion-ARC-COLOR-SIN-FONDO-e1732295305345.png\",\"width\":1164,\"height\":558,\"caption\":\"Distribuci\u00f3n ARC\"},\"image\":{\"@id\":\"https:\/\/distribucionarc.com\/bg\/#\/schema\/logo\/image\/\"},\"description\":\"Empresa especializada en la fabricaci\u00f3n y distribuci\u00f3n de maquinaria industrial para los sectores alimentario y farmac\u00e9utico. Nos especializamos en: M\u00e1quinas de cortar carne Fabricaci\u00f3n de comprimidos Sistemas de transporte industrial L\u00edneas de embotellado Dosificadores Y mucho m\u00e1s... Ofrecemos soluciones innovadoras y personalizadas para optimizar los procesos productivos de tu empresa.\",\"email\":\"Admistracion@distribucionarc.com\",\"telephone\":\"+34 643496664\",\"legalName\":\"ARC TECH SOLUTIONS\",\"foundingDate\":\"2024-04-09\",\"vatID\":\"B55480172\",\"numberOfEmployees\":{\"@type\":\"QuantitativeValue\",\"minValue\":\"1\",\"maxValue\":\"10\"}}]}<\/script>\n<!-- \/ Yoast SEO Premium plugin. -->","yoast_head_json":{"title":"Broyeur \u00e9lectrique industriel - ARC distribution","robots":{"index":"index","follow":"follow","max-snippet":"max-snippet:-1","max-image-preview":"max-image-preview:large","max-video-preview":"max-video-preview:-1"},"canonical":"https:\/\/distribucionarc.com\/fr\/produit\/moulin-electrique-industriel\/","og_locale":"fr_FR","og_type":"article","og_title":"Molino el\u00e9ctrico industrial","og_description":"Molino el\u00e9ctrico para granos y cereales Esta m\u00e1quina para moler es adecuada para triturar ma\u00edz, arroz, granos, cereales, soja, etc. Adecuada para elaborar harinas o preparados para leches vegetales. Al mismo tiempo, se puede utilizar para elaborar y \u00a0triturar piensos. Ahorre tiempo y dinero con el potente motor el\u00e9ctrico de este molino ARC Garant\u00eda\u00a0ARC 2 A\u00d1OS Molino el\u00e9ctrico eficiente, bajo consumo 2000w soporte t\u00e9cnico incluido","og_url":"https:\/\/distribucionarc.com\/fr\/produit\/moulin-electrique-industriel\/","og_site_name":"distribuci\u00f3n ARC","article_modified_time":"2023-07-31T09:33:47+00:00","og_image":[{"width":800,"height":800,"url":"https:\/\/distribucionarc.com\/wp-content\/uploads\/2020\/10\/Molino-el\u00e9ctrico-industrial-0.jpg","type":"image\/jpeg"}],"twitter_card":"summary_large_image","twitter_misc":{"Dur\u00e9e de lecture estim\u00e9e":"1 minute"},"schema":{"@context":"https:\/\/schema.org","@graph":[{"@type":"WebPage","@id":"https:\/\/distribucionarc.com\/de\/producto\/molino-electrico-industrial\/","url":"https:\/\/distribucionarc.com\/de\/producto\/molino-electrico-industrial\/","name":"Broyeur \u00e9lectrique industriel - ARC distribution","isPartOf":{"@id":"https:\/\/distribucionarc.com\/bg\/#website"},"primaryImageOfPage":{"@id":"https:\/\/distribucionarc.com\/de\/producto\/molino-electrico-industrial\/#primaryimage"},"image":{"@id":"https:\/\/distribucionarc.com\/de\/producto\/molino-electrico-industrial\/#primaryimage"},"thumbnailUrl":"https:\/\/distribucionarc.com\/wp-content\/uploads\/2020\/10\/Molino-el\u00e9ctrico-industrial-0.jpg","datePublished":"2020-10-10T15:15:11+00:00","dateModified":"2023-07-31T09:33:47+00:00","breadcrumb":{"@id":"https:\/\/distribucionarc.com\/de\/producto\/molino-electrico-industrial\/#breadcrumb"},"inLanguage":"fr-FR","potentialAction":[{"@type":"ReadAction","target":["https:\/\/distribucionarc.com\/de\/producto\/molino-electrico-industrial\/"]}]},{"@type":"ImageObject","inLanguage":"fr-FR","@id":"https:\/\/distribucionarc.com\/de\/producto\/molino-electrico-industrial\/#primaryimage","url":"https:\/\/distribucionarc.com\/wp-content\/uploads\/2020\/10\/Molino-el\u00e9ctrico-industrial-0.jpg","contentUrl":"https:\/\/distribucionarc.com\/wp-content\/uploads\/2020\/10\/Molino-el\u00e9ctrico-industrial-0.jpg","width":800,"height":800,"caption":"Molino el\u00e9ctrico industrial"},{"@type":"BreadcrumbList","@id":"https:\/\/distribucionarc.com\/de\/producto\/molino-electrico-industrial\/#breadcrumb","itemListElement":[{"@type":"ListItem","position":1,"name":"Portada","item":"https:\/\/distribucionarc.com\/el\/"},{"@type":"ListItem","position":2,"name":"Proizvodi","item":"https:\/\/www.distribucionarc.com\/hr\/ducan\/"},{"@type":"ListItem","position":3,"name":"Molino el\u00e9ctrico industrial"}]},{"@type":"WebSite","@id":"https:\/\/distribucionarc.com\/bg\/#website","url":"https:\/\/distribucionarc.com\/bg\/","name":"R\u00e9partition de l&#039;ARC","description":"Entreprise sp\u00e9cialis\u00e9e dans la fabrication et la distribution de machines industrielles, scelleuses de bo\u00eetes, machines \u00e0 comprim\u00e9s, machines \u00e0 d\u00e9couper la viande...","publisher":{"@id":"https:\/\/distribucionarc.com\/bg\/#organization"},"potentialAction":[{"@type":"SearchAction","target":{"@type":"EntryPoint","urlTemplate":"https:\/\/distribucionarc.com\/bg\/?s={search_term_string}"},"query-input":{"@type":"PropertyValueSpecification","valueRequired":true,"valueName":"search_term_string"}}],"inLanguage":"fr-FR"},{"@type":"Organization","@id":"https:\/\/distribucionarc.com\/bg\/#organization","name":"Distribution ARC","url":"https:\/\/distribucionarc.com\/bg\/","logo":{"@type":"ImageObject","inLanguage":"fr-FR","@id":"https:\/\/distribucionarc.com\/bg\/#\/schema\/logo\/image\/","url":"https:\/\/distribucionarc.com\/wp-content\/uploads\/2024\/10\/distribucion-ARC-COLOR-SIN-FONDO-e1732295305345.png","contentUrl":"https:\/\/distribucionarc.com\/wp-content\/uploads\/2024\/10\/distribucion-ARC-COLOR-SIN-FONDO-e1732295305345.png","width":1164,"height":558,"caption":"Distribuci\u00f3n ARC"},"image":{"@id":"https:\/\/distribucionarc.com\/bg\/#\/schema\/logo\/image\/"},"description":"Entreprise sp\u00e9cialis\u00e9e dans la fabrication et la distribution de machines industrielles pour les secteurs alimentaire et pharmaceutique. Nous sommes sp\u00e9cialis\u00e9s dans : Machines \u00e0 couper la viande Fabrication de comprim\u00e9s Syst\u00e8mes de transport industriel Lignes d'embouteillage Machines de dosage Et bien plus encore... Nous proposons des solutions innovantes et personnalis\u00e9es pour optimiser les processus de production de votre entreprise.","email":"Admistracion@distribucionarc.com","telephone":"+34 643496664","legalName":"ARC TECH SOLUTIONS","foundingDate":"2024-04-09","vatID":"B55480172","numberOfEmployees":{"@type":"QuantitativeValue","minValue":"1","maxValue":"10"}}]}},"_links":{"self":[{"href":"https:\/\/distribucionarc.com\/fr\/wp-json\/wp\/v2\/product\/3890","targetHints":{"allow":["GET"]}}],"collection":[{"href":"https:\/\/distribucionarc.com\/fr\/wp-json\/wp\/v2\/product"}],"about":[{"href":"https:\/\/distribucionarc.com\/fr\/wp-json\/wp\/v2\/types\/product"}],"replies":[{"embeddable":true,"href":"https:\/\/distribucionarc.com\/fr\/wp-json\/wp\/v2\/comments?post=3890"}],"version-history":[{"count":1,"href":"https:\/\/distribucionarc.com\/fr\/wp-json\/wp\/v2\/product\/3890\/revisions"}],"predecessor-version":[{"id":9818,"href":"https:\/\/distribucionarc.com\/fr\/wp-json\/wp\/v2\/product\/3890\/revisions\/9818"}],"wp:featuredmedia":[{"embeddable":true,"href":"https:\/\/distribucionarc.com\/fr\/wp-json\/wp\/v2\/media\/3896"}],"wp:attachment":[{"href":"https:\/\/distribucionarc.com\/fr\/wp-json\/wp\/v2\/media?parent=3890"}],"wp:term":[{"taxonomy":"product_brand","embeddable":true,"href":"https:\/\/distribucionarc.com\/fr\/wp-json\/wp\/v2\/product_brand?post=3890"},{"taxonomy":"product_cat","embeddable":true,"href":"https:\/\/distribucionarc.com\/fr\/wp-json\/wp\/v2\/product_cat?post=3890"},{"taxonomy":"product_tag","embeddable":true,"href":"https:\/\/distribucionarc.com\/fr\/wp-json\/wp\/v2\/product_tag?post=3890"}],"curies":[{"name":"wp","href":"https:\/\/api.w.org\/{rel}","templated":true}]}}