{"id":3998,"date":"2020-10-15T09:04:26","date_gmt":"2020-10-15T09:04:26","guid":{"rendered":"https:\/\/distribucionarc.com\/?post_type=product&#038;p=3998"},"modified":"2023-02-15T18:45:27","modified_gmt":"2023-02-15T18:45:27","slug":"agitateur-magnetique-plaque-chauffante","status":"publish","type":"product","link":"https:\/\/distribucionarc.com\/fr\/producto\/agitador-magnetico-placa-caliente\/","title":{"rendered":"Agitateur magn\u00e9tique \u00e0 plaque chauffante"},"content":{"rendered":"<h2>Agitateur magn\u00e9tique \u00e0 plaque chauffante<\/h2>\n<p>Ce <strong>agitateur \u00e0 plaque chauffante <span style=\"color: #ff0000;\">\u00c0<\/span><span style=\"color: #0000ff;\">R.<\/span>c<\/strong> Il pr\u00e9sente des performances \u00e9lev\u00e9es, diff\u00e9rentes vitesses ainsi qu&#039;une temp\u00e9rature r\u00e9glable pour une grande vari\u00e9t\u00e9 de laboratoires m\u00e9dicaux, chimiques et biologiques. Son fonctionnement stable, ses performances fiables et sa fonction simple rendront tout processus plus rapide et plus efficace.<\/p>\n<p>Il dispose d&#039;un \u00e9cran num\u00e9rique pour afficher la temp\u00e9rature et la vitesse choisies. Ce <strong>Agitateur \u00e0 plaque chauffante <span style=\"color: #ff0000;\">\u00c0<\/span><span style=\"color: #0000ff;\">R.<\/span>CAMP852<\/strong>\u00a0Il dispose d&#039;un moteur silencieux, le barreau d&#039;agitation est en PTFE, un mat\u00e9riau \u00e0 fort magn\u00e9tisme, r\u00e9sistant \u00e0 l&#039;usure, \u00e0 la chaleur et \u00e0 la corrosion. Si le flacon ou le r\u00e9cipient n&#039;est pas dans la position exacte, le <strong>agitateur magn\u00e9tique<\/strong> ne fonctionnera pas.<\/p>\n<h6><strong>Garantie\u00a0<span style=\"color: #ff0000;\">\u00c0<\/span><span style=\"color: #0000ff;\">R.<\/span>c<\/strong><strong>\u00a02 ANS<\/strong><\/h6>\n<h6><span style=\"color: #008000;\">Agitateur magn\u00e9tique efficace, faible consommation 300 + 20w (fonctionnement maximum)<\/span><\/h6>\n<h6><strong>support technique inclus<\/strong><\/h6>\n<p>&nbsp;<\/p>\n<p>&nbsp;<\/p>\n<table role=\"presentation\" width=\"100%\" cellspacing=\"0\" cellpadding=\"0\">\n<tbody>\n<tr>\n<td class=\"attrLabels\">Garantie:<\/td>\n<td width=\"50.0%\">\u00a02 ANS<\/td>\n<\/tr>\n<tr>\n<td class=\"attrLabels\">Pays de distribution\u00a0:<\/td>\n<td width=\"50.0%\">Espagne, Allemagne, \u00c9tats-Unis<\/td>\n<td class=\"attrLabels\">Poids:<\/td>\n<td width=\"50.0%\">2,5 kg<\/td>\n<\/tr>\n<tr>\n<td class=\"attrLabels\">Marque:<\/td>\n<td width=\"50.0%\">ARC<\/td>\n<td class=\"attrLabels\">Hauteur:<\/td>\n<td width=\"50.0%\">50 cm<\/td>\n<\/tr>\n<tr>\n<td class=\"attrLabels\">Couleur:<\/td>\n<td width=\"50.0%\">Argent<\/td>\n<td class=\"attrLabels\">Long:<\/td>\n<td width=\"50.0%\">25 cm<\/td>\n<\/tr>\n<tr>\n<td class=\"attrLabels\">Type de produit\u00a0:<\/td>\n<td width=\"50.0%\">Agitateur magn\u00e9tique<\/td>\n<td class=\"attrLabels\">Large:<\/td>\n<td width=\"50.0%\">18 cm<\/td>\n<\/tr>\n<tr>\n<td class=\"attrLabels\">Num\u00e9ro du fabricant :<\/td>\n<td width=\"50.0%\">ARCAMP852<\/td>\n<td class=\"attrLabels\">Diam\u00e8tre de l&#039;orbite\u00a0:<\/td>\n<td width=\"50.0%\">22mm<\/td>\n<\/tr>\n<tr>\n<td class=\"attrLabels\">Mat\u00e9riel:<\/td>\n<td width=\"50.0%\">en acier inoxydable, enti\u00e8rement automatique<\/td>\n<td class=\"attrLabels\">Diam\u00e8tre du plan de travail :<\/td>\n<td width=\"50.0%\">130mm<\/td>\n<\/tr>\n<tr>\n<td class=\"attrLabels\">Tension d&#039;entr\u00e9e\u00a0:<\/td>\n<td width=\"50.0%\">110 V\/220 V 20\/60 Hz<\/td>\n<td class=\"attrLabels\">Vitesse:<\/td>\n<td width=\"50.0%\">0 \u2013 2400 tr\/min (r\u00e9gulation de la vitesse par \u00e9tapes, r\u00e9glable de 0 \u00e0 99 degr\u00e9s)<\/td>\n<\/tr>\n<tr>\n<td class=\"attrLabels\">Pouvoir:<\/td>\n<td width=\"50.0%\">Agitateur 20W<\/p>\n<p>Plaque chauffante 300W<\/td>\n<td class=\"attrLabels\">Contr\u00f4le de la temp\u00e9rature\u00a0:<\/td>\n<td width=\"50.0%\">RT-100\u2103<\/td>\n<\/tr>\n<\/tbody>\n<\/table>","protected":false},"excerpt":{"rendered":"<h2>Agitateur magn\u00e9tique \u00e0 plaque chauffante<\/h2>\n<p>Il<strong> agitateur magn\u00e9tique <span style=\"color: #ff0000;\">\u00c0<\/span><span style=\"color: #0000ff;\">R.<\/span>c<\/strong> Il dispose d&#039;un affichage num\u00e9rique pour contr\u00f4ler la vitesse d&#039;agitation ainsi que la temp\u00e9rature souhait\u00e9e. Le moteur de haute qualit\u00e9 produit tr\u00e8s peu de bruit. La plaque chauffante est totalement ferm\u00e9e pour un chauffage pr\u00e9cis. La barre d&#039;agitation est fabriqu\u00e9e en PTFE et en mat\u00e9riau magn\u00e9tique de haute qualit\u00e9, r\u00e9sistant \u00e0 la chaleur, pr\u00e9sente un magn\u00e9tisme \u00e9lev\u00e9, r\u00e9sistant \u00e0 l&#039;usure et \u00e0 la corrosion. C&#039;est une machine parfaite pour secouer un r\u00e9cipient ferm\u00e9 ; Le shaker peut r\u00e9gler et afficher la temp\u00e9rature de mani\u00e8re assez pr\u00e9cise et directe.<\/p>\n<h6><strong>Garantie\u00a0<span style=\"color: #ff0000;\">\u00c0<\/span><span style=\"color: #0000ff;\">R.<\/span>c<\/strong><strong>\u00a02 ANS<\/strong><\/h6>\n<h6><span style=\"color: #008000;\">Agitateur magn\u00e9tique efficace, faible consommation 300 + 20w (fonctionnement maximum)<\/span><\/h6>\n<h6><strong>support technique inclus<\/strong><\/h6>","protected":false},"featured_media":4006,"comment_status":"open","ping_status":"closed","template":"","meta":{"wds_primary_product_brand":0,"wds_primary_product_cat":0},"product_brand":[],"product_cat":[29],"product_tag":[],"class_list":{"0":"post-3998","1":"product","2":"type-product","3":"status-publish","4":"has-post-thumbnail","6":"product_cat-maquinas-industria-quimica","7":"product_shipping_class-hosteleria","9":"first","10":"instock","11":"taxable","12":"shipping-taxable","13":"purchasable","14":"product-type-simple"},"yoast_head":"<!-- This site is optimized with the Yoast SEO Premium plugin v24.9 (Yoast SEO v26.1) - https:\/\/yoast.com\/wordpress\/plugins\/seo\/ -->\n<title>Agitador magn\u00e9tico placa caliente - distribuci\u00f3n ARC<\/title>\n<meta name=\"robots\" content=\"index, follow, max-snippet:-1, max-image-preview:large, max-video-preview:-1\" \/>\n<link rel=\"canonical\" href=\"https:\/\/distribucionarc.com\/fr\/produit\/agitateur-magnetique-plaque-chauffante\/\" \/>\n<meta property=\"og:locale\" content=\"fr_FR\" \/>\n<meta property=\"og:type\" content=\"article\" \/>\n<meta property=\"og:title\" content=\"Agitador magn\u00e9tico placa caliente\" \/>\n<meta property=\"og:description\" content=\"Agitador magn\u00e9tico placa caliente El agitador magn\u00e9tico ARC cuenta con una pantalla digital para controlar la velocidad de agitaci\u00f3n al igual que la temperatura deseada. El motor de alta calidad produce muy poco ruido. La placa de calentamiento es totalmente cerrada para un calentamiento preciso. La barra de agitaci\u00f3n est\u00e1 hecha de PTFE y material magn\u00e9tico de alta calidad, resistente al calor, cuenta con un alto magnetismo, resistente al desgaste y la corrosi\u00f3n. Es una m\u00e1quina perfecta para agitar un recipiente cerrado; El agitador puede ajustar y mostrar la temperatura siendo bastante preciso y directo. Garant\u00eda\u00a0ARC\u00a02 A\u00d1OS Agitador magn\u00e9tico eficiente, bajo consumo 300 + 20w (m\u00e1ximo funcionamiento) soporte t\u00e9cnico incluido\" \/>\n<meta property=\"og:url\" content=\"https:\/\/distribucionarc.com\/fr\/produit\/agitateur-magnetique-plaque-chauffante\/\" \/>\n<meta property=\"og:site_name\" content=\"distribuci\u00f3n ARC\" \/>\n<meta property=\"article:modified_time\" content=\"2023-02-15T18:45:27+00:00\" \/>\n<meta property=\"og:image\" content=\"https:\/\/distribucionarc.com\/wp-content\/uploads\/2020\/10\/Agitador-magn\u00e9tico-placa-caliente-0.jpg\" \/>\n\t<meta property=\"og:image:width\" content=\"1001\" \/>\n\t<meta property=\"og:image:height\" content=\"1001\" \/>\n\t<meta property=\"og:image:type\" content=\"image\/jpeg\" \/>\n<meta name=\"twitter:card\" content=\"summary_large_image\" \/>\n<meta name=\"twitter:label1\" content=\"Dur\u00e9e de lecture estim\u00e9e\" \/>\n\t<meta name=\"twitter:data1\" content=\"1 minute\" \/>\n<script type=\"application\/ld+json\" class=\"yoast-schema-graph\">{\"@context\":\"https:\/\/schema.org\",\"@graph\":[{\"@type\":\"WebPage\",\"@id\":\"https:\/\/distribucionarc.com\/fr\/producto\/agitador-magnetico-placa-caliente\/\",\"url\":\"https:\/\/distribucionarc.com\/fr\/producto\/agitador-magnetico-placa-caliente\/\",\"name\":\"Agitador magn\u00e9tico placa caliente - distribuci\u00f3n ARC\",\"isPartOf\":{\"@id\":\"https:\/\/distribucionarc.com\/de\/#website\"},\"primaryImageOfPage\":{\"@id\":\"https:\/\/distribucionarc.com\/fr\/producto\/agitador-magnetico-placa-caliente\/#primaryimage\"},\"image\":{\"@id\":\"https:\/\/distribucionarc.com\/fr\/producto\/agitador-magnetico-placa-caliente\/#primaryimage\"},\"thumbnailUrl\":\"https:\/\/distribucionarc.com\/wp-content\/uploads\/2020\/10\/Agitador-magn\u00e9tico-placa-caliente-0.jpg\",\"datePublished\":\"2020-10-15T09:04:26+00:00\",\"dateModified\":\"2023-02-15T18:45:27+00:00\",\"breadcrumb\":{\"@id\":\"https:\/\/distribucionarc.com\/fr\/producto\/agitador-magnetico-placa-caliente\/#breadcrumb\"},\"inLanguage\":\"fr-FR\",\"potentialAction\":[{\"@type\":\"ReadAction\",\"target\":[\"https:\/\/distribucionarc.com\/fr\/producto\/agitador-magnetico-placa-caliente\/\"]}]},{\"@type\":\"ImageObject\",\"inLanguage\":\"fr-FR\",\"@id\":\"https:\/\/distribucionarc.com\/fr\/producto\/agitador-magnetico-placa-caliente\/#primaryimage\",\"url\":\"https:\/\/distribucionarc.com\/wp-content\/uploads\/2020\/10\/Agitador-magn\u00e9tico-placa-caliente-0.jpg\",\"contentUrl\":\"https:\/\/distribucionarc.com\/wp-content\/uploads\/2020\/10\/Agitador-magn\u00e9tico-placa-caliente-0.jpg\",\"width\":1001,\"height\":1001,\"caption\":\"Agitador magn\u00e9tico placa caliente\"},{\"@type\":\"BreadcrumbList\",\"@id\":\"https:\/\/distribucionarc.com\/fr\/producto\/agitador-magnetico-placa-caliente\/#breadcrumb\",\"itemListElement\":[{\"@type\":\"ListItem\",\"position\":1,\"name\":\"Portada\",\"item\":\"https:\/\/distribucionarc.com\/pl\/\"},{\"@type\":\"ListItem\",\"position\":2,\"name\":\"Produkty\",\"item\":\"https:\/\/distribucionarc.com\/pl\/shop\/\"},{\"@type\":\"ListItem\",\"position\":3,\"name\":\"Agitador magn\u00e9tico placa caliente\"}]},{\"@type\":\"WebSite\",\"@id\":\"https:\/\/distribucionarc.com\/de\/#website\",\"url\":\"https:\/\/distribucionarc.com\/de\/\",\"name\":\"distribuci\u00f3n ARC\",\"description\":\"Empresa especializada en la fabricaci\u00f3n y distribuci\u00f3n de maquinaria industrial, selladoras de latas, Maquinas de hacer pastillas, Maquinas de cortar carne...\",\"publisher\":{\"@id\":\"https:\/\/distribucionarc.com\/de\/#organization\"},\"potentialAction\":[{\"@type\":\"SearchAction\",\"target\":{\"@type\":\"EntryPoint\",\"urlTemplate\":\"https:\/\/distribucionarc.com\/de\/?s={search_term_string}\"},\"query-input\":{\"@type\":\"PropertyValueSpecification\",\"valueRequired\":true,\"valueName\":\"search_term_string\"}}],\"inLanguage\":\"fr-FR\"},{\"@type\":\"Organization\",\"@id\":\"https:\/\/distribucionarc.com\/de\/#organization\",\"name\":\"Distribuci\u00f3n ARC\",\"url\":\"https:\/\/distribucionarc.com\/de\/\",\"logo\":{\"@type\":\"ImageObject\",\"inLanguage\":\"fr-FR\",\"@id\":\"https:\/\/distribucionarc.com\/de\/#\/schema\/logo\/image\/\",\"url\":\"https:\/\/distribucionarc.com\/wp-content\/uploads\/2024\/10\/distribucion-ARC-COLOR-SIN-FONDO-e1732295305345.png\",\"contentUrl\":\"https:\/\/distribucionarc.com\/wp-content\/uploads\/2024\/10\/distribucion-ARC-COLOR-SIN-FONDO-e1732295305345.png\",\"width\":1164,\"height\":558,\"caption\":\"Distribuci\u00f3n ARC\"},\"image\":{\"@id\":\"https:\/\/distribucionarc.com\/de\/#\/schema\/logo\/image\/\"},\"description\":\"Empresa especializada en la fabricaci\u00f3n y distribuci\u00f3n de maquinaria industrial para los sectores alimentario y farmac\u00e9utico. Nos especializamos en: M\u00e1quinas de cortar carne Fabricaci\u00f3n de comprimidos Sistemas de transporte industrial L\u00edneas de embotellado Dosificadores Y mucho m\u00e1s... Ofrecemos soluciones innovadoras y personalizadas para optimizar los procesos productivos de tu empresa.\",\"email\":\"Admistracion@distribucionarc.com\",\"telephone\":\"+34 643496664\",\"legalName\":\"ARC TECH SOLUTIONS\",\"foundingDate\":\"2024-04-09\",\"vatID\":\"B55480172\",\"numberOfEmployees\":{\"@type\":\"QuantitativeValue\",\"minValue\":\"1\",\"maxValue\":\"10\"}}]}<\/script>\n<!-- \/ Yoast SEO Premium plugin. -->","yoast_head_json":{"title":"Agitateur magn\u00e9tique \u00e0 plaque chauffante - distribution ARC","robots":{"index":"index","follow":"follow","max-snippet":"max-snippet:-1","max-image-preview":"max-image-preview:large","max-video-preview":"max-video-preview:-1"},"canonical":"https:\/\/distribucionarc.com\/fr\/produit\/agitateur-magnetique-plaque-chauffante\/","og_locale":"fr_FR","og_type":"article","og_title":"Agitador magn\u00e9tico placa caliente","og_description":"Agitador magn\u00e9tico placa caliente El agitador magn\u00e9tico ARC cuenta con una pantalla digital para controlar la velocidad de agitaci\u00f3n al igual que la temperatura deseada. El motor de alta calidad produce muy poco ruido. La placa de calentamiento es totalmente cerrada para un calentamiento preciso. La barra de agitaci\u00f3n est\u00e1 hecha de PTFE y material magn\u00e9tico de alta calidad, resistente al calor, cuenta con un alto magnetismo, resistente al desgaste y la corrosi\u00f3n. Es una m\u00e1quina perfecta para agitar un recipiente cerrado; El agitador puede ajustar y mostrar la temperatura siendo bastante preciso y directo. Garant\u00eda\u00a0ARC\u00a02 A\u00d1OS Agitador magn\u00e9tico eficiente, bajo consumo 300 + 20w (m\u00e1ximo funcionamiento) soporte t\u00e9cnico incluido","og_url":"https:\/\/distribucionarc.com\/fr\/produit\/agitateur-magnetique-plaque-chauffante\/","og_site_name":"distribuci\u00f3n ARC","article_modified_time":"2023-02-15T18:45:27+00:00","og_image":[{"width":1001,"height":1001,"url":"https:\/\/distribucionarc.com\/wp-content\/uploads\/2020\/10\/Agitador-magn\u00e9tico-placa-caliente-0.jpg","type":"image\/jpeg"}],"twitter_card":"summary_large_image","twitter_misc":{"Dur\u00e9e de lecture estim\u00e9e":"1 minute"},"schema":{"@context":"https:\/\/schema.org","@graph":[{"@type":"WebPage","@id":"https:\/\/distribucionarc.com\/fr\/producto\/agitador-magnetico-placa-caliente\/","url":"https:\/\/distribucionarc.com\/fr\/producto\/agitador-magnetico-placa-caliente\/","name":"Agitateur magn\u00e9tique \u00e0 plaque chauffante - distribution ARC","isPartOf":{"@id":"https:\/\/distribucionarc.com\/de\/#website"},"primaryImageOfPage":{"@id":"https:\/\/distribucionarc.com\/fr\/producto\/agitador-magnetico-placa-caliente\/#primaryimage"},"image":{"@id":"https:\/\/distribucionarc.com\/fr\/producto\/agitador-magnetico-placa-caliente\/#primaryimage"},"thumbnailUrl":"https:\/\/distribucionarc.com\/wp-content\/uploads\/2020\/10\/Agitador-magn\u00e9tico-placa-caliente-0.jpg","datePublished":"2020-10-15T09:04:26+00:00","dateModified":"2023-02-15T18:45:27+00:00","breadcrumb":{"@id":"https:\/\/distribucionarc.com\/fr\/producto\/agitador-magnetico-placa-caliente\/#breadcrumb"},"inLanguage":"fr-FR","potentialAction":[{"@type":"ReadAction","target":["https:\/\/distribucionarc.com\/fr\/producto\/agitador-magnetico-placa-caliente\/"]}]},{"@type":"ImageObject","inLanguage":"fr-FR","@id":"https:\/\/distribucionarc.com\/fr\/producto\/agitador-magnetico-placa-caliente\/#primaryimage","url":"https:\/\/distribucionarc.com\/wp-content\/uploads\/2020\/10\/Agitador-magn\u00e9tico-placa-caliente-0.jpg","contentUrl":"https:\/\/distribucionarc.com\/wp-content\/uploads\/2020\/10\/Agitador-magn\u00e9tico-placa-caliente-0.jpg","width":1001,"height":1001,"caption":"Agitador magn\u00e9tico placa caliente"},{"@type":"BreadcrumbList","@id":"https:\/\/distribucionarc.com\/fr\/producto\/agitador-magnetico-placa-caliente\/#breadcrumb","itemListElement":[{"@type":"ListItem","position":1,"name":"Portada","item":"https:\/\/distribucionarc.com\/pl\/"},{"@type":"ListItem","position":2,"name":"Produkty","item":"https:\/\/distribucionarc.com\/pl\/shop\/"},{"@type":"ListItem","position":3,"name":"Agitador magn\u00e9tico placa caliente"}]},{"@type":"WebSite","@id":"https:\/\/distribucionarc.com\/de\/#website","url":"https:\/\/distribucionarc.com\/de\/","name":"R\u00e9partition de l&#039;ARC","description":"Entreprise sp\u00e9cialis\u00e9e dans la fabrication et la distribution de machines industrielles, scelleuses de bo\u00eetes, machines \u00e0 comprim\u00e9s, machines \u00e0 d\u00e9couper la viande...","publisher":{"@id":"https:\/\/distribucionarc.com\/de\/#organization"},"potentialAction":[{"@type":"SearchAction","target":{"@type":"EntryPoint","urlTemplate":"https:\/\/distribucionarc.com\/de\/?s={search_term_string}"},"query-input":{"@type":"PropertyValueSpecification","valueRequired":true,"valueName":"search_term_string"}}],"inLanguage":"fr-FR"},{"@type":"Organization","@id":"https:\/\/distribucionarc.com\/de\/#organization","name":"Distribution ARC","url":"https:\/\/distribucionarc.com\/de\/","logo":{"@type":"ImageObject","inLanguage":"fr-FR","@id":"https:\/\/distribucionarc.com\/de\/#\/schema\/logo\/image\/","url":"https:\/\/distribucionarc.com\/wp-content\/uploads\/2024\/10\/distribucion-ARC-COLOR-SIN-FONDO-e1732295305345.png","contentUrl":"https:\/\/distribucionarc.com\/wp-content\/uploads\/2024\/10\/distribucion-ARC-COLOR-SIN-FONDO-e1732295305345.png","width":1164,"height":558,"caption":"Distribuci\u00f3n ARC"},"image":{"@id":"https:\/\/distribucionarc.com\/de\/#\/schema\/logo\/image\/"},"description":"Entreprise sp\u00e9cialis\u00e9e dans la fabrication et la distribution de machines industrielles pour les secteurs alimentaire et pharmaceutique. Nous sommes sp\u00e9cialis\u00e9s dans : Machines \u00e0 couper la viande Fabrication de comprim\u00e9s Syst\u00e8mes de transport industriel Lignes d'embouteillage Machines de dosage Et bien plus encore... Nous proposons des solutions innovantes et personnalis\u00e9es pour optimiser les processus de production de votre entreprise.","email":"Admistracion@distribucionarc.com","telephone":"+34 643496664","legalName":"ARC TECH SOLUTIONS","foundingDate":"2024-04-09","vatID":"B55480172","numberOfEmployees":{"@type":"QuantitativeValue","minValue":"1","maxValue":"10"}}]}},"_links":{"self":[{"href":"https:\/\/distribucionarc.com\/fr\/wp-json\/wp\/v2\/product\/3998","targetHints":{"allow":["GET"]}}],"collection":[{"href":"https:\/\/distribucionarc.com\/fr\/wp-json\/wp\/v2\/product"}],"about":[{"href":"https:\/\/distribucionarc.com\/fr\/wp-json\/wp\/v2\/types\/product"}],"replies":[{"embeddable":true,"href":"https:\/\/distribucionarc.com\/fr\/wp-json\/wp\/v2\/comments?post=3998"}],"version-history":[{"count":0,"href":"https:\/\/distribucionarc.com\/fr\/wp-json\/wp\/v2\/product\/3998\/revisions"}],"wp:featuredmedia":[{"embeddable":true,"href":"https:\/\/distribucionarc.com\/fr\/wp-json\/wp\/v2\/media\/4006"}],"wp:attachment":[{"href":"https:\/\/distribucionarc.com\/fr\/wp-json\/wp\/v2\/media?parent=3998"}],"wp:term":[{"taxonomy":"product_brand","embeddable":true,"href":"https:\/\/distribucionarc.com\/fr\/wp-json\/wp\/v2\/product_brand?post=3998"},{"taxonomy":"product_cat","embeddable":true,"href":"https:\/\/distribucionarc.com\/fr\/wp-json\/wp\/v2\/product_cat?post=3998"},{"taxonomy":"product_tag","embeddable":true,"href":"https:\/\/distribucionarc.com\/fr\/wp-json\/wp\/v2\/product_tag?post=3998"}],"curies":[{"name":"wp","href":"https:\/\/api.w.org\/{rel}","templated":true}]}}