{"id":4083,"date":"2020-11-10T21:10:29","date_gmt":"2020-11-10T21:10:29","guid":{"rendered":"https:\/\/distribucionarc.com\/?post_type=product&#038;p=4083"},"modified":"2021-01-26T09:22:00","modified_gmt":"2021-01-26T09:22:00","slug":"distillateur-eau-alcool-20l","status":"publish","type":"product","link":"https:\/\/distribucionarc.com\/fr\/producto\/destilador-alcohol-de-agua-20l\/","title":{"rendered":"Distillateur d&#039;alcool d&#039;eau 20L"},"content":{"rendered":"<h3>Distillateur d&#039;alcool d&#039;eau 20L<\/h3>\n<p><span style=\"font-size: 16px;\"><br \/>\nIl <\/span><strong style=\"font-size: 16px;\">distillateur d&#039;alcool<\/strong><span style=\"font-size: 16px;\">\u00a0de\u00a0<\/span><strong style=\"font-size: 16px;\">ARC<\/strong><span style=\"font-size: 16px;\">\u00a0Il convient \u00e0 la distillation du vin de fruit, de l&#039;eau, du brandy, de l&#039;extraction de plantes, etc. Recommand\u00e9 pour les d\u00e9butants et les professionnels. Capable d\u2019appliquer tous types de m\u00e9thodes de chauffage.<\/span><\/p>\n<p>Il\u00a0<strong>distillateur d&#039;alcool<\/strong>\u00a0<strong>ARC<\/strong>\u00a0Elle dispose d&#039;une grande capacit\u00e9 de production pour fabriquer jusqu&#039;\u00e0\u00a0<strong>20L<\/strong>\u00a0de mati\u00e8re. Le robuste\u00a0<strong>distillateur<\/strong>\u00a0L&#039;acier inoxydable dure des ann\u00e9es. Le fond \u00e9pais permet tous types de m\u00e9thodes de chauffage.<\/p>\n<p>Le refroidissement de\u00a0<strong>distillateur d&#039;eau<\/strong>\u00a0Il est de type ouvert avec une conception \u00e0 double barillet. Les serpentins en cuivre ont une grande surface de contact avec l&#039;eau de refroidissement, ce qui offre une\u00a0<strong>performances de refroidissement et maintien d&#039;une temp\u00e9rature assez basse du produit distill\u00e9<\/strong>. L&#039;eau en circulation entre par l&#039;entr\u00e9e inf\u00e9rieure et s&#039;\u00e9coule par la sortie sup\u00e9rieure. Des tubes en silicone de qualit\u00e9 alimentaire flexibles et robustes assurent un d\u00e9bit d&#039;eau rapide. La pompe \u00e0 eau de circulation suppl\u00e9mentaire permet d&#039;\u00e9conomiser de l&#039;eau et d&#039;augmenter la production. Le thermom\u00e8tre int\u00e9gr\u00e9 au couvercle du\u00a0<strong>distillateur d&#039;alcool<\/strong>\u00a0<strong>ARCDAF20<\/strong>\u00a0Permet une surveillance facile de la temp\u00e9rature pendant le processus de distillation.<\/p>\n<p>Quatre crochets rapides aident \u00e0 sceller herm\u00e9tiquement le\u00a0<strong>kit de distillation<\/strong>, les poign\u00e9es de levage fix\u00e9es au godet maintiennent une grande tension. Contient une valve d&#039;\u00e9vacuation d&#039;air unidirectionnelle utilis\u00e9e pour une application dans le processus de fermentation des grains.<\/p>\n<h6><\/h6>\n<h6><strong>Garantie ARC DE 2 ANS<\/strong><\/h6>\n<h6>Syst\u00e8me de refroidissement rapide<\/h6>\n<h6><strong>support technique inclus<\/strong><\/h6>\n<p>&nbsp;<\/p>\n<p>&nbsp;<\/p>\n<table role=\"presentation\" width=\"100%\" cellspacing=\"0\" cellpadding=\"0\">\n<tbody>\n<tr>\n<td class=\"attrLabels\">Temp\u00e9rature:<\/td>\n<td width=\"50.0%\">0-350\u00baC adaptabilit\u00e9 \u00e0 la chaleur<\/td>\n<\/tr>\n<tr>\n<td class=\"attrLabels\">Pays de distribution\u00a0:<\/td>\n<td width=\"50.0%\">Espagne, Allemagne, \u00c9tats-Unis<\/td>\n<td class=\"attrLabels\">Poids:<\/td>\n<td width=\"50.0%\">9 kg<\/td>\n<\/tr>\n<tr>\n<td class=\"attrLabels\">Marque:<\/td>\n<td width=\"50.0%\">ARC<\/td>\n<td class=\"attrLabels\">Hauteur:<\/td>\n<td width=\"50.0%\">38 cm<\/td>\n<\/tr>\n<tr>\n<td class=\"attrLabels\">Couleur:<\/td>\n<td width=\"50.0%\">Argent<\/td>\n<td class=\"attrLabels\">Long:<\/td>\n<td width=\"50.0%\">\u00a030 cm<\/td>\n<\/tr>\n<tr>\n<td class=\"attrLabels\">Type de produit\u00a0:<\/td>\n<td width=\"50.0%\">distillateur d&#039;alcool d&#039;eau<\/td>\n<td class=\"attrLabels\">Large:<\/td>\n<td width=\"50.0%\">30 cm<\/td>\n<\/tr>\n<tr>\n<td class=\"attrLabels\">Num\u00e9ro du fabricant :<\/td>\n<td width=\"50.0%\">ARCDAF20<\/td>\n<td class=\"attrLabels\">Type d&#039;acier\u00a0:<\/td>\n<td width=\"50.0%\">304<\/td>\n<\/tr>\n<tr>\n<td class=\"attrLabels\">Mat\u00e9riel:<\/td>\n<td width=\"50.0%\">acier inoxydable, base sp\u00e9ciale, contr\u00f4le de pression et de temp\u00e9rature<\/td>\n<td class=\"attrLabels\">Type de casquette\u00a0:<\/td>\n<td width=\"50.0%\">Fermeture herm\u00e9tique, Crochets de fermeture<\/td>\n<\/tr>\n<tr>\n<td class=\"attrLabels\">Taille du canon :<\/td>\n<td width=\"50.0%\">30x30cm<\/td>\n<td class=\"attrLabels\">Garantie:<\/td>\n<td width=\"50.0%\">2 ANS<\/td>\n<\/tr>\n<tr>\n<td class=\"attrLabels\">Litres\u00a0:<\/td>\n<td width=\"50.0%\">20L<\/td>\n<td class=\"attrLabels\">Outils d&#039;installation\u00a0:<\/td>\n<td width=\"50.0%\">Ouais<\/td>\n<\/tr>\n<\/tbody>\n<\/table>","protected":false},"excerpt":{"rendered":"<h2>Distillateur d&#039;alcool d&#039;eau 20L<\/h2>\n<p>Ce pot en acier inoxydable. Il peut \u00eatre chauff\u00e9 par une cuisini\u00e8re \u00e0 induction, une cuisini\u00e8re ou toute autre source de chauffage.  Le\u00a0<strong>ARCDAF20 <\/strong>Il dispose de doubles barils pour de meilleurs r\u00e9sultats de distillation. Ce\u00a0<strong>distillateur d&#039;eau<\/strong>\u00a0Adopte une m\u00e9thode de refroidissement de type ouvert, les bobines de cuivre \u00e0 conductivit\u00e9 thermique rapide assurent des performances de refroidissement prometteuses ainsi qu&#039;une grande zone de contact avec le liquide de refroidissement, fournissant une temp\u00e9rature assez basse du produit distill\u00e9. Il\u00a0<strong>distillateur d&#039;alcool<\/strong>\u00a0de\u00a0<strong>ARC<\/strong>\u00a0C&#039;est le parfait pour ajouter des saveurs \u00e0 votre produit. Pompe \u00e0 eau de circulation fix\u00e9e pour \u00e9conomiser l&#039;eau de refroidissement et fournir plus de saveur.<\/p>\n<h6><strong>Garantie ARC DE 2 ANS<\/strong><\/h6>\n<h6>Syst\u00e8me de refroidissement rapide<\/h6>\n<h6><strong>support technique inclus<\/strong><\/h6>","protected":false},"featured_media":4085,"comment_status":"open","ping_status":"closed","template":"","meta":{"wds_primary_product_brand":0,"wds_primary_product_cat":0},"product_brand":[],"product_cat":[54],"product_tag":[],"class_list":{"0":"post-4083","1":"product","2":"type-product","3":"status-publish","4":"has-post-thumbnail","6":"product_cat-maceracion-fermentacion","7":"product_shipping_class-hosteleria","9":"first","10":"instock","11":"sale","12":"taxable","13":"shipping-taxable","14":"purchasable","15":"product-type-simple"},"yoast_head":"<!-- This site is optimized with the Yoast SEO Premium plugin v24.9 (Yoast SEO v26.1) - https:\/\/yoast.com\/wordpress\/plugins\/seo\/ -->\n<title>Destilador alcohol de agua 20L - distribuci\u00f3n ARC<\/title>\n<meta name=\"robots\" content=\"index, follow, max-snippet:-1, max-image-preview:large, max-video-preview:-1\" \/>\n<link rel=\"canonical\" href=\"https:\/\/distribucionarc.com\/fr\/produit\/distillateur-eau-alcool-20l\/\" \/>\n<meta property=\"og:locale\" content=\"fr_FR\" \/>\n<meta property=\"og:type\" content=\"article\" \/>\n<meta property=\"og:title\" content=\"Destilador alcohol de agua 20L\" \/>\n<meta property=\"og:description\" content=\"Destilador alcohol de agua 20L Esta olla de acero inox. se puede calentar por cocina de inducci\u00f3n, estufa o cualquier otra fuente de calefacci\u00f3n. \u00a0La\u00a0ARCDAF20 cuenta\u00a0 con barriles dobles para obtener mejores resultados de destilaci\u00f3n. Este\u00a0destilador de agua\u00a0adopta el m\u00e9todo de enfriamiento de tipo abierto, las bobinas de cobre con conductividad t\u00e9rmica r\u00e1pida aseguran un rendimiento de enfriamiento prometedor junto con una gran \u00e1rea de contacto con el refrigerante, proporcionando una temperatura bastante baja del producto destilado. El\u00a0destilador de alcohol\u00a0de\u00a0ARC\u00a0es el \u00a0perfecto para a\u00f1adir sabores a su producto, Bomba de agua circulante unida para ahorrar agua de refrigeraci\u00f3n y proporcionar m\u00e1s sabor. Garant\u00eda\u00a0ARC 2 A\u00d1OS Sistema de enfriado r\u00e1pido soporte t\u00e9cnico incluido\" \/>\n<meta property=\"og:url\" content=\"https:\/\/distribucionarc.com\/fr\/produit\/distillateur-eau-alcool-20l\/\" \/>\n<meta property=\"og:site_name\" content=\"distribuci\u00f3n ARC\" \/>\n<meta property=\"article:modified_time\" content=\"2021-01-26T09:22:00+00:00\" \/>\n<meta property=\"og:image\" content=\"https:\/\/distribucionarc.com\/wp-content\/uploads\/2020\/11\/Destilador-alcohol-de-agua-20L-0.jpg\" \/>\n\t<meta property=\"og:image:width\" content=\"1000\" \/>\n\t<meta property=\"og:image:height\" content=\"1000\" \/>\n\t<meta property=\"og:image:type\" content=\"image\/jpeg\" \/>\n<meta name=\"twitter:card\" content=\"summary_large_image\" \/>\n<meta name=\"twitter:label1\" content=\"Dur\u00e9e de lecture estim\u00e9e\" \/>\n\t<meta name=\"twitter:data1\" content=\"2 minutes\" \/>\n<script type=\"application\/ld+json\" class=\"yoast-schema-graph\">{\"@context\":\"https:\/\/schema.org\",\"@graph\":[{\"@type\":\"WebPage\",\"@id\":\"https:\/\/distribucionarc.com\/it\/producto\/destilador-alcohol-de-agua-20l\/\",\"url\":\"https:\/\/distribucionarc.com\/it\/producto\/destilador-alcohol-de-agua-20l\/\",\"name\":\"Destilador alcohol de agua 20L - distribuci\u00f3n ARC\",\"isPartOf\":{\"@id\":\"https:\/\/distribucionarc.com\/de\/#website\"},\"primaryImageOfPage\":{\"@id\":\"https:\/\/distribucionarc.com\/it\/producto\/destilador-alcohol-de-agua-20l\/#primaryimage\"},\"image\":{\"@id\":\"https:\/\/distribucionarc.com\/it\/producto\/destilador-alcohol-de-agua-20l\/#primaryimage\"},\"thumbnailUrl\":\"https:\/\/distribucionarc.com\/wp-content\/uploads\/2020\/11\/Destilador-alcohol-de-agua-20L-0.jpg\",\"datePublished\":\"2020-11-10T21:10:29+00:00\",\"dateModified\":\"2021-01-26T09:22:00+00:00\",\"breadcrumb\":{\"@id\":\"https:\/\/distribucionarc.com\/it\/producto\/destilador-alcohol-de-agua-20l\/#breadcrumb\"},\"inLanguage\":\"fr-FR\",\"potentialAction\":[{\"@type\":\"ReadAction\",\"target\":[\"https:\/\/distribucionarc.com\/it\/producto\/destilador-alcohol-de-agua-20l\/\"]}]},{\"@type\":\"ImageObject\",\"inLanguage\":\"fr-FR\",\"@id\":\"https:\/\/distribucionarc.com\/it\/producto\/destilador-alcohol-de-agua-20l\/#primaryimage\",\"url\":\"https:\/\/distribucionarc.com\/wp-content\/uploads\/2020\/11\/Destilador-alcohol-de-agua-20L-0.jpg\",\"contentUrl\":\"https:\/\/distribucionarc.com\/wp-content\/uploads\/2020\/11\/Destilador-alcohol-de-agua-20L-0.jpg\",\"width\":1000,\"height\":1000,\"caption\":\"Destilador alcohol de agua 20L\"},{\"@type\":\"BreadcrumbList\",\"@id\":\"https:\/\/distribucionarc.com\/it\/producto\/destilador-alcohol-de-agua-20l\/#breadcrumb\",\"itemListElement\":[{\"@type\":\"ListItem\",\"position\":1,\"name\":\"Portada\",\"item\":\"https:\/\/distribucionarc.com\/pl\/\"},{\"@type\":\"ListItem\",\"position\":2,\"name\":\"Produkty\",\"item\":\"https:\/\/distribucionarc.com\/pl\/shop\/\"},{\"@type\":\"ListItem\",\"position\":3,\"name\":\"Destilador alcohol de agua 20L\"}]},{\"@type\":\"WebSite\",\"@id\":\"https:\/\/distribucionarc.com\/de\/#website\",\"url\":\"https:\/\/distribucionarc.com\/de\/\",\"name\":\"distribuci\u00f3n ARC\",\"description\":\"Empresa especializada en la fabricaci\u00f3n y distribuci\u00f3n de maquinaria industrial, selladoras de latas, Maquinas de hacer pastillas, Maquinas de cortar carne...\",\"publisher\":{\"@id\":\"https:\/\/distribucionarc.com\/de\/#organization\"},\"potentialAction\":[{\"@type\":\"SearchAction\",\"target\":{\"@type\":\"EntryPoint\",\"urlTemplate\":\"https:\/\/distribucionarc.com\/de\/?s={search_term_string}\"},\"query-input\":{\"@type\":\"PropertyValueSpecification\",\"valueRequired\":true,\"valueName\":\"search_term_string\"}}],\"inLanguage\":\"fr-FR\"},{\"@type\":\"Organization\",\"@id\":\"https:\/\/distribucionarc.com\/de\/#organization\",\"name\":\"Distribuci\u00f3n ARC\",\"url\":\"https:\/\/distribucionarc.com\/de\/\",\"logo\":{\"@type\":\"ImageObject\",\"inLanguage\":\"fr-FR\",\"@id\":\"https:\/\/distribucionarc.com\/de\/#\/schema\/logo\/image\/\",\"url\":\"https:\/\/distribucionarc.com\/wp-content\/uploads\/2024\/10\/distribucion-ARC-COLOR-SIN-FONDO-e1732295305345.png\",\"contentUrl\":\"https:\/\/distribucionarc.com\/wp-content\/uploads\/2024\/10\/distribucion-ARC-COLOR-SIN-FONDO-e1732295305345.png\",\"width\":1164,\"height\":558,\"caption\":\"Distribuci\u00f3n ARC\"},\"image\":{\"@id\":\"https:\/\/distribucionarc.com\/de\/#\/schema\/logo\/image\/\"},\"description\":\"Empresa especializada en la fabricaci\u00f3n y distribuci\u00f3n de maquinaria industrial para los sectores alimentario y farmac\u00e9utico. Nos especializamos en: M\u00e1quinas de cortar carne Fabricaci\u00f3n de comprimidos Sistemas de transporte industrial L\u00edneas de embotellado Dosificadores Y mucho m\u00e1s... Ofrecemos soluciones innovadoras y personalizadas para optimizar los procesos productivos de tu empresa.\",\"email\":\"Admistracion@distribucionarc.com\",\"telephone\":\"+34 643496664\",\"legalName\":\"ARC TECH SOLUTIONS\",\"foundingDate\":\"2024-04-09\",\"vatID\":\"B55480172\",\"numberOfEmployees\":{\"@type\":\"QuantitativeValue\",\"minValue\":\"1\",\"maxValue\":\"10\"}}]}<\/script>\n<!-- \/ Yoast SEO Premium plugin. -->","yoast_head_json":{"title":"Distillateur d&#039;alcool eau 20L - ARC distribution","robots":{"index":"index","follow":"follow","max-snippet":"max-snippet:-1","max-image-preview":"max-image-preview:large","max-video-preview":"max-video-preview:-1"},"canonical":"https:\/\/distribucionarc.com\/fr\/produit\/distillateur-eau-alcool-20l\/","og_locale":"fr_FR","og_type":"article","og_title":"Destilador alcohol de agua 20L","og_description":"Destilador alcohol de agua 20L Esta olla de acero inox. se puede calentar por cocina de inducci\u00f3n, estufa o cualquier otra fuente de calefacci\u00f3n. \u00a0La\u00a0ARCDAF20 cuenta\u00a0 con barriles dobles para obtener mejores resultados de destilaci\u00f3n. Este\u00a0destilador de agua\u00a0adopta el m\u00e9todo de enfriamiento de tipo abierto, las bobinas de cobre con conductividad t\u00e9rmica r\u00e1pida aseguran un rendimiento de enfriamiento prometedor junto con una gran \u00e1rea de contacto con el refrigerante, proporcionando una temperatura bastante baja del producto destilado. El\u00a0destilador de alcohol\u00a0de\u00a0ARC\u00a0es el \u00a0perfecto para a\u00f1adir sabores a su producto, Bomba de agua circulante unida para ahorrar agua de refrigeraci\u00f3n y proporcionar m\u00e1s sabor. Garant\u00eda\u00a0ARC 2 A\u00d1OS Sistema de enfriado r\u00e1pido soporte t\u00e9cnico incluido","og_url":"https:\/\/distribucionarc.com\/fr\/produit\/distillateur-eau-alcool-20l\/","og_site_name":"distribuci\u00f3n ARC","article_modified_time":"2021-01-26T09:22:00+00:00","og_image":[{"width":1000,"height":1000,"url":"https:\/\/distribucionarc.com\/wp-content\/uploads\/2020\/11\/Destilador-alcohol-de-agua-20L-0.jpg","type":"image\/jpeg"}],"twitter_card":"summary_large_image","twitter_misc":{"Dur\u00e9e de lecture estim\u00e9e":"2 minutes"},"schema":{"@context":"https:\/\/schema.org","@graph":[{"@type":"WebPage","@id":"https:\/\/distribucionarc.com\/it\/producto\/destilador-alcohol-de-agua-20l\/","url":"https:\/\/distribucionarc.com\/it\/producto\/destilador-alcohol-de-agua-20l\/","name":"Distillateur d&#039;alcool eau 20L - ARC distribution","isPartOf":{"@id":"https:\/\/distribucionarc.com\/de\/#website"},"primaryImageOfPage":{"@id":"https:\/\/distribucionarc.com\/it\/producto\/destilador-alcohol-de-agua-20l\/#primaryimage"},"image":{"@id":"https:\/\/distribucionarc.com\/it\/producto\/destilador-alcohol-de-agua-20l\/#primaryimage"},"thumbnailUrl":"https:\/\/distribucionarc.com\/wp-content\/uploads\/2020\/11\/Destilador-alcohol-de-agua-20L-0.jpg","datePublished":"2020-11-10T21:10:29+00:00","dateModified":"2021-01-26T09:22:00+00:00","breadcrumb":{"@id":"https:\/\/distribucionarc.com\/it\/producto\/destilador-alcohol-de-agua-20l\/#breadcrumb"},"inLanguage":"fr-FR","potentialAction":[{"@type":"ReadAction","target":["https:\/\/distribucionarc.com\/it\/producto\/destilador-alcohol-de-agua-20l\/"]}]},{"@type":"ImageObject","inLanguage":"fr-FR","@id":"https:\/\/distribucionarc.com\/it\/producto\/destilador-alcohol-de-agua-20l\/#primaryimage","url":"https:\/\/distribucionarc.com\/wp-content\/uploads\/2020\/11\/Destilador-alcohol-de-agua-20L-0.jpg","contentUrl":"https:\/\/distribucionarc.com\/wp-content\/uploads\/2020\/11\/Destilador-alcohol-de-agua-20L-0.jpg","width":1000,"height":1000,"caption":"Destilador alcohol de agua 20L"},{"@type":"BreadcrumbList","@id":"https:\/\/distribucionarc.com\/it\/producto\/destilador-alcohol-de-agua-20l\/#breadcrumb","itemListElement":[{"@type":"ListItem","position":1,"name":"Portada","item":"https:\/\/distribucionarc.com\/pl\/"},{"@type":"ListItem","position":2,"name":"Produkty","item":"https:\/\/distribucionarc.com\/pl\/shop\/"},{"@type":"ListItem","position":3,"name":"Destilador alcohol de agua 20L"}]},{"@type":"WebSite","@id":"https:\/\/distribucionarc.com\/de\/#website","url":"https:\/\/distribucionarc.com\/de\/","name":"R\u00e9partition de l&#039;ARC","description":"Entreprise sp\u00e9cialis\u00e9e dans la fabrication et la distribution de machines industrielles, scelleuses de bo\u00eetes, machines \u00e0 comprim\u00e9s, machines \u00e0 d\u00e9couper la viande...","publisher":{"@id":"https:\/\/distribucionarc.com\/de\/#organization"},"potentialAction":[{"@type":"SearchAction","target":{"@type":"EntryPoint","urlTemplate":"https:\/\/distribucionarc.com\/de\/?s={search_term_string}"},"query-input":{"@type":"PropertyValueSpecification","valueRequired":true,"valueName":"search_term_string"}}],"inLanguage":"fr-FR"},{"@type":"Organization","@id":"https:\/\/distribucionarc.com\/de\/#organization","name":"Distribution ARC","url":"https:\/\/distribucionarc.com\/de\/","logo":{"@type":"ImageObject","inLanguage":"fr-FR","@id":"https:\/\/distribucionarc.com\/de\/#\/schema\/logo\/image\/","url":"https:\/\/distribucionarc.com\/wp-content\/uploads\/2024\/10\/distribucion-ARC-COLOR-SIN-FONDO-e1732295305345.png","contentUrl":"https:\/\/distribucionarc.com\/wp-content\/uploads\/2024\/10\/distribucion-ARC-COLOR-SIN-FONDO-e1732295305345.png","width":1164,"height":558,"caption":"Distribuci\u00f3n ARC"},"image":{"@id":"https:\/\/distribucionarc.com\/de\/#\/schema\/logo\/image\/"},"description":"Entreprise sp\u00e9cialis\u00e9e dans la fabrication et la distribution de machines industrielles pour les secteurs alimentaire et pharmaceutique. Nous sommes sp\u00e9cialis\u00e9s dans : Machines \u00e0 couper la viande Fabrication de comprim\u00e9s Syst\u00e8mes de transport industriel Lignes d'embouteillage Machines de dosage Et bien plus encore... Nous proposons des solutions innovantes et personnalis\u00e9es pour optimiser les processus de production de votre entreprise.","email":"Admistracion@distribucionarc.com","telephone":"+34 643496664","legalName":"ARC TECH SOLUTIONS","foundingDate":"2024-04-09","vatID":"B55480172","numberOfEmployees":{"@type":"QuantitativeValue","minValue":"1","maxValue":"10"}}]}},"_links":{"self":[{"href":"https:\/\/distribucionarc.com\/fr\/wp-json\/wp\/v2\/product\/4083","targetHints":{"allow":["GET"]}}],"collection":[{"href":"https:\/\/distribucionarc.com\/fr\/wp-json\/wp\/v2\/product"}],"about":[{"href":"https:\/\/distribucionarc.com\/fr\/wp-json\/wp\/v2\/types\/product"}],"replies":[{"embeddable":true,"href":"https:\/\/distribucionarc.com\/fr\/wp-json\/wp\/v2\/comments?post=4083"}],"version-history":[{"count":0,"href":"https:\/\/distribucionarc.com\/fr\/wp-json\/wp\/v2\/product\/4083\/revisions"}],"wp:featuredmedia":[{"embeddable":true,"href":"https:\/\/distribucionarc.com\/fr\/wp-json\/wp\/v2\/media\/4085"}],"wp:attachment":[{"href":"https:\/\/distribucionarc.com\/fr\/wp-json\/wp\/v2\/media?parent=4083"}],"wp:term":[{"taxonomy":"product_brand","embeddable":true,"href":"https:\/\/distribucionarc.com\/fr\/wp-json\/wp\/v2\/product_brand?post=4083"},{"taxonomy":"product_cat","embeddable":true,"href":"https:\/\/distribucionarc.com\/fr\/wp-json\/wp\/v2\/product_cat?post=4083"},{"taxonomy":"product_tag","embeddable":true,"href":"https:\/\/distribucionarc.com\/fr\/wp-json\/wp\/v2\/product_tag?post=4083"}],"curies":[{"name":"wp","href":"https:\/\/api.w.org\/{rel}","templated":true}]}}