{"id":4250,"date":"2021-01-26T11:00:28","date_gmt":"2021-01-26T11:00:28","guid":{"rendered":"https:\/\/distribucionarc.com\/?post_type=product&#038;p=4250"},"modified":"2021-01-26T11:00:28","modified_gmt":"2021-01-26T11:00:28","slug":"lampe-conservatrice-de-chaleur-alimentaire","status":"publish","type":"product","link":"https:\/\/distribucionarc.com\/fr\/producto\/lampara-conservadora-de-calor-para-alimentos\/","title":{"rendered":"Lampe de conservation de la chaleur des aliments"},"content":{"rendered":"<h2>Lampe de conservation de la chaleur des aliments<\/h2>\n<p>Notre <strong>lampe chauffante commerciale <span style=\"color: #ff0000;\">\u00c0<\/span><span style=\"color: #0000ff;\">R.<\/span>CLCA60<\/strong> Il est fabriqu\u00e9 \u00e0 partir de mat\u00e9riaux en acier inoxydable \u00e0 haute r\u00e9sistance, avec une finition bross\u00e9e, enti\u00e8rement soud\u00e9s pour une grande durabilit\u00e9. Il est accessible de trois c\u00f4t\u00e9s. Le <strong>lampe chaude pour la nourriture <\/strong>Il est \u00e9quip\u00e9 d&#039;un \u00e9gouttoir plat perfor\u00e9 et d&#039;un bac d&#039;\u00e9gouttage pour \u00e9vacuer l&#039;exc\u00e8s d&#039;huile des aliments frits ; D\u00e9tachable pour un nettoyage rapide et facile. Le <strong>base chauffante pour poulet frit<\/strong> Il dispose d&#039;un plateau en acier inoxydable pour une vari\u00e9t\u00e9 d&#039;aliments ; avec des dimensions de 525 x 325 x 65 mm. en plus,. Toutes les pi\u00e8ces sont amovibles pour un nettoyage pratique.<\/p>\n<p>Les \u00e9l\u00e9ments<strong> radiateurs infrarouges<\/strong> En forme de U, ils parcourent toute la partie sup\u00e9rieure du <strong>lampe \u00e0 puissance thermique<span style=\"color: #ff0000;\"> \u00c0<\/span><span style=\"color: #0000ff;\">R.<\/span>CLCA60<\/strong>, ils \u00e9mettent donc une distribution de chaleur plus uniforme, \u00e9galement pour obtenir un chauffage rapide et un rendement \u00e9lev\u00e9.<\/p>\n<p>Ce<strong> Plateau de frites<\/strong> Une ampoule thermostable avec une lumi\u00e8re chaude est fix\u00e9e sur le dessus, \u00e9clairant la zone alimentaire afin que vous puissiez voir clairement les aliments tout en laissant les aliments frits d\u00e9gager une couleur attrayante. Ce <strong>lampe chauffante pour chauffe-frites<\/strong> Il est parfait pour conserver vos frites, rondelles d&#039;oignon, poulet frit, pizzas, b\u00e2tonnets de fromage et plus encore \u00e0 une temp\u00e9rature appropri\u00e9e, allant de 30 \u2103 \u00e0 85 \u2103. Aide \u00e0 garder vos aliments chauds, savoureux et croustillants.<\/p>\n<h6>Garantie<strong>\u00a0<span style=\"color: #ff0000;\">\u00c0<\/span><span style=\"color: #0000ff;\">R.<\/span>C 2 ANS<\/strong><\/h6>\n<h6><span style=\"color: #008000;\">Lampe de conservation des aliments, efficace basse consommation 800w<\/span><\/h6>\n<h6>support technique inclus<\/h6>\n<p>&nbsp;<\/p>\n<p>&nbsp;<\/p>\n<table role=\"presentation\" width=\"100%\" cellspacing=\"0\" cellpadding=\"0\">\n<tbody>\n<tr>\n<td class=\"attrLabels\">Marque:<\/td>\n<td width=\"50.0%\">ARC<\/td>\n<\/tr>\n<tr>\n<td class=\"attrLabels\">Garantie:<\/td>\n<td width=\"50.0%\">2 ans<\/td>\n<td class=\"attrLabels\">Poids:<\/td>\n<td width=\"50.0%\">6 kg<\/td>\n<\/tr>\n<tr>\n<td class=\"attrLabels\">Pays de distribution\u00a0:<\/td>\n<td width=\"50.0%\">Espagne, Allemagne, \u00c9tats-Unis<\/td>\n<td class=\"attrLabels\">Hauteur:<\/td>\n<td width=\"50.0%\">60,5 cm<\/td>\n<\/tr>\n<tr>\n<td class=\"attrLabels\">Couleur:<\/td>\n<td width=\"50.0%\">Argent<\/td>\n<td class=\"attrLabels\">Long:<\/td>\n<td width=\"50.0%\">55 cm<\/td>\n<\/tr>\n<tr>\n<td class=\"attrLabels\">Type de produit\u00a0:<\/td>\n<td width=\"50.0%\">Plateau de nourriture chauff\u00e9<\/td>\n<td class=\"attrLabels\">Large:<\/td>\n<td width=\"50.0%\">\u00a034,2 cm<\/td>\n<\/tr>\n<tr>\n<td class=\"attrLabels\">Num\u00e9ro du fabricant :<\/td>\n<td width=\"50.0%\">ARCLCA60<\/td>\n<td class=\"attrLabels\">Plateau chauffant :<\/td>\n<td width=\"50.0%\">52,5 x 32,5 x 6,5 cm<\/td>\n<\/tr>\n<tr>\n<td class=\"attrLabels\">Mat\u00e9riel:<\/td>\n<td width=\"50.0%\">acier inoxydable, lampe infrarouge, chauffage infrarouge en U, bac collecteur<\/td>\n<td class=\"attrLabels\">Plage de temp\u00e9rature\u00a0:<\/td>\n<td width=\"50.0%\">30\u00baC \u2013 85\u00baC<\/td>\n<\/tr>\n<tr>\n<td class=\"attrLabels\">Pouvoir:<\/td>\n<td width=\"50.0%\">800W<\/td>\n<td class=\"attrLabels\">Outils:<\/td>\n<td width=\"50.0%\">Ouais<\/td>\n<\/tr>\n<tr>\n<td class=\"attrLabels\">tension:<\/td>\n<td width=\"50.0%\">220 V 50 Hz \u00e0 60 Hz<\/td>\n<td class=\"attrLabels\"><\/td>\n<td width=\"50.0%\"><\/td>\n<\/tr>\n<\/tbody>\n<\/table>","protected":false},"excerpt":{"rendered":"<h2>Lampe de conservation de la chaleur des aliments<\/h2>\n<p>Notre <strong>lampe infrarouge pour pommes de terre <span style=\"color: #ff0000;\">\u00c0<\/span><span style=\"color: #0000ff;\">R.<\/span>c<\/strong> Il est construit en acier inoxydable \u00e0 haute r\u00e9sistance avec une excellente durabilit\u00e9 et hygi\u00e8ne. Ce <strong>conservateur de chaleur pour aliments frits<\/strong> Vous aide \u00e0 acc\u00e9der facilement \u00e0 la nourriture sur trois c\u00f4t\u00e9s. La base de ceci <strong>radiateur infrarouge<\/strong> <strong><span style=\"color: #ff0000;\">\u00c0<\/span><span style=\"color: #0000ff;\">R.<\/span>CLCA60<\/strong> Livr\u00e9 avec un plateau alimentaire amovible avec un \u00e9gouttoir perfor\u00e9 pour \u00e9vacuer l&#039;exc\u00e8s de graisse. Les \u00e9l\u00e9ments<strong> radiateurs infrarouges<\/strong> La forme en U fournit de la chaleur pour garder les aliments frits chauds et croustillants. Ce <strong>lampe de conservation de la chaleur<\/strong> Il est parfait pour conserver des frites, des rondelles d&#039;oignons, du poulet frit, etc. Avec toute sa saveur et sa texture.<\/p>\n<h6>Garantie<strong>\u00a0<span style=\"color: #ff0000;\">\u00c0<\/span><span style=\"color: #0000ff;\">R.<\/span>C 2 ANS<\/strong><\/h6>\n<h6><span style=\"color: #008000;\">Lampe de conservation des aliments, efficace basse consommation 800w<\/span><\/h6>\n<h6>support technique inclus.<\/h6>","protected":false},"featured_media":4251,"comment_status":"open","ping_status":"closed","template":"","meta":{"wds_primary_product_brand":0,"wds_primary_product_cat":0},"product_brand":[],"product_cat":[41],"product_tag":[],"class_list":{"0":"post-4250","1":"product","2":"type-product","3":"status-publish","4":"has-post-thumbnail","6":"product_cat-expositor-de-alimentos","7":"product_shipping_class-hosteleria","9":"first","10":"instock","11":"sale","12":"taxable","13":"shipping-taxable","14":"purchasable","15":"product-type-simple"},"yoast_head":"<!-- This site is optimized with the Yoast SEO Premium plugin v24.9 (Yoast SEO v26.1) - https:\/\/yoast.com\/wordpress\/plugins\/seo\/ -->\n<title>L\u00e1mpara conservadora de calor para alimentos - distribuci\u00f3n ARC<\/title>\n<meta name=\"robots\" content=\"index, follow, max-snippet:-1, max-image-preview:large, max-video-preview:-1\" \/>\n<link rel=\"canonical\" href=\"https:\/\/distribucionarc.com\/fr\/produit\/lampe-conservatrice-de-chaleur-alimentaire\/\" \/>\n<meta property=\"og:locale\" content=\"fr_FR\" \/>\n<meta property=\"og:type\" content=\"article\" \/>\n<meta property=\"og:title\" content=\"L\u00e1mpara conservadora de calor para alimentos\" \/>\n<meta property=\"og:description\" content=\"L\u00e1mpara conservadora de calor para alimentos Nuestra l\u00e1mpara infrarroja para patatas ARC est\u00e1 construida en acero inoxidable de alta resistencia con una excelente durabilidad e higiene. Este conservador de calor para fritos le ayuda a realizar un f\u00e1cil acceso a la comida desde los tres lados. La base de esta Calentador de infrarrojos ARCLCA60 viene con una bandeja de comida desmontable con una tabla de drenaje perforada para el drenaje del exceso de grasa. Los elementos calefactores infrarrojos en forma de U entregan el calor para mantener los alimentos fritos calientes y crujientes. Esta l\u00e1mpara conservadora de calor es perfecto para conservar las patatas fritas, aros de cebolla, pollo frito, etc. Con todo su sabor y textura. Garant\u00eda\u00a0ARC 2 A\u00d1OS L\u00e1mpara conservadora de alimentos, eficiente bajo consumo 800w soporte t\u00e9cnico\u00a0incluido.\" \/>\n<meta property=\"og:url\" content=\"https:\/\/distribucionarc.com\/fr\/produit\/lampe-conservatrice-de-chaleur-alimentaire\/\" \/>\n<meta property=\"og:site_name\" content=\"distribuci\u00f3n ARC\" \/>\n<meta property=\"og:image\" content=\"https:\/\/distribucionarc.com\/wp-content\/uploads\/2021\/01\/Lampara-conservadora-de-calor-para-alimentos-0.jpg\" \/>\n\t<meta property=\"og:image:width\" content=\"1469\" \/>\n\t<meta property=\"og:image:height\" content=\"1500\" \/>\n\t<meta property=\"og:image:type\" content=\"image\/jpeg\" \/>\n<meta name=\"twitter:card\" content=\"summary_large_image\" \/>\n<meta name=\"twitter:label1\" content=\"Dur\u00e9e de lecture estim\u00e9e\" \/>\n\t<meta name=\"twitter:data1\" content=\"2 minutes\" \/>\n<script type=\"application\/ld+json\" class=\"yoast-schema-graph\">{\"@context\":\"https:\/\/schema.org\",\"@graph\":[{\"@type\":\"WebPage\",\"@id\":\"https:\/\/distribucionarc.com\/en\/producto\/lampara-conservadora-de-calor-para-alimentos\/\",\"url\":\"https:\/\/distribucionarc.com\/en\/producto\/lampara-conservadora-de-calor-para-alimentos\/\",\"name\":\"L\u00e1mpara conservadora de calor para alimentos - distribuci\u00f3n ARC\",\"isPartOf\":{\"@id\":\"https:\/\/distribucionarc.com\/de\/#website\"},\"primaryImageOfPage\":{\"@id\":\"https:\/\/distribucionarc.com\/en\/producto\/lampara-conservadora-de-calor-para-alimentos\/#primaryimage\"},\"image\":{\"@id\":\"https:\/\/distribucionarc.com\/en\/producto\/lampara-conservadora-de-calor-para-alimentos\/#primaryimage\"},\"thumbnailUrl\":\"https:\/\/distribucionarc.com\/wp-content\/uploads\/2021\/01\/Lampara-conservadora-de-calor-para-alimentos-0.jpg\",\"datePublished\":\"2021-01-26T11:00:28+00:00\",\"breadcrumb\":{\"@id\":\"https:\/\/distribucionarc.com\/en\/producto\/lampara-conservadora-de-calor-para-alimentos\/#breadcrumb\"},\"inLanguage\":\"fr-FR\",\"potentialAction\":[{\"@type\":\"ReadAction\",\"target\":[\"https:\/\/distribucionarc.com\/en\/producto\/lampara-conservadora-de-calor-para-alimentos\/\"]}]},{\"@type\":\"ImageObject\",\"inLanguage\":\"fr-FR\",\"@id\":\"https:\/\/distribucionarc.com\/en\/producto\/lampara-conservadora-de-calor-para-alimentos\/#primaryimage\",\"url\":\"https:\/\/distribucionarc.com\/wp-content\/uploads\/2021\/01\/Lampara-conservadora-de-calor-para-alimentos-0.jpg\",\"contentUrl\":\"https:\/\/distribucionarc.com\/wp-content\/uploads\/2021\/01\/Lampara-conservadora-de-calor-para-alimentos-0.jpg\",\"width\":1469,\"height\":1500,\"caption\":\"L\u00e1mpara conservadora de calor para alimentos\"},{\"@type\":\"BreadcrumbList\",\"@id\":\"https:\/\/distribucionarc.com\/en\/producto\/lampara-conservadora-de-calor-para-alimentos\/#breadcrumb\",\"itemListElement\":[{\"@type\":\"ListItem\",\"position\":1,\"name\":\"Portada\",\"item\":\"https:\/\/distribucionarc.com\/pl\/\"},{\"@type\":\"ListItem\",\"position\":2,\"name\":\"Produkty\",\"item\":\"https:\/\/distribucionarc.com\/pl\/shop\/\"},{\"@type\":\"ListItem\",\"position\":3,\"name\":\"L\u00e1mpara conservadora de calor para alimentos\"}]},{\"@type\":\"WebSite\",\"@id\":\"https:\/\/distribucionarc.com\/de\/#website\",\"url\":\"https:\/\/distribucionarc.com\/de\/\",\"name\":\"distribuci\u00f3n ARC\",\"description\":\"Empresa especializada en la fabricaci\u00f3n y distribuci\u00f3n de maquinaria industrial, selladoras de latas, Maquinas de hacer pastillas, Maquinas de cortar carne...\",\"publisher\":{\"@id\":\"https:\/\/distribucionarc.com\/de\/#organization\"},\"potentialAction\":[{\"@type\":\"SearchAction\",\"target\":{\"@type\":\"EntryPoint\",\"urlTemplate\":\"https:\/\/distribucionarc.com\/de\/?s={search_term_string}\"},\"query-input\":{\"@type\":\"PropertyValueSpecification\",\"valueRequired\":true,\"valueName\":\"search_term_string\"}}],\"inLanguage\":\"fr-FR\"},{\"@type\":\"Organization\",\"@id\":\"https:\/\/distribucionarc.com\/de\/#organization\",\"name\":\"Distribuci\u00f3n ARC\",\"url\":\"https:\/\/distribucionarc.com\/de\/\",\"logo\":{\"@type\":\"ImageObject\",\"inLanguage\":\"fr-FR\",\"@id\":\"https:\/\/distribucionarc.com\/de\/#\/schema\/logo\/image\/\",\"url\":\"https:\/\/distribucionarc.com\/wp-content\/uploads\/2024\/10\/distribucion-ARC-COLOR-SIN-FONDO-e1732295305345.png\",\"contentUrl\":\"https:\/\/distribucionarc.com\/wp-content\/uploads\/2024\/10\/distribucion-ARC-COLOR-SIN-FONDO-e1732295305345.png\",\"width\":1164,\"height\":558,\"caption\":\"Distribuci\u00f3n ARC\"},\"image\":{\"@id\":\"https:\/\/distribucionarc.com\/de\/#\/schema\/logo\/image\/\"},\"description\":\"Empresa especializada en la fabricaci\u00f3n y distribuci\u00f3n de maquinaria industrial para los sectores alimentario y farmac\u00e9utico. Nos especializamos en: M\u00e1quinas de cortar carne Fabricaci\u00f3n de comprimidos Sistemas de transporte industrial L\u00edneas de embotellado Dosificadores Y mucho m\u00e1s... Ofrecemos soluciones innovadoras y personalizadas para optimizar los procesos productivos de tu empresa.\",\"email\":\"Admistracion@distribucionarc.com\",\"telephone\":\"+34 643496664\",\"legalName\":\"ARC TECH SOLUTIONS\",\"foundingDate\":\"2024-04-09\",\"vatID\":\"B55480172\",\"numberOfEmployees\":{\"@type\":\"QuantitativeValue\",\"minValue\":\"1\",\"maxValue\":\"10\"}}]}<\/script>\n<!-- \/ Yoast SEO Premium plugin. -->","yoast_head_json":{"title":"Lampe de conservation de la chaleur des aliments - ARC distribution","robots":{"index":"index","follow":"follow","max-snippet":"max-snippet:-1","max-image-preview":"max-image-preview:large","max-video-preview":"max-video-preview:-1"},"canonical":"https:\/\/distribucionarc.com\/fr\/produit\/lampe-conservatrice-de-chaleur-alimentaire\/","og_locale":"fr_FR","og_type":"article","og_title":"L\u00e1mpara conservadora de calor para alimentos","og_description":"L\u00e1mpara conservadora de calor para alimentos Nuestra l\u00e1mpara infrarroja para patatas ARC est\u00e1 construida en acero inoxidable de alta resistencia con una excelente durabilidad e higiene. Este conservador de calor para fritos le ayuda a realizar un f\u00e1cil acceso a la comida desde los tres lados. La base de esta Calentador de infrarrojos ARCLCA60 viene con una bandeja de comida desmontable con una tabla de drenaje perforada para el drenaje del exceso de grasa. Los elementos calefactores infrarrojos en forma de U entregan el calor para mantener los alimentos fritos calientes y crujientes. Esta l\u00e1mpara conservadora de calor es perfecto para conservar las patatas fritas, aros de cebolla, pollo frito, etc. Con todo su sabor y textura. Garant\u00eda\u00a0ARC 2 A\u00d1OS L\u00e1mpara conservadora de alimentos, eficiente bajo consumo 800w soporte t\u00e9cnico\u00a0incluido.","og_url":"https:\/\/distribucionarc.com\/fr\/produit\/lampe-conservatrice-de-chaleur-alimentaire\/","og_site_name":"distribuci\u00f3n ARC","og_image":[{"width":1469,"height":1500,"url":"https:\/\/distribucionarc.com\/wp-content\/uploads\/2021\/01\/Lampara-conservadora-de-calor-para-alimentos-0.jpg","type":"image\/jpeg"}],"twitter_card":"summary_large_image","twitter_misc":{"Dur\u00e9e de lecture estim\u00e9e":"2 minutes"},"schema":{"@context":"https:\/\/schema.org","@graph":[{"@type":"WebPage","@id":"https:\/\/distribucionarc.com\/en\/producto\/lampara-conservadora-de-calor-para-alimentos\/","url":"https:\/\/distribucionarc.com\/en\/producto\/lampara-conservadora-de-calor-para-alimentos\/","name":"Lampe de conservation de la chaleur des aliments - ARC distribution","isPartOf":{"@id":"https:\/\/distribucionarc.com\/de\/#website"},"primaryImageOfPage":{"@id":"https:\/\/distribucionarc.com\/en\/producto\/lampara-conservadora-de-calor-para-alimentos\/#primaryimage"},"image":{"@id":"https:\/\/distribucionarc.com\/en\/producto\/lampara-conservadora-de-calor-para-alimentos\/#primaryimage"},"thumbnailUrl":"https:\/\/distribucionarc.com\/wp-content\/uploads\/2021\/01\/Lampara-conservadora-de-calor-para-alimentos-0.jpg","datePublished":"2021-01-26T11:00:28+00:00","breadcrumb":{"@id":"https:\/\/distribucionarc.com\/en\/producto\/lampara-conservadora-de-calor-para-alimentos\/#breadcrumb"},"inLanguage":"fr-FR","potentialAction":[{"@type":"ReadAction","target":["https:\/\/distribucionarc.com\/en\/producto\/lampara-conservadora-de-calor-para-alimentos\/"]}]},{"@type":"ImageObject","inLanguage":"fr-FR","@id":"https:\/\/distribucionarc.com\/en\/producto\/lampara-conservadora-de-calor-para-alimentos\/#primaryimage","url":"https:\/\/distribucionarc.com\/wp-content\/uploads\/2021\/01\/Lampara-conservadora-de-calor-para-alimentos-0.jpg","contentUrl":"https:\/\/distribucionarc.com\/wp-content\/uploads\/2021\/01\/Lampara-conservadora-de-calor-para-alimentos-0.jpg","width":1469,"height":1500,"caption":"L\u00e1mpara conservadora de calor para alimentos"},{"@type":"BreadcrumbList","@id":"https:\/\/distribucionarc.com\/en\/producto\/lampara-conservadora-de-calor-para-alimentos\/#breadcrumb","itemListElement":[{"@type":"ListItem","position":1,"name":"Portada","item":"https:\/\/distribucionarc.com\/pl\/"},{"@type":"ListItem","position":2,"name":"Produkty","item":"https:\/\/distribucionarc.com\/pl\/shop\/"},{"@type":"ListItem","position":3,"name":"L\u00e1mpara conservadora de calor para alimentos"}]},{"@type":"WebSite","@id":"https:\/\/distribucionarc.com\/de\/#website","url":"https:\/\/distribucionarc.com\/de\/","name":"R\u00e9partition de l&#039;ARC","description":"Entreprise sp\u00e9cialis\u00e9e dans la fabrication et la distribution de machines industrielles, scelleuses de bo\u00eetes, machines \u00e0 comprim\u00e9s, machines \u00e0 d\u00e9couper la viande...","publisher":{"@id":"https:\/\/distribucionarc.com\/de\/#organization"},"potentialAction":[{"@type":"SearchAction","target":{"@type":"EntryPoint","urlTemplate":"https:\/\/distribucionarc.com\/de\/?s={search_term_string}"},"query-input":{"@type":"PropertyValueSpecification","valueRequired":true,"valueName":"search_term_string"}}],"inLanguage":"fr-FR"},{"@type":"Organization","@id":"https:\/\/distribucionarc.com\/de\/#organization","name":"Distribution ARC","url":"https:\/\/distribucionarc.com\/de\/","logo":{"@type":"ImageObject","inLanguage":"fr-FR","@id":"https:\/\/distribucionarc.com\/de\/#\/schema\/logo\/image\/","url":"https:\/\/distribucionarc.com\/wp-content\/uploads\/2024\/10\/distribucion-ARC-COLOR-SIN-FONDO-e1732295305345.png","contentUrl":"https:\/\/distribucionarc.com\/wp-content\/uploads\/2024\/10\/distribucion-ARC-COLOR-SIN-FONDO-e1732295305345.png","width":1164,"height":558,"caption":"Distribuci\u00f3n ARC"},"image":{"@id":"https:\/\/distribucionarc.com\/de\/#\/schema\/logo\/image\/"},"description":"Entreprise sp\u00e9cialis\u00e9e dans la fabrication et la distribution de machines industrielles pour les secteurs alimentaire et pharmaceutique. Nous sommes sp\u00e9cialis\u00e9s dans : Machines \u00e0 couper la viande Fabrication de comprim\u00e9s Syst\u00e8mes de transport industriel Lignes d'embouteillage Machines de dosage Et bien plus encore... Nous proposons des solutions innovantes et personnalis\u00e9es pour optimiser les processus de production de votre entreprise.","email":"Admistracion@distribucionarc.com","telephone":"+34 643496664","legalName":"ARC TECH SOLUTIONS","foundingDate":"2024-04-09","vatID":"B55480172","numberOfEmployees":{"@type":"QuantitativeValue","minValue":"1","maxValue":"10"}}]}},"_links":{"self":[{"href":"https:\/\/distribucionarc.com\/fr\/wp-json\/wp\/v2\/product\/4250","targetHints":{"allow":["GET"]}}],"collection":[{"href":"https:\/\/distribucionarc.com\/fr\/wp-json\/wp\/v2\/product"}],"about":[{"href":"https:\/\/distribucionarc.com\/fr\/wp-json\/wp\/v2\/types\/product"}],"replies":[{"embeddable":true,"href":"https:\/\/distribucionarc.com\/fr\/wp-json\/wp\/v2\/comments?post=4250"}],"version-history":[{"count":0,"href":"https:\/\/distribucionarc.com\/fr\/wp-json\/wp\/v2\/product\/4250\/revisions"}],"wp:featuredmedia":[{"embeddable":true,"href":"https:\/\/distribucionarc.com\/fr\/wp-json\/wp\/v2\/media\/4251"}],"wp:attachment":[{"href":"https:\/\/distribucionarc.com\/fr\/wp-json\/wp\/v2\/media?parent=4250"}],"wp:term":[{"taxonomy":"product_brand","embeddable":true,"href":"https:\/\/distribucionarc.com\/fr\/wp-json\/wp\/v2\/product_brand?post=4250"},{"taxonomy":"product_cat","embeddable":true,"href":"https:\/\/distribucionarc.com\/fr\/wp-json\/wp\/v2\/product_cat?post=4250"},{"taxonomy":"product_tag","embeddable":true,"href":"https:\/\/distribucionarc.com\/fr\/wp-json\/wp\/v2\/product_tag?post=4250"}],"curies":[{"name":"wp","href":"https:\/\/api.w.org\/{rel}","templated":true}]}}