{"id":4274,"date":"2021-01-27T11:36:14","date_gmt":"2021-01-27T11:36:14","guid":{"rendered":"https:\/\/distribucionarc.com\/?post_type=product&#038;p=4274"},"modified":"2021-01-27T11:36:14","modified_gmt":"2021-01-27T11:36:14","slug":"epluche-ail-automatique","status":"publish","type":"product","link":"https:\/\/distribucionarc.com\/fr\/producto\/peladora-de-ajos-automatica\/","title":{"rendered":"\u00c9plucheur d&#039;ail automatique"},"content":{"rendered":"<h3>\u00c9plucheur d&#039;ail automatique<\/h3>\n<p>Le<strong> machine \u00e0 \u00e9plucher \u00e9lectrique <span style=\"color: #ff0000;\">\u00c0<\/span><span style=\"color: #0000ff;\">R.<\/span>c<\/strong> Il est fabriqu\u00e9 en acier inoxydable \u00e9pais de haute qualit\u00e9\u00a0; en plus d&#039;assurer son utilisation dans l&#039;industrie alimentaire. Il est \u00e9galement durable et r\u00e9sistant \u00e0 la corrosion pour garantir une utilisation durable.<\/p>\n<p>Ce <strong>\u00e9plucheur d&#039;ail <span style=\"color: #ff0000;\">\u00c0<\/span><span style=\"color: #0000ff;\">R.<\/span>CPA25<\/strong> Il dispose d&#039;un moteur premium d&#039;une puissance de 175 W, la vitesse \u00e9lev\u00e9e d&#039;\u00e9pluchage par rotation permet d&#039;\u00e9plucher 35 kg d&#039;ail toutes les 30 minutes par heure. Le taux d&#039;\u00e9pluchage peut \u00eatre de l&#039;ordre de 95%, lorsque la peau de l&#039;ail est plus s\u00e8che, cela favorise le<strong> nettoyeur d&#039;ail automatique<span style=\"color: #ff0000;\"> \u00c0<\/span><span style=\"color: #0000ff;\">R.<\/span>CPA25<\/strong> effectuer un pelage plus rapide et plus efficace.<\/p>\n<p>Ouvrez le <strong>machine \u00e0 ail \u00e9pluch\u00e9<\/strong> et placez les gousses d&#039;ail. La peau de l&#039;ail et les fruits sont automatiquement s\u00e9par\u00e9s. Le peeling avec \u00e7a<strong> \u00e9plucheur d&#039;ail<\/strong> C&#039;est tr\u00e8s rapide. \u00c9tant \u00e9quip\u00e9 d&#039;un s\u00e9parateur cruciforme en silicone sp\u00e9cial\u00a0; Cela am\u00e9liore l&#039;efficacit\u00e9 du pelage et r\u00e9duit les dommages, le hachage ou la coupe de l&#039;ail. Le <strong>\u00e9plucheur automatique<\/strong> Am\u00e9liore le s\u00e9parateur monotone d&#039;\u00e9pluchage d&#039;ail.<\/p>\n<p>Le <strong>machine de nettoyage de l&#039;ail<\/strong> Il est facile de le d\u00e9placer gr\u00e2ce aux deux poign\u00e9es lat\u00e9rales, pour faciliter son transport partout o\u00f9 cela est n\u00e9cessaire. Dot\u00e9 d&#039;une bouche de remplissage \u00e9paissie et d&#039;un bouchon en acier inoxydable, il peut \u00eatre utilis\u00e9 pour \u00e9plucher diff\u00e9rentes tailles d&#039;ail.  Ce <strong>appareil \u00e0 \u00e9plucher l&#039;ail<\/strong> Il est parfait pour les restaurants, les grillades, les sauceurs, les h\u00f4tels, l&#039;industrie alimentaire, etc.<\/p>\n<p>&nbsp;<\/p>\n<h6><strong>Garantie\u00a0<span style=\"color: #ff0000;\">\u00c0<\/span><span style=\"color: #0000ff;\">R.<\/span>C 2 ANS<\/strong><\/h6>\n<h6><span style=\"color: #008000;\">\u00c9plucheur d&#039;ail efficace, basse consommation 175W<\/span><\/h6>\n<h6><strong>support technique inclus<\/strong><\/h6>\n<p>&nbsp;<\/p>\n<table role=\"presentation\" width=\"100%\" cellspacing=\"0\" cellpadding=\"0\">\n<tbody>\n<tr>\n<td class=\"attrLabels\">Marque:<\/td>\n<td width=\"50.0%\">ARC<\/td>\n<\/tr>\n<tr>\n<td class=\"attrLabels\">Garantie:<\/td>\n<td width=\"50.0%\">2 ans<\/td>\n<td class=\"attrLabels\">Poids:<\/td>\n<td width=\"50.0%\">9 kg<\/td>\n<\/tr>\n<tr>\n<td class=\"attrLabels\">Pays de distribution\u00a0:<\/td>\n<td width=\"50.0%\">Espagne, Allemagne, \u00c9tats-Unis<\/td>\n<td class=\"attrLabels\">Hauteur:<\/td>\n<td width=\"50.0%\">52,1 cm<\/td>\n<\/tr>\n<tr>\n<td class=\"attrLabels\">Couleur:<\/td>\n<td width=\"50.0%\">Argent<\/td>\n<td class=\"attrLabels\">Long:<\/td>\n<td width=\"50.0%\">20,3 cm<\/td>\n<\/tr>\n<tr>\n<td class=\"attrLabels\">Type de produit\u00a0:<\/td>\n<td width=\"50.0%\">nettoyeur d&#039;ail automatique<\/td>\n<td class=\"attrLabels\">Large:<\/td>\n<td width=\"50.0%\">20,3 cm<\/td>\n<\/tr>\n<tr>\n<td class=\"attrLabels\">Num\u00e9ro du fabricant :<\/td>\n<td width=\"50.0%\">ARCPA25<\/td>\n<td class=\"attrLabels\">Capacit\u00e9 de la tr\u00e9mie\u00a0:<\/td>\n<td width=\"50.0%\">25 kg<\/td>\n<\/tr>\n<tr>\n<td class=\"attrLabels\">Mat\u00e9riel:<\/td>\n<td width=\"50.0%\">Acier inoxydable 304 alimentaire<\/td>\n<td class=\"attrLabels\">Vitesse de pelage\u00a0:<\/td>\n<td width=\"50.0%\">35kg par heure<\/td>\n<\/tr>\n<tr>\n<td class=\"attrLabels\">Op\u00e9ration:<\/td>\n<td width=\"50.0%\">\u00c9nergique<\/td>\n<td class=\"attrLabels\">Taux de pelage\u00a0:<\/td>\n<td width=\"50.0%\">95%<\/td>\n<\/tr>\n<tr>\n<td class=\"attrLabels\">Consommation \u00e9lectrique :<\/td>\n<td width=\"50.0%\">175W<\/td>\n<td class=\"attrLabels\">tension:<\/td>\n<td width=\"50.0%\">220 V 50 Hz<\/td>\n<\/tr>\n<\/tbody>\n<\/table>\n<p>&nbsp;<\/p>\n<p>&nbsp;<\/p>","protected":false},"excerpt":{"rendered":"<h2>\u00c9plucheur d&#039;ail automatique<\/h2>\n<p>Ce <strong>\u00e9plucheur d&#039;ail <span style=\"color: #ff0000;\">\u00c0<\/span><span style=\"color: #0000ff;\">R.<\/span>c<\/strong> Il se caract\u00e9rise par une haute r\u00e9sistance \u00e0 la traction et \u00e0 la corrosion. Fabriqu\u00e9 en acier inoxydable, durable, r\u00e9sistant \u00e0 l&#039;usure et de qualit\u00e9 sp\u00e9cifique pour une utilisation dans l&#039;industrie alimentaire. Le <strong>machine \u00e0 \u00e9plucher l&#039;ail industrielle <span style=\"color: #ff0000;\">\u00c0<\/span><span style=\"color: #0000ff;\">R.<\/span>c<\/strong> Il dispose d\u2019un moteur haut de gamme d\u2019une puissance de 175 W. Gr\u00e2ce \u00e0 cela, cet \u00e9plucheur d&#039;ail professionnel offre une vitesse d&#039;\u00e9pluchage \u00e9lev\u00e9e par rotation et est capable d&#039;\u00e9plucher jusqu&#039;\u00e0 35 kg d&#039;ail. Ce <strong>nettoyant \u00e0 l&#039;ail<\/strong> Il vous aidera \u00e0 acc\u00e9l\u00e9rer la production pour r\u00e9aliser des sauces, des huiles, des cr\u00e8mes, des beurres, etc. Gr\u00e2ce \u00e0 sa conception compacte et simple, il facilite le nettoyage et l&#039;entretien de la machine.<strong> \u00e9plucheur automatique<\/strong>.<\/p>\n<h6><strong>Garantie\u00a0<span style=\"color: #ff0000;\">\u00c0<\/span><span style=\"color: #0000ff;\">R.<\/span>C 2 ANS<\/strong><\/h6>\n<h6><span style=\"color: #008000;\">\u00c9plucheur d&#039;ail efficace, basse consommation 175W<\/span><\/h6>\n<h6><strong>support technique inclus<\/strong><\/h6>\n<p>&nbsp;<\/p>","protected":false},"featured_media":4275,"comment_status":"open","ping_status":"closed","template":"","meta":{"wds_primary_product_brand":0,"wds_primary_product_cat":0},"product_brand":[],"product_cat":[43,61],"product_tag":[],"class_list":{"0":"post-4274","1":"product","2":"type-product","3":"status-publish","4":"has-post-thumbnail","6":"product_cat-cortadoras-de-alimentos","7":"product_cat-peladoras-de-alimentos","8":"product_shipping_class-hosteleria","10":"first","11":"instock","12":"sale","13":"taxable","14":"shipping-taxable","15":"purchasable","16":"product-type-simple"},"yoast_head":"<!-- This site is optimized with the Yoast SEO Premium plugin v24.9 (Yoast SEO v26.1) - https:\/\/yoast.com\/wordpress\/plugins\/seo\/ -->\n<title>Peladora de ajos autom\u00e1tica - distribuci\u00f3n ARC<\/title>\n<meta name=\"robots\" content=\"index, follow, max-snippet:-1, max-image-preview:large, max-video-preview:-1\" \/>\n<link rel=\"canonical\" href=\"https:\/\/distribucionarc.com\/fr\/produit\/epluche-ail-automatique\/\" \/>\n<meta property=\"og:locale\" content=\"fr_FR\" \/>\n<meta property=\"og:type\" content=\"article\" \/>\n<meta property=\"og:title\" content=\"Peladora de ajos autom\u00e1tica\" \/>\n<meta property=\"og:description\" content=\"Peladora de ajos autom\u00e1tica Esta peladora de ajos ARC se caracteriza por una alta resistencia a la tracci\u00f3n y a la corrosi\u00f3n. Hecha de acero inoxidable, duradero, resistente al desgaste y de calidad espec\u00edfica para el uso en la industria alimentaria. La m\u00e1quina industrial para pelar ajos ARC cuenta con un motor premium con 175 W de potencia. Gracias a esto esta peladora profesional de ajos le proporciona una alta velocidad de pelado por rotaci\u00f3n siendo capaz de pelar hasta 35kg de ajos. Esta limpiadora de ajos le favorecer\u00e1 a acelerar la producci\u00f3n para elaborar salsas, aceites, cremas, mantequillas, etc. Gracias a su dise\u00f1o compacto y sencillo le facilita la limpieza y mantenimiento de la peladora autom\u00e1tica. Garant\u00eda\u00a0ARC 2 A\u00d1OS Peladora de ajos eficiente, bajo consumo\u00a0 175W soporte t\u00e9cnico incluido &nbsp;\" \/>\n<meta property=\"og:url\" content=\"https:\/\/distribucionarc.com\/fr\/produit\/epluche-ail-automatique\/\" \/>\n<meta property=\"og:site_name\" content=\"distribuci\u00f3n ARC\" \/>\n<meta property=\"og:image\" content=\"https:\/\/distribucionarc.com\/wp-content\/uploads\/2021\/01\/Peladora-de-ajos-automatica-0.jpg\" \/>\n\t<meta property=\"og:image:width\" content=\"1600\" \/>\n\t<meta property=\"og:image:height\" content=\"1600\" \/>\n\t<meta property=\"og:image:type\" content=\"image\/jpeg\" \/>\n<meta name=\"twitter:card\" content=\"summary_large_image\" \/>\n<meta name=\"twitter:label1\" content=\"Dur\u00e9e de lecture estim\u00e9e\" \/>\n\t<meta name=\"twitter:data1\" content=\"2 minutes\" \/>\n<script type=\"application\/ld+json\" class=\"yoast-schema-graph\">{\"@context\":\"https:\/\/schema.org\",\"@graph\":[{\"@type\":\"WebPage\",\"@id\":\"https:\/\/distribucionarc.com\/nb\/producto\/peladora-de-ajos-automatica\/\",\"url\":\"https:\/\/distribucionarc.com\/nb\/producto\/peladora-de-ajos-automatica\/\",\"name\":\"Peladora de ajos autom\u00e1tica - distribuci\u00f3n ARC\",\"isPartOf\":{\"@id\":\"https:\/\/distribucionarc.com\/de\/#website\"},\"primaryImageOfPage\":{\"@id\":\"https:\/\/distribucionarc.com\/nb\/producto\/peladora-de-ajos-automatica\/#primaryimage\"},\"image\":{\"@id\":\"https:\/\/distribucionarc.com\/nb\/producto\/peladora-de-ajos-automatica\/#primaryimage\"},\"thumbnailUrl\":\"https:\/\/distribucionarc.com\/wp-content\/uploads\/2021\/01\/Peladora-de-ajos-automatica-0.jpg\",\"datePublished\":\"2021-01-27T11:36:14+00:00\",\"breadcrumb\":{\"@id\":\"https:\/\/distribucionarc.com\/nb\/producto\/peladora-de-ajos-automatica\/#breadcrumb\"},\"inLanguage\":\"fr-FR\",\"potentialAction\":[{\"@type\":\"ReadAction\",\"target\":[\"https:\/\/distribucionarc.com\/nb\/producto\/peladora-de-ajos-automatica\/\"]}]},{\"@type\":\"ImageObject\",\"inLanguage\":\"fr-FR\",\"@id\":\"https:\/\/distribucionarc.com\/nb\/producto\/peladora-de-ajos-automatica\/#primaryimage\",\"url\":\"https:\/\/distribucionarc.com\/wp-content\/uploads\/2021\/01\/Peladora-de-ajos-automatica-0.jpg\",\"contentUrl\":\"https:\/\/distribucionarc.com\/wp-content\/uploads\/2021\/01\/Peladora-de-ajos-automatica-0.jpg\",\"width\":1600,\"height\":1600,\"caption\":\"Peladora de ajos autom\u00e1tica\"},{\"@type\":\"BreadcrumbList\",\"@id\":\"https:\/\/distribucionarc.com\/nb\/producto\/peladora-de-ajos-automatica\/#breadcrumb\",\"itemListElement\":[{\"@type\":\"ListItem\",\"position\":1,\"name\":\"Portada\",\"item\":\"https:\/\/distribucionarc.com\/pl\/\"},{\"@type\":\"ListItem\",\"position\":2,\"name\":\"Produkty\",\"item\":\"https:\/\/distribucionarc.com\/pl\/shop\/\"},{\"@type\":\"ListItem\",\"position\":3,\"name\":\"Peladora de ajos autom\u00e1tica\"}]},{\"@type\":\"WebSite\",\"@id\":\"https:\/\/distribucionarc.com\/de\/#website\",\"url\":\"https:\/\/distribucionarc.com\/de\/\",\"name\":\"distribuci\u00f3n ARC\",\"description\":\"Empresa especializada en la fabricaci\u00f3n y distribuci\u00f3n de maquinaria industrial, selladoras de latas, Maquinas de hacer pastillas, Maquinas de cortar carne...\",\"publisher\":{\"@id\":\"https:\/\/distribucionarc.com\/de\/#organization\"},\"potentialAction\":[{\"@type\":\"SearchAction\",\"target\":{\"@type\":\"EntryPoint\",\"urlTemplate\":\"https:\/\/distribucionarc.com\/de\/?s={search_term_string}\"},\"query-input\":{\"@type\":\"PropertyValueSpecification\",\"valueRequired\":true,\"valueName\":\"search_term_string\"}}],\"inLanguage\":\"fr-FR\"},{\"@type\":\"Organization\",\"@id\":\"https:\/\/distribucionarc.com\/de\/#organization\",\"name\":\"Distribuci\u00f3n ARC\",\"url\":\"https:\/\/distribucionarc.com\/de\/\",\"logo\":{\"@type\":\"ImageObject\",\"inLanguage\":\"fr-FR\",\"@id\":\"https:\/\/distribucionarc.com\/de\/#\/schema\/logo\/image\/\",\"url\":\"https:\/\/distribucionarc.com\/wp-content\/uploads\/2024\/10\/distribucion-ARC-COLOR-SIN-FONDO-e1732295305345.png\",\"contentUrl\":\"https:\/\/distribucionarc.com\/wp-content\/uploads\/2024\/10\/distribucion-ARC-COLOR-SIN-FONDO-e1732295305345.png\",\"width\":1164,\"height\":558,\"caption\":\"Distribuci\u00f3n ARC\"},\"image\":{\"@id\":\"https:\/\/distribucionarc.com\/de\/#\/schema\/logo\/image\/\"},\"description\":\"Empresa especializada en la fabricaci\u00f3n y distribuci\u00f3n de maquinaria industrial para los sectores alimentario y farmac\u00e9utico. Nos especializamos en: M\u00e1quinas de cortar carne Fabricaci\u00f3n de comprimidos Sistemas de transporte industrial L\u00edneas de embotellado Dosificadores Y mucho m\u00e1s... Ofrecemos soluciones innovadoras y personalizadas para optimizar los procesos productivos de tu empresa.\",\"email\":\"Admistracion@distribucionarc.com\",\"telephone\":\"+34 643496664\",\"legalName\":\"ARC TECH SOLUTIONS\",\"foundingDate\":\"2024-04-09\",\"vatID\":\"B55480172\",\"numberOfEmployees\":{\"@type\":\"QuantitativeValue\",\"minValue\":\"1\",\"maxValue\":\"10\"}}]}<\/script>\n<!-- \/ Yoast SEO Premium plugin. -->","yoast_head_json":{"title":"\u00c9plucheur d&#039;ail automatique - ARC distribution","robots":{"index":"index","follow":"follow","max-snippet":"max-snippet:-1","max-image-preview":"max-image-preview:large","max-video-preview":"max-video-preview:-1"},"canonical":"https:\/\/distribucionarc.com\/fr\/produit\/epluche-ail-automatique\/","og_locale":"fr_FR","og_type":"article","og_title":"Peladora de ajos autom\u00e1tica","og_description":"Peladora de ajos autom\u00e1tica Esta peladora de ajos ARC se caracteriza por una alta resistencia a la tracci\u00f3n y a la corrosi\u00f3n. Hecha de acero inoxidable, duradero, resistente al desgaste y de calidad espec\u00edfica para el uso en la industria alimentaria. La m\u00e1quina industrial para pelar ajos ARC cuenta con un motor premium con 175 W de potencia. Gracias a esto esta peladora profesional de ajos le proporciona una alta velocidad de pelado por rotaci\u00f3n siendo capaz de pelar hasta 35kg de ajos. Esta limpiadora de ajos le favorecer\u00e1 a acelerar la producci\u00f3n para elaborar salsas, aceites, cremas, mantequillas, etc. Gracias a su dise\u00f1o compacto y sencillo le facilita la limpieza y mantenimiento de la peladora autom\u00e1tica. Garant\u00eda\u00a0ARC 2 A\u00d1OS Peladora de ajos eficiente, bajo consumo\u00a0 175W soporte t\u00e9cnico incluido &nbsp;","og_url":"https:\/\/distribucionarc.com\/fr\/produit\/epluche-ail-automatique\/","og_site_name":"distribuci\u00f3n ARC","og_image":[{"width":1600,"height":1600,"url":"https:\/\/distribucionarc.com\/wp-content\/uploads\/2021\/01\/Peladora-de-ajos-automatica-0.jpg","type":"image\/jpeg"}],"twitter_card":"summary_large_image","twitter_misc":{"Dur\u00e9e de lecture estim\u00e9e":"2 minutes"},"schema":{"@context":"https:\/\/schema.org","@graph":[{"@type":"WebPage","@id":"https:\/\/distribucionarc.com\/nb\/producto\/peladora-de-ajos-automatica\/","url":"https:\/\/distribucionarc.com\/nb\/producto\/peladora-de-ajos-automatica\/","name":"\u00c9plucheur d&#039;ail automatique - ARC distribution","isPartOf":{"@id":"https:\/\/distribucionarc.com\/de\/#website"},"primaryImageOfPage":{"@id":"https:\/\/distribucionarc.com\/nb\/producto\/peladora-de-ajos-automatica\/#primaryimage"},"image":{"@id":"https:\/\/distribucionarc.com\/nb\/producto\/peladora-de-ajos-automatica\/#primaryimage"},"thumbnailUrl":"https:\/\/distribucionarc.com\/wp-content\/uploads\/2021\/01\/Peladora-de-ajos-automatica-0.jpg","datePublished":"2021-01-27T11:36:14+00:00","breadcrumb":{"@id":"https:\/\/distribucionarc.com\/nb\/producto\/peladora-de-ajos-automatica\/#breadcrumb"},"inLanguage":"fr-FR","potentialAction":[{"@type":"ReadAction","target":["https:\/\/distribucionarc.com\/nb\/producto\/peladora-de-ajos-automatica\/"]}]},{"@type":"ImageObject","inLanguage":"fr-FR","@id":"https:\/\/distribucionarc.com\/nb\/producto\/peladora-de-ajos-automatica\/#primaryimage","url":"https:\/\/distribucionarc.com\/wp-content\/uploads\/2021\/01\/Peladora-de-ajos-automatica-0.jpg","contentUrl":"https:\/\/distribucionarc.com\/wp-content\/uploads\/2021\/01\/Peladora-de-ajos-automatica-0.jpg","width":1600,"height":1600,"caption":"Peladora de ajos autom\u00e1tica"},{"@type":"BreadcrumbList","@id":"https:\/\/distribucionarc.com\/nb\/producto\/peladora-de-ajos-automatica\/#breadcrumb","itemListElement":[{"@type":"ListItem","position":1,"name":"Portada","item":"https:\/\/distribucionarc.com\/pl\/"},{"@type":"ListItem","position":2,"name":"Produkty","item":"https:\/\/distribucionarc.com\/pl\/shop\/"},{"@type":"ListItem","position":3,"name":"Peladora de ajos autom\u00e1tica"}]},{"@type":"WebSite","@id":"https:\/\/distribucionarc.com\/de\/#website","url":"https:\/\/distribucionarc.com\/de\/","name":"R\u00e9partition de l&#039;ARC","description":"Entreprise sp\u00e9cialis\u00e9e dans la fabrication et la distribution de machines industrielles, scelleuses de bo\u00eetes, machines \u00e0 comprim\u00e9s, machines \u00e0 d\u00e9couper la viande...","publisher":{"@id":"https:\/\/distribucionarc.com\/de\/#organization"},"potentialAction":[{"@type":"SearchAction","target":{"@type":"EntryPoint","urlTemplate":"https:\/\/distribucionarc.com\/de\/?s={search_term_string}"},"query-input":{"@type":"PropertyValueSpecification","valueRequired":true,"valueName":"search_term_string"}}],"inLanguage":"fr-FR"},{"@type":"Organization","@id":"https:\/\/distribucionarc.com\/de\/#organization","name":"Distribution ARC","url":"https:\/\/distribucionarc.com\/de\/","logo":{"@type":"ImageObject","inLanguage":"fr-FR","@id":"https:\/\/distribucionarc.com\/de\/#\/schema\/logo\/image\/","url":"https:\/\/distribucionarc.com\/wp-content\/uploads\/2024\/10\/distribucion-ARC-COLOR-SIN-FONDO-e1732295305345.png","contentUrl":"https:\/\/distribucionarc.com\/wp-content\/uploads\/2024\/10\/distribucion-ARC-COLOR-SIN-FONDO-e1732295305345.png","width":1164,"height":558,"caption":"Distribuci\u00f3n ARC"},"image":{"@id":"https:\/\/distribucionarc.com\/de\/#\/schema\/logo\/image\/"},"description":"Entreprise sp\u00e9cialis\u00e9e dans la fabrication et la distribution de machines industrielles pour les secteurs alimentaire et pharmaceutique. Nous sommes sp\u00e9cialis\u00e9s dans : Machines \u00e0 couper la viande Fabrication de comprim\u00e9s Syst\u00e8mes de transport industriel Lignes d'embouteillage Machines de dosage Et bien plus encore... Nous proposons des solutions innovantes et personnalis\u00e9es pour optimiser les processus de production de votre entreprise.","email":"Admistracion@distribucionarc.com","telephone":"+34 643496664","legalName":"ARC TECH SOLUTIONS","foundingDate":"2024-04-09","vatID":"B55480172","numberOfEmployees":{"@type":"QuantitativeValue","minValue":"1","maxValue":"10"}}]}},"_links":{"self":[{"href":"https:\/\/distribucionarc.com\/fr\/wp-json\/wp\/v2\/product\/4274","targetHints":{"allow":["GET"]}}],"collection":[{"href":"https:\/\/distribucionarc.com\/fr\/wp-json\/wp\/v2\/product"}],"about":[{"href":"https:\/\/distribucionarc.com\/fr\/wp-json\/wp\/v2\/types\/product"}],"replies":[{"embeddable":true,"href":"https:\/\/distribucionarc.com\/fr\/wp-json\/wp\/v2\/comments?post=4274"}],"version-history":[{"count":0,"href":"https:\/\/distribucionarc.com\/fr\/wp-json\/wp\/v2\/product\/4274\/revisions"}],"wp:featuredmedia":[{"embeddable":true,"href":"https:\/\/distribucionarc.com\/fr\/wp-json\/wp\/v2\/media\/4275"}],"wp:attachment":[{"href":"https:\/\/distribucionarc.com\/fr\/wp-json\/wp\/v2\/media?parent=4274"}],"wp:term":[{"taxonomy":"product_brand","embeddable":true,"href":"https:\/\/distribucionarc.com\/fr\/wp-json\/wp\/v2\/product_brand?post=4274"},{"taxonomy":"product_cat","embeddable":true,"href":"https:\/\/distribucionarc.com\/fr\/wp-json\/wp\/v2\/product_cat?post=4274"},{"taxonomy":"product_tag","embeddable":true,"href":"https:\/\/distribucionarc.com\/fr\/wp-json\/wp\/v2\/product_tag?post=4274"}],"curies":[{"name":"wp","href":"https:\/\/api.w.org\/{rel}","templated":true}]}}