{"id":4288,"date":"2021-01-27T14:37:58","date_gmt":"2021-01-27T14:37:58","guid":{"rendered":"https:\/\/distribucionarc.com\/?post_type=product&#038;p=4288"},"modified":"2023-02-24T13:39:13","modified_gmt":"2023-02-24T13:39:13","slug":"thermique-print-lotter","status":"publish","type":"product","link":"https:\/\/distribucionarc.com\/fr\/producto\/loteadora-de-impresion-termica\/","title":{"rendered":"Machine de lot d&#039;impression thermique\u00a0"},"content":{"rendered":"<h3>Machine de lot d&#039;impression thermique<\/h3>\n<p>La disposition et la disposition du clavier de ce<strong> imprimante thermique par lots<\/strong> Ils sont faciles \u00e0 utiliser, leur fonctionnement simple et intuitif vous facilite le processus. Le <strong>machine de lot d&#039;impression <span style=\"color: #ff0000;\">\u00c0<\/span><span style=\"color: #0000ff;\">R.<\/span>CLIT100<\/strong> Il dispose d\u2019un panneau de commande simple o\u00f9 vous pouvez r\u00e9gler la temp\u00e9rature et la vitesse selon vos besoins. Convient aux rubans basse, moyenne et haute temp\u00e9rature.<\/p>\n<p>Le ruban encreur de marquage \u00e0 chaud est dot\u00e9 d&#039;un moteur haut de gamme de haute qualit\u00e9, qui fournit une sortie stable et un fonctionnement fiable pour garantir la durabilit\u00e9 du <strong>machine de dosage thermique<\/strong>. La t\u00eate d&#039;impression enti\u00e8rement en cuivre de ce <strong>marqueur de code<\/strong> Il peut \u00eatre d\u00e9mont\u00e9 pour faciliter le changement de caract\u00e8res et de code pour un travail plus pratique. Le code de caract\u00e8res r\u00e9glable am\u00e9liore l&#039;efficacit\u00e9 du travail et un effet d&#039;impression plus clair.<\/p>\n<p>Le <strong>imprimante \u00e0 ruban thermique<\/strong> propose deux m\u00e9thodes de codage : automatique et \u00e0 p\u00e9dale pour une utilisation facile au quotidien. Si l\u2019encodage continu n\u2019est pas utilis\u00e9, r\u00e9glez le commutateur sur pause. Vous pouvez utiliser la p\u00e9dale pour imprimer le code. La distance entre les sangles peut \u00eatre ajust\u00e9e \u00e0 l&#039;aide de l&#039;\u00e9crou pour \u00e9viter l&#039;usure des sangles. Tournez le ruban vers le haut pour r\u00e9duire l&#039;\u00e9cart et baissez-le pour augmenter l&#039;\u00e9cart. Gr\u00e2ce \u00e0 cela le <strong>machine de lot d&#039;impression<\/strong> Vous pouvez ajuster l&#039;endroit le plus appropri\u00e9 pour garantir une meilleure impression.<\/p>\n<p>Le<strong> machine d&#039;impression de ruban <span style=\"color: #ff0000;\">\u00c0<\/span><span style=\"color: #0000ff;\">R.<\/span>CLIT100<\/strong> Il est largement utilis\u00e9 dans l&#039;impression d&#039;aliments, de boissons, de produits pharmaceutiques, de produits aquatiques, de produits naturels, de cosm\u00e9tiques, de composants \u00e9lectroniques, de mat\u00e9riel informatique, de produits chimiques et autres.<\/p>\n<hr \/>\n<ul>\n<li>Type: Machine d&#039;impression \u00e0 ruban chaud<\/li>\n<li>Mode d&#039;encodage : semi-automatique<\/li>\n<li>Vitesse d&#039;impression : 10 ~ 100 fois\/min, vitesse r\u00e9glable en continu<\/li>\n<li>Zone d&#039;impression : ligne unique : max. 4 x 35 env. 15 pi\u00e8ces de ce type<\/li>\n<li>Ligne double : max. 8 x 35 env. 30 pi\u00e8ces de type<\/li>\n<li>Ligne triple : max. 12 x 35 env. 45 pi\u00e8ces de types<\/li>\n<li>Type d&#039;impression : chiffres, lettres<\/li>\n<li>Ruban de marquage \u00e0 chaud : largeur standard 35 mm, longueur 100 mm, diam\u00e8tre de la bobine 25,4 mm<\/li>\n<li>Moteur r\u00e9ducteur : 15 W, 220 V ; Vitesse 140 tr\/min<\/li>\n<li>Temp\u00e9rature de fonctionnement : 0 ~ 200 \u00b0C.<\/li>\n<li>Taille du produit : 25,3 x 22,09 x 32 cm (L x L x H)<\/li>\n<\/ul>\n<h6><\/h6>\n<h6><strong>Garantie\u00a0<span style=\"color: #ff0000;\">\u00c0<\/span><span style=\"color: #0000ff;\">R.<\/span>C 2 ANS<\/strong><\/h6>\n<h6><span style=\"color: #008000;\">Machine de lot d&#039;impression efficace, consommation de 175 W<\/span><\/h6>\n<h6><strong>support technique inclus<\/strong><\/h6>\n<p>&nbsp;<\/p>\n<p>&nbsp;<\/p>","protected":false},"excerpt":{"rendered":"<h2>Machine de lot d&#039;impression thermique<\/h2>\n<p>Comment vas-tu <strong>\u00e9tiqueteuse d&#039;impression<\/strong> semi-automatique <strong><span style=\"color: #ff0000;\">\u00c0<\/span><span style=\"color: #0000ff;\">R.<\/span>c<\/strong> mettra en lots vos produits \u00e0 grande vitesse, en privil\u00e9giant le processus lin\u00e9aire, <strong>machine \u00e0 emboutir \u00e9lectrique<\/strong> utilise un ruban de marquage \u00e0 chaud au lieu de l&#039;encre liquide\u00a0; obtenant ainsi une impression claire, facile \u00e0 s\u00e9cher, propre et hygi\u00e9nique. Ce <strong>tampon thermique<\/strong> Cela fonctionne de la mani\u00e8re sp\u00e9cifique de modifier des mots en mouvement ou d&#039;imprimer des nombres. Le <strong>machine de lot d&#039;impression <span style=\"color: #ff0000;\">\u00c0<\/span><span style=\"color: #0000ff;\">R.<\/span>c<\/strong> Il est largement utilis\u00e9 dans l\u2019impression d\u2019aliments, de boissons, de m\u00e9dicaments, de produits aquatiques, de produits naturels, de cosm\u00e9tiques, de composants \u00e9lectroniques, de mat\u00e9riel, de produits chimiques et d\u2019autres industries.<\/p>\n<h6><strong>Garantie\u00a0<span style=\"color: #ff0000;\">\u00c0<\/span><span style=\"color: #0000ff;\">R.<\/span>C 2 ANS<\/strong><\/h6>\n<h6><span style=\"color: #008000;\">Machine de lot d&#039;impression efficace, consommation de 175 W<\/span><\/h6>\n<h6><strong>support technique inclus<\/strong><\/h6>","protected":false},"featured_media":4289,"comment_status":"open","ping_status":"closed","template":"","meta":{"wds_primary_product_brand":0,"wds_primary_product_cat":0},"product_brand":[],"product_cat":[44],"product_tag":[],"class_list":{"0":"post-4288","1":"product","2":"type-product","3":"status-publish","4":"has-post-thumbnail","6":"product_cat-etiquetadoras-de-botellas","8":"first","9":"instock","10":"taxable","11":"shipping-taxable","12":"purchasable","13":"product-type-simple"},"yoast_head":"<!-- This site is optimized with the Yoast SEO Premium plugin v24.9 (Yoast SEO v26.1) - https:\/\/yoast.com\/wordpress\/plugins\/seo\/ -->\n<title>Loteadora de impresi\u00f3n t\u00e9rmica\u00a0 - distribuci\u00f3n ARC<\/title>\n<meta name=\"robots\" content=\"index, follow, max-snippet:-1, max-image-preview:large, max-video-preview:-1\" \/>\n<link rel=\"canonical\" href=\"https:\/\/www.distribucionarc.com\/ro\/producto\/loteadora-de-impresion-termica\/\" \/>\n<meta property=\"og:locale\" content=\"fr_FR\" \/>\n<meta property=\"og:type\" content=\"article\" \/>\n<meta property=\"og:title\" content=\"Loteadora de impresi\u00f3n t\u00e9rmica\u00a0\" \/>\n<meta property=\"og:description\" content=\"Loteadora de impresi\u00f3n t\u00e9rmica Como esta etiquetadora de impresi\u00f3n semiautom\u00e1tica ARC realizar\u00e1 el loteado de sus productos a una gran velocidad favoreciendo el proceso lineal, la m\u00e1quina de estampaci\u00f3n el\u00e9ctrica utiliza cinta de estampaci\u00f3n en caliente en lugar de tinta l\u00edquida; logrando as\u00ed una impresi\u00f3n clara y f\u00e1cil de secar, limpiar e higi\u00e9nica. Esta estampadora t\u00e9rmica funciona mediante la forma espec\u00edfica de cambiar palabras en movimiento o n\u00fameros de impresi\u00f3n. La loteadora de impresi\u00f3n ARC es ampliamente utilizada en la impresi\u00f3n de alimentos, bebidas, medicamentos, productos acu\u00e1ticos, productos naturales, cosm\u00e9ticos, componentes electr\u00f3nicos, hardware, productos qu\u00edmicos y otras industrias. Garant\u00eda\u00a0ARC 2 A\u00d1OS Loteadora de impresi\u00f3n eficiente, consumo de 175 W soporte t\u00e9cnico incluido\" \/>\n<meta property=\"og:url\" content=\"https:\/\/www.distribucionarc.com\/ro\/producto\/loteadora-de-impresion-termica\/\" \/>\n<meta property=\"og:site_name\" content=\"distribuci\u00f3n ARC\" \/>\n<meta property=\"article:modified_time\" content=\"2023-02-24T13:39:13+00:00\" \/>\n<meta property=\"og:image\" content=\"https:\/\/www.distribucionarc.com\/wp-content\/uploads\/2021\/01\/Loteadora-de-impresion-termica-0-.jpg\" \/>\n\t<meta property=\"og:image:width\" content=\"1600\" \/>\n\t<meta property=\"og:image:height\" content=\"1600\" \/>\n\t<meta property=\"og:image:type\" content=\"image\/jpeg\" \/>\n<meta name=\"twitter:card\" content=\"summary_large_image\" \/>\n<meta name=\"twitter:label1\" content=\"Dur\u00e9e de lecture estim\u00e9e\" \/>\n\t<meta name=\"twitter:data1\" content=\"2 minutes\" \/>\n<script type=\"application\/ld+json\" class=\"yoast-schema-graph\">{\"@context\":\"https:\/\/schema.org\",\"@graph\":[{\"@type\":\"WebPage\",\"@id\":\"https:\/\/www.distribucionarc.com\/ro\/producto\/loteadora-de-impresion-termica\/\",\"url\":\"https:\/\/www.distribucionarc.com\/ro\/producto\/loteadora-de-impresion-termica\/\",\"name\":\"Loteadora de impresi\u00f3n t\u00e9rmica\u00a0 - distribuci\u00f3n ARC\",\"isPartOf\":{\"@id\":\"https:\/\/www.distribucionarc.com\/sl\/#website\"},\"primaryImageOfPage\":{\"@id\":\"https:\/\/www.distribucionarc.com\/ro\/producto\/loteadora-de-impresion-termica\/#primaryimage\"},\"image\":{\"@id\":\"https:\/\/www.distribucionarc.com\/ro\/producto\/loteadora-de-impresion-termica\/#primaryimage\"},\"thumbnailUrl\":\"https:\/\/distribucionarc.com\/wp-content\/uploads\/2021\/01\/Loteadora-de-impresion-termica-0-.jpg\",\"datePublished\":\"2021-01-27T14:37:58+00:00\",\"dateModified\":\"2023-02-24T13:39:13+00:00\",\"breadcrumb\":{\"@id\":\"https:\/\/www.distribucionarc.com\/ro\/producto\/loteadora-de-impresion-termica\/#breadcrumb\"},\"inLanguage\":\"fr-FR\",\"potentialAction\":[{\"@type\":\"ReadAction\",\"target\":[\"https:\/\/www.distribucionarc.com\/ro\/producto\/loteadora-de-impresion-termica\/\"]}]},{\"@type\":\"ImageObject\",\"inLanguage\":\"fr-FR\",\"@id\":\"https:\/\/www.distribucionarc.com\/ro\/producto\/loteadora-de-impresion-termica\/#primaryimage\",\"url\":\"https:\/\/distribucionarc.com\/wp-content\/uploads\/2021\/01\/Loteadora-de-impresion-termica-0-.jpg\",\"contentUrl\":\"https:\/\/distribucionarc.com\/wp-content\/uploads\/2021\/01\/Loteadora-de-impresion-termica-0-.jpg\",\"width\":1600,\"height\":1600,\"caption\":\"Loteadora de impresi\u00f3n t\u00e9rmica\u00a0\"},{\"@type\":\"BreadcrumbList\",\"@id\":\"https:\/\/www.distribucionarc.com\/ro\/producto\/loteadora-de-impresion-termica\/#breadcrumb\",\"itemListElement\":[{\"@type\":\"ListItem\",\"position\":1,\"name\":\"Portada\",\"item\":\"https:\/\/www.distribucionarc.com\/\"},{\"@type\":\"ListItem\",\"position\":2,\"name\":\"\u00dcr\u00fcnler\",\"item\":\"https:\/\/www.distribucionarc.com\/tr\/magaza\/\"},{\"@type\":\"ListItem\",\"position\":3,\"name\":\"Loteadora de impresi\u00f3n t\u00e9rmica\u00a0\"}]},{\"@type\":\"WebSite\",\"@id\":\"https:\/\/www.distribucionarc.com\/sl\/#website\",\"url\":\"https:\/\/www.distribucionarc.com\/sl\/\",\"name\":\"distribuci\u00f3n ARC\",\"description\":\"Empresa especializada en la fabricaci\u00f3n y distribuci\u00f3n de maquinaria industrial, selladoras de latas, Maquinas de hacer pastillas, Maquinas de cortar carne...\",\"publisher\":{\"@id\":\"https:\/\/www.distribucionarc.com\/sl\/#organization\"},\"potentialAction\":[{\"@type\":\"SearchAction\",\"target\":{\"@type\":\"EntryPoint\",\"urlTemplate\":\"https:\/\/www.distribucionarc.com\/sl\/?s={search_term_string}\"},\"query-input\":{\"@type\":\"PropertyValueSpecification\",\"valueRequired\":true,\"valueName\":\"search_term_string\"}}],\"inLanguage\":\"fr-FR\"},{\"@type\":\"Organization\",\"@id\":\"https:\/\/www.distribucionarc.com\/sl\/#organization\",\"name\":\"Distribuci\u00f3n ARC\",\"url\":\"https:\/\/www.distribucionarc.com\/sl\/\",\"logo\":{\"@type\":\"ImageObject\",\"inLanguage\":\"fr-FR\",\"@id\":\"https:\/\/www.distribucionarc.com\/sl\/#\/schema\/logo\/image\/\",\"url\":\"https:\/\/distribucionarc.com\/wp-content\/uploads\/2024\/10\/distribucion-ARC-COLOR-SIN-FONDO-e1732295305345.png\",\"contentUrl\":\"https:\/\/distribucionarc.com\/wp-content\/uploads\/2024\/10\/distribucion-ARC-COLOR-SIN-FONDO-e1732295305345.png\",\"width\":1164,\"height\":558,\"caption\":\"Distribuci\u00f3n ARC\"},\"image\":{\"@id\":\"https:\/\/www.distribucionarc.com\/sl\/#\/schema\/logo\/image\/\"},\"description\":\"Empresa especializada en la fabricaci\u00f3n y distribuci\u00f3n de maquinaria industrial para los sectores alimentario y farmac\u00e9utico. Nos especializamos en: M\u00e1quinas de cortar carne Fabricaci\u00f3n de comprimidos Sistemas de transporte industrial L\u00edneas de embotellado Dosificadores Y mucho m\u00e1s... Ofrecemos soluciones innovadoras y personalizadas para optimizar los procesos productivos de tu empresa.\",\"email\":\"Admistracion@distribucionarc.com\",\"telephone\":\"+34 643496664\",\"legalName\":\"ARC TECH SOLUTIONS\",\"foundingDate\":\"2024-04-09\",\"vatID\":\"B55480172\",\"numberOfEmployees\":{\"@type\":\"QuantitativeValue\",\"minValue\":\"1\",\"maxValue\":\"10\"}}]}<\/script>\n<!-- \/ Yoast SEO Premium plugin. -->","yoast_head_json":{"title":"Doseur d&#039;impression thermique - Distribution ARC","robots":{"index":"index","follow":"follow","max-snippet":"max-snippet:-1","max-image-preview":"max-image-preview:large","max-video-preview":"max-video-preview:-1"},"canonical":"https:\/\/www.distribucionarc.com\/ro\/producto\/loteadora-de-impresion-termica\/","og_locale":"fr_FR","og_type":"article","og_title":"Loteadora de impresi\u00f3n t\u00e9rmica\u00a0","og_description":"Loteadora de impresi\u00f3n t\u00e9rmica Como esta etiquetadora de impresi\u00f3n semiautom\u00e1tica ARC realizar\u00e1 el loteado de sus productos a una gran velocidad favoreciendo el proceso lineal, la m\u00e1quina de estampaci\u00f3n el\u00e9ctrica utiliza cinta de estampaci\u00f3n en caliente en lugar de tinta l\u00edquida; logrando as\u00ed una impresi\u00f3n clara y f\u00e1cil de secar, limpiar e higi\u00e9nica. Esta estampadora t\u00e9rmica funciona mediante la forma espec\u00edfica de cambiar palabras en movimiento o n\u00fameros de impresi\u00f3n. La loteadora de impresi\u00f3n ARC es ampliamente utilizada en la impresi\u00f3n de alimentos, bebidas, medicamentos, productos acu\u00e1ticos, productos naturales, cosm\u00e9ticos, componentes electr\u00f3nicos, hardware, productos qu\u00edmicos y otras industrias. Garant\u00eda\u00a0ARC 2 A\u00d1OS Loteadora de impresi\u00f3n eficiente, consumo de 175 W soporte t\u00e9cnico incluido","og_url":"https:\/\/www.distribucionarc.com\/ro\/producto\/loteadora-de-impresion-termica\/","og_site_name":"distribuci\u00f3n ARC","article_modified_time":"2023-02-24T13:39:13+00:00","og_image":[{"width":1600,"height":1600,"url":"https:\/\/www.distribucionarc.com\/wp-content\/uploads\/2021\/01\/Loteadora-de-impresion-termica-0-.jpg","type":"image\/jpeg"}],"twitter_card":"summary_large_image","twitter_misc":{"Dur\u00e9e de lecture estim\u00e9e":"2 minutes"},"schema":{"@context":"https:\/\/schema.org","@graph":[{"@type":"WebPage","@id":"https:\/\/www.distribucionarc.com\/ro\/producto\/loteadora-de-impresion-termica\/","url":"https:\/\/www.distribucionarc.com\/ro\/producto\/loteadora-de-impresion-termica\/","name":"Doseur d&#039;impression thermique - Distribution ARC","isPartOf":{"@id":"https:\/\/www.distribucionarc.com\/sl\/#website"},"primaryImageOfPage":{"@id":"https:\/\/www.distribucionarc.com\/ro\/producto\/loteadora-de-impresion-termica\/#primaryimage"},"image":{"@id":"https:\/\/www.distribucionarc.com\/ro\/producto\/loteadora-de-impresion-termica\/#primaryimage"},"thumbnailUrl":"https:\/\/distribucionarc.com\/wp-content\/uploads\/2021\/01\/Loteadora-de-impresion-termica-0-.jpg","datePublished":"2021-01-27T14:37:58+00:00","dateModified":"2023-02-24T13:39:13+00:00","breadcrumb":{"@id":"https:\/\/www.distribucionarc.com\/ro\/producto\/loteadora-de-impresion-termica\/#breadcrumb"},"inLanguage":"fr-FR","potentialAction":[{"@type":"ReadAction","target":["https:\/\/www.distribucionarc.com\/ro\/producto\/loteadora-de-impresion-termica\/"]}]},{"@type":"ImageObject","inLanguage":"fr-FR","@id":"https:\/\/www.distribucionarc.com\/ro\/producto\/loteadora-de-impresion-termica\/#primaryimage","url":"https:\/\/distribucionarc.com\/wp-content\/uploads\/2021\/01\/Loteadora-de-impresion-termica-0-.jpg","contentUrl":"https:\/\/distribucionarc.com\/wp-content\/uploads\/2021\/01\/Loteadora-de-impresion-termica-0-.jpg","width":1600,"height":1600,"caption":"Loteadora de impresi\u00f3n t\u00e9rmica\u00a0"},{"@type":"BreadcrumbList","@id":"https:\/\/www.distribucionarc.com\/ro\/producto\/loteadora-de-impresion-termica\/#breadcrumb","itemListElement":[{"@type":"ListItem","position":1,"name":"Portada","item":"https:\/\/www.distribucionarc.com\/"},{"@type":"ListItem","position":2,"name":"\u00dcr\u00fcnler","item":"https:\/\/www.distribucionarc.com\/tr\/magaza\/"},{"@type":"ListItem","position":3,"name":"Loteadora de impresi\u00f3n t\u00e9rmica\u00a0"}]},{"@type":"WebSite","@id":"https:\/\/www.distribucionarc.com\/sl\/#website","url":"https:\/\/www.distribucionarc.com\/sl\/","name":"R\u00e9partition de l&#039;ARC","description":"Entreprise sp\u00e9cialis\u00e9e dans la fabrication et la distribution de machines industrielles, scelleuses de bo\u00eetes, machines \u00e0 comprim\u00e9s, machines \u00e0 d\u00e9couper la viande...","publisher":{"@id":"https:\/\/www.distribucionarc.com\/sl\/#organization"},"potentialAction":[{"@type":"SearchAction","target":{"@type":"EntryPoint","urlTemplate":"https:\/\/www.distribucionarc.com\/sl\/?s={search_term_string}"},"query-input":{"@type":"PropertyValueSpecification","valueRequired":true,"valueName":"search_term_string"}}],"inLanguage":"fr-FR"},{"@type":"Organization","@id":"https:\/\/www.distribucionarc.com\/sl\/#organization","name":"Distribution ARC","url":"https:\/\/www.distribucionarc.com\/sl\/","logo":{"@type":"ImageObject","inLanguage":"fr-FR","@id":"https:\/\/www.distribucionarc.com\/sl\/#\/schema\/logo\/image\/","url":"https:\/\/distribucionarc.com\/wp-content\/uploads\/2024\/10\/distribucion-ARC-COLOR-SIN-FONDO-e1732295305345.png","contentUrl":"https:\/\/distribucionarc.com\/wp-content\/uploads\/2024\/10\/distribucion-ARC-COLOR-SIN-FONDO-e1732295305345.png","width":1164,"height":558,"caption":"Distribuci\u00f3n ARC"},"image":{"@id":"https:\/\/www.distribucionarc.com\/sl\/#\/schema\/logo\/image\/"},"description":"Entreprise sp\u00e9cialis\u00e9e dans la fabrication et la distribution de machines industrielles pour les secteurs alimentaire et pharmaceutique. Nous sommes sp\u00e9cialis\u00e9s dans : Machines \u00e0 couper la viande Fabrication de comprim\u00e9s Syst\u00e8mes de transport industriel Lignes d'embouteillage Machines de dosage Et bien plus encore... Nous proposons des solutions innovantes et personnalis\u00e9es pour optimiser les processus de production de votre entreprise.","email":"Admistracion@distribucionarc.com","telephone":"+34 643496664","legalName":"ARC TECH SOLUTIONS","foundingDate":"2024-04-09","vatID":"B55480172","numberOfEmployees":{"@type":"QuantitativeValue","minValue":"1","maxValue":"10"}}]}},"_links":{"self":[{"href":"https:\/\/distribucionarc.com\/fr\/wp-json\/wp\/v2\/product\/4288","targetHints":{"allow":["GET"]}}],"collection":[{"href":"https:\/\/distribucionarc.com\/fr\/wp-json\/wp\/v2\/product"}],"about":[{"href":"https:\/\/distribucionarc.com\/fr\/wp-json\/wp\/v2\/types\/product"}],"replies":[{"embeddable":true,"href":"https:\/\/distribucionarc.com\/fr\/wp-json\/wp\/v2\/comments?post=4288"}],"version-history":[{"count":0,"href":"https:\/\/distribucionarc.com\/fr\/wp-json\/wp\/v2\/product\/4288\/revisions"}],"wp:featuredmedia":[{"embeddable":true,"href":"https:\/\/distribucionarc.com\/fr\/wp-json\/wp\/v2\/media\/4289"}],"wp:attachment":[{"href":"https:\/\/distribucionarc.com\/fr\/wp-json\/wp\/v2\/media?parent=4288"}],"wp:term":[{"taxonomy":"product_brand","embeddable":true,"href":"https:\/\/distribucionarc.com\/fr\/wp-json\/wp\/v2\/product_brand?post=4288"},{"taxonomy":"product_cat","embeddable":true,"href":"https:\/\/distribucionarc.com\/fr\/wp-json\/wp\/v2\/product_cat?post=4288"},{"taxonomy":"product_tag","embeddable":true,"href":"https:\/\/distribucionarc.com\/fr\/wp-json\/wp\/v2\/product_tag?post=4288"}],"curies":[{"name":"wp","href":"https:\/\/api.w.org\/{rel}","templated":true}]}}