{"id":4318,"date":"2021-01-28T14:12:22","date_gmt":"2021-01-28T14:12:22","guid":{"rendered":"https:\/\/distribucionarc.com\/?post_type=product&#038;p=4318"},"modified":"2021-01-28T14:12:22","modified_gmt":"2021-01-28T14:12:22","slug":"coupe-ruban-automatique","status":"publish","type":"product","link":"https:\/\/distribucionarc.com\/fr\/producto\/cortadora-de-cinta-automatica\/","title":{"rendered":"Coupe-ruban automatique\u00a0"},"content":{"rendered":"<h3>Coupe-ruban automatique<\/h3>\n<p>Le <strong>coupeur\u00a0<\/strong><b>froid<\/b>\u00a0Il est fabriqu\u00e9 en acier inoxydable et en plastique de haute qualit\u00e9, caract\u00e9ris\u00e9 par sa haute qualit\u00e9 et sa durabilit\u00e9. Pour des raisons de s\u00e9curit\u00e9, ceci <strong>machine de d\u00e9coupe de sangles <span style=\"color: #ff0000;\">\u00c0<\/span><span style=\"color: #0000ff;\">R.<\/span>CCCA175<\/strong> Il est \u00e9quip\u00e9 de fiches de mise \u00e0 la terre et de plusieurs ouvertures de dissipation thermique.<\/p>\n<p>Ce <strong>machine de d\u00e9coupe de ruban<\/strong> Il est \u00e9quip\u00e9 d&#039;un contr\u00f4le par micro-ordinateur, le <strong>coupe-ruban <span style=\"color: #ff0000;\">\u00c0<\/span><span style=\"color: #0000ff;\">R.<\/span>c<\/strong> C&#039;est compl\u00e8tement automatique. Le panneau de commande transparent rend l\u2019op\u00e9ration facile et pratique. <strong>Coupeur millim\u00e9trique<\/strong> pour effectuer une coupe synchronis\u00e9e de bandes d&#039;une largeur de coupe de 100 mm. Les vitesses de coupe et d&#039;alimentation sont r\u00e9glables. La lame de soudage en acier blanc a un excellent effet de coupe.<\/p>\n<p>Gr\u00e2ce \u00e0 une induction de haute pr\u00e9cision, ce <strong>machine de d\u00e9coupe \u00e0 froid <span style=\"color: #ff0000;\">\u00c0<\/span><span style=\"color: #0000ff;\">R.<\/span>CCCA175<\/strong> Il s&#039;arr\u00eate automatiquement lorsque la coupe est termin\u00e9e. \u00c9conomisez de l&#039;\u00e9nergie et de l&#039;\u00e9lectricit\u00e9. En m\u00eame temps, la s\u00e9curit\u00e9 est garantie. La pince de ceci <strong>Coupeur \u00e9lectrique millim\u00e9trique<\/strong> Prend en charge deux rouleaux de ruban adh\u00e9sif pouvant fonctionner en m\u00eame temps. La distance entre les plaques est r\u00e9glable. Si les sangles se d\u00e9tachent ou si la coupe n&#039;est pas lisse, attachez les sangles. Ce<strong> dispositif de coupe de sangle<\/strong> Il convient \u00e0 divers rubans, tels que les tissus tricot\u00e9s, les sangles Velcro, le cuir, les rubans, les ceintures de sac \u00e0 dos, les lacets de chaussures, le plastique, les bandes \u00e9lastiques, les fermetures \u00e9clair, etc.<\/p>\n<h6><strong>Garantie\u00a0<span style=\"color: #ff0000;\">\u00c0<\/span><span style=\"color: #0000ff;\">R.<\/span>C 2 ANS<\/strong><\/h6>\n<h6><span style=\"color: #008000;\">Coupe-ruban automatique efficace, basse consommation 225w<\/span><\/h6>\n<h6><strong>support technique inclus<\/strong><\/h6>\n<p>&nbsp;<\/p>\n<table role=\"presentation\" width=\"100%\" cellspacing=\"0\" cellpadding=\"0\">\n<tbody>\n<tr>\n<td class=\"attrLabels\">Marque:<\/td>\n<td width=\"50.0%\">ARC<\/td>\n<\/tr>\n<tr>\n<td class=\"attrLabels\">Garantie:<\/td>\n<td width=\"50.0%\">2 ans<\/td>\n<td class=\"attrLabels\">Poids:<\/td>\n<td width=\"50.0%\">22,5kg<\/td>\n<\/tr>\n<tr>\n<td class=\"attrLabels\">Pays de distribution\u00a0:<\/td>\n<td width=\"50.0%\">Espagne, Allemagne, \u00c9tats-Unis<\/td>\n<td class=\"attrLabels\">Hauteur:<\/td>\n<td width=\"50.0%\">42,5 cm<\/td>\n<\/tr>\n<tr>\n<td class=\"attrLabels\">Couleur:<\/td>\n<td width=\"50.0%\">Argent<\/td>\n<td class=\"attrLabels\">Long:<\/td>\n<td width=\"50.0%\">96 cm<\/td>\n<\/tr>\n<tr>\n<td class=\"attrLabels\">Type de produit\u00a0:<\/td>\n<td width=\"50.0%\">coupe-ruban<\/td>\n<td class=\"attrLabels\">Large:<\/td>\n<td width=\"50.0%\">31,5 cm<\/td>\n<\/tr>\n<tr>\n<td class=\"attrLabels\">Num\u00e9ro du fabricant :<\/td>\n<td width=\"50.0%\">ARCCCA175<\/td>\n<td class=\"attrLabels\">Longueur de coupe :<\/td>\n<td width=\"50.0%\">1-99999mm<\/td>\n<\/tr>\n<tr>\n<td class=\"attrLabels\">Mat\u00e9riel:<\/td>\n<td width=\"50.0%\">en acier inoxydable, micro-ordinateur<\/td>\n<td class=\"attrLabels\">Vitesse de coupe\u00a0:<\/td>\n<td width=\"50.0%\">110 bandes par minute (longueur 50 mm)<\/td>\n<\/tr>\n<tr>\n<td class=\"attrLabels\">Pouvoir:<\/td>\n<td width=\"50.0%\">225W<\/td>\n<td class=\"attrLabels\">Largeur de coupe :<\/td>\n<td width=\"50.0%\">100mm<\/td>\n<\/tr>\n<tr>\n<td class=\"attrLabels\">tension:<\/td>\n<td width=\"50.0%\">220 V 50 Hz \u00e0 60 Hz<\/td>\n<td class=\"attrLabels\">\u00c9paisseur de coupe\u00a0:<\/td>\n<td width=\"50.0%\">2mm<\/td>\n<\/tr>\n<\/tbody>\n<\/table>","protected":false},"excerpt":{"rendered":"<h2>Coupe-ruban automatique<\/h2>\n<p>Ce <strong>coupe-sangle <span style=\"color: #ff0000;\">\u00c0<\/span><span style=\"color: #0000ff;\">R.<\/span>c<\/strong> avec fonction de coupe \u00e0 froid. Il est contr\u00f4l\u00e9 par un syst\u00e8me de contr\u00f4le par micro-ordinateur. L&#039;ensemble du processus de d\u00e9coupe est automatique, simple et s\u00fbr. Le <strong>coupe-ruban<\/strong> Peut \u00eatre utilis\u00e9 pour de nombreuses sangles de diff\u00e9rentes longueurs, telles que des sangles Velcro, des sangles en nylon, etc. Le <strong>machine de d\u00e9coupe de ruban <span style=\"color: #ff0000;\">\u00c0<\/span><span style=\"color: #0000ff;\">R.<\/span>c<\/strong> Il a une fonction de coupe \u00e0 froid, il est facile et pratique \u00e0 utiliser. Ce <strong>coupe-ceinture \u00e9lectrique<\/strong> Il se caract\u00e9rise par un excellent effet de coupe, une efficacit\u00e9 et un traitement sans bavures. La longueur du ruban peut \u00eatre de 50 mm, ce coupe-millim\u00e8tre peut couper jusqu&#039;\u00e0 110 pi\u00e8ces par minute.<\/p>\n<h6><strong>Garantie\u00a0<span style=\"color: #ff0000;\">\u00c0<\/span><span style=\"color: #0000ff;\">R.<\/span>C 2 ANS<\/strong><\/h6>\n<h6><span style=\"color: #008000;\">Coupe-ruban automatique efficace, basse consommation 225w<\/span><\/h6>\n<h6><strong>support technique inclus<\/strong><\/h6>","protected":false},"featured_media":4319,"comment_status":"open","ping_status":"closed","template":"","meta":{"wds_primary_product_brand":0,"wds_primary_product_cat":0},"product_brand":[],"product_cat":[69],"product_tag":[],"class_list":{"0":"post-4318","1":"product","2":"type-product","3":"status-publish","4":"has-post-thumbnail","6":"product_cat-maquinas-variadas","7":"product_shipping_class-express","9":"first","10":"instock","11":"sale","12":"taxable","13":"shipping-taxable","14":"purchasable","15":"product-type-simple"},"yoast_head":"<!-- This site is optimized with the Yoast SEO Premium plugin v24.9 (Yoast SEO v26.1) - https:\/\/yoast.com\/wordpress\/plugins\/seo\/ -->\n<title>Cortadora de cinta autom\u00e1tica\u00a0 - distribuci\u00f3n ARC<\/title>\n<meta name=\"robots\" content=\"index, follow, max-snippet:-1, max-image-preview:large, max-video-preview:-1\" \/>\n<link rel=\"canonical\" href=\"https:\/\/distribucionarc.com\/fr\/produit\/coupe-ruban-automatique\/\" \/>\n<meta property=\"og:locale\" content=\"fr_FR\" \/>\n<meta property=\"og:type\" content=\"article\" \/>\n<meta property=\"og:title\" content=\"Cortadora de cinta autom\u00e1tica\u00a0\" \/>\n<meta property=\"og:description\" content=\"Cortadora de cinta autom\u00e1tica Esta cortadora de correas ARC con funci\u00f3n de corte en fr\u00edo. Est\u00e1 controlado por un sistema de control por microordenador. Todo el proceso de corte es autom\u00e1tico, sencillo y seguro. La cortadora de cintas se puede utilizar para muchas correas de diferentes longitudes, tales como correas de velcro, correas de nailon, etc. La m\u00e1quina para corte de cintas ARC cuenta con funci\u00f3n de corte en fr\u00edo, es f\u00e1cil y c\u00f3modo de usar. Esta cortadora el\u00e9ctrica de correas se caracteriza por su excelente efecto de corte, eficiencia y procesamiento sin rebabas. La longitud de la cinta puede ser de 50 mm, esta cortadora milim\u00e9trica puede cortar hasta 110 piezas por minuto. Garant\u00eda\u00a0ARC 2 A\u00d1OS Cortador de cinta autom\u00e1tico eficiente, bajo consumo 225w soporte t\u00e9cnico incluido\" \/>\n<meta property=\"og:url\" content=\"https:\/\/distribucionarc.com\/fr\/produit\/coupe-ruban-automatique\/\" \/>\n<meta property=\"og:site_name\" content=\"distribuci\u00f3n ARC\" \/>\n<meta property=\"og:image\" content=\"https:\/\/distribucionarc.com\/wp-content\/uploads\/2021\/01\/Cortadora-de-cinta-automatica-0.jpg\" \/>\n\t<meta property=\"og:image:width\" content=\"1600\" \/>\n\t<meta property=\"og:image:height\" content=\"1600\" \/>\n\t<meta property=\"og:image:type\" content=\"image\/jpeg\" \/>\n<meta name=\"twitter:card\" content=\"summary_large_image\" \/>\n<meta name=\"twitter:label1\" content=\"Dur\u00e9e de lecture estim\u00e9e\" \/>\n\t<meta name=\"twitter:data1\" content=\"2 minutes\" \/>\n<script type=\"application\/ld+json\" class=\"yoast-schema-graph\">{\"@context\":\"https:\/\/schema.org\",\"@graph\":[{\"@type\":\"WebPage\",\"@id\":\"https:\/\/distribucionarc.com\/pl\/producto\/cortadora-de-cinta-automatica\/\",\"url\":\"https:\/\/distribucionarc.com\/pl\/producto\/cortadora-de-cinta-automatica\/\",\"name\":\"Cortadora de cinta autom\u00e1tica\u00a0 - distribuci\u00f3n ARC\",\"isPartOf\":{\"@id\":\"https:\/\/distribucionarc.com\/de\/#website\"},\"primaryImageOfPage\":{\"@id\":\"https:\/\/distribucionarc.com\/pl\/producto\/cortadora-de-cinta-automatica\/#primaryimage\"},\"image\":{\"@id\":\"https:\/\/distribucionarc.com\/pl\/producto\/cortadora-de-cinta-automatica\/#primaryimage\"},\"thumbnailUrl\":\"https:\/\/distribucionarc.com\/wp-content\/uploads\/2021\/01\/Cortadora-de-cinta-automatica-0.jpg\",\"datePublished\":\"2021-01-28T14:12:22+00:00\",\"breadcrumb\":{\"@id\":\"https:\/\/distribucionarc.com\/pl\/producto\/cortadora-de-cinta-automatica\/#breadcrumb\"},\"inLanguage\":\"fr-FR\",\"potentialAction\":[{\"@type\":\"ReadAction\",\"target\":[\"https:\/\/distribucionarc.com\/pl\/producto\/cortadora-de-cinta-automatica\/\"]}]},{\"@type\":\"ImageObject\",\"inLanguage\":\"fr-FR\",\"@id\":\"https:\/\/distribucionarc.com\/pl\/producto\/cortadora-de-cinta-automatica\/#primaryimage\",\"url\":\"https:\/\/distribucionarc.com\/wp-content\/uploads\/2021\/01\/Cortadora-de-cinta-automatica-0.jpg\",\"contentUrl\":\"https:\/\/distribucionarc.com\/wp-content\/uploads\/2021\/01\/Cortadora-de-cinta-automatica-0.jpg\",\"width\":1600,\"height\":1600,\"caption\":\"Cortadora de cinta autom\u00e1tica\u00a0\"},{\"@type\":\"BreadcrumbList\",\"@id\":\"https:\/\/distribucionarc.com\/pl\/producto\/cortadora-de-cinta-automatica\/#breadcrumb\",\"itemListElement\":[{\"@type\":\"ListItem\",\"position\":1,\"name\":\"Portada\",\"item\":\"https:\/\/distribucionarc.com\/pl\/\"},{\"@type\":\"ListItem\",\"position\":2,\"name\":\"Produkty\",\"item\":\"https:\/\/distribucionarc.com\/pl\/shop\/\"},{\"@type\":\"ListItem\",\"position\":3,\"name\":\"Cortadora de cinta autom\u00e1tica\u00a0\"}]},{\"@type\":\"WebSite\",\"@id\":\"https:\/\/distribucionarc.com\/de\/#website\",\"url\":\"https:\/\/distribucionarc.com\/de\/\",\"name\":\"distribuci\u00f3n ARC\",\"description\":\"Empresa especializada en la fabricaci\u00f3n y distribuci\u00f3n de maquinaria industrial, selladoras de latas, Maquinas de hacer pastillas, Maquinas de cortar carne...\",\"publisher\":{\"@id\":\"https:\/\/distribucionarc.com\/de\/#organization\"},\"potentialAction\":[{\"@type\":\"SearchAction\",\"target\":{\"@type\":\"EntryPoint\",\"urlTemplate\":\"https:\/\/distribucionarc.com\/de\/?s={search_term_string}\"},\"query-input\":{\"@type\":\"PropertyValueSpecification\",\"valueRequired\":true,\"valueName\":\"search_term_string\"}}],\"inLanguage\":\"fr-FR\"},{\"@type\":\"Organization\",\"@id\":\"https:\/\/distribucionarc.com\/de\/#organization\",\"name\":\"Distribuci\u00f3n ARC\",\"url\":\"https:\/\/distribucionarc.com\/de\/\",\"logo\":{\"@type\":\"ImageObject\",\"inLanguage\":\"fr-FR\",\"@id\":\"https:\/\/distribucionarc.com\/de\/#\/schema\/logo\/image\/\",\"url\":\"https:\/\/distribucionarc.com\/wp-content\/uploads\/2024\/10\/distribucion-ARC-COLOR-SIN-FONDO-e1732295305345.png\",\"contentUrl\":\"https:\/\/distribucionarc.com\/wp-content\/uploads\/2024\/10\/distribucion-ARC-COLOR-SIN-FONDO-e1732295305345.png\",\"width\":1164,\"height\":558,\"caption\":\"Distribuci\u00f3n ARC\"},\"image\":{\"@id\":\"https:\/\/distribucionarc.com\/de\/#\/schema\/logo\/image\/\"},\"description\":\"Empresa especializada en la fabricaci\u00f3n y distribuci\u00f3n de maquinaria industrial para los sectores alimentario y farmac\u00e9utico. Nos especializamos en: M\u00e1quinas de cortar carne Fabricaci\u00f3n de comprimidos Sistemas de transporte industrial L\u00edneas de embotellado Dosificadores Y mucho m\u00e1s... Ofrecemos soluciones innovadoras y personalizadas para optimizar los procesos productivos de tu empresa.\",\"email\":\"Admistracion@distribucionarc.com\",\"telephone\":\"+34 643496664\",\"legalName\":\"ARC TECH SOLUTIONS\",\"foundingDate\":\"2024-04-09\",\"vatID\":\"B55480172\",\"numberOfEmployees\":{\"@type\":\"QuantitativeValue\",\"minValue\":\"1\",\"maxValue\":\"10\"}}]}<\/script>\n<!-- \/ Yoast SEO Premium plugin. -->","yoast_head_json":{"title":"Coupe-ruban automatique - Distribution ARC","robots":{"index":"index","follow":"follow","max-snippet":"max-snippet:-1","max-image-preview":"max-image-preview:large","max-video-preview":"max-video-preview:-1"},"canonical":"https:\/\/distribucionarc.com\/fr\/produit\/coupe-ruban-automatique\/","og_locale":"fr_FR","og_type":"article","og_title":"Cortadora de cinta autom\u00e1tica\u00a0","og_description":"Cortadora de cinta autom\u00e1tica Esta cortadora de correas ARC con funci\u00f3n de corte en fr\u00edo. Est\u00e1 controlado por un sistema de control por microordenador. Todo el proceso de corte es autom\u00e1tico, sencillo y seguro. La cortadora de cintas se puede utilizar para muchas correas de diferentes longitudes, tales como correas de velcro, correas de nailon, etc. La m\u00e1quina para corte de cintas ARC cuenta con funci\u00f3n de corte en fr\u00edo, es f\u00e1cil y c\u00f3modo de usar. Esta cortadora el\u00e9ctrica de correas se caracteriza por su excelente efecto de corte, eficiencia y procesamiento sin rebabas. La longitud de la cinta puede ser de 50 mm, esta cortadora milim\u00e9trica puede cortar hasta 110 piezas por minuto. Garant\u00eda\u00a0ARC 2 A\u00d1OS Cortador de cinta autom\u00e1tico eficiente, bajo consumo 225w soporte t\u00e9cnico incluido","og_url":"https:\/\/distribucionarc.com\/fr\/produit\/coupe-ruban-automatique\/","og_site_name":"distribuci\u00f3n ARC","og_image":[{"width":1600,"height":1600,"url":"https:\/\/distribucionarc.com\/wp-content\/uploads\/2021\/01\/Cortadora-de-cinta-automatica-0.jpg","type":"image\/jpeg"}],"twitter_card":"summary_large_image","twitter_misc":{"Dur\u00e9e de lecture estim\u00e9e":"2 minutes"},"schema":{"@context":"https:\/\/schema.org","@graph":[{"@type":"WebPage","@id":"https:\/\/distribucionarc.com\/pl\/producto\/cortadora-de-cinta-automatica\/","url":"https:\/\/distribucionarc.com\/pl\/producto\/cortadora-de-cinta-automatica\/","name":"Coupe-ruban automatique - Distribution ARC","isPartOf":{"@id":"https:\/\/distribucionarc.com\/de\/#website"},"primaryImageOfPage":{"@id":"https:\/\/distribucionarc.com\/pl\/producto\/cortadora-de-cinta-automatica\/#primaryimage"},"image":{"@id":"https:\/\/distribucionarc.com\/pl\/producto\/cortadora-de-cinta-automatica\/#primaryimage"},"thumbnailUrl":"https:\/\/distribucionarc.com\/wp-content\/uploads\/2021\/01\/Cortadora-de-cinta-automatica-0.jpg","datePublished":"2021-01-28T14:12:22+00:00","breadcrumb":{"@id":"https:\/\/distribucionarc.com\/pl\/producto\/cortadora-de-cinta-automatica\/#breadcrumb"},"inLanguage":"fr-FR","potentialAction":[{"@type":"ReadAction","target":["https:\/\/distribucionarc.com\/pl\/producto\/cortadora-de-cinta-automatica\/"]}]},{"@type":"ImageObject","inLanguage":"fr-FR","@id":"https:\/\/distribucionarc.com\/pl\/producto\/cortadora-de-cinta-automatica\/#primaryimage","url":"https:\/\/distribucionarc.com\/wp-content\/uploads\/2021\/01\/Cortadora-de-cinta-automatica-0.jpg","contentUrl":"https:\/\/distribucionarc.com\/wp-content\/uploads\/2021\/01\/Cortadora-de-cinta-automatica-0.jpg","width":1600,"height":1600,"caption":"Cortadora de cinta autom\u00e1tica\u00a0"},{"@type":"BreadcrumbList","@id":"https:\/\/distribucionarc.com\/pl\/producto\/cortadora-de-cinta-automatica\/#breadcrumb","itemListElement":[{"@type":"ListItem","position":1,"name":"Portada","item":"https:\/\/distribucionarc.com\/pl\/"},{"@type":"ListItem","position":2,"name":"Produkty","item":"https:\/\/distribucionarc.com\/pl\/shop\/"},{"@type":"ListItem","position":3,"name":"Cortadora de cinta autom\u00e1tica\u00a0"}]},{"@type":"WebSite","@id":"https:\/\/distribucionarc.com\/de\/#website","url":"https:\/\/distribucionarc.com\/de\/","name":"R\u00e9partition de l&#039;ARC","description":"Entreprise sp\u00e9cialis\u00e9e dans la fabrication et la distribution de machines industrielles, scelleuses de bo\u00eetes, machines \u00e0 comprim\u00e9s, machines \u00e0 d\u00e9couper la viande...","publisher":{"@id":"https:\/\/distribucionarc.com\/de\/#organization"},"potentialAction":[{"@type":"SearchAction","target":{"@type":"EntryPoint","urlTemplate":"https:\/\/distribucionarc.com\/de\/?s={search_term_string}"},"query-input":{"@type":"PropertyValueSpecification","valueRequired":true,"valueName":"search_term_string"}}],"inLanguage":"fr-FR"},{"@type":"Organization","@id":"https:\/\/distribucionarc.com\/de\/#organization","name":"Distribution ARC","url":"https:\/\/distribucionarc.com\/de\/","logo":{"@type":"ImageObject","inLanguage":"fr-FR","@id":"https:\/\/distribucionarc.com\/de\/#\/schema\/logo\/image\/","url":"https:\/\/distribucionarc.com\/wp-content\/uploads\/2024\/10\/distribucion-ARC-COLOR-SIN-FONDO-e1732295305345.png","contentUrl":"https:\/\/distribucionarc.com\/wp-content\/uploads\/2024\/10\/distribucion-ARC-COLOR-SIN-FONDO-e1732295305345.png","width":1164,"height":558,"caption":"Distribuci\u00f3n ARC"},"image":{"@id":"https:\/\/distribucionarc.com\/de\/#\/schema\/logo\/image\/"},"description":"Entreprise sp\u00e9cialis\u00e9e dans la fabrication et la distribution de machines industrielles pour les secteurs alimentaire et pharmaceutique. Nous sommes sp\u00e9cialis\u00e9s dans : Machines \u00e0 couper la viande Fabrication de comprim\u00e9s Syst\u00e8mes de transport industriel Lignes d'embouteillage Machines de dosage Et bien plus encore... Nous proposons des solutions innovantes et personnalis\u00e9es pour optimiser les processus de production de votre entreprise.","email":"Admistracion@distribucionarc.com","telephone":"+34 643496664","legalName":"ARC TECH SOLUTIONS","foundingDate":"2024-04-09","vatID":"B55480172","numberOfEmployees":{"@type":"QuantitativeValue","minValue":"1","maxValue":"10"}}]}},"_links":{"self":[{"href":"https:\/\/distribucionarc.com\/fr\/wp-json\/wp\/v2\/product\/4318","targetHints":{"allow":["GET"]}}],"collection":[{"href":"https:\/\/distribucionarc.com\/fr\/wp-json\/wp\/v2\/product"}],"about":[{"href":"https:\/\/distribucionarc.com\/fr\/wp-json\/wp\/v2\/types\/product"}],"replies":[{"embeddable":true,"href":"https:\/\/distribucionarc.com\/fr\/wp-json\/wp\/v2\/comments?post=4318"}],"version-history":[{"count":0,"href":"https:\/\/distribucionarc.com\/fr\/wp-json\/wp\/v2\/product\/4318\/revisions"}],"wp:featuredmedia":[{"embeddable":true,"href":"https:\/\/distribucionarc.com\/fr\/wp-json\/wp\/v2\/media\/4319"}],"wp:attachment":[{"href":"https:\/\/distribucionarc.com\/fr\/wp-json\/wp\/v2\/media?parent=4318"}],"wp:term":[{"taxonomy":"product_brand","embeddable":true,"href":"https:\/\/distribucionarc.com\/fr\/wp-json\/wp\/v2\/product_brand?post=4318"},{"taxonomy":"product_cat","embeddable":true,"href":"https:\/\/distribucionarc.com\/fr\/wp-json\/wp\/v2\/product_cat?post=4318"},{"taxonomy":"product_tag","embeddable":true,"href":"https:\/\/distribucionarc.com\/fr\/wp-json\/wp\/v2\/product_tag?post=4318"}],"curies":[{"name":"wp","href":"https:\/\/api.w.org\/{rel}","templated":true}]}}