{"id":472,"date":"2020-04-19T14:01:14","date_gmt":"2020-04-19T14:01:14","guid":{"rendered":"https:\/\/distribucionarc.com\/?post_type=product&#038;p=472"},"modified":"2023-03-31T07:43:15","modified_gmt":"2023-03-31T07:43:15","slug":"etiqueteuse-de-bouteilles-electrique-5%ef%b8%8f%e2%83%a30%ef%b8%8f%e2%83%a3-etiquettes-par-minute-%f0%9f%a7%b4","status":"publish","type":"product","link":"https:\/\/distribucionarc.com\/fr\/producto\/maquina-etiquetadora-de-botellas-electrica-5%ef%b8%8f%e2%83%a30%ef%b8%8f%e2%83%a3-etiquetas-por-minuto-%f0%9f%a7%b4\/","title":{"rendered":"\u00c9tiqueteuse de bouteilles \u00e9lectrique 5\ufe0f\u20e30\ufe0f\u20e3 \u00e9tiquettes par minute ?"},"content":{"rendered":"<h2>\u00c9tiqueteuse de bouteilles \u00e9lectrique 5\ufe0f\u20e30\ufe0f\u20e3 \u00e9tiquettes par minute ?<strong>\u00a0<\/strong><\/h2>\n<p>&nbsp;<\/p>\n<p>Machine semi-automatique adapt\u00e9e \u00e0 diff\u00e9rentes tailles d&#039;\u00e9tiquettes adh\u00e9sives ainsi qu&#039;\u00e0 tous les types de bouteilles rondes. Elle dispose \u00e9galement d&#039;une haute pr\u00e9cision et d&#039;une grande vitesse pour la distribution et l&#039;\u00e9tiquetage automatiques. Il peut \u00eatre utilis\u00e9 sur les bouteilles PET, les bouteilles en plastique, les bouteilles en verre, les bouteilles en m\u00e9tal, etc.<\/p>\n<ul class=\"_1V4Ij\" data-hook=\"collapse-info-section\">\n<li class=\"_2knBS undefined\" data-hook=\"collapse-info-item\">\n<div class=\"rah-static rah-static--height-auto\" aria-hidden=\"false\">\n<div>\n<div class=\"_1yvxJ cell\">\n<div class=\"WncCi\" data-hook=\"info-section-description\">\n<ul>\n<li>Pratique pour \u00e9tiqueter des bouteilles rondes de diff\u00e9rentes tailles.<\/li>\n<li>Etiquetage modulable selon les besoins de la pi\u00e8ce.<\/li>\n<li>L&#039;efficacit\u00e9 de l&#039;\u00e9tiquetage est tr\u00e8s \u00e9lev\u00e9e.<\/li>\n<li>Il suffit de placer manuellement la bouteille dans l&#039;orientation souhait\u00e9e et d&#039;appuyer.<\/li>\n<li>Un \u00e9tiquetage parfait, sans plis, ni rides, ni bulles, augmentant la comp\u00e9titivit\u00e9 du produit.<\/li>\n<li>Les capteurs et composants \u00e9lectroniques sont contr\u00f4l\u00e9s par le PLC, ce qui rend les performances plus stables.<\/li>\n<li>L&#039;entretien et les r\u00e9parations sont peu co\u00fbteux.<\/li>\n<li>Il est tr\u00e8s simple \u00e0 utiliser.<\/li>\n<\/ul>\n<\/div>\n<\/div>\n<\/div>\n<\/div>\n<\/li>\n<li class=\"_2knBS\" data-hook=\"collapse-info-item\">\n<h3 class=\"s8gg2 _2UIKs\" data-hook=\"info-section-title\">Sp\u00e9cifications\u00a0:<\/h3>\n<\/li>\n<li>Tension : 220 V<\/li>\n<li>Puissance du moteur : 120W<\/li>\n<li>Diam\u00e8tres de bouteilles de : 15 \u00e0 120 mm.<\/li>\n<li>Diam\u00e8tre ext\u00e9rieur maximum de la bobine : 275 mm.<\/li>\n<li>Diam\u00e8tre int\u00e9rieur du rouleau : 75mm.<\/li>\n<li>Taille minimale de l&#039;\u00e9tiquette\u00a0: 26\u00a0mm (largeur) x 25\u00a0mm (longueur)<\/li>\n<li>Taille maximale de l&#039;\u00e9tiquette\u00a0: 150\u00a0mm (largeur) x 180\u00a0mm (longueur)<\/li>\n<li>Vitesse d&#039;\u00e9tiquetage : 20 \u00e0 40 bouteilles\/min.<\/li>\n<li>Pr\u00e9cision : +\/- 0,5 mm.<\/li>\n<\/ul>\n<h3>Dans cette vid\u00e9o, vous pouvez voir le montage de l&#039;\u00e9tiqueteuse de bouteilles. Pouvons-nous \u00e9galement le voir en fonctionnement ?<\/h3>\n<p><iframe loading=\"lazy\" src=\"https:\/\/www.youtube.com\/embed\/_gJQm-YM1Cc\" width=\"560\" height=\"315\" frameborder=\"0\" allowfullscreen=\"allowfullscreen\"><\/iframe><\/p>","protected":false},"excerpt":{"rendered":"<p>\u00e9tiqueteuse de bouteilles<\/p>\n<p>Avec cette machine, nous pouvons \u00e9tiqueter diff\u00e9rents types de bouteilles, qu&#039;elles soient en aluminium, en verre ou en plastique.<\/p>\n<p>Taille de la bouteille (longueur) maximum 15 mm\u2796120 mm<\/p>\n<p>Toutes nos machines sont garanties 2\ufe0f\u20e3 ans.<\/p>\n<p>Assistance technique en cas de panne.<\/p>","protected":false},"featured_media":483,"comment_status":"open","ping_status":"closed","template":"","meta":{"wds_primary_product_brand":0,"wds_primary_product_cat":0},"product_brand":[],"product_cat":[44],"product_tag":[],"class_list":{"0":"post-472","1":"product","2":"type-product","3":"status-publish","4":"has-post-thumbnail","6":"product_cat-etiquetadoras-de-botellas","8":"first","9":"instock","10":"taxable","11":"shipping-taxable","12":"purchasable","13":"product-type-simple"},"yoast_head":"<!-- This site is optimized with the Yoast SEO Premium plugin v24.9 (Yoast SEO v26.1) - https:\/\/yoast.com\/wordpress\/plugins\/seo\/ -->\n<title>M\u00e1quina Etiquetadora de Botellas El\u00e9ctrica 5\ufe0f\u20e30\ufe0f\u20e3 Etiquetas por Minuto ? - distribuci\u00f3n ARC<\/title>\n<meta name=\"robots\" content=\"index, follow, max-snippet:-1, max-image-preview:large, max-video-preview:-1\" \/>\n<link rel=\"canonical\" href=\"https:\/\/www.distribucionarc.com\/producto\/maquina-etiquetadora-de-botellas-electrica-5\ufe0f\u20e30\ufe0f\u20e3-etiquetas-por-minuto-\ud83e\uddf4\/\" \/>\n<meta property=\"og:locale\" content=\"fr_FR\" \/>\n<meta property=\"og:type\" content=\"article\" \/>\n<meta property=\"og:title\" content=\"M\u00e1quina Etiquetadora de Botellas El\u00e9ctrica 5\ufe0f\u20e30\ufe0f\u20e3 Etiquetas por Minuto ?\" \/>\n<meta property=\"og:description\" content=\"M\u00e1quina etiquetadora de botellas  Con \u00e9sta m\u00e1quina podemos etiquetar diferentes tipos de botellas pueden ser de aluminio,cristal o pl\u00e1stico.  Tama\u00f1o de la botella (largo) maximo 15mm\u2796120mm  Toda nuestra maquinaria tiene garant\u00eda de 2\ufe0f\u20e3 a\u00f1os.  Soporte t\u00e9cnico en caso de aver\u00eda.\" \/>\n<meta property=\"og:url\" content=\"https:\/\/www.distribucionarc.com\/producto\/maquina-etiquetadora-de-botellas-electrica-5\ufe0f\u20e30\ufe0f\u20e3-etiquetas-por-minuto-\ud83e\uddf4\/\" \/>\n<meta property=\"og:site_name\" content=\"distribuci\u00f3n ARC\" \/>\n<meta property=\"article:modified_time\" content=\"2023-03-31T07:43:15+00:00\" \/>\n<meta property=\"og:image\" content=\"https:\/\/www.distribucionarc.com\/wp-content\/uploads\/2020\/04\/etiquetadora_de_botellas_plastico_cristal_aluminio_0.jpg\" \/>\n\t<meta property=\"og:image:width\" content=\"1001\" \/>\n\t<meta property=\"og:image:height\" content=\"1001\" \/>\n\t<meta property=\"og:image:type\" content=\"image\/jpeg\" \/>\n<meta name=\"twitter:card\" content=\"summary_large_image\" \/>\n<meta name=\"twitter:label1\" content=\"Dur\u00e9e de lecture estim\u00e9e\" \/>\n\t<meta name=\"twitter:data1\" content=\"1 minute\" \/>\n<script type=\"application\/ld+json\" class=\"yoast-schema-graph\">{\"@context\":\"https:\/\/schema.org\",\"@graph\":[{\"@type\":\"WebPage\",\"@id\":\"https:\/\/www.distribucionarc.com\/producto\/maquina-etiquetadora-de-botellas-electrica-5%ef%b8%8f%e2%83%a30%ef%b8%8f%e2%83%a3-etiquetas-por-minuto-%f0%9f%a7%b4\/\",\"url\":\"https:\/\/www.distribucionarc.com\/producto\/maquina-etiquetadora-de-botellas-electrica-5%ef%b8%8f%e2%83%a30%ef%b8%8f%e2%83%a3-etiquetas-por-minuto-%f0%9f%a7%b4\/\",\"name\":\"M\u00e1quina Etiquetadora de Botellas El\u00e9ctrica 5\ufe0f\u20e30\ufe0f\u20e3 Etiquetas por Minuto ? - distribuci\u00f3n ARC\",\"isPartOf\":{\"@id\":\"https:\/\/distribucionarc.com\/bg\/#website\"},\"primaryImageOfPage\":{\"@id\":\"https:\/\/www.distribucionarc.com\/producto\/maquina-etiquetadora-de-botellas-electrica-5%ef%b8%8f%e2%83%a30%ef%b8%8f%e2%83%a3-etiquetas-por-minuto-%f0%9f%a7%b4\/#primaryimage\"},\"image\":{\"@id\":\"https:\/\/www.distribucionarc.com\/producto\/maquina-etiquetadora-de-botellas-electrica-5%ef%b8%8f%e2%83%a30%ef%b8%8f%e2%83%a3-etiquetas-por-minuto-%f0%9f%a7%b4\/#primaryimage\"},\"thumbnailUrl\":\"https:\/\/distribucionarc.com\/wp-content\/uploads\/2020\/04\/etiquetadora_de_botellas_plastico_cristal_aluminio_0.jpg\",\"datePublished\":\"2020-04-19T14:01:14+00:00\",\"dateModified\":\"2023-03-31T07:43:15+00:00\",\"breadcrumb\":{\"@id\":\"https:\/\/www.distribucionarc.com\/producto\/maquina-etiquetadora-de-botellas-electrica-5%ef%b8%8f%e2%83%a30%ef%b8%8f%e2%83%a3-etiquetas-por-minuto-%f0%9f%a7%b4\/#breadcrumb\"},\"inLanguage\":\"fr-FR\",\"potentialAction\":[{\"@type\":\"ReadAction\",\"target\":[\"https:\/\/www.distribucionarc.com\/producto\/maquina-etiquetadora-de-botellas-electrica-5%ef%b8%8f%e2%83%a30%ef%b8%8f%e2%83%a3-etiquetas-por-minuto-%f0%9f%a7%b4\/\"]}]},{\"@type\":\"ImageObject\",\"inLanguage\":\"fr-FR\",\"@id\":\"https:\/\/www.distribucionarc.com\/producto\/maquina-etiquetadora-de-botellas-electrica-5%ef%b8%8f%e2%83%a30%ef%b8%8f%e2%83%a3-etiquetas-por-minuto-%f0%9f%a7%b4\/#primaryimage\",\"url\":\"https:\/\/distribucionarc.com\/wp-content\/uploads\/2020\/04\/etiquetadora_de_botellas_plastico_cristal_aluminio_0.jpg\",\"contentUrl\":\"https:\/\/distribucionarc.com\/wp-content\/uploads\/2020\/04\/etiquetadora_de_botellas_plastico_cristal_aluminio_0.jpg\",\"width\":1001,\"height\":1001},{\"@type\":\"BreadcrumbList\",\"@id\":\"https:\/\/www.distribucionarc.com\/producto\/maquina-etiquetadora-de-botellas-electrica-5%ef%b8%8f%e2%83%a30%ef%b8%8f%e2%83%a3-etiquetas-por-minuto-%f0%9f%a7%b4\/#breadcrumb\",\"itemListElement\":[{\"@type\":\"ListItem\",\"position\":1,\"name\":\"Portada\",\"item\":\"https:\/\/distribucionarc.com\/nb\/\"},{\"@type\":\"ListItem\",\"position\":2,\"name\":\"Products\",\"item\":\"https:\/\/www.distribucionarc.com\/en\/shop\/\"},{\"@type\":\"ListItem\",\"position\":3,\"name\":\"M\u00e1quina Etiquetadora de Botellas El\u00e9ctrica 5\ufe0f\u20e30\ufe0f\u20e3 Etiquetas por Minuto ?\"}]},{\"@type\":\"WebSite\",\"@id\":\"https:\/\/distribucionarc.com\/bg\/#website\",\"url\":\"https:\/\/distribucionarc.com\/bg\/\",\"name\":\"distribuci\u00f3n ARC\",\"description\":\"Empresa especializada en la fabricaci\u00f3n y distribuci\u00f3n de maquinaria industrial, selladoras de latas, Maquinas de hacer pastillas, Maquinas de cortar carne...\",\"publisher\":{\"@id\":\"https:\/\/distribucionarc.com\/bg\/#organization\"},\"potentialAction\":[{\"@type\":\"SearchAction\",\"target\":{\"@type\":\"EntryPoint\",\"urlTemplate\":\"https:\/\/distribucionarc.com\/bg\/?s={search_term_string}\"},\"query-input\":{\"@type\":\"PropertyValueSpecification\",\"valueRequired\":true,\"valueName\":\"search_term_string\"}}],\"inLanguage\":\"fr-FR\"},{\"@type\":\"Organization\",\"@id\":\"https:\/\/distribucionarc.com\/bg\/#organization\",\"name\":\"Distribuci\u00f3n ARC\",\"url\":\"https:\/\/distribucionarc.com\/bg\/\",\"logo\":{\"@type\":\"ImageObject\",\"inLanguage\":\"fr-FR\",\"@id\":\"https:\/\/distribucionarc.com\/bg\/#\/schema\/logo\/image\/\",\"url\":\"https:\/\/distribucionarc.com\/wp-content\/uploads\/2024\/10\/distribucion-ARC-COLOR-SIN-FONDO-e1732295305345.png\",\"contentUrl\":\"https:\/\/distribucionarc.com\/wp-content\/uploads\/2024\/10\/distribucion-ARC-COLOR-SIN-FONDO-e1732295305345.png\",\"width\":1164,\"height\":558,\"caption\":\"Distribuci\u00f3n ARC\"},\"image\":{\"@id\":\"https:\/\/distribucionarc.com\/bg\/#\/schema\/logo\/image\/\"},\"description\":\"Empresa especializada en la fabricaci\u00f3n y distribuci\u00f3n de maquinaria industrial para los sectores alimentario y farmac\u00e9utico. Nos especializamos en: M\u00e1quinas de cortar carne Fabricaci\u00f3n de comprimidos Sistemas de transporte industrial L\u00edneas de embotellado Dosificadores Y mucho m\u00e1s... Ofrecemos soluciones innovadoras y personalizadas para optimizar los procesos productivos de tu empresa.\",\"email\":\"Admistracion@distribucionarc.com\",\"telephone\":\"+34 643496664\",\"legalName\":\"ARC TECH SOLUTIONS\",\"foundingDate\":\"2024-04-09\",\"vatID\":\"B55480172\",\"numberOfEmployees\":{\"@type\":\"QuantitativeValue\",\"minValue\":\"1\",\"maxValue\":\"10\"}}]}<\/script>\n<!-- \/ Yoast SEO Premium plugin. -->","yoast_head_json":{"title":"\u00c9tiqueteuse de bouteilles \u00e9lectrique 5\ufe0f\u20e30\ufe0f\u20e3 \u00e9tiquettes par minute ? - R\u00e9partition ARC","robots":{"index":"index","follow":"follow","max-snippet":"max-snippet:-1","max-image-preview":"max-image-preview:large","max-video-preview":"max-video-preview:-1"},"canonical":"https:\/\/www.distribucionarc.com\/producto\/maquina-etiquetadora-de-botellas-electrica-5\ufe0f\u20e30\ufe0f\u20e3-etiquetas-por-minuto-\ud83e\uddf4\/","og_locale":"fr_FR","og_type":"article","og_title":"M\u00e1quina Etiquetadora de Botellas El\u00e9ctrica 5\ufe0f\u20e30\ufe0f\u20e3 Etiquetas por Minuto ?","og_description":"M\u00e1quina etiquetadora de botellas  Con \u00e9sta m\u00e1quina podemos etiquetar diferentes tipos de botellas pueden ser de aluminio,cristal o pl\u00e1stico.  Tama\u00f1o de la botella (largo) maximo 15mm\u2796120mm  Toda nuestra maquinaria tiene garant\u00eda de 2\ufe0f\u20e3 a\u00f1os.  Soporte t\u00e9cnico en caso de aver\u00eda.","og_url":"https:\/\/www.distribucionarc.com\/producto\/maquina-etiquetadora-de-botellas-electrica-5\ufe0f\u20e30\ufe0f\u20e3-etiquetas-por-minuto-\ud83e\uddf4\/","og_site_name":"distribuci\u00f3n ARC","article_modified_time":"2023-03-31T07:43:15+00:00","og_image":[{"width":1001,"height":1001,"url":"https:\/\/www.distribucionarc.com\/wp-content\/uploads\/2020\/04\/etiquetadora_de_botellas_plastico_cristal_aluminio_0.jpg","type":"image\/jpeg"}],"twitter_card":"summary_large_image","twitter_misc":{"Dur\u00e9e de lecture estim\u00e9e":"1 minute"},"schema":{"@context":"https:\/\/schema.org","@graph":[{"@type":"WebPage","@id":"https:\/\/www.distribucionarc.com\/producto\/maquina-etiquetadora-de-botellas-electrica-5%ef%b8%8f%e2%83%a30%ef%b8%8f%e2%83%a3-etiquetas-por-minuto-%f0%9f%a7%b4\/","url":"https:\/\/www.distribucionarc.com\/producto\/maquina-etiquetadora-de-botellas-electrica-5%ef%b8%8f%e2%83%a30%ef%b8%8f%e2%83%a3-etiquetas-por-minuto-%f0%9f%a7%b4\/","name":"\u00c9tiqueteuse de bouteilles \u00e9lectrique 5\ufe0f\u20e30\ufe0f\u20e3 \u00e9tiquettes par minute ? - R\u00e9partition ARC","isPartOf":{"@id":"https:\/\/distribucionarc.com\/bg\/#website"},"primaryImageOfPage":{"@id":"https:\/\/www.distribucionarc.com\/producto\/maquina-etiquetadora-de-botellas-electrica-5%ef%b8%8f%e2%83%a30%ef%b8%8f%e2%83%a3-etiquetas-por-minuto-%f0%9f%a7%b4\/#primaryimage"},"image":{"@id":"https:\/\/www.distribucionarc.com\/producto\/maquina-etiquetadora-de-botellas-electrica-5%ef%b8%8f%e2%83%a30%ef%b8%8f%e2%83%a3-etiquetas-por-minuto-%f0%9f%a7%b4\/#primaryimage"},"thumbnailUrl":"https:\/\/distribucionarc.com\/wp-content\/uploads\/2020\/04\/etiquetadora_de_botellas_plastico_cristal_aluminio_0.jpg","datePublished":"2020-04-19T14:01:14+00:00","dateModified":"2023-03-31T07:43:15+00:00","breadcrumb":{"@id":"https:\/\/www.distribucionarc.com\/producto\/maquina-etiquetadora-de-botellas-electrica-5%ef%b8%8f%e2%83%a30%ef%b8%8f%e2%83%a3-etiquetas-por-minuto-%f0%9f%a7%b4\/#breadcrumb"},"inLanguage":"fr-FR","potentialAction":[{"@type":"ReadAction","target":["https:\/\/www.distribucionarc.com\/producto\/maquina-etiquetadora-de-botellas-electrica-5%ef%b8%8f%e2%83%a30%ef%b8%8f%e2%83%a3-etiquetas-por-minuto-%f0%9f%a7%b4\/"]}]},{"@type":"ImageObject","inLanguage":"fr-FR","@id":"https:\/\/www.distribucionarc.com\/producto\/maquina-etiquetadora-de-botellas-electrica-5%ef%b8%8f%e2%83%a30%ef%b8%8f%e2%83%a3-etiquetas-por-minuto-%f0%9f%a7%b4\/#primaryimage","url":"https:\/\/distribucionarc.com\/wp-content\/uploads\/2020\/04\/etiquetadora_de_botellas_plastico_cristal_aluminio_0.jpg","contentUrl":"https:\/\/distribucionarc.com\/wp-content\/uploads\/2020\/04\/etiquetadora_de_botellas_plastico_cristal_aluminio_0.jpg","width":1001,"height":1001},{"@type":"BreadcrumbList","@id":"https:\/\/www.distribucionarc.com\/producto\/maquina-etiquetadora-de-botellas-electrica-5%ef%b8%8f%e2%83%a30%ef%b8%8f%e2%83%a3-etiquetas-por-minuto-%f0%9f%a7%b4\/#breadcrumb","itemListElement":[{"@type":"ListItem","position":1,"name":"Portada","item":"https:\/\/distribucionarc.com\/nb\/"},{"@type":"ListItem","position":2,"name":"Products","item":"https:\/\/www.distribucionarc.com\/en\/shop\/"},{"@type":"ListItem","position":3,"name":"M\u00e1quina Etiquetadora de Botellas El\u00e9ctrica 5\ufe0f\u20e30\ufe0f\u20e3 Etiquetas por Minuto ?"}]},{"@type":"WebSite","@id":"https:\/\/distribucionarc.com\/bg\/#website","url":"https:\/\/distribucionarc.com\/bg\/","name":"R\u00e9partition de l&#039;ARC","description":"Entreprise sp\u00e9cialis\u00e9e dans la fabrication et la distribution de machines industrielles, scelleuses de bo\u00eetes, machines \u00e0 comprim\u00e9s, machines \u00e0 d\u00e9couper la viande...","publisher":{"@id":"https:\/\/distribucionarc.com\/bg\/#organization"},"potentialAction":[{"@type":"SearchAction","target":{"@type":"EntryPoint","urlTemplate":"https:\/\/distribucionarc.com\/bg\/?s={search_term_string}"},"query-input":{"@type":"PropertyValueSpecification","valueRequired":true,"valueName":"search_term_string"}}],"inLanguage":"fr-FR"},{"@type":"Organization","@id":"https:\/\/distribucionarc.com\/bg\/#organization","name":"Distribution ARC","url":"https:\/\/distribucionarc.com\/bg\/","logo":{"@type":"ImageObject","inLanguage":"fr-FR","@id":"https:\/\/distribucionarc.com\/bg\/#\/schema\/logo\/image\/","url":"https:\/\/distribucionarc.com\/wp-content\/uploads\/2024\/10\/distribucion-ARC-COLOR-SIN-FONDO-e1732295305345.png","contentUrl":"https:\/\/distribucionarc.com\/wp-content\/uploads\/2024\/10\/distribucion-ARC-COLOR-SIN-FONDO-e1732295305345.png","width":1164,"height":558,"caption":"Distribuci\u00f3n ARC"},"image":{"@id":"https:\/\/distribucionarc.com\/bg\/#\/schema\/logo\/image\/"},"description":"Entreprise sp\u00e9cialis\u00e9e dans la fabrication et la distribution de machines industrielles pour les secteurs alimentaire et pharmaceutique. Nous sommes sp\u00e9cialis\u00e9s dans : Machines \u00e0 couper la viande Fabrication de comprim\u00e9s Syst\u00e8mes de transport industriel Lignes d'embouteillage Machines de dosage Et bien plus encore... Nous proposons des solutions innovantes et personnalis\u00e9es pour optimiser les processus de production de votre entreprise.","email":"Admistracion@distribucionarc.com","telephone":"+34 643496664","legalName":"ARC TECH SOLUTIONS","foundingDate":"2024-04-09","vatID":"B55480172","numberOfEmployees":{"@type":"QuantitativeValue","minValue":"1","maxValue":"10"}}]}},"_links":{"self":[{"href":"https:\/\/distribucionarc.com\/fr\/wp-json\/wp\/v2\/product\/472","targetHints":{"allow":["GET"]}}],"collection":[{"href":"https:\/\/distribucionarc.com\/fr\/wp-json\/wp\/v2\/product"}],"about":[{"href":"https:\/\/distribucionarc.com\/fr\/wp-json\/wp\/v2\/types\/product"}],"replies":[{"embeddable":true,"href":"https:\/\/distribucionarc.com\/fr\/wp-json\/wp\/v2\/comments?post=472"}],"version-history":[{"count":0,"href":"https:\/\/distribucionarc.com\/fr\/wp-json\/wp\/v2\/product\/472\/revisions"}],"wp:featuredmedia":[{"embeddable":true,"href":"https:\/\/distribucionarc.com\/fr\/wp-json\/wp\/v2\/media\/483"}],"wp:attachment":[{"href":"https:\/\/distribucionarc.com\/fr\/wp-json\/wp\/v2\/media?parent=472"}],"wp:term":[{"taxonomy":"product_brand","embeddable":true,"href":"https:\/\/distribucionarc.com\/fr\/wp-json\/wp\/v2\/product_brand?post=472"},{"taxonomy":"product_cat","embeddable":true,"href":"https:\/\/distribucionarc.com\/fr\/wp-json\/wp\/v2\/product_cat?post=472"},{"taxonomy":"product_tag","embeddable":true,"href":"https:\/\/distribucionarc.com\/fr\/wp-json\/wp\/v2\/product_tag?post=472"}],"curies":[{"name":"wp","href":"https:\/\/api.w.org\/{rel}","templated":true}]}}