{"id":4925,"date":"2022-10-29T18:52:38","date_gmt":"2022-10-29T18:52:38","guid":{"rendered":"https:\/\/distribucionarc.com\/?post_type=product&#038;p=4925"},"modified":"2023-01-12T08:46:48","modified_gmt":"2023-01-12T08:46:48","slug":"scellant-couvercle-aluminium-capsules-de-cafe","status":"publish","type":"product","link":"https:\/\/distribucionarc.com\/fr\/producto\/selladora-de-tapa-de-aluminio-capsulas-de-cafe\/","title":{"rendered":"scellant de couvercle en aluminium pour capsules de caf\u00e9"},"content":{"rendered":"<table width=\"625\">\n<tbody>\n<tr>\n<td><strong>Mod\u00e8le<\/strong><\/td>\n<td>HARY700<\/td>\n<\/tr>\n<tr>\n<td><strong>Couleur<\/strong><\/td>\n<td>argent<\/td>\n<\/tr>\n<tr>\n<td><strong>Taille<\/strong><\/td>\n<td>400*460*480 (mm)<\/td>\n<\/tr>\n<tr>\n<td><strong>\u00c9nergie<\/strong><\/td>\n<td>600w<\/td>\n<\/tr>\n<tr>\n<td><strong>mat\u00e9riel<\/strong><\/td>\n<td>Acier inoxydable<\/td>\n<\/tr>\n<tr>\n<td><strong>\u00c9lectrique<\/strong><\/td>\n<td>210V-220V<\/td>\n<\/tr>\n<tr>\n<td><strong>P\u00e9riode de garantie<\/strong><\/td>\n<td>2 ans<\/td>\n<\/tr>\n<tr>\n<td><strong>Limite de temp\u00e9rature<\/strong><\/td>\n<td>0-400 \u2103 (200 \u2103 est le plus appropri\u00e9)<\/td>\n<\/tr>\n<tr>\n<td><strong>Vitesse de scellage<\/strong><\/td>\n<td>800-1200 pi\u00e8ces\/heure<\/td>\n<\/tr>\n<tr>\n<td><strong>Moule<\/strong><\/td>\n<td>moule sur mesure 20 \u00e0 30 jours<\/td>\n<\/tr>\n<tr>\n<td><\/td>\n<td><\/td>\n<\/tr>\n<\/tbody>\n<\/table>","protected":false},"excerpt":{"rendered":"<p>Moule personnalis\u00e9 personnalis\u00e9<\/p>\n<p>des mini pots d&#039;huile, de caf\u00e9, de sauce, de beurre,<\/p>\n<p>&nbsp;<\/p>\n<div style=\"width: 540px;\" class=\"wp-video\"><video class=\"wp-video-shortcode\" id=\"video-4925-1\" width=\"540\" height=\"520\" preload=\"metadata\" controls=\"controls\"><source type=\"video\/mp4\" src=\"https:\/\/distribucionarc.com\/wp-content\/uploads\/2022\/10\/selladora-de-tapa-de-aluminio-capsulas-de-cafe-video.mp4?_=1\" \/><a href=\"https:\/\/distribucionarc.com\/wp-content\/uploads\/2022\/10\/selladora-de-tapa-de-aluminio-capsulas-de-cafe-video.mp4\">https:\/\/distribucionarc.com\/wp-content\/uploads\/2022\/10\/selladora-de-tapa-de-aluminio-capsulas-de-cafe-video.mp4<\/a><\/video><\/div>\n<p>&nbsp;<\/p>\n<p>&nbsp;<\/p>","protected":false},"featured_media":4926,"comment_status":"open","ping_status":"closed","template":"","meta":{"wds_primary_product_brand":0,"wds_primary_product_cat":0},"product_brand":[],"product_cat":[77,28],"product_tag":[],"class_list":{"0":"post-4925","1":"product","2":"type-product","3":"status-publish","4":"has-post-thumbnail","6":"product_cat-selladoras-termicas-laminas-de-aluminio-sin-tapa","7":"product_cat-tapadoras","9":"first","10":"instock","11":"taxable","12":"shipping-taxable","13":"purchasable","14":"product-type-simple"},"yoast_head":"<!-- This site is optimized with the Yoast SEO Premium plugin v24.9 (Yoast SEO v26.1) - https:\/\/yoast.com\/wordpress\/plugins\/seo\/ -->\n<title>selladora de tapa de aluminio capsulas de caf\u00e9 - distribuci\u00f3n ARC<\/title>\n<meta name=\"robots\" content=\"index, follow, max-snippet:-1, max-image-preview:large, max-video-preview:-1\" \/>\n<link rel=\"canonical\" href=\"https:\/\/distribucionarc.com\/fr\/produit\/scellant-couvercle-aluminium-capsules-de-cafe\/\" \/>\n<meta property=\"og:locale\" content=\"fr_FR\" \/>\n<meta property=\"og:type\" content=\"article\" \/>\n<meta property=\"og:title\" content=\"selladora de tapa de aluminio capsulas de caf\u00e9\" \/>\n<meta property=\"og:description\" content=\"Molde personalizado a medida  mini tarrinas aceite, caf\u00e9, salsa, mantequilla,  &nbsp;    &nbsp;  &nbsp;\" \/>\n<meta property=\"og:url\" content=\"https:\/\/distribucionarc.com\/fr\/produit\/scellant-couvercle-aluminium-capsules-de-cafe\/\" \/>\n<meta property=\"og:site_name\" content=\"distribuci\u00f3n ARC\" \/>\n<meta property=\"article:modified_time\" content=\"2023-01-12T08:46:48+00:00\" \/>\n<meta property=\"og:image\" content=\"https:\/\/distribucionarc.com\/wp-content\/uploads\/2022\/10\/selladora-de-tapa-de-aluminio-capsulas-de-cafe-a-3.jpg\" \/>\n\t<meta property=\"og:image:width\" content=\"1000\" \/>\n\t<meta property=\"og:image:height\" content=\"1000\" \/>\n\t<meta property=\"og:image:type\" content=\"image\/jpeg\" \/>\n<meta name=\"twitter:card\" content=\"summary_large_image\" \/>\n<script type=\"application\/ld+json\" class=\"yoast-schema-graph\">{\"@context\":\"https:\/\/schema.org\",\"@graph\":[{\"@type\":\"WebPage\",\"@id\":\"https:\/\/distribucionarc.com\/fr\/producto\/selladora-de-tapa-de-aluminio-capsulas-de-cafe\/\",\"url\":\"https:\/\/distribucionarc.com\/fr\/producto\/selladora-de-tapa-de-aluminio-capsulas-de-cafe\/\",\"name\":\"selladora de tapa de aluminio capsulas de caf\u00e9 - distribuci\u00f3n ARC\",\"isPartOf\":{\"@id\":\"https:\/\/distribucionarc.com\/de\/#website\"},\"primaryImageOfPage\":{\"@id\":\"https:\/\/distribucionarc.com\/fr\/producto\/selladora-de-tapa-de-aluminio-capsulas-de-cafe\/#primaryimage\"},\"image\":{\"@id\":\"https:\/\/distribucionarc.com\/fr\/producto\/selladora-de-tapa-de-aluminio-capsulas-de-cafe\/#primaryimage\"},\"thumbnailUrl\":\"https:\/\/distribucionarc.com\/wp-content\/uploads\/2022\/10\/selladora-de-tapa-de-aluminio-capsulas-de-cafe-a-3.jpg\",\"datePublished\":\"2022-10-29T18:52:38+00:00\",\"dateModified\":\"2023-01-12T08:46:48+00:00\",\"breadcrumb\":{\"@id\":\"https:\/\/distribucionarc.com\/fr\/producto\/selladora-de-tapa-de-aluminio-capsulas-de-cafe\/#breadcrumb\"},\"inLanguage\":\"fr-FR\",\"potentialAction\":[{\"@type\":\"ReadAction\",\"target\":[\"https:\/\/distribucionarc.com\/fr\/producto\/selladora-de-tapa-de-aluminio-capsulas-de-cafe\/\"]}]},{\"@type\":\"ImageObject\",\"inLanguage\":\"fr-FR\",\"@id\":\"https:\/\/distribucionarc.com\/fr\/producto\/selladora-de-tapa-de-aluminio-capsulas-de-cafe\/#primaryimage\",\"url\":\"https:\/\/distribucionarc.com\/wp-content\/uploads\/2022\/10\/selladora-de-tapa-de-aluminio-capsulas-de-cafe-a-3.jpg\",\"contentUrl\":\"https:\/\/distribucionarc.com\/wp-content\/uploads\/2022\/10\/selladora-de-tapa-de-aluminio-capsulas-de-cafe-a-3.jpg\",\"width\":1000,\"height\":1000},{\"@type\":\"BreadcrumbList\",\"@id\":\"https:\/\/distribucionarc.com\/fr\/producto\/selladora-de-tapa-de-aluminio-capsulas-de-cafe\/#breadcrumb\",\"itemListElement\":[{\"@type\":\"ListItem\",\"position\":1,\"name\":\"Portada\",\"item\":\"https:\/\/distribucionarc.com\/pl\/\"},{\"@type\":\"ListItem\",\"position\":2,\"name\":\"Produkty\",\"item\":\"https:\/\/distribucionarc.com\/pl\/shop\/\"},{\"@type\":\"ListItem\",\"position\":3,\"name\":\"selladora de tapa de aluminio capsulas de caf\u00e9\"}]},{\"@type\":\"WebSite\",\"@id\":\"https:\/\/distribucionarc.com\/de\/#website\",\"url\":\"https:\/\/distribucionarc.com\/de\/\",\"name\":\"distribuci\u00f3n ARC\",\"description\":\"Empresa especializada en la fabricaci\u00f3n y distribuci\u00f3n de maquinaria industrial, selladoras de latas, Maquinas de hacer pastillas, Maquinas de cortar carne...\",\"publisher\":{\"@id\":\"https:\/\/distribucionarc.com\/de\/#organization\"},\"potentialAction\":[{\"@type\":\"SearchAction\",\"target\":{\"@type\":\"EntryPoint\",\"urlTemplate\":\"https:\/\/distribucionarc.com\/de\/?s={search_term_string}\"},\"query-input\":{\"@type\":\"PropertyValueSpecification\",\"valueRequired\":true,\"valueName\":\"search_term_string\"}}],\"inLanguage\":\"fr-FR\"},{\"@type\":\"Organization\",\"@id\":\"https:\/\/distribucionarc.com\/de\/#organization\",\"name\":\"Distribuci\u00f3n ARC\",\"url\":\"https:\/\/distribucionarc.com\/de\/\",\"logo\":{\"@type\":\"ImageObject\",\"inLanguage\":\"fr-FR\",\"@id\":\"https:\/\/distribucionarc.com\/de\/#\/schema\/logo\/image\/\",\"url\":\"https:\/\/distribucionarc.com\/wp-content\/uploads\/2024\/10\/distribucion-ARC-COLOR-SIN-FONDO-e1732295305345.png\",\"contentUrl\":\"https:\/\/distribucionarc.com\/wp-content\/uploads\/2024\/10\/distribucion-ARC-COLOR-SIN-FONDO-e1732295305345.png\",\"width\":1164,\"height\":558,\"caption\":\"Distribuci\u00f3n ARC\"},\"image\":{\"@id\":\"https:\/\/distribucionarc.com\/de\/#\/schema\/logo\/image\/\"},\"description\":\"Empresa especializada en la fabricaci\u00f3n y distribuci\u00f3n de maquinaria industrial para los sectores alimentario y farmac\u00e9utico. Nos especializamos en: M\u00e1quinas de cortar carne Fabricaci\u00f3n de comprimidos Sistemas de transporte industrial L\u00edneas de embotellado Dosificadores Y mucho m\u00e1s... Ofrecemos soluciones innovadoras y personalizadas para optimizar los procesos productivos de tu empresa.\",\"email\":\"Admistracion@distribucionarc.com\",\"telephone\":\"+34 643496664\",\"legalName\":\"ARC TECH SOLUTIONS\",\"foundingDate\":\"2024-04-09\",\"vatID\":\"B55480172\",\"numberOfEmployees\":{\"@type\":\"QuantitativeValue\",\"minValue\":\"1\",\"maxValue\":\"10\"}}]}<\/script>\n<!-- \/ Yoast SEO Premium plugin. -->","yoast_head_json":{"title":"Scelleuse de couvercles de capsules de caf\u00e9 en aluminium - ARC distribution","robots":{"index":"index","follow":"follow","max-snippet":"max-snippet:-1","max-image-preview":"max-image-preview:large","max-video-preview":"max-video-preview:-1"},"canonical":"https:\/\/distribucionarc.com\/fr\/produit\/scellant-couvercle-aluminium-capsules-de-cafe\/","og_locale":"fr_FR","og_type":"article","og_title":"selladora de tapa de aluminio capsulas de caf\u00e9","og_description":"Molde personalizado a medida  mini tarrinas aceite, caf\u00e9, salsa, mantequilla,  &nbsp;    &nbsp;  &nbsp;","og_url":"https:\/\/distribucionarc.com\/fr\/produit\/scellant-couvercle-aluminium-capsules-de-cafe\/","og_site_name":"distribuci\u00f3n ARC","article_modified_time":"2023-01-12T08:46:48+00:00","og_image":[{"width":1000,"height":1000,"url":"https:\/\/distribucionarc.com\/wp-content\/uploads\/2022\/10\/selladora-de-tapa-de-aluminio-capsulas-de-cafe-a-3.jpg","type":"image\/jpeg"}],"twitter_card":"summary_large_image","schema":{"@context":"https:\/\/schema.org","@graph":[{"@type":"WebPage","@id":"https:\/\/distribucionarc.com\/fr\/producto\/selladora-de-tapa-de-aluminio-capsulas-de-cafe\/","url":"https:\/\/distribucionarc.com\/fr\/producto\/selladora-de-tapa-de-aluminio-capsulas-de-cafe\/","name":"Scelleuse de couvercles de capsules de caf\u00e9 en aluminium - ARC distribution","isPartOf":{"@id":"https:\/\/distribucionarc.com\/de\/#website"},"primaryImageOfPage":{"@id":"https:\/\/distribucionarc.com\/fr\/producto\/selladora-de-tapa-de-aluminio-capsulas-de-cafe\/#primaryimage"},"image":{"@id":"https:\/\/distribucionarc.com\/fr\/producto\/selladora-de-tapa-de-aluminio-capsulas-de-cafe\/#primaryimage"},"thumbnailUrl":"https:\/\/distribucionarc.com\/wp-content\/uploads\/2022\/10\/selladora-de-tapa-de-aluminio-capsulas-de-cafe-a-3.jpg","datePublished":"2022-10-29T18:52:38+00:00","dateModified":"2023-01-12T08:46:48+00:00","breadcrumb":{"@id":"https:\/\/distribucionarc.com\/fr\/producto\/selladora-de-tapa-de-aluminio-capsulas-de-cafe\/#breadcrumb"},"inLanguage":"fr-FR","potentialAction":[{"@type":"ReadAction","target":["https:\/\/distribucionarc.com\/fr\/producto\/selladora-de-tapa-de-aluminio-capsulas-de-cafe\/"]}]},{"@type":"ImageObject","inLanguage":"fr-FR","@id":"https:\/\/distribucionarc.com\/fr\/producto\/selladora-de-tapa-de-aluminio-capsulas-de-cafe\/#primaryimage","url":"https:\/\/distribucionarc.com\/wp-content\/uploads\/2022\/10\/selladora-de-tapa-de-aluminio-capsulas-de-cafe-a-3.jpg","contentUrl":"https:\/\/distribucionarc.com\/wp-content\/uploads\/2022\/10\/selladora-de-tapa-de-aluminio-capsulas-de-cafe-a-3.jpg","width":1000,"height":1000},{"@type":"BreadcrumbList","@id":"https:\/\/distribucionarc.com\/fr\/producto\/selladora-de-tapa-de-aluminio-capsulas-de-cafe\/#breadcrumb","itemListElement":[{"@type":"ListItem","position":1,"name":"Portada","item":"https:\/\/distribucionarc.com\/pl\/"},{"@type":"ListItem","position":2,"name":"Produkty","item":"https:\/\/distribucionarc.com\/pl\/shop\/"},{"@type":"ListItem","position":3,"name":"selladora de tapa de aluminio capsulas de caf\u00e9"}]},{"@type":"WebSite","@id":"https:\/\/distribucionarc.com\/de\/#website","url":"https:\/\/distribucionarc.com\/de\/","name":"R\u00e9partition de l&#039;ARC","description":"Entreprise sp\u00e9cialis\u00e9e dans la fabrication et la distribution de machines industrielles, scelleuses de bo\u00eetes, machines \u00e0 comprim\u00e9s, machines \u00e0 d\u00e9couper la viande...","publisher":{"@id":"https:\/\/distribucionarc.com\/de\/#organization"},"potentialAction":[{"@type":"SearchAction","target":{"@type":"EntryPoint","urlTemplate":"https:\/\/distribucionarc.com\/de\/?s={search_term_string}"},"query-input":{"@type":"PropertyValueSpecification","valueRequired":true,"valueName":"search_term_string"}}],"inLanguage":"fr-FR"},{"@type":"Organization","@id":"https:\/\/distribucionarc.com\/de\/#organization","name":"Distribution ARC","url":"https:\/\/distribucionarc.com\/de\/","logo":{"@type":"ImageObject","inLanguage":"fr-FR","@id":"https:\/\/distribucionarc.com\/de\/#\/schema\/logo\/image\/","url":"https:\/\/distribucionarc.com\/wp-content\/uploads\/2024\/10\/distribucion-ARC-COLOR-SIN-FONDO-e1732295305345.png","contentUrl":"https:\/\/distribucionarc.com\/wp-content\/uploads\/2024\/10\/distribucion-ARC-COLOR-SIN-FONDO-e1732295305345.png","width":1164,"height":558,"caption":"Distribuci\u00f3n ARC"},"image":{"@id":"https:\/\/distribucionarc.com\/de\/#\/schema\/logo\/image\/"},"description":"Entreprise sp\u00e9cialis\u00e9e dans la fabrication et la distribution de machines industrielles pour les secteurs alimentaire et pharmaceutique. Nous sommes sp\u00e9cialis\u00e9s dans : Machines \u00e0 couper la viande Fabrication de comprim\u00e9s Syst\u00e8mes de transport industriel Lignes d'embouteillage Machines de dosage Et bien plus encore... Nous proposons des solutions innovantes et personnalis\u00e9es pour optimiser les processus de production de votre entreprise.","email":"Admistracion@distribucionarc.com","telephone":"+34 643496664","legalName":"ARC TECH SOLUTIONS","foundingDate":"2024-04-09","vatID":"B55480172","numberOfEmployees":{"@type":"QuantitativeValue","minValue":"1","maxValue":"10"}}]}},"_links":{"self":[{"href":"https:\/\/distribucionarc.com\/fr\/wp-json\/wp\/v2\/product\/4925","targetHints":{"allow":["GET"]}}],"collection":[{"href":"https:\/\/distribucionarc.com\/fr\/wp-json\/wp\/v2\/product"}],"about":[{"href":"https:\/\/distribucionarc.com\/fr\/wp-json\/wp\/v2\/types\/product"}],"replies":[{"embeddable":true,"href":"https:\/\/distribucionarc.com\/fr\/wp-json\/wp\/v2\/comments?post=4925"}],"version-history":[{"count":0,"href":"https:\/\/distribucionarc.com\/fr\/wp-json\/wp\/v2\/product\/4925\/revisions"}],"wp:featuredmedia":[{"embeddable":true,"href":"https:\/\/distribucionarc.com\/fr\/wp-json\/wp\/v2\/media\/4926"}],"wp:attachment":[{"href":"https:\/\/distribucionarc.com\/fr\/wp-json\/wp\/v2\/media?parent=4925"}],"wp:term":[{"taxonomy":"product_brand","embeddable":true,"href":"https:\/\/distribucionarc.com\/fr\/wp-json\/wp\/v2\/product_brand?post=4925"},{"taxonomy":"product_cat","embeddable":true,"href":"https:\/\/distribucionarc.com\/fr\/wp-json\/wp\/v2\/product_cat?post=4925"},{"taxonomy":"product_tag","embeddable":true,"href":"https:\/\/distribucionarc.com\/fr\/wp-json\/wp\/v2\/product_tag?post=4925"}],"curies":[{"name":"wp","href":"https:\/\/api.w.org\/{rel}","templated":true}]}}