{"id":525,"date":"2020-04-21T14:25:35","date_gmt":"2020-04-21T14:25:35","guid":{"rendered":"https:\/\/distribucionarc.com\/?post_type=product&#038;p=525"},"modified":"2024-09-04T15:31:31","modified_gmt":"2024-09-04T15:31:31","slug":"machine-de-capsulage-de-bouteilles-canettes-10mm-%e2%9e%a1%ef%b8%8f-50mm","status":"publish","type":"product","link":"https:\/\/distribucionarc.com\/fr\/producto\/maquina-tapadora-de-botellas-botes-10mm-%e2%9e%a1%ef%b8%8f-50mm\/","title":{"rendered":"Machine de capsulage de bouteilles, pots de 10 mm \u27a1\ufe0f 50 mm"},"content":{"rendered":"<h2><strong>Machine de capsulage de bouteilles, pots de 10 mm \u27a1\ufe0f 50 mm<\/strong><\/h2>\n<p>Dans la fabrication de produits qui doivent \u00eatre conditionn\u00e9s en bouteilles, la fermeture des bouteilles peut \u00eatre assez compliqu\u00e9e en raison de la r\u00e9glementation puisque l&#039;une des exigences est qu&#039;elles doivent \u00eatre bien viss\u00e9es. Les couvercles des bocaux ont un design ing\u00e9nieux qui les rend faciles \u00e0 ouvrir et \u00e0 fermer \u00e0 la main, mais les mettre sur une cha\u00eene de production est une toute autre histoire. C\u2019est l\u00e0 que cette capsuleuse fait ses d\u00e9buts. Cette machine permettra \u00e0 l&#039;op\u00e9rateur de serrer les bouchons des bouteilles avec suffisamment de force pour qu&#039;ils ne puissent pas \u00eatre ouverts accidentellement pendant le transport ou le stockage.<br \/>\nIl s&#039;agit sans aucun doute de la machine id\u00e9ale pour les PME, car elle permet d&#039;\u00e9viter le travail manuel fastidieux consistant \u00e0 serrer les couvercles des conteneurs un par un.<\/p>\n<p>Comme il s\u2019agit d\u2019une machine \u00e9lectrique manuelle, cela signifie que vous pouvez travailler avec partout o\u00f9 il y a une prise \u00e9lectrique \u00e0 proximit\u00e9.<br \/>\nLe tenir d&#039;une seule main permet \u00e0 l&#039;op\u00e9rateur d&#039;obtenir une meilleure pr\u00e9hension et un meilleur positionnement, rendant le travail plus pr\u00e9cis.<br \/>\nLa force de l&#039;embrayage peut \u00eatre r\u00e9glable pour \u00e9viter un serrage excessif et ainsi \u00e9viter d&#039;endommager le filetage du r\u00e9cipient.<\/p>\n<p>Nos machines passent un contr\u00f4le qualit\u00e9 strict avant d&#039;\u00eatre d\u00e9pos\u00e9es dans nos entrep\u00f4ts. Toutes nos machines b\u00e9n\u00e9ficient d&#039;une garantie de 2 ans.<\/p>\n<p>Nous garantissons une assistance technique en cas de panne.<\/p>\n<h3 class=\"s8gg2 _2UIKs\" data-hook=\"info-section-title\">Sp\u00e9cifications\u00a0:<\/h3>\n<div class=\"_2tV5m cell\"><\/div>\n<div class=\"rah-static rah-static--height-auto\" aria-hidden=\"false\">\n<div>\n<div class=\"_1yvxJ cell\">\n<div class=\"WncCi\" data-hook=\"info-section-description\">\n<ul>\n<li>Tension : 220 V.<\/li>\n<li>Puissance : 80W.<\/li>\n<li>Fonctionnement : Manuel.<\/li>\n<li>Diam\u00e8tre du bouchon filet\u00e9 : 10 \u2796 50 mm. jusqu&#039;\u00e0 120 mm<\/li>\n<li>Vitesse moyenne : 20 bouteilles par minute.<\/li>\n<li>Force d&#039;embrayage : r\u00e9glable.<\/li>\n<\/ul>\n<p>une vid\u00e9o de la machine en fonctionnement ?<\/p>\n<\/div>\n<\/div>\n<\/div>\n<\/div>","protected":false},"excerpt":{"rendered":"<p>La machine manuelle <strong>Distribution ARC<\/strong> C&#039;est la solution parfaite pour sceller des bocaux et des bouteilles de diff\u00e9rentes tailles. Il est hautement personnalisable, avec la possibilit\u00e9 de travailler avec des casquettes allant de <strong>10<\/strong> <strong>dix millim\u00e8tres<\/strong>, id\u00e9al pour les petits r\u00e9cipients de liquides et produits avec petits bouchons, jusqu&#039;\u00e0 <strong>120<\/strong> <strong>cent vingt millim\u00e8tres<\/strong>, ce qui le rend parfait pour les pots plus grands, tels que les pots de prot\u00e9ines.<\/p>\n<p>Cette machine convient \u00e9galement au bouchage de flacons de pilules typiques, offrant une grande polyvalence pour sceller des r\u00e9cipients dans les industries pharmaceutique, alimentaire et cosm\u00e9tique. Que vous travailliez avec des petits pots de produits ou des gros flacons de compl\u00e9ments, cette machine s&#039;adapte \u00e0 vos besoins.<\/p>\n<p><strong>Remarque importante<\/strong>: La machine est \u00e9quip\u00e9e de moules standards qui couvrent une taille maximale de bouchon de <strong>50<\/strong> <strong>cinquante millim\u00e8tres<\/strong>. Pour les plus grandes capitalisations, un <strong>matrice personnalis\u00e9e<\/strong> qui s&#039;adapte \u00e0 la taille de votre conteneur, garantissant une fermeture s\u00fbre et pr\u00e9cise.<\/p>","protected":false},"featured_media":526,"comment_status":"open","ping_status":"closed","template":"","meta":{"wds_primary_product_brand":0,"wds_primary_product_cat":0},"product_brand":[],"product_cat":[45,28],"product_tag":[],"class_list":{"0":"post-525","1":"product","2":"type-product","3":"status-publish","4":"has-post-thumbnail","6":"product_cat-selladoras-de-induccion","7":"product_cat-tapadoras","9":"first","10":"instock","11":"taxable","12":"shipping-taxable","13":"purchasable","14":"product-type-simple"},"yoast_head":"<!-- This site is optimized with the Yoast SEO Premium plugin v24.9 (Yoast SEO v26.1) - https:\/\/yoast.com\/wordpress\/plugins\/seo\/ -->\n<title>M\u00e1quina Tapadora de Botellas, Botes 10mm \u27a1\ufe0f 50mm - distribuci\u00f3n ARC<\/title>\n<meta name=\"robots\" content=\"index, follow, max-snippet:-1, max-image-preview:large, max-video-preview:-1\" \/>\n<link rel=\"canonical\" href=\"https:\/\/www.distribucionarc.com\/producto\/maquina-tapadora-de-botellas-botes-10mm-\u27a1\ufe0f-50mm\/\" \/>\n<meta property=\"og:locale\" content=\"fr_FR\" \/>\n<meta property=\"og:type\" content=\"article\" \/>\n<meta property=\"og:title\" content=\"M\u00e1quina Tapadora de Botellas, Botes 10mm \u27a1\ufe0f 50mm\" \/>\n<meta property=\"og:description\" content=\"La m\u00e1quina manual de Distribuci\u00f3n ARC es la soluci\u00f3n perfecta para el sellado de botes y botellas de diversos tama\u00f1os. Es altamente personalizable, con la capacidad de trabajar con tapas que var\u00edan desde 10 diez mil\u00edmetros, ideal para peque\u00f1os envases de l\u00edquidos y productos con tapones peque\u00f1os, hasta 120 ciento veinte mil\u00edmetros, lo que la hace perfecta para botes m\u00e1s grandes, como los de prote\u00ednas.  Esta m\u00e1quina tambi\u00e9n es apta para tapar botes t\u00edpicos de pastillas, brindando una gran versatilidad para sellar envases en la industria farmac\u00e9utica, alimentaria y cosm\u00e9tica. Ya sea que trabajes con peque\u00f1os frascos de productos o grandes botes de suplementos, esta m\u00e1quina se adapta a tus necesidades.  Nota importante: La m\u00e1quina est\u00e1 equipada con moldes est\u00e1ndar que cubren un tama\u00f1o m\u00e1ximo de tapa de 50 cincuenta mil\u00edmetros. Para tapas m\u00e1s grandes, se requiere un troquel personalizado que se ajuste al tama\u00f1o de tu envase, garantizando un sellado seguro y preciso.\" \/>\n<meta property=\"og:url\" content=\"https:\/\/www.distribucionarc.com\/producto\/maquina-tapadora-de-botellas-botes-10mm-\u27a1\ufe0f-50mm\/\" \/>\n<meta property=\"og:site_name\" content=\"distribuci\u00f3n ARC\" \/>\n<meta property=\"article:modified_time\" content=\"2024-09-04T15:31:31+00:00\" \/>\n<meta property=\"og:image\" content=\"https:\/\/www.distribucionarc.com\/wp-content\/uploads\/2020\/04\/maquina_tapadora_de_botellas_botes-_10mm_50mm_0.jpg\" \/>\n\t<meta property=\"og:image:width\" content=\"1600\" \/>\n\t<meta property=\"og:image:height\" content=\"1600\" \/>\n\t<meta property=\"og:image:type\" content=\"image\/jpeg\" \/>\n<meta name=\"twitter:card\" content=\"summary_large_image\" \/>\n<meta name=\"twitter:label1\" content=\"Dur\u00e9e de lecture estim\u00e9e\" \/>\n\t<meta name=\"twitter:data1\" content=\"2 minutes\" \/>\n<script type=\"application\/ld+json\" class=\"yoast-schema-graph\">{\"@context\":\"https:\/\/schema.org\",\"@graph\":[{\"@type\":\"WebPage\",\"@id\":\"https:\/\/www.distribucionarc.com\/producto\/maquina-tapadora-de-botellas-botes-10mm-%e2%9e%a1%ef%b8%8f-50mm\/\",\"url\":\"https:\/\/www.distribucionarc.com\/producto\/maquina-tapadora-de-botellas-botes-10mm-%e2%9e%a1%ef%b8%8f-50mm\/\",\"name\":\"M\u00e1quina Tapadora de Botellas, Botes 10mm \u27a1\ufe0f 50mm - distribuci\u00f3n ARC\",\"isPartOf\":{\"@id\":\"https:\/\/distribucionarc.com\/bg\/#website\"},\"primaryImageOfPage\":{\"@id\":\"https:\/\/www.distribucionarc.com\/producto\/maquina-tapadora-de-botellas-botes-10mm-%e2%9e%a1%ef%b8%8f-50mm\/#primaryimage\"},\"image\":{\"@id\":\"https:\/\/www.distribucionarc.com\/producto\/maquina-tapadora-de-botellas-botes-10mm-%e2%9e%a1%ef%b8%8f-50mm\/#primaryimage\"},\"thumbnailUrl\":\"https:\/\/distribucionarc.com\/wp-content\/uploads\/2020\/04\/maquina_tapadora_de_botellas_botes-_10mm_50mm_0.jpg\",\"datePublished\":\"2020-04-21T14:25:35+00:00\",\"dateModified\":\"2024-09-04T15:31:31+00:00\",\"breadcrumb\":{\"@id\":\"https:\/\/www.distribucionarc.com\/producto\/maquina-tapadora-de-botellas-botes-10mm-%e2%9e%a1%ef%b8%8f-50mm\/#breadcrumb\"},\"inLanguage\":\"fr-FR\",\"potentialAction\":[{\"@type\":\"ReadAction\",\"target\":[\"https:\/\/www.distribucionarc.com\/producto\/maquina-tapadora-de-botellas-botes-10mm-%e2%9e%a1%ef%b8%8f-50mm\/\"]}]},{\"@type\":\"ImageObject\",\"inLanguage\":\"fr-FR\",\"@id\":\"https:\/\/www.distribucionarc.com\/producto\/maquina-tapadora-de-botellas-botes-10mm-%e2%9e%a1%ef%b8%8f-50mm\/#primaryimage\",\"url\":\"https:\/\/distribucionarc.com\/wp-content\/uploads\/2020\/04\/maquina_tapadora_de_botellas_botes-_10mm_50mm_0.jpg\",\"contentUrl\":\"https:\/\/distribucionarc.com\/wp-content\/uploads\/2020\/04\/maquina_tapadora_de_botellas_botes-_10mm_50mm_0.jpg\",\"width\":1600,\"height\":1600},{\"@type\":\"BreadcrumbList\",\"@id\":\"https:\/\/www.distribucionarc.com\/producto\/maquina-tapadora-de-botellas-botes-10mm-%e2%9e%a1%ef%b8%8f-50mm\/#breadcrumb\",\"itemListElement\":[{\"@type\":\"ListItem\",\"position\":1,\"name\":\"Portada\",\"item\":\"https:\/\/distribucionarc.com\/el\/\"},{\"@type\":\"ListItem\",\"position\":2,\"name\":\"Proizvodi\",\"item\":\"https:\/\/www.distribucionarc.com\/hr\/ducan\/\"},{\"@type\":\"ListItem\",\"position\":3,\"name\":\"M\u00e1quina Tapadora de Botellas, Botes 10mm \u27a1\ufe0f 50mm\"}]},{\"@type\":\"WebSite\",\"@id\":\"https:\/\/distribucionarc.com\/bg\/#website\",\"url\":\"https:\/\/distribucionarc.com\/bg\/\",\"name\":\"distribuci\u00f3n ARC\",\"description\":\"Empresa especializada en la fabricaci\u00f3n y distribuci\u00f3n de maquinaria industrial, selladoras de latas, Maquinas de hacer pastillas, Maquinas de cortar carne...\",\"publisher\":{\"@id\":\"https:\/\/distribucionarc.com\/bg\/#organization\"},\"potentialAction\":[{\"@type\":\"SearchAction\",\"target\":{\"@type\":\"EntryPoint\",\"urlTemplate\":\"https:\/\/distribucionarc.com\/bg\/?s={search_term_string}\"},\"query-input\":{\"@type\":\"PropertyValueSpecification\",\"valueRequired\":true,\"valueName\":\"search_term_string\"}}],\"inLanguage\":\"fr-FR\"},{\"@type\":\"Organization\",\"@id\":\"https:\/\/distribucionarc.com\/bg\/#organization\",\"name\":\"Distribuci\u00f3n ARC\",\"url\":\"https:\/\/distribucionarc.com\/bg\/\",\"logo\":{\"@type\":\"ImageObject\",\"inLanguage\":\"fr-FR\",\"@id\":\"https:\/\/distribucionarc.com\/bg\/#\/schema\/logo\/image\/\",\"url\":\"https:\/\/distribucionarc.com\/wp-content\/uploads\/2024\/10\/distribucion-ARC-COLOR-SIN-FONDO-e1732295305345.png\",\"contentUrl\":\"https:\/\/distribucionarc.com\/wp-content\/uploads\/2024\/10\/distribucion-ARC-COLOR-SIN-FONDO-e1732295305345.png\",\"width\":1164,\"height\":558,\"caption\":\"Distribuci\u00f3n ARC\"},\"image\":{\"@id\":\"https:\/\/distribucionarc.com\/bg\/#\/schema\/logo\/image\/\"},\"description\":\"Empresa especializada en la fabricaci\u00f3n y distribuci\u00f3n de maquinaria industrial para los sectores alimentario y farmac\u00e9utico. Nos especializamos en: M\u00e1quinas de cortar carne Fabricaci\u00f3n de comprimidos Sistemas de transporte industrial L\u00edneas de embotellado Dosificadores Y mucho m\u00e1s... Ofrecemos soluciones innovadoras y personalizadas para optimizar los procesos productivos de tu empresa.\",\"email\":\"Admistracion@distribucionarc.com\",\"telephone\":\"+34 643496664\",\"legalName\":\"ARC TECH SOLUTIONS\",\"foundingDate\":\"2024-04-09\",\"vatID\":\"B55480172\",\"numberOfEmployees\":{\"@type\":\"QuantitativeValue\",\"minValue\":\"1\",\"maxValue\":\"10\"}}]}<\/script>\n<!-- \/ Yoast SEO Premium plugin. -->","yoast_head_json":{"title":"Capsuleuse de bouteilles, canettes 10mm \u27a1\ufe0f 50mm - ARC distribution","robots":{"index":"index","follow":"follow","max-snippet":"max-snippet:-1","max-image-preview":"max-image-preview:large","max-video-preview":"max-video-preview:-1"},"canonical":"https:\/\/www.distribucionarc.com\/producto\/maquina-tapadora-de-botellas-botes-10mm-\u27a1\ufe0f-50mm\/","og_locale":"fr_FR","og_type":"article","og_title":"M\u00e1quina Tapadora de Botellas, Botes 10mm \u27a1\ufe0f 50mm","og_description":"La m\u00e1quina manual de Distribuci\u00f3n ARC es la soluci\u00f3n perfecta para el sellado de botes y botellas de diversos tama\u00f1os. Es altamente personalizable, con la capacidad de trabajar con tapas que var\u00edan desde 10 diez mil\u00edmetros, ideal para peque\u00f1os envases de l\u00edquidos y productos con tapones peque\u00f1os, hasta 120 ciento veinte mil\u00edmetros, lo que la hace perfecta para botes m\u00e1s grandes, como los de prote\u00ednas.  Esta m\u00e1quina tambi\u00e9n es apta para tapar botes t\u00edpicos de pastillas, brindando una gran versatilidad para sellar envases en la industria farmac\u00e9utica, alimentaria y cosm\u00e9tica. Ya sea que trabajes con peque\u00f1os frascos de productos o grandes botes de suplementos, esta m\u00e1quina se adapta a tus necesidades.  Nota importante: La m\u00e1quina est\u00e1 equipada con moldes est\u00e1ndar que cubren un tama\u00f1o m\u00e1ximo de tapa de 50 cincuenta mil\u00edmetros. Para tapas m\u00e1s grandes, se requiere un troquel personalizado que se ajuste al tama\u00f1o de tu envase, garantizando un sellado seguro y preciso.","og_url":"https:\/\/www.distribucionarc.com\/producto\/maquina-tapadora-de-botellas-botes-10mm-\u27a1\ufe0f-50mm\/","og_site_name":"distribuci\u00f3n ARC","article_modified_time":"2024-09-04T15:31:31+00:00","og_image":[{"width":1600,"height":1600,"url":"https:\/\/www.distribucionarc.com\/wp-content\/uploads\/2020\/04\/maquina_tapadora_de_botellas_botes-_10mm_50mm_0.jpg","type":"image\/jpeg"}],"twitter_card":"summary_large_image","twitter_misc":{"Dur\u00e9e de lecture estim\u00e9e":"2 minutes"},"schema":{"@context":"https:\/\/schema.org","@graph":[{"@type":"WebPage","@id":"https:\/\/www.distribucionarc.com\/producto\/maquina-tapadora-de-botellas-botes-10mm-%e2%9e%a1%ef%b8%8f-50mm\/","url":"https:\/\/www.distribucionarc.com\/producto\/maquina-tapadora-de-botellas-botes-10mm-%e2%9e%a1%ef%b8%8f-50mm\/","name":"Capsuleuse de bouteilles, canettes 10mm \u27a1\ufe0f 50mm - ARC distribution","isPartOf":{"@id":"https:\/\/distribucionarc.com\/bg\/#website"},"primaryImageOfPage":{"@id":"https:\/\/www.distribucionarc.com\/producto\/maquina-tapadora-de-botellas-botes-10mm-%e2%9e%a1%ef%b8%8f-50mm\/#primaryimage"},"image":{"@id":"https:\/\/www.distribucionarc.com\/producto\/maquina-tapadora-de-botellas-botes-10mm-%e2%9e%a1%ef%b8%8f-50mm\/#primaryimage"},"thumbnailUrl":"https:\/\/distribucionarc.com\/wp-content\/uploads\/2020\/04\/maquina_tapadora_de_botellas_botes-_10mm_50mm_0.jpg","datePublished":"2020-04-21T14:25:35+00:00","dateModified":"2024-09-04T15:31:31+00:00","breadcrumb":{"@id":"https:\/\/www.distribucionarc.com\/producto\/maquina-tapadora-de-botellas-botes-10mm-%e2%9e%a1%ef%b8%8f-50mm\/#breadcrumb"},"inLanguage":"fr-FR","potentialAction":[{"@type":"ReadAction","target":["https:\/\/www.distribucionarc.com\/producto\/maquina-tapadora-de-botellas-botes-10mm-%e2%9e%a1%ef%b8%8f-50mm\/"]}]},{"@type":"ImageObject","inLanguage":"fr-FR","@id":"https:\/\/www.distribucionarc.com\/producto\/maquina-tapadora-de-botellas-botes-10mm-%e2%9e%a1%ef%b8%8f-50mm\/#primaryimage","url":"https:\/\/distribucionarc.com\/wp-content\/uploads\/2020\/04\/maquina_tapadora_de_botellas_botes-_10mm_50mm_0.jpg","contentUrl":"https:\/\/distribucionarc.com\/wp-content\/uploads\/2020\/04\/maquina_tapadora_de_botellas_botes-_10mm_50mm_0.jpg","width":1600,"height":1600},{"@type":"BreadcrumbList","@id":"https:\/\/www.distribucionarc.com\/producto\/maquina-tapadora-de-botellas-botes-10mm-%e2%9e%a1%ef%b8%8f-50mm\/#breadcrumb","itemListElement":[{"@type":"ListItem","position":1,"name":"Portada","item":"https:\/\/distribucionarc.com\/el\/"},{"@type":"ListItem","position":2,"name":"Proizvodi","item":"https:\/\/www.distribucionarc.com\/hr\/ducan\/"},{"@type":"ListItem","position":3,"name":"M\u00e1quina Tapadora de Botellas, Botes 10mm \u27a1\ufe0f 50mm"}]},{"@type":"WebSite","@id":"https:\/\/distribucionarc.com\/bg\/#website","url":"https:\/\/distribucionarc.com\/bg\/","name":"R\u00e9partition de l&#039;ARC","description":"Entreprise sp\u00e9cialis\u00e9e dans la fabrication et la distribution de machines industrielles, scelleuses de bo\u00eetes, machines \u00e0 comprim\u00e9s, machines \u00e0 d\u00e9couper la viande...","publisher":{"@id":"https:\/\/distribucionarc.com\/bg\/#organization"},"potentialAction":[{"@type":"SearchAction","target":{"@type":"EntryPoint","urlTemplate":"https:\/\/distribucionarc.com\/bg\/?s={search_term_string}"},"query-input":{"@type":"PropertyValueSpecification","valueRequired":true,"valueName":"search_term_string"}}],"inLanguage":"fr-FR"},{"@type":"Organization","@id":"https:\/\/distribucionarc.com\/bg\/#organization","name":"Distribution ARC","url":"https:\/\/distribucionarc.com\/bg\/","logo":{"@type":"ImageObject","inLanguage":"fr-FR","@id":"https:\/\/distribucionarc.com\/bg\/#\/schema\/logo\/image\/","url":"https:\/\/distribucionarc.com\/wp-content\/uploads\/2024\/10\/distribucion-ARC-COLOR-SIN-FONDO-e1732295305345.png","contentUrl":"https:\/\/distribucionarc.com\/wp-content\/uploads\/2024\/10\/distribucion-ARC-COLOR-SIN-FONDO-e1732295305345.png","width":1164,"height":558,"caption":"Distribuci\u00f3n ARC"},"image":{"@id":"https:\/\/distribucionarc.com\/bg\/#\/schema\/logo\/image\/"},"description":"Entreprise sp\u00e9cialis\u00e9e dans la fabrication et la distribution de machines industrielles pour les secteurs alimentaire et pharmaceutique. Nous sommes sp\u00e9cialis\u00e9s dans : Machines \u00e0 couper la viande Fabrication de comprim\u00e9s Syst\u00e8mes de transport industriel Lignes d'embouteillage Machines de dosage Et bien plus encore... Nous proposons des solutions innovantes et personnalis\u00e9es pour optimiser les processus de production de votre entreprise.","email":"Admistracion@distribucionarc.com","telephone":"+34 643496664","legalName":"ARC TECH SOLUTIONS","foundingDate":"2024-04-09","vatID":"B55480172","numberOfEmployees":{"@type":"QuantitativeValue","minValue":"1","maxValue":"10"}}]}},"_links":{"self":[{"href":"https:\/\/distribucionarc.com\/fr\/wp-json\/wp\/v2\/product\/525","targetHints":{"allow":["GET"]}}],"collection":[{"href":"https:\/\/distribucionarc.com\/fr\/wp-json\/wp\/v2\/product"}],"about":[{"href":"https:\/\/distribucionarc.com\/fr\/wp-json\/wp\/v2\/types\/product"}],"replies":[{"embeddable":true,"href":"https:\/\/distribucionarc.com\/fr\/wp-json\/wp\/v2\/comments?post=525"}],"version-history":[{"count":0,"href":"https:\/\/distribucionarc.com\/fr\/wp-json\/wp\/v2\/product\/525\/revisions"}],"wp:featuredmedia":[{"embeddable":true,"href":"https:\/\/distribucionarc.com\/fr\/wp-json\/wp\/v2\/media\/526"}],"wp:attachment":[{"href":"https:\/\/distribucionarc.com\/fr\/wp-json\/wp\/v2\/media?parent=525"}],"wp:term":[{"taxonomy":"product_brand","embeddable":true,"href":"https:\/\/distribucionarc.com\/fr\/wp-json\/wp\/v2\/product_brand?post=525"},{"taxonomy":"product_cat","embeddable":true,"href":"https:\/\/distribucionarc.com\/fr\/wp-json\/wp\/v2\/product_cat?post=525"},{"taxonomy":"product_tag","embeddable":true,"href":"https:\/\/distribucionarc.com\/fr\/wp-json\/wp\/v2\/product_tag?post=525"}],"curies":[{"name":"wp","href":"https:\/\/api.w.org\/{rel}","templated":true}]}}