{"id":5393,"date":"2023-03-31T09:36:10","date_gmt":"2023-03-31T09:36:10","guid":{"rendered":"https:\/\/distribucionarc.com\/?post_type=product&#038;p=5393"},"modified":"2023-03-31T12:11:29","modified_gmt":"2023-03-31T12:11:29","slug":"machine-a-etiqueter-semi-automatique-biere-vin-huile-bouteille-jarre","status":"publish","type":"product","link":"https:\/\/distribucionarc.com\/fr\/producto\/maquina-etiquetadora-de-botellas-tarros-semi-automatica-cerveza-vino-aceite\/","title":{"rendered":"Bouteille semi-automatique, \u00e9tiqueteuse de pots pour bi\u00e8re, vin, huile"},"content":{"rendered":"<p>Sp\u00e9cifications techniques Etiqueteuse semi-automatique de bouteilles, Pet<\/p>\n<table style=\"height: 1306px;\" width=\"829\">\n<tbody>\n<tr>\n<td><span style=\"font-weight: 400;\">Param\u00e8tre<\/span><\/td>\n<td><span style=\"font-weight: 400;\">Donn\u00e9es<\/span><\/td>\n<\/tr>\n<tr>\n<td><span style=\"font-weight: 400;\">Sp\u00e9cification de l&#039;\u00e9tiquette<\/span><\/td>\n<td><span style=\"font-weight: 400;\">Autocollant adh\u00e9sif, transparent ou opaque<\/span><\/td>\n<\/tr>\n<tr>\n<td><span style=\"font-weight: 400;\">Tol\u00e9rance d&#039;\u00e9tiquetage<\/span><\/td>\n<td><span style=\"font-weight: 400;\">\u00b10,5 mm<\/span><\/td>\n<\/tr>\n<tr>\n<td><span style=\"font-weight: 400;\">Capacit\u00e9 (unit\u00e9s\/min)<\/span><\/td>\n<td><span style=\"font-weight: 400;\">15 ~ 30<\/span><\/td>\n<\/tr>\n<tr>\n<td><span style=\"font-weight: 400;\">Taille de la bouteille (mm)<\/span><\/td>\n<td><span style=\"font-weight: 400;\">\u00d815 ~ \u00d8155 r\u00e9glable<\/span><\/td>\n<\/tr>\n<tr>\n<td><span style=\"font-weight: 400;\">Taille de l&#039;\u00e9tiquette (mm)<\/span><\/td>\n<td><span style=\"font-weight: 400;\">L\u00a0: 20-400\u00a0; L(H): 20-220<\/span><\/td>\n<\/tr>\n<tr>\n<td><span style=\"font-weight: 400;\">Taille de la machine (L*W*H)<\/span><\/td>\n<td><span style=\"font-weight: 400;\">\u2248920*470*560 (mm)<\/span><\/td>\n<\/tr>\n<tr>\n<td><span style=\"font-weight: 400;\">Taille du colis (L*W*H)<\/span><\/td>\n<td><span style=\"font-weight: 400;\">\u2248 1020*660*740 (mm)<\/span><\/td>\n<\/tr>\n<tr>\n<td><span style=\"font-weight: 400;\">Tension<\/span><\/td>\n<td><span style=\"font-weight: 400;\">220 V\/110 V 50(60)HZ\u00a0;<\/span><\/td>\n<\/tr>\n<tr>\n<td><span style=\"font-weight: 400;\">Pouvoir<\/span><\/td>\n<td><span style=\"font-weight: 400;\">120W<\/span><\/td>\n<\/tr>\n<tr>\n<td><span style=\"font-weight: 400;\">NO (KG)<\/span><\/td>\n<td><span style=\"font-weight: 400;\">\u2248 45,0<\/span><\/td>\n<\/tr>\n<tr>\n<td><span style=\"font-weight: 400;\">GW (KG)<\/span><\/td>\n<td><span style=\"font-weight: 400;\">\u2248 67,5<\/span><\/td>\n<\/tr>\n<tr>\n<td><span style=\"font-weight: 400;\">Rouleau d&#039;\u00e9tiquettes<\/span><\/td>\n<td><span style=\"font-weight: 400;\">ID\u00a0:\u00a0\u00d876\u00a0mm\u00a0;OD\u00a0:\u2264300\u00a0mm<\/span><\/td>\n<\/tr>\n<tr>\n<td><span style=\"font-weight: 400;\">Alimentation en air<\/span><\/td>\n<td><span style=\"font-weight: 400;\">0,4 ~ 0,6 MPa<\/span><\/td>\n<\/tr>\n<tr>\n<td><span style=\"font-weight: 400;\">Demande de base<\/span><\/td>\n<td><span style=\"font-weight: 400;\">*Pour tous types de <\/span><b>\u00e9tiquetage d&#039;objets cylindriques<\/b><span style=\"font-weight: 400;\"> et coniques, comme le xylitol, <\/span><b>bouteilles cosm\u00e9tiques<\/b><span style=\"font-weight: 400;\">, <\/span><b>bouteilles de vin<\/b><span style=\"font-weight: 400;\">.<\/span><\/p>\n<p><span style=\"font-weight: 400;\">* Vous pouvez enrouler une \u00e9tiquette autour de l&#039;\u00e9tiquetage, deux \u00e9tiquettes sur l&#039;\u00e9tiquetage avant et arri\u00e8re et l&#039;\u00e9tiquetage d&#039;orientation.<\/span><\/p>\n<p><span style=\"font-weight: 400;\">* Une imprimante de date peut \u00eatre ajout\u00e9e pour imprimer la date de production, le lot et la date d&#039;expiration lors de l&#039;\u00e9tiquetage.<\/span><\/p>\n<p><span style=\"font-weight: 400;\">* Largement utilis\u00e9 dans les industries alimentaires, cosm\u00e9tiques, chimiques, pharmaceutiques et autres.<\/span><\/p>\n<p><span style=\"font-weight: 400;\">*Prend en charge la personnalisation. En stock.<\/span><\/td>\n<\/tr>\n<\/tbody>\n<\/table>\n<p>&nbsp;<\/p>","protected":false},"excerpt":{"rendered":"<p><span style=\"font-weight: 400;\">Le <strong>\u00e9tiqueteuse de bouteilles<\/strong> et les bocaux semi-automatiques constituent un outil essentiel dans la production et le conditionnement d&#039;aliments et de boissons liquides tels que la bi\u00e8re, le vin et l&#039;huile. Cette machine est responsable de <strong>conteneurs d&#039;\u00e9tiquettes<\/strong> rapidement et efficacement, augmentant ainsi la productivit\u00e9 et r\u00e9duisant les co\u00fbts de main-d&#039;\u0153uvre.<\/span><\/p>\n<p><span style=\"font-weight: 400;\">La machine <strong>\u00e9tiqueteuse semi-automatique<\/strong> Il est facile \u00e0 utiliser et con\u00e7u pour s\u2019adapter \u00e0 diff\u00e9rentes tailles et formes de bouteilles et de pots.<\/span><\/p>\n<div style=\"width: 520px;\" class=\"wp-video\"><video class=\"wp-video-shortcode\" id=\"video-5393-1\" width=\"520\" height=\"560\" preload=\"metadata\" controls=\"controls\"><source type=\"video\/mp4\" src=\"https:\/\/distribucionarc.com\/wp-content\/uploads\/2023\/03\/etiquetadoras-manuales.mp4?_=1\" \/><a href=\"https:\/\/distribucionarc.com\/wp-content\/uploads\/2023\/03\/etiquetadoras-manuales.mp4\">https:\/\/distribucionarc.com\/wp-content\/uploads\/2023\/03\/etiquetadoras-manuales.mp4<\/a><\/video><\/div>","protected":false},"featured_media":5398,"comment_status":"open","ping_status":"closed","template":"","meta":{"wds_primary_product_brand":0,"wds_primary_product_cat":0},"product_brand":[],"product_cat":[44],"product_tag":[],"class_list":{"0":"post-5393","1":"product","2":"type-product","3":"status-publish","4":"has-post-thumbnail","6":"product_cat-etiquetadoras-de-botellas","7":"product_shipping_class-express","9":"first","10":"instock","11":"sale","12":"taxable","13":"shipping-taxable","14":"purchasable","15":"product-type-simple"},"yoast_head":"<!-- This site is optimized with the Yoast SEO Premium plugin v24.9 (Yoast SEO v26.1) - https:\/\/yoast.com\/wordpress\/plugins\/seo\/ -->\n<title>Maquina Etiquetadora de botellas, tarros semi automatica cerveza, vino, aceite - distribuci\u00f3n ARC<\/title>\n<meta name=\"robots\" content=\"index, follow, max-snippet:-1, max-image-preview:large, max-video-preview:-1\" \/>\n<link rel=\"canonical\" href=\"https:\/\/distribucionarc.com\/fr\/produit\/machine-a-etiqueter-semi-automatique-biere-vin-huile-bouteille-jarre\/\" \/>\n<meta property=\"og:locale\" content=\"fr_FR\" \/>\n<meta property=\"og:type\" content=\"article\" \/>\n<meta property=\"og:title\" content=\"Maquina Etiquetadora de botellas, tarros semi automatica cerveza, vino, aceite\" \/>\n<meta property=\"og:description\" content=\"La m\u00e1quina etiquetadora de botellas y tarros semi-autom\u00e1tica es una herramienta esencial en la producci\u00f3n y envasado de bebidas y alimentos l\u00edquidos como cerveza, vino y aceite. Esta m\u00e1quina se encarga de etiquetar los envases de manera r\u00e1pida y eficiente, lo que aumenta la productividad y reduce los costos de mano de obra.  La m\u00e1quina etiquetadora semi-autom\u00e1tica es f\u00e1cil de usar y est\u00e1 dise\u00f1ada para adaptarse a diferentes tama\u00f1os y formas de botellas y tarros.\" \/>\n<meta property=\"og:url\" content=\"https:\/\/distribucionarc.com\/fr\/produit\/machine-a-etiqueter-semi-automatique-biere-vin-huile-bouteille-jarre\/\" \/>\n<meta property=\"og:site_name\" content=\"distribuci\u00f3n ARC\" \/>\n<meta property=\"article:modified_time\" content=\"2023-03-31T12:11:29+00:00\" \/>\n<meta property=\"og:image\" content=\"https:\/\/distribucionarc.com\/wp-content\/uploads\/2023\/03\/etiquetadora-de-botellas.jpg\" \/>\n\t<meta property=\"og:image:width\" content=\"480\" \/>\n\t<meta property=\"og:image:height\" content=\"480\" \/>\n\t<meta property=\"og:image:type\" content=\"image\/jpeg\" \/>\n<meta name=\"twitter:card\" content=\"summary_large_image\" \/>\n<meta name=\"twitter:label1\" content=\"Dur\u00e9e de lecture estim\u00e9e\" \/>\n\t<meta name=\"twitter:data1\" content=\"1 minute\" \/>\n<script type=\"application\/ld+json\" class=\"yoast-schema-graph\">{\"@context\":\"https:\/\/schema.org\",\"@graph\":[{\"@type\":\"WebPage\",\"@id\":\"https:\/\/distribucionarc.com\/de\/producto\/maquina-etiquetadora-de-botellas-tarros-semi-automatica-cerveza-vino-aceite\/\",\"url\":\"https:\/\/distribucionarc.com\/de\/producto\/maquina-etiquetadora-de-botellas-tarros-semi-automatica-cerveza-vino-aceite\/\",\"name\":\"Maquina Etiquetadora de botellas, tarros semi automatica cerveza, vino, aceite - distribuci\u00f3n ARC\",\"isPartOf\":{\"@id\":\"https:\/\/www.distribucionarc.com\/sl\/#website\"},\"primaryImageOfPage\":{\"@id\":\"https:\/\/distribucionarc.com\/de\/producto\/maquina-etiquetadora-de-botellas-tarros-semi-automatica-cerveza-vino-aceite\/#primaryimage\"},\"image\":{\"@id\":\"https:\/\/distribucionarc.com\/de\/producto\/maquina-etiquetadora-de-botellas-tarros-semi-automatica-cerveza-vino-aceite\/#primaryimage\"},\"thumbnailUrl\":\"https:\/\/distribucionarc.com\/wp-content\/uploads\/2023\/03\/etiquetadora-de-botellas.jpg\",\"datePublished\":\"2023-03-31T09:36:10+00:00\",\"dateModified\":\"2023-03-31T12:11:29+00:00\",\"breadcrumb\":{\"@id\":\"https:\/\/distribucionarc.com\/de\/producto\/maquina-etiquetadora-de-botellas-tarros-semi-automatica-cerveza-vino-aceite\/#breadcrumb\"},\"inLanguage\":\"fr-FR\",\"potentialAction\":[{\"@type\":\"ReadAction\",\"target\":[\"https:\/\/distribucionarc.com\/de\/producto\/maquina-etiquetadora-de-botellas-tarros-semi-automatica-cerveza-vino-aceite\/\"]}]},{\"@type\":\"ImageObject\",\"inLanguage\":\"fr-FR\",\"@id\":\"https:\/\/distribucionarc.com\/de\/producto\/maquina-etiquetadora-de-botellas-tarros-semi-automatica-cerveza-vino-aceite\/#primaryimage\",\"url\":\"https:\/\/distribucionarc.com\/wp-content\/uploads\/2023\/03\/etiquetadora-de-botellas.jpg\",\"contentUrl\":\"https:\/\/distribucionarc.com\/wp-content\/uploads\/2023\/03\/etiquetadora-de-botellas.jpg\",\"width\":480,\"height\":480},{\"@type\":\"BreadcrumbList\",\"@id\":\"https:\/\/distribucionarc.com\/de\/producto\/maquina-etiquetadora-de-botellas-tarros-semi-automatica-cerveza-vino-aceite\/#breadcrumb\",\"itemListElement\":[{\"@type\":\"ListItem\",\"position\":1,\"name\":\"Portada\",\"item\":\"https:\/\/www.distribucionarc.com\/\"},{\"@type\":\"ListItem\",\"position\":2,\"name\":\"\u00dcr\u00fcnler\",\"item\":\"https:\/\/www.distribucionarc.com\/tr\/magaza\/\"},{\"@type\":\"ListItem\",\"position\":3,\"name\":\"Maquina Etiquetadora de botellas, tarros semi automatica cerveza, vino, aceite\"}]},{\"@type\":\"WebSite\",\"@id\":\"https:\/\/www.distribucionarc.com\/sl\/#website\",\"url\":\"https:\/\/www.distribucionarc.com\/sl\/\",\"name\":\"distribuci\u00f3n ARC\",\"description\":\"Empresa especializada en la fabricaci\u00f3n y distribuci\u00f3n de maquinaria industrial, selladoras de latas, Maquinas de hacer pastillas, Maquinas de cortar carne...\",\"publisher\":{\"@id\":\"https:\/\/www.distribucionarc.com\/sl\/#organization\"},\"potentialAction\":[{\"@type\":\"SearchAction\",\"target\":{\"@type\":\"EntryPoint\",\"urlTemplate\":\"https:\/\/www.distribucionarc.com\/sl\/?s={search_term_string}\"},\"query-input\":{\"@type\":\"PropertyValueSpecification\",\"valueRequired\":true,\"valueName\":\"search_term_string\"}}],\"inLanguage\":\"fr-FR\"},{\"@type\":\"Organization\",\"@id\":\"https:\/\/www.distribucionarc.com\/sl\/#organization\",\"name\":\"Distribuci\u00f3n ARC\",\"url\":\"https:\/\/www.distribucionarc.com\/sl\/\",\"logo\":{\"@type\":\"ImageObject\",\"inLanguage\":\"fr-FR\",\"@id\":\"https:\/\/www.distribucionarc.com\/sl\/#\/schema\/logo\/image\/\",\"url\":\"https:\/\/distribucionarc.com\/wp-content\/uploads\/2024\/10\/distribucion-ARC-COLOR-SIN-FONDO-e1732295305345.png\",\"contentUrl\":\"https:\/\/distribucionarc.com\/wp-content\/uploads\/2024\/10\/distribucion-ARC-COLOR-SIN-FONDO-e1732295305345.png\",\"width\":1164,\"height\":558,\"caption\":\"Distribuci\u00f3n ARC\"},\"image\":{\"@id\":\"https:\/\/www.distribucionarc.com\/sl\/#\/schema\/logo\/image\/\"},\"description\":\"Empresa especializada en la fabricaci\u00f3n y distribuci\u00f3n de maquinaria industrial para los sectores alimentario y farmac\u00e9utico. Nos especializamos en: M\u00e1quinas de cortar carne Fabricaci\u00f3n de comprimidos Sistemas de transporte industrial L\u00edneas de embotellado Dosificadores Y mucho m\u00e1s... Ofrecemos soluciones innovadoras y personalizadas para optimizar los procesos productivos de tu empresa.\",\"email\":\"Admistracion@distribucionarc.com\",\"telephone\":\"+34 643496664\",\"legalName\":\"ARC TECH SOLUTIONS\",\"foundingDate\":\"2024-04-09\",\"vatID\":\"B55480172\",\"numberOfEmployees\":{\"@type\":\"QuantitativeValue\",\"minValue\":\"1\",\"maxValue\":\"10\"}}]}<\/script>\n<!-- \/ Yoast SEO Premium plugin. -->","yoast_head_json":{"title":"Etiqueteuse semi-automatique de bouteilles, pots pour bi\u00e8re, vin, huile - ARC distribution","robots":{"index":"index","follow":"follow","max-snippet":"max-snippet:-1","max-image-preview":"max-image-preview:large","max-video-preview":"max-video-preview:-1"},"canonical":"https:\/\/distribucionarc.com\/fr\/produit\/machine-a-etiqueter-semi-automatique-biere-vin-huile-bouteille-jarre\/","og_locale":"fr_FR","og_type":"article","og_title":"Maquina Etiquetadora de botellas, tarros semi automatica cerveza, vino, aceite","og_description":"La m\u00e1quina etiquetadora de botellas y tarros semi-autom\u00e1tica es una herramienta esencial en la producci\u00f3n y envasado de bebidas y alimentos l\u00edquidos como cerveza, vino y aceite. Esta m\u00e1quina se encarga de etiquetar los envases de manera r\u00e1pida y eficiente, lo que aumenta la productividad y reduce los costos de mano de obra.  La m\u00e1quina etiquetadora semi-autom\u00e1tica es f\u00e1cil de usar y est\u00e1 dise\u00f1ada para adaptarse a diferentes tama\u00f1os y formas de botellas y tarros.","og_url":"https:\/\/distribucionarc.com\/fr\/produit\/machine-a-etiqueter-semi-automatique-biere-vin-huile-bouteille-jarre\/","og_site_name":"distribuci\u00f3n ARC","article_modified_time":"2023-03-31T12:11:29+00:00","og_image":[{"width":480,"height":480,"url":"https:\/\/distribucionarc.com\/wp-content\/uploads\/2023\/03\/etiquetadora-de-botellas.jpg","type":"image\/jpeg"}],"twitter_card":"summary_large_image","twitter_misc":{"Dur\u00e9e de lecture estim\u00e9e":"1 minute"},"schema":{"@context":"https:\/\/schema.org","@graph":[{"@type":"WebPage","@id":"https:\/\/distribucionarc.com\/de\/producto\/maquina-etiquetadora-de-botellas-tarros-semi-automatica-cerveza-vino-aceite\/","url":"https:\/\/distribucionarc.com\/de\/producto\/maquina-etiquetadora-de-botellas-tarros-semi-automatica-cerveza-vino-aceite\/","name":"Etiqueteuse semi-automatique de bouteilles, pots pour bi\u00e8re, vin, huile - ARC distribution","isPartOf":{"@id":"https:\/\/www.distribucionarc.com\/sl\/#website"},"primaryImageOfPage":{"@id":"https:\/\/distribucionarc.com\/de\/producto\/maquina-etiquetadora-de-botellas-tarros-semi-automatica-cerveza-vino-aceite\/#primaryimage"},"image":{"@id":"https:\/\/distribucionarc.com\/de\/producto\/maquina-etiquetadora-de-botellas-tarros-semi-automatica-cerveza-vino-aceite\/#primaryimage"},"thumbnailUrl":"https:\/\/distribucionarc.com\/wp-content\/uploads\/2023\/03\/etiquetadora-de-botellas.jpg","datePublished":"2023-03-31T09:36:10+00:00","dateModified":"2023-03-31T12:11:29+00:00","breadcrumb":{"@id":"https:\/\/distribucionarc.com\/de\/producto\/maquina-etiquetadora-de-botellas-tarros-semi-automatica-cerveza-vino-aceite\/#breadcrumb"},"inLanguage":"fr-FR","potentialAction":[{"@type":"ReadAction","target":["https:\/\/distribucionarc.com\/de\/producto\/maquina-etiquetadora-de-botellas-tarros-semi-automatica-cerveza-vino-aceite\/"]}]},{"@type":"ImageObject","inLanguage":"fr-FR","@id":"https:\/\/distribucionarc.com\/de\/producto\/maquina-etiquetadora-de-botellas-tarros-semi-automatica-cerveza-vino-aceite\/#primaryimage","url":"https:\/\/distribucionarc.com\/wp-content\/uploads\/2023\/03\/etiquetadora-de-botellas.jpg","contentUrl":"https:\/\/distribucionarc.com\/wp-content\/uploads\/2023\/03\/etiquetadora-de-botellas.jpg","width":480,"height":480},{"@type":"BreadcrumbList","@id":"https:\/\/distribucionarc.com\/de\/producto\/maquina-etiquetadora-de-botellas-tarros-semi-automatica-cerveza-vino-aceite\/#breadcrumb","itemListElement":[{"@type":"ListItem","position":1,"name":"Portada","item":"https:\/\/www.distribucionarc.com\/"},{"@type":"ListItem","position":2,"name":"\u00dcr\u00fcnler","item":"https:\/\/www.distribucionarc.com\/tr\/magaza\/"},{"@type":"ListItem","position":3,"name":"Maquina Etiquetadora de botellas, tarros semi automatica cerveza, vino, aceite"}]},{"@type":"WebSite","@id":"https:\/\/www.distribucionarc.com\/sl\/#website","url":"https:\/\/www.distribucionarc.com\/sl\/","name":"R\u00e9partition de l&#039;ARC","description":"Entreprise sp\u00e9cialis\u00e9e dans la fabrication et la distribution de machines industrielles, scelleuses de bo\u00eetes, machines \u00e0 comprim\u00e9s, machines \u00e0 d\u00e9couper la viande...","publisher":{"@id":"https:\/\/www.distribucionarc.com\/sl\/#organization"},"potentialAction":[{"@type":"SearchAction","target":{"@type":"EntryPoint","urlTemplate":"https:\/\/www.distribucionarc.com\/sl\/?s={search_term_string}"},"query-input":{"@type":"PropertyValueSpecification","valueRequired":true,"valueName":"search_term_string"}}],"inLanguage":"fr-FR"},{"@type":"Organization","@id":"https:\/\/www.distribucionarc.com\/sl\/#organization","name":"Distribution ARC","url":"https:\/\/www.distribucionarc.com\/sl\/","logo":{"@type":"ImageObject","inLanguage":"fr-FR","@id":"https:\/\/www.distribucionarc.com\/sl\/#\/schema\/logo\/image\/","url":"https:\/\/distribucionarc.com\/wp-content\/uploads\/2024\/10\/distribucion-ARC-COLOR-SIN-FONDO-e1732295305345.png","contentUrl":"https:\/\/distribucionarc.com\/wp-content\/uploads\/2024\/10\/distribucion-ARC-COLOR-SIN-FONDO-e1732295305345.png","width":1164,"height":558,"caption":"Distribuci\u00f3n ARC"},"image":{"@id":"https:\/\/www.distribucionarc.com\/sl\/#\/schema\/logo\/image\/"},"description":"Entreprise sp\u00e9cialis\u00e9e dans la fabrication et la distribution de machines industrielles pour les secteurs alimentaire et pharmaceutique. Nous sommes sp\u00e9cialis\u00e9s dans : Machines \u00e0 couper la viande Fabrication de comprim\u00e9s Syst\u00e8mes de transport industriel Lignes d'embouteillage Machines de dosage Et bien plus encore... Nous proposons des solutions innovantes et personnalis\u00e9es pour optimiser les processus de production de votre entreprise.","email":"Admistracion@distribucionarc.com","telephone":"+34 643496664","legalName":"ARC TECH SOLUTIONS","foundingDate":"2024-04-09","vatID":"B55480172","numberOfEmployees":{"@type":"QuantitativeValue","minValue":"1","maxValue":"10"}}]}},"_links":{"self":[{"href":"https:\/\/distribucionarc.com\/fr\/wp-json\/wp\/v2\/product\/5393","targetHints":{"allow":["GET"]}}],"collection":[{"href":"https:\/\/distribucionarc.com\/fr\/wp-json\/wp\/v2\/product"}],"about":[{"href":"https:\/\/distribucionarc.com\/fr\/wp-json\/wp\/v2\/types\/product"}],"replies":[{"embeddable":true,"href":"https:\/\/distribucionarc.com\/fr\/wp-json\/wp\/v2\/comments?post=5393"}],"version-history":[{"count":0,"href":"https:\/\/distribucionarc.com\/fr\/wp-json\/wp\/v2\/product\/5393\/revisions"}],"wp:featuredmedia":[{"embeddable":true,"href":"https:\/\/distribucionarc.com\/fr\/wp-json\/wp\/v2\/media\/5398"}],"wp:attachment":[{"href":"https:\/\/distribucionarc.com\/fr\/wp-json\/wp\/v2\/media?parent=5393"}],"wp:term":[{"taxonomy":"product_brand","embeddable":true,"href":"https:\/\/distribucionarc.com\/fr\/wp-json\/wp\/v2\/product_brand?post=5393"},{"taxonomy":"product_cat","embeddable":true,"href":"https:\/\/distribucionarc.com\/fr\/wp-json\/wp\/v2\/product_cat?post=5393"},{"taxonomy":"product_tag","embeddable":true,"href":"https:\/\/distribucionarc.com\/fr\/wp-json\/wp\/v2\/product_tag?post=5393"}],"curies":[{"name":"wp","href":"https:\/\/api.w.org\/{rel}","templated":true}]}}