{"id":5404,"date":"2023-03-31T15:50:20","date_gmt":"2023-03-31T15:50:20","guid":{"rendered":"https:\/\/distribucionarc.com\/?post_type=product&#038;p=5404"},"modified":"2023-03-31T15:59:39","modified_gmt":"2023-03-31T15:59:39","slug":"capsuleuse-de-bouteilles-en-verre-et-plastique-semi-automatique","status":"publish","type":"product","link":"https:\/\/distribucionarc.com\/fr\/producto\/maquina-tapadora-de-botellas-de-plastico-y-cristal-semi-automatica\/","title":{"rendered":"Machine de capsulage semi-automatique de bouteilles en plastique et en verre"},"content":{"rendered":"<h3><b>Caract\u00e9ristique de la machine de capsulage de bouchons en plastique et en m\u00e9tal<\/b><\/h3>\n<ol>\n<li><span style=\"font-weight: 400;\"> La machine dispose d&#039;un dispositif de positionnement, le fonctionnement est standardis\u00e9.<\/span><\/li>\n<li><span style=\"font-weight: 400;\"> La gamme de capsulage est large, elle peut \u00eatre utilis\u00e9e pour divers bouchons \u00e0 vis ronds en plastique et en m\u00e9tal.<\/span><\/li>\n<li><span style=\"font-weight: 400;\"> La vitesse de capsulage peut \u00eatre ajust\u00e9e.<\/span><\/li>\n<li><span style=\"font-weight: 400;\"> Dans la plage, la machine peut \u00eatre ajust\u00e9e pour boucher le bouchon de bouteille correspondant.<\/span><\/li>\n<\/ol>\n<table>\n<tbody>\n<tr>\n<td><span style=\"font-weight: 400;\">Mod\u00e8le<\/span><\/td>\n<td><span style=\"font-weight: 400;\">ARDX-450<\/span><\/td>\n<\/tr>\n<tr>\n<td><span style=\"font-weight: 400;\">Tension<\/span><\/td>\n<td><span style=\"font-weight: 400;\">220 V\/50 Hz 110 V\/60 Hz<\/span><\/td>\n<\/tr>\n<tr>\n<td><span style=\"font-weight: 400;\">Peut<\/span><\/td>\n<td><span style=\"font-weight: 400;\">50W<\/span><\/td>\n<\/tr>\n<tr>\n<td><span style=\"font-weight: 400;\">Pilot\u00e9 par type<\/span><\/td>\n<td><span style=\"font-weight: 400;\">\u00c9lectrique<\/span><\/td>\n<\/tr>\n<tr>\n<td><span style=\"font-weight: 400;\">Diam\u00e8tre de bouchon disponible<\/span><\/td>\n<td><span style=\"font-weight: 400;\">10-50 mm (suppl\u00e9mentaire jusqu&#039;\u00e0 100 mm)<\/span><\/td>\n<\/tr>\n<tr>\n<td><span style=\"font-weight: 400;\">Hauteur de bouteille disponible (bouchon compris)<\/span><\/td>\n<td><span style=\"font-weight: 400;\">100-220mm<\/span><\/td>\n<\/tr>\n<tr>\n<td><span style=\"font-weight: 400;\">Capacit\u00e9 de production<\/span><\/td>\n<td><span style=\"font-weight: 400;\">20 \u00e0 40 fois\/min<\/span><\/td>\n<\/tr>\n<tr>\n<td><span style=\"font-weight: 400;\">Taille du paquet<\/span><\/td>\n<td><span style=\"font-weight: 400;\">52 cm * 30 cm * 53 cm<\/span><\/td>\n<\/tr>\n<tr>\n<td><span style=\"font-weight: 400;\">Poids brut<\/span><\/td>\n<td><span style=\"font-weight: 400;\">40KGS<\/span><\/td>\n<\/tr>\n<\/tbody>\n<\/table>\n<p>&nbsp;<\/p>\n<div style=\"width: 640px;\" class=\"wp-video\"><video class=\"wp-video-shortcode\" id=\"video-5404-2\" width=\"640\" height=\"368\" preload=\"metadata\" controls=\"controls\"><source type=\"video\/mp4\" src=\"https:\/\/distribucionarc.com\/wp-content\/uploads\/2023\/03\/tapadora-de-botes-de-plastico-semiautomatica.mp4?_=2\" \/><a href=\"https:\/\/distribucionarc.com\/wp-content\/uploads\/2023\/03\/tapadora-de-botes-de-plastico-semiautomatica.mp4\">https:\/\/distribucionarc.com\/wp-content\/uploads\/2023\/03\/tapadora-de-botes-de-plastico-semiautomatica.mp4<\/a><\/video><\/div>","protected":false},"excerpt":{"rendered":"<p><span style=\"font-weight: 400;\">Une capsuleuse semi-automatique est une solution efficace pour <\/span><b>fermeture des bouteilles en plastique<\/b><span style=\"font-weight: 400;\"> et de <\/span><b>verre<\/b><span style=\"font-weight: 400;\"> sur une cha\u00eene de production. Ces types de machines sont couramment utilis\u00e9s dans les petites et moyennes entreprises qui n\u00e9cessitent une production constante et contr\u00f4l\u00e9e de conteneurs avec couvercle.<\/span><\/p>\n<p>&nbsp;<\/p>\n<p><span style=\"font-weight: 400;\">L&#039;un des principaux avantages de ce type de <\/span><b>machine de capsulage<\/b><span style=\"font-weight: 400;\"> est sa polyvalence, puisqu&#039;il peut s&#039;adapter \u00e0 diff\u00e9rentes tailles et formes de bouteilles, ainsi qu&#039;\u00e0 diff\u00e9rents types de bouchons. De plus, sa conception compacte et conviviale permet une installation et une mise en service rapides, r\u00e9duisant ainsi les temps d&#039;arr\u00eat de production.<\/span><\/p>\n<div style=\"width: 444px;\" class=\"wp-video\"><video class=\"wp-video-shortcode\" id=\"video-5404-1\" width=\"444\" height=\"460\" preload=\"metadata\" controls=\"controls\"><source type=\"video\/mp4\" src=\"https:\/\/distribucionarc.com\/wp-content\/uploads\/2023\/03\/maquina-Tapadora-para-frascos-de-cristal.mp4?_=1\" \/><a href=\"https:\/\/distribucionarc.com\/wp-content\/uploads\/2023\/03\/maquina-Tapadora-para-frascos-de-cristal.mp4\">https:\/\/distribucionarc.com\/wp-content\/uploads\/2023\/03\/maquina-Tapadora-para-frascos-de-cristal.mp4<\/a><\/video><\/div>\n<p>&nbsp;<\/p>","protected":false},"featured_media":5407,"comment_status":"open","ping_status":"closed","template":"","meta":{"wds_primary_product_brand":0,"wds_primary_product_cat":0},"product_brand":[],"product_cat":[28],"product_tag":[],"class_list":{"0":"post-5404","1":"product","2":"type-product","3":"status-publish","4":"has-post-thumbnail","6":"product_cat-tapadoras","7":"product_shipping_class-express","9":"first","10":"instock","11":"taxable","12":"shipping-taxable","13":"purchasable","14":"product-type-simple"},"yoast_head":"<!-- This site is optimized with the Yoast SEO Premium plugin v24.9 (Yoast SEO v26.1) - https:\/\/yoast.com\/wordpress\/plugins\/seo\/ -->\n<title>Maquina tapadora de botellas de pl\u00e1stico y cristal semi autom\u00e1tica - distribuci\u00f3n ARC<\/title>\n<meta name=\"robots\" content=\"index, follow, max-snippet:-1, max-image-preview:large, max-video-preview:-1\" \/>\n<link rel=\"canonical\" href=\"https:\/\/distribucionarc.com\/fr\/produit\/capsuleuse-de-bouteilles-en-verre-et-plastique-semi-automatique\/\" \/>\n<meta property=\"og:locale\" content=\"fr_FR\" \/>\n<meta property=\"og:type\" content=\"article\" \/>\n<meta property=\"og:title\" content=\"Maquina tapadora de botellas de pl\u00e1stico y cristal semi autom\u00e1tica\" \/>\n<meta property=\"og:description\" content=\"Una m\u00e1quina tapadora semi autom\u00e1tica es una soluci\u00f3n eficiente para el cierre de botellas de pl\u00e1stico y de cristal en una l\u00ednea de producci\u00f3n. Este tipo de m\u00e1quinas se utilizan com\u00fanmente en peque\u00f1as y medianas empresas que requieren una producci\u00f3n constante y controlada de envases con tapa.  &nbsp;  Una de las principales ventajas de este tipo de m\u00e1quina tapadora es su versatilidad, ya que se puede adaptar a diferentes tama\u00f1os y formas de botellas, as\u00ed como a diversos tipos de tapas. Adem\u00e1s, su dise\u00f1o compacto y f\u00e1cil de usar permite una r\u00e1pida instalaci\u00f3n y puesta en marcha, lo que reduce los tiempos de inactividad en la producci\u00f3n.    &nbsp;\" \/>\n<meta property=\"og:url\" content=\"https:\/\/distribucionarc.com\/fr\/produit\/capsuleuse-de-bouteilles-en-verre-et-plastique-semi-automatique\/\" \/>\n<meta property=\"og:site_name\" content=\"distribuci\u00f3n ARC\" \/>\n<meta property=\"article:modified_time\" content=\"2023-03-31T15:59:39+00:00\" \/>\n<meta property=\"og:image\" content=\"https:\/\/distribucionarc.com\/wp-content\/uploads\/2023\/03\/tapadora-para-botes-de-cristal.jpg\" \/>\n\t<meta property=\"og:image:width\" content=\"960\" \/>\n\t<meta property=\"og:image:height\" content=\"770\" \/>\n\t<meta property=\"og:image:type\" content=\"image\/jpeg\" \/>\n<meta name=\"twitter:card\" content=\"summary_large_image\" \/>\n<meta name=\"twitter:label1\" content=\"Dur\u00e9e de lecture estim\u00e9e\" \/>\n\t<meta name=\"twitter:data1\" content=\"1 minute\" \/>\n<script type=\"application\/ld+json\" class=\"yoast-schema-graph\">{\"@context\":\"https:\/\/schema.org\",\"@graph\":[{\"@type\":\"WebPage\",\"@id\":\"https:\/\/distribucionarc.com\/tr\/producto\/maquina-tapadora-de-botellas-de-plastico-y-cristal-semi-automatica\/\",\"url\":\"https:\/\/distribucionarc.com\/tr\/producto\/maquina-tapadora-de-botellas-de-plastico-y-cristal-semi-automatica\/\",\"name\":\"Maquina tapadora de botellas de pl\u00e1stico y cristal semi autom\u00e1tica - distribuci\u00f3n ARC\",\"isPartOf\":{\"@id\":\"https:\/\/distribucionarc.com\/ro\/#website\"},\"primaryImageOfPage\":{\"@id\":\"https:\/\/distribucionarc.com\/tr\/producto\/maquina-tapadora-de-botellas-de-plastico-y-cristal-semi-automatica\/#primaryimage\"},\"image\":{\"@id\":\"https:\/\/distribucionarc.com\/tr\/producto\/maquina-tapadora-de-botellas-de-plastico-y-cristal-semi-automatica\/#primaryimage\"},\"thumbnailUrl\":\"https:\/\/distribucionarc.com\/wp-content\/uploads\/2023\/03\/tapadora-para-botes-de-cristal.jpg\",\"datePublished\":\"2023-03-31T15:50:20+00:00\",\"dateModified\":\"2023-03-31T15:59:39+00:00\",\"breadcrumb\":{\"@id\":\"https:\/\/distribucionarc.com\/tr\/producto\/maquina-tapadora-de-botellas-de-plastico-y-cristal-semi-automatica\/#breadcrumb\"},\"inLanguage\":\"fr-FR\",\"potentialAction\":[{\"@type\":\"ReadAction\",\"target\":[\"https:\/\/distribucionarc.com\/tr\/producto\/maquina-tapadora-de-botellas-de-plastico-y-cristal-semi-automatica\/\"]}]},{\"@type\":\"ImageObject\",\"inLanguage\":\"fr-FR\",\"@id\":\"https:\/\/distribucionarc.com\/tr\/producto\/maquina-tapadora-de-botellas-de-plastico-y-cristal-semi-automatica\/#primaryimage\",\"url\":\"https:\/\/distribucionarc.com\/wp-content\/uploads\/2023\/03\/tapadora-para-botes-de-cristal.jpg\",\"contentUrl\":\"https:\/\/distribucionarc.com\/wp-content\/uploads\/2023\/03\/tapadora-para-botes-de-cristal.jpg\",\"width\":960,\"height\":770},{\"@type\":\"BreadcrumbList\",\"@id\":\"https:\/\/distribucionarc.com\/tr\/producto\/maquina-tapadora-de-botellas-de-plastico-y-cristal-semi-automatica\/#breadcrumb\",\"itemListElement\":[{\"@type\":\"ListItem\",\"position\":1,\"name\":\"Portada\",\"item\":\"https:\/\/distribucionarc.com\/ar\/\"},{\"@type\":\"ListItem\",\"position\":2,\"name\":\"Proizvodi\",\"item\":\"https:\/\/www.distribucionarc.com\/hr\/ducan\/\"},{\"@type\":\"ListItem\",\"position\":3,\"name\":\"Maquina tapadora de botellas de pl\u00e1stico y cristal semi autom\u00e1tica\"}]},{\"@type\":\"WebSite\",\"@id\":\"https:\/\/distribucionarc.com\/ro\/#website\",\"url\":\"https:\/\/distribucionarc.com\/ro\/\",\"name\":\"distribuci\u00f3n ARC\",\"description\":\"Empresa especializada en la fabricaci\u00f3n y distribuci\u00f3n de maquinaria industrial, selladoras de latas, Maquinas de hacer pastillas, Maquinas de cortar carne...\",\"publisher\":{\"@id\":\"https:\/\/distribucionarc.com\/ro\/#organization\"},\"potentialAction\":[{\"@type\":\"SearchAction\",\"target\":{\"@type\":\"EntryPoint\",\"urlTemplate\":\"https:\/\/distribucionarc.com\/ro\/?s={search_term_string}\"},\"query-input\":{\"@type\":\"PropertyValueSpecification\",\"valueRequired\":true,\"valueName\":\"search_term_string\"}}],\"inLanguage\":\"fr-FR\"},{\"@type\":\"Organization\",\"@id\":\"https:\/\/distribucionarc.com\/ro\/#organization\",\"name\":\"Distribuci\u00f3n ARC\",\"url\":\"https:\/\/distribucionarc.com\/ro\/\",\"logo\":{\"@type\":\"ImageObject\",\"inLanguage\":\"fr-FR\",\"@id\":\"https:\/\/distribucionarc.com\/ro\/#\/schema\/logo\/image\/\",\"url\":\"https:\/\/distribucionarc.com\/wp-content\/uploads\/2024\/10\/distribucion-ARC-COLOR-SIN-FONDO-e1732295305345.png\",\"contentUrl\":\"https:\/\/distribucionarc.com\/wp-content\/uploads\/2024\/10\/distribucion-ARC-COLOR-SIN-FONDO-e1732295305345.png\",\"width\":1164,\"height\":558,\"caption\":\"Distribuci\u00f3n ARC\"},\"image\":{\"@id\":\"https:\/\/distribucionarc.com\/ro\/#\/schema\/logo\/image\/\"},\"description\":\"Empresa especializada en la fabricaci\u00f3n y distribuci\u00f3n de maquinaria industrial para los sectores alimentario y farmac\u00e9utico. Nos especializamos en: M\u00e1quinas de cortar carne Fabricaci\u00f3n de comprimidos Sistemas de transporte industrial L\u00edneas de embotellado Dosificadores Y mucho m\u00e1s... Ofrecemos soluciones innovadoras y personalizadas para optimizar los procesos productivos de tu empresa.\",\"email\":\"Admistracion@distribucionarc.com\",\"telephone\":\"+34 643496664\",\"legalName\":\"ARC TECH SOLUTIONS\",\"foundingDate\":\"2024-04-09\",\"vatID\":\"B55480172\",\"numberOfEmployees\":{\"@type\":\"QuantitativeValue\",\"minValue\":\"1\",\"maxValue\":\"10\"}}]}<\/script>\n<!-- \/ Yoast SEO Premium plugin. -->","yoast_head_json":{"title":"Machine \u00e0 boucher les bouteilles en plastique et en verre semi-automatique - ARC distribution","robots":{"index":"index","follow":"follow","max-snippet":"max-snippet:-1","max-image-preview":"max-image-preview:large","max-video-preview":"max-video-preview:-1"},"canonical":"https:\/\/distribucionarc.com\/fr\/produit\/capsuleuse-de-bouteilles-en-verre-et-plastique-semi-automatique\/","og_locale":"fr_FR","og_type":"article","og_title":"Maquina tapadora de botellas de pl\u00e1stico y cristal semi autom\u00e1tica","og_description":"Una m\u00e1quina tapadora semi autom\u00e1tica es una soluci\u00f3n eficiente para el cierre de botellas de pl\u00e1stico y de cristal en una l\u00ednea de producci\u00f3n. Este tipo de m\u00e1quinas se utilizan com\u00fanmente en peque\u00f1as y medianas empresas que requieren una producci\u00f3n constante y controlada de envases con tapa.  &nbsp;  Una de las principales ventajas de este tipo de m\u00e1quina tapadora es su versatilidad, ya que se puede adaptar a diferentes tama\u00f1os y formas de botellas, as\u00ed como a diversos tipos de tapas. Adem\u00e1s, su dise\u00f1o compacto y f\u00e1cil de usar permite una r\u00e1pida instalaci\u00f3n y puesta en marcha, lo que reduce los tiempos de inactividad en la producci\u00f3n.    &nbsp;","og_url":"https:\/\/distribucionarc.com\/fr\/produit\/capsuleuse-de-bouteilles-en-verre-et-plastique-semi-automatique\/","og_site_name":"distribuci\u00f3n ARC","article_modified_time":"2023-03-31T15:59:39+00:00","og_image":[{"width":960,"height":770,"url":"https:\/\/distribucionarc.com\/wp-content\/uploads\/2023\/03\/tapadora-para-botes-de-cristal.jpg","type":"image\/jpeg"}],"twitter_card":"summary_large_image","twitter_misc":{"Dur\u00e9e de lecture estim\u00e9e":"1 minute"},"schema":{"@context":"https:\/\/schema.org","@graph":[{"@type":"WebPage","@id":"https:\/\/distribucionarc.com\/tr\/producto\/maquina-tapadora-de-botellas-de-plastico-y-cristal-semi-automatica\/","url":"https:\/\/distribucionarc.com\/tr\/producto\/maquina-tapadora-de-botellas-de-plastico-y-cristal-semi-automatica\/","name":"Machine \u00e0 boucher les bouteilles en plastique et en verre semi-automatique - ARC distribution","isPartOf":{"@id":"https:\/\/distribucionarc.com\/ro\/#website"},"primaryImageOfPage":{"@id":"https:\/\/distribucionarc.com\/tr\/producto\/maquina-tapadora-de-botellas-de-plastico-y-cristal-semi-automatica\/#primaryimage"},"image":{"@id":"https:\/\/distribucionarc.com\/tr\/producto\/maquina-tapadora-de-botellas-de-plastico-y-cristal-semi-automatica\/#primaryimage"},"thumbnailUrl":"https:\/\/distribucionarc.com\/wp-content\/uploads\/2023\/03\/tapadora-para-botes-de-cristal.jpg","datePublished":"2023-03-31T15:50:20+00:00","dateModified":"2023-03-31T15:59:39+00:00","breadcrumb":{"@id":"https:\/\/distribucionarc.com\/tr\/producto\/maquina-tapadora-de-botellas-de-plastico-y-cristal-semi-automatica\/#breadcrumb"},"inLanguage":"fr-FR","potentialAction":[{"@type":"ReadAction","target":["https:\/\/distribucionarc.com\/tr\/producto\/maquina-tapadora-de-botellas-de-plastico-y-cristal-semi-automatica\/"]}]},{"@type":"ImageObject","inLanguage":"fr-FR","@id":"https:\/\/distribucionarc.com\/tr\/producto\/maquina-tapadora-de-botellas-de-plastico-y-cristal-semi-automatica\/#primaryimage","url":"https:\/\/distribucionarc.com\/wp-content\/uploads\/2023\/03\/tapadora-para-botes-de-cristal.jpg","contentUrl":"https:\/\/distribucionarc.com\/wp-content\/uploads\/2023\/03\/tapadora-para-botes-de-cristal.jpg","width":960,"height":770},{"@type":"BreadcrumbList","@id":"https:\/\/distribucionarc.com\/tr\/producto\/maquina-tapadora-de-botellas-de-plastico-y-cristal-semi-automatica\/#breadcrumb","itemListElement":[{"@type":"ListItem","position":1,"name":"Portada","item":"https:\/\/distribucionarc.com\/ar\/"},{"@type":"ListItem","position":2,"name":"Proizvodi","item":"https:\/\/www.distribucionarc.com\/hr\/ducan\/"},{"@type":"ListItem","position":3,"name":"Maquina tapadora de botellas de pl\u00e1stico y cristal semi autom\u00e1tica"}]},{"@type":"WebSite","@id":"https:\/\/distribucionarc.com\/ro\/#website","url":"https:\/\/distribucionarc.com\/ro\/","name":"R\u00e9partition de l&#039;ARC","description":"Entreprise sp\u00e9cialis\u00e9e dans la fabrication et la distribution de machines industrielles, scelleuses de bo\u00eetes, machines \u00e0 comprim\u00e9s, machines \u00e0 d\u00e9couper la viande...","publisher":{"@id":"https:\/\/distribucionarc.com\/ro\/#organization"},"potentialAction":[{"@type":"SearchAction","target":{"@type":"EntryPoint","urlTemplate":"https:\/\/distribucionarc.com\/ro\/?s={search_term_string}"},"query-input":{"@type":"PropertyValueSpecification","valueRequired":true,"valueName":"search_term_string"}}],"inLanguage":"fr-FR"},{"@type":"Organization","@id":"https:\/\/distribucionarc.com\/ro\/#organization","name":"Distribution ARC","url":"https:\/\/distribucionarc.com\/ro\/","logo":{"@type":"ImageObject","inLanguage":"fr-FR","@id":"https:\/\/distribucionarc.com\/ro\/#\/schema\/logo\/image\/","url":"https:\/\/distribucionarc.com\/wp-content\/uploads\/2024\/10\/distribucion-ARC-COLOR-SIN-FONDO-e1732295305345.png","contentUrl":"https:\/\/distribucionarc.com\/wp-content\/uploads\/2024\/10\/distribucion-ARC-COLOR-SIN-FONDO-e1732295305345.png","width":1164,"height":558,"caption":"Distribuci\u00f3n ARC"},"image":{"@id":"https:\/\/distribucionarc.com\/ro\/#\/schema\/logo\/image\/"},"description":"Entreprise sp\u00e9cialis\u00e9e dans la fabrication et la distribution de machines industrielles pour les secteurs alimentaire et pharmaceutique. Nous sommes sp\u00e9cialis\u00e9s dans : Machines \u00e0 couper la viande Fabrication de comprim\u00e9s Syst\u00e8mes de transport industriel Lignes d'embouteillage Machines de dosage Et bien plus encore... Nous proposons des solutions innovantes et personnalis\u00e9es pour optimiser les processus de production de votre entreprise.","email":"Admistracion@distribucionarc.com","telephone":"+34 643496664","legalName":"ARC TECH SOLUTIONS","foundingDate":"2024-04-09","vatID":"B55480172","numberOfEmployees":{"@type":"QuantitativeValue","minValue":"1","maxValue":"10"}}]}},"_links":{"self":[{"href":"https:\/\/distribucionarc.com\/fr\/wp-json\/wp\/v2\/product\/5404","targetHints":{"allow":["GET"]}}],"collection":[{"href":"https:\/\/distribucionarc.com\/fr\/wp-json\/wp\/v2\/product"}],"about":[{"href":"https:\/\/distribucionarc.com\/fr\/wp-json\/wp\/v2\/types\/product"}],"replies":[{"embeddable":true,"href":"https:\/\/distribucionarc.com\/fr\/wp-json\/wp\/v2\/comments?post=5404"}],"version-history":[{"count":0,"href":"https:\/\/distribucionarc.com\/fr\/wp-json\/wp\/v2\/product\/5404\/revisions"}],"wp:featuredmedia":[{"embeddable":true,"href":"https:\/\/distribucionarc.com\/fr\/wp-json\/wp\/v2\/media\/5407"}],"wp:attachment":[{"href":"https:\/\/distribucionarc.com\/fr\/wp-json\/wp\/v2\/media?parent=5404"}],"wp:term":[{"taxonomy":"product_brand","embeddable":true,"href":"https:\/\/distribucionarc.com\/fr\/wp-json\/wp\/v2\/product_brand?post=5404"},{"taxonomy":"product_cat","embeddable":true,"href":"https:\/\/distribucionarc.com\/fr\/wp-json\/wp\/v2\/product_cat?post=5404"},{"taxonomy":"product_tag","embeddable":true,"href":"https:\/\/distribucionarc.com\/fr\/wp-json\/wp\/v2\/product_tag?post=5404"}],"curies":[{"name":"wp","href":"https:\/\/api.w.org\/{rel}","templated":true}]}}