{"id":5464,"date":"2023-04-25T11:47:42","date_gmt":"2023-04-25T11:47:42","guid":{"rendered":"https:\/\/distribucionarc.com\/?post_type=product&#038;p=5464"},"modified":"2024-05-18T08:04:53","modified_gmt":"2024-05-18T08:04:53","slug":"machine-pour-faire-des-pilules-comprimes-machine-manuelle-ou-automatique-comprime","status":"publish","type":"product","link":"https:\/\/distribucionarc.com\/fr\/producto\/maquina-para-hacer-pastillas-comprimidos-tableteadora-manual-o-automatica\/","title":{"rendered":"Machine pour fabriquer des pilules, des comprim\u00e9s, manuelle ou automatique"},"content":{"rendered":"<h2>La presse \u00e0 pilules est une machine utilis\u00e9e dans l\u2019industrie.<\/h2>\n<p><a href=\"https:\/\/distribucionarc.com\/wp-content\/uploads\/2023\/04\/prensa-pastillas.jpeg\"><img loading=\"lazy\" decoding=\"async\" class=\"alignnone size-medium wp-image-5470\" src=\"https:\/\/distribucionarc.com\/wp-content\/uploads\/2023\/04\/prensa-pastillas-300x300.jpeg\" alt=\"\" width=\"300\" height=\"300\" srcset=\"https:\/\/distribucionarc.com\/wp-content\/uploads\/2023\/04\/prensa-pastillas-300x300.jpeg 300w, https:\/\/distribucionarc.com\/wp-content\/uploads\/2023\/04\/prensa-pastillas-430x430.jpeg 430w, https:\/\/distribucionarc.com\/wp-content\/uploads\/2023\/04\/prensa-pastillas-150x150.jpeg 150w, https:\/\/distribucionarc.com\/wp-content\/uploads\/2023\/04\/prensa-pastillas-700x700.jpeg 700w, https:\/\/distribucionarc.com\/wp-content\/uploads\/2023\/04\/prensa-pastillas-768x768.jpeg 768w, https:\/\/distribucionarc.com\/wp-content\/uploads\/2023\/04\/prensa-pastillas-12x12.jpeg 12w, https:\/\/distribucionarc.com\/wp-content\/uploads\/2023\/04\/prensa-pastillas-320x320.jpeg 320w, https:\/\/distribucionarc.com\/wp-content\/uploads\/2023\/04\/prensa-pastillas-600x600.jpeg 600w, https:\/\/distribucionarc.com\/wp-content\/uploads\/2023\/04\/prensa-pastillas-100x100.jpeg 100w, https:\/\/distribucionarc.com\/wp-content\/uploads\/2023\/04\/prensa-pastillas-48x48.jpeg 48w, https:\/\/distribucionarc.com\/wp-content\/uploads\/2023\/04\/prensa-pastillas.jpeg 800w\" sizes=\"auto, (max-width: 300px) 100vw, 300px\" \/><\/a><\/p>\n<p>Cette machine a une vitesse de production de 30 \u00e0 50 comprim\u00e9s par minute.<\/p>\n<p>Bien que la production soit manuelle, le <strong>presse \u00e0 pilules<\/strong> manuelle reste une machine tr\u00e8s efficace et pr\u00e9cise. Sa capacit\u00e9 \u00e0 produire des comprim\u00e9s de haute qualit\u00e9 en grande quantit\u00e9 en fait un choix appr\u00e9ci\u00e9 des petites et moyennes entreprises qui cherchent \u00e0 am\u00e9liorer leur production et \u00e0 r\u00e9pondre aux besoins de leurs clients.<\/p>\n<div style=\"width: 408px;\" class=\"wp-video\"><video class=\"wp-video-shortcode\" id=\"video-5464-1\" width=\"408\" height=\"720\" preload=\"metadata\" controls=\"controls\"><source type=\"video\/mp4\" src=\"https:\/\/distribucionarc.com\/wp-content\/uploads\/2023\/04\/Maquina-para-hacer-pastillas-comprimidos-tableteadora-manual-o-automatica.mp4?_=1\" \/><a href=\"https:\/\/distribucionarc.com\/wp-content\/uploads\/2023\/04\/Maquina-para-hacer-pastillas-comprimidos-tableteadora-manual-o-automatica.mp4\">https:\/\/distribucionarc.com\/wp-content\/uploads\/2023\/04\/Maquina-para-hacer-pastillas-comprimidos-tableteadora-manual-o-automatica.mp4<\/a><\/video><\/div>\n<p>&nbsp;<\/p>\n<p>Sp\u00e9cifications techniques <strong>machine de fabrication de pilules manuelle<\/strong>:AR00702<\/p>\n<p>Nombre de matrices : inclus 1<\/p>\n<p>Capacit\u00e9 de production\u00a0: 30-50\/min<\/p>\n<p>Diam\u00e8tre maximum de la tablette, tablette : 15 mm<\/p>\n<p>\u00c9paisseur du comprim\u00e9, comprim\u00e9 : 2-6 mm<\/p>\n<p>Pression maximale : 3,1 kN<\/p>\n<p>Nombre de pi\u00e8ces de remplissage : 1<\/p>\n<p>Tablette double couche : Non<\/p>\n<p>Poids : 25,4 kg<\/p>\n<p>Hauteur : 51 cm<\/p>\n<p>Certificats\u00a0:\u00a0CE, RHOS<\/p>\n<h2>\u00c9galement disponible Machine automatique pour transformer des pilules en comprim\u00e9s<\/h2>\n<p>R\u00e9f\u00e9rence : AR00703<\/p>\n<div style=\"width: 960px;\" class=\"wp-video\"><video class=\"wp-video-shortcode\" id=\"video-5464-2\" width=\"960\" height=\"544\" preload=\"metadata\" controls=\"controls\"><source type=\"video\/mp4\" src=\"https:\/\/distribucionarc.com\/wp-content\/uploads\/2023\/04\/Maquina-para-hacer-pastillas-automatica.mp4?_=2\" \/><a href=\"https:\/\/distribucionarc.com\/wp-content\/uploads\/2023\/04\/Maquina-para-hacer-pastillas-automatica.mp4\">https:\/\/distribucionarc.com\/wp-content\/uploads\/2023\/04\/Maquina-para-hacer-pastillas-automatica.mp4<\/a><\/video><\/div>","protected":false},"excerpt":{"rendered":"<p>Le <strong>machine de fabrication de pilules<\/strong> de diff\u00e9rentes tailles est un \u00e9quipement hautement sp\u00e9cialis\u00e9 et pr\u00e9cis utilis\u00e9 dans la fabrication de <strong>m\u00e9dicaments<\/strong> et <strong>suppl\u00e9ments nutritionnels<\/strong>. Cette machine est capable de produire <strong>comprim\u00e9s<\/strong> de tailles allant de <strong>5 mm jusqu&#039;\u00e0 15 mm<\/strong>, ce qui nous permet de nous adapter aux besoins sp\u00e9cifiques de chaque client.<\/p>","protected":false},"featured_media":5465,"comment_status":"open","ping_status":"closed","template":"","meta":{"wds_primary_product_brand":0,"wds_primary_product_cat":0},"product_brand":[],"product_cat":[84],"product_tag":[],"class_list":{"0":"post-5464","1":"product","2":"type-product","3":"status-publish","4":"has-post-thumbnail","6":"product_cat-maquinas-para-hacer-pastillas","7":"product_shipping_class-express","9":"first","10":"instock","11":"taxable","12":"shipping-taxable","13":"purchasable","14":"product-type-simple"},"yoast_head":"<!-- This site is optimized with the Yoast SEO Premium plugin v24.9 (Yoast SEO v26.1) - https:\/\/yoast.com\/wordpress\/plugins\/seo\/ -->\n<title>Maquina para hacer pastillas, comprimidos tableteadora manual o autom\u00e1tica - distribuci\u00f3n ARC<\/title>\n<meta name=\"robots\" content=\"index, follow, max-snippet:-1, max-image-preview:large, max-video-preview:-1\" \/>\n<link rel=\"canonical\" href=\"https:\/\/distribucionarc.com\/fr\/produit\/machine-pour-faire-des-pilules-comprimes-machine-manuelle-ou-automatique-comprime\/\" \/>\n<meta property=\"og:locale\" content=\"fr_FR\" \/>\n<meta property=\"og:type\" content=\"article\" \/>\n<meta property=\"og:title\" content=\"Maquina para hacer pastillas, comprimidos tableteadora manual o autom\u00e1tica\" \/>\n<meta property=\"og:description\" content=\"La m\u00e1quina para hacer pastillas de diferentes tama\u00f1os es un equipo altamente especializado y preciso que se utiliza en la fabricaci\u00f3n de medicamentos y suplementos nutricionales. Esta m\u00e1quina es capaz de producir comprimidos de tama\u00f1os que van desde 5 mm hasta 15 mm, lo que permite adaptarse a las necesidades espec\u00edficas de cada cliente.\" \/>\n<meta property=\"og:url\" content=\"https:\/\/distribucionarc.com\/fr\/produit\/machine-pour-faire-des-pilules-comprimes-machine-manuelle-ou-automatique-comprime\/\" \/>\n<meta property=\"og:site_name\" content=\"distribuci\u00f3n ARC\" \/>\n<meta property=\"article:modified_time\" content=\"2024-05-18T08:04:53+00:00\" \/>\n<meta property=\"og:image\" content=\"https:\/\/distribucionarc.com\/wp-content\/uploads\/2023\/04\/maquina-para-hacer-pastillas.jpeg\" \/>\n\t<meta property=\"og:image:width\" content=\"1600\" \/>\n\t<meta property=\"og:image:height\" content=\"1600\" \/>\n\t<meta property=\"og:image:type\" content=\"image\/jpeg\" \/>\n<meta name=\"twitter:card\" content=\"summary_large_image\" \/>\n<meta name=\"twitter:label1\" content=\"Dur\u00e9e de lecture estim\u00e9e\" \/>\n\t<meta name=\"twitter:data1\" content=\"1 minute\" \/>\n<script type=\"application\/ld+json\" class=\"yoast-schema-graph\">{\"@context\":\"https:\/\/schema.org\",\"@graph\":[{\"@type\":\"WebPage\",\"@id\":\"https:\/\/distribucionarc.com\/it\/producto\/maquina-para-hacer-pastillas-comprimidos-tableteadora-manual-o-automatica\/\",\"url\":\"https:\/\/distribucionarc.com\/it\/producto\/maquina-para-hacer-pastillas-comprimidos-tableteadora-manual-o-automatica\/\",\"name\":\"Maquina para hacer pastillas, comprimidos tableteadora manual o autom\u00e1tica - distribuci\u00f3n ARC\",\"isPartOf\":{\"@id\":\"https:\/\/distribucionarc.com\/ro\/#website\"},\"primaryImageOfPage\":{\"@id\":\"https:\/\/distribucionarc.com\/it\/producto\/maquina-para-hacer-pastillas-comprimidos-tableteadora-manual-o-automatica\/#primaryimage\"},\"image\":{\"@id\":\"https:\/\/distribucionarc.com\/it\/producto\/maquina-para-hacer-pastillas-comprimidos-tableteadora-manual-o-automatica\/#primaryimage\"},\"thumbnailUrl\":\"https:\/\/distribucionarc.com\/wp-content\/uploads\/2023\/04\/maquina-para-hacer-pastillas.jpeg\",\"datePublished\":\"2023-04-25T11:47:42+00:00\",\"dateModified\":\"2024-05-18T08:04:53+00:00\",\"breadcrumb\":{\"@id\":\"https:\/\/distribucionarc.com\/it\/producto\/maquina-para-hacer-pastillas-comprimidos-tableteadora-manual-o-automatica\/#breadcrumb\"},\"inLanguage\":\"fr-FR\",\"potentialAction\":[{\"@type\":\"ReadAction\",\"target\":[\"https:\/\/distribucionarc.com\/it\/producto\/maquina-para-hacer-pastillas-comprimidos-tableteadora-manual-o-automatica\/\"]}]},{\"@type\":\"ImageObject\",\"inLanguage\":\"fr-FR\",\"@id\":\"https:\/\/distribucionarc.com\/it\/producto\/maquina-para-hacer-pastillas-comprimidos-tableteadora-manual-o-automatica\/#primaryimage\",\"url\":\"https:\/\/distribucionarc.com\/wp-content\/uploads\/2023\/04\/maquina-para-hacer-pastillas.jpeg\",\"contentUrl\":\"https:\/\/distribucionarc.com\/wp-content\/uploads\/2023\/04\/maquina-para-hacer-pastillas.jpeg\",\"width\":1600,\"height\":1600},{\"@type\":\"BreadcrumbList\",\"@id\":\"https:\/\/distribucionarc.com\/it\/producto\/maquina-para-hacer-pastillas-comprimidos-tableteadora-manual-o-automatica\/#breadcrumb\",\"itemListElement\":[{\"@type\":\"ListItem\",\"position\":1,\"name\":\"Portada\",\"item\":\"https:\/\/distribucionarc.com\/ar\/\"},{\"@type\":\"ListItem\",\"position\":2,\"name\":\"Proizvodi\",\"item\":\"https:\/\/www.distribucionarc.com\/hr\/ducan\/\"},{\"@type\":\"ListItem\",\"position\":3,\"name\":\"Maquina para hacer pastillas, comprimidos tableteadora manual o autom\u00e1tica\"}]},{\"@type\":\"WebSite\",\"@id\":\"https:\/\/distribucionarc.com\/ro\/#website\",\"url\":\"https:\/\/distribucionarc.com\/ro\/\",\"name\":\"distribuci\u00f3n ARC\",\"description\":\"Empresa especializada en la fabricaci\u00f3n y distribuci\u00f3n de maquinaria industrial, selladoras de latas, Maquinas de hacer pastillas, Maquinas de cortar carne...\",\"publisher\":{\"@id\":\"https:\/\/distribucionarc.com\/ro\/#organization\"},\"potentialAction\":[{\"@type\":\"SearchAction\",\"target\":{\"@type\":\"EntryPoint\",\"urlTemplate\":\"https:\/\/distribucionarc.com\/ro\/?s={search_term_string}\"},\"query-input\":{\"@type\":\"PropertyValueSpecification\",\"valueRequired\":true,\"valueName\":\"search_term_string\"}}],\"inLanguage\":\"fr-FR\"},{\"@type\":\"Organization\",\"@id\":\"https:\/\/distribucionarc.com\/ro\/#organization\",\"name\":\"Distribuci\u00f3n ARC\",\"url\":\"https:\/\/distribucionarc.com\/ro\/\",\"logo\":{\"@type\":\"ImageObject\",\"inLanguage\":\"fr-FR\",\"@id\":\"https:\/\/distribucionarc.com\/ro\/#\/schema\/logo\/image\/\",\"url\":\"https:\/\/distribucionarc.com\/wp-content\/uploads\/2024\/10\/distribucion-ARC-COLOR-SIN-FONDO-e1732295305345.png\",\"contentUrl\":\"https:\/\/distribucionarc.com\/wp-content\/uploads\/2024\/10\/distribucion-ARC-COLOR-SIN-FONDO-e1732295305345.png\",\"width\":1164,\"height\":558,\"caption\":\"Distribuci\u00f3n ARC\"},\"image\":{\"@id\":\"https:\/\/distribucionarc.com\/ro\/#\/schema\/logo\/image\/\"},\"description\":\"Empresa especializada en la fabricaci\u00f3n y distribuci\u00f3n de maquinaria industrial para los sectores alimentario y farmac\u00e9utico. Nos especializamos en: M\u00e1quinas de cortar carne Fabricaci\u00f3n de comprimidos Sistemas de transporte industrial L\u00edneas de embotellado Dosificadores Y mucho m\u00e1s... Ofrecemos soluciones innovadoras y personalizadas para optimizar los procesos productivos de tu empresa.\",\"email\":\"Admistracion@distribucionarc.com\",\"telephone\":\"+34 643496664\",\"legalName\":\"ARC TECH SOLUTIONS\",\"foundingDate\":\"2024-04-09\",\"vatID\":\"B55480172\",\"numberOfEmployees\":{\"@type\":\"QuantitativeValue\",\"minValue\":\"1\",\"maxValue\":\"10\"}}]}<\/script>\n<!-- \/ Yoast SEO Premium plugin. -->","yoast_head_json":{"title":"Machine \u00e0 fabriquer des pilules, presse \u00e0 comprim\u00e9s manuelle ou automatique - ARC distribution","robots":{"index":"index","follow":"follow","max-snippet":"max-snippet:-1","max-image-preview":"max-image-preview:large","max-video-preview":"max-video-preview:-1"},"canonical":"https:\/\/distribucionarc.com\/fr\/produit\/machine-pour-faire-des-pilules-comprimes-machine-manuelle-ou-automatique-comprime\/","og_locale":"fr_FR","og_type":"article","og_title":"Maquina para hacer pastillas, comprimidos tableteadora manual o autom\u00e1tica","og_description":"La m\u00e1quina para hacer pastillas de diferentes tama\u00f1os es un equipo altamente especializado y preciso que se utiliza en la fabricaci\u00f3n de medicamentos y suplementos nutricionales. Esta m\u00e1quina es capaz de producir comprimidos de tama\u00f1os que van desde 5 mm hasta 15 mm, lo que permite adaptarse a las necesidades espec\u00edficas de cada cliente.","og_url":"https:\/\/distribucionarc.com\/fr\/produit\/machine-pour-faire-des-pilules-comprimes-machine-manuelle-ou-automatique-comprime\/","og_site_name":"distribuci\u00f3n ARC","article_modified_time":"2024-05-18T08:04:53+00:00","og_image":[{"width":1600,"height":1600,"url":"https:\/\/distribucionarc.com\/wp-content\/uploads\/2023\/04\/maquina-para-hacer-pastillas.jpeg","type":"image\/jpeg"}],"twitter_card":"summary_large_image","twitter_misc":{"Dur\u00e9e de lecture estim\u00e9e":"1 minute"},"schema":{"@context":"https:\/\/schema.org","@graph":[{"@type":"WebPage","@id":"https:\/\/distribucionarc.com\/it\/producto\/maquina-para-hacer-pastillas-comprimidos-tableteadora-manual-o-automatica\/","url":"https:\/\/distribucionarc.com\/it\/producto\/maquina-para-hacer-pastillas-comprimidos-tableteadora-manual-o-automatica\/","name":"Machine \u00e0 fabriquer des pilules, presse \u00e0 comprim\u00e9s manuelle ou automatique - ARC distribution","isPartOf":{"@id":"https:\/\/distribucionarc.com\/ro\/#website"},"primaryImageOfPage":{"@id":"https:\/\/distribucionarc.com\/it\/producto\/maquina-para-hacer-pastillas-comprimidos-tableteadora-manual-o-automatica\/#primaryimage"},"image":{"@id":"https:\/\/distribucionarc.com\/it\/producto\/maquina-para-hacer-pastillas-comprimidos-tableteadora-manual-o-automatica\/#primaryimage"},"thumbnailUrl":"https:\/\/distribucionarc.com\/wp-content\/uploads\/2023\/04\/maquina-para-hacer-pastillas.jpeg","datePublished":"2023-04-25T11:47:42+00:00","dateModified":"2024-05-18T08:04:53+00:00","breadcrumb":{"@id":"https:\/\/distribucionarc.com\/it\/producto\/maquina-para-hacer-pastillas-comprimidos-tableteadora-manual-o-automatica\/#breadcrumb"},"inLanguage":"fr-FR","potentialAction":[{"@type":"ReadAction","target":["https:\/\/distribucionarc.com\/it\/producto\/maquina-para-hacer-pastillas-comprimidos-tableteadora-manual-o-automatica\/"]}]},{"@type":"ImageObject","inLanguage":"fr-FR","@id":"https:\/\/distribucionarc.com\/it\/producto\/maquina-para-hacer-pastillas-comprimidos-tableteadora-manual-o-automatica\/#primaryimage","url":"https:\/\/distribucionarc.com\/wp-content\/uploads\/2023\/04\/maquina-para-hacer-pastillas.jpeg","contentUrl":"https:\/\/distribucionarc.com\/wp-content\/uploads\/2023\/04\/maquina-para-hacer-pastillas.jpeg","width":1600,"height":1600},{"@type":"BreadcrumbList","@id":"https:\/\/distribucionarc.com\/it\/producto\/maquina-para-hacer-pastillas-comprimidos-tableteadora-manual-o-automatica\/#breadcrumb","itemListElement":[{"@type":"ListItem","position":1,"name":"Portada","item":"https:\/\/distribucionarc.com\/ar\/"},{"@type":"ListItem","position":2,"name":"Proizvodi","item":"https:\/\/www.distribucionarc.com\/hr\/ducan\/"},{"@type":"ListItem","position":3,"name":"Maquina para hacer pastillas, comprimidos tableteadora manual o autom\u00e1tica"}]},{"@type":"WebSite","@id":"https:\/\/distribucionarc.com\/ro\/#website","url":"https:\/\/distribucionarc.com\/ro\/","name":"R\u00e9partition de l&#039;ARC","description":"Entreprise sp\u00e9cialis\u00e9e dans la fabrication et la distribution de machines industrielles, scelleuses de bo\u00eetes, machines \u00e0 comprim\u00e9s, machines \u00e0 d\u00e9couper la viande...","publisher":{"@id":"https:\/\/distribucionarc.com\/ro\/#organization"},"potentialAction":[{"@type":"SearchAction","target":{"@type":"EntryPoint","urlTemplate":"https:\/\/distribucionarc.com\/ro\/?s={search_term_string}"},"query-input":{"@type":"PropertyValueSpecification","valueRequired":true,"valueName":"search_term_string"}}],"inLanguage":"fr-FR"},{"@type":"Organization","@id":"https:\/\/distribucionarc.com\/ro\/#organization","name":"Distribution ARC","url":"https:\/\/distribucionarc.com\/ro\/","logo":{"@type":"ImageObject","inLanguage":"fr-FR","@id":"https:\/\/distribucionarc.com\/ro\/#\/schema\/logo\/image\/","url":"https:\/\/distribucionarc.com\/wp-content\/uploads\/2024\/10\/distribucion-ARC-COLOR-SIN-FONDO-e1732295305345.png","contentUrl":"https:\/\/distribucionarc.com\/wp-content\/uploads\/2024\/10\/distribucion-ARC-COLOR-SIN-FONDO-e1732295305345.png","width":1164,"height":558,"caption":"Distribuci\u00f3n ARC"},"image":{"@id":"https:\/\/distribucionarc.com\/ro\/#\/schema\/logo\/image\/"},"description":"Entreprise sp\u00e9cialis\u00e9e dans la fabrication et la distribution de machines industrielles pour les secteurs alimentaire et pharmaceutique. Nous sommes sp\u00e9cialis\u00e9s dans : Machines \u00e0 couper la viande Fabrication de comprim\u00e9s Syst\u00e8mes de transport industriel Lignes d'embouteillage Machines de dosage Et bien plus encore... Nous proposons des solutions innovantes et personnalis\u00e9es pour optimiser les processus de production de votre entreprise.","email":"Admistracion@distribucionarc.com","telephone":"+34 643496664","legalName":"ARC TECH SOLUTIONS","foundingDate":"2024-04-09","vatID":"B55480172","numberOfEmployees":{"@type":"QuantitativeValue","minValue":"1","maxValue":"10"}}]}},"_links":{"self":[{"href":"https:\/\/distribucionarc.com\/fr\/wp-json\/wp\/v2\/product\/5464","targetHints":{"allow":["GET"]}}],"collection":[{"href":"https:\/\/distribucionarc.com\/fr\/wp-json\/wp\/v2\/product"}],"about":[{"href":"https:\/\/distribucionarc.com\/fr\/wp-json\/wp\/v2\/types\/product"}],"replies":[{"embeddable":true,"href":"https:\/\/distribucionarc.com\/fr\/wp-json\/wp\/v2\/comments?post=5464"}],"version-history":[{"count":0,"href":"https:\/\/distribucionarc.com\/fr\/wp-json\/wp\/v2\/product\/5464\/revisions"}],"wp:featuredmedia":[{"embeddable":true,"href":"https:\/\/distribucionarc.com\/fr\/wp-json\/wp\/v2\/media\/5465"}],"wp:attachment":[{"href":"https:\/\/distribucionarc.com\/fr\/wp-json\/wp\/v2\/media?parent=5464"}],"wp:term":[{"taxonomy":"product_brand","embeddable":true,"href":"https:\/\/distribucionarc.com\/fr\/wp-json\/wp\/v2\/product_brand?post=5464"},{"taxonomy":"product_cat","embeddable":true,"href":"https:\/\/distribucionarc.com\/fr\/wp-json\/wp\/v2\/product_cat?post=5464"},{"taxonomy":"product_tag","embeddable":true,"href":"https:\/\/distribucionarc.com\/fr\/wp-json\/wp\/v2\/product_tag?post=5464"}],"curies":[{"name":"wp","href":"https:\/\/api.w.org\/{rel}","templated":true}]}}