{"id":5787,"date":"2023-05-14T11:31:10","date_gmt":"2023-05-14T11:31:10","guid":{"rendered":"https:\/\/distribucionarc.com\/?post_type=product&#038;p=5787"},"modified":"2024-10-05T03:02:53","modified_gmt":"2024-10-05T03:02:53","slug":"machine-a-decouper-les-cotelettes-de-viande-avec-os","status":"publish","type":"product","link":"https:\/\/distribucionarc.com\/fr\/producto\/maquina-cortadora-chuletas-de-carne-con-hueso\/","title":{"rendered":"machine de d\u00e9coupe de c\u00f4telettes de viande avec os"},"content":{"rendered":"<h2>Machine \u00e0 d\u00e9couper les c\u00f4telettes d&#039;agneau<\/h2>\n<p><a href=\"https:\/\/distribucionarc.com\/wp-content\/uploads\/2023\/05\/maquina-para-cortar-carne-en-filetes.webp\"><img loading=\"lazy\" decoding=\"async\" src=\"https:\/\/distribucionarc.com\/wp-content\/uploads\/2023\/05\/maquina-para-cortar-carne-en-filetes-300x300.webp\" alt=\"\" width=\"300\" height=\"300\" \/><\/a><br \/>\nLe coupe-filet avec os JARY-25K est une machine utilis\u00e9e pour couper <strong>viande congel\u00e9e<\/strong>, <strong>c\u00f4tes<\/strong>, <strong>lard<\/strong>, <strong>saucisses<\/strong>, <strong>agneau<\/strong>, etc., tranch\u00e9s. Il dispose d&#039;un r\u00e9glage num\u00e9rique pr\u00e9cis de l&#039;\u00e9paisseur de coupe et r\u00e9pond aux exigences des utilisateurs pour les petites coupes. Il est fabriqu\u00e9 \u00e0 partir de mat\u00e9riaux en acier inoxydable et poss\u00e8de des composants de haute qualit\u00e9, tels que le moteur de coupe, le r\u00e9ducteur, le servomoteur et le couteau. La lame sp\u00e9ciale import\u00e9e d&#039;Allemagne est tranchante et durable, sp\u00e9cialement con\u00e7ue pour couper les c\u00f4tes et r\u00e9sister \u00e0 de longs temps de travail sans \u00eatre endommag\u00e9e. La machine offre \u00e9galement des fonctions de synchronisation fiables et des mesures de s\u00e9curit\u00e9.<br \/>\n<a href=\"https:\/\/distribucionarc.com\/wp-content\/uploads\/2023\/05\/maquina-para-cortar-chuletas-de-cordero.webp\"><img loading=\"lazy\" decoding=\"async\" src=\"https:\/\/distribucionarc.com\/wp-content\/uploads\/2023\/05\/maquina-para-cortar-chuletas-de-cordero-300x300.webp\" alt=\"\" width=\"300\" height=\"300\" \/><\/a><a href=\"https:\/\/distribucionarc.com\/wp-content\/uploads\/2023\/05\/maquina-para-cortar-chuletas-de-cordero-linea.jpg\"><img loading=\"lazy\" decoding=\"async\" src=\"https:\/\/distribucionarc.com\/wp-content\/uploads\/2023\/05\/maquina-para-cortar-chuletas-de-cordero-linea-300x156.jpg\" alt=\"\" width=\"300\" height=\"156\" \/><\/a><a href=\"https:\/\/distribucionarc.com\/wp-content\/uploads\/2023\/05\/cortadora-de-carne-peneles-de-contrrol.webp\"><img loading=\"lazy\" decoding=\"async\" src=\"https:\/\/distribucionarc.com\/wp-content\/uploads\/2023\/05\/cortadora-de-carne-peneles-de-contrrol-163x300.webp\" alt=\"\" width=\"163\" height=\"300\" \/><\/a><br \/>\nSp\u00e9cifications techniques :<\/p>\n<table role=\"presentation\" width=\"100%\" cellspacing=\"0\" cellpadding=\"0\">\n<tbody>\n<tr>\n<td>Pouvoir:<\/td>\n<td width=\"50.0%\">4,84 kW<\/td>\n<\/tr>\n<tr>\n<td>tension:<\/td>\n<td width=\"50.0%\">380\/220v<\/td>\n<td>Poids:<\/td>\n<td width=\"50.0%\">500KG<\/td>\n<\/tr>\n<tr>\n<td>Hauteur d&#039;alimentation\u00a0:<\/td>\n<td width=\"50.0%\">180mm<\/td>\n<td>Hauteur:<\/td>\n<td width=\"50.0%\">1850mm<\/td>\n<\/tr>\n<tr>\n<td>Temp\u00e9rature la plus basse pour couper la viande :<\/td>\n<td width=\"50.0%\">-4\u2103<\/td>\n<td>Long:<\/td>\n<td width=\"50.0%\">950mm<\/td>\n<\/tr>\n<tr>\n<td>Fonction de partitionnement\u00a0:<\/td>\n<td width=\"50.0%\">Le num\u00e9ro de chaque pi\u00e8ce est d\u00e9fini num\u00e9riquement<\/td>\n<td>Large:<\/td>\n<td width=\"50.0%\">\u00a01480 mm<\/td>\n<\/tr>\n<tr>\n<td>Num\u00e9ro du fabricant :<\/td>\n<td width=\"50.0%\">ARCMHE100<\/td>\n<td>Vitesse de travail\u00a0:<\/td>\n<td width=\"50.0%\">\u00a0200 kg par minute<\/td>\n<\/tr>\n<tr>\n<td>Mat\u00e9riaux de haute qualit\u00e9 :<\/td>\n<td width=\"50.0%\">\u00a0Moteur<br \/>\nPanneau CPL<br \/>\nLames fabriqu\u00e9es en Allemagne<br \/>\n,<\/td>\n<td>\u00c9paisseur des tranches\u00a0:<\/td>\n<td width=\"50.0%\">Jeu 1-32mm par num\u00e9rique<\/td>\n<\/tr>\n<tr>\n<td>Longueur de coupe de viande :<\/td>\n<td width=\"50.0%\">Env. 600mm<\/td>\n<td>Stockage:<\/td>\n<td width=\"50.0%\">30 kg<\/td>\n<\/tr>\n<tr>\n<td>\u00c9paisseur des tranches\u00a0:<\/td>\n<td width=\"50.0%\">Jeu 1-32mm par num\u00e9rique<\/td>\n<td>Garantie:<\/td>\n<td width=\"50.0%\">2 ANS<\/td>\n<\/tr>\n<\/tbody>\n<\/table>\n<div style=\"width: 720px;\" class=\"wp-video\"><video class=\"wp-video-shortcode\" id=\"video-5787-1\" width=\"720\" height=\"1280\" preload=\"metadata\" controls=\"controls\"><source type=\"video\/mp4\" src=\"https:\/\/distribucionarc.com\/wp-content\/uploads\/2023\/05\/69A34BEB-597A-45CE-89B9-E55AC367D4C7_L0_001.mp4?_=1\" \/><a href=\"https:\/\/distribucionarc.com\/wp-content\/uploads\/2023\/05\/69A34BEB-597A-45CE-89B9-E55AC367D4C7_L0_001.mp4\">https:\/\/distribucionarc.com\/wp-content\/uploads\/2023\/05\/69A34BEB-597A-45CE-89B9-E55AC367D4C7_L0_001.mp4<\/a><\/video><\/div>\n<p>&nbsp;<\/p>\n<p>Mat\u00e9riaux de construction\u00a0:<\/p>\n<ul>\n<li>Motor\u00e9ducteur de marque allemande NORD.<\/li>\n<li>\u00c9cran tactile Inovance.<\/li>\n<li>PLC, servomoteur<\/li>\n<li>Relais contacteur Schneider Omron<\/li>\n<li>Disjoncteurs Siemens<\/li>\n<li>Courroie de distribution japonaise<\/li>\n<li>Roulements NSK<\/li>\n<\/ul>\n<h3>Demander plus d&#039;informations<\/h3>\n<p>Dans\u00a0<b>R\u00e9partition de l&#039;ARC<\/b>\u00a0Nous vous conseillons sur l&#039;optimisation de l&#039;usine ou la cr\u00e9ation d&#039;une nouvelle industrie<\/p>","protected":false},"excerpt":{"rendered":"<p>Machine \u00e0 couper les c\u00f4telettes d&#039;agneau La trancheuse \u00e0 steak avec os JARY-25K est une machine utilis\u00e9e pour<\/p>","protected":false},"featured_media":5790,"comment_status":"open","ping_status":"closed","template":"","meta":{"wds_primary_product_brand":0,"wds_primary_product_cat":0},"product_brand":[],"product_cat":[121,116,117],"product_tag":[],"class_list":{"0":"post-5787","1":"product","2":"type-product","3":"status-publish","4":"has-post-thumbnail","6":"product_cat-carne-y-hueso","7":"product_cat-coartadoras-de-carne","8":"product_cat-filetes","9":"product_shipping_class-express","11":"first","12":"instock","13":"taxable","14":"shipping-taxable","15":"purchasable","16":"product-type-simple"},"yoast_head":"<!-- This site is optimized with the Yoast SEO Premium plugin v24.9 (Yoast SEO v26.1) - https:\/\/yoast.com\/wordpress\/plugins\/seo\/ -->\n<title>maquina cortadora chuletas de carne con hueso - distribuci\u00f3n ARC<\/title>\n<meta name=\"robots\" content=\"index, follow, max-snippet:-1, max-image-preview:large, max-video-preview:-1\" \/>\n<link rel=\"canonical\" href=\"https:\/\/www.distribucionarc.com\/tr\/producto\/maquina-cortadora-chuletas-de-carne-con-hueso\/\" \/>\n<meta property=\"og:locale\" content=\"fr_FR\" \/>\n<meta property=\"og:type\" content=\"article\" \/>\n<meta property=\"og:title\" content=\"maquina cortadora chuletas de carne con hueso\" \/>\n<meta property=\"og:description\" content=\"Maquina para cortar chuletas de cordero La cortadora de filetes con hueso JARY-25K es una maquina que se utiliza para\" \/>\n<meta property=\"og:url\" content=\"https:\/\/www.distribucionarc.com\/tr\/producto\/maquina-cortadora-chuletas-de-carne-con-hueso\/\" \/>\n<meta property=\"og:site_name\" content=\"distribuci\u00f3n ARC\" \/>\n<meta property=\"article:modified_time\" content=\"2024-10-05T03:02:53+00:00\" \/>\n<meta property=\"og:image\" content=\"https:\/\/www.distribucionarc.com\/wp-content\/uploads\/2023\/05\/cortadora-fileteadora-de3-crane-iagem-producto.webp\" \/>\n\t<meta property=\"og:image:width\" content=\"743\" \/>\n\t<meta property=\"og:image:height\" content=\"775\" \/>\n\t<meta property=\"og:image:type\" content=\"image\/webp\" \/>\n<meta name=\"twitter:card\" content=\"summary_large_image\" \/>\n<meta name=\"twitter:label1\" content=\"Dur\u00e9e de lecture estim\u00e9e\" \/>\n\t<meta name=\"twitter:data1\" content=\"3 minutes\" \/>\n<script type=\"application\/ld+json\" class=\"yoast-schema-graph\">{\"@context\":\"https:\/\/schema.org\",\"@graph\":[{\"@type\":\"WebPage\",\"@id\":\"https:\/\/www.distribucionarc.com\/tr\/producto\/maquina-cortadora-chuletas-de-carne-con-hueso\/\",\"url\":\"https:\/\/www.distribucionarc.com\/tr\/producto\/maquina-cortadora-chuletas-de-carne-con-hueso\/\",\"name\":\"maquina cortadora chuletas de carne con hueso - distribuci\u00f3n ARC\",\"isPartOf\":{\"@id\":\"https:\/\/www.distribucionarc.com\/sl\/#website\"},\"primaryImageOfPage\":{\"@id\":\"https:\/\/www.distribucionarc.com\/tr\/producto\/maquina-cortadora-chuletas-de-carne-con-hueso\/#primaryimage\"},\"image\":{\"@id\":\"https:\/\/www.distribucionarc.com\/tr\/producto\/maquina-cortadora-chuletas-de-carne-con-hueso\/#primaryimage\"},\"thumbnailUrl\":\"https:\/\/distribucionarc.com\/wp-content\/uploads\/2023\/05\/cortadora-fileteadora-de3-crane-iagem-producto.webp\",\"datePublished\":\"2023-05-14T11:31:10+00:00\",\"dateModified\":\"2024-10-05T03:02:53+00:00\",\"breadcrumb\":{\"@id\":\"https:\/\/www.distribucionarc.com\/tr\/producto\/maquina-cortadora-chuletas-de-carne-con-hueso\/#breadcrumb\"},\"inLanguage\":\"fr-FR\",\"potentialAction\":[{\"@type\":\"ReadAction\",\"target\":[\"https:\/\/www.distribucionarc.com\/tr\/producto\/maquina-cortadora-chuletas-de-carne-con-hueso\/\"]}]},{\"@type\":\"ImageObject\",\"inLanguage\":\"fr-FR\",\"@id\":\"https:\/\/www.distribucionarc.com\/tr\/producto\/maquina-cortadora-chuletas-de-carne-con-hueso\/#primaryimage\",\"url\":\"https:\/\/distribucionarc.com\/wp-content\/uploads\/2023\/05\/cortadora-fileteadora-de3-crane-iagem-producto.webp\",\"contentUrl\":\"https:\/\/distribucionarc.com\/wp-content\/uploads\/2023\/05\/cortadora-fileteadora-de3-crane-iagem-producto.webp\",\"width\":743,\"height\":775},{\"@type\":\"BreadcrumbList\",\"@id\":\"https:\/\/www.distribucionarc.com\/tr\/producto\/maquina-cortadora-chuletas-de-carne-con-hueso\/#breadcrumb\",\"itemListElement\":[{\"@type\":\"ListItem\",\"position\":1,\"name\":\"Portada\",\"item\":\"https:\/\/www.distribucionarc.com\/\"},{\"@type\":\"ListItem\",\"position\":2,\"name\":\"\u00dcr\u00fcnler\",\"item\":\"https:\/\/www.distribucionarc.com\/tr\/magaza\/\"},{\"@type\":\"ListItem\",\"position\":3,\"name\":\"maquina cortadora chuletas de carne con hueso\"}]},{\"@type\":\"WebSite\",\"@id\":\"https:\/\/www.distribucionarc.com\/sl\/#website\",\"url\":\"https:\/\/www.distribucionarc.com\/sl\/\",\"name\":\"distribuci\u00f3n ARC\",\"description\":\"Empresa especializada en la fabricaci\u00f3n y distribuci\u00f3n de maquinaria industrial, selladoras de latas, Maquinas de hacer pastillas, Maquinas de cortar carne...\",\"publisher\":{\"@id\":\"https:\/\/www.distribucionarc.com\/sl\/#organization\"},\"potentialAction\":[{\"@type\":\"SearchAction\",\"target\":{\"@type\":\"EntryPoint\",\"urlTemplate\":\"https:\/\/www.distribucionarc.com\/sl\/?s={search_term_string}\"},\"query-input\":{\"@type\":\"PropertyValueSpecification\",\"valueRequired\":true,\"valueName\":\"search_term_string\"}}],\"inLanguage\":\"fr-FR\"},{\"@type\":\"Organization\",\"@id\":\"https:\/\/www.distribucionarc.com\/sl\/#organization\",\"name\":\"Distribuci\u00f3n ARC\",\"url\":\"https:\/\/www.distribucionarc.com\/sl\/\",\"logo\":{\"@type\":\"ImageObject\",\"inLanguage\":\"fr-FR\",\"@id\":\"https:\/\/www.distribucionarc.com\/sl\/#\/schema\/logo\/image\/\",\"url\":\"https:\/\/distribucionarc.com\/wp-content\/uploads\/2024\/10\/distribucion-ARC-COLOR-SIN-FONDO-e1732295305345.png\",\"contentUrl\":\"https:\/\/distribucionarc.com\/wp-content\/uploads\/2024\/10\/distribucion-ARC-COLOR-SIN-FONDO-e1732295305345.png\",\"width\":1164,\"height\":558,\"caption\":\"Distribuci\u00f3n ARC\"},\"image\":{\"@id\":\"https:\/\/www.distribucionarc.com\/sl\/#\/schema\/logo\/image\/\"},\"description\":\"Empresa especializada en la fabricaci\u00f3n y distribuci\u00f3n de maquinaria industrial para los sectores alimentario y farmac\u00e9utico. Nos especializamos en: M\u00e1quinas de cortar carne Fabricaci\u00f3n de comprimidos Sistemas de transporte industrial L\u00edneas de embotellado Dosificadores Y mucho m\u00e1s... Ofrecemos soluciones innovadoras y personalizadas para optimizar los procesos productivos de tu empresa.\",\"email\":\"Admistracion@distribucionarc.com\",\"telephone\":\"+34 643496664\",\"legalName\":\"ARC TECH SOLUTIONS\",\"foundingDate\":\"2024-04-09\",\"vatID\":\"B55480172\",\"numberOfEmployees\":{\"@type\":\"QuantitativeValue\",\"minValue\":\"1\",\"maxValue\":\"10\"}}]}<\/script>\n<!-- \/ Yoast SEO Premium plugin. -->","yoast_head_json":{"title":"Machine de d\u00e9coupe de viande avec os - ARC distribution","robots":{"index":"index","follow":"follow","max-snippet":"max-snippet:-1","max-image-preview":"max-image-preview:large","max-video-preview":"max-video-preview:-1"},"canonical":"https:\/\/www.distribucionarc.com\/tr\/producto\/maquina-cortadora-chuletas-de-carne-con-hueso\/","og_locale":"fr_FR","og_type":"article","og_title":"maquina cortadora chuletas de carne con hueso","og_description":"Maquina para cortar chuletas de cordero La cortadora de filetes con hueso JARY-25K es una maquina que se utiliza para","og_url":"https:\/\/www.distribucionarc.com\/tr\/producto\/maquina-cortadora-chuletas-de-carne-con-hueso\/","og_site_name":"distribuci\u00f3n ARC","article_modified_time":"2024-10-05T03:02:53+00:00","og_image":[{"width":743,"height":775,"url":"https:\/\/www.distribucionarc.com\/wp-content\/uploads\/2023\/05\/cortadora-fileteadora-de3-crane-iagem-producto.webp","type":"image\/webp"}],"twitter_card":"summary_large_image","twitter_misc":{"Dur\u00e9e de lecture estim\u00e9e":"3 minutes"},"schema":{"@context":"https:\/\/schema.org","@graph":[{"@type":"WebPage","@id":"https:\/\/www.distribucionarc.com\/tr\/producto\/maquina-cortadora-chuletas-de-carne-con-hueso\/","url":"https:\/\/www.distribucionarc.com\/tr\/producto\/maquina-cortadora-chuletas-de-carne-con-hueso\/","name":"Machine de d\u00e9coupe de viande avec os - ARC distribution","isPartOf":{"@id":"https:\/\/www.distribucionarc.com\/sl\/#website"},"primaryImageOfPage":{"@id":"https:\/\/www.distribucionarc.com\/tr\/producto\/maquina-cortadora-chuletas-de-carne-con-hueso\/#primaryimage"},"image":{"@id":"https:\/\/www.distribucionarc.com\/tr\/producto\/maquina-cortadora-chuletas-de-carne-con-hueso\/#primaryimage"},"thumbnailUrl":"https:\/\/distribucionarc.com\/wp-content\/uploads\/2023\/05\/cortadora-fileteadora-de3-crane-iagem-producto.webp","datePublished":"2023-05-14T11:31:10+00:00","dateModified":"2024-10-05T03:02:53+00:00","breadcrumb":{"@id":"https:\/\/www.distribucionarc.com\/tr\/producto\/maquina-cortadora-chuletas-de-carne-con-hueso\/#breadcrumb"},"inLanguage":"fr-FR","potentialAction":[{"@type":"ReadAction","target":["https:\/\/www.distribucionarc.com\/tr\/producto\/maquina-cortadora-chuletas-de-carne-con-hueso\/"]}]},{"@type":"ImageObject","inLanguage":"fr-FR","@id":"https:\/\/www.distribucionarc.com\/tr\/producto\/maquina-cortadora-chuletas-de-carne-con-hueso\/#primaryimage","url":"https:\/\/distribucionarc.com\/wp-content\/uploads\/2023\/05\/cortadora-fileteadora-de3-crane-iagem-producto.webp","contentUrl":"https:\/\/distribucionarc.com\/wp-content\/uploads\/2023\/05\/cortadora-fileteadora-de3-crane-iagem-producto.webp","width":743,"height":775},{"@type":"BreadcrumbList","@id":"https:\/\/www.distribucionarc.com\/tr\/producto\/maquina-cortadora-chuletas-de-carne-con-hueso\/#breadcrumb","itemListElement":[{"@type":"ListItem","position":1,"name":"Portada","item":"https:\/\/www.distribucionarc.com\/"},{"@type":"ListItem","position":2,"name":"\u00dcr\u00fcnler","item":"https:\/\/www.distribucionarc.com\/tr\/magaza\/"},{"@type":"ListItem","position":3,"name":"maquina cortadora chuletas de carne con hueso"}]},{"@type":"WebSite","@id":"https:\/\/www.distribucionarc.com\/sl\/#website","url":"https:\/\/www.distribucionarc.com\/sl\/","name":"R\u00e9partition de l&#039;ARC","description":"Entreprise sp\u00e9cialis\u00e9e dans la fabrication et la distribution de machines industrielles, scelleuses de bo\u00eetes, machines \u00e0 comprim\u00e9s, machines \u00e0 d\u00e9couper la viande...","publisher":{"@id":"https:\/\/www.distribucionarc.com\/sl\/#organization"},"potentialAction":[{"@type":"SearchAction","target":{"@type":"EntryPoint","urlTemplate":"https:\/\/www.distribucionarc.com\/sl\/?s={search_term_string}"},"query-input":{"@type":"PropertyValueSpecification","valueRequired":true,"valueName":"search_term_string"}}],"inLanguage":"fr-FR"},{"@type":"Organization","@id":"https:\/\/www.distribucionarc.com\/sl\/#organization","name":"Distribution ARC","url":"https:\/\/www.distribucionarc.com\/sl\/","logo":{"@type":"ImageObject","inLanguage":"fr-FR","@id":"https:\/\/www.distribucionarc.com\/sl\/#\/schema\/logo\/image\/","url":"https:\/\/distribucionarc.com\/wp-content\/uploads\/2024\/10\/distribucion-ARC-COLOR-SIN-FONDO-e1732295305345.png","contentUrl":"https:\/\/distribucionarc.com\/wp-content\/uploads\/2024\/10\/distribucion-ARC-COLOR-SIN-FONDO-e1732295305345.png","width":1164,"height":558,"caption":"Distribuci\u00f3n ARC"},"image":{"@id":"https:\/\/www.distribucionarc.com\/sl\/#\/schema\/logo\/image\/"},"description":"Entreprise sp\u00e9cialis\u00e9e dans la fabrication et la distribution de machines industrielles pour les secteurs alimentaire et pharmaceutique. Nous sommes sp\u00e9cialis\u00e9s dans : Machines \u00e0 couper la viande Fabrication de comprim\u00e9s Syst\u00e8mes de transport industriel Lignes d'embouteillage Machines de dosage Et bien plus encore... Nous proposons des solutions innovantes et personnalis\u00e9es pour optimiser les processus de production de votre entreprise.","email":"Admistracion@distribucionarc.com","telephone":"+34 643496664","legalName":"ARC TECH SOLUTIONS","foundingDate":"2024-04-09","vatID":"B55480172","numberOfEmployees":{"@type":"QuantitativeValue","minValue":"1","maxValue":"10"}}]}},"_links":{"self":[{"href":"https:\/\/distribucionarc.com\/fr\/wp-json\/wp\/v2\/product\/5787","targetHints":{"allow":["GET"]}}],"collection":[{"href":"https:\/\/distribucionarc.com\/fr\/wp-json\/wp\/v2\/product"}],"about":[{"href":"https:\/\/distribucionarc.com\/fr\/wp-json\/wp\/v2\/types\/product"}],"replies":[{"embeddable":true,"href":"https:\/\/distribucionarc.com\/fr\/wp-json\/wp\/v2\/comments?post=5787"}],"version-history":[{"count":0,"href":"https:\/\/distribucionarc.com\/fr\/wp-json\/wp\/v2\/product\/5787\/revisions"}],"wp:featuredmedia":[{"embeddable":true,"href":"https:\/\/distribucionarc.com\/fr\/wp-json\/wp\/v2\/media\/5790"}],"wp:attachment":[{"href":"https:\/\/distribucionarc.com\/fr\/wp-json\/wp\/v2\/media?parent=5787"}],"wp:term":[{"taxonomy":"product_brand","embeddable":true,"href":"https:\/\/distribucionarc.com\/fr\/wp-json\/wp\/v2\/product_brand?post=5787"},{"taxonomy":"product_cat","embeddable":true,"href":"https:\/\/distribucionarc.com\/fr\/wp-json\/wp\/v2\/product_cat?post=5787"},{"taxonomy":"product_tag","embeddable":true,"href":"https:\/\/distribucionarc.com\/fr\/wp-json\/wp\/v2\/product_tag?post=5787"}],"curies":[{"name":"wp","href":"https:\/\/api.w.org\/{rel}","templated":true}]}}