{"id":6274,"date":"2023-08-07T23:45:38","date_gmt":"2023-08-07T23:45:38","guid":{"rendered":"https:\/\/distribucionarc.com\/?post_type=product&#038;p=6274"},"modified":"2025-05-28T03:09:58","modified_gmt":"2025-05-28T01:09:58","slug":"etiqueteuse-industrielle-pour-bouteilles-et-carafes-de-5-litres","status":"publish","type":"product","link":"https:\/\/distribucionarc.com\/fr\/producto\/maquina-etiquetadora-industrial-para-botellas-y-garrafas-de-5-litros\/","title":{"rendered":"MACHINE D&#039;\u00c9TIQUETAGE INDUSTRIELLE POUR BOUTEILLES ET TRANSPORTEURS DE 5 LITRES"},"content":{"rendered":"<h2>Etiqueteuse industrielle pour bouteilles<\/h2>\n<p><strong>L&#039;\u00e9tiqueteuse lin\u00e9aire<\/strong> Il s&#039;agit d&#039;un \u00e9quipement industriel efficace et polyvalent con\u00e7u pour appliquer avec pr\u00e9cision et rapidit\u00e9 des \u00e9tiquettes autocollantes sur divers produits et emballages. Ses sp\u00e9cifications techniques sont optimis\u00e9es pour offrir des performances \u00e9lev\u00e9es et s\u2019adapter \u00e0 une large gamme de tailles d\u2019\u00e9tiquettes et de vitesses de production. Ce<strong> machine d&#039;\u00e9tiquetage lin\u00e9aire<\/strong> Il dispose d&#039;une capacit\u00e9 d&#039;\u00e9tiquetage impressionnante allant de 60 \u00e0 350 pi\u00e8ces par minute. Cette vitesse r\u00e9glable lui permet de s&#039;adapter aux diff\u00e9rentes lignes de production et aux besoins d&#039;\u00e9tiquetage.<\/p>\n<p><a href=\"https:\/\/distribucionarc.com\/wp-content\/uploads\/2023\/08\/etiquetadora-lineal-2-scaled.jpg\">\u00a0 \u00a0 \u00a0 \u00a0 \u00a0 \u00a0 \u00a0 \u00a0 \u00a0 \u00a0 \u00a0 \u00a0 \u00a0 \u00a0 \u00a0 \u00a0 \u00a0 \u00a0 \u00a0 \u00a0 \u00a0 \u00a0 \u00a0 \u00a0 \u00a0 \u00a0 \u00a0 \u00a0 \u00a0 \u00a0<img loading=\"lazy\" decoding=\"async\" class=\"alignnone size-medium wp-image-6276\" src=\"https:\/\/distribucionarc.com\/wp-content\/uploads\/2023\/08\/etiquetadora-lineal-2-300x200.jpg\" alt=\"\" width=\"300\" height=\"200\" srcset=\"https:\/\/distribucionarc.com\/wp-content\/uploads\/2023\/08\/etiquetadora-lineal-2-300x200.jpg 300w, https:\/\/distribucionarc.com\/wp-content\/uploads\/2023\/08\/etiquetadora-lineal-2-scaled-430x287.jpg 430w, https:\/\/distribucionarc.com\/wp-content\/uploads\/2023\/08\/etiquetadora-lineal-2-scaled-150x100.jpg 150w, https:\/\/distribucionarc.com\/wp-content\/uploads\/2023\/08\/etiquetadora-lineal-2-scaled-700x467.jpg 700w, https:\/\/distribucionarc.com\/wp-content\/uploads\/2023\/08\/etiquetadora-lineal-2-1024x683.jpg 1024w, https:\/\/distribucionarc.com\/wp-content\/uploads\/2023\/08\/etiquetadora-lineal-2-768x512.jpg 768w, https:\/\/distribucionarc.com\/wp-content\/uploads\/2023\/08\/etiquetadora-lineal-2-1536x1024.jpg 1536w, https:\/\/distribucionarc.com\/wp-content\/uploads\/2023\/08\/etiquetadora-lineal-2-2048x1365.jpg 2048w, https:\/\/distribucionarc.com\/wp-content\/uploads\/2023\/08\/etiquetadora-lineal-2-18x12.jpg 18w, https:\/\/distribucionarc.com\/wp-content\/uploads\/2023\/08\/etiquetadora-lineal-2-48x32.jpg 48w\" sizes=\"auto, (max-width: 300px) 100vw, 300px\" \/><\/a><\/p>\n<p>&nbsp;<\/p>\n<table>\n<tbody>\n<tr>\n<td width=\"283\">Taille de la machine<\/td>\n<td width=\"283\">L2800mm*L1650mm*H1500mm<\/td>\n<\/tr>\n<tr>\n<td width=\"283\">Tension<\/td>\n<td width=\"283\">110V\/220V 50HZ\/60HZ<\/td>\n<\/tr>\n<tr>\n<td width=\"283\">Vitesse d&#039;\u00e9tiquetage<\/td>\n<td width=\"283\">60-350 pi\u00e8ces\/min<\/td>\n<\/tr>\n<tr>\n<td width=\"283\">Hauteur de l&#039;objet d&#039;\u00e9tiquette<\/td>\n<td width=\"283\">30-350 mm<\/td>\n<\/tr>\n<tr>\n<td width=\"283\">\u00c9paisseur de l&#039;objet d&#039;\u00e9tiquette<\/td>\n<td width=\"283\">20-120 mm<\/td>\n<\/tr>\n<tr>\n<td width=\"283\">Hauteur de l&#039;\u00e9tiquette<\/td>\n<td width=\"283\">15-200 mm<\/td>\n<\/tr>\n<tr>\n<td width=\"283\">Longueur de l&#039;\u00e9tiquette<\/td>\n<td width=\"283\">25-300 mm<\/td>\n<\/tr>\n<tr>\n<td width=\"283\">Erreur d&#039;\u00e9tiquette<\/td>\n<td width=\"283\">\u00b11 mm<\/td>\n<\/tr>\n<tr>\n<td width=\"283\">Diam\u00e8tre int\u00e9rieur du rouleau d&#039;\u00e9tiquettes<\/td>\n<td width=\"283\">75 mm<\/td>\n<\/tr>\n<tr>\n<td width=\"283\">Diam\u00e8tre ext\u00e9rieur du rouleau d&#039;\u00e9tiquettes<\/td>\n<td width=\"283\">350 mm<\/td>\n<\/tr>\n<tr>\n<td width=\"283\">Alimentation en air<\/td>\n<td width=\"283\">5kg\/cm<sup>2<\/sup><\/td>\n<\/tr>\n<\/tbody>\n<\/table>\n<p>&nbsp;<\/p>\n<p>&nbsp;<\/p>","protected":false},"excerpt":{"rendered":"<p>En r\u00e9sum\u00e9, <strong>l&#039;\u00e9tiqueteuse lin\u00e9aire industrielle<\/strong> Il s\u2019agit d\u2019une solution technologique ing\u00e9nieuse qui a r\u00e9volutionn\u00e9 l\u2019industrie manufacturi\u00e8re, garantissant que les produits arrivent sur le march\u00e9 avec des \u00e9tiquettes autocollantes impeccables, renfor\u00e7ant la confiance des clients et am\u00e9liorant l\u2019image de marque.<\/p>","protected":false},"featured_media":6277,"comment_status":"open","ping_status":"closed","template":"","meta":{"wds_primary_product_brand":0,"wds_primary_product_cat":0},"product_brand":[],"product_cat":[266,44],"product_tag":[],"class_list":{"0":"post-6274","1":"product","2":"type-product","3":"status-publish","4":"has-post-thumbnail","6":"product_cat-accessories","7":"product_cat-etiquetadoras-de-botellas","8":"product_shipping_class-express","10":"first","11":"instock","12":"taxable","13":"shipping-taxable","14":"purchasable","15":"product-type-simple"},"yoast_head":"<!-- This site is optimized with the Yoast SEO Premium plugin v24.9 (Yoast SEO v26.1) - https:\/\/yoast.com\/wordpress\/plugins\/seo\/ -->\n<title>MAQUINA ETIQUETADORA INDUSTRIAL PARA BOTELLAS Y GARRAFAS DE 5 LITROS - distribuci\u00f3n ARC<\/title>\n<meta name=\"robots\" content=\"index, follow, max-snippet:-1, max-image-preview:large, max-video-preview:-1\" \/>\n<link rel=\"canonical\" href=\"https:\/\/www.distribucionarc.com\/ro\/producto\/maquina-etiquetadora-industrial-para-botellas-y-garrafas-de-5-litros\/\" \/>\n<meta property=\"og:locale\" content=\"fr_FR\" \/>\n<meta property=\"og:type\" content=\"article\" \/>\n<meta property=\"og:title\" content=\"MAQUINA ETIQUETADORA INDUSTRIAL PARA BOTELLAS Y GARRAFAS DE 5 LITROS\" \/>\n<meta property=\"og:description\" content=\"En resumen, la m\u00e1quina etiquetadora lineal industrial es una ingeniosa soluci\u00f3n tecnol\u00f3gica que ha revolucionado la industria manufacturera, asegurando que los productos lleguen al mercado con etiquetas autoadhesivas impecables, lo que fortalece la confianza del cliente y mejora la imagen de la marca.\" \/>\n<meta property=\"og:url\" content=\"https:\/\/www.distribucionarc.com\/ro\/producto\/maquina-etiquetadora-industrial-para-botellas-y-garrafas-de-5-litros\/\" \/>\n<meta property=\"og:site_name\" content=\"distribuci\u00f3n ARC\" \/>\n<meta property=\"article:modified_time\" content=\"2025-05-28T01:09:58+00:00\" \/>\n<meta property=\"og:image\" content=\"https:\/\/www.distribucionarc.com\/wp-content\/uploads\/2023\/08\/etiqueteadora-lineal-imagen-producto-scaled.jpg\" \/>\n\t<meta property=\"og:image:width\" content=\"2560\" \/>\n\t<meta property=\"og:image:height\" content=\"1707\" \/>\n\t<meta property=\"og:image:type\" content=\"image\/jpeg\" \/>\n<meta name=\"twitter:card\" content=\"summary_large_image\" \/>\n<meta name=\"twitter:label1\" content=\"Dur\u00e9e de lecture estim\u00e9e\" \/>\n\t<meta name=\"twitter:data1\" content=\"2 minutes\" \/>\n<script type=\"application\/ld+json\" class=\"yoast-schema-graph\">{\"@context\":\"https:\/\/schema.org\",\"@graph\":[{\"@type\":\"WebPage\",\"@id\":\"https:\/\/www.distribucionarc.com\/ro\/producto\/maquina-etiquetadora-industrial-para-botellas-y-garrafas-de-5-litros\/\",\"url\":\"https:\/\/www.distribucionarc.com\/ro\/producto\/maquina-etiquetadora-industrial-para-botellas-y-garrafas-de-5-litros\/\",\"name\":\"MAQUINA ETIQUETADORA INDUSTRIAL PARA BOTELLAS Y GARRAFAS DE 5 LITROS - distribuci\u00f3n ARC\",\"isPartOf\":{\"@id\":\"https:\/\/www.distribucionarc.com\/sl\/#website\"},\"primaryImageOfPage\":{\"@id\":\"https:\/\/www.distribucionarc.com\/ro\/producto\/maquina-etiquetadora-industrial-para-botellas-y-garrafas-de-5-litros\/#primaryimage\"},\"image\":{\"@id\":\"https:\/\/www.distribucionarc.com\/ro\/producto\/maquina-etiquetadora-industrial-para-botellas-y-garrafas-de-5-litros\/#primaryimage\"},\"thumbnailUrl\":\"https:\/\/distribucionarc.com\/wp-content\/uploads\/2023\/08\/etiqueteadora-lineal-imagen-producto-scaled.jpg\",\"datePublished\":\"2023-08-07T23:45:38+00:00\",\"dateModified\":\"2025-05-28T01:09:58+00:00\",\"breadcrumb\":{\"@id\":\"https:\/\/www.distribucionarc.com\/ro\/producto\/maquina-etiquetadora-industrial-para-botellas-y-garrafas-de-5-litros\/#breadcrumb\"},\"inLanguage\":\"fr-FR\",\"potentialAction\":[{\"@type\":\"ReadAction\",\"target\":[\"https:\/\/www.distribucionarc.com\/ro\/producto\/maquina-etiquetadora-industrial-para-botellas-y-garrafas-de-5-litros\/\"]}]},{\"@type\":\"ImageObject\",\"inLanguage\":\"fr-FR\",\"@id\":\"https:\/\/www.distribucionarc.com\/ro\/producto\/maquina-etiquetadora-industrial-para-botellas-y-garrafas-de-5-litros\/#primaryimage\",\"url\":\"https:\/\/distribucionarc.com\/wp-content\/uploads\/2023\/08\/etiqueteadora-lineal-imagen-producto-scaled.jpg\",\"contentUrl\":\"https:\/\/distribucionarc.com\/wp-content\/uploads\/2023\/08\/etiqueteadora-lineal-imagen-producto-scaled.jpg\",\"width\":2560,\"height\":1707},{\"@type\":\"BreadcrumbList\",\"@id\":\"https:\/\/www.distribucionarc.com\/ro\/producto\/maquina-etiquetadora-industrial-para-botellas-y-garrafas-de-5-litros\/#breadcrumb\",\"itemListElement\":[{\"@type\":\"ListItem\",\"position\":1,\"name\":\"Portada\",\"item\":\"https:\/\/www.distribucionarc.com\/\"},{\"@type\":\"ListItem\",\"position\":2,\"name\":\"\u00dcr\u00fcnler\",\"item\":\"https:\/\/www.distribucionarc.com\/tr\/magaza\/\"},{\"@type\":\"ListItem\",\"position\":3,\"name\":\"MAQUINA ETIQUETADORA INDUSTRIAL PARA BOTELLAS Y GARRAFAS DE 5 LITROS\"}]},{\"@type\":\"WebSite\",\"@id\":\"https:\/\/www.distribucionarc.com\/sl\/#website\",\"url\":\"https:\/\/www.distribucionarc.com\/sl\/\",\"name\":\"distribuci\u00f3n ARC\",\"description\":\"Empresa especializada en la fabricaci\u00f3n y distribuci\u00f3n de maquinaria industrial, selladoras de latas, Maquinas de hacer pastillas, Maquinas de cortar carne...\",\"publisher\":{\"@id\":\"https:\/\/www.distribucionarc.com\/sl\/#organization\"},\"potentialAction\":[{\"@type\":\"SearchAction\",\"target\":{\"@type\":\"EntryPoint\",\"urlTemplate\":\"https:\/\/www.distribucionarc.com\/sl\/?s={search_term_string}\"},\"query-input\":{\"@type\":\"PropertyValueSpecification\",\"valueRequired\":true,\"valueName\":\"search_term_string\"}}],\"inLanguage\":\"fr-FR\"},{\"@type\":\"Organization\",\"@id\":\"https:\/\/www.distribucionarc.com\/sl\/#organization\",\"name\":\"Distribuci\u00f3n ARC\",\"url\":\"https:\/\/www.distribucionarc.com\/sl\/\",\"logo\":{\"@type\":\"ImageObject\",\"inLanguage\":\"fr-FR\",\"@id\":\"https:\/\/www.distribucionarc.com\/sl\/#\/schema\/logo\/image\/\",\"url\":\"https:\/\/distribucionarc.com\/wp-content\/uploads\/2024\/10\/distribucion-ARC-COLOR-SIN-FONDO-e1732295305345.png\",\"contentUrl\":\"https:\/\/distribucionarc.com\/wp-content\/uploads\/2024\/10\/distribucion-ARC-COLOR-SIN-FONDO-e1732295305345.png\",\"width\":1164,\"height\":558,\"caption\":\"Distribuci\u00f3n ARC\"},\"image\":{\"@id\":\"https:\/\/www.distribucionarc.com\/sl\/#\/schema\/logo\/image\/\"},\"description\":\"Empresa especializada en la fabricaci\u00f3n y distribuci\u00f3n de maquinaria industrial para los sectores alimentario y farmac\u00e9utico. Nos especializamos en: M\u00e1quinas de cortar carne Fabricaci\u00f3n de comprimidos Sistemas de transporte industrial L\u00edneas de embotellado Dosificadores Y mucho m\u00e1s... Ofrecemos soluciones innovadoras y personalizadas para optimizar los procesos productivos de tu empresa.\",\"email\":\"Admistracion@distribucionarc.com\",\"telephone\":\"+34 643496664\",\"legalName\":\"ARC TECH SOLUTIONS\",\"foundingDate\":\"2024-04-09\",\"vatID\":\"B55480172\",\"numberOfEmployees\":{\"@type\":\"QuantitativeValue\",\"minValue\":\"1\",\"maxValue\":\"10\"}}]}<\/script>\n<!-- \/ Yoast SEO Premium plugin. -->","yoast_head_json":{"title":"\u00c9TIQUETTEUSE INDUSTRIELLE POUR BOUTEILLES ET CARABINES DE 5 LITRES - ARC distribution","robots":{"index":"index","follow":"follow","max-snippet":"max-snippet:-1","max-image-preview":"max-image-preview:large","max-video-preview":"max-video-preview:-1"},"canonical":"https:\/\/www.distribucionarc.com\/ro\/producto\/maquina-etiquetadora-industrial-para-botellas-y-garrafas-de-5-litros\/","og_locale":"fr_FR","og_type":"article","og_title":"MAQUINA ETIQUETADORA INDUSTRIAL PARA BOTELLAS Y GARRAFAS DE 5 LITROS","og_description":"En resumen, la m\u00e1quina etiquetadora lineal industrial es una ingeniosa soluci\u00f3n tecnol\u00f3gica que ha revolucionado la industria manufacturera, asegurando que los productos lleguen al mercado con etiquetas autoadhesivas impecables, lo que fortalece la confianza del cliente y mejora la imagen de la marca.","og_url":"https:\/\/www.distribucionarc.com\/ro\/producto\/maquina-etiquetadora-industrial-para-botellas-y-garrafas-de-5-litros\/","og_site_name":"distribuci\u00f3n ARC","article_modified_time":"2025-05-28T01:09:58+00:00","og_image":[{"width":2560,"height":1707,"url":"https:\/\/www.distribucionarc.com\/wp-content\/uploads\/2023\/08\/etiqueteadora-lineal-imagen-producto-scaled.jpg","type":"image\/jpeg"}],"twitter_card":"summary_large_image","twitter_misc":{"Dur\u00e9e de lecture estim\u00e9e":"2 minutes"},"schema":{"@context":"https:\/\/schema.org","@graph":[{"@type":"WebPage","@id":"https:\/\/www.distribucionarc.com\/ro\/producto\/maquina-etiquetadora-industrial-para-botellas-y-garrafas-de-5-litros\/","url":"https:\/\/www.distribucionarc.com\/ro\/producto\/maquina-etiquetadora-industrial-para-botellas-y-garrafas-de-5-litros\/","name":"\u00c9TIQUETTEUSE INDUSTRIELLE POUR BOUTEILLES ET CARABINES DE 5 LITRES - ARC distribution","isPartOf":{"@id":"https:\/\/www.distribucionarc.com\/sl\/#website"},"primaryImageOfPage":{"@id":"https:\/\/www.distribucionarc.com\/ro\/producto\/maquina-etiquetadora-industrial-para-botellas-y-garrafas-de-5-litros\/#primaryimage"},"image":{"@id":"https:\/\/www.distribucionarc.com\/ro\/producto\/maquina-etiquetadora-industrial-para-botellas-y-garrafas-de-5-litros\/#primaryimage"},"thumbnailUrl":"https:\/\/distribucionarc.com\/wp-content\/uploads\/2023\/08\/etiqueteadora-lineal-imagen-producto-scaled.jpg","datePublished":"2023-08-07T23:45:38+00:00","dateModified":"2025-05-28T01:09:58+00:00","breadcrumb":{"@id":"https:\/\/www.distribucionarc.com\/ro\/producto\/maquina-etiquetadora-industrial-para-botellas-y-garrafas-de-5-litros\/#breadcrumb"},"inLanguage":"fr-FR","potentialAction":[{"@type":"ReadAction","target":["https:\/\/www.distribucionarc.com\/ro\/producto\/maquina-etiquetadora-industrial-para-botellas-y-garrafas-de-5-litros\/"]}]},{"@type":"ImageObject","inLanguage":"fr-FR","@id":"https:\/\/www.distribucionarc.com\/ro\/producto\/maquina-etiquetadora-industrial-para-botellas-y-garrafas-de-5-litros\/#primaryimage","url":"https:\/\/distribucionarc.com\/wp-content\/uploads\/2023\/08\/etiqueteadora-lineal-imagen-producto-scaled.jpg","contentUrl":"https:\/\/distribucionarc.com\/wp-content\/uploads\/2023\/08\/etiqueteadora-lineal-imagen-producto-scaled.jpg","width":2560,"height":1707},{"@type":"BreadcrumbList","@id":"https:\/\/www.distribucionarc.com\/ro\/producto\/maquina-etiquetadora-industrial-para-botellas-y-garrafas-de-5-litros\/#breadcrumb","itemListElement":[{"@type":"ListItem","position":1,"name":"Portada","item":"https:\/\/www.distribucionarc.com\/"},{"@type":"ListItem","position":2,"name":"\u00dcr\u00fcnler","item":"https:\/\/www.distribucionarc.com\/tr\/magaza\/"},{"@type":"ListItem","position":3,"name":"MAQUINA ETIQUETADORA INDUSTRIAL PARA BOTELLAS Y GARRAFAS DE 5 LITROS"}]},{"@type":"WebSite","@id":"https:\/\/www.distribucionarc.com\/sl\/#website","url":"https:\/\/www.distribucionarc.com\/sl\/","name":"R\u00e9partition de l&#039;ARC","description":"Entreprise sp\u00e9cialis\u00e9e dans la fabrication et la distribution de machines industrielles, scelleuses de bo\u00eetes, machines \u00e0 comprim\u00e9s, machines \u00e0 d\u00e9couper la viande...","publisher":{"@id":"https:\/\/www.distribucionarc.com\/sl\/#organization"},"potentialAction":[{"@type":"SearchAction","target":{"@type":"EntryPoint","urlTemplate":"https:\/\/www.distribucionarc.com\/sl\/?s={search_term_string}"},"query-input":{"@type":"PropertyValueSpecification","valueRequired":true,"valueName":"search_term_string"}}],"inLanguage":"fr-FR"},{"@type":"Organization","@id":"https:\/\/www.distribucionarc.com\/sl\/#organization","name":"Distribution ARC","url":"https:\/\/www.distribucionarc.com\/sl\/","logo":{"@type":"ImageObject","inLanguage":"fr-FR","@id":"https:\/\/www.distribucionarc.com\/sl\/#\/schema\/logo\/image\/","url":"https:\/\/distribucionarc.com\/wp-content\/uploads\/2024\/10\/distribucion-ARC-COLOR-SIN-FONDO-e1732295305345.png","contentUrl":"https:\/\/distribucionarc.com\/wp-content\/uploads\/2024\/10\/distribucion-ARC-COLOR-SIN-FONDO-e1732295305345.png","width":1164,"height":558,"caption":"Distribuci\u00f3n ARC"},"image":{"@id":"https:\/\/www.distribucionarc.com\/sl\/#\/schema\/logo\/image\/"},"description":"Entreprise sp\u00e9cialis\u00e9e dans la fabrication et la distribution de machines industrielles pour les secteurs alimentaire et pharmaceutique. Nous sommes sp\u00e9cialis\u00e9s dans : Machines \u00e0 couper la viande Fabrication de comprim\u00e9s Syst\u00e8mes de transport industriel Lignes d'embouteillage Machines de dosage Et bien plus encore... Nous proposons des solutions innovantes et personnalis\u00e9es pour optimiser les processus de production de votre entreprise.","email":"Admistracion@distribucionarc.com","telephone":"+34 643496664","legalName":"ARC TECH SOLUTIONS","foundingDate":"2024-04-09","vatID":"B55480172","numberOfEmployees":{"@type":"QuantitativeValue","minValue":"1","maxValue":"10"}}]}},"_links":{"self":[{"href":"https:\/\/distribucionarc.com\/fr\/wp-json\/wp\/v2\/product\/6274","targetHints":{"allow":["GET"]}}],"collection":[{"href":"https:\/\/distribucionarc.com\/fr\/wp-json\/wp\/v2\/product"}],"about":[{"href":"https:\/\/distribucionarc.com\/fr\/wp-json\/wp\/v2\/types\/product"}],"replies":[{"embeddable":true,"href":"https:\/\/distribucionarc.com\/fr\/wp-json\/wp\/v2\/comments?post=6274"}],"version-history":[{"count":2,"href":"https:\/\/distribucionarc.com\/fr\/wp-json\/wp\/v2\/product\/6274\/revisions"}],"predecessor-version":[{"id":17610,"href":"https:\/\/distribucionarc.com\/fr\/wp-json\/wp\/v2\/product\/6274\/revisions\/17610"}],"wp:featuredmedia":[{"embeddable":true,"href":"https:\/\/distribucionarc.com\/fr\/wp-json\/wp\/v2\/media\/6277"}],"wp:attachment":[{"href":"https:\/\/distribucionarc.com\/fr\/wp-json\/wp\/v2\/media?parent=6274"}],"wp:term":[{"taxonomy":"product_brand","embeddable":true,"href":"https:\/\/distribucionarc.com\/fr\/wp-json\/wp\/v2\/product_brand?post=6274"},{"taxonomy":"product_cat","embeddable":true,"href":"https:\/\/distribucionarc.com\/fr\/wp-json\/wp\/v2\/product_cat?post=6274"},{"taxonomy":"product_tag","embeddable":true,"href":"https:\/\/distribucionarc.com\/fr\/wp-json\/wp\/v2\/product_tag?post=6274"}],"curies":[{"name":"wp","href":"https:\/\/api.w.org\/{rel}","templated":true}]}}