{"id":6649,"date":"2024-04-24T18:12:18","date_gmt":"2024-04-24T18:12:18","guid":{"rendered":"https:\/\/distribucionarc.com\/?post_type=product&#038;p=6649"},"modified":"2024-04-24T18:12:20","modified_gmt":"2024-04-24T18:12:20","slug":"zarp-17b-machine-a-sucer-des-comprimes-pour-lamelioration-nutritionnelle","status":"publish","type":"product","link":"https:\/\/distribucionarc.com\/fr\/producto\/maquina-zarp-17b-para-tabletas-de-comprimidos-para-chupar-de-enrequicimiento-nutricional\/","title":{"rendered":"MACHINE ZARP-17B POUR COMPRIM\u00c9S \u00c0 SUCER D&#039;ENTR\u00c9E NUTRITIONNELLE"},"content":{"rendered":"<p>Pr\u00e9sentation du ZARP17B, un<strong> machine de pointe con\u00e7ue pour la production de comprim\u00e9s \u00e0 pastilles d&#039;enrichissement nutritionnel.<\/strong> Avec la possibilit\u00e9 d&#039;inclure des tablettes <strong>double couche,<\/strong> Cette machine offre une qualit\u00e9 exceptionnelle et une grande vari\u00e9t\u00e9 de formes, offrant une polyvalence in\u00e9gal\u00e9e pour diverses applications. De plus, il dispose d&#039;une fonction d&#039;arr\u00eat automatique en cas de surpression, garantissant la s\u00e9curit\u00e9 et les performances optimales de l&#039;\u00e9quipement.<\/p>\n<p>&nbsp;<\/p>\n<table>\n<tbody>\n<tr>\n<td width=\"283\">Mod\u00e8le<\/td>\n<td width=\"283\">ZARP-17B<\/td>\n<\/tr>\n<tr>\n<td width=\"283\">Matrices de poin\u00e7onnage<\/td>\n<td width=\"283\">17<\/td>\n<\/tr>\n<tr>\n<td width=\"283\">Pression maximale (kn)<\/td>\n<td width=\"283\">100<\/td>\n<\/tr>\n<tr>\n<td width=\"283\">Diam\u00e8tre maximum de la tablette (mm)<\/td>\n<td width=\"283\">35<\/td>\n<\/tr>\n<tr>\n<td width=\"283\">Profondeur de remplissage maximale (mm)<\/td>\n<td width=\"283\">25<\/td>\n<\/tr>\n<tr>\n<td width=\"283\">\u00c9paisseur maximale du comprim\u00e9 (mm)<\/td>\n<td width=\"283\">12<\/td>\n<\/tr>\n<tr>\n<td width=\"283\">Vitesse de la tourelle (r-min)<\/td>\n<td width=\"283\">10-30<\/td>\n<\/tr>\n<tr>\n<td width=\"283\">Capacit\u00e9 de production (pi\u00e8ces\/h)<\/td>\n<td width=\"283\">30600<\/td>\n<\/tr>\n<tr>\n<td width=\"283\">Puissance du moteur (kw)<\/td>\n<td width=\"283\">7.5<\/td>\n<\/tr>\n<tr>\n<td width=\"283\">Taille globale (mm)<\/td>\n<td width=\"283\">900*<\/p>\n<p>800*<\/p>\n<p>1640*<\/td>\n<\/tr>\n<tr>\n<td width=\"283\">Poids net kg<\/td>\n<td width=\"283\">1500<\/td>\n<\/tr>\n<\/tbody>\n<\/table>","protected":false},"excerpt":{"rendered":"<p>Pr\u00e9sentation du ZARP17B, une machine de pointe con\u00e7ue pour la production de comprim\u00e9s d&#039;enrichissement.<\/p>","protected":false},"featured_media":6657,"comment_status":"open","ping_status":"closed","template":"","meta":{"wds_primary_product_brand":0,"wds_primary_product_cat":0},"product_brand":[],"product_cat":[84],"product_tag":[],"class_list":{"0":"post-6649","1":"product","2":"type-product","3":"status-publish","4":"has-post-thumbnail","6":"product_cat-maquinas-para-hacer-pastillas","8":"first","9":"instock","10":"taxable","11":"shipping-taxable","12":"purchasable","13":"product-type-simple"},"yoast_head":"<!-- This site is optimized with the Yoast SEO Premium plugin v24.9 (Yoast SEO v26.1) - https:\/\/yoast.com\/wordpress\/plugins\/seo\/ -->\n<title>MAQUINA ZARP-17B PARA TABLETAS DE COMPRIMIDOS PARA CHUPAR DE ENREQUICIMIENTO NUTRICIONAL - distribuci\u00f3n ARC<\/title>\n<meta name=\"robots\" content=\"index, follow, max-snippet:-1, max-image-preview:large, max-video-preview:-1\" \/>\n<link rel=\"canonical\" href=\"https:\/\/distribucionarc.com\/fr\/produit\/zarp-17b-machine-a-sucer-des-comprimes-pour-lamelioration-nutritionnelle\/\" \/>\n<meta property=\"og:locale\" content=\"fr_FR\" \/>\n<meta property=\"og:type\" content=\"article\" \/>\n<meta property=\"og:title\" content=\"MAQUINA ZARP-17B PARA TABLETAS DE COMPRIMIDOS PARA CHUPAR DE ENREQUICIMIENTO NUTRICIONAL\" \/>\n<meta property=\"og:description\" content=\"Presentamos la ZARP17B, una m\u00e1quina de \u00faltima generaci\u00f3n dise\u00f1ada para la producci\u00f3n de tabletas de comprimidos para chupar de enriquecimiento\" \/>\n<meta property=\"og:url\" content=\"https:\/\/distribucionarc.com\/fr\/produit\/zarp-17b-machine-a-sucer-des-comprimes-pour-lamelioration-nutritionnelle\/\" \/>\n<meta property=\"og:site_name\" content=\"distribuci\u00f3n ARC\" \/>\n<meta property=\"article:modified_time\" content=\"2024-04-24T18:12:20+00:00\" \/>\n<meta property=\"og:image\" content=\"https:\/\/distribucionarc.com\/wp-content\/uploads\/2024\/04\/MAQUINA-ZARP-17B-PARA-TABLETAS-DE-COMPRIMIDOS-PARA-CHUPAR-DE-ENREQUICIMIENTO-NUTRICIONAL.jpg\" \/>\n\t<meta property=\"og:image:width\" content=\"680\" \/>\n\t<meta property=\"og:image:height\" content=\"960\" \/>\n\t<meta property=\"og:image:type\" content=\"image\/jpeg\" \/>\n<meta name=\"twitter:card\" content=\"summary_large_image\" \/>\n<meta name=\"twitter:label1\" content=\"Dur\u00e9e de lecture estim\u00e9e\" \/>\n\t<meta name=\"twitter:data1\" content=\"1 minute\" \/>\n<script type=\"application\/ld+json\" class=\"yoast-schema-graph\">{\"@context\":\"https:\/\/schema.org\",\"@graph\":[{\"@type\":\"WebPage\",\"@id\":\"https:\/\/distribucionarc.com\/fr\/producto\/maquina-zarp-17b-para-tabletas-de-comprimidos-para-chupar-de-enrequicimiento-nutricional\/\",\"url\":\"https:\/\/distribucionarc.com\/fr\/producto\/maquina-zarp-17b-para-tabletas-de-comprimidos-para-chupar-de-enrequicimiento-nutricional\/\",\"name\":\"MAQUINA ZARP-17B PARA TABLETAS DE COMPRIMIDOS PARA CHUPAR DE ENREQUICIMIENTO NUTRICIONAL - distribuci\u00f3n ARC\",\"isPartOf\":{\"@id\":\"https:\/\/www.distribucionarc.com\/tr\/#website\"},\"primaryImageOfPage\":{\"@id\":\"https:\/\/distribucionarc.com\/fr\/producto\/maquina-zarp-17b-para-tabletas-de-comprimidos-para-chupar-de-enrequicimiento-nutricional\/#primaryimage\"},\"image\":{\"@id\":\"https:\/\/distribucionarc.com\/fr\/producto\/maquina-zarp-17b-para-tabletas-de-comprimidos-para-chupar-de-enrequicimiento-nutricional\/#primaryimage\"},\"thumbnailUrl\":\"https:\/\/distribucionarc.com\/wp-content\/uploads\/2024\/04\/MAQUINA-ZARP-17B-PARA-TABLETAS-DE-COMPRIMIDOS-PARA-CHUPAR-DE-ENREQUICIMIENTO-NUTRICIONAL.jpg\",\"datePublished\":\"2024-04-24T18:12:18+00:00\",\"dateModified\":\"2024-04-24T18:12:20+00:00\",\"breadcrumb\":{\"@id\":\"https:\/\/distribucionarc.com\/fr\/producto\/maquina-zarp-17b-para-tabletas-de-comprimidos-para-chupar-de-enrequicimiento-nutricional\/#breadcrumb\"},\"inLanguage\":\"fr-FR\",\"potentialAction\":[{\"@type\":\"ReadAction\",\"target\":[\"https:\/\/distribucionarc.com\/fr\/producto\/maquina-zarp-17b-para-tabletas-de-comprimidos-para-chupar-de-enrequicimiento-nutricional\/\"]}]},{\"@type\":\"ImageObject\",\"inLanguage\":\"fr-FR\",\"@id\":\"https:\/\/distribucionarc.com\/fr\/producto\/maquina-zarp-17b-para-tabletas-de-comprimidos-para-chupar-de-enrequicimiento-nutricional\/#primaryimage\",\"url\":\"https:\/\/distribucionarc.com\/wp-content\/uploads\/2024\/04\/MAQUINA-ZARP-17B-PARA-TABLETAS-DE-COMPRIMIDOS-PARA-CHUPAR-DE-ENREQUICIMIENTO-NUTRICIONAL.jpg\",\"contentUrl\":\"https:\/\/distribucionarc.com\/wp-content\/uploads\/2024\/04\/MAQUINA-ZARP-17B-PARA-TABLETAS-DE-COMPRIMIDOS-PARA-CHUPAR-DE-ENREQUICIMIENTO-NUTRICIONAL.jpg\",\"width\":680,\"height\":960,\"caption\":\"#image_title\"},{\"@type\":\"BreadcrumbList\",\"@id\":\"https:\/\/distribucionarc.com\/fr\/producto\/maquina-zarp-17b-para-tabletas-de-comprimidos-para-chupar-de-enrequicimiento-nutricional\/#breadcrumb\",\"itemListElement\":[{\"@type\":\"ListItem\",\"position\":1,\"name\":\"Portada\",\"item\":\"https:\/\/www.distribucionarc.com\/tr\/\"},{\"@type\":\"ListItem\",\"position\":2,\"name\":\"Produktai\",\"item\":\"https:\/\/distribucionarc.com\/lt\/parduotuve\/\"},{\"@type\":\"ListItem\",\"position\":3,\"name\":\"MAQUINA ZARP-17B PARA TABLETAS DE COMPRIMIDOS PARA CHUPAR DE ENREQUICIMIENTO NUTRICIONAL\"}]},{\"@type\":\"WebSite\",\"@id\":\"https:\/\/www.distribucionarc.com\/tr\/#website\",\"url\":\"https:\/\/www.distribucionarc.com\/tr\/\",\"name\":\"distribuci\u00f3n ARC\",\"description\":\"Empresa especializada en la fabricaci\u00f3n y distribuci\u00f3n de maquinaria industrial, selladoras de latas, Maquinas de hacer pastillas, Maquinas de cortar carne...\",\"publisher\":{\"@id\":\"https:\/\/www.distribucionarc.com\/tr\/#organization\"},\"potentialAction\":[{\"@type\":\"SearchAction\",\"target\":{\"@type\":\"EntryPoint\",\"urlTemplate\":\"https:\/\/www.distribucionarc.com\/tr\/?s={search_term_string}\"},\"query-input\":{\"@type\":\"PropertyValueSpecification\",\"valueRequired\":true,\"valueName\":\"search_term_string\"}}],\"inLanguage\":\"fr-FR\"},{\"@type\":\"Organization\",\"@id\":\"https:\/\/www.distribucionarc.com\/tr\/#organization\",\"name\":\"Distribuci\u00f3n ARC\",\"url\":\"https:\/\/www.distribucionarc.com\/tr\/\",\"logo\":{\"@type\":\"ImageObject\",\"inLanguage\":\"fr-FR\",\"@id\":\"https:\/\/www.distribucionarc.com\/tr\/#\/schema\/logo\/image\/\",\"url\":\"https:\/\/distribucionarc.com\/wp-content\/uploads\/2024\/10\/distribucion-ARC-COLOR-SIN-FONDO-e1732295305345.png\",\"contentUrl\":\"https:\/\/distribucionarc.com\/wp-content\/uploads\/2024\/10\/distribucion-ARC-COLOR-SIN-FONDO-e1732295305345.png\",\"width\":1164,\"height\":558,\"caption\":\"Distribuci\u00f3n ARC\"},\"image\":{\"@id\":\"https:\/\/www.distribucionarc.com\/tr\/#\/schema\/logo\/image\/\"},\"description\":\"Empresa especializada en la fabricaci\u00f3n y distribuci\u00f3n de maquinaria industrial para los sectores alimentario y farmac\u00e9utico. Nos especializamos en: M\u00e1quinas de cortar carne Fabricaci\u00f3n de comprimidos Sistemas de transporte industrial L\u00edneas de embotellado Dosificadores Y mucho m\u00e1s... Ofrecemos soluciones innovadoras y personalizadas para optimizar los procesos productivos de tu empresa.\",\"email\":\"Admistracion@distribucionarc.com\",\"telephone\":\"+34 643496664\",\"legalName\":\"ARC TECH SOLUTIONS\",\"foundingDate\":\"2024-04-09\",\"vatID\":\"B55480172\",\"numberOfEmployees\":{\"@type\":\"QuantitativeValue\",\"minValue\":\"1\",\"maxValue\":\"10\"}}]}<\/script>\n<!-- \/ Yoast SEO Premium plugin. -->","yoast_head_json":{"title":"MACHINE ZARP-17B POUR COMPRIMES \u00c0 SUCER D&#039;ENTR\u00c9E NUTRITIONNELLE - ARC distribution","robots":{"index":"index","follow":"follow","max-snippet":"max-snippet:-1","max-image-preview":"max-image-preview:large","max-video-preview":"max-video-preview:-1"},"canonical":"https:\/\/distribucionarc.com\/fr\/produit\/zarp-17b-machine-a-sucer-des-comprimes-pour-lamelioration-nutritionnelle\/","og_locale":"fr_FR","og_type":"article","og_title":"MAQUINA ZARP-17B PARA TABLETAS DE COMPRIMIDOS PARA CHUPAR DE ENREQUICIMIENTO NUTRICIONAL","og_description":"Presentamos la ZARP17B, una m\u00e1quina de \u00faltima generaci\u00f3n dise\u00f1ada para la producci\u00f3n de tabletas de comprimidos para chupar de enriquecimiento","og_url":"https:\/\/distribucionarc.com\/fr\/produit\/zarp-17b-machine-a-sucer-des-comprimes-pour-lamelioration-nutritionnelle\/","og_site_name":"distribuci\u00f3n ARC","article_modified_time":"2024-04-24T18:12:20+00:00","og_image":[{"width":680,"height":960,"url":"https:\/\/distribucionarc.com\/wp-content\/uploads\/2024\/04\/MAQUINA-ZARP-17B-PARA-TABLETAS-DE-COMPRIMIDOS-PARA-CHUPAR-DE-ENREQUICIMIENTO-NUTRICIONAL.jpg","type":"image\/jpeg"}],"twitter_card":"summary_large_image","twitter_misc":{"Dur\u00e9e de lecture estim\u00e9e":"1 minute"},"schema":{"@context":"https:\/\/schema.org","@graph":[{"@type":"WebPage","@id":"https:\/\/distribucionarc.com\/fr\/producto\/maquina-zarp-17b-para-tabletas-de-comprimidos-para-chupar-de-enrequicimiento-nutricional\/","url":"https:\/\/distribucionarc.com\/fr\/producto\/maquina-zarp-17b-para-tabletas-de-comprimidos-para-chupar-de-enrequicimiento-nutricional\/","name":"MACHINE ZARP-17B POUR COMPRIMES \u00c0 SUCER D&#039;ENTR\u00c9E NUTRITIONNELLE - ARC distribution","isPartOf":{"@id":"https:\/\/www.distribucionarc.com\/tr\/#website"},"primaryImageOfPage":{"@id":"https:\/\/distribucionarc.com\/fr\/producto\/maquina-zarp-17b-para-tabletas-de-comprimidos-para-chupar-de-enrequicimiento-nutricional\/#primaryimage"},"image":{"@id":"https:\/\/distribucionarc.com\/fr\/producto\/maquina-zarp-17b-para-tabletas-de-comprimidos-para-chupar-de-enrequicimiento-nutricional\/#primaryimage"},"thumbnailUrl":"https:\/\/distribucionarc.com\/wp-content\/uploads\/2024\/04\/MAQUINA-ZARP-17B-PARA-TABLETAS-DE-COMPRIMIDOS-PARA-CHUPAR-DE-ENREQUICIMIENTO-NUTRICIONAL.jpg","datePublished":"2024-04-24T18:12:18+00:00","dateModified":"2024-04-24T18:12:20+00:00","breadcrumb":{"@id":"https:\/\/distribucionarc.com\/fr\/producto\/maquina-zarp-17b-para-tabletas-de-comprimidos-para-chupar-de-enrequicimiento-nutricional\/#breadcrumb"},"inLanguage":"fr-FR","potentialAction":[{"@type":"ReadAction","target":["https:\/\/distribucionarc.com\/fr\/producto\/maquina-zarp-17b-para-tabletas-de-comprimidos-para-chupar-de-enrequicimiento-nutricional\/"]}]},{"@type":"ImageObject","inLanguage":"fr-FR","@id":"https:\/\/distribucionarc.com\/fr\/producto\/maquina-zarp-17b-para-tabletas-de-comprimidos-para-chupar-de-enrequicimiento-nutricional\/#primaryimage","url":"https:\/\/distribucionarc.com\/wp-content\/uploads\/2024\/04\/MAQUINA-ZARP-17B-PARA-TABLETAS-DE-COMPRIMIDOS-PARA-CHUPAR-DE-ENREQUICIMIENTO-NUTRICIONAL.jpg","contentUrl":"https:\/\/distribucionarc.com\/wp-content\/uploads\/2024\/04\/MAQUINA-ZARP-17B-PARA-TABLETAS-DE-COMPRIMIDOS-PARA-CHUPAR-DE-ENREQUICIMIENTO-NUTRICIONAL.jpg","width":680,"height":960,"caption":"#image_title"},{"@type":"BreadcrumbList","@id":"https:\/\/distribucionarc.com\/fr\/producto\/maquina-zarp-17b-para-tabletas-de-comprimidos-para-chupar-de-enrequicimiento-nutricional\/#breadcrumb","itemListElement":[{"@type":"ListItem","position":1,"name":"Portada","item":"https:\/\/www.distribucionarc.com\/tr\/"},{"@type":"ListItem","position":2,"name":"Produktai","item":"https:\/\/distribucionarc.com\/lt\/parduotuve\/"},{"@type":"ListItem","position":3,"name":"MAQUINA ZARP-17B PARA TABLETAS DE COMPRIMIDOS PARA CHUPAR DE ENREQUICIMIENTO NUTRICIONAL"}]},{"@type":"WebSite","@id":"https:\/\/www.distribucionarc.com\/tr\/#website","url":"https:\/\/www.distribucionarc.com\/tr\/","name":"R\u00e9partition de l&#039;ARC","description":"Entreprise sp\u00e9cialis\u00e9e dans la fabrication et la distribution de machines industrielles, scelleuses de bo\u00eetes, machines \u00e0 comprim\u00e9s, machines \u00e0 d\u00e9couper la viande...","publisher":{"@id":"https:\/\/www.distribucionarc.com\/tr\/#organization"},"potentialAction":[{"@type":"SearchAction","target":{"@type":"EntryPoint","urlTemplate":"https:\/\/www.distribucionarc.com\/tr\/?s={search_term_string}"},"query-input":{"@type":"PropertyValueSpecification","valueRequired":true,"valueName":"search_term_string"}}],"inLanguage":"fr-FR"},{"@type":"Organization","@id":"https:\/\/www.distribucionarc.com\/tr\/#organization","name":"Distribution ARC","url":"https:\/\/www.distribucionarc.com\/tr\/","logo":{"@type":"ImageObject","inLanguage":"fr-FR","@id":"https:\/\/www.distribucionarc.com\/tr\/#\/schema\/logo\/image\/","url":"https:\/\/distribucionarc.com\/wp-content\/uploads\/2024\/10\/distribucion-ARC-COLOR-SIN-FONDO-e1732295305345.png","contentUrl":"https:\/\/distribucionarc.com\/wp-content\/uploads\/2024\/10\/distribucion-ARC-COLOR-SIN-FONDO-e1732295305345.png","width":1164,"height":558,"caption":"Distribuci\u00f3n ARC"},"image":{"@id":"https:\/\/www.distribucionarc.com\/tr\/#\/schema\/logo\/image\/"},"description":"Entreprise sp\u00e9cialis\u00e9e dans la fabrication et la distribution de machines industrielles pour les secteurs alimentaire et pharmaceutique. Nous sommes sp\u00e9cialis\u00e9s dans : Machines \u00e0 couper la viande Fabrication de comprim\u00e9s Syst\u00e8mes de transport industriel Lignes d'embouteillage Machines de dosage Et bien plus encore... Nous proposons des solutions innovantes et personnalis\u00e9es pour optimiser les processus de production de votre entreprise.","email":"Admistracion@distribucionarc.com","telephone":"+34 643496664","legalName":"ARC TECH SOLUTIONS","foundingDate":"2024-04-09","vatID":"B55480172","numberOfEmployees":{"@type":"QuantitativeValue","minValue":"1","maxValue":"10"}}]}},"_links":{"self":[{"href":"https:\/\/distribucionarc.com\/fr\/wp-json\/wp\/v2\/product\/6649","targetHints":{"allow":["GET"]}}],"collection":[{"href":"https:\/\/distribucionarc.com\/fr\/wp-json\/wp\/v2\/product"}],"about":[{"href":"https:\/\/distribucionarc.com\/fr\/wp-json\/wp\/v2\/types\/product"}],"replies":[{"embeddable":true,"href":"https:\/\/distribucionarc.com\/fr\/wp-json\/wp\/v2\/comments?post=6649"}],"version-history":[{"count":0,"href":"https:\/\/distribucionarc.com\/fr\/wp-json\/wp\/v2\/product\/6649\/revisions"}],"wp:featuredmedia":[{"embeddable":true,"href":"https:\/\/distribucionarc.com\/fr\/wp-json\/wp\/v2\/media\/6657"}],"wp:attachment":[{"href":"https:\/\/distribucionarc.com\/fr\/wp-json\/wp\/v2\/media?parent=6649"}],"wp:term":[{"taxonomy":"product_brand","embeddable":true,"href":"https:\/\/distribucionarc.com\/fr\/wp-json\/wp\/v2\/product_brand?post=6649"},{"taxonomy":"product_cat","embeddable":true,"href":"https:\/\/distribucionarc.com\/fr\/wp-json\/wp\/v2\/product_cat?post=6649"},{"taxonomy":"product_tag","embeddable":true,"href":"https:\/\/distribucionarc.com\/fr\/wp-json\/wp\/v2\/product_tag?post=6649"}],"curies":[{"name":"wp","href":"https:\/\/api.w.org\/{rel}","templated":true}]}}