{"id":6686,"date":"2024-04-24T19:17:37","date_gmt":"2024-04-24T19:17:37","guid":{"rendered":"https:\/\/distribucionarc.com\/?post_type=product&#038;p=6686"},"modified":"2024-04-24T19:17:39","modified_gmt":"2024-04-24T19:17:39","slug":"granulateur-machine-pour-comprimes-de-complements-nutritionnels","status":"publish","type":"product","link":"https:\/\/distribucionarc.com\/fr\/producto\/maquina-granuladora-para-comprimidos-de-suplementos-nutricionales\/","title":{"rendered":"MACHINE DE GRANULATION POUR COMPRIMES DE COMPLEMENTS NUTRITIONNELS"},"content":{"rendered":"<p>Notre <strong>Machine rotative ZARP<\/strong> Il est con\u00e7u pour votre production de<strong> comprim\u00e9s de suppl\u00e9ments nutritionnels<\/strong> <strong>presseur<\/strong> de poudre, de granul\u00e9s et de petits grains en comprim\u00e9s de haute qualit\u00e9, parfaits pour la production par lots. Ajustez la vitesse, la quantit\u00e9 de remplissage de poudre et l&#039;\u00e9paisseur du <strong>comprim\u00e9<\/strong> selon vos besoins. Avec dispositif d&#039;amortissement m\u00e9canique pour \u00e9viter les dommages dus \u00e0 une surcharge. Optimisez votre processus de fabrication avec pr\u00e9cision et efficacit\u00e9.<\/p>\n<p>&nbsp;<\/p>\n<table>\n<tbody>\n<tr>\n<td width=\"81\"><em>Mod\u00e8le<\/em><\/td>\n<td width=\"81\">ZARP-15<\/td>\n<td width=\"81\"><em>ZARP-17<\/em><\/td>\n<td width=\"81\"><em>ZARP-19<\/em><\/td>\n<td width=\"81\"><em>ZARP-29<\/em><\/td>\n<td width=\"81\"><em>ZARP-31<\/em><\/td>\n<td width=\"81\"><em>ZARP-33<\/em><\/td>\n<\/tr>\n<tr>\n<td width=\"81\">Matrices de poin\u00e7onnage<\/td>\n<td width=\"81\">15<\/td>\n<td width=\"81\">17<\/td>\n<td width=\"81\">19<\/td>\n<td width=\"81\">29<\/td>\n<td width=\"81\">31<\/td>\n<td width=\"81\">33<\/td>\n<\/tr>\n<tr>\n<td width=\"81\">pression maximale (kn)<\/td>\n<td width=\"81\">80<\/td>\n<td width=\"81\">60<\/td>\n<td width=\"81\">60<\/td>\n<td width=\"81\">60<\/td>\n<td width=\"81\">60<\/td>\n<td width=\"81\">60<\/td>\n<\/tr>\n<tr>\n<td width=\"81\">Diam\u00e8tre maximum de la tablette (mm)<\/td>\n<td width=\"81\">25<\/td>\n<td width=\"81\">20<\/td>\n<td width=\"81\">13<\/td>\n<td width=\"81\">20<\/td>\n<td width=\"81\">20<\/td>\n<td width=\"81\">12<\/td>\n<\/tr>\n<tr>\n<td width=\"81\">Profondeur de remplissage maximale (mm)<\/td>\n<td width=\"81\">15 r\u00e9glables<\/td>\n<td width=\"81\">15 r\u00e9glables<\/td>\n<td width=\"81\">15 r\u00e9glables<\/td>\n<td width=\"81\">15 r\u00e9glables<\/td>\n<td width=\"81\">15 r\u00e9glables<\/td>\n<td width=\"81\">15 r\u00e9glables<\/td>\n<\/tr>\n<tr>\n<td width=\"81\">\u00c9paisseur maximale du comprim\u00e9 (mm)<\/td>\n<td width=\"81\">6 r\u00e9glables<\/td>\n<td width=\"81\">6 r\u00e9glables<\/td>\n<td width=\"81\">6 r\u00e9glables<\/td>\n<td width=\"81\">6 r\u00e9glables<\/td>\n<td width=\"81\">6 r\u00e9glables<\/td>\n<td width=\"81\">6 r\u00e9glables<\/td>\n<\/tr>\n<tr>\n<td width=\"81\">Vitesse de la tourelle (r-min)<\/td>\n<td width=\"81\">0-35<\/td>\n<td width=\"81\">0-35<\/td>\n<td width=\"81\">0-35<\/td>\n<td width=\"81\">11-28<\/td>\n<td width=\"81\">11-28<\/td>\n<td width=\"81\">11-28<\/td>\n<\/tr>\n<tr>\n<td width=\"81\">Capacit\u00e9 de production (pi\u00e8ces\/h)<\/td>\n<td width=\"81\">31500<\/td>\n<td width=\"81\">35700<\/td>\n<td width=\"81\">39900<\/td>\n<td width=\"81\">38280-97000<\/td>\n<td width=\"81\">40900-104000<\/td>\n<td width=\"81\">43000-110000<\/td>\n<\/tr>\n<tr>\n<td width=\"81\">Tension (V)<\/td>\n<td width=\"81\">220V ET 380V<\/td>\n<td width=\"81\">220V ET 380V<\/td>\n<td width=\"81\">220V ET 380V<\/td>\n<td width=\"81\">220V ET 380V<\/td>\n<td width=\"81\">220V ET 380V<\/td>\n<td width=\"81\">220V ET 380V<\/td>\n<\/tr>\n<tr>\n<td width=\"81\">Puissance du moteur (kw)<\/td>\n<td width=\"81\">2.2<\/td>\n<td width=\"81\">2.2<\/td>\n<td width=\"81\">2.2<\/td>\n<td width=\"81\">2.2<\/td>\n<td width=\"81\">2.2<\/td>\n<td width=\"81\">2.2<\/td>\n<\/tr>\n<tr>\n<td width=\"81\">Taille globale (mm)<\/td>\n<td width=\"81\">760*<\/p>\n<p>750*<\/p>\n<p>1550*<\/td>\n<td width=\"81\">760*<\/p>\n<p>750*<\/p>\n<p>1550*<\/td>\n<td width=\"81\">950*<\/p>\n<p>960*<\/p>\n<p>1600*<\/td>\n<td width=\"81\">950*<\/p>\n<p>960*<\/p>\n<p>1600*<\/td>\n<td width=\"81\">950*<\/p>\n<p>960*<\/p>\n<p>1600*<\/td>\n<td width=\"81\">950*<\/p>\n<p>960*<\/p>\n<p>1600*<\/td>\n<\/tr>\n<tr>\n<td width=\"81\">Poids kg<\/td>\n<td width=\"81\">500<\/td>\n<td width=\"81\">500<\/td>\n<td width=\"81\">500<\/td>\n<td width=\"81\">850<\/td>\n<td width=\"81\">850<\/td>\n<td width=\"81\">850<\/td>\n<\/tr>\n<\/tbody>\n<\/table>\n<p>&nbsp;<\/p>\n<p>&nbsp;<\/p>","protected":false},"excerpt":{"rendered":"<p>Notre machine rotative ZARP est con\u00e7ue pour votre production de comprim\u00e9s de compl\u00e9ments nutritionnels, de poudre, de granul\u00e9s et de grains press\u00e9s.<\/p>","protected":false},"featured_media":6694,"comment_status":"open","ping_status":"closed","template":"","meta":{"wds_primary_product_brand":0,"wds_primary_product_cat":0},"product_brand":[],"product_cat":[84],"product_tag":[],"class_list":{"0":"post-6686","1":"product","2":"type-product","3":"status-publish","4":"has-post-thumbnail","6":"product_cat-maquinas-para-hacer-pastillas","8":"first","9":"instock","10":"taxable","11":"shipping-taxable","12":"purchasable","13":"product-type-simple"},"yoast_head":"<!-- This site is optimized with the Yoast SEO Premium plugin v24.9 (Yoast SEO v26.1) - https:\/\/yoast.com\/wordpress\/plugins\/seo\/ -->\n<title>MAQUINA GRANULADORA PARA COMPRIMIDOS DE SUPLEMENTOS NUTRICIONALES - distribuci\u00f3n ARC<\/title>\n<meta name=\"robots\" content=\"index, follow, max-snippet:-1, max-image-preview:large, max-video-preview:-1\" \/>\n<link rel=\"canonical\" href=\"https:\/\/distribucionarc.com\/fr\/produit\/granulateur-machine-pour-comprimes-de-complements-nutritionnels\/\" \/>\n<meta property=\"og:locale\" content=\"fr_FR\" \/>\n<meta property=\"og:type\" content=\"article\" \/>\n<meta property=\"og:title\" content=\"MAQUINA GRANULADORA PARA COMPRIMIDOS DE SUPLEMENTOS NUTRICIONALES\" \/>\n<meta property=\"og:description\" content=\"Nuestra m\u00e1quina rotativa ZARP esta dise\u00f1ada para tu producci\u00f3n de comprimidos de suplementos nutricionales prensadora de polvo, gr\u00e1nulos y granos\" \/>\n<meta property=\"og:url\" content=\"https:\/\/distribucionarc.com\/fr\/produit\/granulateur-machine-pour-comprimes-de-complements-nutritionnels\/\" \/>\n<meta property=\"og:site_name\" content=\"distribuci\u00f3n ARC\" \/>\n<meta property=\"article:modified_time\" content=\"2024-04-24T19:17:39+00:00\" \/>\n<meta property=\"og:image\" content=\"https:\/\/distribucionarc.com\/wp-content\/uploads\/2024\/04\/MAQUINA-GRANULADORA-PARA-COMPRIMIDOS-DE-SUPLEMENTOS-NUTRICIONALES.jpg\" \/>\n\t<meta property=\"og:image:width\" content=\"816\" \/>\n\t<meta property=\"og:image:height\" content=\"824\" \/>\n\t<meta property=\"og:image:type\" content=\"image\/jpeg\" \/>\n<meta name=\"twitter:card\" content=\"summary_large_image\" \/>\n<meta name=\"twitter:label1\" content=\"Dur\u00e9e de lecture estim\u00e9e\" \/>\n\t<meta name=\"twitter:data1\" content=\"1 minute\" \/>\n<script type=\"application\/ld+json\" class=\"yoast-schema-graph\">{\"@context\":\"https:\/\/schema.org\",\"@graph\":[{\"@type\":\"WebPage\",\"@id\":\"https:\/\/distribucionarc.com\/nl\/producto\/maquina-granuladora-para-comprimidos-de-suplementos-nutricionales\/\",\"url\":\"https:\/\/distribucionarc.com\/nl\/producto\/maquina-granuladora-para-comprimidos-de-suplementos-nutricionales\/\",\"name\":\"MAQUINA GRANULADORA PARA COMPRIMIDOS DE SUPLEMENTOS NUTRICIONALES - distribuci\u00f3n ARC\",\"isPartOf\":{\"@id\":\"https:\/\/www.distribucionarc.com\/sl\/#website\"},\"primaryImageOfPage\":{\"@id\":\"https:\/\/distribucionarc.com\/nl\/producto\/maquina-granuladora-para-comprimidos-de-suplementos-nutricionales\/#primaryimage\"},\"image\":{\"@id\":\"https:\/\/distribucionarc.com\/nl\/producto\/maquina-granuladora-para-comprimidos-de-suplementos-nutricionales\/#primaryimage\"},\"thumbnailUrl\":\"https:\/\/distribucionarc.com\/wp-content\/uploads\/2024\/04\/MAQUINA-GRANULADORA-PARA-COMPRIMIDOS-DE-SUPLEMENTOS-NUTRICIONALES.jpg\",\"datePublished\":\"2024-04-24T19:17:37+00:00\",\"dateModified\":\"2024-04-24T19:17:39+00:00\",\"breadcrumb\":{\"@id\":\"https:\/\/distribucionarc.com\/nl\/producto\/maquina-granuladora-para-comprimidos-de-suplementos-nutricionales\/#breadcrumb\"},\"inLanguage\":\"fr-FR\",\"potentialAction\":[{\"@type\":\"ReadAction\",\"target\":[\"https:\/\/distribucionarc.com\/nl\/producto\/maquina-granuladora-para-comprimidos-de-suplementos-nutricionales\/\"]}]},{\"@type\":\"ImageObject\",\"inLanguage\":\"fr-FR\",\"@id\":\"https:\/\/distribucionarc.com\/nl\/producto\/maquina-granuladora-para-comprimidos-de-suplementos-nutricionales\/#primaryimage\",\"url\":\"https:\/\/distribucionarc.com\/wp-content\/uploads\/2024\/04\/MAQUINA-GRANULADORA-PARA-COMPRIMIDOS-DE-SUPLEMENTOS-NUTRICIONALES.jpg\",\"contentUrl\":\"https:\/\/distribucionarc.com\/wp-content\/uploads\/2024\/04\/MAQUINA-GRANULADORA-PARA-COMPRIMIDOS-DE-SUPLEMENTOS-NUTRICIONALES.jpg\",\"width\":816,\"height\":824,\"caption\":\"#image_title\"},{\"@type\":\"BreadcrumbList\",\"@id\":\"https:\/\/distribucionarc.com\/nl\/producto\/maquina-granuladora-para-comprimidos-de-suplementos-nutricionales\/#breadcrumb\",\"itemListElement\":[{\"@type\":\"ListItem\",\"position\":1,\"name\":\"Portada\",\"item\":\"https:\/\/www.distribucionarc.com\/\"},{\"@type\":\"ListItem\",\"position\":2,\"name\":\"\u00dcr\u00fcnler\",\"item\":\"https:\/\/www.distribucionarc.com\/tr\/magaza\/\"},{\"@type\":\"ListItem\",\"position\":3,\"name\":\"MAQUINA GRANULADORA PARA COMPRIMIDOS DE SUPLEMENTOS NUTRICIONALES\"}]},{\"@type\":\"WebSite\",\"@id\":\"https:\/\/www.distribucionarc.com\/sl\/#website\",\"url\":\"https:\/\/www.distribucionarc.com\/sl\/\",\"name\":\"distribuci\u00f3n ARC\",\"description\":\"Empresa especializada en la fabricaci\u00f3n y distribuci\u00f3n de maquinaria industrial, selladoras de latas, Maquinas de hacer pastillas, Maquinas de cortar carne...\",\"publisher\":{\"@id\":\"https:\/\/www.distribucionarc.com\/sl\/#organization\"},\"potentialAction\":[{\"@type\":\"SearchAction\",\"target\":{\"@type\":\"EntryPoint\",\"urlTemplate\":\"https:\/\/www.distribucionarc.com\/sl\/?s={search_term_string}\"},\"query-input\":{\"@type\":\"PropertyValueSpecification\",\"valueRequired\":true,\"valueName\":\"search_term_string\"}}],\"inLanguage\":\"fr-FR\"},{\"@type\":\"Organization\",\"@id\":\"https:\/\/www.distribucionarc.com\/sl\/#organization\",\"name\":\"Distribuci\u00f3n ARC\",\"url\":\"https:\/\/www.distribucionarc.com\/sl\/\",\"logo\":{\"@type\":\"ImageObject\",\"inLanguage\":\"fr-FR\",\"@id\":\"https:\/\/www.distribucionarc.com\/sl\/#\/schema\/logo\/image\/\",\"url\":\"https:\/\/distribucionarc.com\/wp-content\/uploads\/2024\/10\/distribucion-ARC-COLOR-SIN-FONDO-e1732295305345.png\",\"contentUrl\":\"https:\/\/distribucionarc.com\/wp-content\/uploads\/2024\/10\/distribucion-ARC-COLOR-SIN-FONDO-e1732295305345.png\",\"width\":1164,\"height\":558,\"caption\":\"Distribuci\u00f3n ARC\"},\"image\":{\"@id\":\"https:\/\/www.distribucionarc.com\/sl\/#\/schema\/logo\/image\/\"},\"description\":\"Empresa especializada en la fabricaci\u00f3n y distribuci\u00f3n de maquinaria industrial para los sectores alimentario y farmac\u00e9utico. Nos especializamos en: M\u00e1quinas de cortar carne Fabricaci\u00f3n de comprimidos Sistemas de transporte industrial L\u00edneas de embotellado Dosificadores Y mucho m\u00e1s... Ofrecemos soluciones innovadoras y personalizadas para optimizar los procesos productivos de tu empresa.\",\"email\":\"Admistracion@distribucionarc.com\",\"telephone\":\"+34 643496664\",\"legalName\":\"ARC TECH SOLUTIONS\",\"foundingDate\":\"2024-04-09\",\"vatID\":\"B55480172\",\"numberOfEmployees\":{\"@type\":\"QuantitativeValue\",\"minValue\":\"1\",\"maxValue\":\"10\"}}]}<\/script>\n<!-- \/ Yoast SEO Premium plugin. -->","yoast_head_json":{"title":"MACHINE DE GRANULATION POUR COMPRIMES DE COMPLEMENTS NUTRITIONNELS - ARC distribution","robots":{"index":"index","follow":"follow","max-snippet":"max-snippet:-1","max-image-preview":"max-image-preview:large","max-video-preview":"max-video-preview:-1"},"canonical":"https:\/\/distribucionarc.com\/fr\/produit\/granulateur-machine-pour-comprimes-de-complements-nutritionnels\/","og_locale":"fr_FR","og_type":"article","og_title":"MAQUINA GRANULADORA PARA COMPRIMIDOS DE SUPLEMENTOS NUTRICIONALES","og_description":"Nuestra m\u00e1quina rotativa ZARP esta dise\u00f1ada para tu producci\u00f3n de comprimidos de suplementos nutricionales prensadora de polvo, gr\u00e1nulos y granos","og_url":"https:\/\/distribucionarc.com\/fr\/produit\/granulateur-machine-pour-comprimes-de-complements-nutritionnels\/","og_site_name":"distribuci\u00f3n ARC","article_modified_time":"2024-04-24T19:17:39+00:00","og_image":[{"width":816,"height":824,"url":"https:\/\/distribucionarc.com\/wp-content\/uploads\/2024\/04\/MAQUINA-GRANULADORA-PARA-COMPRIMIDOS-DE-SUPLEMENTOS-NUTRICIONALES.jpg","type":"image\/jpeg"}],"twitter_card":"summary_large_image","twitter_misc":{"Dur\u00e9e de lecture estim\u00e9e":"1 minute"},"schema":{"@context":"https:\/\/schema.org","@graph":[{"@type":"WebPage","@id":"https:\/\/distribucionarc.com\/nl\/producto\/maquina-granuladora-para-comprimidos-de-suplementos-nutricionales\/","url":"https:\/\/distribucionarc.com\/nl\/producto\/maquina-granuladora-para-comprimidos-de-suplementos-nutricionales\/","name":"MACHINE DE GRANULATION POUR COMPRIMES DE COMPLEMENTS NUTRITIONNELS - ARC distribution","isPartOf":{"@id":"https:\/\/www.distribucionarc.com\/sl\/#website"},"primaryImageOfPage":{"@id":"https:\/\/distribucionarc.com\/nl\/producto\/maquina-granuladora-para-comprimidos-de-suplementos-nutricionales\/#primaryimage"},"image":{"@id":"https:\/\/distribucionarc.com\/nl\/producto\/maquina-granuladora-para-comprimidos-de-suplementos-nutricionales\/#primaryimage"},"thumbnailUrl":"https:\/\/distribucionarc.com\/wp-content\/uploads\/2024\/04\/MAQUINA-GRANULADORA-PARA-COMPRIMIDOS-DE-SUPLEMENTOS-NUTRICIONALES.jpg","datePublished":"2024-04-24T19:17:37+00:00","dateModified":"2024-04-24T19:17:39+00:00","breadcrumb":{"@id":"https:\/\/distribucionarc.com\/nl\/producto\/maquina-granuladora-para-comprimidos-de-suplementos-nutricionales\/#breadcrumb"},"inLanguage":"fr-FR","potentialAction":[{"@type":"ReadAction","target":["https:\/\/distribucionarc.com\/nl\/producto\/maquina-granuladora-para-comprimidos-de-suplementos-nutricionales\/"]}]},{"@type":"ImageObject","inLanguage":"fr-FR","@id":"https:\/\/distribucionarc.com\/nl\/producto\/maquina-granuladora-para-comprimidos-de-suplementos-nutricionales\/#primaryimage","url":"https:\/\/distribucionarc.com\/wp-content\/uploads\/2024\/04\/MAQUINA-GRANULADORA-PARA-COMPRIMIDOS-DE-SUPLEMENTOS-NUTRICIONALES.jpg","contentUrl":"https:\/\/distribucionarc.com\/wp-content\/uploads\/2024\/04\/MAQUINA-GRANULADORA-PARA-COMPRIMIDOS-DE-SUPLEMENTOS-NUTRICIONALES.jpg","width":816,"height":824,"caption":"#image_title"},{"@type":"BreadcrumbList","@id":"https:\/\/distribucionarc.com\/nl\/producto\/maquina-granuladora-para-comprimidos-de-suplementos-nutricionales\/#breadcrumb","itemListElement":[{"@type":"ListItem","position":1,"name":"Portada","item":"https:\/\/www.distribucionarc.com\/"},{"@type":"ListItem","position":2,"name":"\u00dcr\u00fcnler","item":"https:\/\/www.distribucionarc.com\/tr\/magaza\/"},{"@type":"ListItem","position":3,"name":"MAQUINA GRANULADORA PARA COMPRIMIDOS DE SUPLEMENTOS NUTRICIONALES"}]},{"@type":"WebSite","@id":"https:\/\/www.distribucionarc.com\/sl\/#website","url":"https:\/\/www.distribucionarc.com\/sl\/","name":"R\u00e9partition de l&#039;ARC","description":"Entreprise sp\u00e9cialis\u00e9e dans la fabrication et la distribution de machines industrielles, scelleuses de bo\u00eetes, machines \u00e0 comprim\u00e9s, machines \u00e0 d\u00e9couper la viande...","publisher":{"@id":"https:\/\/www.distribucionarc.com\/sl\/#organization"},"potentialAction":[{"@type":"SearchAction","target":{"@type":"EntryPoint","urlTemplate":"https:\/\/www.distribucionarc.com\/sl\/?s={search_term_string}"},"query-input":{"@type":"PropertyValueSpecification","valueRequired":true,"valueName":"search_term_string"}}],"inLanguage":"fr-FR"},{"@type":"Organization","@id":"https:\/\/www.distribucionarc.com\/sl\/#organization","name":"Distribution ARC","url":"https:\/\/www.distribucionarc.com\/sl\/","logo":{"@type":"ImageObject","inLanguage":"fr-FR","@id":"https:\/\/www.distribucionarc.com\/sl\/#\/schema\/logo\/image\/","url":"https:\/\/distribucionarc.com\/wp-content\/uploads\/2024\/10\/distribucion-ARC-COLOR-SIN-FONDO-e1732295305345.png","contentUrl":"https:\/\/distribucionarc.com\/wp-content\/uploads\/2024\/10\/distribucion-ARC-COLOR-SIN-FONDO-e1732295305345.png","width":1164,"height":558,"caption":"Distribuci\u00f3n ARC"},"image":{"@id":"https:\/\/www.distribucionarc.com\/sl\/#\/schema\/logo\/image\/"},"description":"Entreprise sp\u00e9cialis\u00e9e dans la fabrication et la distribution de machines industrielles pour les secteurs alimentaire et pharmaceutique. Nous sommes sp\u00e9cialis\u00e9s dans : Machines \u00e0 couper la viande Fabrication de comprim\u00e9s Syst\u00e8mes de transport industriel Lignes d'embouteillage Machines de dosage Et bien plus encore... Nous proposons des solutions innovantes et personnalis\u00e9es pour optimiser les processus de production de votre entreprise.","email":"Admistracion@distribucionarc.com","telephone":"+34 643496664","legalName":"ARC TECH SOLUTIONS","foundingDate":"2024-04-09","vatID":"B55480172","numberOfEmployees":{"@type":"QuantitativeValue","minValue":"1","maxValue":"10"}}]}},"_links":{"self":[{"href":"https:\/\/distribucionarc.com\/fr\/wp-json\/wp\/v2\/product\/6686","targetHints":{"allow":["GET"]}}],"collection":[{"href":"https:\/\/distribucionarc.com\/fr\/wp-json\/wp\/v2\/product"}],"about":[{"href":"https:\/\/distribucionarc.com\/fr\/wp-json\/wp\/v2\/types\/product"}],"replies":[{"embeddable":true,"href":"https:\/\/distribucionarc.com\/fr\/wp-json\/wp\/v2\/comments?post=6686"}],"version-history":[{"count":0,"href":"https:\/\/distribucionarc.com\/fr\/wp-json\/wp\/v2\/product\/6686\/revisions"}],"wp:featuredmedia":[{"embeddable":true,"href":"https:\/\/distribucionarc.com\/fr\/wp-json\/wp\/v2\/media\/6694"}],"wp:attachment":[{"href":"https:\/\/distribucionarc.com\/fr\/wp-json\/wp\/v2\/media?parent=6686"}],"wp:term":[{"taxonomy":"product_brand","embeddable":true,"href":"https:\/\/distribucionarc.com\/fr\/wp-json\/wp\/v2\/product_brand?post=6686"},{"taxonomy":"product_cat","embeddable":true,"href":"https:\/\/distribucionarc.com\/fr\/wp-json\/wp\/v2\/product_cat?post=6686"},{"taxonomy":"product_tag","embeddable":true,"href":"https:\/\/distribucionarc.com\/fr\/wp-json\/wp\/v2\/product_tag?post=6686"}],"curies":[{"name":"wp","href":"https:\/\/api.w.org\/{rel}","templated":true}]}}