{"id":6759,"date":"2024-04-25T16:15:18","date_gmt":"2024-04-25T16:15:18","guid":{"rendered":"https:\/\/distribucionarc.com\/?post_type=product&#038;p=6759"},"modified":"2024-04-25T16:15:20","modified_gmt":"2024-04-25T16:15:20","slug":"machine-de-compactage-de-comprimes-effervescents","status":"publish","type":"product","link":"https:\/\/distribucionarc.com\/fr\/producto\/maquina-compactadora-de-tabletas-esfervescentes\/","title":{"rendered":"COMPACTEUR DE COMPRIM\u00c9S EFFERVESCENTS"},"content":{"rendered":"<p>D\u00e9couvrez l&#039;excellence dans <strong>production de comprim\u00e9s effervescents<\/strong> avec le <strong>Machine de pressage \u00e0 compacteur rotatif s\u00e9rie ZARP-5E\/7E\/9E,<\/strong> Con\u00e7u sp\u00e9cialement pour l&#039;industrie pharmaceutique. \u00c9quip\u00e9e d&#039;une technologie de contr\u00f4le PLC et fabriqu\u00e9e en acier inoxydable SS304, cette machine offre une combinaison incomparable de qualit\u00e9 et de durabilit\u00e9.<strong> Presse rotative s\u00e9rie ZARP-5E\/7E\/9E<\/strong> garantit \u00e0 tout moment l\u2019int\u00e9grit\u00e9 de vos produits pharmaceutiques. De plus, son syst\u00e8me de protection contre les surcharges garantit un fonctionnement s\u00fbr et fluide. Faites confiance \u00e0 l&#039;exactitude et \u00e0 la fiabilit\u00e9 des <strong>Presse rotative<\/strong> pour \u00e9lever le niveau de votre production<strong> comprim\u00e9s effervescents<\/strong> qui atteint de nouveaux niveaux d\u2019efficacit\u00e9 et de qualit\u00e9 dans votre processus de fabrication pharmaceutique.<\/p>\n<p>&nbsp;<\/p>\n<table>\n<tbody>\n<tr>\n<td width=\"142\">Mod\u00e8le<\/td>\n<td width=\"142\">ZARP-5E<\/td>\n<td width=\"142\">ZARP-7E<\/td>\n<td width=\"142\">ZARP-9E<\/td>\n<\/tr>\n<tr>\n<td width=\"142\">Jeux<\/td>\n<td width=\"142\">5<\/td>\n<td width=\"142\">7<\/td>\n<td width=\"142\">9<\/td>\n<\/tr>\n<tr>\n<td width=\"142\">Pression maximale (tonnes)<\/td>\n<td width=\"142\">50<\/td>\n<td width=\"142\">50<\/td>\n<td width=\"142\">50<\/td>\n<\/tr>\n<tr>\n<td width=\"142\">Diam\u00e8tre du comprim\u00e9 (mm)<\/td>\n<td width=\"142\">12(14)<\/td>\n<td width=\"142\">12(14)<\/td>\n<td width=\"142\">12(14)<\/td>\n<\/tr>\n<tr>\n<td width=\"142\">Profondeur de remplissage maximale (mm)<\/td>\n<td width=\"142\">15<\/td>\n<td width=\"142\">15<\/td>\n<td width=\"142\">15<\/td>\n<\/tr>\n<tr>\n<td width=\"142\">\u00c9paisseur maximale du comprim\u00e9 (mm)<\/td>\n<td width=\"142\">6<\/td>\n<td width=\"142\">6<\/td>\n<td width=\"142\">6<\/td>\n<\/tr>\n<tr>\n<td width=\"142\">Vitesse de la tourelle (r-min)<\/td>\n<td width=\"142\">30<\/td>\n<td width=\"142\">30<\/td>\n<td width=\"142\">30<\/td>\n<\/tr>\n<tr>\n<td width=\"142\">Capacit\u00e9 de production (pi\u00e8ces\/h)<\/td>\n<td width=\"142\">9000<\/td>\n<td width=\"142\">12600<\/td>\n<td width=\"142\">16200<\/td>\n<\/tr>\n<tr>\n<td width=\"142\">Puissance du moteur (kw)<\/td>\n<td width=\"142\">1.5<\/td>\n<td width=\"142\">1.5<\/td>\n<td width=\"142\">1.5<\/td>\n<\/tr>\n<tr>\n<td width=\"142\">Taille globale (mm)<\/td>\n<td width=\"142\">480*<\/p>\n<p>630*<\/p>\n<p>1100*<\/td>\n<td width=\"142\">480*<\/p>\n<p>630*<\/p>\n<p>1100*<\/td>\n<td width=\"142\">480*<\/p>\n<p>630*<\/p>\n<p>1100*<\/td>\n<\/tr>\n<tr>\n<td width=\"142\">Poids<\/td>\n<td width=\"142\">220KG<\/td>\n<td width=\"142\">&nbsp;<\/td>\n<td width=\"142\">&nbsp;<\/td>\n<\/tr>\n<\/tbody>\n<\/table>","protected":false},"excerpt":{"rendered":"<p>D\u00e9couvrez l&#039;excellence dans la production de comprim\u00e9s effervescents avec la presse \u00e0 comprim\u00e9s rotative de la s\u00e9rie ZARP-5E\/7E\/9E, con\u00e7ue<\/p>","protected":false},"featured_media":6761,"comment_status":"open","ping_status":"closed","template":"","meta":{"wds_primary_product_brand":0,"wds_primary_product_cat":0},"product_brand":[],"product_cat":[266],"product_tag":[],"class_list":{"0":"post-6759","1":"product","2":"type-product","3":"status-publish","4":"has-post-thumbnail","6":"product_cat-accessories","8":"first","9":"instock","10":"taxable","11":"shipping-taxable","12":"purchasable","13":"product-type-simple"},"yoast_head":"<!-- This site is optimized with the Yoast SEO Premium plugin v24.9 (Yoast SEO v26.1) - https:\/\/yoast.com\/wordpress\/plugins\/seo\/ -->\n<title>MAQUINA COMPACTADORA DE TABLETAS ESFERVESCENTES - distribuci\u00f3n ARC<\/title>\n<meta name=\"robots\" content=\"index, follow, max-snippet:-1, max-image-preview:large, max-video-preview:-1\" \/>\n<link rel=\"canonical\" href=\"https:\/\/distribucionarc.com\/fr\/produit\/machine-de-compactage-de-comprimes-effervescents\/\" \/>\n<meta property=\"og:locale\" content=\"fr_FR\" \/>\n<meta property=\"og:type\" content=\"article\" \/>\n<meta property=\"og:title\" content=\"MAQUINA COMPACTADORA DE TABLETAS ESFERVESCENTES\" \/>\n<meta property=\"og:description\" content=\"Descubre la excelencia en la producci\u00f3n de tabletas efervescentes con la M\u00e1quina Prensadora compactadora Rotativa de la serie ZARP-5E\/7E\/9E, dise\u00f1ada\" \/>\n<meta property=\"og:url\" content=\"https:\/\/distribucionarc.com\/fr\/produit\/machine-de-compactage-de-comprimes-effervescents\/\" \/>\n<meta property=\"og:site_name\" content=\"distribuci\u00f3n ARC\" \/>\n<meta property=\"article:modified_time\" content=\"2024-04-25T16:15:20+00:00\" \/>\n<meta property=\"og:image\" content=\"https:\/\/distribucionarc.com\/wp-content\/uploads\/2024\/04\/MAQUINA-COMPACTADORA-DE-TABLETAS-ESFERVESCENTES.jpg\" \/>\n\t<meta property=\"og:image:width\" content=\"496\" \/>\n\t<meta property=\"og:image:height\" content=\"856\" \/>\n\t<meta property=\"og:image:type\" content=\"image\/jpeg\" \/>\n<meta name=\"twitter:card\" content=\"summary_large_image\" \/>\n<meta name=\"twitter:label1\" content=\"Dur\u00e9e de lecture estim\u00e9e\" \/>\n\t<meta name=\"twitter:data1\" content=\"1 minute\" \/>\n<script type=\"application\/ld+json\" class=\"yoast-schema-graph\">{\"@context\":\"https:\/\/schema.org\",\"@graph\":[{\"@type\":\"WebPage\",\"@id\":\"https:\/\/distribucionarc.com\/ro\/producto\/maquina-compactadora-de-tabletas-esfervescentes\/\",\"url\":\"https:\/\/distribucionarc.com\/ro\/producto\/maquina-compactadora-de-tabletas-esfervescentes\/\",\"name\":\"MAQUINA COMPACTADORA DE TABLETAS ESFERVESCENTES - distribuci\u00f3n ARC\",\"isPartOf\":{\"@id\":\"https:\/\/distribucionarc.com\/de\/#website\"},\"primaryImageOfPage\":{\"@id\":\"https:\/\/distribucionarc.com\/ro\/producto\/maquina-compactadora-de-tabletas-esfervescentes\/#primaryimage\"},\"image\":{\"@id\":\"https:\/\/distribucionarc.com\/ro\/producto\/maquina-compactadora-de-tabletas-esfervescentes\/#primaryimage\"},\"thumbnailUrl\":\"https:\/\/distribucionarc.com\/wp-content\/uploads\/2024\/04\/MAQUINA-COMPACTADORA-DE-TABLETAS-ESFERVESCENTES.jpg\",\"datePublished\":\"2024-04-25T16:15:18+00:00\",\"dateModified\":\"2024-04-25T16:15:20+00:00\",\"breadcrumb\":{\"@id\":\"https:\/\/distribucionarc.com\/ro\/producto\/maquina-compactadora-de-tabletas-esfervescentes\/#breadcrumb\"},\"inLanguage\":\"fr-FR\",\"potentialAction\":[{\"@type\":\"ReadAction\",\"target\":[\"https:\/\/distribucionarc.com\/ro\/producto\/maquina-compactadora-de-tabletas-esfervescentes\/\"]}]},{\"@type\":\"ImageObject\",\"inLanguage\":\"fr-FR\",\"@id\":\"https:\/\/distribucionarc.com\/ro\/producto\/maquina-compactadora-de-tabletas-esfervescentes\/#primaryimage\",\"url\":\"https:\/\/distribucionarc.com\/wp-content\/uploads\/2024\/04\/MAQUINA-COMPACTADORA-DE-TABLETAS-ESFERVESCENTES.jpg\",\"contentUrl\":\"https:\/\/distribucionarc.com\/wp-content\/uploads\/2024\/04\/MAQUINA-COMPACTADORA-DE-TABLETAS-ESFERVESCENTES.jpg\",\"width\":496,\"height\":856,\"caption\":\"#image_title\"},{\"@type\":\"BreadcrumbList\",\"@id\":\"https:\/\/distribucionarc.com\/ro\/producto\/maquina-compactadora-de-tabletas-esfervescentes\/#breadcrumb\",\"itemListElement\":[{\"@type\":\"ListItem\",\"position\":1,\"name\":\"Portada\",\"item\":\"https:\/\/distribucionarc.com\/pl\/\"},{\"@type\":\"ListItem\",\"position\":2,\"name\":\"Produkty\",\"item\":\"https:\/\/distribucionarc.com\/pl\/shop\/\"},{\"@type\":\"ListItem\",\"position\":3,\"name\":\"MAQUINA COMPACTADORA DE TABLETAS ESFERVESCENTES\"}]},{\"@type\":\"WebSite\",\"@id\":\"https:\/\/distribucionarc.com\/de\/#website\",\"url\":\"https:\/\/distribucionarc.com\/de\/\",\"name\":\"distribuci\u00f3n ARC\",\"description\":\"Empresa especializada en la fabricaci\u00f3n y distribuci\u00f3n de maquinaria industrial, selladoras de latas, Maquinas de hacer pastillas, Maquinas de cortar carne...\",\"publisher\":{\"@id\":\"https:\/\/distribucionarc.com\/de\/#organization\"},\"potentialAction\":[{\"@type\":\"SearchAction\",\"target\":{\"@type\":\"EntryPoint\",\"urlTemplate\":\"https:\/\/distribucionarc.com\/de\/?s={search_term_string}\"},\"query-input\":{\"@type\":\"PropertyValueSpecification\",\"valueRequired\":true,\"valueName\":\"search_term_string\"}}],\"inLanguage\":\"fr-FR\"},{\"@type\":\"Organization\",\"@id\":\"https:\/\/distribucionarc.com\/de\/#organization\",\"name\":\"Distribuci\u00f3n ARC\",\"url\":\"https:\/\/distribucionarc.com\/de\/\",\"logo\":{\"@type\":\"ImageObject\",\"inLanguage\":\"fr-FR\",\"@id\":\"https:\/\/distribucionarc.com\/de\/#\/schema\/logo\/image\/\",\"url\":\"https:\/\/distribucionarc.com\/wp-content\/uploads\/2024\/10\/distribucion-ARC-COLOR-SIN-FONDO-e1732295305345.png\",\"contentUrl\":\"https:\/\/distribucionarc.com\/wp-content\/uploads\/2024\/10\/distribucion-ARC-COLOR-SIN-FONDO-e1732295305345.png\",\"width\":1164,\"height\":558,\"caption\":\"Distribuci\u00f3n ARC\"},\"image\":{\"@id\":\"https:\/\/distribucionarc.com\/de\/#\/schema\/logo\/image\/\"},\"description\":\"Empresa especializada en la fabricaci\u00f3n y distribuci\u00f3n de maquinaria industrial para los sectores alimentario y farmac\u00e9utico. Nos especializamos en: M\u00e1quinas de cortar carne Fabricaci\u00f3n de comprimidos Sistemas de transporte industrial L\u00edneas de embotellado Dosificadores Y mucho m\u00e1s... Ofrecemos soluciones innovadoras y personalizadas para optimizar los procesos productivos de tu empresa.\",\"email\":\"Admistracion@distribucionarc.com\",\"telephone\":\"+34 643496664\",\"legalName\":\"ARC TECH SOLUTIONS\",\"foundingDate\":\"2024-04-09\",\"vatID\":\"B55480172\",\"numberOfEmployees\":{\"@type\":\"QuantitativeValue\",\"minValue\":\"1\",\"maxValue\":\"10\"}}]}<\/script>\n<!-- \/ Yoast SEO Premium plugin. -->","yoast_head_json":{"title":"MACHINE DE COMPACTION DE COMPRIM\u00c9S FERMENT\u00c9S - ARC distribution","robots":{"index":"index","follow":"follow","max-snippet":"max-snippet:-1","max-image-preview":"max-image-preview:large","max-video-preview":"max-video-preview:-1"},"canonical":"https:\/\/distribucionarc.com\/fr\/produit\/machine-de-compactage-de-comprimes-effervescents\/","og_locale":"fr_FR","og_type":"article","og_title":"MAQUINA COMPACTADORA DE TABLETAS ESFERVESCENTES","og_description":"Descubre la excelencia en la producci\u00f3n de tabletas efervescentes con la M\u00e1quina Prensadora compactadora Rotativa de la serie ZARP-5E\/7E\/9E, dise\u00f1ada","og_url":"https:\/\/distribucionarc.com\/fr\/produit\/machine-de-compactage-de-comprimes-effervescents\/","og_site_name":"distribuci\u00f3n ARC","article_modified_time":"2024-04-25T16:15:20+00:00","og_image":[{"width":496,"height":856,"url":"https:\/\/distribucionarc.com\/wp-content\/uploads\/2024\/04\/MAQUINA-COMPACTADORA-DE-TABLETAS-ESFERVESCENTES.jpg","type":"image\/jpeg"}],"twitter_card":"summary_large_image","twitter_misc":{"Dur\u00e9e de lecture estim\u00e9e":"1 minute"},"schema":{"@context":"https:\/\/schema.org","@graph":[{"@type":"WebPage","@id":"https:\/\/distribucionarc.com\/ro\/producto\/maquina-compactadora-de-tabletas-esfervescentes\/","url":"https:\/\/distribucionarc.com\/ro\/producto\/maquina-compactadora-de-tabletas-esfervescentes\/","name":"MACHINE DE COMPACTION DE COMPRIM\u00c9S FERMENT\u00c9S - ARC distribution","isPartOf":{"@id":"https:\/\/distribucionarc.com\/de\/#website"},"primaryImageOfPage":{"@id":"https:\/\/distribucionarc.com\/ro\/producto\/maquina-compactadora-de-tabletas-esfervescentes\/#primaryimage"},"image":{"@id":"https:\/\/distribucionarc.com\/ro\/producto\/maquina-compactadora-de-tabletas-esfervescentes\/#primaryimage"},"thumbnailUrl":"https:\/\/distribucionarc.com\/wp-content\/uploads\/2024\/04\/MAQUINA-COMPACTADORA-DE-TABLETAS-ESFERVESCENTES.jpg","datePublished":"2024-04-25T16:15:18+00:00","dateModified":"2024-04-25T16:15:20+00:00","breadcrumb":{"@id":"https:\/\/distribucionarc.com\/ro\/producto\/maquina-compactadora-de-tabletas-esfervescentes\/#breadcrumb"},"inLanguage":"fr-FR","potentialAction":[{"@type":"ReadAction","target":["https:\/\/distribucionarc.com\/ro\/producto\/maquina-compactadora-de-tabletas-esfervescentes\/"]}]},{"@type":"ImageObject","inLanguage":"fr-FR","@id":"https:\/\/distribucionarc.com\/ro\/producto\/maquina-compactadora-de-tabletas-esfervescentes\/#primaryimage","url":"https:\/\/distribucionarc.com\/wp-content\/uploads\/2024\/04\/MAQUINA-COMPACTADORA-DE-TABLETAS-ESFERVESCENTES.jpg","contentUrl":"https:\/\/distribucionarc.com\/wp-content\/uploads\/2024\/04\/MAQUINA-COMPACTADORA-DE-TABLETAS-ESFERVESCENTES.jpg","width":496,"height":856,"caption":"#image_title"},{"@type":"BreadcrumbList","@id":"https:\/\/distribucionarc.com\/ro\/producto\/maquina-compactadora-de-tabletas-esfervescentes\/#breadcrumb","itemListElement":[{"@type":"ListItem","position":1,"name":"Portada","item":"https:\/\/distribucionarc.com\/pl\/"},{"@type":"ListItem","position":2,"name":"Produkty","item":"https:\/\/distribucionarc.com\/pl\/shop\/"},{"@type":"ListItem","position":3,"name":"MAQUINA COMPACTADORA DE TABLETAS ESFERVESCENTES"}]},{"@type":"WebSite","@id":"https:\/\/distribucionarc.com\/de\/#website","url":"https:\/\/distribucionarc.com\/de\/","name":"R\u00e9partition de l&#039;ARC","description":"Entreprise sp\u00e9cialis\u00e9e dans la fabrication et la distribution de machines industrielles, scelleuses de bo\u00eetes, machines \u00e0 comprim\u00e9s, machines \u00e0 d\u00e9couper la viande...","publisher":{"@id":"https:\/\/distribucionarc.com\/de\/#organization"},"potentialAction":[{"@type":"SearchAction","target":{"@type":"EntryPoint","urlTemplate":"https:\/\/distribucionarc.com\/de\/?s={search_term_string}"},"query-input":{"@type":"PropertyValueSpecification","valueRequired":true,"valueName":"search_term_string"}}],"inLanguage":"fr-FR"},{"@type":"Organization","@id":"https:\/\/distribucionarc.com\/de\/#organization","name":"Distribution ARC","url":"https:\/\/distribucionarc.com\/de\/","logo":{"@type":"ImageObject","inLanguage":"fr-FR","@id":"https:\/\/distribucionarc.com\/de\/#\/schema\/logo\/image\/","url":"https:\/\/distribucionarc.com\/wp-content\/uploads\/2024\/10\/distribucion-ARC-COLOR-SIN-FONDO-e1732295305345.png","contentUrl":"https:\/\/distribucionarc.com\/wp-content\/uploads\/2024\/10\/distribucion-ARC-COLOR-SIN-FONDO-e1732295305345.png","width":1164,"height":558,"caption":"Distribuci\u00f3n ARC"},"image":{"@id":"https:\/\/distribucionarc.com\/de\/#\/schema\/logo\/image\/"},"description":"Entreprise sp\u00e9cialis\u00e9e dans la fabrication et la distribution de machines industrielles pour les secteurs alimentaire et pharmaceutique. Nous sommes sp\u00e9cialis\u00e9s dans : Machines \u00e0 couper la viande Fabrication de comprim\u00e9s Syst\u00e8mes de transport industriel Lignes d'embouteillage Machines de dosage Et bien plus encore... Nous proposons des solutions innovantes et personnalis\u00e9es pour optimiser les processus de production de votre entreprise.","email":"Admistracion@distribucionarc.com","telephone":"+34 643496664","legalName":"ARC TECH SOLUTIONS","foundingDate":"2024-04-09","vatID":"B55480172","numberOfEmployees":{"@type":"QuantitativeValue","minValue":"1","maxValue":"10"}}]}},"_links":{"self":[{"href":"https:\/\/distribucionarc.com\/fr\/wp-json\/wp\/v2\/product\/6759","targetHints":{"allow":["GET"]}}],"collection":[{"href":"https:\/\/distribucionarc.com\/fr\/wp-json\/wp\/v2\/product"}],"about":[{"href":"https:\/\/distribucionarc.com\/fr\/wp-json\/wp\/v2\/types\/product"}],"replies":[{"embeddable":true,"href":"https:\/\/distribucionarc.com\/fr\/wp-json\/wp\/v2\/comments?post=6759"}],"version-history":[{"count":0,"href":"https:\/\/distribucionarc.com\/fr\/wp-json\/wp\/v2\/product\/6759\/revisions"}],"wp:featuredmedia":[{"embeddable":true,"href":"https:\/\/distribucionarc.com\/fr\/wp-json\/wp\/v2\/media\/6761"}],"wp:attachment":[{"href":"https:\/\/distribucionarc.com\/fr\/wp-json\/wp\/v2\/media?parent=6759"}],"wp:term":[{"taxonomy":"product_brand","embeddable":true,"href":"https:\/\/distribucionarc.com\/fr\/wp-json\/wp\/v2\/product_brand?post=6759"},{"taxonomy":"product_cat","embeddable":true,"href":"https:\/\/distribucionarc.com\/fr\/wp-json\/wp\/v2\/product_cat?post=6759"},{"taxonomy":"product_tag","embeddable":true,"href":"https:\/\/distribucionarc.com\/fr\/wp-json\/wp\/v2\/product_tag?post=6759"}],"curies":[{"name":"wp","href":"https:\/\/api.w.org\/{rel}","templated":true}]}}