{"id":6764,"date":"2024-04-25T16:46:42","date_gmt":"2024-04-25T16:46:42","guid":{"rendered":"https:\/\/distribucionarc.com\/?post_type=product&#038;p=6764"},"modified":"2024-04-25T16:59:56","modified_gmt":"2024-04-25T16:59:56","slug":"machine-de-formation-de-comprimes-a-liberation-prolongee","status":"publish","type":"product","link":"https:\/\/distribucionarc.com\/fr\/producto\/maquina-formadora-de-tabletas-de-liberacion-prolongada\/","title":{"rendered":"MACHINE DE FORMATION DE COMPRIM\u00c9S \u00c0 LIB\u00c9RATION PROLONG\u00c9E"},"content":{"rendered":"<p>Pr\u00e9sentation du r\u00e9volutionnaire<strong> Machine de d\u00e9veloppement rotative de comprim\u00e9s \u00e0 lib\u00e9ration prolong\u00e9e,<\/strong> con\u00e7u pour la fabrication pr\u00e9cise de<strong> comprim\u00e9s<\/strong> sous diverses formes dans l\u2019industrie pharmaceutique. Cette machine offre des performances exceptionnelles lors du pressage de poudres, de grains et de granul\u00e9s. <strong>des comprim\u00e9s,<\/strong>\u00a0garantir l\u2019efficacit\u00e9 des m\u00e9dicaments. D\u00e9couvrez l&#039;excellence en fabrication <strong>comprim\u00e9s \u00e0 lib\u00e9ration prolong\u00e9e avec la machine de traitement rotative,<\/strong> un investissement fiable et efficace pour satisfaire les demandes les plus exigeantes du march\u00e9 pharmaceutique.<\/p>\n<p>&nbsp;<\/p>\n<table>\n<tbody>\n<tr>\n<td width=\"142\">Mod\u00e8le<\/td>\n<td width=\"142\">ZARP-5B<\/td>\n<td width=\"142\">ZARP-7B<\/td>\n<td width=\"142\">ZARP-9B<\/td>\n<\/tr>\n<tr>\n<td width=\"142\">Jeux<\/td>\n<td width=\"142\">5<\/td>\n<td width=\"142\">7<\/td>\n<td width=\"142\">9<\/td>\n<\/tr>\n<tr>\n<td width=\"142\">Pression maximale (tonnes)<\/td>\n<td width=\"142\">60<\/td>\n<td width=\"142\">60<\/td>\n<td width=\"142\">60<\/td>\n<\/tr>\n<tr>\n<td width=\"142\">Diam\u00e8tre maximum de comprim\u00e9 (mm)<\/td>\n<td width=\"142\">20<\/td>\n<td width=\"142\">20<\/td>\n<td width=\"142\">20<\/td>\n<\/tr>\n<tr>\n<td width=\"142\">Profondeur de remplissage maximale (mm)<\/td>\n<td width=\"142\">15<\/td>\n<td width=\"142\">15<\/td>\n<td width=\"142\">15<\/td>\n<\/tr>\n<tr>\n<td width=\"142\">Vitesse de la tourelle (r\/min)<\/td>\n<td width=\"142\">30<\/td>\n<td width=\"142\">30<\/td>\n<td width=\"142\">30<\/td>\n<\/tr>\n<tr>\n<td width=\"142\">Capacit\u00e9 de production (pi\u00e8ces\/h)<\/td>\n<td width=\"142\">9000<\/td>\n<td width=\"142\">12600<\/td>\n<td width=\"142\">16200<\/td>\n<\/tr>\n<tr>\n<td width=\"142\">\u00c9paisseur maximale du comprim\u00e9 (mm)<\/td>\n<td width=\"142\">6<\/td>\n<td width=\"142\">6<\/td>\n<td width=\"142\">6<\/td>\n<\/tr>\n<tr>\n<td width=\"142\">Puissance du moteur (kw)<\/td>\n<td width=\"142\">2.2<\/td>\n<td width=\"142\">2.2<\/td>\n<td width=\"142\">2.2<\/td>\n<\/tr>\n<tr>\n<td width=\"142\">Taille globale (mm)<\/td>\n<td width=\"142\">520*<\/p>\n<p>630*<\/p>\n<p>1150*<\/td>\n<td width=\"142\">520*<\/p>\n<p>630*<\/p>\n<p>1150*<\/td>\n<td width=\"142\">520*<\/p>\n<p>630*<\/p>\n<p>1150*<\/td>\n<\/tr>\n<tr>\n<td width=\"142\">Poids net (kg)<\/td>\n<td width=\"142\">220<\/td>\n<td width=\"142\">220<\/td>\n<td width=\"142\">220<\/td>\n<\/tr>\n<\/tbody>\n<\/table>","protected":false},"excerpt":{"rendered":"<p>Pr\u00e9sentation du processeur de comprim\u00e9s rotatif r\u00e9volutionnaire \u00e0 lib\u00e9ration prolong\u00e9e, con\u00e7u pour la fabrication pr\u00e9cise de comprim\u00e9s avec divers<\/p>","protected":false},"featured_media":6770,"comment_status":"open","ping_status":"closed","template":"","meta":{"wds_primary_product_brand":0,"wds_primary_product_cat":0},"product_brand":[],"product_cat":[84],"product_tag":[],"class_list":{"0":"post-6764","1":"product","2":"type-product","3":"status-publish","4":"has-post-thumbnail","6":"product_cat-maquinas-para-hacer-pastillas","8":"first","9":"instock","10":"taxable","11":"shipping-taxable","12":"purchasable","13":"product-type-simple"},"yoast_head":"<!-- This site is optimized with the Yoast SEO Premium plugin v24.9 (Yoast SEO v26.1) - https:\/\/yoast.com\/wordpress\/plugins\/seo\/ -->\n<title>MAQUINA FORMADORA DE TABLETAS DE LIBERACION PROLONGADA - distribuci\u00f3n ARC<\/title>\n<meta name=\"robots\" content=\"index, follow, max-snippet:-1, max-image-preview:large, max-video-preview:-1\" \/>\n<link rel=\"canonical\" href=\"https:\/\/distribucionarc.com\/fr\/produit\/machine-de-formation-de-comprimes-a-liberation-prolongee\/\" \/>\n<meta property=\"og:locale\" content=\"fr_FR\" \/>\n<meta property=\"og:type\" content=\"article\" \/>\n<meta property=\"og:title\" content=\"MAQUINA FORMADORA DE TABLETAS DE LIBERACION PROLONGADA\" \/>\n<meta property=\"og:description\" content=\"Presentamos la revolucionaria M\u00e1quina Rotativa Procesadora de Tabletas de Liberaci\u00f3n Prolongada, dise\u00f1ada para la fabricaci\u00f3n precisa de tabletas con diversas\" \/>\n<meta property=\"og:url\" content=\"https:\/\/distribucionarc.com\/fr\/produit\/machine-de-formation-de-comprimes-a-liberation-prolongee\/\" \/>\n<meta property=\"og:site_name\" content=\"distribuci\u00f3n ARC\" \/>\n<meta property=\"article:modified_time\" content=\"2024-04-25T16:59:56+00:00\" \/>\n<meta property=\"og:image\" content=\"https:\/\/distribucionarc.com\/wp-content\/uploads\/2024\/04\/MAQUINA-FORMADORA-DE-TABLETAS-DE-LIBERACION-PROLONGADA-.jpg\" \/>\n\t<meta property=\"og:image:width\" content=\"600\" \/>\n\t<meta property=\"og:image:height\" content=\"880\" \/>\n\t<meta property=\"og:image:type\" content=\"image\/jpeg\" \/>\n<meta name=\"twitter:card\" content=\"summary_large_image\" \/>\n<meta name=\"twitter:label1\" content=\"Dur\u00e9e de lecture estim\u00e9e\" \/>\n\t<meta name=\"twitter:data1\" content=\"1 minute\" \/>\n<script type=\"application\/ld+json\" class=\"yoast-schema-graph\">{\"@context\":\"https:\/\/schema.org\",\"@graph\":[{\"@type\":\"WebPage\",\"@id\":\"https:\/\/distribucionarc.com\/de\/producto\/maquina-formadora-de-tabletas-de-liberacion-prolongada\/\",\"url\":\"https:\/\/distribucionarc.com\/de\/producto\/maquina-formadora-de-tabletas-de-liberacion-prolongada\/\",\"name\":\"MAQUINA FORMADORA DE TABLETAS DE LIBERACION PROLONGADA - distribuci\u00f3n ARC\",\"isPartOf\":{\"@id\":\"https:\/\/www.distribucionarc.com\/de\/#website\"},\"primaryImageOfPage\":{\"@id\":\"https:\/\/distribucionarc.com\/de\/producto\/maquina-formadora-de-tabletas-de-liberacion-prolongada\/#primaryimage\"},\"image\":{\"@id\":\"https:\/\/distribucionarc.com\/de\/producto\/maquina-formadora-de-tabletas-de-liberacion-prolongada\/#primaryimage\"},\"thumbnailUrl\":\"https:\/\/distribucionarc.com\/wp-content\/uploads\/2024\/04\/MAQUINA-FORMADORA-DE-TABLETAS-DE-LIBERACION-PROLONGADA-.jpg\",\"datePublished\":\"2024-04-25T16:46:42+00:00\",\"dateModified\":\"2024-04-25T16:59:56+00:00\",\"breadcrumb\":{\"@id\":\"https:\/\/distribucionarc.com\/de\/producto\/maquina-formadora-de-tabletas-de-liberacion-prolongada\/#breadcrumb\"},\"inLanguage\":\"fr-FR\",\"potentialAction\":[{\"@type\":\"ReadAction\",\"target\":[\"https:\/\/distribucionarc.com\/de\/producto\/maquina-formadora-de-tabletas-de-liberacion-prolongada\/\"]}]},{\"@type\":\"ImageObject\",\"inLanguage\":\"fr-FR\",\"@id\":\"https:\/\/distribucionarc.com\/de\/producto\/maquina-formadora-de-tabletas-de-liberacion-prolongada\/#primaryimage\",\"url\":\"https:\/\/distribucionarc.com\/wp-content\/uploads\/2024\/04\/MAQUINA-FORMADORA-DE-TABLETAS-DE-LIBERACION-PROLONGADA-.jpg\",\"contentUrl\":\"https:\/\/distribucionarc.com\/wp-content\/uploads\/2024\/04\/MAQUINA-FORMADORA-DE-TABLETAS-DE-LIBERACION-PROLONGADA-.jpg\",\"width\":600,\"height\":880,\"caption\":\"#image_title\"},{\"@type\":\"BreadcrumbList\",\"@id\":\"https:\/\/distribucionarc.com\/de\/producto\/maquina-formadora-de-tabletas-de-liberacion-prolongada\/#breadcrumb\",\"itemListElement\":[{\"@type\":\"ListItem\",\"position\":1,\"name\":\"Portada\",\"item\":\"https:\/\/www.distribucionarc.com\/en\/\"},{\"@type\":\"ListItem\",\"position\":2,\"name\":\"Products\",\"item\":\"https:\/\/www.distribucionarc.com\/en\/shop\/\"},{\"@type\":\"ListItem\",\"position\":3,\"name\":\"MAQUINA FORMADORA DE TABLETAS DE LIBERACION PROLONGADA\"}]},{\"@type\":\"WebSite\",\"@id\":\"https:\/\/www.distribucionarc.com\/de\/#website\",\"url\":\"https:\/\/www.distribucionarc.com\/de\/\",\"name\":\"distribuci\u00f3n ARC\",\"description\":\"Empresa especializada en la fabricaci\u00f3n y distribuci\u00f3n de maquinaria industrial, selladoras de latas, Maquinas de hacer pastillas, Maquinas de cortar carne...\",\"publisher\":{\"@id\":\"https:\/\/www.distribucionarc.com\/de\/#organization\"},\"potentialAction\":[{\"@type\":\"SearchAction\",\"target\":{\"@type\":\"EntryPoint\",\"urlTemplate\":\"https:\/\/www.distribucionarc.com\/de\/?s={search_term_string}\"},\"query-input\":{\"@type\":\"PropertyValueSpecification\",\"valueRequired\":true,\"valueName\":\"search_term_string\"}}],\"inLanguage\":\"fr-FR\"},{\"@type\":\"Organization\",\"@id\":\"https:\/\/www.distribucionarc.com\/de\/#organization\",\"name\":\"Distribuci\u00f3n ARC\",\"url\":\"https:\/\/www.distribucionarc.com\/de\/\",\"logo\":{\"@type\":\"ImageObject\",\"inLanguage\":\"fr-FR\",\"@id\":\"https:\/\/www.distribucionarc.com\/de\/#\/schema\/logo\/image\/\",\"url\":\"https:\/\/distribucionarc.com\/wp-content\/uploads\/2024\/10\/distribucion-ARC-COLOR-SIN-FONDO-e1732295305345.png\",\"contentUrl\":\"https:\/\/distribucionarc.com\/wp-content\/uploads\/2024\/10\/distribucion-ARC-COLOR-SIN-FONDO-e1732295305345.png\",\"width\":1164,\"height\":558,\"caption\":\"Distribuci\u00f3n ARC\"},\"image\":{\"@id\":\"https:\/\/www.distribucionarc.com\/de\/#\/schema\/logo\/image\/\"},\"description\":\"Empresa especializada en la fabricaci\u00f3n y distribuci\u00f3n de maquinaria industrial para los sectores alimentario y farmac\u00e9utico. Nos especializamos en: M\u00e1quinas de cortar carne Fabricaci\u00f3n de comprimidos Sistemas de transporte industrial L\u00edneas de embotellado Dosificadores Y mucho m\u00e1s... Ofrecemos soluciones innovadoras y personalizadas para optimizar los procesos productivos de tu empresa.\",\"email\":\"Admistracion@distribucionarc.com\",\"telephone\":\"+34 643496664\",\"legalName\":\"ARC TECH SOLUTIONS\",\"foundingDate\":\"2024-04-09\",\"vatID\":\"B55480172\",\"numberOfEmployees\":{\"@type\":\"QuantitativeValue\",\"minValue\":\"1\",\"maxValue\":\"10\"}}]}<\/script>\n<!-- \/ Yoast SEO Premium plugin. -->","yoast_head_json":{"title":"MACHINE DE FORMAGE DE COMPRIM\u00c9S \u00c0 LIB\u00c9RATION PROLONG\u00c9E - ARC distribution","robots":{"index":"index","follow":"follow","max-snippet":"max-snippet:-1","max-image-preview":"max-image-preview:large","max-video-preview":"max-video-preview:-1"},"canonical":"https:\/\/distribucionarc.com\/fr\/produit\/machine-de-formation-de-comprimes-a-liberation-prolongee\/","og_locale":"fr_FR","og_type":"article","og_title":"MAQUINA FORMADORA DE TABLETAS DE LIBERACION PROLONGADA","og_description":"Presentamos la revolucionaria M\u00e1quina Rotativa Procesadora de Tabletas de Liberaci\u00f3n Prolongada, dise\u00f1ada para la fabricaci\u00f3n precisa de tabletas con diversas","og_url":"https:\/\/distribucionarc.com\/fr\/produit\/machine-de-formation-de-comprimes-a-liberation-prolongee\/","og_site_name":"distribuci\u00f3n ARC","article_modified_time":"2024-04-25T16:59:56+00:00","og_image":[{"width":600,"height":880,"url":"https:\/\/distribucionarc.com\/wp-content\/uploads\/2024\/04\/MAQUINA-FORMADORA-DE-TABLETAS-DE-LIBERACION-PROLONGADA-.jpg","type":"image\/jpeg"}],"twitter_card":"summary_large_image","twitter_misc":{"Dur\u00e9e de lecture estim\u00e9e":"1 minute"},"schema":{"@context":"https:\/\/schema.org","@graph":[{"@type":"WebPage","@id":"https:\/\/distribucionarc.com\/de\/producto\/maquina-formadora-de-tabletas-de-liberacion-prolongada\/","url":"https:\/\/distribucionarc.com\/de\/producto\/maquina-formadora-de-tabletas-de-liberacion-prolongada\/","name":"MACHINE DE FORMAGE DE COMPRIM\u00c9S \u00c0 LIB\u00c9RATION PROLONG\u00c9E - ARC distribution","isPartOf":{"@id":"https:\/\/www.distribucionarc.com\/de\/#website"},"primaryImageOfPage":{"@id":"https:\/\/distribucionarc.com\/de\/producto\/maquina-formadora-de-tabletas-de-liberacion-prolongada\/#primaryimage"},"image":{"@id":"https:\/\/distribucionarc.com\/de\/producto\/maquina-formadora-de-tabletas-de-liberacion-prolongada\/#primaryimage"},"thumbnailUrl":"https:\/\/distribucionarc.com\/wp-content\/uploads\/2024\/04\/MAQUINA-FORMADORA-DE-TABLETAS-DE-LIBERACION-PROLONGADA-.jpg","datePublished":"2024-04-25T16:46:42+00:00","dateModified":"2024-04-25T16:59:56+00:00","breadcrumb":{"@id":"https:\/\/distribucionarc.com\/de\/producto\/maquina-formadora-de-tabletas-de-liberacion-prolongada\/#breadcrumb"},"inLanguage":"fr-FR","potentialAction":[{"@type":"ReadAction","target":["https:\/\/distribucionarc.com\/de\/producto\/maquina-formadora-de-tabletas-de-liberacion-prolongada\/"]}]},{"@type":"ImageObject","inLanguage":"fr-FR","@id":"https:\/\/distribucionarc.com\/de\/producto\/maquina-formadora-de-tabletas-de-liberacion-prolongada\/#primaryimage","url":"https:\/\/distribucionarc.com\/wp-content\/uploads\/2024\/04\/MAQUINA-FORMADORA-DE-TABLETAS-DE-LIBERACION-PROLONGADA-.jpg","contentUrl":"https:\/\/distribucionarc.com\/wp-content\/uploads\/2024\/04\/MAQUINA-FORMADORA-DE-TABLETAS-DE-LIBERACION-PROLONGADA-.jpg","width":600,"height":880,"caption":"#image_title"},{"@type":"BreadcrumbList","@id":"https:\/\/distribucionarc.com\/de\/producto\/maquina-formadora-de-tabletas-de-liberacion-prolongada\/#breadcrumb","itemListElement":[{"@type":"ListItem","position":1,"name":"Portada","item":"https:\/\/www.distribucionarc.com\/en\/"},{"@type":"ListItem","position":2,"name":"Products","item":"https:\/\/www.distribucionarc.com\/en\/shop\/"},{"@type":"ListItem","position":3,"name":"MAQUINA FORMADORA DE TABLETAS DE LIBERACION PROLONGADA"}]},{"@type":"WebSite","@id":"https:\/\/www.distribucionarc.com\/de\/#website","url":"https:\/\/www.distribucionarc.com\/de\/","name":"R\u00e9partition de l&#039;ARC","description":"Entreprise sp\u00e9cialis\u00e9e dans la fabrication et la distribution de machines industrielles, scelleuses de bo\u00eetes, machines \u00e0 comprim\u00e9s, machines \u00e0 d\u00e9couper la viande...","publisher":{"@id":"https:\/\/www.distribucionarc.com\/de\/#organization"},"potentialAction":[{"@type":"SearchAction","target":{"@type":"EntryPoint","urlTemplate":"https:\/\/www.distribucionarc.com\/de\/?s={search_term_string}"},"query-input":{"@type":"PropertyValueSpecification","valueRequired":true,"valueName":"search_term_string"}}],"inLanguage":"fr-FR"},{"@type":"Organization","@id":"https:\/\/www.distribucionarc.com\/de\/#organization","name":"Distribution ARC","url":"https:\/\/www.distribucionarc.com\/de\/","logo":{"@type":"ImageObject","inLanguage":"fr-FR","@id":"https:\/\/www.distribucionarc.com\/de\/#\/schema\/logo\/image\/","url":"https:\/\/distribucionarc.com\/wp-content\/uploads\/2024\/10\/distribucion-ARC-COLOR-SIN-FONDO-e1732295305345.png","contentUrl":"https:\/\/distribucionarc.com\/wp-content\/uploads\/2024\/10\/distribucion-ARC-COLOR-SIN-FONDO-e1732295305345.png","width":1164,"height":558,"caption":"Distribuci\u00f3n ARC"},"image":{"@id":"https:\/\/www.distribucionarc.com\/de\/#\/schema\/logo\/image\/"},"description":"Entreprise sp\u00e9cialis\u00e9e dans la fabrication et la distribution de machines industrielles pour les secteurs alimentaire et pharmaceutique. Nous sommes sp\u00e9cialis\u00e9s dans : Machines \u00e0 couper la viande Fabrication de comprim\u00e9s Syst\u00e8mes de transport industriel Lignes d'embouteillage Machines de dosage Et bien plus encore... Nous proposons des solutions innovantes et personnalis\u00e9es pour optimiser les processus de production de votre entreprise.","email":"Admistracion@distribucionarc.com","telephone":"+34 643496664","legalName":"ARC TECH SOLUTIONS","foundingDate":"2024-04-09","vatID":"B55480172","numberOfEmployees":{"@type":"QuantitativeValue","minValue":"1","maxValue":"10"}}]}},"_links":{"self":[{"href":"https:\/\/distribucionarc.com\/fr\/wp-json\/wp\/v2\/product\/6764","targetHints":{"allow":["GET"]}}],"collection":[{"href":"https:\/\/distribucionarc.com\/fr\/wp-json\/wp\/v2\/product"}],"about":[{"href":"https:\/\/distribucionarc.com\/fr\/wp-json\/wp\/v2\/types\/product"}],"replies":[{"embeddable":true,"href":"https:\/\/distribucionarc.com\/fr\/wp-json\/wp\/v2\/comments?post=6764"}],"version-history":[{"count":0,"href":"https:\/\/distribucionarc.com\/fr\/wp-json\/wp\/v2\/product\/6764\/revisions"}],"wp:featuredmedia":[{"embeddable":true,"href":"https:\/\/distribucionarc.com\/fr\/wp-json\/wp\/v2\/media\/6770"}],"wp:attachment":[{"href":"https:\/\/distribucionarc.com\/fr\/wp-json\/wp\/v2\/media?parent=6764"}],"wp:term":[{"taxonomy":"product_brand","embeddable":true,"href":"https:\/\/distribucionarc.com\/fr\/wp-json\/wp\/v2\/product_brand?post=6764"},{"taxonomy":"product_cat","embeddable":true,"href":"https:\/\/distribucionarc.com\/fr\/wp-json\/wp\/v2\/product_cat?post=6764"},{"taxonomy":"product_tag","embeddable":true,"href":"https:\/\/distribucionarc.com\/fr\/wp-json\/wp\/v2\/product_tag?post=6764"}],"curies":[{"name":"wp","href":"https:\/\/api.w.org\/{rel}","templated":true}]}}