{"id":6777,"date":"2024-04-25T17:03:46","date_gmt":"2024-04-25T17:03:46","guid":{"rendered":"https:\/\/distribucionarc.com\/?post_type=product&#038;p=6777"},"modified":"2024-04-25T17:03:49","modified_gmt":"2024-04-25T17:03:49","slug":"presse-comprimes-pour-pilules-boostees-de-vitamines","status":"publish","type":"product","link":"https:\/\/distribucionarc.com\/fr\/producto\/maquina-prensadora-de-tabletas-para-pildoras-potenciadoras-de-vitaminas\/","title":{"rendered":"MACHINE DE PRESSAGE DE COMPRIM\u00c9S POUR PILULES BOOSTANTES DE VITAMINES"},"content":{"rendered":"<p>Nous introduisons le<strong> Presse \u00e0 comprim\u00e9s rotative s\u00e9rie ZARPW<\/strong>, con\u00e7u pour la fabrication efficace de<strong> pilules de rappel de vitamines<\/strong> dans l&#039;industrie pharmaceutique. Cette machine est le choix principal pour presser les poudres et les grains <strong>comprim\u00e9s<\/strong> avec des formes diverses, garantissant une production constante et de haute qualit\u00e9. Cette machine garantit un environnement de travail s\u00fbr et hygi\u00e9nique. Privil\u00e9giant la s\u00e9curit\u00e9 et la fiabilit\u00e9, la machine dispose d&#039;un dispositif de protection contre les surcharges qui arr\u00eate automatiquement le fonctionnement en cas de surpression, garantissant l&#039;int\u00e9grit\u00e9 de l&#039;\u00e9quipement et la qualit\u00e9 du produit final. D\u00e9couvrez l&#039;excellence dans <strong>fabrication de pilules de rappel de vitamines<\/strong> avec le <strong>Presse \u00e0 comprim\u00e9s rotative ZARPW<\/strong>, un investissement fiable et efficace pour satisfaire les besoins les plus exigeants du march\u00e9 pharmaceutique.<\/p>\n<p>&nbsp;<\/p>\n<table>\n<tbody>\n<tr>\n<td width=\"142\">Mod\u00e8le<\/td>\n<td width=\"142\">ZARPW-5A<\/td>\n<td width=\"142\">ZARPW-7A<\/td>\n<td width=\"142\">ZARPW-9A<\/td>\n<\/tr>\n<tr>\n<td width=\"142\">Jeux<\/td>\n<td width=\"142\">6<\/td>\n<td width=\"142\">7<\/td>\n<td width=\"142\">9<\/td>\n<\/tr>\n<tr>\n<td width=\"142\">Pression maximale (tonnes)<\/td>\n<td width=\"142\">80<\/td>\n<td width=\"142\">80<\/td>\n<td width=\"142\">80<\/td>\n<\/tr>\n<tr>\n<td width=\"142\">Diam\u00e8tre maximum remplissage (mm)<\/td>\n<td width=\"142\">20<\/td>\n<td width=\"142\">20<\/td>\n<td width=\"142\">20<\/td>\n<\/tr>\n<tr>\n<td width=\"142\">Profondeur maximale remplissage (;mm)<\/td>\n<td width=\"142\">20<\/td>\n<td width=\"142\">20<\/td>\n<td width=\"142\">20<\/td>\n<\/tr>\n<tr>\n<td width=\"142\">\u00c9paisseur maximale du comprim\u00e9 (mm)<\/td>\n<td width=\"142\">9<\/td>\n<td width=\"142\">9<\/td>\n<td width=\"142\">9<\/td>\n<\/tr>\n<tr>\n<td width=\"142\">Vitesse de la tourelle (r\/min)<\/td>\n<td width=\"142\">30<\/td>\n<td width=\"142\">30<\/td>\n<td width=\"142\">30<\/td>\n<\/tr>\n<tr>\n<td width=\"142\">Capacit\u00e9 de production (pi\u00e8ces\/h)<\/td>\n<td width=\"142\">16200<\/td>\n<td width=\"142\">12600<\/p>\n<p>&nbsp;<\/td>\n<td width=\"142\">16200<\/td>\n<\/tr>\n<tr>\n<td width=\"142\">Puissance du moteur (kw)<\/td>\n<td width=\"142\">3.0<\/td>\n<td width=\"142\">3.0<\/td>\n<td width=\"142\">3.0<\/td>\n<\/tr>\n<tr>\n<td width=\"142\">Taille hors tout (mm)<\/td>\n<td width=\"142\">670*<\/p>\n<p>720*<\/p>\n<p>1200*<\/td>\n<td width=\"142\">670*<\/p>\n<p>720*<\/p>\n<p>1200*<\/td>\n<td width=\"142\">670*<\/p>\n<p>720*<\/p>\n<p>1200*<\/td>\n<\/tr>\n<tr>\n<td width=\"142\">Poids net (kg)<\/td>\n<td width=\"142\">230<\/td>\n<td width=\"142\">230<\/td>\n<td width=\"142\">230<\/td>\n<\/tr>\n<\/tbody>\n<\/table>","protected":false},"excerpt":{"rendered":"<p>Nous pr\u00e9sentons la presse \u00e0 comprim\u00e9s rotative de la s\u00e9rie ZARPW, con\u00e7ue pour la fabrication efficace de pilules \u00e9nergisantes.<\/p>","protected":false},"featured_media":6788,"comment_status":"open","ping_status":"closed","template":"","meta":{"wds_primary_product_brand":0,"wds_primary_product_cat":0},"product_brand":[],"product_cat":[84],"product_tag":[],"class_list":{"0":"post-6777","1":"product","2":"type-product","3":"status-publish","4":"has-post-thumbnail","6":"product_cat-maquinas-para-hacer-pastillas","8":"first","9":"instock","10":"taxable","11":"shipping-taxable","12":"purchasable","13":"product-type-simple"},"yoast_head":"<!-- This site is optimized with the Yoast SEO Premium plugin v24.9 (Yoast SEO v26.1) - https:\/\/yoast.com\/wordpress\/plugins\/seo\/ -->\n<title>MAQUINA PRENSADORA DE TABLETAS PARA PILDORAS POTENCIADORAS DE VITAMINAS - distribuci\u00f3n ARC<\/title>\n<meta name=\"robots\" content=\"index, follow, max-snippet:-1, max-image-preview:large, max-video-preview:-1\" \/>\n<link rel=\"canonical\" href=\"https:\/\/www.distribucionarc.com\/sl\/producto\/maquina-prensadora-de-tabletas-para-pildoras-potenciadoras-de-vitaminas\/\" \/>\n<meta property=\"og:locale\" content=\"fr_FR\" \/>\n<meta property=\"og:type\" content=\"article\" \/>\n<meta property=\"og:title\" content=\"MAQUINA PRENSADORA DE TABLETAS PARA PILDORAS POTENCIADORAS DE VITAMINAS\" \/>\n<meta property=\"og:description\" content=\"Introducimos la M\u00e1quina Prensadora de Tabletas Rotativa de la serie ZARPW, dise\u00f1ada para la fabricaci\u00f3n eficiente de p\u00edldoras potenciadoras de\" \/>\n<meta property=\"og:url\" content=\"https:\/\/www.distribucionarc.com\/sl\/producto\/maquina-prensadora-de-tabletas-para-pildoras-potenciadoras-de-vitaminas\/\" \/>\n<meta property=\"og:site_name\" content=\"distribuci\u00f3n ARC\" \/>\n<meta property=\"article:modified_time\" content=\"2024-04-25T17:03:49+00:00\" \/>\n<meta property=\"og:image\" content=\"https:\/\/www.distribucionarc.com\/wp-content\/uploads\/2024\/04\/MAQUINA-PRENSADORA-DE-TABLETAS-PARA-PILDORAS-POTENCIADORAS-DE-VITAMINAS.jpg\" \/>\n\t<meta property=\"og:image:width\" content=\"552\" \/>\n\t<meta property=\"og:image:height\" content=\"832\" \/>\n\t<meta property=\"og:image:type\" content=\"image\/jpeg\" \/>\n<meta name=\"twitter:card\" content=\"summary_large_image\" \/>\n<meta name=\"twitter:label1\" content=\"Dur\u00e9e de lecture estim\u00e9e\" \/>\n\t<meta name=\"twitter:data1\" content=\"1 minute\" \/>\n<script type=\"application\/ld+json\" class=\"yoast-schema-graph\">{\"@context\":\"https:\/\/schema.org\",\"@graph\":[{\"@type\":\"WebPage\",\"@id\":\"https:\/\/www.distribucionarc.com\/sl\/producto\/maquina-prensadora-de-tabletas-para-pildoras-potenciadoras-de-vitaminas\/\",\"url\":\"https:\/\/www.distribucionarc.com\/sl\/producto\/maquina-prensadora-de-tabletas-para-pildoras-potenciadoras-de-vitaminas\/\",\"name\":\"MAQUINA PRENSADORA DE TABLETAS PARA PILDORAS POTENCIADORAS DE VITAMINAS - distribuci\u00f3n ARC\",\"isPartOf\":{\"@id\":\"https:\/\/distribucionarc.com\/de\/#website\"},\"primaryImageOfPage\":{\"@id\":\"https:\/\/www.distribucionarc.com\/sl\/producto\/maquina-prensadora-de-tabletas-para-pildoras-potenciadoras-de-vitaminas\/#primaryimage\"},\"image\":{\"@id\":\"https:\/\/www.distribucionarc.com\/sl\/producto\/maquina-prensadora-de-tabletas-para-pildoras-potenciadoras-de-vitaminas\/#primaryimage\"},\"thumbnailUrl\":\"https:\/\/distribucionarc.com\/wp-content\/uploads\/2024\/04\/MAQUINA-PRENSADORA-DE-TABLETAS-PARA-PILDORAS-POTENCIADORAS-DE-VITAMINAS.jpg\",\"datePublished\":\"2024-04-25T17:03:46+00:00\",\"dateModified\":\"2024-04-25T17:03:49+00:00\",\"breadcrumb\":{\"@id\":\"https:\/\/www.distribucionarc.com\/sl\/producto\/maquina-prensadora-de-tabletas-para-pildoras-potenciadoras-de-vitaminas\/#breadcrumb\"},\"inLanguage\":\"fr-FR\",\"potentialAction\":[{\"@type\":\"ReadAction\",\"target\":[\"https:\/\/www.distribucionarc.com\/sl\/producto\/maquina-prensadora-de-tabletas-para-pildoras-potenciadoras-de-vitaminas\/\"]}]},{\"@type\":\"ImageObject\",\"inLanguage\":\"fr-FR\",\"@id\":\"https:\/\/www.distribucionarc.com\/sl\/producto\/maquina-prensadora-de-tabletas-para-pildoras-potenciadoras-de-vitaminas\/#primaryimage\",\"url\":\"https:\/\/distribucionarc.com\/wp-content\/uploads\/2024\/04\/MAQUINA-PRENSADORA-DE-TABLETAS-PARA-PILDORAS-POTENCIADORAS-DE-VITAMINAS.jpg\",\"contentUrl\":\"https:\/\/distribucionarc.com\/wp-content\/uploads\/2024\/04\/MAQUINA-PRENSADORA-DE-TABLETAS-PARA-PILDORAS-POTENCIADORAS-DE-VITAMINAS.jpg\",\"width\":552,\"height\":832,\"caption\":\"#image_title\"},{\"@type\":\"BreadcrumbList\",\"@id\":\"https:\/\/www.distribucionarc.com\/sl\/producto\/maquina-prensadora-de-tabletas-para-pildoras-potenciadoras-de-vitaminas\/#breadcrumb\",\"itemListElement\":[{\"@type\":\"ListItem\",\"position\":1,\"name\":\"Portada\",\"item\":\"https:\/\/distribucionarc.com\/pl\/\"},{\"@type\":\"ListItem\",\"position\":2,\"name\":\"Produkty\",\"item\":\"https:\/\/distribucionarc.com\/pl\/shop\/\"},{\"@type\":\"ListItem\",\"position\":3,\"name\":\"MAQUINA PRENSADORA DE TABLETAS PARA PILDORAS POTENCIADORAS DE VITAMINAS\"}]},{\"@type\":\"WebSite\",\"@id\":\"https:\/\/distribucionarc.com\/de\/#website\",\"url\":\"https:\/\/distribucionarc.com\/de\/\",\"name\":\"distribuci\u00f3n ARC\",\"description\":\"Empresa especializada en la fabricaci\u00f3n y distribuci\u00f3n de maquinaria industrial, selladoras de latas, Maquinas de hacer pastillas, Maquinas de cortar carne...\",\"publisher\":{\"@id\":\"https:\/\/distribucionarc.com\/de\/#organization\"},\"potentialAction\":[{\"@type\":\"SearchAction\",\"target\":{\"@type\":\"EntryPoint\",\"urlTemplate\":\"https:\/\/distribucionarc.com\/de\/?s={search_term_string}\"},\"query-input\":{\"@type\":\"PropertyValueSpecification\",\"valueRequired\":true,\"valueName\":\"search_term_string\"}}],\"inLanguage\":\"fr-FR\"},{\"@type\":\"Organization\",\"@id\":\"https:\/\/distribucionarc.com\/de\/#organization\",\"name\":\"Distribuci\u00f3n ARC\",\"url\":\"https:\/\/distribucionarc.com\/de\/\",\"logo\":{\"@type\":\"ImageObject\",\"inLanguage\":\"fr-FR\",\"@id\":\"https:\/\/distribucionarc.com\/de\/#\/schema\/logo\/image\/\",\"url\":\"https:\/\/distribucionarc.com\/wp-content\/uploads\/2024\/10\/distribucion-ARC-COLOR-SIN-FONDO-e1732295305345.png\",\"contentUrl\":\"https:\/\/distribucionarc.com\/wp-content\/uploads\/2024\/10\/distribucion-ARC-COLOR-SIN-FONDO-e1732295305345.png\",\"width\":1164,\"height\":558,\"caption\":\"Distribuci\u00f3n ARC\"},\"image\":{\"@id\":\"https:\/\/distribucionarc.com\/de\/#\/schema\/logo\/image\/\"},\"description\":\"Empresa especializada en la fabricaci\u00f3n y distribuci\u00f3n de maquinaria industrial para los sectores alimentario y farmac\u00e9utico. Nos especializamos en: M\u00e1quinas de cortar carne Fabricaci\u00f3n de comprimidos Sistemas de transporte industrial L\u00edneas de embotellado Dosificadores Y mucho m\u00e1s... Ofrecemos soluciones innovadoras y personalizadas para optimizar los procesos productivos de tu empresa.\",\"email\":\"Admistracion@distribucionarc.com\",\"telephone\":\"+34 643496664\",\"legalName\":\"ARC TECH SOLUTIONS\",\"foundingDate\":\"2024-04-09\",\"vatID\":\"B55480172\",\"numberOfEmployees\":{\"@type\":\"QuantitativeValue\",\"minValue\":\"1\",\"maxValue\":\"10\"}}]}<\/script>\n<!-- \/ Yoast SEO Premium plugin. -->","yoast_head_json":{"title":"MACHINE DE PRESSAGE DE COMPRIM\u00c9S POUR PILULES AM\u00c9LIOR\u00c9ES DE VITAMINES - ARC distribution","robots":{"index":"index","follow":"follow","max-snippet":"max-snippet:-1","max-image-preview":"max-image-preview:large","max-video-preview":"max-video-preview:-1"},"canonical":"https:\/\/www.distribucionarc.com\/sl\/producto\/maquina-prensadora-de-tabletas-para-pildoras-potenciadoras-de-vitaminas\/","og_locale":"fr_FR","og_type":"article","og_title":"MAQUINA PRENSADORA DE TABLETAS PARA PILDORAS POTENCIADORAS DE VITAMINAS","og_description":"Introducimos la M\u00e1quina Prensadora de Tabletas Rotativa de la serie ZARPW, dise\u00f1ada para la fabricaci\u00f3n eficiente de p\u00edldoras potenciadoras de","og_url":"https:\/\/www.distribucionarc.com\/sl\/producto\/maquina-prensadora-de-tabletas-para-pildoras-potenciadoras-de-vitaminas\/","og_site_name":"distribuci\u00f3n ARC","article_modified_time":"2024-04-25T17:03:49+00:00","og_image":[{"width":552,"height":832,"url":"https:\/\/www.distribucionarc.com\/wp-content\/uploads\/2024\/04\/MAQUINA-PRENSADORA-DE-TABLETAS-PARA-PILDORAS-POTENCIADORAS-DE-VITAMINAS.jpg","type":"image\/jpeg"}],"twitter_card":"summary_large_image","twitter_misc":{"Dur\u00e9e de lecture estim\u00e9e":"1 minute"},"schema":{"@context":"https:\/\/schema.org","@graph":[{"@type":"WebPage","@id":"https:\/\/www.distribucionarc.com\/sl\/producto\/maquina-prensadora-de-tabletas-para-pildoras-potenciadoras-de-vitaminas\/","url":"https:\/\/www.distribucionarc.com\/sl\/producto\/maquina-prensadora-de-tabletas-para-pildoras-potenciadoras-de-vitaminas\/","name":"MACHINE DE PRESSAGE DE COMPRIM\u00c9S POUR PILULES AM\u00c9LIOR\u00c9ES DE VITAMINES - ARC distribution","isPartOf":{"@id":"https:\/\/distribucionarc.com\/de\/#website"},"primaryImageOfPage":{"@id":"https:\/\/www.distribucionarc.com\/sl\/producto\/maquina-prensadora-de-tabletas-para-pildoras-potenciadoras-de-vitaminas\/#primaryimage"},"image":{"@id":"https:\/\/www.distribucionarc.com\/sl\/producto\/maquina-prensadora-de-tabletas-para-pildoras-potenciadoras-de-vitaminas\/#primaryimage"},"thumbnailUrl":"https:\/\/distribucionarc.com\/wp-content\/uploads\/2024\/04\/MAQUINA-PRENSADORA-DE-TABLETAS-PARA-PILDORAS-POTENCIADORAS-DE-VITAMINAS.jpg","datePublished":"2024-04-25T17:03:46+00:00","dateModified":"2024-04-25T17:03:49+00:00","breadcrumb":{"@id":"https:\/\/www.distribucionarc.com\/sl\/producto\/maquina-prensadora-de-tabletas-para-pildoras-potenciadoras-de-vitaminas\/#breadcrumb"},"inLanguage":"fr-FR","potentialAction":[{"@type":"ReadAction","target":["https:\/\/www.distribucionarc.com\/sl\/producto\/maquina-prensadora-de-tabletas-para-pildoras-potenciadoras-de-vitaminas\/"]}]},{"@type":"ImageObject","inLanguage":"fr-FR","@id":"https:\/\/www.distribucionarc.com\/sl\/producto\/maquina-prensadora-de-tabletas-para-pildoras-potenciadoras-de-vitaminas\/#primaryimage","url":"https:\/\/distribucionarc.com\/wp-content\/uploads\/2024\/04\/MAQUINA-PRENSADORA-DE-TABLETAS-PARA-PILDORAS-POTENCIADORAS-DE-VITAMINAS.jpg","contentUrl":"https:\/\/distribucionarc.com\/wp-content\/uploads\/2024\/04\/MAQUINA-PRENSADORA-DE-TABLETAS-PARA-PILDORAS-POTENCIADORAS-DE-VITAMINAS.jpg","width":552,"height":832,"caption":"#image_title"},{"@type":"BreadcrumbList","@id":"https:\/\/www.distribucionarc.com\/sl\/producto\/maquina-prensadora-de-tabletas-para-pildoras-potenciadoras-de-vitaminas\/#breadcrumb","itemListElement":[{"@type":"ListItem","position":1,"name":"Portada","item":"https:\/\/distribucionarc.com\/pl\/"},{"@type":"ListItem","position":2,"name":"Produkty","item":"https:\/\/distribucionarc.com\/pl\/shop\/"},{"@type":"ListItem","position":3,"name":"MAQUINA PRENSADORA DE TABLETAS PARA PILDORAS POTENCIADORAS DE VITAMINAS"}]},{"@type":"WebSite","@id":"https:\/\/distribucionarc.com\/de\/#website","url":"https:\/\/distribucionarc.com\/de\/","name":"R\u00e9partition de l&#039;ARC","description":"Entreprise sp\u00e9cialis\u00e9e dans la fabrication et la distribution de machines industrielles, scelleuses de bo\u00eetes, machines \u00e0 comprim\u00e9s, machines \u00e0 d\u00e9couper la viande...","publisher":{"@id":"https:\/\/distribucionarc.com\/de\/#organization"},"potentialAction":[{"@type":"SearchAction","target":{"@type":"EntryPoint","urlTemplate":"https:\/\/distribucionarc.com\/de\/?s={search_term_string}"},"query-input":{"@type":"PropertyValueSpecification","valueRequired":true,"valueName":"search_term_string"}}],"inLanguage":"fr-FR"},{"@type":"Organization","@id":"https:\/\/distribucionarc.com\/de\/#organization","name":"Distribution ARC","url":"https:\/\/distribucionarc.com\/de\/","logo":{"@type":"ImageObject","inLanguage":"fr-FR","@id":"https:\/\/distribucionarc.com\/de\/#\/schema\/logo\/image\/","url":"https:\/\/distribucionarc.com\/wp-content\/uploads\/2024\/10\/distribucion-ARC-COLOR-SIN-FONDO-e1732295305345.png","contentUrl":"https:\/\/distribucionarc.com\/wp-content\/uploads\/2024\/10\/distribucion-ARC-COLOR-SIN-FONDO-e1732295305345.png","width":1164,"height":558,"caption":"Distribuci\u00f3n ARC"},"image":{"@id":"https:\/\/distribucionarc.com\/de\/#\/schema\/logo\/image\/"},"description":"Entreprise sp\u00e9cialis\u00e9e dans la fabrication et la distribution de machines industrielles pour les secteurs alimentaire et pharmaceutique. Nous sommes sp\u00e9cialis\u00e9s dans : Machines \u00e0 couper la viande Fabrication de comprim\u00e9s Syst\u00e8mes de transport industriel Lignes d'embouteillage Machines de dosage Et bien plus encore... Nous proposons des solutions innovantes et personnalis\u00e9es pour optimiser les processus de production de votre entreprise.","email":"Admistracion@distribucionarc.com","telephone":"+34 643496664","legalName":"ARC TECH SOLUTIONS","foundingDate":"2024-04-09","vatID":"B55480172","numberOfEmployees":{"@type":"QuantitativeValue","minValue":"1","maxValue":"10"}}]}},"_links":{"self":[{"href":"https:\/\/distribucionarc.com\/fr\/wp-json\/wp\/v2\/product\/6777","targetHints":{"allow":["GET"]}}],"collection":[{"href":"https:\/\/distribucionarc.com\/fr\/wp-json\/wp\/v2\/product"}],"about":[{"href":"https:\/\/distribucionarc.com\/fr\/wp-json\/wp\/v2\/types\/product"}],"replies":[{"embeddable":true,"href":"https:\/\/distribucionarc.com\/fr\/wp-json\/wp\/v2\/comments?post=6777"}],"version-history":[{"count":0,"href":"https:\/\/distribucionarc.com\/fr\/wp-json\/wp\/v2\/product\/6777\/revisions"}],"wp:featuredmedia":[{"embeddable":true,"href":"https:\/\/distribucionarc.com\/fr\/wp-json\/wp\/v2\/media\/6788"}],"wp:attachment":[{"href":"https:\/\/distribucionarc.com\/fr\/wp-json\/wp\/v2\/media?parent=6777"}],"wp:term":[{"taxonomy":"product_brand","embeddable":true,"href":"https:\/\/distribucionarc.com\/fr\/wp-json\/wp\/v2\/product_brand?post=6777"},{"taxonomy":"product_cat","embeddable":true,"href":"https:\/\/distribucionarc.com\/fr\/wp-json\/wp\/v2\/product_cat?post=6777"},{"taxonomy":"product_tag","embeddable":true,"href":"https:\/\/distribucionarc.com\/fr\/wp-json\/wp\/v2\/product_tag?post=6777"}],"curies":[{"name":"wp","href":"https:\/\/api.w.org\/{rel}","templated":true}]}}