{"id":6863,"date":"2024-04-26T16:23:43","date_gmt":"2024-04-26T16:23:43","guid":{"rendered":"https:\/\/distribucionarc.com\/?post_type=product&#038;p=6863"},"modified":"2024-04-26T16:23:45","modified_gmt":"2024-04-26T16:23:45","slug":"machine-de-compactage-pressage-pour-comprimes-proteiques-ameliores","status":"publish","type":"product","link":"https:\/\/distribucionarc.com\/fr\/producto\/maquina-compactadora-prensadora-para-comprimidos-mejorados-de-proteinas\/","title":{"rendered":"MACHINE DE PRESSE COMPACTRICE POUR COMPRIM\u00c9S DE PROT\u00c9INES AM\u00c9LIOR\u00c9S"},"content":{"rendered":"<p>Nous pr\u00e9sentons le<strong> Machine de compactage de presse \u00e0 comprim\u00e9s mod\u00e8le TARHDP<\/strong>, disponible en mod\u00e8les \u00e9lectriques <strong>TARHDP-3<\/strong>, \u00e9change \u00e9lectrique et manuel, <strong>TARHDP-5 et TARHDP-6.<\/strong> Cette machine est sp\u00e9cialement con\u00e7ue pour la production de<strong> comprim\u00e9s enrichis en prot\u00e9ines comprim\u00e9s<\/strong> \u00e0 partir de granul\u00e9s et de poudres fines. Avec la capacit\u00e9 de traiter de petits granul\u00e9s de poudre, le<strong> Machine TARHDP<\/strong> offre une efficacit\u00e9 exceptionnelle et des r\u00e9sultats de haute qualit\u00e9 dans chaque cycle de production. Sa conception \u00e9lectrique garantit un fonctionnement fluide et fiable, tandis que l&#039;option d&#039;interchangeabilit\u00e9 \u00e9lectrique et manuelle offre une polyvalence de fonctionnement en fonction des besoins de l&#039;utilisateur. Par ailleurs, le <strong>Machine TARHDP<\/strong> Il est \u00e9quip\u00e9 de fonctionnalit\u00e9s avanc\u00e9es pour une production optimale, telles que des r\u00e9glages pr\u00e9cis de la pression et de l\u2019\u00e9paisseur des comprim\u00e9s. Sa conception robuste et durable en fait un investissement fiable pour les entreprises cherchant \u00e0 am\u00e9liorer leur processus de production. <strong>fabrication de comprim\u00e9s prot\u00e9in\u00e9s.<\/strong><\/p>\n<p>&nbsp;<\/p>\n<table>\n<tbody>\n<tr>\n<td width=\"113\">Mod\u00e8le<\/td>\n<td width=\"113\">TARHDP-3 \u00e9lectrique<\/td>\n<td width=\"113\">TARHDP-3 (\u00e9change \u00e9lectrique manuel<\/td>\n<td width=\"113\">TARHDP-5<\/td>\n<td width=\"113\">TARHDP-6<\/td>\n<\/tr>\n<tr>\n<td width=\"113\">Jeux<\/td>\n<td width=\"113\">1<\/td>\n<td width=\"113\">1<\/td>\n<td width=\"113\">1<\/td>\n<td width=\"113\">1<\/td>\n<\/tr>\n<tr>\n<td width=\"113\">Pression maximale (tonnes)<\/td>\n<td width=\"113\">30<\/td>\n<td width=\"113\">30<\/td>\n<td width=\"113\">50<\/td>\n<td width=\"113\">60<\/td>\n<\/tr>\n<tr>\n<td width=\"113\">Diam\u00e8tre maximum de comprim\u00e9 (mm)<\/td>\n<td width=\"113\">5-15<\/td>\n<td width=\"113\">12<\/td>\n<td width=\"113\">5.15<\/td>\n<td width=\"113\">20<\/td>\n<\/tr>\n<tr>\n<td width=\"113\">Profondeur maximale remplissage (millim\u00e8tres)<\/td>\n<td width=\"113\">18<\/td>\n<td width=\"113\">12<\/td>\n<td width=\"113\">0.18<\/td>\n<td width=\"113\">18<\/td>\n<\/tr>\n<tr>\n<td width=\"113\">\u00c9paisseur maximale comprim\u00e9 (millim\u00e8tres)<\/td>\n<td width=\"113\">6<\/td>\n<td width=\"113\">6<\/td>\n<td width=\"113\">0.7<\/td>\n<td width=\"113\">7<\/td>\n<\/tr>\n<tr>\n<td width=\"113\">Capacit\u00e9 de production (pi\u00e8ces\/h)<\/td>\n<td width=\"113\">4000<\/td>\n<td width=\"113\">4000<\/td>\n<td width=\"113\">4200<\/td>\n<td width=\"113\">4000<\/td>\n<\/tr>\n<tr>\n<td width=\"113\">Puissance du moteur (kw)<\/td>\n<td width=\"113\">0.75<\/td>\n<td width=\"113\">4000<\/td>\n<td width=\"113\">0.78<\/td>\n<td width=\"113\">1.5<\/td>\n<\/tr>\n<tr>\n<td width=\"113\">Taille hors tout (millim\u00e8tres)<\/td>\n<td width=\"113\">450*<\/p>\n<p>300*<\/p>\n<p>550*<\/td>\n<td width=\"113\">450*<\/p>\n<p>300*<\/p>\n<p>550*<\/td>\n<td width=\"113\">480*<\/p>\n<p>460*<\/p>\n<p>620*<\/td>\n<td width=\"113\">500*<\/p>\n<p>410*<\/p>\n<p>680*<\/td>\n<\/tr>\n<tr>\n<td width=\"113\">Poids net (kg)<\/td>\n<td width=\"113\">50<\/td>\n<td width=\"113\">40<\/td>\n<td width=\"113\">55<\/td>\n<td width=\"113\">85<\/td>\n<\/tr>\n<\/tbody>\n<\/table>\n<p>&nbsp;<\/p>","protected":false},"excerpt":{"rendered":"<p>Pr\u00e9sentation de la machine de compactage de presse \u00e0 comprim\u00e9s mod\u00e8le TARHDP, disponible en mod\u00e8les \u00e9lectriques TARHDP-3, \u00e9change \u00e9lectrique et manuel, TARHDP-5<\/p>","protected":false},"featured_media":6864,"comment_status":"open","ping_status":"closed","template":"","meta":{"wds_primary_product_brand":0,"wds_primary_product_cat":0},"product_brand":[],"product_cat":[84],"product_tag":[],"class_list":{"0":"post-6863","1":"product","2":"type-product","3":"status-publish","4":"has-post-thumbnail","6":"product_cat-maquinas-para-hacer-pastillas","8":"first","9":"instock","10":"taxable","11":"shipping-taxable","12":"purchasable","13":"product-type-simple"},"yoast_head":"<!-- This site is optimized with the Yoast SEO Premium plugin v24.9 (Yoast SEO v26.1) - https:\/\/yoast.com\/wordpress\/plugins\/seo\/ -->\n<title>MAQUINA COMPACTADORA PRENSADORA PARA COMPRIMIDOS MEJORADOS DE PROTEINAS - distribuci\u00f3n ARC<\/title>\n<meta name=\"robots\" content=\"index, follow, max-snippet:-1, max-image-preview:large, max-video-preview:-1\" \/>\n<link rel=\"canonical\" href=\"https:\/\/www.distribucionarc.com\/producto\/maquina-compactadora-prensadora-para-comprimidos-mejorados-de-proteinas\/\" \/>\n<meta property=\"og:locale\" content=\"fr_FR\" \/>\n<meta property=\"og:type\" content=\"article\" \/>\n<meta property=\"og:title\" content=\"MAQUINA COMPACTADORA PRENSADORA PARA COMPRIMIDOS MEJORADOS DE PROTEINAS\" \/>\n<meta property=\"og:description\" content=\"Presentamos la M\u00e1quina Compactadora Prensadora de Tabletas Modelo TARHDP, disponible en los modelos el\u00e9ctricos TARHDP-3, intercambio el\u00e9ctrico y manual, TARHDP-5\" \/>\n<meta property=\"og:url\" content=\"https:\/\/www.distribucionarc.com\/producto\/maquina-compactadora-prensadora-para-comprimidos-mejorados-de-proteinas\/\" \/>\n<meta property=\"og:site_name\" content=\"distribuci\u00f3n ARC\" \/>\n<meta property=\"article:modified_time\" content=\"2024-04-26T16:23:45+00:00\" \/>\n<meta property=\"og:image\" content=\"https:\/\/www.distribucionarc.com\/wp-content\/uploads\/2024\/04\/MAQUINA-COMPACTADORA-PRENSADORA-PARA-COMPRIMIDOS-MEJORADOS-DE-PROTEINAS-TARHDP-6.jpg\" \/>\n\t<meta property=\"og:image:width\" content=\"1656\" \/>\n\t<meta property=\"og:image:height\" content=\"1160\" \/>\n\t<meta property=\"og:image:type\" content=\"image\/jpeg\" \/>\n<meta name=\"twitter:card\" content=\"summary_large_image\" \/>\n<meta name=\"twitter:label1\" content=\"Dur\u00e9e de lecture estim\u00e9e\" \/>\n\t<meta name=\"twitter:data1\" content=\"1 minute\" \/>\n<script type=\"application\/ld+json\" class=\"yoast-schema-graph\">{\"@context\":\"https:\/\/schema.org\",\"@graph\":[{\"@type\":\"WebPage\",\"@id\":\"https:\/\/www.distribucionarc.com\/producto\/maquina-compactadora-prensadora-para-comprimidos-mejorados-de-proteinas\/\",\"url\":\"https:\/\/www.distribucionarc.com\/producto\/maquina-compactadora-prensadora-para-comprimidos-mejorados-de-proteinas\/\",\"name\":\"MAQUINA COMPACTADORA PRENSADORA PARA COMPRIMIDOS MEJORADOS DE PROTEINAS - distribuci\u00f3n ARC\",\"isPartOf\":{\"@id\":\"https:\/\/www.distribucionarc.com\/sl\/#website\"},\"primaryImageOfPage\":{\"@id\":\"https:\/\/www.distribucionarc.com\/producto\/maquina-compactadora-prensadora-para-comprimidos-mejorados-de-proteinas\/#primaryimage\"},\"image\":{\"@id\":\"https:\/\/www.distribucionarc.com\/producto\/maquina-compactadora-prensadora-para-comprimidos-mejorados-de-proteinas\/#primaryimage\"},\"thumbnailUrl\":\"https:\/\/distribucionarc.com\/wp-content\/uploads\/2024\/04\/MAQUINA-COMPACTADORA-PRENSADORA-PARA-COMPRIMIDOS-MEJORADOS-DE-PROTEINAS-TARHDP-6.jpg\",\"datePublished\":\"2024-04-26T16:23:43+00:00\",\"dateModified\":\"2024-04-26T16:23:45+00:00\",\"breadcrumb\":{\"@id\":\"https:\/\/www.distribucionarc.com\/producto\/maquina-compactadora-prensadora-para-comprimidos-mejorados-de-proteinas\/#breadcrumb\"},\"inLanguage\":\"fr-FR\",\"potentialAction\":[{\"@type\":\"ReadAction\",\"target\":[\"https:\/\/www.distribucionarc.com\/producto\/maquina-compactadora-prensadora-para-comprimidos-mejorados-de-proteinas\/\"]}]},{\"@type\":\"ImageObject\",\"inLanguage\":\"fr-FR\",\"@id\":\"https:\/\/www.distribucionarc.com\/producto\/maquina-compactadora-prensadora-para-comprimidos-mejorados-de-proteinas\/#primaryimage\",\"url\":\"https:\/\/distribucionarc.com\/wp-content\/uploads\/2024\/04\/MAQUINA-COMPACTADORA-PRENSADORA-PARA-COMPRIMIDOS-MEJORADOS-DE-PROTEINAS-TARHDP-6.jpg\",\"contentUrl\":\"https:\/\/distribucionarc.com\/wp-content\/uploads\/2024\/04\/MAQUINA-COMPACTADORA-PRENSADORA-PARA-COMPRIMIDOS-MEJORADOS-DE-PROTEINAS-TARHDP-6.jpg\",\"width\":1656,\"height\":1160,\"caption\":\"#image_title\"},{\"@type\":\"BreadcrumbList\",\"@id\":\"https:\/\/www.distribucionarc.com\/producto\/maquina-compactadora-prensadora-para-comprimidos-mejorados-de-proteinas\/#breadcrumb\",\"itemListElement\":[{\"@type\":\"ListItem\",\"position\":1,\"name\":\"Portada\",\"item\":\"https:\/\/www.distribucionarc.com\/\"},{\"@type\":\"ListItem\",\"position\":2,\"name\":\"\u00dcr\u00fcnler\",\"item\":\"https:\/\/www.distribucionarc.com\/tr\/magaza\/\"},{\"@type\":\"ListItem\",\"position\":3,\"name\":\"MAQUINA COMPACTADORA PRENSADORA PARA COMPRIMIDOS MEJORADOS DE PROTEINAS\"}]},{\"@type\":\"WebSite\",\"@id\":\"https:\/\/www.distribucionarc.com\/sl\/#website\",\"url\":\"https:\/\/www.distribucionarc.com\/sl\/\",\"name\":\"distribuci\u00f3n ARC\",\"description\":\"Empresa especializada en la fabricaci\u00f3n y distribuci\u00f3n de maquinaria industrial, selladoras de latas, Maquinas de hacer pastillas, Maquinas de cortar carne...\",\"publisher\":{\"@id\":\"https:\/\/www.distribucionarc.com\/sl\/#organization\"},\"potentialAction\":[{\"@type\":\"SearchAction\",\"target\":{\"@type\":\"EntryPoint\",\"urlTemplate\":\"https:\/\/www.distribucionarc.com\/sl\/?s={search_term_string}\"},\"query-input\":{\"@type\":\"PropertyValueSpecification\",\"valueRequired\":true,\"valueName\":\"search_term_string\"}}],\"inLanguage\":\"fr-FR\"},{\"@type\":\"Organization\",\"@id\":\"https:\/\/www.distribucionarc.com\/sl\/#organization\",\"name\":\"Distribuci\u00f3n ARC\",\"url\":\"https:\/\/www.distribucionarc.com\/sl\/\",\"logo\":{\"@type\":\"ImageObject\",\"inLanguage\":\"fr-FR\",\"@id\":\"https:\/\/www.distribucionarc.com\/sl\/#\/schema\/logo\/image\/\",\"url\":\"https:\/\/distribucionarc.com\/wp-content\/uploads\/2024\/10\/distribucion-ARC-COLOR-SIN-FONDO-e1732295305345.png\",\"contentUrl\":\"https:\/\/distribucionarc.com\/wp-content\/uploads\/2024\/10\/distribucion-ARC-COLOR-SIN-FONDO-e1732295305345.png\",\"width\":1164,\"height\":558,\"caption\":\"Distribuci\u00f3n ARC\"},\"image\":{\"@id\":\"https:\/\/www.distribucionarc.com\/sl\/#\/schema\/logo\/image\/\"},\"description\":\"Empresa especializada en la fabricaci\u00f3n y distribuci\u00f3n de maquinaria industrial para los sectores alimentario y farmac\u00e9utico. Nos especializamos en: M\u00e1quinas de cortar carne Fabricaci\u00f3n de comprimidos Sistemas de transporte industrial L\u00edneas de embotellado Dosificadores Y mucho m\u00e1s... Ofrecemos soluciones innovadoras y personalizadas para optimizar los procesos productivos de tu empresa.\",\"email\":\"Admistracion@distribucionarc.com\",\"telephone\":\"+34 643496664\",\"legalName\":\"ARC TECH SOLUTIONS\",\"foundingDate\":\"2024-04-09\",\"vatID\":\"B55480172\",\"numberOfEmployees\":{\"@type\":\"QuantitativeValue\",\"minValue\":\"1\",\"maxValue\":\"10\"}}]}<\/script>\n<!-- \/ Yoast SEO Premium plugin. -->","yoast_head_json":{"title":"PRESSE COMPACTEUR POUR COMPRIMES PROT\u00c9IQUES AM\u00c9LIOR\u00c9S - ARC distribution","robots":{"index":"index","follow":"follow","max-snippet":"max-snippet:-1","max-image-preview":"max-image-preview:large","max-video-preview":"max-video-preview:-1"},"canonical":"https:\/\/www.distribucionarc.com\/producto\/maquina-compactadora-prensadora-para-comprimidos-mejorados-de-proteinas\/","og_locale":"fr_FR","og_type":"article","og_title":"MAQUINA COMPACTADORA PRENSADORA PARA COMPRIMIDOS MEJORADOS DE PROTEINAS","og_description":"Presentamos la M\u00e1quina Compactadora Prensadora de Tabletas Modelo TARHDP, disponible en los modelos el\u00e9ctricos TARHDP-3, intercambio el\u00e9ctrico y manual, TARHDP-5","og_url":"https:\/\/www.distribucionarc.com\/producto\/maquina-compactadora-prensadora-para-comprimidos-mejorados-de-proteinas\/","og_site_name":"distribuci\u00f3n ARC","article_modified_time":"2024-04-26T16:23:45+00:00","og_image":[{"width":1656,"height":1160,"url":"https:\/\/www.distribucionarc.com\/wp-content\/uploads\/2024\/04\/MAQUINA-COMPACTADORA-PRENSADORA-PARA-COMPRIMIDOS-MEJORADOS-DE-PROTEINAS-TARHDP-6.jpg","type":"image\/jpeg"}],"twitter_card":"summary_large_image","twitter_misc":{"Dur\u00e9e de lecture estim\u00e9e":"1 minute"},"schema":{"@context":"https:\/\/schema.org","@graph":[{"@type":"WebPage","@id":"https:\/\/www.distribucionarc.com\/producto\/maquina-compactadora-prensadora-para-comprimidos-mejorados-de-proteinas\/","url":"https:\/\/www.distribucionarc.com\/producto\/maquina-compactadora-prensadora-para-comprimidos-mejorados-de-proteinas\/","name":"PRESSE COMPACTEUR POUR COMPRIMES PROT\u00c9IQUES AM\u00c9LIOR\u00c9S - ARC distribution","isPartOf":{"@id":"https:\/\/www.distribucionarc.com\/sl\/#website"},"primaryImageOfPage":{"@id":"https:\/\/www.distribucionarc.com\/producto\/maquina-compactadora-prensadora-para-comprimidos-mejorados-de-proteinas\/#primaryimage"},"image":{"@id":"https:\/\/www.distribucionarc.com\/producto\/maquina-compactadora-prensadora-para-comprimidos-mejorados-de-proteinas\/#primaryimage"},"thumbnailUrl":"https:\/\/distribucionarc.com\/wp-content\/uploads\/2024\/04\/MAQUINA-COMPACTADORA-PRENSADORA-PARA-COMPRIMIDOS-MEJORADOS-DE-PROTEINAS-TARHDP-6.jpg","datePublished":"2024-04-26T16:23:43+00:00","dateModified":"2024-04-26T16:23:45+00:00","breadcrumb":{"@id":"https:\/\/www.distribucionarc.com\/producto\/maquina-compactadora-prensadora-para-comprimidos-mejorados-de-proteinas\/#breadcrumb"},"inLanguage":"fr-FR","potentialAction":[{"@type":"ReadAction","target":["https:\/\/www.distribucionarc.com\/producto\/maquina-compactadora-prensadora-para-comprimidos-mejorados-de-proteinas\/"]}]},{"@type":"ImageObject","inLanguage":"fr-FR","@id":"https:\/\/www.distribucionarc.com\/producto\/maquina-compactadora-prensadora-para-comprimidos-mejorados-de-proteinas\/#primaryimage","url":"https:\/\/distribucionarc.com\/wp-content\/uploads\/2024\/04\/MAQUINA-COMPACTADORA-PRENSADORA-PARA-COMPRIMIDOS-MEJORADOS-DE-PROTEINAS-TARHDP-6.jpg","contentUrl":"https:\/\/distribucionarc.com\/wp-content\/uploads\/2024\/04\/MAQUINA-COMPACTADORA-PRENSADORA-PARA-COMPRIMIDOS-MEJORADOS-DE-PROTEINAS-TARHDP-6.jpg","width":1656,"height":1160,"caption":"#image_title"},{"@type":"BreadcrumbList","@id":"https:\/\/www.distribucionarc.com\/producto\/maquina-compactadora-prensadora-para-comprimidos-mejorados-de-proteinas\/#breadcrumb","itemListElement":[{"@type":"ListItem","position":1,"name":"Portada","item":"https:\/\/www.distribucionarc.com\/"},{"@type":"ListItem","position":2,"name":"\u00dcr\u00fcnler","item":"https:\/\/www.distribucionarc.com\/tr\/magaza\/"},{"@type":"ListItem","position":3,"name":"MAQUINA COMPACTADORA PRENSADORA PARA COMPRIMIDOS MEJORADOS DE PROTEINAS"}]},{"@type":"WebSite","@id":"https:\/\/www.distribucionarc.com\/sl\/#website","url":"https:\/\/www.distribucionarc.com\/sl\/","name":"R\u00e9partition de l&#039;ARC","description":"Entreprise sp\u00e9cialis\u00e9e dans la fabrication et la distribution de machines industrielles, scelleuses de bo\u00eetes, machines \u00e0 comprim\u00e9s, machines \u00e0 d\u00e9couper la viande...","publisher":{"@id":"https:\/\/www.distribucionarc.com\/sl\/#organization"},"potentialAction":[{"@type":"SearchAction","target":{"@type":"EntryPoint","urlTemplate":"https:\/\/www.distribucionarc.com\/sl\/?s={search_term_string}"},"query-input":{"@type":"PropertyValueSpecification","valueRequired":true,"valueName":"search_term_string"}}],"inLanguage":"fr-FR"},{"@type":"Organization","@id":"https:\/\/www.distribucionarc.com\/sl\/#organization","name":"Distribution ARC","url":"https:\/\/www.distribucionarc.com\/sl\/","logo":{"@type":"ImageObject","inLanguage":"fr-FR","@id":"https:\/\/www.distribucionarc.com\/sl\/#\/schema\/logo\/image\/","url":"https:\/\/distribucionarc.com\/wp-content\/uploads\/2024\/10\/distribucion-ARC-COLOR-SIN-FONDO-e1732295305345.png","contentUrl":"https:\/\/distribucionarc.com\/wp-content\/uploads\/2024\/10\/distribucion-ARC-COLOR-SIN-FONDO-e1732295305345.png","width":1164,"height":558,"caption":"Distribuci\u00f3n ARC"},"image":{"@id":"https:\/\/www.distribucionarc.com\/sl\/#\/schema\/logo\/image\/"},"description":"Entreprise sp\u00e9cialis\u00e9e dans la fabrication et la distribution de machines industrielles pour les secteurs alimentaire et pharmaceutique. Nous sommes sp\u00e9cialis\u00e9s dans : Machines \u00e0 couper la viande Fabrication de comprim\u00e9s Syst\u00e8mes de transport industriel Lignes d'embouteillage Machines de dosage Et bien plus encore... Nous proposons des solutions innovantes et personnalis\u00e9es pour optimiser les processus de production de votre entreprise.","email":"Admistracion@distribucionarc.com","telephone":"+34 643496664","legalName":"ARC TECH SOLUTIONS","foundingDate":"2024-04-09","vatID":"B55480172","numberOfEmployees":{"@type":"QuantitativeValue","minValue":"1","maxValue":"10"}}]}},"_links":{"self":[{"href":"https:\/\/distribucionarc.com\/fr\/wp-json\/wp\/v2\/product\/6863","targetHints":{"allow":["GET"]}}],"collection":[{"href":"https:\/\/distribucionarc.com\/fr\/wp-json\/wp\/v2\/product"}],"about":[{"href":"https:\/\/distribucionarc.com\/fr\/wp-json\/wp\/v2\/types\/product"}],"replies":[{"embeddable":true,"href":"https:\/\/distribucionarc.com\/fr\/wp-json\/wp\/v2\/comments?post=6863"}],"version-history":[{"count":0,"href":"https:\/\/distribucionarc.com\/fr\/wp-json\/wp\/v2\/product\/6863\/revisions"}],"wp:featuredmedia":[{"embeddable":true,"href":"https:\/\/distribucionarc.com\/fr\/wp-json\/wp\/v2\/media\/6864"}],"wp:attachment":[{"href":"https:\/\/distribucionarc.com\/fr\/wp-json\/wp\/v2\/media?parent=6863"}],"wp:term":[{"taxonomy":"product_brand","embeddable":true,"href":"https:\/\/distribucionarc.com\/fr\/wp-json\/wp\/v2\/product_brand?post=6863"},{"taxonomy":"product_cat","embeddable":true,"href":"https:\/\/distribucionarc.com\/fr\/wp-json\/wp\/v2\/product_cat?post=6863"},{"taxonomy":"product_tag","embeddable":true,"href":"https:\/\/distribucionarc.com\/fr\/wp-json\/wp\/v2\/product_tag?post=6863"}],"curies":[{"name":"wp","href":"https:\/\/api.w.org\/{rel}","templated":true}]}}