{"id":6885,"date":"2024-04-26T17:54:26","date_gmt":"2024-04-26T17:54:26","guid":{"rendered":"https:\/\/distribucionarc.com\/?post_type=product&#038;p=6885"},"modified":"2024-04-26T17:54:27","modified_gmt":"2024-04-26T17:54:27","slug":"v-blender-mixer-pour-poudres-de-supplements-de-collagene","status":"publish","type":"product","link":"https:\/\/distribucionarc.com\/fr\/producto\/mezcladora-v-blender-para-polvos-de-suplementos-de-colageno\/","title":{"rendered":"V BLENDER M\u00c9LANGEUR POUR POUDRE DE SUPPL\u00c9MENT DE COLLAG\u00c8NE"},"content":{"rendered":"<p>D\u00e9couvrez notre <strong>M\u00e9langeur V BLENDER<\/strong> con\u00e7u sp\u00e9cifiquement pour le <strong>production de suppl\u00e9ment de collag\u00e8ne<\/strong> dans les industries pharmaceutique et alimentaire. Avec une transmission m\u00e9canique avanc\u00e9e et deux cylindres en forme de V, il assure un m\u00e9lange uniforme et efficace de mat\u00e9riaux en poudre s\u00e8che SS304 de haute qualit\u00e9. Facile \u00e0 utiliser et dot\u00e9 de commandes intuitives, maximisez la productivit\u00e9 de votre \u00e9quipe. Am\u00e9liorez votre processus de production avec notre solution innovante !<\/p>\n<p>&nbsp;<\/p>\n<table>\n<tbody>\n<tr>\n<td width=\"43\">Mod\u00e8le<\/td>\n<td width=\"44\">Valeur totale (Litres)<\/td>\n<td width=\"42\">Volume net (Litres)<\/td>\n<td width=\"50\">Coefficient de charge<\/td>\n<td width=\"48\">Capacit\u00e9 maximale (kg)<\/td>\n<td width=\"48\">Capacit\u00e9 de leadership optimale (kg)<\/td>\n<td width=\"43\">Diam\u00e8tre du canon (millim\u00e8tres)<\/td>\n<td width=\"55\">Diam\u00e8tre d&#039;entr\u00e9e d&#039;alimentation (millim\u00e8tres)<\/td>\n<td width=\"41\">Diam\u00e8tre de sortie (millim\u00e8tres)<\/td>\n<td width=\"35\">Force (kw)<\/td>\n<td width=\"65\">Vitesse (tr\/min)<\/td>\n<td width=\"55\">Dimensions (mm)<\/td>\n<\/tr>\n<tr>\n<td width=\"43\">VARH2<\/td>\n<td width=\"44\">2<\/td>\n<td width=\"42\">0.8<\/td>\n<td width=\"50\">40%<\/td>\n<td width=\"48\">1<\/td>\n<td width=\"48\">0.6<\/td>\n<td width=\"43\">-900<\/td>\n<td width=\"55\">-57<\/td>\n<td width=\"41\">-57<\/td>\n<td width=\"35\">1.04<\/td>\n<td width=\"65\">24<\/td>\n<td width=\"55\">475*<\/p>\n<p>205*<\/p>\n<p>380*<\/td>\n<\/tr>\n<tr>\n<td width=\"43\">VARH5<\/td>\n<td width=\"44\">5<\/td>\n<td width=\"42\">2<\/td>\n<td width=\"50\">40%<\/td>\n<td width=\"48\">2.5<\/td>\n<td width=\"48\">1.4<\/td>\n<td width=\"43\">-133<\/td>\n<td width=\"55\">-76<\/td>\n<td width=\"41\">-76<\/td>\n<td width=\"35\">0.55<\/td>\n<td width=\"65\">24<\/td>\n<td width=\"55\">720*<\/p>\n<p>350*<\/p>\n<p>610*<\/td>\n<\/tr>\n<tr>\n<td width=\"43\">VARH8<\/td>\n<td width=\"44\">8<\/td>\n<td width=\"42\">3.2<\/td>\n<td width=\"50\">40%<\/td>\n<td width=\"48\">4<\/td>\n<td width=\"48\">2.2<\/td>\n<td width=\"43\">-133<\/td>\n<td width=\"55\">-76<\/td>\n<td width=\"41\">-76<\/td>\n<td width=\"35\">0.55<\/td>\n<td width=\"65\">24<\/td>\n<td width=\"55\">810*<\/p>\n<p>350*<\/p>\n<p>625*<\/td>\n<\/tr>\n<tr>\n<td width=\"43\">VARH10<\/td>\n<td width=\"44\">10<\/td>\n<td width=\"42\">4<\/td>\n<td width=\"50\">40%<\/td>\n<td width=\"48\">5<\/td>\n<td width=\"48\">2.8<\/td>\n<td width=\"43\">-160<\/td>\n<td width=\"55\">-108<\/td>\n<td width=\"41\">-76<\/td>\n<td width=\"35\">0.55<\/td>\n<td width=\"65\">24<\/td>\n<td width=\"55\">850*<\/p>\n<p>350*<\/p>\n<p>785*<\/td>\n<\/tr>\n<tr>\n<td width=\"43\">VAH14<\/p>\n<p>(simple)<\/td>\n<td width=\"44\">14<\/td>\n<td width=\"42\">5.6<\/td>\n<td width=\"50\">40%<\/td>\n<td width=\"48\">7<\/td>\n<td width=\"48\">4.2<\/td>\n<td width=\"43\">-160<\/td>\n<td width=\"55\">-108<\/td>\n<td width=\"41\">-76<\/td>\n<td width=\"35\">0.55<\/td>\n<td width=\"65\">20<\/td>\n<td width=\"55\">925*<\/p>\n<p>350*<\/p>\n<p>825*<\/td>\n<\/tr>\n<tr>\n<td width=\"43\">VARH14 (double)<\/td>\n<td width=\"44\">14<\/td>\n<td width=\"42\">5.6<\/td>\n<td width=\"50\">40%<\/td>\n<td width=\"48\">7<\/td>\n<td width=\"48\">4.2<\/td>\n<td width=\"43\">-160<\/td>\n<td width=\"55\">-108<\/td>\n<td width=\"41\">-76<\/td>\n<td width=\"35\">0.55<\/td>\n<td width=\"65\">20<\/td>\n<td width=\"55\">930*<\/p>\n<p>350*<\/p>\n<p>840*<\/td>\n<\/tr>\n<tr>\n<td width=\"43\">VARH20 (simple)<\/td>\n<td width=\"44\">20<\/td>\n<td width=\"42\">8<\/td>\n<td width=\"50\">40%<\/td>\n<td width=\"48\">10<\/td>\n<td width=\"48\">5.6<\/td>\n<td width=\"43\">-220<\/td>\n<td width=\"55\">-133<\/td>\n<td width=\"41\">-76<\/td>\n<td width=\"35\">0.75<\/td>\n<td width=\"65\">20<\/td>\n<td width=\"55\">950*<\/p>\n<p>350*<\/p>\n<p>830*<\/td>\n<\/tr>\n<tr>\n<td width=\"43\">VARH2O (double)<\/td>\n<td width=\"44\">20<\/td>\n<td width=\"42\">8<\/td>\n<td width=\"50\">40%<\/td>\n<td width=\"48\">10<\/td>\n<td width=\"48\">5.6<\/td>\n<td width=\"43\">-220<\/td>\n<td width=\"55\">-133<\/td>\n<td width=\"41\">-76<\/td>\n<td width=\"35\">0.55<\/td>\n<td width=\"65\">20<\/td>\n<td width=\"55\">1950*<\/p>\n<p>350*<\/p>\n<p>860*<\/td>\n<\/tr>\n<tr>\n<td width=\"43\">VARH30 (simple)<\/td>\n<td width=\"44\">30<\/td>\n<td width=\"42\">12<\/td>\n<td width=\"50\">40%<\/td>\n<td width=\"48\">15<\/td>\n<td width=\"48\">8<\/td>\n<td width=\"43\">-255<\/td>\n<td width=\"55\">-133<\/td>\n<td width=\"41\">-76<\/td>\n<td width=\"35\">0.75<\/td>\n<td width=\"65\">20<\/td>\n<td width=\"55\">990*<\/p>\n<p>350*<\/p>\n<p>860*<\/td>\n<\/tr>\n<\/tbody>\n<\/table>","protected":false},"excerpt":{"rendered":"<p>D\u00e9couvrez notre m\u00e9langeur V BLENDER con\u00e7u sp\u00e9cifiquement pour la production de compl\u00e9ments de collag\u00e8ne dans les industries pharmaceutiques et alimentaires.<\/p>","protected":false},"featured_media":6888,"comment_status":"open","ping_status":"closed","template":"","meta":{"wds_primary_product_brand":0,"wds_primary_product_cat":0},"product_brand":[],"product_cat":[84],"product_tag":[],"class_list":{"0":"post-6885","1":"product","2":"type-product","3":"status-publish","4":"has-post-thumbnail","6":"product_cat-maquinas-para-hacer-pastillas","8":"first","9":"instock","10":"taxable","11":"shipping-taxable","12":"purchasable","13":"product-type-simple"},"yoast_head":"<!-- This site is optimized with the Yoast SEO Premium plugin v24.9 (Yoast SEO v26.1) - https:\/\/yoast.com\/wordpress\/plugins\/seo\/ -->\n<title>MEZCLADORA V BLENDER PARA POLVOS DE SUPLEMENTOS DE COLAGENO - distribuci\u00f3n ARC<\/title>\n<meta name=\"robots\" content=\"index, follow, max-snippet:-1, max-image-preview:large, max-video-preview:-1\" \/>\n<link rel=\"canonical\" href=\"https:\/\/distribucionarc.com\/fr\/produit\/v-blender-mixer-pour-poudres-de-supplements-de-collagene\/\" \/>\n<meta property=\"og:locale\" content=\"fr_FR\" \/>\n<meta property=\"og:type\" content=\"article\" \/>\n<meta property=\"og:title\" content=\"MEZCLADORA V BLENDER PARA POLVOS DE SUPLEMENTOS DE COLAGENO\" \/>\n<meta property=\"og:description\" content=\"Descubre nuestra M\u00e1quina\u00a0 Mezcladora V BLENDER dise\u00f1ada espec\u00edficamente para la producci\u00f3n de suplementos de col\u00e1geno en las industrias farmac\u00e9utica y\" \/>\n<meta property=\"og:url\" content=\"https:\/\/distribucionarc.com\/fr\/produit\/v-blender-mixer-pour-poudres-de-supplements-de-collagene\/\" \/>\n<meta property=\"og:site_name\" content=\"distribuci\u00f3n ARC\" \/>\n<meta property=\"article:modified_time\" content=\"2024-04-26T17:54:27+00:00\" \/>\n<meta property=\"og:image\" content=\"https:\/\/distribucionarc.com\/wp-content\/uploads\/2024\/04\/MEZCLADORA-V-BLENDER-PARA-POLVOS-DE-SUPLEMENTOS-DE-COLAGENO.jpg\" \/>\n\t<meta property=\"og:image:width\" content=\"1408\" \/>\n\t<meta property=\"og:image:height\" content=\"1072\" \/>\n\t<meta property=\"og:image:type\" content=\"image\/jpeg\" \/>\n<meta name=\"twitter:card\" content=\"summary_large_image\" \/>\n<meta name=\"twitter:label1\" content=\"Dur\u00e9e de lecture estim\u00e9e\" \/>\n\t<meta name=\"twitter:data1\" content=\"1 minute\" \/>\n<script type=\"application\/ld+json\" class=\"yoast-schema-graph\">{\"@context\":\"https:\/\/schema.org\",\"@graph\":[{\"@type\":\"WebPage\",\"@id\":\"https:\/\/distribucionarc.com\/el\/producto\/mezcladora-v-blender-para-polvos-de-suplementos-de-colageno\/\",\"url\":\"https:\/\/distribucionarc.com\/el\/producto\/mezcladora-v-blender-para-polvos-de-suplementos-de-colageno\/\",\"name\":\"MEZCLADORA V BLENDER PARA POLVOS DE SUPLEMENTOS DE COLAGENO - distribuci\u00f3n ARC\",\"isPartOf\":{\"@id\":\"https:\/\/www.distribucionarc.com\/de\/#website\"},\"primaryImageOfPage\":{\"@id\":\"https:\/\/distribucionarc.com\/el\/producto\/mezcladora-v-blender-para-polvos-de-suplementos-de-colageno\/#primaryimage\"},\"image\":{\"@id\":\"https:\/\/distribucionarc.com\/el\/producto\/mezcladora-v-blender-para-polvos-de-suplementos-de-colageno\/#primaryimage\"},\"thumbnailUrl\":\"https:\/\/distribucionarc.com\/wp-content\/uploads\/2024\/04\/MEZCLADORA-V-BLENDER-PARA-POLVOS-DE-SUPLEMENTOS-DE-COLAGENO.jpg\",\"datePublished\":\"2024-04-26T17:54:26+00:00\",\"dateModified\":\"2024-04-26T17:54:27+00:00\",\"breadcrumb\":{\"@id\":\"https:\/\/distribucionarc.com\/el\/producto\/mezcladora-v-blender-para-polvos-de-suplementos-de-colageno\/#breadcrumb\"},\"inLanguage\":\"fr-FR\",\"potentialAction\":[{\"@type\":\"ReadAction\",\"target\":[\"https:\/\/distribucionarc.com\/el\/producto\/mezcladora-v-blender-para-polvos-de-suplementos-de-colageno\/\"]}]},{\"@type\":\"ImageObject\",\"inLanguage\":\"fr-FR\",\"@id\":\"https:\/\/distribucionarc.com\/el\/producto\/mezcladora-v-blender-para-polvos-de-suplementos-de-colageno\/#primaryimage\",\"url\":\"https:\/\/distribucionarc.com\/wp-content\/uploads\/2024\/04\/MEZCLADORA-V-BLENDER-PARA-POLVOS-DE-SUPLEMENTOS-DE-COLAGENO.jpg\",\"contentUrl\":\"https:\/\/distribucionarc.com\/wp-content\/uploads\/2024\/04\/MEZCLADORA-V-BLENDER-PARA-POLVOS-DE-SUPLEMENTOS-DE-COLAGENO.jpg\",\"width\":1408,\"height\":1072,\"caption\":\"#image_title\"},{\"@type\":\"BreadcrumbList\",\"@id\":\"https:\/\/distribucionarc.com\/el\/producto\/mezcladora-v-blender-para-polvos-de-suplementos-de-colageno\/#breadcrumb\",\"itemListElement\":[{\"@type\":\"ListItem\",\"position\":1,\"name\":\"Portada\",\"item\":\"https:\/\/www.distribucionarc.com\/en\/\"},{\"@type\":\"ListItem\",\"position\":2,\"name\":\"Products\",\"item\":\"https:\/\/www.distribucionarc.com\/en\/shop\/\"},{\"@type\":\"ListItem\",\"position\":3,\"name\":\"MEZCLADORA V BLENDER PARA POLVOS DE SUPLEMENTOS DE COLAGENO\"}]},{\"@type\":\"WebSite\",\"@id\":\"https:\/\/www.distribucionarc.com\/de\/#website\",\"url\":\"https:\/\/www.distribucionarc.com\/de\/\",\"name\":\"distribuci\u00f3n ARC\",\"description\":\"Empresa especializada en la fabricaci\u00f3n y distribuci\u00f3n de maquinaria industrial, selladoras de latas, Maquinas de hacer pastillas, Maquinas de cortar carne...\",\"publisher\":{\"@id\":\"https:\/\/www.distribucionarc.com\/de\/#organization\"},\"potentialAction\":[{\"@type\":\"SearchAction\",\"target\":{\"@type\":\"EntryPoint\",\"urlTemplate\":\"https:\/\/www.distribucionarc.com\/de\/?s={search_term_string}\"},\"query-input\":{\"@type\":\"PropertyValueSpecification\",\"valueRequired\":true,\"valueName\":\"search_term_string\"}}],\"inLanguage\":\"fr-FR\"},{\"@type\":\"Organization\",\"@id\":\"https:\/\/www.distribucionarc.com\/de\/#organization\",\"name\":\"Distribuci\u00f3n ARC\",\"url\":\"https:\/\/www.distribucionarc.com\/de\/\",\"logo\":{\"@type\":\"ImageObject\",\"inLanguage\":\"fr-FR\",\"@id\":\"https:\/\/www.distribucionarc.com\/de\/#\/schema\/logo\/image\/\",\"url\":\"https:\/\/distribucionarc.com\/wp-content\/uploads\/2024\/10\/distribucion-ARC-COLOR-SIN-FONDO-e1732295305345.png\",\"contentUrl\":\"https:\/\/distribucionarc.com\/wp-content\/uploads\/2024\/10\/distribucion-ARC-COLOR-SIN-FONDO-e1732295305345.png\",\"width\":1164,\"height\":558,\"caption\":\"Distribuci\u00f3n ARC\"},\"image\":{\"@id\":\"https:\/\/www.distribucionarc.com\/de\/#\/schema\/logo\/image\/\"},\"description\":\"Empresa especializada en la fabricaci\u00f3n y distribuci\u00f3n de maquinaria industrial para los sectores alimentario y farmac\u00e9utico. Nos especializamos en: M\u00e1quinas de cortar carne Fabricaci\u00f3n de comprimidos Sistemas de transporte industrial L\u00edneas de embotellado Dosificadores Y mucho m\u00e1s... Ofrecemos soluciones innovadoras y personalizadas para optimizar los procesos productivos de tu empresa.\",\"email\":\"Admistracion@distribucionarc.com\",\"telephone\":\"+34 643496664\",\"legalName\":\"ARC TECH SOLUTIONS\",\"foundingDate\":\"2024-04-09\",\"vatID\":\"B55480172\",\"numberOfEmployees\":{\"@type\":\"QuantitativeValue\",\"minValue\":\"1\",\"maxValue\":\"10\"}}]}<\/script>\n<!-- \/ Yoast SEO Premium plugin. -->","yoast_head_json":{"title":"V BLENDER M\u00c9LANGEUR POUR POUDRE DE SUPPL\u00c9MENT DE COLLAG\u00c8NE - Distribution ARC","robots":{"index":"index","follow":"follow","max-snippet":"max-snippet:-1","max-image-preview":"max-image-preview:large","max-video-preview":"max-video-preview:-1"},"canonical":"https:\/\/distribucionarc.com\/fr\/produit\/v-blender-mixer-pour-poudres-de-supplements-de-collagene\/","og_locale":"fr_FR","og_type":"article","og_title":"MEZCLADORA V BLENDER PARA POLVOS DE SUPLEMENTOS DE COLAGENO","og_description":"Descubre nuestra M\u00e1quina\u00a0 Mezcladora V BLENDER dise\u00f1ada espec\u00edficamente para la producci\u00f3n de suplementos de col\u00e1geno en las industrias farmac\u00e9utica y","og_url":"https:\/\/distribucionarc.com\/fr\/produit\/v-blender-mixer-pour-poudres-de-supplements-de-collagene\/","og_site_name":"distribuci\u00f3n ARC","article_modified_time":"2024-04-26T17:54:27+00:00","og_image":[{"width":1408,"height":1072,"url":"https:\/\/distribucionarc.com\/wp-content\/uploads\/2024\/04\/MEZCLADORA-V-BLENDER-PARA-POLVOS-DE-SUPLEMENTOS-DE-COLAGENO.jpg","type":"image\/jpeg"}],"twitter_card":"summary_large_image","twitter_misc":{"Dur\u00e9e de lecture estim\u00e9e":"1 minute"},"schema":{"@context":"https:\/\/schema.org","@graph":[{"@type":"WebPage","@id":"https:\/\/distribucionarc.com\/el\/producto\/mezcladora-v-blender-para-polvos-de-suplementos-de-colageno\/","url":"https:\/\/distribucionarc.com\/el\/producto\/mezcladora-v-blender-para-polvos-de-suplementos-de-colageno\/","name":"V BLENDER M\u00c9LANGEUR POUR POUDRE DE SUPPL\u00c9MENT DE COLLAG\u00c8NE - Distribution ARC","isPartOf":{"@id":"https:\/\/www.distribucionarc.com\/de\/#website"},"primaryImageOfPage":{"@id":"https:\/\/distribucionarc.com\/el\/producto\/mezcladora-v-blender-para-polvos-de-suplementos-de-colageno\/#primaryimage"},"image":{"@id":"https:\/\/distribucionarc.com\/el\/producto\/mezcladora-v-blender-para-polvos-de-suplementos-de-colageno\/#primaryimage"},"thumbnailUrl":"https:\/\/distribucionarc.com\/wp-content\/uploads\/2024\/04\/MEZCLADORA-V-BLENDER-PARA-POLVOS-DE-SUPLEMENTOS-DE-COLAGENO.jpg","datePublished":"2024-04-26T17:54:26+00:00","dateModified":"2024-04-26T17:54:27+00:00","breadcrumb":{"@id":"https:\/\/distribucionarc.com\/el\/producto\/mezcladora-v-blender-para-polvos-de-suplementos-de-colageno\/#breadcrumb"},"inLanguage":"fr-FR","potentialAction":[{"@type":"ReadAction","target":["https:\/\/distribucionarc.com\/el\/producto\/mezcladora-v-blender-para-polvos-de-suplementos-de-colageno\/"]}]},{"@type":"ImageObject","inLanguage":"fr-FR","@id":"https:\/\/distribucionarc.com\/el\/producto\/mezcladora-v-blender-para-polvos-de-suplementos-de-colageno\/#primaryimage","url":"https:\/\/distribucionarc.com\/wp-content\/uploads\/2024\/04\/MEZCLADORA-V-BLENDER-PARA-POLVOS-DE-SUPLEMENTOS-DE-COLAGENO.jpg","contentUrl":"https:\/\/distribucionarc.com\/wp-content\/uploads\/2024\/04\/MEZCLADORA-V-BLENDER-PARA-POLVOS-DE-SUPLEMENTOS-DE-COLAGENO.jpg","width":1408,"height":1072,"caption":"#image_title"},{"@type":"BreadcrumbList","@id":"https:\/\/distribucionarc.com\/el\/producto\/mezcladora-v-blender-para-polvos-de-suplementos-de-colageno\/#breadcrumb","itemListElement":[{"@type":"ListItem","position":1,"name":"Portada","item":"https:\/\/www.distribucionarc.com\/en\/"},{"@type":"ListItem","position":2,"name":"Products","item":"https:\/\/www.distribucionarc.com\/en\/shop\/"},{"@type":"ListItem","position":3,"name":"MEZCLADORA V BLENDER PARA POLVOS DE SUPLEMENTOS DE COLAGENO"}]},{"@type":"WebSite","@id":"https:\/\/www.distribucionarc.com\/de\/#website","url":"https:\/\/www.distribucionarc.com\/de\/","name":"R\u00e9partition de l&#039;ARC","description":"Entreprise sp\u00e9cialis\u00e9e dans la fabrication et la distribution de machines industrielles, scelleuses de bo\u00eetes, machines \u00e0 comprim\u00e9s, machines \u00e0 d\u00e9couper la viande...","publisher":{"@id":"https:\/\/www.distribucionarc.com\/de\/#organization"},"potentialAction":[{"@type":"SearchAction","target":{"@type":"EntryPoint","urlTemplate":"https:\/\/www.distribucionarc.com\/de\/?s={search_term_string}"},"query-input":{"@type":"PropertyValueSpecification","valueRequired":true,"valueName":"search_term_string"}}],"inLanguage":"fr-FR"},{"@type":"Organization","@id":"https:\/\/www.distribucionarc.com\/de\/#organization","name":"Distribution ARC","url":"https:\/\/www.distribucionarc.com\/de\/","logo":{"@type":"ImageObject","inLanguage":"fr-FR","@id":"https:\/\/www.distribucionarc.com\/de\/#\/schema\/logo\/image\/","url":"https:\/\/distribucionarc.com\/wp-content\/uploads\/2024\/10\/distribucion-ARC-COLOR-SIN-FONDO-e1732295305345.png","contentUrl":"https:\/\/distribucionarc.com\/wp-content\/uploads\/2024\/10\/distribucion-ARC-COLOR-SIN-FONDO-e1732295305345.png","width":1164,"height":558,"caption":"Distribuci\u00f3n ARC"},"image":{"@id":"https:\/\/www.distribucionarc.com\/de\/#\/schema\/logo\/image\/"},"description":"Entreprise sp\u00e9cialis\u00e9e dans la fabrication et la distribution de machines industrielles pour les secteurs alimentaire et pharmaceutique. Nous sommes sp\u00e9cialis\u00e9s dans : Machines \u00e0 couper la viande Fabrication de comprim\u00e9s Syst\u00e8mes de transport industriel Lignes d'embouteillage Machines de dosage Et bien plus encore... Nous proposons des solutions innovantes et personnalis\u00e9es pour optimiser les processus de production de votre entreprise.","email":"Admistracion@distribucionarc.com","telephone":"+34 643496664","legalName":"ARC TECH SOLUTIONS","foundingDate":"2024-04-09","vatID":"B55480172","numberOfEmployees":{"@type":"QuantitativeValue","minValue":"1","maxValue":"10"}}]}},"_links":{"self":[{"href":"https:\/\/distribucionarc.com\/fr\/wp-json\/wp\/v2\/product\/6885","targetHints":{"allow":["GET"]}}],"collection":[{"href":"https:\/\/distribucionarc.com\/fr\/wp-json\/wp\/v2\/product"}],"about":[{"href":"https:\/\/distribucionarc.com\/fr\/wp-json\/wp\/v2\/types\/product"}],"replies":[{"embeddable":true,"href":"https:\/\/distribucionarc.com\/fr\/wp-json\/wp\/v2\/comments?post=6885"}],"version-history":[{"count":0,"href":"https:\/\/distribucionarc.com\/fr\/wp-json\/wp\/v2\/product\/6885\/revisions"}],"wp:featuredmedia":[{"embeddable":true,"href":"https:\/\/distribucionarc.com\/fr\/wp-json\/wp\/v2\/media\/6888"}],"wp:attachment":[{"href":"https:\/\/distribucionarc.com\/fr\/wp-json\/wp\/v2\/media?parent=6885"}],"wp:term":[{"taxonomy":"product_brand","embeddable":true,"href":"https:\/\/distribucionarc.com\/fr\/wp-json\/wp\/v2\/product_brand?post=6885"},{"taxonomy":"product_cat","embeddable":true,"href":"https:\/\/distribucionarc.com\/fr\/wp-json\/wp\/v2\/product_cat?post=6885"},{"taxonomy":"product_tag","embeddable":true,"href":"https:\/\/distribucionarc.com\/fr\/wp-json\/wp\/v2\/product_tag?post=6885"}],"curies":[{"name":"wp","href":"https:\/\/api.w.org\/{rel}","templated":true}]}}