{"id":6892,"date":"2024-04-26T18:22:25","date_gmt":"2024-04-26T18:22:25","guid":{"rendered":"https:\/\/distribucionarc.com\/?post_type=product&#038;p=6892"},"modified":"2024-04-26T18:22:27","modified_gmt":"2024-04-26T18:22:27","slug":"melangeur-v-blender-industriel-haute-capacite","status":"publish","type":"product","link":"https:\/\/distribucionarc.com\/fr\/producto\/mezcladora-v-blender-industrial-de-alta-capacidad\/","title":{"rendered":"M\u00c9LANGEUR INDUSTRIEL V HAUTE CAPACIT\u00c9"},"content":{"rendered":"<p>D\u00e9couvrez notre<strong> Machine industrielle V BLENDER sp\u00e9cialis\u00e9e dans le m\u00e9lange de mat\u00e9riaux en poudre s\u00e8che<\/strong>, parfait pour les industries pharmaceutique, chimique et alimentaire. Gr\u00e2ce \u00e0 sa transmission m\u00e9canique avanc\u00e9e, les deux cylindres en<strong> Forme en V<\/strong> Ils tournent alternativement pour obtenir un m\u00e9lange uniforme et efficace. De plus, sa conception intuitive facilite son utilisation, simplifiant ainsi vos processus de production. Augmentez la qualit\u00e9 et l\u2019efficacit\u00e9 de votre travail gr\u00e2ce \u00e0 notre solution innovante.<\/p>\n<p>&nbsp;<\/p>\n<table>\n<tbody>\n<tr>\n<td width=\"71\">mod\u00e8le<\/td>\n<td width=\"71\">Volume corporel (Litres)<\/td>\n<td width=\"71\">Volume de travail (Litres)<\/td>\n<td width=\"71\">Capacit\u00e9 maximale (KG)<\/td>\n<td width=\"71\">Capacit\u00e9 de leadership optimale (g)<\/td>\n<td width=\"71\">Vitesse du cylindre (tours\/min)<\/td>\n<td width=\"71\">Force (kw)<\/td>\n<td width=\"71\">Dimensions hors tout (millim\u00e8tres)<\/td>\n<\/tr>\n<tr>\n<td width=\"71\">VARH-50<\/td>\n<td width=\"71\">50<\/td>\n<td width=\"71\">20<\/td>\n<td width=\"71\">20<\/td>\n<td width=\"71\">14<\/td>\n<td width=\"71\">15<\/td>\n<td width=\"71\">0.75<\/td>\n<td width=\"71\">1350*<\/p>\n<p>650*<\/p>\n<p>1160*<\/td>\n<\/tr>\n<tr>\n<td width=\"71\">VARH-100<\/td>\n<td width=\"71\">100<\/td>\n<td width=\"71\">40<\/td>\n<td width=\"71\">40<\/td>\n<td width=\"71\">28<\/td>\n<td width=\"71\">15<\/td>\n<td width=\"71\">1.1<\/td>\n<td width=\"71\">1580*<\/p>\n<p>650*<\/p>\n<p>1460*<\/td>\n<\/tr>\n<tr>\n<td width=\"71\">VARH-200<\/td>\n<td width=\"71\">200<\/td>\n<td width=\"71\">80<\/td>\n<td width=\"71\">80<\/td>\n<td width=\"71\">56<\/td>\n<td width=\"71\">15<\/td>\n<td width=\"71\">1.5<\/td>\n<td width=\"71\">1750*<\/p>\n<p>690*<\/p>\n<p>1600*<\/td>\n<\/tr>\n<tr>\n<td width=\"71\">VARH-300<\/td>\n<td width=\"71\">300<\/td>\n<td width=\"71\">120<\/td>\n<td width=\"71\">120<\/td>\n<td width=\"71\">84<\/td>\n<td width=\"71\">15<\/td>\n<td width=\"71\">1.5<\/td>\n<td width=\"71\">2015*<\/p>\n<p>720*<\/p>\n<p>1735*<\/td>\n<\/tr>\n<tr>\n<td width=\"71\">VARH-500<\/td>\n<td width=\"71\">500<\/td>\n<td width=\"71\">200<\/td>\n<td width=\"71\">200<\/td>\n<td width=\"71\">140<\/td>\n<td width=\"71\">13<\/td>\n<td width=\"71\">3.0<\/td>\n<td width=\"71\">2450*<\/p>\n<p>980*<\/p>\n<p>2050*<\/td>\n<\/tr>\n<tr>\n<td width=\"71\">VARH-1000<\/td>\n<td width=\"71\">1000<\/td>\n<td width=\"71\">400<\/td>\n<td width=\"71\">400<\/td>\n<td width=\"71\">280<\/td>\n<td width=\"71\">12<\/td>\n<td width=\"71\">4.0<\/td>\n<td width=\"71\">2950*<\/p>\n<p>1250*<\/p>\n<p>2800*<\/td>\n<\/tr>\n<tr>\n<td width=\"71\">VARH-2000<\/td>\n<td width=\"71\">2000<\/td>\n<td width=\"71\">800<\/td>\n<td width=\"71\">800<\/td>\n<td width=\"71\">560<\/td>\n<td width=\"71\">12<\/td>\n<td width=\"71\">7.5<\/td>\n<td width=\"71\">3500*<\/p>\n<p>1550*<\/p>\n<p>3200*<\/td>\n<\/tr>\n<\/tbody>\n<\/table>","protected":false},"excerpt":{"rendered":"<p>D\u00e9couvrez notre machine industrielle V BLENDER sp\u00e9cialis\u00e9e dans le m\u00e9lange de mat\u00e9riaux en poudre s\u00e8che, parfaite pour le secteur pharmaceutique,<\/p>","protected":false},"featured_media":6906,"comment_status":"open","ping_status":"closed","template":"","meta":{"wds_primary_product_brand":0,"wds_primary_product_cat":0},"product_brand":[],"product_cat":[84],"product_tag":[],"class_list":{"0":"post-6892","1":"product","2":"type-product","3":"status-publish","4":"has-post-thumbnail","6":"product_cat-maquinas-para-hacer-pastillas","8":"first","9":"instock","10":"taxable","11":"shipping-taxable","12":"purchasable","13":"product-type-simple"},"yoast_head":"<!-- This site is optimized with the Yoast SEO Premium plugin v24.9 (Yoast SEO v26.1) - https:\/\/yoast.com\/wordpress\/plugins\/seo\/ -->\n<title>MEZCLADORA V BLENDER INDUSTRIAL DE ALTA CAPACIDAD - distribuci\u00f3n ARC<\/title>\n<meta name=\"robots\" content=\"index, follow, max-snippet:-1, max-image-preview:large, max-video-preview:-1\" \/>\n<link rel=\"canonical\" href=\"https:\/\/distribucionarc.com\/fr\/produit\/melangeur-v-blender-industriel-haute-capacite\/\" \/>\n<meta property=\"og:locale\" content=\"fr_FR\" \/>\n<meta property=\"og:type\" content=\"article\" \/>\n<meta property=\"og:title\" content=\"MEZCLADORA V BLENDER INDUSTRIAL DE ALTA CAPACIDAD\" \/>\n<meta property=\"og:description\" content=\"Descubre nuestra M\u00e1quina V BLENDER Industrial Especializada en la mezcla de materiales en polvo seco, perfecta para las industrias farmac\u00e9utica,\" \/>\n<meta property=\"og:url\" content=\"https:\/\/distribucionarc.com\/fr\/produit\/melangeur-v-blender-industriel-haute-capacite\/\" \/>\n<meta property=\"og:site_name\" content=\"distribuci\u00f3n ARC\" \/>\n<meta property=\"article:modified_time\" content=\"2024-04-26T18:22:27+00:00\" \/>\n<meta property=\"og:image\" content=\"https:\/\/distribucionarc.com\/wp-content\/uploads\/2024\/04\/MEZCLADORA-V-BLENDER-INDUSTRIAL-DE-ALTA-CAPACIDAD.jpg\" \/>\n\t<meta property=\"og:image:width\" content=\"736\" \/>\n\t<meta property=\"og:image:height\" content=\"712\" \/>\n\t<meta property=\"og:image:type\" content=\"image\/jpeg\" \/>\n<meta name=\"twitter:card\" content=\"summary_large_image\" \/>\n<meta name=\"twitter:label1\" content=\"Dur\u00e9e de lecture estim\u00e9e\" \/>\n\t<meta name=\"twitter:data1\" content=\"1 minute\" \/>\n<script type=\"application\/ld+json\" class=\"yoast-schema-graph\">{\"@context\":\"https:\/\/schema.org\",\"@graph\":[{\"@type\":\"WebPage\",\"@id\":\"https:\/\/distribucionarc.com\/el\/producto\/mezcladora-v-blender-industrial-de-alta-capacidad\/\",\"url\":\"https:\/\/distribucionarc.com\/el\/producto\/mezcladora-v-blender-industrial-de-alta-capacidad\/\",\"name\":\"MEZCLADORA V BLENDER INDUSTRIAL DE ALTA CAPACIDAD - distribuci\u00f3n ARC\",\"isPartOf\":{\"@id\":\"https:\/\/www.distribucionarc.com\/sl\/#website\"},\"primaryImageOfPage\":{\"@id\":\"https:\/\/distribucionarc.com\/el\/producto\/mezcladora-v-blender-industrial-de-alta-capacidad\/#primaryimage\"},\"image\":{\"@id\":\"https:\/\/distribucionarc.com\/el\/producto\/mezcladora-v-blender-industrial-de-alta-capacidad\/#primaryimage\"},\"thumbnailUrl\":\"https:\/\/distribucionarc.com\/wp-content\/uploads\/2024\/04\/MEZCLADORA-V-BLENDER-INDUSTRIAL-DE-ALTA-CAPACIDAD.jpg\",\"datePublished\":\"2024-04-26T18:22:25+00:00\",\"dateModified\":\"2024-04-26T18:22:27+00:00\",\"breadcrumb\":{\"@id\":\"https:\/\/distribucionarc.com\/el\/producto\/mezcladora-v-blender-industrial-de-alta-capacidad\/#breadcrumb\"},\"inLanguage\":\"fr-FR\",\"potentialAction\":[{\"@type\":\"ReadAction\",\"target\":[\"https:\/\/distribucionarc.com\/el\/producto\/mezcladora-v-blender-industrial-de-alta-capacidad\/\"]}]},{\"@type\":\"ImageObject\",\"inLanguage\":\"fr-FR\",\"@id\":\"https:\/\/distribucionarc.com\/el\/producto\/mezcladora-v-blender-industrial-de-alta-capacidad\/#primaryimage\",\"url\":\"https:\/\/distribucionarc.com\/wp-content\/uploads\/2024\/04\/MEZCLADORA-V-BLENDER-INDUSTRIAL-DE-ALTA-CAPACIDAD.jpg\",\"contentUrl\":\"https:\/\/distribucionarc.com\/wp-content\/uploads\/2024\/04\/MEZCLADORA-V-BLENDER-INDUSTRIAL-DE-ALTA-CAPACIDAD.jpg\",\"width\":736,\"height\":712,\"caption\":\"#image_title\"},{\"@type\":\"BreadcrumbList\",\"@id\":\"https:\/\/distribucionarc.com\/el\/producto\/mezcladora-v-blender-industrial-de-alta-capacidad\/#breadcrumb\",\"itemListElement\":[{\"@type\":\"ListItem\",\"position\":1,\"name\":\"Portada\",\"item\":\"https:\/\/www.distribucionarc.com\/\"},{\"@type\":\"ListItem\",\"position\":2,\"name\":\"\u00dcr\u00fcnler\",\"item\":\"https:\/\/www.distribucionarc.com\/tr\/magaza\/\"},{\"@type\":\"ListItem\",\"position\":3,\"name\":\"MEZCLADORA V BLENDER INDUSTRIAL DE ALTA CAPACIDAD\"}]},{\"@type\":\"WebSite\",\"@id\":\"https:\/\/www.distribucionarc.com\/sl\/#website\",\"url\":\"https:\/\/www.distribucionarc.com\/sl\/\",\"name\":\"distribuci\u00f3n ARC\",\"description\":\"Empresa especializada en la fabricaci\u00f3n y distribuci\u00f3n de maquinaria industrial, selladoras de latas, Maquinas de hacer pastillas, Maquinas de cortar carne...\",\"publisher\":{\"@id\":\"https:\/\/www.distribucionarc.com\/sl\/#organization\"},\"potentialAction\":[{\"@type\":\"SearchAction\",\"target\":{\"@type\":\"EntryPoint\",\"urlTemplate\":\"https:\/\/www.distribucionarc.com\/sl\/?s={search_term_string}\"},\"query-input\":{\"@type\":\"PropertyValueSpecification\",\"valueRequired\":true,\"valueName\":\"search_term_string\"}}],\"inLanguage\":\"fr-FR\"},{\"@type\":\"Organization\",\"@id\":\"https:\/\/www.distribucionarc.com\/sl\/#organization\",\"name\":\"Distribuci\u00f3n ARC\",\"url\":\"https:\/\/www.distribucionarc.com\/sl\/\",\"logo\":{\"@type\":\"ImageObject\",\"inLanguage\":\"fr-FR\",\"@id\":\"https:\/\/www.distribucionarc.com\/sl\/#\/schema\/logo\/image\/\",\"url\":\"https:\/\/distribucionarc.com\/wp-content\/uploads\/2024\/10\/distribucion-ARC-COLOR-SIN-FONDO-e1732295305345.png\",\"contentUrl\":\"https:\/\/distribucionarc.com\/wp-content\/uploads\/2024\/10\/distribucion-ARC-COLOR-SIN-FONDO-e1732295305345.png\",\"width\":1164,\"height\":558,\"caption\":\"Distribuci\u00f3n ARC\"},\"image\":{\"@id\":\"https:\/\/www.distribucionarc.com\/sl\/#\/schema\/logo\/image\/\"},\"description\":\"Empresa especializada en la fabricaci\u00f3n y distribuci\u00f3n de maquinaria industrial para los sectores alimentario y farmac\u00e9utico. Nos especializamos en: M\u00e1quinas de cortar carne Fabricaci\u00f3n de comprimidos Sistemas de transporte industrial L\u00edneas de embotellado Dosificadores Y mucho m\u00e1s... Ofrecemos soluciones innovadoras y personalizadas para optimizar los procesos productivos de tu empresa.\",\"email\":\"Admistracion@distribucionarc.com\",\"telephone\":\"+34 643496664\",\"legalName\":\"ARC TECH SOLUTIONS\",\"foundingDate\":\"2024-04-09\",\"vatID\":\"B55480172\",\"numberOfEmployees\":{\"@type\":\"QuantitativeValue\",\"minValue\":\"1\",\"maxValue\":\"10\"}}]}<\/script>\n<!-- \/ Yoast SEO Premium plugin. -->","yoast_head_json":{"title":"M\u00c9LANGEUR INDUSTRIEL V BLENDER HAUTE CAPACIT\u00c9 - distribution ARC","robots":{"index":"index","follow":"follow","max-snippet":"max-snippet:-1","max-image-preview":"max-image-preview:large","max-video-preview":"max-video-preview:-1"},"canonical":"https:\/\/distribucionarc.com\/fr\/produit\/melangeur-v-blender-industriel-haute-capacite\/","og_locale":"fr_FR","og_type":"article","og_title":"MEZCLADORA V BLENDER INDUSTRIAL DE ALTA CAPACIDAD","og_description":"Descubre nuestra M\u00e1quina V BLENDER Industrial Especializada en la mezcla de materiales en polvo seco, perfecta para las industrias farmac\u00e9utica,","og_url":"https:\/\/distribucionarc.com\/fr\/produit\/melangeur-v-blender-industriel-haute-capacite\/","og_site_name":"distribuci\u00f3n ARC","article_modified_time":"2024-04-26T18:22:27+00:00","og_image":[{"width":736,"height":712,"url":"https:\/\/distribucionarc.com\/wp-content\/uploads\/2024\/04\/MEZCLADORA-V-BLENDER-INDUSTRIAL-DE-ALTA-CAPACIDAD.jpg","type":"image\/jpeg"}],"twitter_card":"summary_large_image","twitter_misc":{"Dur\u00e9e de lecture estim\u00e9e":"1 minute"},"schema":{"@context":"https:\/\/schema.org","@graph":[{"@type":"WebPage","@id":"https:\/\/distribucionarc.com\/el\/producto\/mezcladora-v-blender-industrial-de-alta-capacidad\/","url":"https:\/\/distribucionarc.com\/el\/producto\/mezcladora-v-blender-industrial-de-alta-capacidad\/","name":"M\u00c9LANGEUR INDUSTRIEL V BLENDER HAUTE CAPACIT\u00c9 - distribution ARC","isPartOf":{"@id":"https:\/\/www.distribucionarc.com\/sl\/#website"},"primaryImageOfPage":{"@id":"https:\/\/distribucionarc.com\/el\/producto\/mezcladora-v-blender-industrial-de-alta-capacidad\/#primaryimage"},"image":{"@id":"https:\/\/distribucionarc.com\/el\/producto\/mezcladora-v-blender-industrial-de-alta-capacidad\/#primaryimage"},"thumbnailUrl":"https:\/\/distribucionarc.com\/wp-content\/uploads\/2024\/04\/MEZCLADORA-V-BLENDER-INDUSTRIAL-DE-ALTA-CAPACIDAD.jpg","datePublished":"2024-04-26T18:22:25+00:00","dateModified":"2024-04-26T18:22:27+00:00","breadcrumb":{"@id":"https:\/\/distribucionarc.com\/el\/producto\/mezcladora-v-blender-industrial-de-alta-capacidad\/#breadcrumb"},"inLanguage":"fr-FR","potentialAction":[{"@type":"ReadAction","target":["https:\/\/distribucionarc.com\/el\/producto\/mezcladora-v-blender-industrial-de-alta-capacidad\/"]}]},{"@type":"ImageObject","inLanguage":"fr-FR","@id":"https:\/\/distribucionarc.com\/el\/producto\/mezcladora-v-blender-industrial-de-alta-capacidad\/#primaryimage","url":"https:\/\/distribucionarc.com\/wp-content\/uploads\/2024\/04\/MEZCLADORA-V-BLENDER-INDUSTRIAL-DE-ALTA-CAPACIDAD.jpg","contentUrl":"https:\/\/distribucionarc.com\/wp-content\/uploads\/2024\/04\/MEZCLADORA-V-BLENDER-INDUSTRIAL-DE-ALTA-CAPACIDAD.jpg","width":736,"height":712,"caption":"#image_title"},{"@type":"BreadcrumbList","@id":"https:\/\/distribucionarc.com\/el\/producto\/mezcladora-v-blender-industrial-de-alta-capacidad\/#breadcrumb","itemListElement":[{"@type":"ListItem","position":1,"name":"Portada","item":"https:\/\/www.distribucionarc.com\/"},{"@type":"ListItem","position":2,"name":"\u00dcr\u00fcnler","item":"https:\/\/www.distribucionarc.com\/tr\/magaza\/"},{"@type":"ListItem","position":3,"name":"MEZCLADORA V BLENDER INDUSTRIAL DE ALTA CAPACIDAD"}]},{"@type":"WebSite","@id":"https:\/\/www.distribucionarc.com\/sl\/#website","url":"https:\/\/www.distribucionarc.com\/sl\/","name":"R\u00e9partition de l&#039;ARC","description":"Entreprise sp\u00e9cialis\u00e9e dans la fabrication et la distribution de machines industrielles, scelleuses de bo\u00eetes, machines \u00e0 comprim\u00e9s, machines \u00e0 d\u00e9couper la viande...","publisher":{"@id":"https:\/\/www.distribucionarc.com\/sl\/#organization"},"potentialAction":[{"@type":"SearchAction","target":{"@type":"EntryPoint","urlTemplate":"https:\/\/www.distribucionarc.com\/sl\/?s={search_term_string}"},"query-input":{"@type":"PropertyValueSpecification","valueRequired":true,"valueName":"search_term_string"}}],"inLanguage":"fr-FR"},{"@type":"Organization","@id":"https:\/\/www.distribucionarc.com\/sl\/#organization","name":"Distribution ARC","url":"https:\/\/www.distribucionarc.com\/sl\/","logo":{"@type":"ImageObject","inLanguage":"fr-FR","@id":"https:\/\/www.distribucionarc.com\/sl\/#\/schema\/logo\/image\/","url":"https:\/\/distribucionarc.com\/wp-content\/uploads\/2024\/10\/distribucion-ARC-COLOR-SIN-FONDO-e1732295305345.png","contentUrl":"https:\/\/distribucionarc.com\/wp-content\/uploads\/2024\/10\/distribucion-ARC-COLOR-SIN-FONDO-e1732295305345.png","width":1164,"height":558,"caption":"Distribuci\u00f3n ARC"},"image":{"@id":"https:\/\/www.distribucionarc.com\/sl\/#\/schema\/logo\/image\/"},"description":"Entreprise sp\u00e9cialis\u00e9e dans la fabrication et la distribution de machines industrielles pour les secteurs alimentaire et pharmaceutique. Nous sommes sp\u00e9cialis\u00e9s dans : Machines \u00e0 couper la viande Fabrication de comprim\u00e9s Syst\u00e8mes de transport industriel Lignes d'embouteillage Machines de dosage Et bien plus encore... Nous proposons des solutions innovantes et personnalis\u00e9es pour optimiser les processus de production de votre entreprise.","email":"Admistracion@distribucionarc.com","telephone":"+34 643496664","legalName":"ARC TECH SOLUTIONS","foundingDate":"2024-04-09","vatID":"B55480172","numberOfEmployees":{"@type":"QuantitativeValue","minValue":"1","maxValue":"10"}}]}},"_links":{"self":[{"href":"https:\/\/distribucionarc.com\/fr\/wp-json\/wp\/v2\/product\/6892","targetHints":{"allow":["GET"]}}],"collection":[{"href":"https:\/\/distribucionarc.com\/fr\/wp-json\/wp\/v2\/product"}],"about":[{"href":"https:\/\/distribucionarc.com\/fr\/wp-json\/wp\/v2\/types\/product"}],"replies":[{"embeddable":true,"href":"https:\/\/distribucionarc.com\/fr\/wp-json\/wp\/v2\/comments?post=6892"}],"version-history":[{"count":0,"href":"https:\/\/distribucionarc.com\/fr\/wp-json\/wp\/v2\/product\/6892\/revisions"}],"wp:featuredmedia":[{"embeddable":true,"href":"https:\/\/distribucionarc.com\/fr\/wp-json\/wp\/v2\/media\/6906"}],"wp:attachment":[{"href":"https:\/\/distribucionarc.com\/fr\/wp-json\/wp\/v2\/media?parent=6892"}],"wp:term":[{"taxonomy":"product_brand","embeddable":true,"href":"https:\/\/distribucionarc.com\/fr\/wp-json\/wp\/v2\/product_brand?post=6892"},{"taxonomy":"product_cat","embeddable":true,"href":"https:\/\/distribucionarc.com\/fr\/wp-json\/wp\/v2\/product_cat?post=6892"},{"taxonomy":"product_tag","embeddable":true,"href":"https:\/\/distribucionarc.com\/fr\/wp-json\/wp\/v2\/product_tag?post=6892"}],"curies":[{"name":"wp","href":"https:\/\/api.w.org\/{rel}","templated":true}]}}