{"id":6929,"date":"2024-04-26T19:21:57","date_gmt":"2024-04-26T19:21:57","guid":{"rendered":"https:\/\/distribucionarc.com\/?post_type=product&#038;p=6929"},"modified":"2024-04-27T03:46:38","modified_gmt":"2024-04-27T03:46:38","slug":"melangeur-de-poudre-homogene-a-ruban-horizontal-pour-vitamines","status":"publish","type":"product","link":"https:\/\/distribucionarc.com\/fr\/producto\/mezclador-horizontal-de-cinta-polvo-homogenos-para-vitaminas\/","title":{"rendered":"M\u00c9LANGEUR DE RUBAN HORIZONTAL POUDRE HOMOG\u00c8NE POUR VITAMINES"},"content":{"rendered":"<p>D\u00e9couvrez le<strong> M\u00e9langeur \u00e0 bande \u00e0 auge horizontale s\u00e9rie CARH<\/strong>, con\u00e7u pour le m\u00e9lange pr\u00e9cis de mat\u00e9riaux en poudre ou en p\u00e2te, garantissant une homog\u00e9n\u00e9it\u00e9 exceptionnelle, <strong>id\u00e9al pour les vitamines.<\/strong> Ce m\u00e9langeur monopale, de type canal horizontal, assure une r\u00e9partition uniforme gr\u00e2ce \u00e0 la pale d&#039;agitation qui traverse l&#039;arbre, facilitant ainsi son nettoyage. En contact partiel avec la mati\u00e8re premi\u00e8re SS304, il garantit une hygi\u00e8ne et une qualit\u00e9 maximales dans votre processus de production. Optimisez vos op\u00e9rations et \u00e9levez le niveau de vos produits gr\u00e2ce \u00e0 notre solution de m\u00e9lange leader sur le march\u00e9.<\/p>\n<p>&nbsp;<\/p>\n<table>\n<tbody>\n<tr>\n<td width=\"71\">mod\u00e8le<\/td>\n<td width=\"71\">Capacit\u00e9 du chargeur (kg)<\/td>\n<td width=\"71\">Vitesse de broche (tours-min)<\/td>\n<td width=\"71\">Cycle de m\u00e9lange (min)<\/td>\n<td width=\"71\">Moteur principal (kilowatts)<\/td>\n<td width=\"71\">Moteur de d\u00e9charge (kw)<\/td>\n<td width=\"71\">Poids (kg)<\/td>\n<td width=\"71\">Taille totale (millim\u00e8tres)<\/td>\n<\/tr>\n<tr>\n<td width=\"71\">CARH10<\/td>\n<td width=\"71\">10<\/td>\n<td width=\"71\">24<\/td>\n<td width=\"71\">5-20<\/td>\n<td width=\"71\">0.55<\/td>\n<td width=\"71\">Manuellement<\/td>\n<td width=\"71\">40<\/td>\n<td width=\"71\">600*<\/p>\n<p>280*<\/p>\n<p>450*<\/td>\n<\/tr>\n<tr>\n<td width=\"71\">CARH50<\/td>\n<td width=\"71\">50<\/td>\n<td width=\"71\">24<\/td>\n<td width=\"71\">5-20<\/td>\n<td width=\"71\">1.1<\/td>\n<td width=\"71\">0.75<\/td>\n<td width=\"71\">200<\/td>\n<td width=\"71\">980*<\/p>\n<p>420*<\/p>\n<p>800*<\/td>\n<\/tr>\n<tr>\n<td width=\"71\">CARH100<\/td>\n<td width=\"71\">100<\/td>\n<td width=\"71\">24<\/td>\n<td width=\"71\">5-20<\/td>\n<td width=\"71\">2.2<\/td>\n<td width=\"71\">0.75<\/td>\n<td width=\"71\">250<\/td>\n<td width=\"71\">1100*<\/p>\n<p>440*<\/p>\n<p>900*<\/td>\n<\/tr>\n<tr>\n<td width=\"71\">CARH150<\/td>\n<td width=\"71\">150<\/td>\n<td width=\"71\">24<\/td>\n<td width=\"71\">5-20<\/td>\n<td width=\"71\">3<\/td>\n<td width=\"71\">0.75<\/td>\n<td width=\"71\">450<\/td>\n<td width=\"71\">1280*<\/p>\n<p>600*<\/p>\n<p>1100*<\/td>\n<\/tr>\n<tr>\n<td width=\"71\">CARH200<\/td>\n<td width=\"71\">200<\/td>\n<td width=\"71\">24<\/td>\n<td width=\"71\">5-20<\/td>\n<td width=\"71\">4<\/td>\n<td width=\"71\">0.75<\/td>\n<td width=\"71\">520<\/td>\n<td width=\"71\">1400*<\/p>\n<p>600*<\/p>\n<p>1200*<\/td>\n<\/tr>\n<tr>\n<td width=\"71\">CARH300<\/td>\n<td width=\"71\">300<\/td>\n<td width=\"71\">24<\/td>\n<td width=\"71\">5-20<\/td>\n<td width=\"71\">5.5<\/td>\n<td width=\"71\">1.1<\/td>\n<td width=\"71\">520<\/td>\n<td width=\"71\">1850*<\/p>\n<p>700*<\/p>\n<p>1200*<\/td>\n<\/tr>\n<tr>\n<td width=\"71\">CARH500<\/td>\n<td width=\"71\">500<\/td>\n<td width=\"71\">24<\/td>\n<td width=\"71\">5-20<\/td>\n<td width=\"71\">4<\/td>\n<td width=\"71\">0.75<\/td>\n<td width=\"71\">750<\/td>\n<td width=\"71\">2280*<\/p>\n<p>750*<\/p>\n<p>1250*<\/td>\n<\/tr>\n<tr>\n<td width=\"71\">CARH1000<\/td>\n<td width=\"71\">1000<\/td>\n<td width=\"71\">24<\/td>\n<td width=\"71\">5-20<\/td>\n<td width=\"71\">7.5<\/td>\n<td width=\"71\">0.75<\/td>\n<td width=\"71\">1200<\/td>\n<td width=\"71\">2280*<\/p>\n<p>1100*<\/p>\n<p>1500*<\/td>\n<\/tr>\n<\/tbody>\n<\/table>","protected":false},"excerpt":{"rendered":"<p>D\u00e9couvrez le m\u00e9langeur \u00e0 ruban horizontal de la s\u00e9rie CARH, con\u00e7u pour le m\u00e9lange pr\u00e9cis de mat\u00e9riaux en poudre ou en p\u00e2te,<\/p>","protected":false},"featured_media":6942,"comment_status":"open","ping_status":"closed","template":"","meta":{"wds_primary_product_brand":0,"wds_primary_product_cat":0},"product_brand":[],"product_cat":[84],"product_tag":[],"class_list":{"0":"post-6929","1":"product","2":"type-product","3":"status-publish","4":"has-post-thumbnail","6":"product_cat-maquinas-para-hacer-pastillas","8":"first","9":"instock","10":"taxable","11":"shipping-taxable","12":"purchasable","13":"product-type-simple"},"yoast_head":"<!-- This site is optimized with the Yoast SEO Premium plugin v24.9 (Yoast SEO v26.1) - https:\/\/yoast.com\/wordpress\/plugins\/seo\/ -->\n<title>MEZCLADOR HORIZONTAL DE CINTA POLVO HOMOGENOS PARA VITAMINAS - distribuci\u00f3n ARC<\/title>\n<meta name=\"robots\" content=\"index, follow, max-snippet:-1, max-image-preview:large, max-video-preview:-1\" \/>\n<link rel=\"canonical\" href=\"https:\/\/distribucionarc.com\/fr\/produit\/melangeur-de-poudre-homogene-a-ruban-horizontal-pour-vitamines\/\" \/>\n<meta property=\"og:locale\" content=\"fr_FR\" \/>\n<meta property=\"og:type\" content=\"article\" \/>\n<meta property=\"og:title\" content=\"MEZCLADOR HORIZONTAL DE CINTA POLVO HOMOGENOS PARA VITAMINAS\" \/>\n<meta property=\"og:description\" content=\"Descubre el Mezclador Horizontal de Cinta artesa serie CARH, dise\u00f1ado para la mezcla precisa de materiales en polvo o pasta,\" \/>\n<meta property=\"og:url\" content=\"https:\/\/distribucionarc.com\/fr\/produit\/melangeur-de-poudre-homogene-a-ruban-horizontal-pour-vitamines\/\" \/>\n<meta property=\"og:site_name\" content=\"distribuci\u00f3n ARC\" \/>\n<meta property=\"article:modified_time\" content=\"2024-04-27T03:46:38+00:00\" \/>\n<meta property=\"og:image\" content=\"https:\/\/distribucionarc.com\/wp-content\/uploads\/2024\/04\/MEZCLADOR-HORIZONTAL-DE-CINTA-POLVO-HOMOGENOS-PARA-VITAMINAS.webp\" \/>\n\t<meta property=\"og:image:width\" content=\"1616\" \/>\n\t<meta property=\"og:image:height\" content=\"880\" \/>\n\t<meta property=\"og:image:type\" content=\"image\/webp\" \/>\n<meta name=\"twitter:card\" content=\"summary_large_image\" \/>\n<meta name=\"twitter:label1\" content=\"Dur\u00e9e de lecture estim\u00e9e\" \/>\n\t<meta name=\"twitter:data1\" content=\"1 minute\" \/>\n<script type=\"application\/ld+json\" class=\"yoast-schema-graph\">{\"@context\":\"https:\/\/schema.org\",\"@graph\":[{\"@type\":\"WebPage\",\"@id\":\"https:\/\/distribucionarc.com\/lt\/producto\/mezclador-horizontal-de-cinta-polvo-homogenos-para-vitaminas\/\",\"url\":\"https:\/\/distribucionarc.com\/lt\/producto\/mezclador-horizontal-de-cinta-polvo-homogenos-para-vitaminas\/\",\"name\":\"MEZCLADOR HORIZONTAL DE CINTA POLVO HOMOGENOS PARA VITAMINAS - distribuci\u00f3n ARC\",\"isPartOf\":{\"@id\":\"https:\/\/distribucionarc.com\/de\/#website\"},\"primaryImageOfPage\":{\"@id\":\"https:\/\/distribucionarc.com\/lt\/producto\/mezclador-horizontal-de-cinta-polvo-homogenos-para-vitaminas\/#primaryimage\"},\"image\":{\"@id\":\"https:\/\/distribucionarc.com\/lt\/producto\/mezclador-horizontal-de-cinta-polvo-homogenos-para-vitaminas\/#primaryimage\"},\"thumbnailUrl\":\"https:\/\/distribucionarc.com\/wp-content\/uploads\/2024\/04\/MEZCLADOR-HORIZONTAL-DE-CINTA-POLVO-HOMOGENOS-PARA-VITAMINAS.webp\",\"datePublished\":\"2024-04-26T19:21:57+00:00\",\"dateModified\":\"2024-04-27T03:46:38+00:00\",\"breadcrumb\":{\"@id\":\"https:\/\/distribucionarc.com\/lt\/producto\/mezclador-horizontal-de-cinta-polvo-homogenos-para-vitaminas\/#breadcrumb\"},\"inLanguage\":\"fr-FR\",\"potentialAction\":[{\"@type\":\"ReadAction\",\"target\":[\"https:\/\/distribucionarc.com\/lt\/producto\/mezclador-horizontal-de-cinta-polvo-homogenos-para-vitaminas\/\"]}]},{\"@type\":\"ImageObject\",\"inLanguage\":\"fr-FR\",\"@id\":\"https:\/\/distribucionarc.com\/lt\/producto\/mezclador-horizontal-de-cinta-polvo-homogenos-para-vitaminas\/#primaryimage\",\"url\":\"https:\/\/distribucionarc.com\/wp-content\/uploads\/2024\/04\/MEZCLADOR-HORIZONTAL-DE-CINTA-POLVO-HOMOGENOS-PARA-VITAMINAS.webp\",\"contentUrl\":\"https:\/\/distribucionarc.com\/wp-content\/uploads\/2024\/04\/MEZCLADOR-HORIZONTAL-DE-CINTA-POLVO-HOMOGENOS-PARA-VITAMINAS.webp\",\"width\":1616,\"height\":880,\"caption\":\"#image_title\"},{\"@type\":\"BreadcrumbList\",\"@id\":\"https:\/\/distribucionarc.com\/lt\/producto\/mezclador-horizontal-de-cinta-polvo-homogenos-para-vitaminas\/#breadcrumb\",\"itemListElement\":[{\"@type\":\"ListItem\",\"position\":1,\"name\":\"Portada\",\"item\":\"https:\/\/distribucionarc.com\/pl\/\"},{\"@type\":\"ListItem\",\"position\":2,\"name\":\"Produkty\",\"item\":\"https:\/\/distribucionarc.com\/pl\/shop\/\"},{\"@type\":\"ListItem\",\"position\":3,\"name\":\"MEZCLADOR HORIZONTAL DE CINTA POLVO HOMOGENOS PARA VITAMINAS\"}]},{\"@type\":\"WebSite\",\"@id\":\"https:\/\/distribucionarc.com\/de\/#website\",\"url\":\"https:\/\/distribucionarc.com\/de\/\",\"name\":\"distribuci\u00f3n ARC\",\"description\":\"Empresa especializada en la fabricaci\u00f3n y distribuci\u00f3n de maquinaria industrial, selladoras de latas, Maquinas de hacer pastillas, Maquinas de cortar carne...\",\"publisher\":{\"@id\":\"https:\/\/distribucionarc.com\/de\/#organization\"},\"potentialAction\":[{\"@type\":\"SearchAction\",\"target\":{\"@type\":\"EntryPoint\",\"urlTemplate\":\"https:\/\/distribucionarc.com\/de\/?s={search_term_string}\"},\"query-input\":{\"@type\":\"PropertyValueSpecification\",\"valueRequired\":true,\"valueName\":\"search_term_string\"}}],\"inLanguage\":\"fr-FR\"},{\"@type\":\"Organization\",\"@id\":\"https:\/\/distribucionarc.com\/de\/#organization\",\"name\":\"Distribuci\u00f3n ARC\",\"url\":\"https:\/\/distribucionarc.com\/de\/\",\"logo\":{\"@type\":\"ImageObject\",\"inLanguage\":\"fr-FR\",\"@id\":\"https:\/\/distribucionarc.com\/de\/#\/schema\/logo\/image\/\",\"url\":\"https:\/\/distribucionarc.com\/wp-content\/uploads\/2024\/10\/distribucion-ARC-COLOR-SIN-FONDO-e1732295305345.png\",\"contentUrl\":\"https:\/\/distribucionarc.com\/wp-content\/uploads\/2024\/10\/distribucion-ARC-COLOR-SIN-FONDO-e1732295305345.png\",\"width\":1164,\"height\":558,\"caption\":\"Distribuci\u00f3n ARC\"},\"image\":{\"@id\":\"https:\/\/distribucionarc.com\/de\/#\/schema\/logo\/image\/\"},\"description\":\"Empresa especializada en la fabricaci\u00f3n y distribuci\u00f3n de maquinaria industrial para los sectores alimentario y farmac\u00e9utico. Nos especializamos en: M\u00e1quinas de cortar carne Fabricaci\u00f3n de comprimidos Sistemas de transporte industrial L\u00edneas de embotellado Dosificadores Y mucho m\u00e1s... Ofrecemos soluciones innovadoras y personalizadas para optimizar los procesos productivos de tu empresa.\",\"email\":\"Admistracion@distribucionarc.com\",\"telephone\":\"+34 643496664\",\"legalName\":\"ARC TECH SOLUTIONS\",\"foundingDate\":\"2024-04-09\",\"vatID\":\"B55480172\",\"numberOfEmployees\":{\"@type\":\"QuantitativeValue\",\"minValue\":\"1\",\"maxValue\":\"10\"}}]}<\/script>\n<!-- \/ Yoast SEO Premium plugin. -->","yoast_head_json":{"title":"M\u00c9LANGEUR \u00c0 RUBAN HORIZONTAL POUDRE HOMOG\u00c8NE POUR VITAMINES - ARC distribution","robots":{"index":"index","follow":"follow","max-snippet":"max-snippet:-1","max-image-preview":"max-image-preview:large","max-video-preview":"max-video-preview:-1"},"canonical":"https:\/\/distribucionarc.com\/fr\/produit\/melangeur-de-poudre-homogene-a-ruban-horizontal-pour-vitamines\/","og_locale":"fr_FR","og_type":"article","og_title":"MEZCLADOR HORIZONTAL DE CINTA POLVO HOMOGENOS PARA VITAMINAS","og_description":"Descubre el Mezclador Horizontal de Cinta artesa serie CARH, dise\u00f1ado para la mezcla precisa de materiales en polvo o pasta,","og_url":"https:\/\/distribucionarc.com\/fr\/produit\/melangeur-de-poudre-homogene-a-ruban-horizontal-pour-vitamines\/","og_site_name":"distribuci\u00f3n ARC","article_modified_time":"2024-04-27T03:46:38+00:00","og_image":[{"width":1616,"height":880,"url":"https:\/\/distribucionarc.com\/wp-content\/uploads\/2024\/04\/MEZCLADOR-HORIZONTAL-DE-CINTA-POLVO-HOMOGENOS-PARA-VITAMINAS.webp","type":"image\/webp"}],"twitter_card":"summary_large_image","twitter_misc":{"Dur\u00e9e de lecture estim\u00e9e":"1 minute"},"schema":{"@context":"https:\/\/schema.org","@graph":[{"@type":"WebPage","@id":"https:\/\/distribucionarc.com\/lt\/producto\/mezclador-horizontal-de-cinta-polvo-homogenos-para-vitaminas\/","url":"https:\/\/distribucionarc.com\/lt\/producto\/mezclador-horizontal-de-cinta-polvo-homogenos-para-vitaminas\/","name":"M\u00c9LANGEUR \u00c0 RUBAN HORIZONTAL POUDRE HOMOG\u00c8NE POUR VITAMINES - ARC distribution","isPartOf":{"@id":"https:\/\/distribucionarc.com\/de\/#website"},"primaryImageOfPage":{"@id":"https:\/\/distribucionarc.com\/lt\/producto\/mezclador-horizontal-de-cinta-polvo-homogenos-para-vitaminas\/#primaryimage"},"image":{"@id":"https:\/\/distribucionarc.com\/lt\/producto\/mezclador-horizontal-de-cinta-polvo-homogenos-para-vitaminas\/#primaryimage"},"thumbnailUrl":"https:\/\/distribucionarc.com\/wp-content\/uploads\/2024\/04\/MEZCLADOR-HORIZONTAL-DE-CINTA-POLVO-HOMOGENOS-PARA-VITAMINAS.webp","datePublished":"2024-04-26T19:21:57+00:00","dateModified":"2024-04-27T03:46:38+00:00","breadcrumb":{"@id":"https:\/\/distribucionarc.com\/lt\/producto\/mezclador-horizontal-de-cinta-polvo-homogenos-para-vitaminas\/#breadcrumb"},"inLanguage":"fr-FR","potentialAction":[{"@type":"ReadAction","target":["https:\/\/distribucionarc.com\/lt\/producto\/mezclador-horizontal-de-cinta-polvo-homogenos-para-vitaminas\/"]}]},{"@type":"ImageObject","inLanguage":"fr-FR","@id":"https:\/\/distribucionarc.com\/lt\/producto\/mezclador-horizontal-de-cinta-polvo-homogenos-para-vitaminas\/#primaryimage","url":"https:\/\/distribucionarc.com\/wp-content\/uploads\/2024\/04\/MEZCLADOR-HORIZONTAL-DE-CINTA-POLVO-HOMOGENOS-PARA-VITAMINAS.webp","contentUrl":"https:\/\/distribucionarc.com\/wp-content\/uploads\/2024\/04\/MEZCLADOR-HORIZONTAL-DE-CINTA-POLVO-HOMOGENOS-PARA-VITAMINAS.webp","width":1616,"height":880,"caption":"#image_title"},{"@type":"BreadcrumbList","@id":"https:\/\/distribucionarc.com\/lt\/producto\/mezclador-horizontal-de-cinta-polvo-homogenos-para-vitaminas\/#breadcrumb","itemListElement":[{"@type":"ListItem","position":1,"name":"Portada","item":"https:\/\/distribucionarc.com\/pl\/"},{"@type":"ListItem","position":2,"name":"Produkty","item":"https:\/\/distribucionarc.com\/pl\/shop\/"},{"@type":"ListItem","position":3,"name":"MEZCLADOR HORIZONTAL DE CINTA POLVO HOMOGENOS PARA VITAMINAS"}]},{"@type":"WebSite","@id":"https:\/\/distribucionarc.com\/de\/#website","url":"https:\/\/distribucionarc.com\/de\/","name":"R\u00e9partition de l&#039;ARC","description":"Entreprise sp\u00e9cialis\u00e9e dans la fabrication et la distribution de machines industrielles, scelleuses de bo\u00eetes, machines \u00e0 comprim\u00e9s, machines \u00e0 d\u00e9couper la viande...","publisher":{"@id":"https:\/\/distribucionarc.com\/de\/#organization"},"potentialAction":[{"@type":"SearchAction","target":{"@type":"EntryPoint","urlTemplate":"https:\/\/distribucionarc.com\/de\/?s={search_term_string}"},"query-input":{"@type":"PropertyValueSpecification","valueRequired":true,"valueName":"search_term_string"}}],"inLanguage":"fr-FR"},{"@type":"Organization","@id":"https:\/\/distribucionarc.com\/de\/#organization","name":"Distribution ARC","url":"https:\/\/distribucionarc.com\/de\/","logo":{"@type":"ImageObject","inLanguage":"fr-FR","@id":"https:\/\/distribucionarc.com\/de\/#\/schema\/logo\/image\/","url":"https:\/\/distribucionarc.com\/wp-content\/uploads\/2024\/10\/distribucion-ARC-COLOR-SIN-FONDO-e1732295305345.png","contentUrl":"https:\/\/distribucionarc.com\/wp-content\/uploads\/2024\/10\/distribucion-ARC-COLOR-SIN-FONDO-e1732295305345.png","width":1164,"height":558,"caption":"Distribuci\u00f3n ARC"},"image":{"@id":"https:\/\/distribucionarc.com\/de\/#\/schema\/logo\/image\/"},"description":"Entreprise sp\u00e9cialis\u00e9e dans la fabrication et la distribution de machines industrielles pour les secteurs alimentaire et pharmaceutique. Nous sommes sp\u00e9cialis\u00e9s dans : Machines \u00e0 couper la viande Fabrication de comprim\u00e9s Syst\u00e8mes de transport industriel Lignes d'embouteillage Machines de dosage Et bien plus encore... Nous proposons des solutions innovantes et personnalis\u00e9es pour optimiser les processus de production de votre entreprise.","email":"Admistracion@distribucionarc.com","telephone":"+34 643496664","legalName":"ARC TECH SOLUTIONS","foundingDate":"2024-04-09","vatID":"B55480172","numberOfEmployees":{"@type":"QuantitativeValue","minValue":"1","maxValue":"10"}}]}},"_links":{"self":[{"href":"https:\/\/distribucionarc.com\/fr\/wp-json\/wp\/v2\/product\/6929","targetHints":{"allow":["GET"]}}],"collection":[{"href":"https:\/\/distribucionarc.com\/fr\/wp-json\/wp\/v2\/product"}],"about":[{"href":"https:\/\/distribucionarc.com\/fr\/wp-json\/wp\/v2\/types\/product"}],"replies":[{"embeddable":true,"href":"https:\/\/distribucionarc.com\/fr\/wp-json\/wp\/v2\/comments?post=6929"}],"version-history":[{"count":0,"href":"https:\/\/distribucionarc.com\/fr\/wp-json\/wp\/v2\/product\/6929\/revisions"}],"wp:featuredmedia":[{"embeddable":true,"href":"https:\/\/distribucionarc.com\/fr\/wp-json\/wp\/v2\/media\/6942"}],"wp:attachment":[{"href":"https:\/\/distribucionarc.com\/fr\/wp-json\/wp\/v2\/media?parent=6929"}],"wp:term":[{"taxonomy":"product_brand","embeddable":true,"href":"https:\/\/distribucionarc.com\/fr\/wp-json\/wp\/v2\/product_brand?post=6929"},{"taxonomy":"product_cat","embeddable":true,"href":"https:\/\/distribucionarc.com\/fr\/wp-json\/wp\/v2\/product_cat?post=6929"},{"taxonomy":"product_tag","embeddable":true,"href":"https:\/\/distribucionarc.com\/fr\/wp-json\/wp\/v2\/product_tag?post=6929"}],"curies":[{"name":"wp","href":"https:\/\/api.w.org\/{rel}","templated":true}]}}