{"id":7004,"date":"2024-04-27T08:52:32","date_gmt":"2024-04-27T08:52:32","guid":{"rendered":"https:\/\/distribucionarc.com\/?post_type=product&#038;p=7004"},"modified":"2024-04-27T08:52:34","modified_gmt":"2024-04-27T08:52:34","slug":"enrobeuse-machine-denrobage-pour-pilules-avec-ingredients-actifs","status":"publish","type":"product","link":"https:\/\/distribucionarc.com\/fr\/producto\/maquina-grajeadora-coater-para-pastillas-con-ingredientes-activos\/","title":{"rendered":"MACHINE \u00c0 GRAVER COATER POUR PILULES AVEC INGR\u00c9DIENTS ACTIFS"},"content":{"rendered":"<p>D\u00e9couvrez le <strong>Machine \u00e0 Grajeadora<\/strong> BARY Series Coater, un \u00e9quipement polyvalent \u00e9galement connu sous le nom de <strong>coucheuse<\/strong>, <strong>coucheuse<\/strong>, soit <strong>tambour de rev\u00eatement<\/strong>, essentiel dans le <strong>industries pharmaceutiques<\/strong> et <strong>nourriture<\/strong>. Cette machine est sp\u00e9cialement con\u00e7ue pour <strong>enrobage du comprim\u00e9<\/strong> et <strong>comprim\u00e9s<\/strong> avec des polym\u00e8res innovants de prot\u00e9ines de riz. La s\u00e9rie BARY se distingue par son pot de rev\u00eatement avec un angle d&#039;inclinaison r\u00e9glable et la possibilit\u00e9 d&#039;int\u00e9grer un dispositif de chauffage en dessous, permettant un contr\u00f4le pr\u00e9cis du processus de rev\u00eatement.<\/p>\n<p>Le <strong>Machine \u00e0 Grajeadora<\/strong> L&#039;enrobeur de la s\u00e9rie BARY est id\u00e9al non seulement pour l&#039;industrie pharmaceutique, o\u00f9 il est utilis\u00e9 pour am\u00e9liorer la lib\u00e9ration et la protection des <strong>ingr\u00e9dients actifs<\/strong> des m\u00e9dicaments, mais aussi en confiserie et en chocolat, o\u00f9 il est utilis\u00e9 pour recouvrir de couches de sucre ou <strong>chocolat<\/strong> divers produits. Dans le domaine agricole, il facilite l&#039;application d&#039;enrobages sur les semences, et dans le secteur nutraceutique, il est parfait pour encapsuler des vitamines et des suppl\u00e9ments.<\/p>\n<p>Optimisez la qualit\u00e9 de vos produits et maximisez l&#039;efficacit\u00e9 de votre production avec le <strong>Machine \u00e0 Grajeadora<\/strong> Coucheuse s\u00e9rie BARY. Boostez vos op\u00e9rations avec cette solution de pointe, con\u00e7ue pour offrir des performances exceptionnelles et des r\u00e9sultats de haute qualit\u00e9 dans divers secteurs industriels !<\/p>\n<p>&nbsp;<\/p>\n<table>\n<tbody>\n<tr>\n<td width=\"57\">mod\u00e8le<\/td>\n<td width=\"57\">Diam\u00e8tre du r\u00e9cipient de rev\u00eatement polym\u00e8re (millim\u00e8tres)<\/td>\n<td width=\"57\">Compter la vitesse du pot<\/td>\n<td width=\"57\">Puissance du moteur (kw)<\/td>\n<td width=\"57\">puissance du ventilateur (w)<\/td>\n<td width=\"57\">Puissance du c\u00e2ble chauffant (w)<\/td>\n<td width=\"57\">Capacit\u00e9 (kg\/h)<\/td>\n<td width=\"57\">Autre puissance de chauffage<\/td>\n<td width=\"57\">Poids net (kg)<\/td>\n<td width=\"57\">Taille hors tout (millim\u00e8tres)<\/td>\n<\/tr>\n<tr>\n<td width=\"57\">BARY300<\/td>\n<td width=\"57\">300<\/td>\n<td width=\"57\">46<\/td>\n<td width=\"57\">0.55<\/td>\n<td width=\"57\">500<\/td>\n<td width=\"57\">40<\/td>\n<td width=\"57\">2<\/td>\n<td width=\"57\">500<\/td>\n<td width=\"57\">65<\/td>\n<td width=\"57\">485*<\/p>\n<p>585*<\/p>\n<p>766*<\/td>\n<\/tr>\n<tr>\n<td width=\"57\">BARY400<\/td>\n<td width=\"57\">400<\/td>\n<td width=\"57\">46<\/td>\n<td width=\"57\">0.55<\/td>\n<td width=\"57\">500<\/td>\n<td width=\"57\">40<\/td>\n<td width=\"57\">5<\/td>\n<td width=\"57\">500<\/td>\n<td width=\"57\">70<\/td>\n<td width=\"57\">485*<\/p>\n<p>585*<\/p>\n<p>810*<\/td>\n<\/tr>\n<tr>\n<td width=\"57\">BAIE600<\/td>\n<td width=\"57\">600<\/td>\n<td width=\"57\">40<\/td>\n<td width=\"57\">0.75<\/td>\n<td width=\"57\">800<\/td>\n<td width=\"57\">60<\/td>\n<td width=\"57\">15<\/td>\n<td width=\"57\">600<\/td>\n<td width=\"57\">120<\/td>\n<td width=\"57\">700*<\/p>\n<p>540*<\/p>\n<p>1300*<\/td>\n<\/tr>\n<tr>\n<td width=\"57\">BARY800<\/td>\n<td width=\"57\">800<\/td>\n<td width=\"57\">32<\/td>\n<td width=\"57\">1.1<\/td>\n<td width=\"57\">1000<\/td>\n<td width=\"57\">250<\/td>\n<td width=\"57\">90-50<\/td>\n<td width=\"57\">1000*2<\/td>\n<td width=\"57\">240<\/td>\n<td width=\"57\">925*<\/p>\n<p>900*<\/p>\n<p>1500*<\/td>\n<\/tr>\n<tr>\n<td width=\"57\">BARY1000<\/td>\n<td width=\"57\">1000<\/td>\n<td width=\"57\">32<\/td>\n<td width=\"57\">1.5<\/td>\n<td width=\"57\">1000<\/td>\n<td width=\"57\">250<\/td>\n<td width=\"57\">50-70<\/td>\n<td width=\"57\">1000*2<\/td>\n<td width=\"57\">250<\/td>\n<td width=\"57\">1100*<\/p>\n<p>1100*<\/p>\n<p>1600*<\/td>\n<\/tr>\n<tr>\n<td width=\"57\">BARY1250<\/td>\n<td width=\"57\">1250<\/td>\n<td width=\"57\">30<\/td>\n<td width=\"57\">2.2<\/td>\n<td width=\"57\">1000<\/td>\n<td width=\"57\">250<\/td>\n<td width=\"57\">90-150<\/td>\n<td width=\"57\">1000*2<\/td>\n<td width=\"57\">280<\/td>\n<td width=\"57\">1200*<\/p>\n<p>1250*<\/p>\n<p>1630*<\/td>\n<\/tr>\n<\/tbody>\n<\/table>\n<p>&nbsp;<\/p>","protected":false},"excerpt":{"rendered":"<p>D\u00e9couvrez la machine d&#039;enduction de la s\u00e9rie BARY, un \u00e9quipement polyvalent \u00e9galement connu sous le nom d&#039;enrobeuse ou de tambour d&#039;enduction, essentiel<\/p>","protected":false},"featured_media":7005,"comment_status":"open","ping_status":"closed","template":"","meta":{"wds_primary_product_brand":0,"wds_primary_product_cat":0},"product_brand":[],"product_cat":[84],"product_tag":[],"class_list":{"0":"post-7004","1":"product","2":"type-product","3":"status-publish","4":"has-post-thumbnail","6":"product_cat-maquinas-para-hacer-pastillas","8":"first","9":"instock","10":"taxable","11":"shipping-taxable","12":"purchasable","13":"product-type-simple"},"yoast_head":"<!-- This site is optimized with the Yoast SEO Premium plugin v24.9 (Yoast SEO v26.1) - https:\/\/yoast.com\/wordpress\/plugins\/seo\/ -->\n<title>MAQUINA GRAJEADORA COATER PARA PASTILLAS CON INGREDIENTES ACTIVOS - distribuci\u00f3n ARC<\/title>\n<meta name=\"robots\" content=\"index, follow, max-snippet:-1, max-image-preview:large, max-video-preview:-1\" \/>\n<link rel=\"canonical\" href=\"https:\/\/distribucionarc.com\/fr\/produit\/enrobeuse-machine-denrobage-pour-pilules-avec-ingredients-actifs\/\" \/>\n<meta property=\"og:locale\" content=\"fr_FR\" \/>\n<meta property=\"og:type\" content=\"article\" \/>\n<meta property=\"og:title\" content=\"MAQUINA GRAJEADORA COATER PARA PASTILLAS CON INGREDIENTES ACTIVOS\" \/>\n<meta property=\"og:description\" content=\"Descubre la M\u00e1quina Grajeadora Recubridora Serie BARY, un equipo vers\u00e1til tambi\u00e9n conocido como recubridora, coater, o tambor de recubrimiento, esencial\" \/>\n<meta property=\"og:url\" content=\"https:\/\/distribucionarc.com\/fr\/produit\/enrobeuse-machine-denrobage-pour-pilules-avec-ingredients-actifs\/\" \/>\n<meta property=\"og:site_name\" content=\"distribuci\u00f3n ARC\" \/>\n<meta property=\"article:modified_time\" content=\"2024-04-27T08:52:34+00:00\" \/>\n<meta property=\"og:image\" content=\"https:\/\/distribucionarc.com\/wp-content\/uploads\/2024\/04\/MAQUINA-GRAJEADORA-COATER-PARA-PASTILLAS-CON-INGREDIENTES-ACTIVOS.webp\" \/>\n\t<meta property=\"og:image:width\" content=\"1920\" \/>\n\t<meta property=\"og:image:height\" content=\"1108\" \/>\n\t<meta property=\"og:image:type\" content=\"image\/webp\" \/>\n<meta name=\"twitter:card\" content=\"summary_large_image\" \/>\n<meta name=\"twitter:label1\" content=\"Dur\u00e9e de lecture estim\u00e9e\" \/>\n\t<meta name=\"twitter:data1\" content=\"1 minute\" \/>\n<script type=\"application\/ld+json\" class=\"yoast-schema-graph\">{\"@context\":\"https:\/\/schema.org\",\"@graph\":[{\"@type\":\"WebPage\",\"@id\":\"https:\/\/distribucionarc.com\/sl\/producto\/maquina-grajeadora-coater-para-pastillas-con-ingredientes-activos\/\",\"url\":\"https:\/\/distribucionarc.com\/sl\/producto\/maquina-grajeadora-coater-para-pastillas-con-ingredientes-activos\/\",\"name\":\"MAQUINA GRAJEADORA COATER PARA PASTILLAS CON INGREDIENTES ACTIVOS - distribuci\u00f3n ARC\",\"isPartOf\":{\"@id\":\"https:\/\/distribucionarc.com\/ro\/#website\"},\"primaryImageOfPage\":{\"@id\":\"https:\/\/distribucionarc.com\/sl\/producto\/maquina-grajeadora-coater-para-pastillas-con-ingredientes-activos\/#primaryimage\"},\"image\":{\"@id\":\"https:\/\/distribucionarc.com\/sl\/producto\/maquina-grajeadora-coater-para-pastillas-con-ingredientes-activos\/#primaryimage\"},\"thumbnailUrl\":\"https:\/\/distribucionarc.com\/wp-content\/uploads\/2024\/04\/MAQUINA-GRAJEADORA-COATER-PARA-PASTILLAS-CON-INGREDIENTES-ACTIVOS.webp\",\"datePublished\":\"2024-04-27T08:52:32+00:00\",\"dateModified\":\"2024-04-27T08:52:34+00:00\",\"breadcrumb\":{\"@id\":\"https:\/\/distribucionarc.com\/sl\/producto\/maquina-grajeadora-coater-para-pastillas-con-ingredientes-activos\/#breadcrumb\"},\"inLanguage\":\"fr-FR\",\"potentialAction\":[{\"@type\":\"ReadAction\",\"target\":[\"https:\/\/distribucionarc.com\/sl\/producto\/maquina-grajeadora-coater-para-pastillas-con-ingredientes-activos\/\"]}]},{\"@type\":\"ImageObject\",\"inLanguage\":\"fr-FR\",\"@id\":\"https:\/\/distribucionarc.com\/sl\/producto\/maquina-grajeadora-coater-para-pastillas-con-ingredientes-activos\/#primaryimage\",\"url\":\"https:\/\/distribucionarc.com\/wp-content\/uploads\/2024\/04\/MAQUINA-GRAJEADORA-COATER-PARA-PASTILLAS-CON-INGREDIENTES-ACTIVOS.webp\",\"contentUrl\":\"https:\/\/distribucionarc.com\/wp-content\/uploads\/2024\/04\/MAQUINA-GRAJEADORA-COATER-PARA-PASTILLAS-CON-INGREDIENTES-ACTIVOS.webp\",\"width\":1920,\"height\":1108,\"caption\":\"#image_title\"},{\"@type\":\"BreadcrumbList\",\"@id\":\"https:\/\/distribucionarc.com\/sl\/producto\/maquina-grajeadora-coater-para-pastillas-con-ingredientes-activos\/#breadcrumb\",\"itemListElement\":[{\"@type\":\"ListItem\",\"position\":1,\"name\":\"Portada\",\"item\":\"https:\/\/distribucionarc.com\/ar\/\"},{\"@type\":\"ListItem\",\"position\":2,\"name\":\"Proizvodi\",\"item\":\"https:\/\/www.distribucionarc.com\/hr\/ducan\/\"},{\"@type\":\"ListItem\",\"position\":3,\"name\":\"MAQUINA GRAJEADORA COATER PARA PASTILLAS CON INGREDIENTES ACTIVOS\"}]},{\"@type\":\"WebSite\",\"@id\":\"https:\/\/distribucionarc.com\/ro\/#website\",\"url\":\"https:\/\/distribucionarc.com\/ro\/\",\"name\":\"distribuci\u00f3n ARC\",\"description\":\"Empresa especializada en la fabricaci\u00f3n y distribuci\u00f3n de maquinaria industrial, selladoras de latas, Maquinas de hacer pastillas, Maquinas de cortar carne...\",\"publisher\":{\"@id\":\"https:\/\/distribucionarc.com\/ro\/#organization\"},\"potentialAction\":[{\"@type\":\"SearchAction\",\"target\":{\"@type\":\"EntryPoint\",\"urlTemplate\":\"https:\/\/distribucionarc.com\/ro\/?s={search_term_string}\"},\"query-input\":{\"@type\":\"PropertyValueSpecification\",\"valueRequired\":true,\"valueName\":\"search_term_string\"}}],\"inLanguage\":\"fr-FR\"},{\"@type\":\"Organization\",\"@id\":\"https:\/\/distribucionarc.com\/ro\/#organization\",\"name\":\"Distribuci\u00f3n ARC\",\"url\":\"https:\/\/distribucionarc.com\/ro\/\",\"logo\":{\"@type\":\"ImageObject\",\"inLanguage\":\"fr-FR\",\"@id\":\"https:\/\/distribucionarc.com\/ro\/#\/schema\/logo\/image\/\",\"url\":\"https:\/\/distribucionarc.com\/wp-content\/uploads\/2024\/10\/distribucion-ARC-COLOR-SIN-FONDO-e1732295305345.png\",\"contentUrl\":\"https:\/\/distribucionarc.com\/wp-content\/uploads\/2024\/10\/distribucion-ARC-COLOR-SIN-FONDO-e1732295305345.png\",\"width\":1164,\"height\":558,\"caption\":\"Distribuci\u00f3n ARC\"},\"image\":{\"@id\":\"https:\/\/distribucionarc.com\/ro\/#\/schema\/logo\/image\/\"},\"description\":\"Empresa especializada en la fabricaci\u00f3n y distribuci\u00f3n de maquinaria industrial para los sectores alimentario y farmac\u00e9utico. Nos especializamos en: M\u00e1quinas de cortar carne Fabricaci\u00f3n de comprimidos Sistemas de transporte industrial L\u00edneas de embotellado Dosificadores Y mucho m\u00e1s... Ofrecemos soluciones innovadoras y personalizadas para optimizar los procesos productivos de tu empresa.\",\"email\":\"Admistracion@distribucionarc.com\",\"telephone\":\"+34 643496664\",\"legalName\":\"ARC TECH SOLUTIONS\",\"foundingDate\":\"2024-04-09\",\"vatID\":\"B55480172\",\"numberOfEmployees\":{\"@type\":\"QuantitativeValue\",\"minValue\":\"1\",\"maxValue\":\"10\"}}]}<\/script>\n<!-- \/ Yoast SEO Premium plugin. -->","yoast_head_json":{"title":"MACHINE \u00c0 GRAVER COATER POUR PILULES \u00c0 PRINCIPES ACTIFS - ARC distribution","robots":{"index":"index","follow":"follow","max-snippet":"max-snippet:-1","max-image-preview":"max-image-preview:large","max-video-preview":"max-video-preview:-1"},"canonical":"https:\/\/distribucionarc.com\/fr\/produit\/enrobeuse-machine-denrobage-pour-pilules-avec-ingredients-actifs\/","og_locale":"fr_FR","og_type":"article","og_title":"MAQUINA GRAJEADORA COATER PARA PASTILLAS CON INGREDIENTES ACTIVOS","og_description":"Descubre la M\u00e1quina Grajeadora Recubridora Serie BARY, un equipo vers\u00e1til tambi\u00e9n conocido como recubridora, coater, o tambor de recubrimiento, esencial","og_url":"https:\/\/distribucionarc.com\/fr\/produit\/enrobeuse-machine-denrobage-pour-pilules-avec-ingredients-actifs\/","og_site_name":"distribuci\u00f3n ARC","article_modified_time":"2024-04-27T08:52:34+00:00","og_image":[{"width":1920,"height":1108,"url":"https:\/\/distribucionarc.com\/wp-content\/uploads\/2024\/04\/MAQUINA-GRAJEADORA-COATER-PARA-PASTILLAS-CON-INGREDIENTES-ACTIVOS.webp","type":"image\/webp"}],"twitter_card":"summary_large_image","twitter_misc":{"Dur\u00e9e de lecture estim\u00e9e":"1 minute"},"schema":{"@context":"https:\/\/schema.org","@graph":[{"@type":"WebPage","@id":"https:\/\/distribucionarc.com\/sl\/producto\/maquina-grajeadora-coater-para-pastillas-con-ingredientes-activos\/","url":"https:\/\/distribucionarc.com\/sl\/producto\/maquina-grajeadora-coater-para-pastillas-con-ingredientes-activos\/","name":"MACHINE \u00c0 GRAVER COATER POUR PILULES \u00c0 PRINCIPES ACTIFS - ARC distribution","isPartOf":{"@id":"https:\/\/distribucionarc.com\/ro\/#website"},"primaryImageOfPage":{"@id":"https:\/\/distribucionarc.com\/sl\/producto\/maquina-grajeadora-coater-para-pastillas-con-ingredientes-activos\/#primaryimage"},"image":{"@id":"https:\/\/distribucionarc.com\/sl\/producto\/maquina-grajeadora-coater-para-pastillas-con-ingredientes-activos\/#primaryimage"},"thumbnailUrl":"https:\/\/distribucionarc.com\/wp-content\/uploads\/2024\/04\/MAQUINA-GRAJEADORA-COATER-PARA-PASTILLAS-CON-INGREDIENTES-ACTIVOS.webp","datePublished":"2024-04-27T08:52:32+00:00","dateModified":"2024-04-27T08:52:34+00:00","breadcrumb":{"@id":"https:\/\/distribucionarc.com\/sl\/producto\/maquina-grajeadora-coater-para-pastillas-con-ingredientes-activos\/#breadcrumb"},"inLanguage":"fr-FR","potentialAction":[{"@type":"ReadAction","target":["https:\/\/distribucionarc.com\/sl\/producto\/maquina-grajeadora-coater-para-pastillas-con-ingredientes-activos\/"]}]},{"@type":"ImageObject","inLanguage":"fr-FR","@id":"https:\/\/distribucionarc.com\/sl\/producto\/maquina-grajeadora-coater-para-pastillas-con-ingredientes-activos\/#primaryimage","url":"https:\/\/distribucionarc.com\/wp-content\/uploads\/2024\/04\/MAQUINA-GRAJEADORA-COATER-PARA-PASTILLAS-CON-INGREDIENTES-ACTIVOS.webp","contentUrl":"https:\/\/distribucionarc.com\/wp-content\/uploads\/2024\/04\/MAQUINA-GRAJEADORA-COATER-PARA-PASTILLAS-CON-INGREDIENTES-ACTIVOS.webp","width":1920,"height":1108,"caption":"#image_title"},{"@type":"BreadcrumbList","@id":"https:\/\/distribucionarc.com\/sl\/producto\/maquina-grajeadora-coater-para-pastillas-con-ingredientes-activos\/#breadcrumb","itemListElement":[{"@type":"ListItem","position":1,"name":"Portada","item":"https:\/\/distribucionarc.com\/ar\/"},{"@type":"ListItem","position":2,"name":"Proizvodi","item":"https:\/\/www.distribucionarc.com\/hr\/ducan\/"},{"@type":"ListItem","position":3,"name":"MAQUINA GRAJEADORA COATER PARA PASTILLAS CON INGREDIENTES ACTIVOS"}]},{"@type":"WebSite","@id":"https:\/\/distribucionarc.com\/ro\/#website","url":"https:\/\/distribucionarc.com\/ro\/","name":"R\u00e9partition de l&#039;ARC","description":"Entreprise sp\u00e9cialis\u00e9e dans la fabrication et la distribution de machines industrielles, scelleuses de bo\u00eetes, machines \u00e0 comprim\u00e9s, machines \u00e0 d\u00e9couper la viande...","publisher":{"@id":"https:\/\/distribucionarc.com\/ro\/#organization"},"potentialAction":[{"@type":"SearchAction","target":{"@type":"EntryPoint","urlTemplate":"https:\/\/distribucionarc.com\/ro\/?s={search_term_string}"},"query-input":{"@type":"PropertyValueSpecification","valueRequired":true,"valueName":"search_term_string"}}],"inLanguage":"fr-FR"},{"@type":"Organization","@id":"https:\/\/distribucionarc.com\/ro\/#organization","name":"Distribution ARC","url":"https:\/\/distribucionarc.com\/ro\/","logo":{"@type":"ImageObject","inLanguage":"fr-FR","@id":"https:\/\/distribucionarc.com\/ro\/#\/schema\/logo\/image\/","url":"https:\/\/distribucionarc.com\/wp-content\/uploads\/2024\/10\/distribucion-ARC-COLOR-SIN-FONDO-e1732295305345.png","contentUrl":"https:\/\/distribucionarc.com\/wp-content\/uploads\/2024\/10\/distribucion-ARC-COLOR-SIN-FONDO-e1732295305345.png","width":1164,"height":558,"caption":"Distribuci\u00f3n ARC"},"image":{"@id":"https:\/\/distribucionarc.com\/ro\/#\/schema\/logo\/image\/"},"description":"Entreprise sp\u00e9cialis\u00e9e dans la fabrication et la distribution de machines industrielles pour les secteurs alimentaire et pharmaceutique. Nous sommes sp\u00e9cialis\u00e9s dans : Machines \u00e0 couper la viande Fabrication de comprim\u00e9s Syst\u00e8mes de transport industriel Lignes d'embouteillage Machines de dosage Et bien plus encore... Nous proposons des solutions innovantes et personnalis\u00e9es pour optimiser les processus de production de votre entreprise.","email":"Admistracion@distribucionarc.com","telephone":"+34 643496664","legalName":"ARC TECH SOLUTIONS","foundingDate":"2024-04-09","vatID":"B55480172","numberOfEmployees":{"@type":"QuantitativeValue","minValue":"1","maxValue":"10"}}]}},"_links":{"self":[{"href":"https:\/\/distribucionarc.com\/fr\/wp-json\/wp\/v2\/product\/7004","targetHints":{"allow":["GET"]}}],"collection":[{"href":"https:\/\/distribucionarc.com\/fr\/wp-json\/wp\/v2\/product"}],"about":[{"href":"https:\/\/distribucionarc.com\/fr\/wp-json\/wp\/v2\/types\/product"}],"replies":[{"embeddable":true,"href":"https:\/\/distribucionarc.com\/fr\/wp-json\/wp\/v2\/comments?post=7004"}],"version-history":[{"count":0,"href":"https:\/\/distribucionarc.com\/fr\/wp-json\/wp\/v2\/product\/7004\/revisions"}],"wp:featuredmedia":[{"embeddable":true,"href":"https:\/\/distribucionarc.com\/fr\/wp-json\/wp\/v2\/media\/7005"}],"wp:attachment":[{"href":"https:\/\/distribucionarc.com\/fr\/wp-json\/wp\/v2\/media?parent=7004"}],"wp:term":[{"taxonomy":"product_brand","embeddable":true,"href":"https:\/\/distribucionarc.com\/fr\/wp-json\/wp\/v2\/product_brand?post=7004"},{"taxonomy":"product_cat","embeddable":true,"href":"https:\/\/distribucionarc.com\/fr\/wp-json\/wp\/v2\/product_cat?post=7004"},{"taxonomy":"product_tag","embeddable":true,"href":"https:\/\/distribucionarc.com\/fr\/wp-json\/wp\/v2\/product_tag?post=7004"}],"curies":[{"name":"wp","href":"https:\/\/api.w.org\/{rel}","templated":true}]}}