{"id":7008,"date":"2024-04-27T09:43:52","date_gmt":"2024-04-27T09:43:52","guid":{"rendered":"https:\/\/distribucionarc.com\/?post_type=product&#038;p=7008"},"modified":"2024-04-27T09:43:54","modified_gmt":"2024-04-27T09:43:54","slug":"machine-a-tirer-a-grande-vitesse-pour-pilules-de-taurine","status":"publish","type":"product","link":"https:\/\/distribucionarc.com\/fr\/producto\/maquina-grajeadora-de-alta-velocidad-para-pildoras-de-taurina\/","title":{"rendered":"MACHINE \u00c0 GRAVER \u00c0 HAUTE VITESSE POUR PILULES DE TAURINE"},"content":{"rendered":"<p>D\u00e9couvrez le <strong>Machine de p\u00e2turage de rev\u00eatement \u00e0 grande vitesse<\/strong> S\u00e9rie BARG, id\u00e9ale pour le rev\u00eatement <strong>comprim\u00e9s, pilules et diur\u00e9tiques avec opacifiants taurine<\/strong>. Avec des applications en pharmacie, en alimentation et en biologie, elle propose des enrobages de sucre, des films organiques et hydrosolubles. Sa conception intelligente et sa vitesse \u00e9lev\u00e9e garantissent efficacit\u00e9 et pr\u00e9cision dans la production. Optimisez vos processus avec cette solution innovante et polyvalente.<\/p>\n<p>&nbsp;<\/p>\n<table>\n<tbody>\n<tr>\n<td width=\"71\">Mod\u00e8le<\/td>\n<td width=\"71\">Capacit\u00e9 maximale production (kg\/temps)<\/td>\n<td width=\"71\">Vitesse du tambour du tambour de rev\u00eatement (tours\/min)<\/td>\n<td width=\"71\">Puissance du moteur de la machine principale (kw)<\/td>\n<td width=\"71\">D\u00e9bit d&#039;air chaud (m3\/h)<\/td>\n<td width=\"71\">Puissance moteur de l&#039;armoire \u00e0 air chaud (kw)<\/td>\n<td width=\"71\">D\u00e9bit d&#039;\u00e9chappement d&#039;air<\/td>\n<td width=\"71\">Moteur d&#039;armoire d&#039;\u00e9chappement d&#039;air (kw)<\/td>\n<\/tr>\n<tr>\n<td width=\"71\">BARG-40E<\/td>\n<td width=\"71\">40<\/td>\n<td width=\"71\">1-20<\/td>\n<td width=\"71\">1.1<\/td>\n<td width=\"71\">2010<\/td>\n<td width=\"71\">0.75<\/td>\n<td width=\"71\">3640<\/td>\n<td width=\"71\">2.2<\/td>\n<\/tr>\n<tr>\n<td width=\"71\">BARG-80E<\/td>\n<td width=\"71\">80<\/td>\n<td width=\"71\">2-18<\/td>\n<td width=\"71\">1.5<\/td>\n<td width=\"71\">1250-2590<\/td>\n<td width=\"71\">1.1<\/td>\n<td width=\"71\">2235-3570<\/td>\n<td width=\"71\">3.0<\/td>\n<\/tr>\n<tr>\n<td width=\"71\">BARG-150E<\/td>\n<td width=\"71\">150<\/td>\n<td width=\"71\">2-18<\/td>\n<td width=\"71\">2.2<\/td>\n<td width=\"71\">1555-2980<\/td>\n<td width=\"71\">1.5<\/td>\n<td width=\"71\">5210-7419<\/td>\n<td width=\"71\">5.5<\/td>\n<\/tr>\n<tr>\n<td width=\"71\">BARG-250E<\/td>\n<td width=\"71\">250<\/td>\n<td width=\"71\">2-15<\/td>\n<td width=\"71\">3.0<\/td>\n<td width=\"71\">1555-2356<\/td>\n<td width=\"71\">3.0<\/td>\n<td width=\"71\">5210-7419<\/td>\n<td width=\"71\">7.5<\/td>\n<\/tr>\n<tr>\n<td width=\"71\">BARG-350E<\/td>\n<td width=\"71\">300<\/td>\n<td width=\"71\">2-15<\/td>\n<td width=\"71\">3.0<\/td>\n<td width=\"71\">1555-2356<\/td>\n<td width=\"71\">3.0<\/td>\n<td width=\"71\">5210-7417<\/td>\n<td width=\"71\">7.5<\/td>\n<\/tr>\n<tr>\n<td width=\"71\">BARG-400E<\/td>\n<td width=\"71\">400<\/td>\n<td width=\"71\">2-15<\/td>\n<td width=\"71\">4.0<\/td>\n<td width=\"71\">1688-3517<\/td>\n<td width=\"71\">3.0<\/td>\n<td width=\"71\">5712-12062<\/td>\n<td width=\"71\">7.5<\/td>\n<\/tr>\n<tr>\n<td width=\"71\">BARG-600E<\/td>\n<td width=\"71\">600<\/td>\n<td width=\"71\">3-12<\/td>\n<td width=\"71\">5.0<\/td>\n<td width=\"71\">1688-3517<\/td>\n<td width=\"71\">5.5<\/td>\n<td width=\"71\">5712-12062<\/td>\n<td width=\"71\">11<\/td>\n<\/tr>\n<\/tbody>\n<\/table>\n<p>&nbsp;<\/p>","protected":false},"excerpt":{"rendered":"<p>D\u00e9couvrez la machine d&#039;enrobage \u00e0 grande vitesse de la s\u00e9rie BARG, id\u00e9ale pour enrober des comprim\u00e9s, des pilules et des diur\u00e9tiques avec des opacifiants.<\/p>","protected":false},"featured_media":7010,"comment_status":"open","ping_status":"closed","template":"","meta":{"wds_primary_product_brand":0,"wds_primary_product_cat":0},"product_brand":[],"product_cat":[84],"product_tag":[],"class_list":{"0":"post-7008","1":"product","2":"type-product","3":"status-publish","4":"has-post-thumbnail","6":"product_cat-maquinas-para-hacer-pastillas","8":"first","9":"instock","10":"taxable","11":"shipping-taxable","12":"purchasable","13":"product-type-simple"},"yoast_head":"<!-- This site is optimized with the Yoast SEO Premium plugin v24.9 (Yoast SEO v26.1) - https:\/\/yoast.com\/wordpress\/plugins\/seo\/ -->\n<title>MAQUINA GRAJEADORA DE ALTA VELOCIDAD PARA PILDORAS DE TAURINA - distribuci\u00f3n ARC<\/title>\n<meta name=\"robots\" content=\"index, follow, max-snippet:-1, max-image-preview:large, max-video-preview:-1\" \/>\n<link rel=\"canonical\" href=\"https:\/\/www.distribucionarc.com\/nl\/producto\/maquina-grajeadora-de-alta-velocidad-para-pildoras-de-taurina\/\" \/>\n<meta property=\"og:locale\" content=\"fr_FR\" \/>\n<meta property=\"og:type\" content=\"article\" \/>\n<meta property=\"og:title\" content=\"MAQUINA GRAJEADORA DE ALTA VELOCIDAD PARA PILDORAS DE TAURINA\" \/>\n<meta property=\"og:description\" content=\"Descubre la M\u00e1quina Grajeadora de Recubrimiento de Alta Velocidad Serie BARG, ideal para recubrir tabletas, p\u00edldoras y diur\u00e9ticos con opacificantes\" \/>\n<meta property=\"og:url\" content=\"https:\/\/www.distribucionarc.com\/nl\/producto\/maquina-grajeadora-de-alta-velocidad-para-pildoras-de-taurina\/\" \/>\n<meta property=\"og:site_name\" content=\"distribuci\u00f3n ARC\" \/>\n<meta property=\"article:modified_time\" content=\"2024-04-27T09:43:54+00:00\" \/>\n<meta property=\"og:image\" content=\"https:\/\/www.distribucionarc.com\/wp-content\/uploads\/2024\/04\/MAQUINA-GRAJEADORA-DE-ALTA-VELOCIDAD-PARA-PILDORAS-DE-TAURINA.webp\" \/>\n\t<meta property=\"og:image:width\" content=\"1312\" \/>\n\t<meta property=\"og:image:height\" content=\"952\" \/>\n\t<meta property=\"og:image:type\" content=\"image\/webp\" \/>\n<meta name=\"twitter:card\" content=\"summary_large_image\" \/>\n<meta name=\"twitter:label1\" content=\"Dur\u00e9e de lecture estim\u00e9e\" \/>\n\t<meta name=\"twitter:data1\" content=\"1 minute\" \/>\n<script type=\"application\/ld+json\" class=\"yoast-schema-graph\">{\"@context\":\"https:\/\/schema.org\",\"@graph\":[{\"@type\":\"WebPage\",\"@id\":\"https:\/\/www.distribucionarc.com\/nl\/producto\/maquina-grajeadora-de-alta-velocidad-para-pildoras-de-taurina\/\",\"url\":\"https:\/\/www.distribucionarc.com\/nl\/producto\/maquina-grajeadora-de-alta-velocidad-para-pildoras-de-taurina\/\",\"name\":\"MAQUINA GRAJEADORA DE ALTA VELOCIDAD PARA PILDORAS DE TAURINA - distribuci\u00f3n ARC\",\"isPartOf\":{\"@id\":\"https:\/\/distribucionarc.com\/ro\/#website\"},\"primaryImageOfPage\":{\"@id\":\"https:\/\/www.distribucionarc.com\/nl\/producto\/maquina-grajeadora-de-alta-velocidad-para-pildoras-de-taurina\/#primaryimage\"},\"image\":{\"@id\":\"https:\/\/www.distribucionarc.com\/nl\/producto\/maquina-grajeadora-de-alta-velocidad-para-pildoras-de-taurina\/#primaryimage\"},\"thumbnailUrl\":\"https:\/\/distribucionarc.com\/wp-content\/uploads\/2024\/04\/MAQUINA-GRAJEADORA-DE-ALTA-VELOCIDAD-PARA-PILDORAS-DE-TAURINA.webp\",\"datePublished\":\"2024-04-27T09:43:52+00:00\",\"dateModified\":\"2024-04-27T09:43:54+00:00\",\"breadcrumb\":{\"@id\":\"https:\/\/www.distribucionarc.com\/nl\/producto\/maquina-grajeadora-de-alta-velocidad-para-pildoras-de-taurina\/#breadcrumb\"},\"inLanguage\":\"fr-FR\",\"potentialAction\":[{\"@type\":\"ReadAction\",\"target\":[\"https:\/\/www.distribucionarc.com\/nl\/producto\/maquina-grajeadora-de-alta-velocidad-para-pildoras-de-taurina\/\"]}]},{\"@type\":\"ImageObject\",\"inLanguage\":\"fr-FR\",\"@id\":\"https:\/\/www.distribucionarc.com\/nl\/producto\/maquina-grajeadora-de-alta-velocidad-para-pildoras-de-taurina\/#primaryimage\",\"url\":\"https:\/\/distribucionarc.com\/wp-content\/uploads\/2024\/04\/MAQUINA-GRAJEADORA-DE-ALTA-VELOCIDAD-PARA-PILDORAS-DE-TAURINA.webp\",\"contentUrl\":\"https:\/\/distribucionarc.com\/wp-content\/uploads\/2024\/04\/MAQUINA-GRAJEADORA-DE-ALTA-VELOCIDAD-PARA-PILDORAS-DE-TAURINA.webp\",\"width\":1312,\"height\":952,\"caption\":\"#image_title\"},{\"@type\":\"BreadcrumbList\",\"@id\":\"https:\/\/www.distribucionarc.com\/nl\/producto\/maquina-grajeadora-de-alta-velocidad-para-pildoras-de-taurina\/#breadcrumb\",\"itemListElement\":[{\"@type\":\"ListItem\",\"position\":1,\"name\":\"Portada\",\"item\":\"https:\/\/distribucionarc.com\/ar\/\"},{\"@type\":\"ListItem\",\"position\":2,\"name\":\"Proizvodi\",\"item\":\"https:\/\/www.distribucionarc.com\/hr\/ducan\/\"},{\"@type\":\"ListItem\",\"position\":3,\"name\":\"MAQUINA GRAJEADORA DE ALTA VELOCIDAD PARA PILDORAS DE TAURINA\"}]},{\"@type\":\"WebSite\",\"@id\":\"https:\/\/distribucionarc.com\/ro\/#website\",\"url\":\"https:\/\/distribucionarc.com\/ro\/\",\"name\":\"distribuci\u00f3n ARC\",\"description\":\"Empresa especializada en la fabricaci\u00f3n y distribuci\u00f3n de maquinaria industrial, selladoras de latas, Maquinas de hacer pastillas, Maquinas de cortar carne...\",\"publisher\":{\"@id\":\"https:\/\/distribucionarc.com\/ro\/#organization\"},\"potentialAction\":[{\"@type\":\"SearchAction\",\"target\":{\"@type\":\"EntryPoint\",\"urlTemplate\":\"https:\/\/distribucionarc.com\/ro\/?s={search_term_string}\"},\"query-input\":{\"@type\":\"PropertyValueSpecification\",\"valueRequired\":true,\"valueName\":\"search_term_string\"}}],\"inLanguage\":\"fr-FR\"},{\"@type\":\"Organization\",\"@id\":\"https:\/\/distribucionarc.com\/ro\/#organization\",\"name\":\"Distribuci\u00f3n ARC\",\"url\":\"https:\/\/distribucionarc.com\/ro\/\",\"logo\":{\"@type\":\"ImageObject\",\"inLanguage\":\"fr-FR\",\"@id\":\"https:\/\/distribucionarc.com\/ro\/#\/schema\/logo\/image\/\",\"url\":\"https:\/\/distribucionarc.com\/wp-content\/uploads\/2024\/10\/distribucion-ARC-COLOR-SIN-FONDO-e1732295305345.png\",\"contentUrl\":\"https:\/\/distribucionarc.com\/wp-content\/uploads\/2024\/10\/distribucion-ARC-COLOR-SIN-FONDO-e1732295305345.png\",\"width\":1164,\"height\":558,\"caption\":\"Distribuci\u00f3n ARC\"},\"image\":{\"@id\":\"https:\/\/distribucionarc.com\/ro\/#\/schema\/logo\/image\/\"},\"description\":\"Empresa especializada en la fabricaci\u00f3n y distribuci\u00f3n de maquinaria industrial para los sectores alimentario y farmac\u00e9utico. Nos especializamos en: M\u00e1quinas de cortar carne Fabricaci\u00f3n de comprimidos Sistemas de transporte industrial L\u00edneas de embotellado Dosificadores Y mucho m\u00e1s... Ofrecemos soluciones innovadoras y personalizadas para optimizar los procesos productivos de tu empresa.\",\"email\":\"Admistracion@distribucionarc.com\",\"telephone\":\"+34 643496664\",\"legalName\":\"ARC TECH SOLUTIONS\",\"foundingDate\":\"2024-04-09\",\"vatID\":\"B55480172\",\"numberOfEmployees\":{\"@type\":\"QuantitativeValue\",\"minValue\":\"1\",\"maxValue\":\"10\"}}]}<\/script>\n<!-- \/ Yoast SEO Premium plugin. -->","yoast_head_json":{"title":"MACHINE DE REMPLISSAGE DE PELLETS \u00c0 HAUTE VITESSE POUR COMPRIM\u00c9S DE TAURINE - ARC distribution","robots":{"index":"index","follow":"follow","max-snippet":"max-snippet:-1","max-image-preview":"max-image-preview:large","max-video-preview":"max-video-preview:-1"},"canonical":"https:\/\/www.distribucionarc.com\/nl\/producto\/maquina-grajeadora-de-alta-velocidad-para-pildoras-de-taurina\/","og_locale":"fr_FR","og_type":"article","og_title":"MAQUINA GRAJEADORA DE ALTA VELOCIDAD PARA PILDORAS DE TAURINA","og_description":"Descubre la M\u00e1quina Grajeadora de Recubrimiento de Alta Velocidad Serie BARG, ideal para recubrir tabletas, p\u00edldoras y diur\u00e9ticos con opacificantes","og_url":"https:\/\/www.distribucionarc.com\/nl\/producto\/maquina-grajeadora-de-alta-velocidad-para-pildoras-de-taurina\/","og_site_name":"distribuci\u00f3n ARC","article_modified_time":"2024-04-27T09:43:54+00:00","og_image":[{"width":1312,"height":952,"url":"https:\/\/www.distribucionarc.com\/wp-content\/uploads\/2024\/04\/MAQUINA-GRAJEADORA-DE-ALTA-VELOCIDAD-PARA-PILDORAS-DE-TAURINA.webp","type":"image\/webp"}],"twitter_card":"summary_large_image","twitter_misc":{"Dur\u00e9e de lecture estim\u00e9e":"1 minute"},"schema":{"@context":"https:\/\/schema.org","@graph":[{"@type":"WebPage","@id":"https:\/\/www.distribucionarc.com\/nl\/producto\/maquina-grajeadora-de-alta-velocidad-para-pildoras-de-taurina\/","url":"https:\/\/www.distribucionarc.com\/nl\/producto\/maquina-grajeadora-de-alta-velocidad-para-pildoras-de-taurina\/","name":"MACHINE DE REMPLISSAGE DE PELLETS \u00c0 HAUTE VITESSE POUR COMPRIM\u00c9S DE TAURINE - ARC distribution","isPartOf":{"@id":"https:\/\/distribucionarc.com\/ro\/#website"},"primaryImageOfPage":{"@id":"https:\/\/www.distribucionarc.com\/nl\/producto\/maquina-grajeadora-de-alta-velocidad-para-pildoras-de-taurina\/#primaryimage"},"image":{"@id":"https:\/\/www.distribucionarc.com\/nl\/producto\/maquina-grajeadora-de-alta-velocidad-para-pildoras-de-taurina\/#primaryimage"},"thumbnailUrl":"https:\/\/distribucionarc.com\/wp-content\/uploads\/2024\/04\/MAQUINA-GRAJEADORA-DE-ALTA-VELOCIDAD-PARA-PILDORAS-DE-TAURINA.webp","datePublished":"2024-04-27T09:43:52+00:00","dateModified":"2024-04-27T09:43:54+00:00","breadcrumb":{"@id":"https:\/\/www.distribucionarc.com\/nl\/producto\/maquina-grajeadora-de-alta-velocidad-para-pildoras-de-taurina\/#breadcrumb"},"inLanguage":"fr-FR","potentialAction":[{"@type":"ReadAction","target":["https:\/\/www.distribucionarc.com\/nl\/producto\/maquina-grajeadora-de-alta-velocidad-para-pildoras-de-taurina\/"]}]},{"@type":"ImageObject","inLanguage":"fr-FR","@id":"https:\/\/www.distribucionarc.com\/nl\/producto\/maquina-grajeadora-de-alta-velocidad-para-pildoras-de-taurina\/#primaryimage","url":"https:\/\/distribucionarc.com\/wp-content\/uploads\/2024\/04\/MAQUINA-GRAJEADORA-DE-ALTA-VELOCIDAD-PARA-PILDORAS-DE-TAURINA.webp","contentUrl":"https:\/\/distribucionarc.com\/wp-content\/uploads\/2024\/04\/MAQUINA-GRAJEADORA-DE-ALTA-VELOCIDAD-PARA-PILDORAS-DE-TAURINA.webp","width":1312,"height":952,"caption":"#image_title"},{"@type":"BreadcrumbList","@id":"https:\/\/www.distribucionarc.com\/nl\/producto\/maquina-grajeadora-de-alta-velocidad-para-pildoras-de-taurina\/#breadcrumb","itemListElement":[{"@type":"ListItem","position":1,"name":"Portada","item":"https:\/\/distribucionarc.com\/ar\/"},{"@type":"ListItem","position":2,"name":"Proizvodi","item":"https:\/\/www.distribucionarc.com\/hr\/ducan\/"},{"@type":"ListItem","position":3,"name":"MAQUINA GRAJEADORA DE ALTA VELOCIDAD PARA PILDORAS DE TAURINA"}]},{"@type":"WebSite","@id":"https:\/\/distribucionarc.com\/ro\/#website","url":"https:\/\/distribucionarc.com\/ro\/","name":"R\u00e9partition de l&#039;ARC","description":"Entreprise sp\u00e9cialis\u00e9e dans la fabrication et la distribution de machines industrielles, scelleuses de bo\u00eetes, machines \u00e0 comprim\u00e9s, machines \u00e0 d\u00e9couper la viande...","publisher":{"@id":"https:\/\/distribucionarc.com\/ro\/#organization"},"potentialAction":[{"@type":"SearchAction","target":{"@type":"EntryPoint","urlTemplate":"https:\/\/distribucionarc.com\/ro\/?s={search_term_string}"},"query-input":{"@type":"PropertyValueSpecification","valueRequired":true,"valueName":"search_term_string"}}],"inLanguage":"fr-FR"},{"@type":"Organization","@id":"https:\/\/distribucionarc.com\/ro\/#organization","name":"Distribution ARC","url":"https:\/\/distribucionarc.com\/ro\/","logo":{"@type":"ImageObject","inLanguage":"fr-FR","@id":"https:\/\/distribucionarc.com\/ro\/#\/schema\/logo\/image\/","url":"https:\/\/distribucionarc.com\/wp-content\/uploads\/2024\/10\/distribucion-ARC-COLOR-SIN-FONDO-e1732295305345.png","contentUrl":"https:\/\/distribucionarc.com\/wp-content\/uploads\/2024\/10\/distribucion-ARC-COLOR-SIN-FONDO-e1732295305345.png","width":1164,"height":558,"caption":"Distribuci\u00f3n ARC"},"image":{"@id":"https:\/\/distribucionarc.com\/ro\/#\/schema\/logo\/image\/"},"description":"Entreprise sp\u00e9cialis\u00e9e dans la fabrication et la distribution de machines industrielles pour les secteurs alimentaire et pharmaceutique. Nous sommes sp\u00e9cialis\u00e9s dans : Machines \u00e0 couper la viande Fabrication de comprim\u00e9s Syst\u00e8mes de transport industriel Lignes d'embouteillage Machines de dosage Et bien plus encore... Nous proposons des solutions innovantes et personnalis\u00e9es pour optimiser les processus de production de votre entreprise.","email":"Admistracion@distribucionarc.com","telephone":"+34 643496664","legalName":"ARC TECH SOLUTIONS","foundingDate":"2024-04-09","vatID":"B55480172","numberOfEmployees":{"@type":"QuantitativeValue","minValue":"1","maxValue":"10"}}]}},"_links":{"self":[{"href":"https:\/\/distribucionarc.com\/fr\/wp-json\/wp\/v2\/product\/7008","targetHints":{"allow":["GET"]}}],"collection":[{"href":"https:\/\/distribucionarc.com\/fr\/wp-json\/wp\/v2\/product"}],"about":[{"href":"https:\/\/distribucionarc.com\/fr\/wp-json\/wp\/v2\/types\/product"}],"replies":[{"embeddable":true,"href":"https:\/\/distribucionarc.com\/fr\/wp-json\/wp\/v2\/comments?post=7008"}],"version-history":[{"count":0,"href":"https:\/\/distribucionarc.com\/fr\/wp-json\/wp\/v2\/product\/7008\/revisions"}],"wp:featuredmedia":[{"embeddable":true,"href":"https:\/\/distribucionarc.com\/fr\/wp-json\/wp\/v2\/media\/7010"}],"wp:attachment":[{"href":"https:\/\/distribucionarc.com\/fr\/wp-json\/wp\/v2\/media?parent=7008"}],"wp:term":[{"taxonomy":"product_brand","embeddable":true,"href":"https:\/\/distribucionarc.com\/fr\/wp-json\/wp\/v2\/product_brand?post=7008"},{"taxonomy":"product_cat","embeddable":true,"href":"https:\/\/distribucionarc.com\/fr\/wp-json\/wp\/v2\/product_cat?post=7008"},{"taxonomy":"product_tag","embeddable":true,"href":"https:\/\/distribucionarc.com\/fr\/wp-json\/wp\/v2\/product_tag?post=7008"}],"curies":[{"name":"wp","href":"https:\/\/api.w.org\/{rel}","templated":true}]}}