{"id":7016,"date":"2024-04-29T08:24:44","date_gmt":"2024-04-29T08:24:44","guid":{"rendered":"https:\/\/distribucionarc.com\/?post_type=product&#038;p=7016"},"modified":"2024-04-29T08:25:51","modified_gmt":"2024-04-29T08:25:51","slug":"extrait-de-magnesium-tablette-nettoyant-duster","status":"publish","type":"product","link":"https:\/\/distribucionarc.com\/fr\/producto\/desmpolvador-limpiador-de-tabletas-de-extracto-de-magnesio\/","title":{"rendered":"NETTOYANT POUR COMPRIM\u00c9S \u00c0 L&#039;EXTRAIT DE MAGN\u00c9SIUM"},"content":{"rendered":"<p>D\u00e9couvrez le d\u00e9poussi\u00e9reur CFARQ-1, con\u00e7u pour des comprim\u00e9s de formes et de tailles vari\u00e9es, et compatible avec une presse \u00e0 comprim\u00e9s \u00e0 extrait de magn\u00e9sium. Fabriqu\u00e9 en mat\u00e9riau SS304 de haute qualit\u00e9, assure un contact partiel s\u00fbr avec la mati\u00e8re premi\u00e8re. De plus, sa conception intuitive le rend facile \u00e0 utiliser, offrant une solution efficace \u00e0 vos besoins de d\u00e9poussi\u00e9rage. Optimisez vos processus de production avec le d\u00e9poussi\u00e9reur CFARQ-1 et augmentez la qualit\u00e9 de vos produits de mani\u00e8re simple et fiable.<\/p>\n<p>&nbsp;<\/p>\n<table>\n<tbody>\n<tr>\n<td width=\"283\">mod\u00e8le<\/td>\n<td width=\"283\">CARFQ-1<\/td>\n<\/tr>\n<tr>\n<td width=\"283\">Efficacit\u00e9 de production<\/td>\n<td width=\"283\">0-550000 unit\u00e9\/heure<\/td>\n<\/tr>\n<tr>\n<td width=\"283\">Plage de diam\u00e8tre<\/td>\n<td width=\"283\">5-15mm<\/td>\n<\/tr>\n<tr>\n<td width=\"283\">Alimentation<\/td>\n<td width=\"283\">220V50Hz 110V60Hz<\/td>\n<\/tr>\n<tr>\n<td width=\"283\">Dimension (millim\u00e8tres)<\/td>\n<td width=\"283\">4315* 4350* x 900* 1070*<\/td>\n<\/tr>\n<tr>\n<td width=\"283\">Poids (kg)<\/td>\n<td width=\"283\">38<\/td>\n<\/tr>\n<tr>\n<td width=\"283\">Vide<\/td>\n<td width=\"283\">1,8 m3\/min-0,01 MPa<\/td>\n<\/tr>\n<tr>\n<td width=\"283\">Air comprim\u00e9<\/td>\n<td width=\"283\">0,1 m3\/min-0,05 MPa<\/td>\n<\/tr>\n<\/tbody>\n<\/table>\n<p>&nbsp;<\/p>","protected":false},"excerpt":{"rendered":"<p>D\u00e9couvrez le d\u00e9poussi\u00e9reur CFARQ-1, con\u00e7u pour les comprim\u00e9s de formes et de tailles diverses, et compatible avec une presse \u00e0 comprim\u00e9s.<\/p>","protected":false},"featured_media":7019,"comment_status":"open","ping_status":"closed","template":"","meta":{"wds_primary_product_brand":0,"wds_primary_product_cat":0},"product_brand":[],"product_cat":[84],"product_tag":[],"class_list":{"0":"post-7016","1":"product","2":"type-product","3":"status-publish","4":"has-post-thumbnail","6":"product_cat-maquinas-para-hacer-pastillas","8":"first","9":"instock","10":"taxable","11":"shipping-taxable","12":"purchasable","13":"product-type-simple"},"yoast_head":"<!-- This site is optimized with the Yoast SEO Premium plugin v24.9 (Yoast SEO v26.1) - https:\/\/yoast.com\/wordpress\/plugins\/seo\/ -->\n<title>DESMPOLVADOR LIMPIADOR DE TABLETAS DE EXTRACTO DE MAGNESIO - distribuci\u00f3n ARC<\/title>\n<meta name=\"robots\" content=\"index, follow, max-snippet:-1, max-image-preview:large, max-video-preview:-1\" \/>\n<link rel=\"canonical\" href=\"https:\/\/www.distribucionarc.com\/fr\/producto\/desmpolvador-limpiador-de-tabletas-de-extracto-de-magnesio\/\" \/>\n<meta property=\"og:locale\" content=\"fr_FR\" \/>\n<meta property=\"og:type\" content=\"article\" \/>\n<meta property=\"og:title\" content=\"DESMPOLVADOR LIMPIADOR DE TABLETAS DE EXTRACTO DE MAGNESIO\" \/>\n<meta property=\"og:description\" content=\"Descubre el Desempolvador CFARQ-1, dise\u00f1ado para tabletas de diversas formas y tama\u00f1os, y compatible con una m\u00e1quina prensadora de tabletas\" \/>\n<meta property=\"og:url\" content=\"https:\/\/www.distribucionarc.com\/fr\/producto\/desmpolvador-limpiador-de-tabletas-de-extracto-de-magnesio\/\" \/>\n<meta property=\"og:site_name\" content=\"distribuci\u00f3n ARC\" \/>\n<meta property=\"article:modified_time\" content=\"2024-04-29T08:25:51+00:00\" \/>\n<meta property=\"og:image\" content=\"https:\/\/www.distribucionarc.com\/wp-content\/uploads\/2024\/04\/DESMPOLVADOR-LIMPIADOR-DE-TABLETASDE-EXTRACTO-DE-MAGNESIO.webp\" \/>\n\t<meta property=\"og:image:width\" content=\"1638\" \/>\n\t<meta property=\"og:image:height\" content=\"1920\" \/>\n\t<meta property=\"og:image:type\" content=\"image\/webp\" \/>\n<meta name=\"twitter:card\" content=\"summary_large_image\" \/>\n<meta name=\"twitter:label1\" content=\"Dur\u00e9e de lecture estim\u00e9e\" \/>\n\t<meta name=\"twitter:data1\" content=\"1 minute\" \/>\n<script type=\"application\/ld+json\" class=\"yoast-schema-graph\">{\"@context\":\"https:\/\/schema.org\",\"@graph\":[{\"@type\":\"WebPage\",\"@id\":\"https:\/\/www.distribucionarc.com\/fr\/producto\/desmpolvador-limpiador-de-tabletas-de-extracto-de-magnesio\/\",\"url\":\"https:\/\/www.distribucionarc.com\/fr\/producto\/desmpolvador-limpiador-de-tabletas-de-extracto-de-magnesio\/\",\"name\":\"DESMPOLVADOR LIMPIADOR DE TABLETAS DE EXTRACTO DE MAGNESIO - distribuci\u00f3n ARC\",\"isPartOf\":{\"@id\":\"https:\/\/distribucionarc.com\/bg\/#website\"},\"primaryImageOfPage\":{\"@id\":\"https:\/\/www.distribucionarc.com\/fr\/producto\/desmpolvador-limpiador-de-tabletas-de-extracto-de-magnesio\/#primaryimage\"},\"image\":{\"@id\":\"https:\/\/www.distribucionarc.com\/fr\/producto\/desmpolvador-limpiador-de-tabletas-de-extracto-de-magnesio\/#primaryimage\"},\"thumbnailUrl\":\"https:\/\/distribucionarc.com\/wp-content\/uploads\/2024\/04\/DESMPOLVADOR-LIMPIADOR-DE-TABLETASDE-EXTRACTO-DE-MAGNESIO.webp\",\"datePublished\":\"2024-04-29T08:24:44+00:00\",\"dateModified\":\"2024-04-29T08:25:51+00:00\",\"breadcrumb\":{\"@id\":\"https:\/\/www.distribucionarc.com\/fr\/producto\/desmpolvador-limpiador-de-tabletas-de-extracto-de-magnesio\/#breadcrumb\"},\"inLanguage\":\"fr-FR\",\"potentialAction\":[{\"@type\":\"ReadAction\",\"target\":[\"https:\/\/www.distribucionarc.com\/fr\/producto\/desmpolvador-limpiador-de-tabletas-de-extracto-de-magnesio\/\"]}]},{\"@type\":\"ImageObject\",\"inLanguage\":\"fr-FR\",\"@id\":\"https:\/\/www.distribucionarc.com\/fr\/producto\/desmpolvador-limpiador-de-tabletas-de-extracto-de-magnesio\/#primaryimage\",\"url\":\"https:\/\/distribucionarc.com\/wp-content\/uploads\/2024\/04\/DESMPOLVADOR-LIMPIADOR-DE-TABLETASDE-EXTRACTO-DE-MAGNESIO.webp\",\"contentUrl\":\"https:\/\/distribucionarc.com\/wp-content\/uploads\/2024\/04\/DESMPOLVADOR-LIMPIADOR-DE-TABLETASDE-EXTRACTO-DE-MAGNESIO.webp\",\"width\":1638,\"height\":1920,\"caption\":\"#image_title\"},{\"@type\":\"BreadcrumbList\",\"@id\":\"https:\/\/www.distribucionarc.com\/fr\/producto\/desmpolvador-limpiador-de-tabletas-de-extracto-de-magnesio\/#breadcrumb\",\"itemListElement\":[{\"@type\":\"ListItem\",\"position\":1,\"name\":\"Portada\",\"item\":\"https:\/\/distribucionarc.com\/el\/\"},{\"@type\":\"ListItem\",\"position\":2,\"name\":\"Proizvodi\",\"item\":\"https:\/\/www.distribucionarc.com\/hr\/ducan\/\"},{\"@type\":\"ListItem\",\"position\":3,\"name\":\"DESMPOLVADOR LIMPIADOR DE TABLETAS DE EXTRACTO DE MAGNESIO\"}]},{\"@type\":\"WebSite\",\"@id\":\"https:\/\/distribucionarc.com\/bg\/#website\",\"url\":\"https:\/\/distribucionarc.com\/bg\/\",\"name\":\"distribuci\u00f3n ARC\",\"description\":\"Empresa especializada en la fabricaci\u00f3n y distribuci\u00f3n de maquinaria industrial, selladoras de latas, Maquinas de hacer pastillas, Maquinas de cortar carne...\",\"publisher\":{\"@id\":\"https:\/\/distribucionarc.com\/bg\/#organization\"},\"potentialAction\":[{\"@type\":\"SearchAction\",\"target\":{\"@type\":\"EntryPoint\",\"urlTemplate\":\"https:\/\/distribucionarc.com\/bg\/?s={search_term_string}\"},\"query-input\":{\"@type\":\"PropertyValueSpecification\",\"valueRequired\":true,\"valueName\":\"search_term_string\"}}],\"inLanguage\":\"fr-FR\"},{\"@type\":\"Organization\",\"@id\":\"https:\/\/distribucionarc.com\/bg\/#organization\",\"name\":\"Distribuci\u00f3n ARC\",\"url\":\"https:\/\/distribucionarc.com\/bg\/\",\"logo\":{\"@type\":\"ImageObject\",\"inLanguage\":\"fr-FR\",\"@id\":\"https:\/\/distribucionarc.com\/bg\/#\/schema\/logo\/image\/\",\"url\":\"https:\/\/distribucionarc.com\/wp-content\/uploads\/2024\/10\/distribucion-ARC-COLOR-SIN-FONDO-e1732295305345.png\",\"contentUrl\":\"https:\/\/distribucionarc.com\/wp-content\/uploads\/2024\/10\/distribucion-ARC-COLOR-SIN-FONDO-e1732295305345.png\",\"width\":1164,\"height\":558,\"caption\":\"Distribuci\u00f3n ARC\"},\"image\":{\"@id\":\"https:\/\/distribucionarc.com\/bg\/#\/schema\/logo\/image\/\"},\"description\":\"Empresa especializada en la fabricaci\u00f3n y distribuci\u00f3n de maquinaria industrial para los sectores alimentario y farmac\u00e9utico. Nos especializamos en: M\u00e1quinas de cortar carne Fabricaci\u00f3n de comprimidos Sistemas de transporte industrial L\u00edneas de embotellado Dosificadores Y mucho m\u00e1s... Ofrecemos soluciones innovadoras y personalizadas para optimizar los procesos productivos de tu empresa.\",\"email\":\"Admistracion@distribucionarc.com\",\"telephone\":\"+34 643496664\",\"legalName\":\"ARC TECH SOLUTIONS\",\"foundingDate\":\"2024-04-09\",\"vatID\":\"B55480172\",\"numberOfEmployees\":{\"@type\":\"QuantitativeValue\",\"minValue\":\"1\",\"maxValue\":\"10\"}}]}<\/script>\n<!-- \/ Yoast SEO Premium plugin. -->","yoast_head_json":{"title":"NETTOYANT \u00c0 TABLETTES EXTRAIT DE MAGN\u00c9SIUM D\u00c9DUSTER - ARC distribution","robots":{"index":"index","follow":"follow","max-snippet":"max-snippet:-1","max-image-preview":"max-image-preview:large","max-video-preview":"max-video-preview:-1"},"canonical":"https:\/\/www.distribucionarc.com\/fr\/producto\/desmpolvador-limpiador-de-tabletas-de-extracto-de-magnesio\/","og_locale":"fr_FR","og_type":"article","og_title":"DESMPOLVADOR LIMPIADOR DE TABLETAS DE EXTRACTO DE MAGNESIO","og_description":"Descubre el Desempolvador CFARQ-1, dise\u00f1ado para tabletas de diversas formas y tama\u00f1os, y compatible con una m\u00e1quina prensadora de tabletas","og_url":"https:\/\/www.distribucionarc.com\/fr\/producto\/desmpolvador-limpiador-de-tabletas-de-extracto-de-magnesio\/","og_site_name":"distribuci\u00f3n ARC","article_modified_time":"2024-04-29T08:25:51+00:00","og_image":[{"width":1638,"height":1920,"url":"https:\/\/www.distribucionarc.com\/wp-content\/uploads\/2024\/04\/DESMPOLVADOR-LIMPIADOR-DE-TABLETASDE-EXTRACTO-DE-MAGNESIO.webp","type":"image\/webp"}],"twitter_card":"summary_large_image","twitter_misc":{"Dur\u00e9e de lecture estim\u00e9e":"1 minute"},"schema":{"@context":"https:\/\/schema.org","@graph":[{"@type":"WebPage","@id":"https:\/\/www.distribucionarc.com\/fr\/producto\/desmpolvador-limpiador-de-tabletas-de-extracto-de-magnesio\/","url":"https:\/\/www.distribucionarc.com\/fr\/producto\/desmpolvador-limpiador-de-tabletas-de-extracto-de-magnesio\/","name":"NETTOYANT \u00c0 TABLETTES EXTRAIT DE MAGN\u00c9SIUM D\u00c9DUSTER - ARC distribution","isPartOf":{"@id":"https:\/\/distribucionarc.com\/bg\/#website"},"primaryImageOfPage":{"@id":"https:\/\/www.distribucionarc.com\/fr\/producto\/desmpolvador-limpiador-de-tabletas-de-extracto-de-magnesio\/#primaryimage"},"image":{"@id":"https:\/\/www.distribucionarc.com\/fr\/producto\/desmpolvador-limpiador-de-tabletas-de-extracto-de-magnesio\/#primaryimage"},"thumbnailUrl":"https:\/\/distribucionarc.com\/wp-content\/uploads\/2024\/04\/DESMPOLVADOR-LIMPIADOR-DE-TABLETASDE-EXTRACTO-DE-MAGNESIO.webp","datePublished":"2024-04-29T08:24:44+00:00","dateModified":"2024-04-29T08:25:51+00:00","breadcrumb":{"@id":"https:\/\/www.distribucionarc.com\/fr\/producto\/desmpolvador-limpiador-de-tabletas-de-extracto-de-magnesio\/#breadcrumb"},"inLanguage":"fr-FR","potentialAction":[{"@type":"ReadAction","target":["https:\/\/www.distribucionarc.com\/fr\/producto\/desmpolvador-limpiador-de-tabletas-de-extracto-de-magnesio\/"]}]},{"@type":"ImageObject","inLanguage":"fr-FR","@id":"https:\/\/www.distribucionarc.com\/fr\/producto\/desmpolvador-limpiador-de-tabletas-de-extracto-de-magnesio\/#primaryimage","url":"https:\/\/distribucionarc.com\/wp-content\/uploads\/2024\/04\/DESMPOLVADOR-LIMPIADOR-DE-TABLETASDE-EXTRACTO-DE-MAGNESIO.webp","contentUrl":"https:\/\/distribucionarc.com\/wp-content\/uploads\/2024\/04\/DESMPOLVADOR-LIMPIADOR-DE-TABLETASDE-EXTRACTO-DE-MAGNESIO.webp","width":1638,"height":1920,"caption":"#image_title"},{"@type":"BreadcrumbList","@id":"https:\/\/www.distribucionarc.com\/fr\/producto\/desmpolvador-limpiador-de-tabletas-de-extracto-de-magnesio\/#breadcrumb","itemListElement":[{"@type":"ListItem","position":1,"name":"Portada","item":"https:\/\/distribucionarc.com\/el\/"},{"@type":"ListItem","position":2,"name":"Proizvodi","item":"https:\/\/www.distribucionarc.com\/hr\/ducan\/"},{"@type":"ListItem","position":3,"name":"DESMPOLVADOR LIMPIADOR DE TABLETAS DE EXTRACTO DE MAGNESIO"}]},{"@type":"WebSite","@id":"https:\/\/distribucionarc.com\/bg\/#website","url":"https:\/\/distribucionarc.com\/bg\/","name":"R\u00e9partition de l&#039;ARC","description":"Entreprise sp\u00e9cialis\u00e9e dans la fabrication et la distribution de machines industrielles, scelleuses de bo\u00eetes, machines \u00e0 comprim\u00e9s, machines \u00e0 d\u00e9couper la viande...","publisher":{"@id":"https:\/\/distribucionarc.com\/bg\/#organization"},"potentialAction":[{"@type":"SearchAction","target":{"@type":"EntryPoint","urlTemplate":"https:\/\/distribucionarc.com\/bg\/?s={search_term_string}"},"query-input":{"@type":"PropertyValueSpecification","valueRequired":true,"valueName":"search_term_string"}}],"inLanguage":"fr-FR"},{"@type":"Organization","@id":"https:\/\/distribucionarc.com\/bg\/#organization","name":"Distribution ARC","url":"https:\/\/distribucionarc.com\/bg\/","logo":{"@type":"ImageObject","inLanguage":"fr-FR","@id":"https:\/\/distribucionarc.com\/bg\/#\/schema\/logo\/image\/","url":"https:\/\/distribucionarc.com\/wp-content\/uploads\/2024\/10\/distribucion-ARC-COLOR-SIN-FONDO-e1732295305345.png","contentUrl":"https:\/\/distribucionarc.com\/wp-content\/uploads\/2024\/10\/distribucion-ARC-COLOR-SIN-FONDO-e1732295305345.png","width":1164,"height":558,"caption":"Distribuci\u00f3n ARC"},"image":{"@id":"https:\/\/distribucionarc.com\/bg\/#\/schema\/logo\/image\/"},"description":"Entreprise sp\u00e9cialis\u00e9e dans la fabrication et la distribution de machines industrielles pour les secteurs alimentaire et pharmaceutique. Nous sommes sp\u00e9cialis\u00e9s dans : Machines \u00e0 couper la viande Fabrication de comprim\u00e9s Syst\u00e8mes de transport industriel Lignes d'embouteillage Machines de dosage Et bien plus encore... Nous proposons des solutions innovantes et personnalis\u00e9es pour optimiser les processus de production de votre entreprise.","email":"Admistracion@distribucionarc.com","telephone":"+34 643496664","legalName":"ARC TECH SOLUTIONS","foundingDate":"2024-04-09","vatID":"B55480172","numberOfEmployees":{"@type":"QuantitativeValue","minValue":"1","maxValue":"10"}}]}},"_links":{"self":[{"href":"https:\/\/distribucionarc.com\/fr\/wp-json\/wp\/v2\/product\/7016","targetHints":{"allow":["GET"]}}],"collection":[{"href":"https:\/\/distribucionarc.com\/fr\/wp-json\/wp\/v2\/product"}],"about":[{"href":"https:\/\/distribucionarc.com\/fr\/wp-json\/wp\/v2\/types\/product"}],"replies":[{"embeddable":true,"href":"https:\/\/distribucionarc.com\/fr\/wp-json\/wp\/v2\/comments?post=7016"}],"version-history":[{"count":0,"href":"https:\/\/distribucionarc.com\/fr\/wp-json\/wp\/v2\/product\/7016\/revisions"}],"wp:featuredmedia":[{"embeddable":true,"href":"https:\/\/distribucionarc.com\/fr\/wp-json\/wp\/v2\/media\/7019"}],"wp:attachment":[{"href":"https:\/\/distribucionarc.com\/fr\/wp-json\/wp\/v2\/media?parent=7016"}],"wp:term":[{"taxonomy":"product_brand","embeddable":true,"href":"https:\/\/distribucionarc.com\/fr\/wp-json\/wp\/v2\/product_brand?post=7016"},{"taxonomy":"product_cat","embeddable":true,"href":"https:\/\/distribucionarc.com\/fr\/wp-json\/wp\/v2\/product_cat?post=7016"},{"taxonomy":"product_tag","embeddable":true,"href":"https:\/\/distribucionarc.com\/fr\/wp-json\/wp\/v2\/product_tag?post=7016"}],"curies":[{"name":"wp","href":"https:\/\/api.w.org\/{rel}","templated":true}]}}