{"id":7052,"date":"2024-05-06T15:19:21","date_gmt":"2024-05-06T15:19:21","guid":{"rendered":"https:\/\/distribucionarc.com\/?post_type=product&#038;p=7052"},"modified":"2024-05-06T15:19:23","modified_gmt":"2024-05-06T15:19:23","slug":"polisseur-de-capsules-de-cannabis","status":"publish","type":"product","link":"https:\/\/distribucionarc.com\/fr\/producto\/pulidora-de-capsulas-de-cannabis\/","title":{"rendered":"MACHINE \u00c0 POLIR LES CAPSULES DE CANNABIS"},"content":{"rendered":"<p>D\u00e9couvrez le <strong>Polisseuse de capsules YARJP-A<\/strong>, con\u00e7u sp\u00e9cifiquement pour <strong>capsules d&#039;extrait de plantes m\u00e9dicinales comme le cannabis<\/strong> dans les tailles #00-5. Cet \u00e9quipement \u00e9limine efficacement la poussi\u00e8re sans endommager la capsule, garantissant une pr\u00e9sentation impeccable de vos produits. Fabriqu\u00e9 en mat\u00e9riau SS304 de haute qualit\u00e9, il garantit un contact partiel s\u00fbr avec la mati\u00e8re premi\u00e8re et r\u00e9pond aux bonnes pratiques de fabrication GMP. Par ailleurs, le <strong>Polisseuse de capsules YARJP-A<\/strong> Il peut \u00eatre \u00e9quip\u00e9 d&#039;un alimentateur sp\u00e9cial pour se connecter \u00e0 une remplisseuse automatique, facilitant ainsi son int\u00e9gration dans votre ligne de production. Optimisez vos processus et assurez la qualit\u00e9 de vos <strong>capsules de cannabis<\/strong> avec cette solution avanc\u00e9e et fiable.<\/p>\n<p>&nbsp;<\/p>\n<table>\n<tbody>\n<tr>\n<td width=\"283\">Mod\u00e8le<\/td>\n<td width=\"283\">YARJP-A<\/td>\n<\/tr>\n<tr>\n<td width=\"283\">Productivit\u00e9<\/td>\n<td width=\"283\">150 000 unit\u00e9s\/h<\/td>\n<\/tr>\n<tr>\n<td width=\"283\">Alimentation<\/td>\n<td width=\"283\">220 V, 50 Hz<\/td>\n<\/tr>\n<tr>\n<td width=\"283\">pression n\u00e9gative<\/td>\n<td width=\"283\">2,7 m3\/min-0,014MPa<\/td>\n<\/tr>\n<tr>\n<td width=\"283\">Taille de l&#039;\u00e9quipement (millim\u00e8tres)<\/td>\n<td width=\"283\">1025*<\/p>\n<p>550*<\/p>\n<p>900*<\/td>\n<\/tr>\n<tr>\n<td width=\"283\">Taille du paquet (millim\u00e8tres)<\/td>\n<td width=\"283\">1130*<\/p>\n<p>620*<\/p>\n<p>750*<\/td>\n<\/tr>\n<tr>\n<td width=\"283\">Poids net (kg)<\/td>\n<td width=\"283\">40KG<\/td>\n<\/tr>\n<tr>\n<td width=\"283\">Poids brut (kg)<\/td>\n<td width=\"283\">50KG<\/td>\n<\/tr>\n<\/tbody>\n<\/table>","protected":false},"excerpt":{"rendered":"<p>D\u00e9couvrez le polisseur de capsules YARJP-A, sp\u00e9cialement con\u00e7u pour les capsules d&#039;extraits de plantes m\u00e9dicinales telles que le cannabis dans les tailles #00-5.<\/p>","protected":false},"featured_media":7053,"comment_status":"open","ping_status":"closed","template":"","meta":{"wds_primary_product_brand":0,"wds_primary_product_cat":0},"product_brand":[],"product_cat":[84],"product_tag":[],"class_list":{"0":"post-7052","1":"product","2":"type-product","3":"status-publish","4":"has-post-thumbnail","6":"product_cat-maquinas-para-hacer-pastillas","8":"first","9":"instock","10":"taxable","11":"shipping-taxable","12":"product-type-simple"},"yoast_head":"<!-- This site is optimized with the Yoast SEO Premium plugin v24.9 (Yoast SEO v26.1) - https:\/\/yoast.com\/wordpress\/plugins\/seo\/ -->\n<title>PULIDORA DE CAPSULAS DE CANNABIS - distribuci\u00f3n ARC<\/title>\n<meta name=\"robots\" content=\"index, follow, max-snippet:-1, max-image-preview:large, max-video-preview:-1\" \/>\n<link rel=\"canonical\" href=\"https:\/\/www.distribucionarc.com\/sk\/producto\/pulidora-de-capsulas-de-cannabis\/\" \/>\n<meta property=\"og:locale\" content=\"fr_FR\" \/>\n<meta property=\"og:type\" content=\"article\" \/>\n<meta property=\"og:title\" content=\"PULIDORA DE CAPSULAS DE CANNABIS\" \/>\n<meta property=\"og:description\" content=\"Descubre el Pulidor de C\u00e1psulas YARJP-A, dise\u00f1ado espec\u00edficamente para c\u00e1psulas de extracto de plantas medicinales como cannabis en tama\u00f1os #00-5.\" \/>\n<meta property=\"og:url\" content=\"https:\/\/www.distribucionarc.com\/sk\/producto\/pulidora-de-capsulas-de-cannabis\/\" \/>\n<meta property=\"og:site_name\" content=\"distribuci\u00f3n ARC\" \/>\n<meta property=\"article:modified_time\" content=\"2024-05-06T15:19:23+00:00\" \/>\n<meta property=\"og:image\" content=\"https:\/\/www.distribucionarc.com\/wp-content\/uploads\/2024\/05\/PULIDORA-DE-CAPSULAS-DE-PLANTAS-DE-CANNABIS.webp\" \/>\n\t<meta property=\"og:image:width\" content=\"1184\" \/>\n\t<meta property=\"og:image:height\" content=\"1096\" \/>\n\t<meta property=\"og:image:type\" content=\"image\/webp\" \/>\n<meta name=\"twitter:card\" content=\"summary_large_image\" \/>\n<meta name=\"twitter:label1\" content=\"Dur\u00e9e de lecture estim\u00e9e\" \/>\n\t<meta name=\"twitter:data1\" content=\"1 minute\" \/>\n<script type=\"application\/ld+json\" class=\"yoast-schema-graph\">{\"@context\":\"https:\/\/schema.org\",\"@graph\":[{\"@type\":\"WebPage\",\"@id\":\"https:\/\/www.distribucionarc.com\/sk\/producto\/pulidora-de-capsulas-de-cannabis\/\",\"url\":\"https:\/\/www.distribucionarc.com\/sk\/producto\/pulidora-de-capsulas-de-cannabis\/\",\"name\":\"PULIDORA DE CAPSULAS DE CANNABIS - distribuci\u00f3n ARC\",\"isPartOf\":{\"@id\":\"https:\/\/www.distribucionarc.com\/tr\/#website\"},\"primaryImageOfPage\":{\"@id\":\"https:\/\/www.distribucionarc.com\/sk\/producto\/pulidora-de-capsulas-de-cannabis\/#primaryimage\"},\"image\":{\"@id\":\"https:\/\/www.distribucionarc.com\/sk\/producto\/pulidora-de-capsulas-de-cannabis\/#primaryimage\"},\"thumbnailUrl\":\"https:\/\/distribucionarc.com\/wp-content\/uploads\/2024\/05\/PULIDORA-DE-CAPSULAS-DE-PLANTAS-DE-CANNABIS.webp\",\"datePublished\":\"2024-05-06T15:19:21+00:00\",\"dateModified\":\"2024-05-06T15:19:23+00:00\",\"breadcrumb\":{\"@id\":\"https:\/\/www.distribucionarc.com\/sk\/producto\/pulidora-de-capsulas-de-cannabis\/#breadcrumb\"},\"inLanguage\":\"fr-FR\",\"potentialAction\":[{\"@type\":\"ReadAction\",\"target\":[\"https:\/\/www.distribucionarc.com\/sk\/producto\/pulidora-de-capsulas-de-cannabis\/\"]}]},{\"@type\":\"ImageObject\",\"inLanguage\":\"fr-FR\",\"@id\":\"https:\/\/www.distribucionarc.com\/sk\/producto\/pulidora-de-capsulas-de-cannabis\/#primaryimage\",\"url\":\"https:\/\/distribucionarc.com\/wp-content\/uploads\/2024\/05\/PULIDORA-DE-CAPSULAS-DE-PLANTAS-DE-CANNABIS.webp\",\"contentUrl\":\"https:\/\/distribucionarc.com\/wp-content\/uploads\/2024\/05\/PULIDORA-DE-CAPSULAS-DE-PLANTAS-DE-CANNABIS.webp\",\"width\":1184,\"height\":1096,\"caption\":\"#image_title\"},{\"@type\":\"BreadcrumbList\",\"@id\":\"https:\/\/www.distribucionarc.com\/sk\/producto\/pulidora-de-capsulas-de-cannabis\/#breadcrumb\",\"itemListElement\":[{\"@type\":\"ListItem\",\"position\":1,\"name\":\"Portada\",\"item\":\"https:\/\/www.distribucionarc.com\/tr\/\"},{\"@type\":\"ListItem\",\"position\":2,\"name\":\"Produktai\",\"item\":\"https:\/\/distribucionarc.com\/lt\/parduotuve\/\"},{\"@type\":\"ListItem\",\"position\":3,\"name\":\"PULIDORA DE CAPSULAS DE CANNABIS\"}]},{\"@type\":\"WebSite\",\"@id\":\"https:\/\/www.distribucionarc.com\/tr\/#website\",\"url\":\"https:\/\/www.distribucionarc.com\/tr\/\",\"name\":\"distribuci\u00f3n ARC\",\"description\":\"Empresa especializada en la fabricaci\u00f3n y distribuci\u00f3n de maquinaria industrial, selladoras de latas, Maquinas de hacer pastillas, Maquinas de cortar carne...\",\"publisher\":{\"@id\":\"https:\/\/www.distribucionarc.com\/tr\/#organization\"},\"potentialAction\":[{\"@type\":\"SearchAction\",\"target\":{\"@type\":\"EntryPoint\",\"urlTemplate\":\"https:\/\/www.distribucionarc.com\/tr\/?s={search_term_string}\"},\"query-input\":{\"@type\":\"PropertyValueSpecification\",\"valueRequired\":true,\"valueName\":\"search_term_string\"}}],\"inLanguage\":\"fr-FR\"},{\"@type\":\"Organization\",\"@id\":\"https:\/\/www.distribucionarc.com\/tr\/#organization\",\"name\":\"Distribuci\u00f3n ARC\",\"url\":\"https:\/\/www.distribucionarc.com\/tr\/\",\"logo\":{\"@type\":\"ImageObject\",\"inLanguage\":\"fr-FR\",\"@id\":\"https:\/\/www.distribucionarc.com\/tr\/#\/schema\/logo\/image\/\",\"url\":\"https:\/\/distribucionarc.com\/wp-content\/uploads\/2024\/10\/distribucion-ARC-COLOR-SIN-FONDO-e1732295305345.png\",\"contentUrl\":\"https:\/\/distribucionarc.com\/wp-content\/uploads\/2024\/10\/distribucion-ARC-COLOR-SIN-FONDO-e1732295305345.png\",\"width\":1164,\"height\":558,\"caption\":\"Distribuci\u00f3n ARC\"},\"image\":{\"@id\":\"https:\/\/www.distribucionarc.com\/tr\/#\/schema\/logo\/image\/\"},\"description\":\"Empresa especializada en la fabricaci\u00f3n y distribuci\u00f3n de maquinaria industrial para los sectores alimentario y farmac\u00e9utico. Nos especializamos en: M\u00e1quinas de cortar carne Fabricaci\u00f3n de comprimidos Sistemas de transporte industrial L\u00edneas de embotellado Dosificadores Y mucho m\u00e1s... Ofrecemos soluciones innovadoras y personalizadas para optimizar los procesos productivos de tu empresa.\",\"email\":\"Admistracion@distribucionarc.com\",\"telephone\":\"+34 643496664\",\"legalName\":\"ARC TECH SOLUTIONS\",\"foundingDate\":\"2024-04-09\",\"vatID\":\"B55480172\",\"numberOfEmployees\":{\"@type\":\"QuantitativeValue\",\"minValue\":\"1\",\"maxValue\":\"10\"}}]}<\/script>\n<!-- \/ Yoast SEO Premium plugin. -->","yoast_head_json":{"title":"MACHINE DE POLISSAGE DE CAPSULE DE CANNABIS - ARC distribution","robots":{"index":"index","follow":"follow","max-snippet":"max-snippet:-1","max-image-preview":"max-image-preview:large","max-video-preview":"max-video-preview:-1"},"canonical":"https:\/\/www.distribucionarc.com\/sk\/producto\/pulidora-de-capsulas-de-cannabis\/","og_locale":"fr_FR","og_type":"article","og_title":"PULIDORA DE CAPSULAS DE CANNABIS","og_description":"Descubre el Pulidor de C\u00e1psulas YARJP-A, dise\u00f1ado espec\u00edficamente para c\u00e1psulas de extracto de plantas medicinales como cannabis en tama\u00f1os #00-5.","og_url":"https:\/\/www.distribucionarc.com\/sk\/producto\/pulidora-de-capsulas-de-cannabis\/","og_site_name":"distribuci\u00f3n ARC","article_modified_time":"2024-05-06T15:19:23+00:00","og_image":[{"width":1184,"height":1096,"url":"https:\/\/www.distribucionarc.com\/wp-content\/uploads\/2024\/05\/PULIDORA-DE-CAPSULAS-DE-PLANTAS-DE-CANNABIS.webp","type":"image\/webp"}],"twitter_card":"summary_large_image","twitter_misc":{"Dur\u00e9e de lecture estim\u00e9e":"1 minute"},"schema":{"@context":"https:\/\/schema.org","@graph":[{"@type":"WebPage","@id":"https:\/\/www.distribucionarc.com\/sk\/producto\/pulidora-de-capsulas-de-cannabis\/","url":"https:\/\/www.distribucionarc.com\/sk\/producto\/pulidora-de-capsulas-de-cannabis\/","name":"MACHINE DE POLISSAGE DE CAPSULE DE CANNABIS - ARC distribution","isPartOf":{"@id":"https:\/\/www.distribucionarc.com\/tr\/#website"},"primaryImageOfPage":{"@id":"https:\/\/www.distribucionarc.com\/sk\/producto\/pulidora-de-capsulas-de-cannabis\/#primaryimage"},"image":{"@id":"https:\/\/www.distribucionarc.com\/sk\/producto\/pulidora-de-capsulas-de-cannabis\/#primaryimage"},"thumbnailUrl":"https:\/\/distribucionarc.com\/wp-content\/uploads\/2024\/05\/PULIDORA-DE-CAPSULAS-DE-PLANTAS-DE-CANNABIS.webp","datePublished":"2024-05-06T15:19:21+00:00","dateModified":"2024-05-06T15:19:23+00:00","breadcrumb":{"@id":"https:\/\/www.distribucionarc.com\/sk\/producto\/pulidora-de-capsulas-de-cannabis\/#breadcrumb"},"inLanguage":"fr-FR","potentialAction":[{"@type":"ReadAction","target":["https:\/\/www.distribucionarc.com\/sk\/producto\/pulidora-de-capsulas-de-cannabis\/"]}]},{"@type":"ImageObject","inLanguage":"fr-FR","@id":"https:\/\/www.distribucionarc.com\/sk\/producto\/pulidora-de-capsulas-de-cannabis\/#primaryimage","url":"https:\/\/distribucionarc.com\/wp-content\/uploads\/2024\/05\/PULIDORA-DE-CAPSULAS-DE-PLANTAS-DE-CANNABIS.webp","contentUrl":"https:\/\/distribucionarc.com\/wp-content\/uploads\/2024\/05\/PULIDORA-DE-CAPSULAS-DE-PLANTAS-DE-CANNABIS.webp","width":1184,"height":1096,"caption":"#image_title"},{"@type":"BreadcrumbList","@id":"https:\/\/www.distribucionarc.com\/sk\/producto\/pulidora-de-capsulas-de-cannabis\/#breadcrumb","itemListElement":[{"@type":"ListItem","position":1,"name":"Portada","item":"https:\/\/www.distribucionarc.com\/tr\/"},{"@type":"ListItem","position":2,"name":"Produktai","item":"https:\/\/distribucionarc.com\/lt\/parduotuve\/"},{"@type":"ListItem","position":3,"name":"PULIDORA DE CAPSULAS DE CANNABIS"}]},{"@type":"WebSite","@id":"https:\/\/www.distribucionarc.com\/tr\/#website","url":"https:\/\/www.distribucionarc.com\/tr\/","name":"R\u00e9partition de l&#039;ARC","description":"Entreprise sp\u00e9cialis\u00e9e dans la fabrication et la distribution de machines industrielles, scelleuses de bo\u00eetes, machines \u00e0 comprim\u00e9s, machines \u00e0 d\u00e9couper la viande...","publisher":{"@id":"https:\/\/www.distribucionarc.com\/tr\/#organization"},"potentialAction":[{"@type":"SearchAction","target":{"@type":"EntryPoint","urlTemplate":"https:\/\/www.distribucionarc.com\/tr\/?s={search_term_string}"},"query-input":{"@type":"PropertyValueSpecification","valueRequired":true,"valueName":"search_term_string"}}],"inLanguage":"fr-FR"},{"@type":"Organization","@id":"https:\/\/www.distribucionarc.com\/tr\/#organization","name":"Distribution ARC","url":"https:\/\/www.distribucionarc.com\/tr\/","logo":{"@type":"ImageObject","inLanguage":"fr-FR","@id":"https:\/\/www.distribucionarc.com\/tr\/#\/schema\/logo\/image\/","url":"https:\/\/distribucionarc.com\/wp-content\/uploads\/2024\/10\/distribucion-ARC-COLOR-SIN-FONDO-e1732295305345.png","contentUrl":"https:\/\/distribucionarc.com\/wp-content\/uploads\/2024\/10\/distribucion-ARC-COLOR-SIN-FONDO-e1732295305345.png","width":1164,"height":558,"caption":"Distribuci\u00f3n ARC"},"image":{"@id":"https:\/\/www.distribucionarc.com\/tr\/#\/schema\/logo\/image\/"},"description":"Entreprise sp\u00e9cialis\u00e9e dans la fabrication et la distribution de machines industrielles pour les secteurs alimentaire et pharmaceutique. Nous sommes sp\u00e9cialis\u00e9s dans : Machines \u00e0 couper la viande Fabrication de comprim\u00e9s Syst\u00e8mes de transport industriel Lignes d'embouteillage Machines de dosage Et bien plus encore... Nous proposons des solutions innovantes et personnalis\u00e9es pour optimiser les processus de production de votre entreprise.","email":"Admistracion@distribucionarc.com","telephone":"+34 643496664","legalName":"ARC TECH SOLUTIONS","foundingDate":"2024-04-09","vatID":"B55480172","numberOfEmployees":{"@type":"QuantitativeValue","minValue":"1","maxValue":"10"}}]}},"_links":{"self":[{"href":"https:\/\/distribucionarc.com\/fr\/wp-json\/wp\/v2\/product\/7052","targetHints":{"allow":["GET"]}}],"collection":[{"href":"https:\/\/distribucionarc.com\/fr\/wp-json\/wp\/v2\/product"}],"about":[{"href":"https:\/\/distribucionarc.com\/fr\/wp-json\/wp\/v2\/types\/product"}],"replies":[{"embeddable":true,"href":"https:\/\/distribucionarc.com\/fr\/wp-json\/wp\/v2\/comments?post=7052"}],"version-history":[{"count":0,"href":"https:\/\/distribucionarc.com\/fr\/wp-json\/wp\/v2\/product\/7052\/revisions"}],"wp:featuredmedia":[{"embeddable":true,"href":"https:\/\/distribucionarc.com\/fr\/wp-json\/wp\/v2\/media\/7053"}],"wp:attachment":[{"href":"https:\/\/distribucionarc.com\/fr\/wp-json\/wp\/v2\/media?parent=7052"}],"wp:term":[{"taxonomy":"product_brand","embeddable":true,"href":"https:\/\/distribucionarc.com\/fr\/wp-json\/wp\/v2\/product_brand?post=7052"},{"taxonomy":"product_cat","embeddable":true,"href":"https:\/\/distribucionarc.com\/fr\/wp-json\/wp\/v2\/product_cat?post=7052"},{"taxonomy":"product_tag","embeddable":true,"href":"https:\/\/distribucionarc.com\/fr\/wp-json\/wp\/v2\/product_tag?post=7052"}],"curies":[{"name":"wp","href":"https:\/\/api.w.org\/{rel}","templated":true}]}}