{"id":7059,"date":"2024-05-06T16:41:28","date_gmt":"2024-05-06T16:41:28","guid":{"rendered":"https:\/\/distribucionarc.com\/?post_type=product&#038;p=7059"},"modified":"2024-05-06T16:41:30","modified_gmt":"2024-05-06T16:41:30","slug":"machine-de-tri-et-de-polissage-de-capsules","status":"publish","type":"product","link":"https:\/\/distribucionarc.com\/fr\/producto\/clasificadora-y-pulidora-de-capsulas\/","title":{"rendered":"MACHINE DE TRI ET DE POLISSAGE DE CAPSULE"},"content":{"rendered":"<p>D\u00e9couvrez le <strong>Machine de tri et de polissage de capsules FARJP-A<\/strong>, con\u00e7u pour les capsules de tailles #00-5, qui \u00e9limine la poussi\u00e8re sans endommager la capsule et peut s\u00e9parer automatiquement les capsules non qualifi\u00e9es. De plus, cette machine peut \u00eatre \u00e9quip\u00e9e d&#039;un alimentateur sp\u00e9cial \u00e0 connecter \u00e0 une machine de remplissage automatique, ce qui facilite son int\u00e9gration dans votre ligne de production. Optimisez vos processus et garantissez la qualit\u00e9 de vos produits avec cette solution avanc\u00e9e et fiable.<\/p>\n<p>&nbsp;<\/p>\n<table>\n<tbody>\n<tr>\n<td width=\"283\">Mod\u00e8le<\/td>\n<td width=\"283\">FARJP-A<\/td>\n<\/tr>\n<tr>\n<td width=\"283\">Productivit\u00e9 (unit\u00e9s\/heure)<\/td>\n<td width=\"283\">300000<\/td>\n<\/tr>\n<tr>\n<td width=\"283\">Alimentation<\/td>\n<td width=\"283\">220 V 50 Hz, 2e, 180 W<\/td>\n<\/tr>\n<tr>\n<td width=\"283\">pression n\u00e9gative<\/td>\n<td width=\"283\">2,7 m3\/min-0,014MPa<\/td>\n<\/tr>\n<tr>\n<td width=\"283\">Air comprim\u00e9<\/td>\n<td width=\"283\">0,25 m3\/min 0,3MPa<\/td>\n<\/tr>\n<tr>\n<td width=\"283\">Dimension de la machine (millim\u00e8tres)<\/td>\n<td width=\"283\">800*<\/p>\n<p>550*<\/p>\n<p>1000*<\/td>\n<\/tr>\n<tr>\n<td width=\"283\">Taille du paquet (millim\u00e8tres)<\/td>\n<td width=\"283\">960*<\/p>\n<p>720*<\/p>\n<p>640*<\/td>\n<\/tr>\n<tr>\n<td width=\"283\">Poids de la machine<\/td>\n<td width=\"283\">45 kg<\/td>\n<\/tr>\n<tr>\n<td width=\"283\">Poids brut<\/td>\n<td width=\"283\">&nbsp;<\/td>\n<\/tr>\n<\/tbody>\n<\/table>","protected":false},"excerpt":{"rendered":"<p>D\u00e9couvrez la machine de tri et de polissage de capsules FARJP-A, con\u00e7ue pour les capsules de tailles #00-5, qui \u00e9limine la poussi\u00e8re sans<\/p>","protected":false},"featured_media":7060,"comment_status":"open","ping_status":"closed","template":"","meta":{"wds_primary_product_brand":0,"wds_primary_product_cat":0},"product_brand":[],"product_cat":[84],"product_tag":[],"class_list":{"0":"post-7059","1":"product","2":"type-product","3":"status-publish","4":"has-post-thumbnail","6":"product_cat-maquinas-para-hacer-pastillas","8":"first","9":"instock","10":"taxable","11":"shipping-taxable","12":"product-type-simple"},"yoast_head":"<!-- This site is optimized with the Yoast SEO Premium plugin v24.9 (Yoast SEO v26.1) - https:\/\/yoast.com\/wordpress\/plugins\/seo\/ -->\n<title>CLASIFICADORA Y PULIDORA DE CAPSULAS - distribuci\u00f3n ARC<\/title>\n<meta name=\"robots\" content=\"index, follow, max-snippet:-1, max-image-preview:large, max-video-preview:-1\" \/>\n<link rel=\"canonical\" href=\"https:\/\/www.distribucionarc.com\/bg\/producto\/clasificadora-y-pulidora-de-capsulas\/\" \/>\n<meta property=\"og:locale\" content=\"fr_FR\" \/>\n<meta property=\"og:type\" content=\"article\" \/>\n<meta property=\"og:title\" content=\"CLASIFICADORA Y PULIDORA DE CAPSULAS\" \/>\n<meta property=\"og:description\" content=\"Descubre la M\u00e1quina Clasificadora y Pulidora de C\u00e1psulas FARJP-A, dise\u00f1ada para c\u00e1psulas en tama\u00f1os #00-5, que elimina el polvo sin\" \/>\n<meta property=\"og:url\" content=\"https:\/\/www.distribucionarc.com\/bg\/producto\/clasificadora-y-pulidora-de-capsulas\/\" \/>\n<meta property=\"og:site_name\" content=\"distribuci\u00f3n ARC\" \/>\n<meta property=\"article:modified_time\" content=\"2024-05-06T16:41:30+00:00\" \/>\n<meta property=\"og:image\" content=\"https:\/\/www.distribucionarc.com\/wp-content\/uploads\/2024\/05\/CLASIFICADORA-Y-PULIDORA-DE-CAPSULAS.webp\" \/>\n\t<meta property=\"og:image:width\" content=\"1080\" \/>\n\t<meta property=\"og:image:height\" content=\"1112\" \/>\n\t<meta property=\"og:image:type\" content=\"image\/webp\" \/>\n<meta name=\"twitter:card\" content=\"summary_large_image\" \/>\n<meta name=\"twitter:label1\" content=\"Dur\u00e9e de lecture estim\u00e9e\" \/>\n\t<meta name=\"twitter:data1\" content=\"1 minute\" \/>\n<script type=\"application\/ld+json\" class=\"yoast-schema-graph\">{\"@context\":\"https:\/\/schema.org\",\"@graph\":[{\"@type\":\"WebPage\",\"@id\":\"https:\/\/www.distribucionarc.com\/bg\/producto\/clasificadora-y-pulidora-de-capsulas\/\",\"url\":\"https:\/\/www.distribucionarc.com\/bg\/producto\/clasificadora-y-pulidora-de-capsulas\/\",\"name\":\"CLASIFICADORA Y PULIDORA DE CAPSULAS - distribuci\u00f3n ARC\",\"isPartOf\":{\"@id\":\"https:\/\/www.distribucionarc.com\/sl\/#website\"},\"primaryImageOfPage\":{\"@id\":\"https:\/\/www.distribucionarc.com\/bg\/producto\/clasificadora-y-pulidora-de-capsulas\/#primaryimage\"},\"image\":{\"@id\":\"https:\/\/www.distribucionarc.com\/bg\/producto\/clasificadora-y-pulidora-de-capsulas\/#primaryimage\"},\"thumbnailUrl\":\"https:\/\/distribucionarc.com\/wp-content\/uploads\/2024\/05\/CLASIFICADORA-Y-PULIDORA-DE-CAPSULAS.webp\",\"datePublished\":\"2024-05-06T16:41:28+00:00\",\"dateModified\":\"2024-05-06T16:41:30+00:00\",\"breadcrumb\":{\"@id\":\"https:\/\/www.distribucionarc.com\/bg\/producto\/clasificadora-y-pulidora-de-capsulas\/#breadcrumb\"},\"inLanguage\":\"fr-FR\",\"potentialAction\":[{\"@type\":\"ReadAction\",\"target\":[\"https:\/\/www.distribucionarc.com\/bg\/producto\/clasificadora-y-pulidora-de-capsulas\/\"]}]},{\"@type\":\"ImageObject\",\"inLanguage\":\"fr-FR\",\"@id\":\"https:\/\/www.distribucionarc.com\/bg\/producto\/clasificadora-y-pulidora-de-capsulas\/#primaryimage\",\"url\":\"https:\/\/distribucionarc.com\/wp-content\/uploads\/2024\/05\/CLASIFICADORA-Y-PULIDORA-DE-CAPSULAS.webp\",\"contentUrl\":\"https:\/\/distribucionarc.com\/wp-content\/uploads\/2024\/05\/CLASIFICADORA-Y-PULIDORA-DE-CAPSULAS.webp\",\"width\":1080,\"height\":1112,\"caption\":\"#image_title\"},{\"@type\":\"BreadcrumbList\",\"@id\":\"https:\/\/www.distribucionarc.com\/bg\/producto\/clasificadora-y-pulidora-de-capsulas\/#breadcrumb\",\"itemListElement\":[{\"@type\":\"ListItem\",\"position\":1,\"name\":\"Portada\",\"item\":\"https:\/\/www.distribucionarc.com\/\"},{\"@type\":\"ListItem\",\"position\":2,\"name\":\"\u00dcr\u00fcnler\",\"item\":\"https:\/\/www.distribucionarc.com\/tr\/magaza\/\"},{\"@type\":\"ListItem\",\"position\":3,\"name\":\"CLASIFICADORA Y PULIDORA DE CAPSULAS\"}]},{\"@type\":\"WebSite\",\"@id\":\"https:\/\/www.distribucionarc.com\/sl\/#website\",\"url\":\"https:\/\/www.distribucionarc.com\/sl\/\",\"name\":\"distribuci\u00f3n ARC\",\"description\":\"Empresa especializada en la fabricaci\u00f3n y distribuci\u00f3n de maquinaria industrial, selladoras de latas, Maquinas de hacer pastillas, Maquinas de cortar carne...\",\"publisher\":{\"@id\":\"https:\/\/www.distribucionarc.com\/sl\/#organization\"},\"potentialAction\":[{\"@type\":\"SearchAction\",\"target\":{\"@type\":\"EntryPoint\",\"urlTemplate\":\"https:\/\/www.distribucionarc.com\/sl\/?s={search_term_string}\"},\"query-input\":{\"@type\":\"PropertyValueSpecification\",\"valueRequired\":true,\"valueName\":\"search_term_string\"}}],\"inLanguage\":\"fr-FR\"},{\"@type\":\"Organization\",\"@id\":\"https:\/\/www.distribucionarc.com\/sl\/#organization\",\"name\":\"Distribuci\u00f3n ARC\",\"url\":\"https:\/\/www.distribucionarc.com\/sl\/\",\"logo\":{\"@type\":\"ImageObject\",\"inLanguage\":\"fr-FR\",\"@id\":\"https:\/\/www.distribucionarc.com\/sl\/#\/schema\/logo\/image\/\",\"url\":\"https:\/\/distribucionarc.com\/wp-content\/uploads\/2024\/10\/distribucion-ARC-COLOR-SIN-FONDO-e1732295305345.png\",\"contentUrl\":\"https:\/\/distribucionarc.com\/wp-content\/uploads\/2024\/10\/distribucion-ARC-COLOR-SIN-FONDO-e1732295305345.png\",\"width\":1164,\"height\":558,\"caption\":\"Distribuci\u00f3n ARC\"},\"image\":{\"@id\":\"https:\/\/www.distribucionarc.com\/sl\/#\/schema\/logo\/image\/\"},\"description\":\"Empresa especializada en la fabricaci\u00f3n y distribuci\u00f3n de maquinaria industrial para los sectores alimentario y farmac\u00e9utico. Nos especializamos en: M\u00e1quinas de cortar carne Fabricaci\u00f3n de comprimidos Sistemas de transporte industrial L\u00edneas de embotellado Dosificadores Y mucho m\u00e1s... Ofrecemos soluciones innovadoras y personalizadas para optimizar los procesos productivos de tu empresa.\",\"email\":\"Admistracion@distribucionarc.com\",\"telephone\":\"+34 643496664\",\"legalName\":\"ARC TECH SOLUTIONS\",\"foundingDate\":\"2024-04-09\",\"vatID\":\"B55480172\",\"numberOfEmployees\":{\"@type\":\"QuantitativeValue\",\"minValue\":\"1\",\"maxValue\":\"10\"}}]}<\/script>\n<!-- \/ Yoast SEO Premium plugin. -->","yoast_head_json":{"title":"MACHINE DE TRI ET DE POLISSAGE DE CAPSULE - ARC distribution","robots":{"index":"index","follow":"follow","max-snippet":"max-snippet:-1","max-image-preview":"max-image-preview:large","max-video-preview":"max-video-preview:-1"},"canonical":"https:\/\/www.distribucionarc.com\/bg\/producto\/clasificadora-y-pulidora-de-capsulas\/","og_locale":"fr_FR","og_type":"article","og_title":"CLASIFICADORA Y PULIDORA DE CAPSULAS","og_description":"Descubre la M\u00e1quina Clasificadora y Pulidora de C\u00e1psulas FARJP-A, dise\u00f1ada para c\u00e1psulas en tama\u00f1os #00-5, que elimina el polvo sin","og_url":"https:\/\/www.distribucionarc.com\/bg\/producto\/clasificadora-y-pulidora-de-capsulas\/","og_site_name":"distribuci\u00f3n ARC","article_modified_time":"2024-05-06T16:41:30+00:00","og_image":[{"width":1080,"height":1112,"url":"https:\/\/www.distribucionarc.com\/wp-content\/uploads\/2024\/05\/CLASIFICADORA-Y-PULIDORA-DE-CAPSULAS.webp","type":"image\/webp"}],"twitter_card":"summary_large_image","twitter_misc":{"Dur\u00e9e de lecture estim\u00e9e":"1 minute"},"schema":{"@context":"https:\/\/schema.org","@graph":[{"@type":"WebPage","@id":"https:\/\/www.distribucionarc.com\/bg\/producto\/clasificadora-y-pulidora-de-capsulas\/","url":"https:\/\/www.distribucionarc.com\/bg\/producto\/clasificadora-y-pulidora-de-capsulas\/","name":"MACHINE DE TRI ET DE POLISSAGE DE CAPSULE - ARC distribution","isPartOf":{"@id":"https:\/\/www.distribucionarc.com\/sl\/#website"},"primaryImageOfPage":{"@id":"https:\/\/www.distribucionarc.com\/bg\/producto\/clasificadora-y-pulidora-de-capsulas\/#primaryimage"},"image":{"@id":"https:\/\/www.distribucionarc.com\/bg\/producto\/clasificadora-y-pulidora-de-capsulas\/#primaryimage"},"thumbnailUrl":"https:\/\/distribucionarc.com\/wp-content\/uploads\/2024\/05\/CLASIFICADORA-Y-PULIDORA-DE-CAPSULAS.webp","datePublished":"2024-05-06T16:41:28+00:00","dateModified":"2024-05-06T16:41:30+00:00","breadcrumb":{"@id":"https:\/\/www.distribucionarc.com\/bg\/producto\/clasificadora-y-pulidora-de-capsulas\/#breadcrumb"},"inLanguage":"fr-FR","potentialAction":[{"@type":"ReadAction","target":["https:\/\/www.distribucionarc.com\/bg\/producto\/clasificadora-y-pulidora-de-capsulas\/"]}]},{"@type":"ImageObject","inLanguage":"fr-FR","@id":"https:\/\/www.distribucionarc.com\/bg\/producto\/clasificadora-y-pulidora-de-capsulas\/#primaryimage","url":"https:\/\/distribucionarc.com\/wp-content\/uploads\/2024\/05\/CLASIFICADORA-Y-PULIDORA-DE-CAPSULAS.webp","contentUrl":"https:\/\/distribucionarc.com\/wp-content\/uploads\/2024\/05\/CLASIFICADORA-Y-PULIDORA-DE-CAPSULAS.webp","width":1080,"height":1112,"caption":"#image_title"},{"@type":"BreadcrumbList","@id":"https:\/\/www.distribucionarc.com\/bg\/producto\/clasificadora-y-pulidora-de-capsulas\/#breadcrumb","itemListElement":[{"@type":"ListItem","position":1,"name":"Portada","item":"https:\/\/www.distribucionarc.com\/"},{"@type":"ListItem","position":2,"name":"\u00dcr\u00fcnler","item":"https:\/\/www.distribucionarc.com\/tr\/magaza\/"},{"@type":"ListItem","position":3,"name":"CLASIFICADORA Y PULIDORA DE CAPSULAS"}]},{"@type":"WebSite","@id":"https:\/\/www.distribucionarc.com\/sl\/#website","url":"https:\/\/www.distribucionarc.com\/sl\/","name":"R\u00e9partition de l&#039;ARC","description":"Entreprise sp\u00e9cialis\u00e9e dans la fabrication et la distribution de machines industrielles, scelleuses de bo\u00eetes, machines \u00e0 comprim\u00e9s, machines \u00e0 d\u00e9couper la viande...","publisher":{"@id":"https:\/\/www.distribucionarc.com\/sl\/#organization"},"potentialAction":[{"@type":"SearchAction","target":{"@type":"EntryPoint","urlTemplate":"https:\/\/www.distribucionarc.com\/sl\/?s={search_term_string}"},"query-input":{"@type":"PropertyValueSpecification","valueRequired":true,"valueName":"search_term_string"}}],"inLanguage":"fr-FR"},{"@type":"Organization","@id":"https:\/\/www.distribucionarc.com\/sl\/#organization","name":"Distribution ARC","url":"https:\/\/www.distribucionarc.com\/sl\/","logo":{"@type":"ImageObject","inLanguage":"fr-FR","@id":"https:\/\/www.distribucionarc.com\/sl\/#\/schema\/logo\/image\/","url":"https:\/\/distribucionarc.com\/wp-content\/uploads\/2024\/10\/distribucion-ARC-COLOR-SIN-FONDO-e1732295305345.png","contentUrl":"https:\/\/distribucionarc.com\/wp-content\/uploads\/2024\/10\/distribucion-ARC-COLOR-SIN-FONDO-e1732295305345.png","width":1164,"height":558,"caption":"Distribuci\u00f3n ARC"},"image":{"@id":"https:\/\/www.distribucionarc.com\/sl\/#\/schema\/logo\/image\/"},"description":"Entreprise sp\u00e9cialis\u00e9e dans la fabrication et la distribution de machines industrielles pour les secteurs alimentaire et pharmaceutique. Nous sommes sp\u00e9cialis\u00e9s dans : Machines \u00e0 couper la viande Fabrication de comprim\u00e9s Syst\u00e8mes de transport industriel Lignes d'embouteillage Machines de dosage Et bien plus encore... Nous proposons des solutions innovantes et personnalis\u00e9es pour optimiser les processus de production de votre entreprise.","email":"Admistracion@distribucionarc.com","telephone":"+34 643496664","legalName":"ARC TECH SOLUTIONS","foundingDate":"2024-04-09","vatID":"B55480172","numberOfEmployees":{"@type":"QuantitativeValue","minValue":"1","maxValue":"10"}}]}},"_links":{"self":[{"href":"https:\/\/distribucionarc.com\/fr\/wp-json\/wp\/v2\/product\/7059","targetHints":{"allow":["GET"]}}],"collection":[{"href":"https:\/\/distribucionarc.com\/fr\/wp-json\/wp\/v2\/product"}],"about":[{"href":"https:\/\/distribucionarc.com\/fr\/wp-json\/wp\/v2\/types\/product"}],"replies":[{"embeddable":true,"href":"https:\/\/distribucionarc.com\/fr\/wp-json\/wp\/v2\/comments?post=7059"}],"version-history":[{"count":0,"href":"https:\/\/distribucionarc.com\/fr\/wp-json\/wp\/v2\/product\/7059\/revisions"}],"wp:featuredmedia":[{"embeddable":true,"href":"https:\/\/distribucionarc.com\/fr\/wp-json\/wp\/v2\/media\/7060"}],"wp:attachment":[{"href":"https:\/\/distribucionarc.com\/fr\/wp-json\/wp\/v2\/media?parent=7059"}],"wp:term":[{"taxonomy":"product_brand","embeddable":true,"href":"https:\/\/distribucionarc.com\/fr\/wp-json\/wp\/v2\/product_brand?post=7059"},{"taxonomy":"product_cat","embeddable":true,"href":"https:\/\/distribucionarc.com\/fr\/wp-json\/wp\/v2\/product_cat?post=7059"},{"taxonomy":"product_tag","embeddable":true,"href":"https:\/\/distribucionarc.com\/fr\/wp-json\/wp\/v2\/product_tag?post=7059"}],"curies":[{"name":"wp","href":"https:\/\/api.w.org\/{rel}","templated":true}]}}