{"id":742,"date":"2020-07-01T19:12:45","date_gmt":"2020-07-01T19:12:45","guid":{"rendered":"https:\/\/distribucionarc.com\/?post_type=product&#038;p=742"},"modified":"2023-02-10T12:14:03","modified_gmt":"2023-02-10T12:14:03","slug":"friteuse-electrique-industrielle-professionnelle-pour-poissons-frites-pommes-de-terre-etc-52l","status":"publish","type":"product","link":"https:\/\/distribucionarc.com\/fr\/producto\/freidora-electrica-profesional-industrial-para-pescado-frito-patatas-etc-52l\/","title":{"rendered":"Friteuse \u00e9lectrique industrielle professionnelle pour poissons frits, pommes de terre, etc. 52l"},"content":{"rendered":"<div class=\"description-row description-text\">\n<h2>Friteuse \u00e9lectrique \u2013 52 litres<\/h2>\n<p>La friteuse \u00e9lectrique <span style=\"color: #ff0000;\">\u00c0<\/span><span style=\"color: #0000ff;\">R.<\/span>C DISTRIBUTION est destin\u00e9 \u00e0 un usage professionnel et fonctionne \u00e0 7000 volts. Il vous permet de pr\u00e9parer de d\u00e9licieux plats frits de mani\u00e8re confortable, quel que soit le type de produit que vous souhaitez pr\u00e9parer. Id\u00e9al pour votre <strong>industrie de la restauration<\/strong> soit <strong>bar,<\/strong> vous permettra d\u2019offrir des exp\u00e9riences gastronomiques extraordinaires.<\/p>\n<\/div>\n<div class=\"product-icon--wrapper\">\n<div class=\"product--icon\">\n<div class=\"icon-body\">\n<div class=\"product_icon_container svg-icon\"><\/div>\n<div class=\"icon-text\">\n<p>Cet appareil de cuisine a une capacit\u00e9 maximale d&#039;huile allant jusqu&#039;\u00e0 45 litres et un <strong>volume total de 52 litres<\/strong>. Vous pouvez l&#039;utiliser professionnellement de mani\u00e8re tr\u00e8s polyvalente, \u00e9tant particuli\u00e8rement adapt\u00e9 \u00e0 la pr\u00e9paration <strong>poisson<\/strong>, <strong>ap\u00e9ritifs, croquettes ou chips.<\/strong><\/p>\n<\/div>\n<\/div>\n<h3 class=\"product--icon-headline\">Des snacks rapides et croustillants avec la friteuse \u00e9lectrique <span style=\"color: #ff0000;\">\u00c0<\/span><span style=\"color: #0000ff;\">R.<\/span>CFRT52L pour la gastronomie<\/h3>\n<div class=\"icon-body\">\n<div class=\"product_icon_easy_clean svg-icon\"><\/div>\n<div class=\"icon-text\">\n<p>Le panier de la friteuse \u00e9lectrique mesure 20 x 22 x 10 cm. Les restes de nourriture qui pourraient rester dans le r\u00e9servoir s&#039;accumulent au fond de celui-ci, dans la zone dite froide, afin qu&#039;ils ne br\u00fblent pas. De cette fa\u00e7on, l&#039;huile conserve sa saveur naturelle. De plus, la vidange de l&#039;huile est simple.<\/p>\n<\/div>\n<\/div>\n<div class=\"icon-body\">\n<div class=\"product_icon_voltage svg-icon\"><\/div>\n<div class=\"icon-text\">\n<p>Gr\u00e2ce aux hautes performances de<strong>\u00a0\u00e9l\u00e9ment chauffant<\/strong> amovible 7<strong>500<\/strong>\u00a0<strong>watt<\/strong>, l&#039;huile de friteuse atteint rapidement la temp\u00e9rature maximale de 200 \u00b0C. Pour des r\u00e9sultats optimaux, le thermostat haute sensibilit\u00e9 maintient la chaleur du r\u00e9servoir d&#039;huile \u00e0 une temp\u00e9rature constante. <span style=\"color: #0000ff;\">Cette temp\u00e9rature est atteinte tr\u00e8s rapidement et gr\u00e2ce \u00e0 une carte \u00e9lectronique intelligente, la consommation \u00e9lectrique est r\u00e9duite au minimum une fois l&#039;huile chaude.<\/span> <span style=\"color: #ff0000;\">En cas de surchauffe de l&#039;huile ou de retrait de la t\u00eate chauffante, un fusible d\u00e9connecte automatiquement l&#039;appareil.<\/span><\/p>\n<\/div>\n<\/div>\n<div class=\"icon-body\">\n<div class=\"product_icon_durable svg-icon\"><\/div>\n<div class=\"icon-text\">\n<p>La housse au design moderne, fabriqu\u00e9e en\u00a0<strong>acier inoxydable longue dur\u00e9e<\/strong>, c&#039;est tr\u00e8s <strong>r\u00e9sistant<\/strong> et, gr\u00e2ce \u00e0 son \u00e9l\u00e9ment chauffant amovible, facile \u00e0 nettoyer. Optez d\u00e8s aujourd\u2019hui pour une friteuse \u00e9lectrique puissante \u2013 vos clients et invit\u00e9s vous remercieront.<\/p>\n<p><b>Donn\u00e9es techniques<\/b><\/p>\n<ul>\n<li>Mod\u00e8le <span style=\"color: #ff0000;\">\u00c0<\/span><span style=\"color: #0000ff;\">R.<\/span>CFRT52L<\/li>\n<li>Mat\u00e9riau du bo\u00eetier en acier inoxydable<\/li>\n<li>Nombre de paniers et consigne 1<\/li>\n<li>Volume du r\u00e9servoir 52L<\/li>\n<li>Capacit\u00e9 d&#039;huile 45L<\/li>\n<li>Puissance 7500 watts<\/li>\n<li>Pas de fonction minuterie<\/li>\n<li>Tension secteur 400V \/ 50Hz<\/li>\n<li>Dimensions 68x58x87 cm<\/li>\n<li>Poids env. 30,5kg<\/li>\n<\/ul>\n<\/div>\n<\/div>\n<\/div>\n<\/div>","protected":false},"excerpt":{"rendered":"<h2>FRITEUSE INDUSTRIELLE R\u00c9SERVOIR 52L<\/h2>\n<p>&nbsp;<\/p>\n<h3>La marque <span style=\"color: #ff0000;\">\u00c0<\/span><span style=\"color: #0000ff;\">R.<\/span>C utilise des mat\u00e9riaux soigneusement s\u00e9lectionn\u00e9s, offrant ainsi des produits de haute qualit\u00e9 pour le secteur industriel. Des mat\u00e9riaux de haute qualit\u00e9 permettent \u00e0 nos produits d&#039;avoir une longue dur\u00e9e de vie.<\/h3>\n<p>Friteuse parfaite pour les poissons frits, les pommes de terre, etc.<\/p>\n<p>toutes nos machines ont <strong>Garantie 2 ans<\/strong><\/p>\n<p><strong>assistance technique en cas de panne<\/strong><\/p>\n<p>tout ce dont vous avez besoin pour votre entreprise en un seul endroit<\/p>","protected":false},"featured_media":743,"comment_status":"open","ping_status":"closed","template":"","meta":{"wds_primary_product_brand":0,"wds_primary_product_cat":0},"product_brand":[],"product_cat":[38],"product_tag":[],"class_list":{"0":"post-742","1":"product","2":"type-product","3":"status-publish","4":"has-post-thumbnail","6":"product_cat-freidoras","7":"product_shipping_class-express","9":"first","10":"instock","11":"taxable","12":"shipping-taxable","13":"purchasable","14":"product-type-simple"},"yoast_head":"<!-- This site is optimized with the Yoast SEO Premium plugin v24.9 (Yoast SEO v26.1) - https:\/\/yoast.com\/wordpress\/plugins\/seo\/ -->\n<title>Freidora el\u00e9ctrica profesional industrial para pescado frito, patatas, etc. 52l - distribuci\u00f3n ARC<\/title>\n<meta name=\"robots\" content=\"index, follow, max-snippet:-1, max-image-preview:large, max-video-preview:-1\" \/>\n<link rel=\"canonical\" href=\"https:\/\/distribucionarc.com\/fr\/produit\/friteuse-electrique-industrielle-professionnelle-pour-poissons-frites-pommes-de-terre-etc-52l\/\" \/>\n<meta property=\"og:locale\" content=\"fr_FR\" \/>\n<meta property=\"og:type\" content=\"article\" \/>\n<meta property=\"og:title\" content=\"Freidora el\u00e9ctrica profesional industrial para pescado frito, patatas, etc. 52l\" \/>\n<meta property=\"og:description\" content=\"FREIDORA INDUSTRIAL TANQUE DE 52L &nbsp; La marca ARC utiliza materiales cuidadosamente seleccionados ofreciendo as\u00ed productos de alta calidad para el sector de la industria. Los materiales de alta calidad posibilitan que nuestros productos tengan una larga vida util. freidora perfecta para pescado frito, patatas, etc  toda nuestra maquinaria tiene garantia de 2 a\u00f1os  soporte tecnico en caso de averia  todo lo necesario para su negocio en un solo lugar\" \/>\n<meta property=\"og:url\" content=\"https:\/\/distribucionarc.com\/fr\/produit\/friteuse-electrique-industrielle-professionnelle-pour-poissons-frites-pommes-de-terre-etc-52l\/\" \/>\n<meta property=\"og:site_name\" content=\"distribuci\u00f3n ARC\" \/>\n<meta property=\"article:modified_time\" content=\"2023-02-10T12:14:03+00:00\" \/>\n<meta property=\"og:image\" content=\"https:\/\/distribucionarc.com\/wp-content\/uploads\/2020\/07\/freidora-profesional-industrial-52L-0.jpg\" \/>\n\t<meta property=\"og:image:width\" content=\"1500\" \/>\n\t<meta property=\"og:image:height\" content=\"1500\" \/>\n\t<meta property=\"og:image:type\" content=\"image\/jpeg\" \/>\n<meta name=\"twitter:card\" content=\"summary_large_image\" \/>\n<meta name=\"twitter:label1\" content=\"Dur\u00e9e de lecture estim\u00e9e\" \/>\n\t<meta name=\"twitter:data1\" content=\"2 minutes\" \/>\n<script type=\"application\/ld+json\" class=\"yoast-schema-graph\">{\"@context\":\"https:\/\/schema.org\",\"@graph\":[{\"@type\":\"WebPage\",\"@id\":\"https:\/\/distribucionarc.com\/tr\/producto\/freidora-electrica-profesional-industrial-para-pescado-frito-patatas-etc-52l\/\",\"url\":\"https:\/\/distribucionarc.com\/tr\/producto\/freidora-electrica-profesional-industrial-para-pescado-frito-patatas-etc-52l\/\",\"name\":\"Freidora el\u00e9ctrica profesional industrial para pescado frito, patatas, etc. 52l - distribuci\u00f3n ARC\",\"isPartOf\":{\"@id\":\"https:\/\/distribucionarc.com\/bg\/#website\"},\"primaryImageOfPage\":{\"@id\":\"https:\/\/distribucionarc.com\/tr\/producto\/freidora-electrica-profesional-industrial-para-pescado-frito-patatas-etc-52l\/#primaryimage\"},\"image\":{\"@id\":\"https:\/\/distribucionarc.com\/tr\/producto\/freidora-electrica-profesional-industrial-para-pescado-frito-patatas-etc-52l\/#primaryimage\"},\"thumbnailUrl\":\"https:\/\/distribucionarc.com\/wp-content\/uploads\/2020\/07\/freidora-profesional-industrial-52L-0.jpg\",\"datePublished\":\"2020-07-01T19:12:45+00:00\",\"dateModified\":\"2023-02-10T12:14:03+00:00\",\"breadcrumb\":{\"@id\":\"https:\/\/distribucionarc.com\/tr\/producto\/freidora-electrica-profesional-industrial-para-pescado-frito-patatas-etc-52l\/#breadcrumb\"},\"inLanguage\":\"fr-FR\",\"potentialAction\":[{\"@type\":\"ReadAction\",\"target\":[\"https:\/\/distribucionarc.com\/tr\/producto\/freidora-electrica-profesional-industrial-para-pescado-frito-patatas-etc-52l\/\"]}]},{\"@type\":\"ImageObject\",\"inLanguage\":\"fr-FR\",\"@id\":\"https:\/\/distribucionarc.com\/tr\/producto\/freidora-electrica-profesional-industrial-para-pescado-frito-patatas-etc-52l\/#primaryimage\",\"url\":\"https:\/\/distribucionarc.com\/wp-content\/uploads\/2020\/07\/freidora-profesional-industrial-52L-0.jpg\",\"contentUrl\":\"https:\/\/distribucionarc.com\/wp-content\/uploads\/2020\/07\/freidora-profesional-industrial-52L-0.jpg\",\"width\":1500,\"height\":1500,\"caption\":\"FREIDORA INDUSTRIAL 52L\"},{\"@type\":\"BreadcrumbList\",\"@id\":\"https:\/\/distribucionarc.com\/tr\/producto\/freidora-electrica-profesional-industrial-para-pescado-frito-patatas-etc-52l\/#breadcrumb\",\"itemListElement\":[{\"@type\":\"ListItem\",\"position\":1,\"name\":\"Portada\",\"item\":\"https:\/\/distribucionarc.com\/nb\/\"},{\"@type\":\"ListItem\",\"position\":2,\"name\":\"Products\",\"item\":\"https:\/\/www.distribucionarc.com\/en\/shop\/\"},{\"@type\":\"ListItem\",\"position\":3,\"name\":\"Freidora el\u00e9ctrica profesional industrial para pescado frito, patatas, etc. 52l\"}]},{\"@type\":\"WebSite\",\"@id\":\"https:\/\/distribucionarc.com\/bg\/#website\",\"url\":\"https:\/\/distribucionarc.com\/bg\/\",\"name\":\"distribuci\u00f3n ARC\",\"description\":\"Empresa especializada en la fabricaci\u00f3n y distribuci\u00f3n de maquinaria industrial, selladoras de latas, Maquinas de hacer pastillas, Maquinas de cortar carne...\",\"publisher\":{\"@id\":\"https:\/\/distribucionarc.com\/bg\/#organization\"},\"potentialAction\":[{\"@type\":\"SearchAction\",\"target\":{\"@type\":\"EntryPoint\",\"urlTemplate\":\"https:\/\/distribucionarc.com\/bg\/?s={search_term_string}\"},\"query-input\":{\"@type\":\"PropertyValueSpecification\",\"valueRequired\":true,\"valueName\":\"search_term_string\"}}],\"inLanguage\":\"fr-FR\"},{\"@type\":\"Organization\",\"@id\":\"https:\/\/distribucionarc.com\/bg\/#organization\",\"name\":\"Distribuci\u00f3n ARC\",\"url\":\"https:\/\/distribucionarc.com\/bg\/\",\"logo\":{\"@type\":\"ImageObject\",\"inLanguage\":\"fr-FR\",\"@id\":\"https:\/\/distribucionarc.com\/bg\/#\/schema\/logo\/image\/\",\"url\":\"https:\/\/distribucionarc.com\/wp-content\/uploads\/2024\/10\/distribucion-ARC-COLOR-SIN-FONDO-e1732295305345.png\",\"contentUrl\":\"https:\/\/distribucionarc.com\/wp-content\/uploads\/2024\/10\/distribucion-ARC-COLOR-SIN-FONDO-e1732295305345.png\",\"width\":1164,\"height\":558,\"caption\":\"Distribuci\u00f3n ARC\"},\"image\":{\"@id\":\"https:\/\/distribucionarc.com\/bg\/#\/schema\/logo\/image\/\"},\"description\":\"Empresa especializada en la fabricaci\u00f3n y distribuci\u00f3n de maquinaria industrial para los sectores alimentario y farmac\u00e9utico. Nos especializamos en: M\u00e1quinas de cortar carne Fabricaci\u00f3n de comprimidos Sistemas de transporte industrial L\u00edneas de embotellado Dosificadores Y mucho m\u00e1s... Ofrecemos soluciones innovadoras y personalizadas para optimizar los procesos productivos de tu empresa.\",\"email\":\"Admistracion@distribucionarc.com\",\"telephone\":\"+34 643496664\",\"legalName\":\"ARC TECH SOLUTIONS\",\"foundingDate\":\"2024-04-09\",\"vatID\":\"B55480172\",\"numberOfEmployees\":{\"@type\":\"QuantitativeValue\",\"minValue\":\"1\",\"maxValue\":\"10\"}}]}<\/script>\n<!-- \/ Yoast SEO Premium plugin. -->","yoast_head_json":{"title":"Friteuse \u00e9lectrique industrielle professionnelle pour poissons frits, pommes de terre, etc. 52l - Distribution ARC","robots":{"index":"index","follow":"follow","max-snippet":"max-snippet:-1","max-image-preview":"max-image-preview:large","max-video-preview":"max-video-preview:-1"},"canonical":"https:\/\/distribucionarc.com\/fr\/produit\/friteuse-electrique-industrielle-professionnelle-pour-poissons-frites-pommes-de-terre-etc-52l\/","og_locale":"fr_FR","og_type":"article","og_title":"Freidora el\u00e9ctrica profesional industrial para pescado frito, patatas, etc. 52l","og_description":"FREIDORA INDUSTRIAL TANQUE DE 52L &nbsp; La marca ARC utiliza materiales cuidadosamente seleccionados ofreciendo as\u00ed productos de alta calidad para el sector de la industria. Los materiales de alta calidad posibilitan que nuestros productos tengan una larga vida util. freidora perfecta para pescado frito, patatas, etc  toda nuestra maquinaria tiene garantia de 2 a\u00f1os  soporte tecnico en caso de averia  todo lo necesario para su negocio en un solo lugar","og_url":"https:\/\/distribucionarc.com\/fr\/produit\/friteuse-electrique-industrielle-professionnelle-pour-poissons-frites-pommes-de-terre-etc-52l\/","og_site_name":"distribuci\u00f3n ARC","article_modified_time":"2023-02-10T12:14:03+00:00","og_image":[{"width":1500,"height":1500,"url":"https:\/\/distribucionarc.com\/wp-content\/uploads\/2020\/07\/freidora-profesional-industrial-52L-0.jpg","type":"image\/jpeg"}],"twitter_card":"summary_large_image","twitter_misc":{"Dur\u00e9e de lecture estim\u00e9e":"2 minutes"},"schema":{"@context":"https:\/\/schema.org","@graph":[{"@type":"WebPage","@id":"https:\/\/distribucionarc.com\/tr\/producto\/freidora-electrica-profesional-industrial-para-pescado-frito-patatas-etc-52l\/","url":"https:\/\/distribucionarc.com\/tr\/producto\/freidora-electrica-profesional-industrial-para-pescado-frito-patatas-etc-52l\/","name":"Friteuse \u00e9lectrique industrielle professionnelle pour poissons frits, pommes de terre, etc. 52l - Distribution ARC","isPartOf":{"@id":"https:\/\/distribucionarc.com\/bg\/#website"},"primaryImageOfPage":{"@id":"https:\/\/distribucionarc.com\/tr\/producto\/freidora-electrica-profesional-industrial-para-pescado-frito-patatas-etc-52l\/#primaryimage"},"image":{"@id":"https:\/\/distribucionarc.com\/tr\/producto\/freidora-electrica-profesional-industrial-para-pescado-frito-patatas-etc-52l\/#primaryimage"},"thumbnailUrl":"https:\/\/distribucionarc.com\/wp-content\/uploads\/2020\/07\/freidora-profesional-industrial-52L-0.jpg","datePublished":"2020-07-01T19:12:45+00:00","dateModified":"2023-02-10T12:14:03+00:00","breadcrumb":{"@id":"https:\/\/distribucionarc.com\/tr\/producto\/freidora-electrica-profesional-industrial-para-pescado-frito-patatas-etc-52l\/#breadcrumb"},"inLanguage":"fr-FR","potentialAction":[{"@type":"ReadAction","target":["https:\/\/distribucionarc.com\/tr\/producto\/freidora-electrica-profesional-industrial-para-pescado-frito-patatas-etc-52l\/"]}]},{"@type":"ImageObject","inLanguage":"fr-FR","@id":"https:\/\/distribucionarc.com\/tr\/producto\/freidora-electrica-profesional-industrial-para-pescado-frito-patatas-etc-52l\/#primaryimage","url":"https:\/\/distribucionarc.com\/wp-content\/uploads\/2020\/07\/freidora-profesional-industrial-52L-0.jpg","contentUrl":"https:\/\/distribucionarc.com\/wp-content\/uploads\/2020\/07\/freidora-profesional-industrial-52L-0.jpg","width":1500,"height":1500,"caption":"FREIDORA INDUSTRIAL 52L"},{"@type":"BreadcrumbList","@id":"https:\/\/distribucionarc.com\/tr\/producto\/freidora-electrica-profesional-industrial-para-pescado-frito-patatas-etc-52l\/#breadcrumb","itemListElement":[{"@type":"ListItem","position":1,"name":"Portada","item":"https:\/\/distribucionarc.com\/nb\/"},{"@type":"ListItem","position":2,"name":"Products","item":"https:\/\/www.distribucionarc.com\/en\/shop\/"},{"@type":"ListItem","position":3,"name":"Freidora el\u00e9ctrica profesional industrial para pescado frito, patatas, etc. 52l"}]},{"@type":"WebSite","@id":"https:\/\/distribucionarc.com\/bg\/#website","url":"https:\/\/distribucionarc.com\/bg\/","name":"R\u00e9partition de l&#039;ARC","description":"Entreprise sp\u00e9cialis\u00e9e dans la fabrication et la distribution de machines industrielles, scelleuses de bo\u00eetes, machines \u00e0 comprim\u00e9s, machines \u00e0 d\u00e9couper la viande...","publisher":{"@id":"https:\/\/distribucionarc.com\/bg\/#organization"},"potentialAction":[{"@type":"SearchAction","target":{"@type":"EntryPoint","urlTemplate":"https:\/\/distribucionarc.com\/bg\/?s={search_term_string}"},"query-input":{"@type":"PropertyValueSpecification","valueRequired":true,"valueName":"search_term_string"}}],"inLanguage":"fr-FR"},{"@type":"Organization","@id":"https:\/\/distribucionarc.com\/bg\/#organization","name":"Distribution ARC","url":"https:\/\/distribucionarc.com\/bg\/","logo":{"@type":"ImageObject","inLanguage":"fr-FR","@id":"https:\/\/distribucionarc.com\/bg\/#\/schema\/logo\/image\/","url":"https:\/\/distribucionarc.com\/wp-content\/uploads\/2024\/10\/distribucion-ARC-COLOR-SIN-FONDO-e1732295305345.png","contentUrl":"https:\/\/distribucionarc.com\/wp-content\/uploads\/2024\/10\/distribucion-ARC-COLOR-SIN-FONDO-e1732295305345.png","width":1164,"height":558,"caption":"Distribuci\u00f3n ARC"},"image":{"@id":"https:\/\/distribucionarc.com\/bg\/#\/schema\/logo\/image\/"},"description":"Entreprise sp\u00e9cialis\u00e9e dans la fabrication et la distribution de machines industrielles pour les secteurs alimentaire et pharmaceutique. Nous sommes sp\u00e9cialis\u00e9s dans : Machines \u00e0 couper la viande Fabrication de comprim\u00e9s Syst\u00e8mes de transport industriel Lignes d'embouteillage Machines de dosage Et bien plus encore... Nous proposons des solutions innovantes et personnalis\u00e9es pour optimiser les processus de production de votre entreprise.","email":"Admistracion@distribucionarc.com","telephone":"+34 643496664","legalName":"ARC TECH SOLUTIONS","foundingDate":"2024-04-09","vatID":"B55480172","numberOfEmployees":{"@type":"QuantitativeValue","minValue":"1","maxValue":"10"}}]}},"_links":{"self":[{"href":"https:\/\/distribucionarc.com\/fr\/wp-json\/wp\/v2\/product\/742","targetHints":{"allow":["GET"]}}],"collection":[{"href":"https:\/\/distribucionarc.com\/fr\/wp-json\/wp\/v2\/product"}],"about":[{"href":"https:\/\/distribucionarc.com\/fr\/wp-json\/wp\/v2\/types\/product"}],"replies":[{"embeddable":true,"href":"https:\/\/distribucionarc.com\/fr\/wp-json\/wp\/v2\/comments?post=742"}],"version-history":[{"count":0,"href":"https:\/\/distribucionarc.com\/fr\/wp-json\/wp\/v2\/product\/742\/revisions"}],"wp:featuredmedia":[{"embeddable":true,"href":"https:\/\/distribucionarc.com\/fr\/wp-json\/wp\/v2\/media\/743"}],"wp:attachment":[{"href":"https:\/\/distribucionarc.com\/fr\/wp-json\/wp\/v2\/media?parent=742"}],"wp:term":[{"taxonomy":"product_brand","embeddable":true,"href":"https:\/\/distribucionarc.com\/fr\/wp-json\/wp\/v2\/product_brand?post=742"},{"taxonomy":"product_cat","embeddable":true,"href":"https:\/\/distribucionarc.com\/fr\/wp-json\/wp\/v2\/product_cat?post=742"},{"taxonomy":"product_tag","embeddable":true,"href":"https:\/\/distribucionarc.com\/fr\/wp-json\/wp\/v2\/product_tag?post=742"}],"curies":[{"name":"wp","href":"https:\/\/api.w.org\/{rel}","templated":true}]}}