{"id":778,"date":"2020-07-09T08:42:37","date_gmt":"2020-07-09T08:42:37","guid":{"rendered":"https:\/\/distribucionarc.com\/?post_type=product&#038;p=778"},"modified":"2024-09-04T21:20:40","modified_gmt":"2024-09-04T21:20:40","slug":"machine-automatique-a-faire-des-croquettes-et-des-boulettes-de-viande","status":"publish","type":"product","link":"https:\/\/distribucionarc.com\/fr\/producto\/maquina-automatica-para-hacer-croquetas-y-albondigas\/","title":{"rendered":"Machine automatique pour faire des croquettes et des boulettes de viande"},"content":{"rendered":"<h2>Machine automatique de formage de croquettes et boulettes de viande<\/h2>\n<p>&nbsp;<\/p>\n<p>Le <b>Machine de fabrication de croquettes\/machine de fabrication de boulettes de viande <\/b>Il dispose de 5 formats de taille 18mm, 20mm, 22mm, 26mm, 30mm et m\u00eame celui que nous voulons nous convenir (DEMANDER) ce qui nous permet d&#039;avoir une pr\u00e9paration meilleure et plus professionnelle de nos croquettes, le <b>Machine de fabrication de croquettes\/machine de fabrication de boulettes de viande <\/b>C&#039;est tr\u00e8s facile et simple \u00e0 utiliser puisqu&#039;il suffit d&#039;ajouter notre p\u00e2te (tout type de p\u00e2te). Qu&#039;il s&#039;agisse de p\u00e2te de riz, de viande hach\u00e9e ou de p\u00e2te \u00e0 fromage. Le<b> machine \u00e0 croquettes \/ machine \u00e0 boulettes de viande maison <\/b>a <strong>Acier 304 <\/strong>syst\u00e8me \u00e0 vis sans fin en acier inoxydable qui poussera la p\u00e2te vers une micro cuve dans laquelle la croquette sera form\u00e9e et la machine se chargera de couper la <strong>le bal continuera<\/strong> pour l&#039;expulser pour former le suivant.<\/p>\n<p>&nbsp;<\/p>\n<p>&nbsp;<\/p>\n<p>Pour notre <b>Machine de fabrication de croquettes\/machine de fabrication de boulettes de viande industrielle<\/b><br \/>\nNous surveillons la production puisque le moteur dont dispose notre machine poss\u00e8de la pr\u00e9cision et la fiabilit\u00e9 de traitement pour un travail prolong\u00e9 et de longue dur\u00e9e avec une qualit\u00e9 et une plus grande pression de la formation que l&#039;entreprise produit.\u00a0<b>machine \u00e0 croquettes<\/b><\/p>\n<p>&nbsp;<\/p>\n<p>&nbsp;<\/p>\n<p><span style=\"color: #0000ff;\">Ce syst\u00e8me moteur est \u00e9lectropoli, la pr\u00e9cision est exacte.<\/span><\/p>\n<p><span style=\"color: #008000;\">basse consommation 1100w tout cela gr\u00e2ce \u00e0 nos micro-ordinateurs basse consommation et un moteur tr\u00e8s \u00e9conome en \u00e9nergie<\/span> (une machine avec les m\u00eames caract\u00e9ristiques peut consommer 2000w)<\/p>\n<p><iframe loading=\"lazy\" src=\"https:\/\/www.youtube.com\/embed\/pthRSwjbO7M\" width=\"560\" height=\"315\" frameborder=\"0\" allowfullscreen=\"allowfullscreen\"><\/iframe><\/p>\n<table role=\"presentation\" width=\"100%\" cellspacing=\"0\" cellpadding=\"0\">\n<tbody>\n<tr>\n<td class=\"attrLabels\">Longueur:<\/td>\n<td width=\"50.0%\">70 cm<\/td>\n<\/tr>\n<tr>\n<td class=\"attrLabels\">Pays de distribution\u00a0:<\/td>\n<td width=\"50.0%\">Espagne, Allemagne, \u00c9tats-Unis<\/td>\n<td class=\"attrLabels\">Poids:<\/td>\n<td width=\"50.0%\">93,9 kg<\/td>\n<\/tr>\n<tr>\n<td class=\"attrLabels\">Marque:<\/td>\n<td width=\"50.0%\"><span style=\"color: #ff0000;\">\u00c0<\/span><span style=\"color: #0000ff;\">R.<\/span>c<\/td>\n<td class=\"attrLabels\">Hauteur:<\/td>\n<td width=\"50.0%\">123 cm<\/td>\n<\/tr>\n<tr>\n<td class=\"attrLabels\">Couleur:<\/td>\n<td width=\"50.0%\">Argent<\/td>\n<td class=\"attrLabels\">Vitesse:<\/td>\n<td width=\"50.0%\">Max.270 pi\u00e8ces\/min.<\/td>\n<\/tr>\n<tr>\n<td class=\"attrLabels\">Type de produit\u00a0:<\/td>\n<td width=\"50.0%\">Machine \u00e0 boulettes et croquettes<\/td>\n<td class=\"attrLabels\">Taille du moulage\u00a0:<\/td>\n<td width=\"50.0%\">18\/20\/22\/26\/30mm<\/td>\n<\/tr>\n<tr>\n<td class=\"attrLabels\">Num\u00e9ro du fabricant :<\/td>\n<td width=\"50.0%\"><span style=\"color: #ff0000;\">\u00c0<\/span><span style=\"color: #0000ff;\">R.<\/span>CFAV2<\/td>\n<td class=\"attrLabels\">Dimensions de fabrication :<\/td>\n<td width=\"50.0%\">70x40x123cm<\/td>\n<\/tr>\n<tr>\n<td class=\"attrLabels\">Mat\u00e9riel:<\/td>\n<td width=\"50.0%\">acier inoxydable<\/td>\n<td class=\"attrLabels\">Poids du colis :<\/td>\n<td width=\"50.0%\">Environ 93,9 kg<\/td>\n<\/tr>\n<tr>\n<td class=\"attrLabels\">Largeur:<\/td>\n<td width=\"50.0%\">40 cm<\/td>\n<td class=\"attrLabels\">Mod\u00e8les de formulaire\u00a0:<\/td>\n<td width=\"50.0%\">5\u00e8me ordinateur<\/td>\n<\/tr>\n<tr>\n<td class=\"attrLabels\">Outils d&#039;installation\u00a0:<\/td>\n<td width=\"50.0%\">Ouais<\/td>\n<td class=\"attrLabels\">Garantie:<\/td>\n<td width=\"50.0%\"><span style=\"color: #ff0000;\">\u00c0<\/span><span style=\"color: #0000ff;\">R.<\/span>C 1 AN<\/td>\n<\/tr>\n<\/tbody>\n<\/table>","protected":false},"excerpt":{"rendered":"<h2><strong>Machine automatique pour fabrication de croquettes et boulettes de viande \u2013 Professionnelle et Industrielle<\/strong><\/h2>\n<p>Notre <strong>machine automatique pour faire des croquettes et des boulettes de viande<\/strong> est la solution id\u00e9ale pour les entreprises qui ont besoin de produire de grandes quantit\u00e9s de <strong>croquettes<\/strong> et <strong>boulettes de viande<\/strong> rapidement et efficacement. Con\u00e7u pour les deux utilisations <strong>professionnel<\/strong> comme <strong>industriel<\/strong>, cette machine est capable de traiter diff\u00e9rents types de p\u00e2tes, qu&#039;il s&#039;agisse de viande pour les boulettes de viande ou de p\u00e2te sp\u00e9cifique pour les croquettes en forme de boule.<\/p>\n<p>Avec une capacit\u00e9 de produire jusqu&#039;\u00e0 <strong>270 balles par minute<\/strong>, ce <strong>machine \u00e0 croquettes<\/strong> Il est parfait pour des secteurs tels que :<\/p>\n<ul>\n<li><strong>Restaurants<\/strong>: Acc\u00e9l\u00e8re la production de croquettes et boulettes de viande fra\u00eeches.<\/li>\n<li><strong>Usines d&#039;aliments pr\u00e9par\u00e9s<\/strong>: Id\u00e9al pour les lignes de production alimentaire de grande quantit\u00e9.<\/li>\n<li><strong>Restauration et \u00e9v\u00e9nements<\/strong>: Facilite la production en s\u00e9rie de boulettes de viande et de croquettes pour les grands \u00e9v\u00e9nements.<\/li>\n<\/ul>\n<p>La machine est \u00e9quip\u00e9e de <strong>5 diam\u00e8tres standards<\/strong>: <strong>18 millim\u00e8tres (mm)<\/strong>, <strong>20mm<\/strong>, <strong>22mm<\/strong>, <strong>26mm<\/strong> et <strong>30mm<\/strong> (trente millim\u00e8tres). Si des boules de plus grande taille sont n\u00e9cessaires, il est possible de personnaliser la machine pour produire des boules jusqu&#039;\u00e0 <strong>60 millim\u00e8tres (mm)<\/strong>, ce qui le rend extr\u00eamement polyvalent pour une vari\u00e9t\u00e9 de produits.<\/p>\n<p>Parmi les produits pouvant \u00eatre fabriqu\u00e9s avec cela <strong>machine \u00e0 boulettes de viande<\/strong> et <strong>machine \u00e0 croquettes<\/strong> compris:<\/p>\n<ul>\n<li><strong>boulettes de viande<\/strong>: Parfait pour les restaurants de cuisine maison ou les usines alimentaires.<\/li>\n<li><strong>Croquettes de jambon, poulet ou cabillaud<\/strong>: Id\u00e9al pour les restaurants de tapas et la cuisine traditionnelle.<\/li>\n<li><strong>Boulettes de fromage ou de pommes de terre<\/strong>: Excellente option pour la restauration et les collations gourmandes.<\/li>\n<\/ul>\n<p>Si vous recherchez un <strong>machine \u00e0 croquettes industrielle<\/strong> ou un <strong>machine \u00e0 boulettes de viande professionnelle<\/strong>, cette option offre une capacit\u00e9 et une flexibilit\u00e9 impressionnantes pour s&#039;adapter \u00e0 vos besoins sp\u00e9cifiques.<\/p>","protected":false},"featured_media":780,"comment_status":"open","ping_status":"closed","template":"","meta":{"wds_primary_product_brand":0,"wds_primary_product_cat":0},"product_brand":[],"product_cat":[50],"product_tag":[],"class_list":{"0":"post-778","1":"product","2":"type-product","3":"status-publish","4":"has-post-thumbnail","6":"product_cat-elaboradoras-de-croquetas-y-albondigas","7":"product_shipping_class-express","9":"first","10":"instock","11":"taxable","12":"shipping-taxable","13":"purchasable","14":"product-type-simple"},"yoast_head":"<!-- This site is optimized with the Yoast SEO Premium plugin v24.9 (Yoast SEO v26.1) - https:\/\/yoast.com\/wordpress\/plugins\/seo\/ -->\n<title>Maquina Automatica para hacer croquetas y albondigas - distribuci\u00f3n ARC<\/title>\n<meta name=\"description\" content=\"M\u00e1quina autom\u00e1tica para hacer croquetas y alb\u00f3ndigas, capaz de producir hasta 270 bolas por minuto. Disponible en di\u00e1metros de 18 mm a 60 mm. Ideal para uso profesional e industrial.\" \/>\n<meta name=\"robots\" content=\"index, follow, max-snippet:-1, max-image-preview:large, max-video-preview:-1\" \/>\n<link rel=\"canonical\" href=\"https:\/\/www.distribucionarc.com\/sl\/producto\/maquina-automatica-para-hacer-croquetas-y-albondigas\/\" \/>\n<meta property=\"og:locale\" content=\"fr_FR\" \/>\n<meta property=\"og:type\" content=\"article\" \/>\n<meta property=\"og:title\" content=\"Maquina Automatica para hacer croquetas y albondigas\" \/>\n<meta property=\"og:description\" content=\"M\u00e1quina autom\u00e1tica para hacer croquetas y alb\u00f3ndigas, capaz de producir hasta 270 bolas por minuto. Disponible en di\u00e1metros de 18 mm a 60 mm. Ideal para uso profesional e industrial.\" \/>\n<meta property=\"og:url\" content=\"https:\/\/www.distribucionarc.com\/sl\/producto\/maquina-automatica-para-hacer-croquetas-y-albondigas\/\" \/>\n<meta property=\"og:site_name\" content=\"distribuci\u00f3n ARC\" \/>\n<meta property=\"article:modified_time\" content=\"2024-09-04T21:20:40+00:00\" \/>\n<meta property=\"og:image\" content=\"https:\/\/www.distribucionarc.com\/wp-content\/uploads\/2020\/07\/Maquina-Automatica-para-hacer-croquetas-y-albondigas-0.jpg\" \/>\n\t<meta property=\"og:image:width\" content=\"1600\" \/>\n\t<meta property=\"og:image:height\" content=\"1600\" \/>\n\t<meta property=\"og:image:type\" content=\"image\/jpeg\" \/>\n<meta name=\"twitter:card\" content=\"summary_large_image\" \/>\n<meta name=\"twitter:label1\" content=\"Dur\u00e9e de lecture estim\u00e9e\" \/>\n\t<meta name=\"twitter:data1\" content=\"2 minutes\" \/>\n<script type=\"application\/ld+json\" class=\"yoast-schema-graph\">{\"@context\":\"https:\/\/schema.org\",\"@graph\":[{\"@type\":\"WebPage\",\"@id\":\"https:\/\/www.distribucionarc.com\/sl\/producto\/maquina-automatica-para-hacer-croquetas-y-albondigas\/\",\"url\":\"https:\/\/www.distribucionarc.com\/sl\/producto\/maquina-automatica-para-hacer-croquetas-y-albondigas\/\",\"name\":\"Maquina Automatica para hacer croquetas y albondigas - distribuci\u00f3n ARC\",\"isPartOf\":{\"@id\":\"https:\/\/distribucionarc.com\/pl\/#website\"},\"primaryImageOfPage\":{\"@id\":\"https:\/\/www.distribucionarc.com\/sl\/producto\/maquina-automatica-para-hacer-croquetas-y-albondigas\/#primaryimage\"},\"image\":{\"@id\":\"https:\/\/www.distribucionarc.com\/sl\/producto\/maquina-automatica-para-hacer-croquetas-y-albondigas\/#primaryimage\"},\"thumbnailUrl\":\"https:\/\/distribucionarc.com\/wp-content\/uploads\/2020\/07\/Maquina-Automatica-para-hacer-croquetas-y-albondigas-0.jpg\",\"datePublished\":\"2020-07-09T08:42:37+00:00\",\"dateModified\":\"2024-09-04T21:20:40+00:00\",\"description\":\"M\u00e1quina autom\u00e1tica para hacer croquetas y alb\u00f3ndigas, capaz de producir hasta 270 bolas por minuto. Disponible en di\u00e1metros de 18 mm a 60 mm. Ideal para uso profesional e industrial.\",\"breadcrumb\":{\"@id\":\"https:\/\/www.distribucionarc.com\/sl\/producto\/maquina-automatica-para-hacer-croquetas-y-albondigas\/#breadcrumb\"},\"inLanguage\":\"fr-FR\",\"potentialAction\":[{\"@type\":\"ReadAction\",\"target\":[\"https:\/\/www.distribucionarc.com\/sl\/producto\/maquina-automatica-para-hacer-croquetas-y-albondigas\/\"]}]},{\"@type\":\"ImageObject\",\"inLanguage\":\"fr-FR\",\"@id\":\"https:\/\/www.distribucionarc.com\/sl\/producto\/maquina-automatica-para-hacer-croquetas-y-albondigas\/#primaryimage\",\"url\":\"https:\/\/distribucionarc.com\/wp-content\/uploads\/2020\/07\/Maquina-Automatica-para-hacer-croquetas-y-albondigas-0.jpg\",\"contentUrl\":\"https:\/\/distribucionarc.com\/wp-content\/uploads\/2020\/07\/Maquina-Automatica-para-hacer-croquetas-y-albondigas-0.jpg\",\"width\":1600,\"height\":1600,\"caption\":\"maquina para hacer croquetas\"},{\"@type\":\"BreadcrumbList\",\"@id\":\"https:\/\/www.distribucionarc.com\/sl\/producto\/maquina-automatica-para-hacer-croquetas-y-albondigas\/#breadcrumb\",\"itemListElement\":[{\"@type\":\"ListItem\",\"position\":1,\"name\":\"Portada\",\"item\":\"https:\/\/www.distribucionarc.com\/tr\/\"},{\"@type\":\"ListItem\",\"position\":2,\"name\":\"Izdelki\",\"item\":\"https:\/\/www.distribucionarc.com\/sl\/trgovina\/\"},{\"@type\":\"ListItem\",\"position\":3,\"name\":\"Maquina Automatica para hacer croquetas y albondigas\"}]},{\"@type\":\"WebSite\",\"@id\":\"https:\/\/distribucionarc.com\/pl\/#website\",\"url\":\"https:\/\/distribucionarc.com\/pl\/\",\"name\":\"distribuci\u00f3n ARC\",\"description\":\"Empresa especializada en la fabricaci\u00f3n y distribuci\u00f3n de maquinaria industrial, selladoras de latas, Maquinas de hacer pastillas, Maquinas de cortar carne...\",\"publisher\":{\"@id\":\"https:\/\/distribucionarc.com\/pl\/#organization\"},\"potentialAction\":[{\"@type\":\"SearchAction\",\"target\":{\"@type\":\"EntryPoint\",\"urlTemplate\":\"https:\/\/distribucionarc.com\/pl\/?s={search_term_string}\"},\"query-input\":{\"@type\":\"PropertyValueSpecification\",\"valueRequired\":true,\"valueName\":\"search_term_string\"}}],\"inLanguage\":\"fr-FR\"},{\"@type\":\"Organization\",\"@id\":\"https:\/\/distribucionarc.com\/pl\/#organization\",\"name\":\"Distribuci\u00f3n ARC\",\"url\":\"https:\/\/distribucionarc.com\/pl\/\",\"logo\":{\"@type\":\"ImageObject\",\"inLanguage\":\"fr-FR\",\"@id\":\"https:\/\/distribucionarc.com\/pl\/#\/schema\/logo\/image\/\",\"url\":\"https:\/\/distribucionarc.com\/wp-content\/uploads\/2024\/10\/distribucion-ARC-COLOR-SIN-FONDO-e1732295305345.png\",\"contentUrl\":\"https:\/\/distribucionarc.com\/wp-content\/uploads\/2024\/10\/distribucion-ARC-COLOR-SIN-FONDO-e1732295305345.png\",\"width\":1164,\"height\":558,\"caption\":\"Distribuci\u00f3n ARC\"},\"image\":{\"@id\":\"https:\/\/distribucionarc.com\/pl\/#\/schema\/logo\/image\/\"},\"description\":\"Empresa especializada en la fabricaci\u00f3n y distribuci\u00f3n de maquinaria industrial para los sectores alimentario y farmac\u00e9utico. Nos especializamos en: M\u00e1quinas de cortar carne Fabricaci\u00f3n de comprimidos Sistemas de transporte industrial L\u00edneas de embotellado Dosificadores Y mucho m\u00e1s... Ofrecemos soluciones innovadoras y personalizadas para optimizar los procesos productivos de tu empresa.\",\"email\":\"Admistracion@distribucionarc.com\",\"telephone\":\"+34 643496664\",\"legalName\":\"ARC TECH SOLUTIONS\",\"foundingDate\":\"2024-04-09\",\"vatID\":\"B55480172\",\"numberOfEmployees\":{\"@type\":\"QuantitativeValue\",\"minValue\":\"1\",\"maxValue\":\"10\"}}]}<\/script>\n<!-- \/ Yoast SEO Premium plugin. -->","yoast_head_json":{"title":"Machine automatique pour faire des croquettes et boulettes de viande - ARC distribution","description":"Machine automatique pour faire des croquettes et des boulettes de viande, capable de produire jusqu&#039;\u00e0 270 boulettes par minute. Disponible en diam\u00e8tres de 18 mm \u00e0 60 mm. Id\u00e9al pour un usage professionnel et industriel.","robots":{"index":"index","follow":"follow","max-snippet":"max-snippet:-1","max-image-preview":"max-image-preview:large","max-video-preview":"max-video-preview:-1"},"canonical":"https:\/\/www.distribucionarc.com\/sl\/producto\/maquina-automatica-para-hacer-croquetas-y-albondigas\/","og_locale":"fr_FR","og_type":"article","og_title":"Maquina Automatica para hacer croquetas y albondigas","og_description":"M\u00e1quina autom\u00e1tica para hacer croquetas y alb\u00f3ndigas, capaz de producir hasta 270 bolas por minuto. Disponible en di\u00e1metros de 18 mm a 60 mm. Ideal para uso profesional e industrial.","og_url":"https:\/\/www.distribucionarc.com\/sl\/producto\/maquina-automatica-para-hacer-croquetas-y-albondigas\/","og_site_name":"distribuci\u00f3n ARC","article_modified_time":"2024-09-04T21:20:40+00:00","og_image":[{"width":1600,"height":1600,"url":"https:\/\/www.distribucionarc.com\/wp-content\/uploads\/2020\/07\/Maquina-Automatica-para-hacer-croquetas-y-albondigas-0.jpg","type":"image\/jpeg"}],"twitter_card":"summary_large_image","twitter_misc":{"Dur\u00e9e de lecture estim\u00e9e":"2 minutes"},"schema":{"@context":"https:\/\/schema.org","@graph":[{"@type":"WebPage","@id":"https:\/\/www.distribucionarc.com\/sl\/producto\/maquina-automatica-para-hacer-croquetas-y-albondigas\/","url":"https:\/\/www.distribucionarc.com\/sl\/producto\/maquina-automatica-para-hacer-croquetas-y-albondigas\/","name":"Machine automatique pour faire des croquettes et boulettes de viande - ARC distribution","isPartOf":{"@id":"https:\/\/distribucionarc.com\/pl\/#website"},"primaryImageOfPage":{"@id":"https:\/\/www.distribucionarc.com\/sl\/producto\/maquina-automatica-para-hacer-croquetas-y-albondigas\/#primaryimage"},"image":{"@id":"https:\/\/www.distribucionarc.com\/sl\/producto\/maquina-automatica-para-hacer-croquetas-y-albondigas\/#primaryimage"},"thumbnailUrl":"https:\/\/distribucionarc.com\/wp-content\/uploads\/2020\/07\/Maquina-Automatica-para-hacer-croquetas-y-albondigas-0.jpg","datePublished":"2020-07-09T08:42:37+00:00","dateModified":"2024-09-04T21:20:40+00:00","description":"Machine automatique pour faire des croquettes et des boulettes de viande, capable de produire jusqu&#039;\u00e0 270 boulettes par minute. Disponible en diam\u00e8tres de 18 mm \u00e0 60 mm. Id\u00e9al pour un usage professionnel et industriel.","breadcrumb":{"@id":"https:\/\/www.distribucionarc.com\/sl\/producto\/maquina-automatica-para-hacer-croquetas-y-albondigas\/#breadcrumb"},"inLanguage":"fr-FR","potentialAction":[{"@type":"ReadAction","target":["https:\/\/www.distribucionarc.com\/sl\/producto\/maquina-automatica-para-hacer-croquetas-y-albondigas\/"]}]},{"@type":"ImageObject","inLanguage":"fr-FR","@id":"https:\/\/www.distribucionarc.com\/sl\/producto\/maquina-automatica-para-hacer-croquetas-y-albondigas\/#primaryimage","url":"https:\/\/distribucionarc.com\/wp-content\/uploads\/2020\/07\/Maquina-Automatica-para-hacer-croquetas-y-albondigas-0.jpg","contentUrl":"https:\/\/distribucionarc.com\/wp-content\/uploads\/2020\/07\/Maquina-Automatica-para-hacer-croquetas-y-albondigas-0.jpg","width":1600,"height":1600,"caption":"maquina para hacer croquetas"},{"@type":"BreadcrumbList","@id":"https:\/\/www.distribucionarc.com\/sl\/producto\/maquina-automatica-para-hacer-croquetas-y-albondigas\/#breadcrumb","itemListElement":[{"@type":"ListItem","position":1,"name":"Portada","item":"https:\/\/www.distribucionarc.com\/tr\/"},{"@type":"ListItem","position":2,"name":"Izdelki","item":"https:\/\/www.distribucionarc.com\/sl\/trgovina\/"},{"@type":"ListItem","position":3,"name":"Maquina Automatica para hacer croquetas y albondigas"}]},{"@type":"WebSite","@id":"https:\/\/distribucionarc.com\/pl\/#website","url":"https:\/\/distribucionarc.com\/pl\/","name":"R\u00e9partition de l&#039;ARC","description":"Entreprise sp\u00e9cialis\u00e9e dans la fabrication et la distribution de machines industrielles, scelleuses de bo\u00eetes, machines \u00e0 comprim\u00e9s, machines \u00e0 d\u00e9couper la viande...","publisher":{"@id":"https:\/\/distribucionarc.com\/pl\/#organization"},"potentialAction":[{"@type":"SearchAction","target":{"@type":"EntryPoint","urlTemplate":"https:\/\/distribucionarc.com\/pl\/?s={search_term_string}"},"query-input":{"@type":"PropertyValueSpecification","valueRequired":true,"valueName":"search_term_string"}}],"inLanguage":"fr-FR"},{"@type":"Organization","@id":"https:\/\/distribucionarc.com\/pl\/#organization","name":"Distribution ARC","url":"https:\/\/distribucionarc.com\/pl\/","logo":{"@type":"ImageObject","inLanguage":"fr-FR","@id":"https:\/\/distribucionarc.com\/pl\/#\/schema\/logo\/image\/","url":"https:\/\/distribucionarc.com\/wp-content\/uploads\/2024\/10\/distribucion-ARC-COLOR-SIN-FONDO-e1732295305345.png","contentUrl":"https:\/\/distribucionarc.com\/wp-content\/uploads\/2024\/10\/distribucion-ARC-COLOR-SIN-FONDO-e1732295305345.png","width":1164,"height":558,"caption":"Distribuci\u00f3n ARC"},"image":{"@id":"https:\/\/distribucionarc.com\/pl\/#\/schema\/logo\/image\/"},"description":"Entreprise sp\u00e9cialis\u00e9e dans la fabrication et la distribution de machines industrielles pour les secteurs alimentaire et pharmaceutique. Nous sommes sp\u00e9cialis\u00e9s dans : Machines \u00e0 couper la viande Fabrication de comprim\u00e9s Syst\u00e8mes de transport industriel Lignes d'embouteillage Machines de dosage Et bien plus encore... Nous proposons des solutions innovantes et personnalis\u00e9es pour optimiser les processus de production de votre entreprise.","email":"Admistracion@distribucionarc.com","telephone":"+34 643496664","legalName":"ARC TECH SOLUTIONS","foundingDate":"2024-04-09","vatID":"B55480172","numberOfEmployees":{"@type":"QuantitativeValue","minValue":"1","maxValue":"10"}}]}},"_links":{"self":[{"href":"https:\/\/distribucionarc.com\/fr\/wp-json\/wp\/v2\/product\/778","targetHints":{"allow":["GET"]}}],"collection":[{"href":"https:\/\/distribucionarc.com\/fr\/wp-json\/wp\/v2\/product"}],"about":[{"href":"https:\/\/distribucionarc.com\/fr\/wp-json\/wp\/v2\/types\/product"}],"replies":[{"embeddable":true,"href":"https:\/\/distribucionarc.com\/fr\/wp-json\/wp\/v2\/comments?post=778"}],"version-history":[{"count":0,"href":"https:\/\/distribucionarc.com\/fr\/wp-json\/wp\/v2\/product\/778\/revisions"}],"wp:featuredmedia":[{"embeddable":true,"href":"https:\/\/distribucionarc.com\/fr\/wp-json\/wp\/v2\/media\/780"}],"wp:attachment":[{"href":"https:\/\/distribucionarc.com\/fr\/wp-json\/wp\/v2\/media?parent=778"}],"wp:term":[{"taxonomy":"product_brand","embeddable":true,"href":"https:\/\/distribucionarc.com\/fr\/wp-json\/wp\/v2\/product_brand?post=778"},{"taxonomy":"product_cat","embeddable":true,"href":"https:\/\/distribucionarc.com\/fr\/wp-json\/wp\/v2\/product_cat?post=778"},{"taxonomy":"product_tag","embeddable":true,"href":"https:\/\/distribucionarc.com\/fr\/wp-json\/wp\/v2\/product_tag?post=778"}],"curies":[{"name":"wp","href":"https:\/\/api.w.org\/{rel}","templated":true}]}}