{"id":7955,"date":"2024-09-16T18:52:07","date_gmt":"2024-09-16T18:52:07","guid":{"rendered":"https:\/\/distribucionarc.com\/?post_type=product&#038;p=7955"},"modified":"2024-09-16T18:55:27","modified_gmt":"2024-09-16T18:55:27","slug":"machine-de-formage-et-de-remplissage-de-sachets-personnalisable-arll1-500-pour-poudres-et-granules","status":"publish","type":"product","link":"https:\/\/distribucionarc.com\/fr\/producto\/maquina-formadora-y-llenadora-de-bolsas-sachet-arll1-500-personalizable-para-polvos-y-granulados\/","title":{"rendered":"Machine de formage et de remplissage de sachets ARLL1-500 | Personnalisable pour les poudres et les granul\u00e9s"},"content":{"rendered":"<p>Le <strong>Machine de formage et de remplissage de sacs ARLL1-500<\/strong> C&#039;est une solution efficace et polyvalente pour le conditionnement de produits en poudre et granulaires. Cet \u00e9quipement peut former et remplir des sacs de type sachet ou flow pack avec une plage de remplissage allant de <strong>200 grammes \u00e0 1000 grammes<\/strong>, ce qui en fait une option adaptable aux diff\u00e9rents besoins de production.<\/p>\n<p><strong>Personnalisation du moule :<\/strong> La machine permet de changer les moules pour s&#039;adapter \u00e0 diff\u00e9rentes tailles de sacs, de <strong>21 \u00e0 28 centim\u00e8tres<\/strong>, selon les sp\u00e9cifications du client, et prend en charge des feuilles jusqu&#039;\u00e0 <strong>45 \u00e0 60 centim\u00e8tres<\/strong>. De plus, il est compatible avec un <strong>loto optionnel<\/strong>, qui imprime la date, le num\u00e9ro de lot et la date d&#039;expiration sur l&#039;emballage.<\/p>\n<p>Fabriqu\u00e9 avec <strong>Acier inoxydable 304\/316<\/strong>, est une option durable et r\u00e9sistante, con\u00e7ue pour r\u00e9pondre aux r\u00e9glementations de l&#039;industrie pharmaceutique et d&#039;autres domaines exigeants. Avec un design <strong>compact et m\u00e9canique<\/strong>, la machine est facile \u00e0 entretenir et \u00e0 r\u00e9parer, garantissant une <strong>haute performance<\/strong> avec une production de <strong>12 \u00e0 15 sacs par minute<\/strong>.<\/p>\n<h3>Produits que vous pouvez fabriquer ou transformer :<\/h3>\n<ul>\n<li>Poudres (comme le lait en poudre, le caf\u00e9, les suppl\u00e9ments)<\/li>\n<li>Granul\u00e9s (tels que sucre, sel, c\u00e9r\u00e9ales)<\/li>\n<\/ul>\n<h3>Industries o\u00f9 il peut \u00eatre mis en \u0153uvre :<\/h3>\n<ul>\n<li>Nourriture<\/li>\n<li>Pharmaceutique<\/li>\n<li>Produits de beaut\u00e9<\/li>\n<li>Suppl\u00e9ments et vitamines<\/li>\n<\/ul>\n<h3>Sp\u00e9cifications techniques :<\/h3>\n<table>\n<thead>\n<tr>\n<th><strong>Sp\u00e9cification<\/strong><\/th>\n<th><strong>D\u00e9tail<\/strong><\/th>\n<\/tr>\n<\/thead>\n<tbody>\n<tr>\n<td><strong>Mod\u00e8le<\/strong><\/td>\n<td>ARLL1-500<\/td>\n<\/tr>\n<tr>\n<td><strong>Dimensions des machines<\/strong><\/td>\n<td>168 centim\u00e8tres (hauteur) x 72 centim\u00e8tres (largeur) x 56 centim\u00e8tres (profondeur)<\/td>\n<\/tr>\n<tr>\n<td><strong>Tension<\/strong><\/td>\n<td>110\/220 V\/380 V, 50 Hz\/60 Hz<\/td>\n<\/tr>\n<tr>\n<td><strong>Capacit\u00e9 de production<\/strong><\/td>\n<td>12 \u2013 15 sacs par minute<\/td>\n<\/tr>\n<tr>\n<td><strong>Capacit\u00e9 de stockage<\/strong><\/td>\n<td>50 kilogrammes<\/td>\n<\/tr>\n<tr>\n<td><strong>Taille du sachet en aluminium<\/strong><\/td>\n<td>Maximum : 45 \u2013 60 centim\u00e8tres<\/td>\n<\/tr>\n<tr>\n<td><strong>Taille du sac form\u00e9<\/strong><\/td>\n<td>Maximum : 21 \u2013 28 centim\u00e8tres<\/td>\n<\/tr>\n<tr>\n<td><strong>Pouvoir<\/strong><\/td>\n<td>990 watts<\/td>\n<\/tr>\n<tr>\n<td><strong>Poids de la machine<\/strong><\/td>\n<td>90 kilogrammes<\/td>\n<\/tr>\n<tr>\n<td><strong>Taille de la tr\u00e9mie<\/strong><\/td>\n<td>29 x 29 x 44 centim\u00e8tres<\/td>\n<\/tr>\n<tr>\n<td><strong>Mat\u00e9riaux de construction<\/strong><\/td>\n<td>Acier inoxydable 304\/316<\/td>\n<\/tr>\n<\/tbody>\n<\/table>\n<p>Pour plus d&#039;informations sur la distribution et le support technique, veuillez visiter :<br \/>\n<a href=\"https:\/\/distribucionarc.com\/fr\/service-technique\/\" target=\"_new\" rel=\"noopener\"><strong>Service technique \u2013 Distribution d&#039;arc<\/strong><\/a><\/p>\n<p>&nbsp;<\/p>\n<div style=\"width: 478px;\" class=\"wp-video\"><video class=\"wp-video-shortcode\" id=\"video-7955-1\" width=\"478\" height=\"850\" preload=\"metadata\" controls=\"controls\"><source type=\"video\/mp4\" src=\"https:\/\/distribucionarc.com\/wp-content\/uploads\/2024\/09\/maquina-de-llenado-y-sellador-ARC-.mp4?_=1\" \/><a href=\"https:\/\/distribucionarc.com\/wp-content\/uploads\/2024\/09\/maquina-de-llenado-y-sellador-ARC-.mp4\">https:\/\/distribucionarc.com\/wp-content\/uploads\/2024\/09\/maquina-de-llenado-y-sellador-ARC-.mp4<\/a><\/video><\/div>\n<hr \/>\n<p>Ce mod\u00e8le de machine se distingue par sa flexibilit\u00e9 et sa capacit\u00e9 de personnalisation, ce qui en fait une excellente option pour les entreprises qui cherchent \u00e0 automatiser leur processus d&#039;emballage avec pr\u00e9cision et efficacit\u00e9.<\/p>","protected":false},"excerpt":{"rendered":"<p>Le <strong>Machine de formage et de remplissage de sachets ARLL1-500<\/strong> Il est id\u00e9al pour le conditionnement de produits en poudre ou en granul\u00e9s, avec une capacit\u00e9 de remplissage de <strong>200g \u00e0 1000g<\/strong>. Offre une grande personnalisation de la taille des sacs, comprend en option <strong>imprimante de lots et de dates<\/strong> et est fabriqu\u00e9 en <strong>Acier inoxydable 304\/316<\/strong>, adapt\u00e9 aux industries telles que l&#039;industrie pharmaceutique.<\/p>","protected":false},"featured_media":7956,"comment_status":"open","ping_status":"closed","template":"","meta":{"wds_primary_product_brand":0,"wds_primary_product_cat":0},"product_brand":[],"product_cat":[22,15,21],"product_tag":[],"class_list":{"0":"post-7955","1":"product","2":"type-product","3":"status-publish","4":"has-post-thumbnail","6":"product_cat-llenadora-de-bolsas-granos-y-polvo","7":"product_cat-llenadoras-y-selladoras-automaticas-flow-pack-sachet","8":"product_cat-maquinas-llenadoras","9":"product_shipping_class-express","11":"first","12":"instock","13":"taxable","14":"shipping-taxable","15":"purchasable","16":"product-type-simple"},"yoast_head":"<!-- This site is optimized with the Yoast SEO Premium plugin v24.9 (Yoast SEO v26.1) - https:\/\/yoast.com\/wordpress\/plugins\/seo\/ -->\n<title>M\u00e1quina Formadora y Llenadora de Bolsas Sachet ARLL1-500 | Personalizable para Polvos y Granulados - distribuci\u00f3n ARC<\/title>\n<meta name=\"robots\" content=\"index, follow, max-snippet:-1, max-image-preview:large, max-video-preview:-1\" \/>\n<link rel=\"canonical\" href=\"https:\/\/www.distribucionarc.com\/nl\/producto\/maquina-formadora-y-llenadora-de-bolsas-sachet-arll1-500-personalizable-para-polvos-y-granulados\/\" \/>\n<meta property=\"og:locale\" content=\"fr_FR\" \/>\n<meta property=\"og:type\" content=\"article\" \/>\n<meta property=\"og:title\" content=\"M\u00e1quina Formadora y Llenadora de Bolsas Sachet ARLL1-500 | Personalizable para Polvos y Granulados\" \/>\n<meta property=\"og:description\" content=\"La M\u00e1quina Formadora y Llenadora de Bolsas Sachet ARLL1-500 es ideal para envasar productos en polvo o granulados, con capacidad de llenado de 200 g a 1000 g. Ofrece alta personalizaci\u00f3n en el tama\u00f1o de las bolsas, incluye opcionalmente impresora de lote y fecha y est\u00e1 fabricada en acero inoxidable 304\/316, apta para industrias como la farmac\u00e9utica.\" \/>\n<meta property=\"og:url\" content=\"https:\/\/www.distribucionarc.com\/nl\/producto\/maquina-formadora-y-llenadora-de-bolsas-sachet-arll1-500-personalizable-para-polvos-y-granulados\/\" \/>\n<meta property=\"og:site_name\" content=\"distribuci\u00f3n ARC\" \/>\n<meta property=\"article:modified_time\" content=\"2024-09-16T18:55:27+00:00\" \/>\n<meta property=\"og:image\" content=\"https:\/\/www.distribucionarc.com\/wp-content\/uploads\/2024\/09\/Maquina-Formadora-y-Llenadora-de-Bolsas-Sachet.png\" \/>\n\t<meta property=\"og:image:width\" content=\"491\" \/>\n\t<meta property=\"og:image:height\" content=\"593\" \/>\n\t<meta property=\"og:image:type\" content=\"image\/png\" \/>\n<meta name=\"twitter:card\" content=\"summary_large_image\" \/>\n<meta name=\"twitter:label1\" content=\"Dur\u00e9e de lecture estim\u00e9e\" \/>\n\t<meta name=\"twitter:data1\" content=\"2 minutes\" \/>\n<script type=\"application\/ld+json\" class=\"yoast-schema-graph\">{\"@context\":\"https:\/\/schema.org\",\"@graph\":[{\"@type\":\"WebPage\",\"@id\":\"https:\/\/www.distribucionarc.com\/nl\/producto\/maquina-formadora-y-llenadora-de-bolsas-sachet-arll1-500-personalizable-para-polvos-y-granulados\/\",\"url\":\"https:\/\/www.distribucionarc.com\/nl\/producto\/maquina-formadora-y-llenadora-de-bolsas-sachet-arll1-500-personalizable-para-polvos-y-granulados\/\",\"name\":\"M\u00e1quina Formadora y Llenadora de Bolsas Sachet ARLL1-500 | Personalizable para Polvos y Granulados - distribuci\u00f3n ARC\",\"isPartOf\":{\"@id\":\"https:\/\/www.distribucionarc.com\/sl\/#website\"},\"primaryImageOfPage\":{\"@id\":\"https:\/\/www.distribucionarc.com\/nl\/producto\/maquina-formadora-y-llenadora-de-bolsas-sachet-arll1-500-personalizable-para-polvos-y-granulados\/#primaryimage\"},\"image\":{\"@id\":\"https:\/\/www.distribucionarc.com\/nl\/producto\/maquina-formadora-y-llenadora-de-bolsas-sachet-arll1-500-personalizable-para-polvos-y-granulados\/#primaryimage\"},\"thumbnailUrl\":\"https:\/\/distribucionarc.com\/wp-content\/uploads\/2024\/09\/Maquina-Formadora-y-Llenadora-de-Bolsas-Sachet.png\",\"datePublished\":\"2024-09-16T18:52:07+00:00\",\"dateModified\":\"2024-09-16T18:55:27+00:00\",\"breadcrumb\":{\"@id\":\"https:\/\/www.distribucionarc.com\/nl\/producto\/maquina-formadora-y-llenadora-de-bolsas-sachet-arll1-500-personalizable-para-polvos-y-granulados\/#breadcrumb\"},\"inLanguage\":\"fr-FR\",\"potentialAction\":[{\"@type\":\"ReadAction\",\"target\":[\"https:\/\/www.distribucionarc.com\/nl\/producto\/maquina-formadora-y-llenadora-de-bolsas-sachet-arll1-500-personalizable-para-polvos-y-granulados\/\"]}]},{\"@type\":\"ImageObject\",\"inLanguage\":\"fr-FR\",\"@id\":\"https:\/\/www.distribucionarc.com\/nl\/producto\/maquina-formadora-y-llenadora-de-bolsas-sachet-arll1-500-personalizable-para-polvos-y-granulados\/#primaryimage\",\"url\":\"https:\/\/distribucionarc.com\/wp-content\/uploads\/2024\/09\/Maquina-Formadora-y-Llenadora-de-Bolsas-Sachet.png\",\"contentUrl\":\"https:\/\/distribucionarc.com\/wp-content\/uploads\/2024\/09\/Maquina-Formadora-y-Llenadora-de-Bolsas-Sachet.png\",\"width\":491,\"height\":593,\"caption\":\"M\u00e1quina Formadora y Llenadora de Bolsas Sachet\"},{\"@type\":\"BreadcrumbList\",\"@id\":\"https:\/\/www.distribucionarc.com\/nl\/producto\/maquina-formadora-y-llenadora-de-bolsas-sachet-arll1-500-personalizable-para-polvos-y-granulados\/#breadcrumb\",\"itemListElement\":[{\"@type\":\"ListItem\",\"position\":1,\"name\":\"Portada\",\"item\":\"https:\/\/www.distribucionarc.com\/\"},{\"@type\":\"ListItem\",\"position\":2,\"name\":\"\u00dcr\u00fcnler\",\"item\":\"https:\/\/www.distribucionarc.com\/tr\/magaza\/\"},{\"@type\":\"ListItem\",\"position\":3,\"name\":\"M\u00e1quina Formadora y Llenadora de Bolsas Sachet ARLL1-500 | Personalizable para Polvos y Granulados\"}]},{\"@type\":\"WebSite\",\"@id\":\"https:\/\/www.distribucionarc.com\/sl\/#website\",\"url\":\"https:\/\/www.distribucionarc.com\/sl\/\",\"name\":\"distribuci\u00f3n ARC\",\"description\":\"Empresa especializada en la fabricaci\u00f3n y distribuci\u00f3n de maquinaria industrial, selladoras de latas, Maquinas de hacer pastillas, Maquinas de cortar carne...\",\"publisher\":{\"@id\":\"https:\/\/www.distribucionarc.com\/sl\/#organization\"},\"potentialAction\":[{\"@type\":\"SearchAction\",\"target\":{\"@type\":\"EntryPoint\",\"urlTemplate\":\"https:\/\/www.distribucionarc.com\/sl\/?s={search_term_string}\"},\"query-input\":{\"@type\":\"PropertyValueSpecification\",\"valueRequired\":true,\"valueName\":\"search_term_string\"}}],\"inLanguage\":\"fr-FR\"},{\"@type\":\"Organization\",\"@id\":\"https:\/\/www.distribucionarc.com\/sl\/#organization\",\"name\":\"Distribuci\u00f3n ARC\",\"url\":\"https:\/\/www.distribucionarc.com\/sl\/\",\"logo\":{\"@type\":\"ImageObject\",\"inLanguage\":\"fr-FR\",\"@id\":\"https:\/\/www.distribucionarc.com\/sl\/#\/schema\/logo\/image\/\",\"url\":\"https:\/\/distribucionarc.com\/wp-content\/uploads\/2024\/10\/distribucion-ARC-COLOR-SIN-FONDO-e1732295305345.png\",\"contentUrl\":\"https:\/\/distribucionarc.com\/wp-content\/uploads\/2024\/10\/distribucion-ARC-COLOR-SIN-FONDO-e1732295305345.png\",\"width\":1164,\"height\":558,\"caption\":\"Distribuci\u00f3n ARC\"},\"image\":{\"@id\":\"https:\/\/www.distribucionarc.com\/sl\/#\/schema\/logo\/image\/\"},\"description\":\"Empresa especializada en la fabricaci\u00f3n y distribuci\u00f3n de maquinaria industrial para los sectores alimentario y farmac\u00e9utico. Nos especializamos en: M\u00e1quinas de cortar carne Fabricaci\u00f3n de comprimidos Sistemas de transporte industrial L\u00edneas de embotellado Dosificadores Y mucho m\u00e1s... Ofrecemos soluciones innovadoras y personalizadas para optimizar los procesos productivos de tu empresa.\",\"email\":\"Admistracion@distribucionarc.com\",\"telephone\":\"+34 643496664\",\"legalName\":\"ARC TECH SOLUTIONS\",\"foundingDate\":\"2024-04-09\",\"vatID\":\"B55480172\",\"numberOfEmployees\":{\"@type\":\"QuantitativeValue\",\"minValue\":\"1\",\"maxValue\":\"10\"}}]}<\/script>\n<!-- \/ Yoast SEO Premium plugin. -->","yoast_head_json":{"title":"Machine de formage et de remplissage de sachets ARLL1-500 | Personnalisable pour les poudres et les granul\u00e9s - Distribution ARC","robots":{"index":"index","follow":"follow","max-snippet":"max-snippet:-1","max-image-preview":"max-image-preview:large","max-video-preview":"max-video-preview:-1"},"canonical":"https:\/\/www.distribucionarc.com\/nl\/producto\/maquina-formadora-y-llenadora-de-bolsas-sachet-arll1-500-personalizable-para-polvos-y-granulados\/","og_locale":"fr_FR","og_type":"article","og_title":"M\u00e1quina Formadora y Llenadora de Bolsas Sachet ARLL1-500 | Personalizable para Polvos y Granulados","og_description":"La M\u00e1quina Formadora y Llenadora de Bolsas Sachet ARLL1-500 es ideal para envasar productos en polvo o granulados, con capacidad de llenado de 200 g a 1000 g. Ofrece alta personalizaci\u00f3n en el tama\u00f1o de las bolsas, incluye opcionalmente impresora de lote y fecha y est\u00e1 fabricada en acero inoxidable 304\/316, apta para industrias como la farmac\u00e9utica.","og_url":"https:\/\/www.distribucionarc.com\/nl\/producto\/maquina-formadora-y-llenadora-de-bolsas-sachet-arll1-500-personalizable-para-polvos-y-granulados\/","og_site_name":"distribuci\u00f3n ARC","article_modified_time":"2024-09-16T18:55:27+00:00","og_image":[{"width":491,"height":593,"url":"https:\/\/www.distribucionarc.com\/wp-content\/uploads\/2024\/09\/Maquina-Formadora-y-Llenadora-de-Bolsas-Sachet.png","type":"image\/png"}],"twitter_card":"summary_large_image","twitter_misc":{"Dur\u00e9e de lecture estim\u00e9e":"2 minutes"},"schema":{"@context":"https:\/\/schema.org","@graph":[{"@type":"WebPage","@id":"https:\/\/www.distribucionarc.com\/nl\/producto\/maquina-formadora-y-llenadora-de-bolsas-sachet-arll1-500-personalizable-para-polvos-y-granulados\/","url":"https:\/\/www.distribucionarc.com\/nl\/producto\/maquina-formadora-y-llenadora-de-bolsas-sachet-arll1-500-personalizable-para-polvos-y-granulados\/","name":"Machine de formage et de remplissage de sachets ARLL1-500 | Personnalisable pour les poudres et les granul\u00e9s - Distribution ARC","isPartOf":{"@id":"https:\/\/www.distribucionarc.com\/sl\/#website"},"primaryImageOfPage":{"@id":"https:\/\/www.distribucionarc.com\/nl\/producto\/maquina-formadora-y-llenadora-de-bolsas-sachet-arll1-500-personalizable-para-polvos-y-granulados\/#primaryimage"},"image":{"@id":"https:\/\/www.distribucionarc.com\/nl\/producto\/maquina-formadora-y-llenadora-de-bolsas-sachet-arll1-500-personalizable-para-polvos-y-granulados\/#primaryimage"},"thumbnailUrl":"https:\/\/distribucionarc.com\/wp-content\/uploads\/2024\/09\/Maquina-Formadora-y-Llenadora-de-Bolsas-Sachet.png","datePublished":"2024-09-16T18:52:07+00:00","dateModified":"2024-09-16T18:55:27+00:00","breadcrumb":{"@id":"https:\/\/www.distribucionarc.com\/nl\/producto\/maquina-formadora-y-llenadora-de-bolsas-sachet-arll1-500-personalizable-para-polvos-y-granulados\/#breadcrumb"},"inLanguage":"fr-FR","potentialAction":[{"@type":"ReadAction","target":["https:\/\/www.distribucionarc.com\/nl\/producto\/maquina-formadora-y-llenadora-de-bolsas-sachet-arll1-500-personalizable-para-polvos-y-granulados\/"]}]},{"@type":"ImageObject","inLanguage":"fr-FR","@id":"https:\/\/www.distribucionarc.com\/nl\/producto\/maquina-formadora-y-llenadora-de-bolsas-sachet-arll1-500-personalizable-para-polvos-y-granulados\/#primaryimage","url":"https:\/\/distribucionarc.com\/wp-content\/uploads\/2024\/09\/Maquina-Formadora-y-Llenadora-de-Bolsas-Sachet.png","contentUrl":"https:\/\/distribucionarc.com\/wp-content\/uploads\/2024\/09\/Maquina-Formadora-y-Llenadora-de-Bolsas-Sachet.png","width":491,"height":593,"caption":"M\u00e1quina Formadora y Llenadora de Bolsas Sachet"},{"@type":"BreadcrumbList","@id":"https:\/\/www.distribucionarc.com\/nl\/producto\/maquina-formadora-y-llenadora-de-bolsas-sachet-arll1-500-personalizable-para-polvos-y-granulados\/#breadcrumb","itemListElement":[{"@type":"ListItem","position":1,"name":"Portada","item":"https:\/\/www.distribucionarc.com\/"},{"@type":"ListItem","position":2,"name":"\u00dcr\u00fcnler","item":"https:\/\/www.distribucionarc.com\/tr\/magaza\/"},{"@type":"ListItem","position":3,"name":"M\u00e1quina Formadora y Llenadora de Bolsas Sachet ARLL1-500 | Personalizable para Polvos y Granulados"}]},{"@type":"WebSite","@id":"https:\/\/www.distribucionarc.com\/sl\/#website","url":"https:\/\/www.distribucionarc.com\/sl\/","name":"R\u00e9partition de l&#039;ARC","description":"Entreprise sp\u00e9cialis\u00e9e dans la fabrication et la distribution de machines industrielles, scelleuses de bo\u00eetes, machines \u00e0 comprim\u00e9s, machines \u00e0 d\u00e9couper la viande...","publisher":{"@id":"https:\/\/www.distribucionarc.com\/sl\/#organization"},"potentialAction":[{"@type":"SearchAction","target":{"@type":"EntryPoint","urlTemplate":"https:\/\/www.distribucionarc.com\/sl\/?s={search_term_string}"},"query-input":{"@type":"PropertyValueSpecification","valueRequired":true,"valueName":"search_term_string"}}],"inLanguage":"fr-FR"},{"@type":"Organization","@id":"https:\/\/www.distribucionarc.com\/sl\/#organization","name":"Distribution ARC","url":"https:\/\/www.distribucionarc.com\/sl\/","logo":{"@type":"ImageObject","inLanguage":"fr-FR","@id":"https:\/\/www.distribucionarc.com\/sl\/#\/schema\/logo\/image\/","url":"https:\/\/distribucionarc.com\/wp-content\/uploads\/2024\/10\/distribucion-ARC-COLOR-SIN-FONDO-e1732295305345.png","contentUrl":"https:\/\/distribucionarc.com\/wp-content\/uploads\/2024\/10\/distribucion-ARC-COLOR-SIN-FONDO-e1732295305345.png","width":1164,"height":558,"caption":"Distribuci\u00f3n ARC"},"image":{"@id":"https:\/\/www.distribucionarc.com\/sl\/#\/schema\/logo\/image\/"},"description":"Entreprise sp\u00e9cialis\u00e9e dans la fabrication et la distribution de machines industrielles pour les secteurs alimentaire et pharmaceutique. Nous sommes sp\u00e9cialis\u00e9s dans : Machines \u00e0 couper la viande Fabrication de comprim\u00e9s Syst\u00e8mes de transport industriel Lignes d'embouteillage Machines de dosage Et bien plus encore... Nous proposons des solutions innovantes et personnalis\u00e9es pour optimiser les processus de production de votre entreprise.","email":"Admistracion@distribucionarc.com","telephone":"+34 643496664","legalName":"ARC TECH SOLUTIONS","foundingDate":"2024-04-09","vatID":"B55480172","numberOfEmployees":{"@type":"QuantitativeValue","minValue":"1","maxValue":"10"}}]}},"_links":{"self":[{"href":"https:\/\/distribucionarc.com\/fr\/wp-json\/wp\/v2\/product\/7955","targetHints":{"allow":["GET"]}}],"collection":[{"href":"https:\/\/distribucionarc.com\/fr\/wp-json\/wp\/v2\/product"}],"about":[{"href":"https:\/\/distribucionarc.com\/fr\/wp-json\/wp\/v2\/types\/product"}],"replies":[{"embeddable":true,"href":"https:\/\/distribucionarc.com\/fr\/wp-json\/wp\/v2\/comments?post=7955"}],"version-history":[{"count":0,"href":"https:\/\/distribucionarc.com\/fr\/wp-json\/wp\/v2\/product\/7955\/revisions"}],"wp:featuredmedia":[{"embeddable":true,"href":"https:\/\/distribucionarc.com\/fr\/wp-json\/wp\/v2\/media\/7956"}],"wp:attachment":[{"href":"https:\/\/distribucionarc.com\/fr\/wp-json\/wp\/v2\/media?parent=7955"}],"wp:term":[{"taxonomy":"product_brand","embeddable":true,"href":"https:\/\/distribucionarc.com\/fr\/wp-json\/wp\/v2\/product_brand?post=7955"},{"taxonomy":"product_cat","embeddable":true,"href":"https:\/\/distribucionarc.com\/fr\/wp-json\/wp\/v2\/product_cat?post=7955"},{"taxonomy":"product_tag","embeddable":true,"href":"https:\/\/distribucionarc.com\/fr\/wp-json\/wp\/v2\/product_tag?post=7955"}],"curies":[{"name":"wp","href":"https:\/\/api.w.org\/{rel}","templated":true}]}}