{"id":8202,"date":"2024-10-28T13:48:47","date_gmt":"2024-10-28T13:48:47","guid":{"rendered":"https:\/\/distribucionarc.com\/?post_type=product&#038;p=8202"},"modified":"2024-10-28T22:48:35","modified_gmt":"2024-10-28T22:48:35","slug":"scelleuse-de-boites-automatique-lineaire-anr09","status":"publish","type":"product","link":"https:\/\/distribucionarc.com\/fr\/producto\/selladora-de-latas-automatica-lineal-anr09\/","title":{"rendered":"Scelleuse de canettes automatique lin\u00e9aire ANR09"},"content":{"rendered":"<p>Le <strong>Machine \u00e0 sceller les bo\u00eetes lin\u00e9aires mod\u00e8le ANR09<\/strong> est un \u00e9quipement industriel avanc\u00e9 con\u00e7u pour le scellage herm\u00e9tique et automatique des canettes, principalement utilis\u00e9 dans des secteurs tels que l&#039;alimentation, les boissons et les produits chimiques. Son principal avantage est sa capacit\u00e9 \u00e0 s&#039;adapter \u00e0 diff\u00e9rentes tailles de canettes et son syst\u00e8me de scellage pr\u00e9cis, ce qui en fait un outil cl\u00e9 dans la production de masse de produits en conserve.<\/p>\n<p>La fonction principale de <strong>l&#039;appareil ANR09<\/strong> consiste \u00e0 fermer les bo\u00eetes herm\u00e9tiquement, en prot\u00e9geant le contenu contre tout contact avec l&#039;air et d&#039;autres contaminants externes. Le moule appropri\u00e9 est install\u00e9 en fonction de la taille des canettes. Les canettes sont plac\u00e9es sur un tapis de 3 m\u00e8tres qui les transporte jusqu&#039;\u00e0 la zone de scellage. Avec un capteur qui aligne les bo\u00eetes avant de les sceller, arr\u00eatant la machine si elle d\u00e9tecte des d\u00e9salignements. La plate-forme rotative applique une pression uniforme sur chaque bo\u00eete gr\u00e2ce \u00e0 un syst\u00e8me \u00e0 4 roulements, obtenant ainsi une fermeture herm\u00e9tique. Les canettes scell\u00e9es sortent pr\u00eates \u00e0 \u00eatre emball\u00e9es ou transport\u00e9es.<\/p>\n<p><strong>La scelleuse de canettes ANR09<\/strong> Il s\u2019agit d\u2019un \u00e9quipement essentiel dans l\u2019industrie moderne, permettant de sceller les canettes de mani\u00e8re rapide, efficace et s\u00fbre dans diverses applications. Gr\u00e2ce \u00e0 sa combinaison de technologies avanc\u00e9es et de composants de haute qualit\u00e9, cette machine offre une solution compl\u00e8te pour la mise en conserve, tout en maintenant la qualit\u00e9 et la s\u00e9curit\u00e9 des produits.<\/p>\n<p>&nbsp;<\/p>\n<p><a href=\"https:\/\/distribucionarc.com\/wp-content\/uploads\/2024\/10\/Vista-Frontal-de-la-Maquina-Selladora-ANR09.png\">\u00a0<img loading=\"lazy\" decoding=\"async\" class=\"alignnone size-medium wp-image-8203\" src=\"https:\/\/distribucionarc.com\/wp-content\/uploads\/2024\/10\/Vista-Frontal-de-la-Maquina-Selladora-ANR09-300x236.png\" alt=\"\" width=\"300\" height=\"236\" srcset=\"https:\/\/distribucionarc.com\/wp-content\/uploads\/2024\/10\/Vista-Frontal-de-la-Maquina-Selladora-ANR09-300x236.png 300w, https:\/\/distribucionarc.com\/wp-content\/uploads\/2024\/10\/Vista-Frontal-de-la-Maquina-Selladora-ANR09-430x339.png 430w, https:\/\/distribucionarc.com\/wp-content\/uploads\/2024\/10\/Vista-Frontal-de-la-Maquina-Selladora-ANR09-150x118.png 150w, https:\/\/distribucionarc.com\/wp-content\/uploads\/2024\/10\/Vista-Frontal-de-la-Maquina-Selladora-ANR09-600x473.png 600w, https:\/\/distribucionarc.com\/wp-content\/uploads\/2024\/10\/Vista-Frontal-de-la-Maquina-Selladora-ANR09-15x12.png 15w, https:\/\/distribucionarc.com\/wp-content\/uploads\/2024\/10\/Vista-Frontal-de-la-Maquina-Selladora-ANR09.png 618w\" sizes=\"auto, (max-width: 300px) 100vw, 300px\" \/><\/a><\/p>\n<p>&nbsp;<\/p>\n<table>\n<thead>\n<tr>\n<th><strong>Sp\u00e9cification<\/strong><\/th>\n<th><strong>D\u00e9tails<\/strong><\/th>\n<\/tr>\n<\/thead>\n<tbody>\n<tr>\n<td><strong>Mod\u00e8le<\/strong><\/td>\n<td>ANR09<\/td>\n<\/tr>\n<tr>\n<td><strong>UGS<\/strong><\/td>\n<td>AR00106<\/td>\n<\/tr>\n<tr>\n<td><strong>Taille de la machine<\/strong><\/td>\n<td>3000 mm (longueur) x 900 mm (largeur) x 1570 mm (hauteur)<\/td>\n<\/tr>\n<tr>\n<td><strong>Tapis roulant<\/strong><\/td>\n<td>3 m\u00e8tres de longueur<\/td>\n<\/tr>\n<tr>\n<td><strong>Tension<\/strong><\/td>\n<td>220 V\/50 Hz<\/td>\n<\/tr>\n<tr>\n<td><strong>Vitesse de scellage<\/strong><\/td>\n<td>25-30 canettes par minute<\/td>\n<\/tr>\n<tr>\n<td><strong>Roulements d&#039;\u00e9tanch\u00e9it\u00e9<\/strong><\/td>\n<td>4<\/td>\n<\/tr>\n<tr>\n<td><strong>Diam\u00e8tre de bo\u00eete Applicable<\/strong><\/td>\n<td>50-130mm (r\u00e9glable selon le moule)<\/td>\n<\/tr>\n<tr>\n<td><strong>Pouvoir<\/strong><\/td>\n<td>1,7 kW<\/td>\n<\/tr>\n<tr>\n<td><strong>Poids<\/strong><\/td>\n<td>500 kg<\/td>\n<\/tr>\n<tr>\n<td><strong>Hauteur de soudure<\/strong><\/td>\n<td>30-200 mm (n\u00e9cessite une modification pour des hauteurs plus \u00e9lev\u00e9es)<\/td>\n<\/tr>\n<tr>\n<td><strong>Nombre de t\u00eates de scellage<\/strong><\/td>\n<td>1 t\u00eate<\/td>\n<\/tr>\n<\/tbody>\n<\/table>\n<p><a href=\"https:\/\/distribucionarc.com\/wp-content\/uploads\/2024\/10\/Eficiencia-Industrial-en-el-Sellado-de-Latas.png\"><img loading=\"lazy\" decoding=\"async\" class=\"alignnone size-medium wp-image-8204\" src=\"https:\/\/distribucionarc.com\/wp-content\/uploads\/2024\/10\/Eficiencia-Industrial-en-el-Sellado-de-Latas-218x300.png\" alt=\"\" width=\"218\" height=\"300\" srcset=\"https:\/\/distribucionarc.com\/wp-content\/uploads\/2024\/10\/Eficiencia-Industrial-en-el-Sellado-de-Latas-218x300.png 218w, https:\/\/distribucionarc.com\/wp-content\/uploads\/2024\/10\/Eficiencia-Industrial-en-el-Sellado-de-Latas-430x591.png 430w, https:\/\/distribucionarc.com\/wp-content\/uploads\/2024\/10\/Eficiencia-Industrial-en-el-Sellado-de-Latas-150x206.png 150w, https:\/\/distribucionarc.com\/wp-content\/uploads\/2024\/10\/Eficiencia-Industrial-en-el-Sellado-de-Latas-700x961.png 700w, https:\/\/distribucionarc.com\/wp-content\/uploads\/2024\/10\/Eficiencia-Industrial-en-el-Sellado-de-Latas-746x1024.png 746w, https:\/\/distribucionarc.com\/wp-content\/uploads\/2024\/10\/Eficiencia-Industrial-en-el-Sellado-de-Latas-768x1055.png 768w, https:\/\/distribucionarc.com\/wp-content\/uploads\/2024\/10\/Eficiencia-Industrial-en-el-Sellado-de-Latas-9x12.png 9w, https:\/\/distribucionarc.com\/wp-content\/uploads\/2024\/10\/Eficiencia-Industrial-en-el-Sellado-de-Latas.png 790w\" sizes=\"auto, (max-width: 218px) 100vw, 218px\" \/><\/a> <a href=\"https:\/\/distribucionarc.com\/wp-content\/uploads\/2024\/10\/Sistema-Automatico-de-Sellado-Hermetico.png\"><img loading=\"lazy\" decoding=\"async\" class=\"alignnone size-medium wp-image-8205\" src=\"https:\/\/distribucionarc.com\/wp-content\/uploads\/2024\/10\/Sistema-Automatico-de-Sellado-Hermetico-300x224.png\" alt=\"\" width=\"300\" height=\"224\" srcset=\"https:\/\/distribucionarc.com\/wp-content\/uploads\/2024\/10\/Sistema-Automatico-de-Sellado-Hermetico-300x224.png 300w, https:\/\/distribucionarc.com\/wp-content\/uploads\/2024\/10\/Sistema-Automatico-de-Sellado-Hermetico-430x321.png 430w, https:\/\/distribucionarc.com\/wp-content\/uploads\/2024\/10\/Sistema-Automatico-de-Sellado-Hermetico-150x112.png 150w, https:\/\/distribucionarc.com\/wp-content\/uploads\/2024\/10\/Sistema-Automatico-de-Sellado-Hermetico-700x523.png 700w, https:\/\/distribucionarc.com\/wp-content\/uploads\/2024\/10\/Sistema-Automatico-de-Sellado-Hermetico-768x574.png 768w, https:\/\/distribucionarc.com\/wp-content\/uploads\/2024\/10\/Sistema-Automatico-de-Sellado-Hermetico-16x12.png 16w, https:\/\/distribucionarc.com\/wp-content\/uploads\/2024\/10\/Sistema-Automatico-de-Sellado-Hermetico.png 791w\" sizes=\"auto, (max-width: 300px) 100vw, 300px\" \/><\/a> <a href=\"https:\/\/distribucionarc.com\/wp-content\/uploads\/2024\/10\/Sistema-de-Sellado-Automatico-con-Plataforma-Giratoria-de-Alta-Precision.png\"><img loading=\"lazy\" decoding=\"async\" class=\"alignnone size-medium wp-image-8206\" src=\"https:\/\/distribucionarc.com\/wp-content\/uploads\/2024\/10\/Sistema-de-Sellado-Automatico-con-Plataforma-Giratoria-de-Alta-Precision-300x202.png\" alt=\"\" width=\"300\" height=\"202\" srcset=\"https:\/\/distribucionarc.com\/wp-content\/uploads\/2024\/10\/Sistema-de-Sellado-Automatico-con-Plataforma-Giratoria-de-Alta-Precision-300x202.png 300w, https:\/\/distribucionarc.com\/wp-content\/uploads\/2024\/10\/Sistema-de-Sellado-Automatico-con-Plataforma-Giratoria-de-Alta-Precision-430x290.png 430w, https:\/\/distribucionarc.com\/wp-content\/uploads\/2024\/10\/Sistema-de-Sellado-Automatico-con-Plataforma-Giratoria-de-Alta-Precision-150x101.png 150w, https:\/\/distribucionarc.com\/wp-content\/uploads\/2024\/10\/Sistema-de-Sellado-Automatico-con-Plataforma-Giratoria-de-Alta-Precision-700x472.png 700w, https:\/\/distribucionarc.com\/wp-content\/uploads\/2024\/10\/Sistema-de-Sellado-Automatico-con-Plataforma-Giratoria-de-Alta-Precision-768x518.png 768w, https:\/\/distribucionarc.com\/wp-content\/uploads\/2024\/10\/Sistema-de-Sellado-Automatico-con-Plataforma-Giratoria-de-Alta-Precision-18x12.png 18w, https:\/\/distribucionarc.com\/wp-content\/uploads\/2024\/10\/Sistema-de-Sellado-Automatico-con-Plataforma-Giratoria-de-Alta-Precision.png 792w\" sizes=\"auto, (max-width: 300px) 100vw, 300px\" \/><\/a> <a href=\"https:\/\/distribucionarc.com\/wp-content\/uploads\/2024\/10\/Estructura-en-Acero-Inoxidable-304-y-420-para-Durabilidad.png\"><img loading=\"lazy\" decoding=\"async\" class=\"alignnone size-medium wp-image-8207\" src=\"https:\/\/distribucionarc.com\/wp-content\/uploads\/2024\/10\/Estructura-en-Acero-Inoxidable-304-y-420-para-Durabilidad-300x214.png\" alt=\"\" width=\"300\" height=\"214\" srcset=\"https:\/\/distribucionarc.com\/wp-content\/uploads\/2024\/10\/Estructura-en-Acero-Inoxidable-304-y-420-para-Durabilidad-300x214.png 300w, https:\/\/distribucionarc.com\/wp-content\/uploads\/2024\/10\/Estructura-en-Acero-Inoxidable-304-y-420-para-Durabilidad-430x307.png 430w, https:\/\/distribucionarc.com\/wp-content\/uploads\/2024\/10\/Estructura-en-Acero-Inoxidable-304-y-420-para-Durabilidad-150x107.png 150w, https:\/\/distribucionarc.com\/wp-content\/uploads\/2024\/10\/Estructura-en-Acero-Inoxidable-304-y-420-para-Durabilidad-600x429.png 600w, https:\/\/distribucionarc.com\/wp-content\/uploads\/2024\/10\/Estructura-en-Acero-Inoxidable-304-y-420-para-Durabilidad-18x12.png 18w, https:\/\/distribucionarc.com\/wp-content\/uploads\/2024\/10\/Estructura-en-Acero-Inoxidable-304-y-420-para-Durabilidad.png 648w\" sizes=\"auto, (max-width: 300px) 100vw, 300px\" \/><\/a><\/p>\n<p>&nbsp;<\/p>","protected":false},"excerpt":{"rendered":"<p>Le <strong>scelleuse de canettes mod\u00e8le ANR09<\/strong> est une machine industrielle con\u00e7ue pour sceller automatiquement et herm\u00e9tiquement les bo\u00eetes de conserve. Sa fonction principale est d&#039;assurer la fermeture pr\u00e9cise et s\u00fbre de chaque bo\u00eete, en maintenant la fra\u00eecheur et la qualit\u00e9 du contenu.<\/p>","protected":false},"featured_media":8203,"comment_status":"open","ping_status":"closed","template":"","meta":{"wds_primary_product_brand":0,"wds_primary_product_cat":0},"product_brand":[],"product_cat":[15,62],"product_tag":[],"class_list":{"0":"post-8202","1":"product","2":"type-product","3":"status-publish","4":"has-post-thumbnail","6":"product_cat-llenadoras-y-selladoras-automaticas-flow-pack-sachet","7":"product_cat-selladoras-de-latas","9":"first","10":"instock","11":"taxable","12":"shipping-taxable","13":"purchasable","14":"product-type-simple"},"yoast_head":"<!-- This site is optimized with the Yoast SEO Premium plugin v24.9 (Yoast SEO v26.1) - https:\/\/yoast.com\/wordpress\/plugins\/seo\/ -->\n<title>Selladora de latas autom\u00e1tica lineal ANR09 - distribuci\u00f3n ARC<\/title>\n<meta name=\"robots\" content=\"index, follow, max-snippet:-1, max-image-preview:large, max-video-preview:-1\" \/>\n<link rel=\"canonical\" href=\"https:\/\/distribucionarc.com\/fr\/produit\/scelleuse-de-boites-automatique-lineaire-anr09\/\" \/>\n<meta property=\"og:locale\" content=\"fr_FR\" \/>\n<meta property=\"og:type\" content=\"article\" \/>\n<meta property=\"og:title\" content=\"Selladora de latas autom\u00e1tica lineal ANR09\" \/>\n<meta property=\"og:description\" content=\"La selladora de latas modelo ANR09 es una m\u00e1quina industrial dise\u00f1ada para sellar latas de forma autom\u00e1tica y herm\u00e9tica. Su funci\u00f3n principal es asegurar el cierre preciso y seguro de cada lata, manteniendo la frescura y calidad del contenido.\" \/>\n<meta property=\"og:url\" content=\"https:\/\/distribucionarc.com\/fr\/produit\/scelleuse-de-boites-automatique-lineaire-anr09\/\" \/>\n<meta property=\"og:site_name\" content=\"distribuci\u00f3n ARC\" \/>\n<meta property=\"article:modified_time\" content=\"2024-10-28T22:48:35+00:00\" \/>\n<meta property=\"og:image\" content=\"https:\/\/distribucionarc.com\/wp-content\/uploads\/2024\/10\/Vista-Frontal-de-la-Maquina-Selladora-ANR09.png\" \/>\n\t<meta property=\"og:image:width\" content=\"618\" \/>\n\t<meta property=\"og:image:height\" content=\"487\" \/>\n\t<meta property=\"og:image:type\" content=\"image\/png\" \/>\n<meta name=\"twitter:card\" content=\"summary_large_image\" \/>\n<meta name=\"twitter:label1\" content=\"Dur\u00e9e de lecture estim\u00e9e\" \/>\n\t<meta name=\"twitter:data1\" content=\"3 minutes\" \/>\n<script type=\"application\/ld+json\" class=\"yoast-schema-graph\">{\"@context\":\"https:\/\/schema.org\",\"@graph\":[{\"@type\":\"WebPage\",\"@id\":\"https:\/\/distribucionarc.com\/it\/producto\/selladora-de-latas-automatica-lineal-anr09\/\",\"url\":\"https:\/\/distribucionarc.com\/it\/producto\/selladora-de-latas-automatica-lineal-anr09\/\",\"name\":\"Selladora de latas autom\u00e1tica lineal ANR09 - distribuci\u00f3n ARC\",\"isPartOf\":{\"@id\":\"https:\/\/www.distribucionarc.com\/#website\"},\"primaryImageOfPage\":{\"@id\":\"https:\/\/distribucionarc.com\/it\/producto\/selladora-de-latas-automatica-lineal-anr09\/#primaryimage\"},\"image\":{\"@id\":\"https:\/\/distribucionarc.com\/it\/producto\/selladora-de-latas-automatica-lineal-anr09\/#primaryimage\"},\"thumbnailUrl\":\"https:\/\/distribucionarc.com\/wp-content\/uploads\/2024\/10\/Vista-Frontal-de-la-Maquina-Selladora-ANR09.png\",\"datePublished\":\"2024-10-28T13:48:47+00:00\",\"dateModified\":\"2024-10-28T22:48:35+00:00\",\"breadcrumb\":{\"@id\":\"https:\/\/distribucionarc.com\/it\/producto\/selladora-de-latas-automatica-lineal-anr09\/#breadcrumb\"},\"inLanguage\":\"fr-FR\",\"potentialAction\":[{\"@type\":\"ReadAction\",\"target\":[\"https:\/\/distribucionarc.com\/it\/producto\/selladora-de-latas-automatica-lineal-anr09\/\"]}]},{\"@type\":\"ImageObject\",\"inLanguage\":\"fr-FR\",\"@id\":\"https:\/\/distribucionarc.com\/it\/producto\/selladora-de-latas-automatica-lineal-anr09\/#primaryimage\",\"url\":\"https:\/\/distribucionarc.com\/wp-content\/uploads\/2024\/10\/Vista-Frontal-de-la-Maquina-Selladora-ANR09.png\",\"contentUrl\":\"https:\/\/distribucionarc.com\/wp-content\/uploads\/2024\/10\/Vista-Frontal-de-la-Maquina-Selladora-ANR09.png\",\"width\":618,\"height\":487},{\"@type\":\"BreadcrumbList\",\"@id\":\"https:\/\/distribucionarc.com\/it\/producto\/selladora-de-latas-automatica-lineal-anr09\/#breadcrumb\",\"itemListElement\":[{\"@type\":\"ListItem\",\"position\":1,\"name\":\"Portada\",\"item\":\"https:\/\/distribucionarc.com\/pl\/\"},{\"@type\":\"ListItem\",\"position\":2,\"name\":\"\u0627\u0644\u0645\u0646\u062a\u062c\u0627\u062a\",\"item\":\"https:\/\/www.distribucionarc.com\/ar\/%d9%85%d8%ad%d9%84\/\"},{\"@type\":\"ListItem\",\"position\":3,\"name\":\"Selladora de latas autom\u00e1tica lineal ANR09\"}]},{\"@type\":\"WebSite\",\"@id\":\"https:\/\/www.distribucionarc.com\/#website\",\"url\":\"https:\/\/www.distribucionarc.com\/\",\"name\":\"distribuci\u00f3n ARC\",\"description\":\"Empresa especializada en la fabricaci\u00f3n y distribuci\u00f3n de maquinaria industrial, selladoras de latas, Maquinas de hacer pastillas, Maquinas de cortar carne...\",\"publisher\":{\"@id\":\"https:\/\/www.distribucionarc.com\/#organization\"},\"potentialAction\":[{\"@type\":\"SearchAction\",\"target\":{\"@type\":\"EntryPoint\",\"urlTemplate\":\"https:\/\/www.distribucionarc.com\/?s={search_term_string}\"},\"query-input\":{\"@type\":\"PropertyValueSpecification\",\"valueRequired\":true,\"valueName\":\"search_term_string\"}}],\"inLanguage\":\"fr-FR\"},{\"@type\":\"Organization\",\"@id\":\"https:\/\/www.distribucionarc.com\/#organization\",\"name\":\"Distribuci\u00f3n ARC\",\"url\":\"https:\/\/www.distribucionarc.com\/\",\"logo\":{\"@type\":\"ImageObject\",\"inLanguage\":\"fr-FR\",\"@id\":\"https:\/\/www.distribucionarc.com\/#\/schema\/logo\/image\/\",\"url\":\"https:\/\/distribucionarc.com\/wp-content\/uploads\/2024\/10\/distribucion-ARC-COLOR-SIN-FONDO-e1732295305345.png\",\"contentUrl\":\"https:\/\/distribucionarc.com\/wp-content\/uploads\/2024\/10\/distribucion-ARC-COLOR-SIN-FONDO-e1732295305345.png\",\"width\":1164,\"height\":558,\"caption\":\"Distribuci\u00f3n ARC\"},\"image\":{\"@id\":\"https:\/\/www.distribucionarc.com\/#\/schema\/logo\/image\/\"},\"description\":\"Empresa especializada en la fabricaci\u00f3n y distribuci\u00f3n de maquinaria industrial para los sectores alimentario y farmac\u00e9utico. Nos especializamos en: M\u00e1quinas de cortar carne Fabricaci\u00f3n de comprimidos Sistemas de transporte industrial L\u00edneas de embotellado Dosificadores Y mucho m\u00e1s... Ofrecemos soluciones innovadoras y personalizadas para optimizar los procesos productivos de tu empresa.\",\"email\":\"Admistracion@distribucionarc.com\",\"telephone\":\"+34 643496664\",\"legalName\":\"ARC TECH SOLUTIONS\",\"foundingDate\":\"2024-04-09\",\"vatID\":\"B55480172\",\"numberOfEmployees\":{\"@type\":\"QuantitativeValue\",\"minValue\":\"1\",\"maxValue\":\"10\"}}]}<\/script>\n<!-- \/ Yoast SEO Premium plugin. -->","yoast_head_json":{"title":"Scelleuse de bo\u00eetes automatique lin\u00e9aire ANR09 - ARC distribution","robots":{"index":"index","follow":"follow","max-snippet":"max-snippet:-1","max-image-preview":"max-image-preview:large","max-video-preview":"max-video-preview:-1"},"canonical":"https:\/\/distribucionarc.com\/fr\/produit\/scelleuse-de-boites-automatique-lineaire-anr09\/","og_locale":"fr_FR","og_type":"article","og_title":"Selladora de latas autom\u00e1tica lineal ANR09","og_description":"La selladora de latas modelo ANR09 es una m\u00e1quina industrial dise\u00f1ada para sellar latas de forma autom\u00e1tica y herm\u00e9tica. Su funci\u00f3n principal es asegurar el cierre preciso y seguro de cada lata, manteniendo la frescura y calidad del contenido.","og_url":"https:\/\/distribucionarc.com\/fr\/produit\/scelleuse-de-boites-automatique-lineaire-anr09\/","og_site_name":"distribuci\u00f3n ARC","article_modified_time":"2024-10-28T22:48:35+00:00","og_image":[{"width":618,"height":487,"url":"https:\/\/distribucionarc.com\/wp-content\/uploads\/2024\/10\/Vista-Frontal-de-la-Maquina-Selladora-ANR09.png","type":"image\/png"}],"twitter_card":"summary_large_image","twitter_misc":{"Dur\u00e9e de lecture estim\u00e9e":"3 minutes"},"schema":{"@context":"https:\/\/schema.org","@graph":[{"@type":"WebPage","@id":"https:\/\/distribucionarc.com\/it\/producto\/selladora-de-latas-automatica-lineal-anr09\/","url":"https:\/\/distribucionarc.com\/it\/producto\/selladora-de-latas-automatica-lineal-anr09\/","name":"Scelleuse de bo\u00eetes automatique lin\u00e9aire ANR09 - ARC distribution","isPartOf":{"@id":"https:\/\/www.distribucionarc.com\/#website"},"primaryImageOfPage":{"@id":"https:\/\/distribucionarc.com\/it\/producto\/selladora-de-latas-automatica-lineal-anr09\/#primaryimage"},"image":{"@id":"https:\/\/distribucionarc.com\/it\/producto\/selladora-de-latas-automatica-lineal-anr09\/#primaryimage"},"thumbnailUrl":"https:\/\/distribucionarc.com\/wp-content\/uploads\/2024\/10\/Vista-Frontal-de-la-Maquina-Selladora-ANR09.png","datePublished":"2024-10-28T13:48:47+00:00","dateModified":"2024-10-28T22:48:35+00:00","breadcrumb":{"@id":"https:\/\/distribucionarc.com\/it\/producto\/selladora-de-latas-automatica-lineal-anr09\/#breadcrumb"},"inLanguage":"fr-FR","potentialAction":[{"@type":"ReadAction","target":["https:\/\/distribucionarc.com\/it\/producto\/selladora-de-latas-automatica-lineal-anr09\/"]}]},{"@type":"ImageObject","inLanguage":"fr-FR","@id":"https:\/\/distribucionarc.com\/it\/producto\/selladora-de-latas-automatica-lineal-anr09\/#primaryimage","url":"https:\/\/distribucionarc.com\/wp-content\/uploads\/2024\/10\/Vista-Frontal-de-la-Maquina-Selladora-ANR09.png","contentUrl":"https:\/\/distribucionarc.com\/wp-content\/uploads\/2024\/10\/Vista-Frontal-de-la-Maquina-Selladora-ANR09.png","width":618,"height":487},{"@type":"BreadcrumbList","@id":"https:\/\/distribucionarc.com\/it\/producto\/selladora-de-latas-automatica-lineal-anr09\/#breadcrumb","itemListElement":[{"@type":"ListItem","position":1,"name":"Portada","item":"https:\/\/distribucionarc.com\/pl\/"},{"@type":"ListItem","position":2,"name":"\u0627\u0644\u0645\u0646\u062a\u062c\u0627\u062a","item":"https:\/\/www.distribucionarc.com\/ar\/%d9%85%d8%ad%d9%84\/"},{"@type":"ListItem","position":3,"name":"Selladora de latas autom\u00e1tica lineal ANR09"}]},{"@type":"WebSite","@id":"https:\/\/www.distribucionarc.com\/#website","url":"https:\/\/www.distribucionarc.com\/","name":"R\u00e9partition de l&#039;ARC","description":"Entreprise sp\u00e9cialis\u00e9e dans la fabrication et la distribution de machines industrielles, scelleuses de bo\u00eetes, machines \u00e0 comprim\u00e9s, machines \u00e0 d\u00e9couper la viande...","publisher":{"@id":"https:\/\/www.distribucionarc.com\/#organization"},"potentialAction":[{"@type":"SearchAction","target":{"@type":"EntryPoint","urlTemplate":"https:\/\/www.distribucionarc.com\/?s={search_term_string}"},"query-input":{"@type":"PropertyValueSpecification","valueRequired":true,"valueName":"search_term_string"}}],"inLanguage":"fr-FR"},{"@type":"Organization","@id":"https:\/\/www.distribucionarc.com\/#organization","name":"Distribution ARC","url":"https:\/\/www.distribucionarc.com\/","logo":{"@type":"ImageObject","inLanguage":"fr-FR","@id":"https:\/\/www.distribucionarc.com\/#\/schema\/logo\/image\/","url":"https:\/\/distribucionarc.com\/wp-content\/uploads\/2024\/10\/distribucion-ARC-COLOR-SIN-FONDO-e1732295305345.png","contentUrl":"https:\/\/distribucionarc.com\/wp-content\/uploads\/2024\/10\/distribucion-ARC-COLOR-SIN-FONDO-e1732295305345.png","width":1164,"height":558,"caption":"Distribuci\u00f3n ARC"},"image":{"@id":"https:\/\/www.distribucionarc.com\/#\/schema\/logo\/image\/"},"description":"Entreprise sp\u00e9cialis\u00e9e dans la fabrication et la distribution de machines industrielles pour les secteurs alimentaire et pharmaceutique. Nous sommes sp\u00e9cialis\u00e9s dans : Machines \u00e0 couper la viande Fabrication de comprim\u00e9s Syst\u00e8mes de transport industriel Lignes d'embouteillage Machines de dosage Et bien plus encore... Nous proposons des solutions innovantes et personnalis\u00e9es pour optimiser les processus de production de votre entreprise.","email":"Admistracion@distribucionarc.com","telephone":"+34 643496664","legalName":"ARC TECH SOLUTIONS","foundingDate":"2024-04-09","vatID":"B55480172","numberOfEmployees":{"@type":"QuantitativeValue","minValue":"1","maxValue":"10"}}]}},"_links":{"self":[{"href":"https:\/\/distribucionarc.com\/fr\/wp-json\/wp\/v2\/product\/8202","targetHints":{"allow":["GET"]}}],"collection":[{"href":"https:\/\/distribucionarc.com\/fr\/wp-json\/wp\/v2\/product"}],"about":[{"href":"https:\/\/distribucionarc.com\/fr\/wp-json\/wp\/v2\/types\/product"}],"replies":[{"embeddable":true,"href":"https:\/\/distribucionarc.com\/fr\/wp-json\/wp\/v2\/comments?post=8202"}],"version-history":[{"count":0,"href":"https:\/\/distribucionarc.com\/fr\/wp-json\/wp\/v2\/product\/8202\/revisions"}],"wp:featuredmedia":[{"embeddable":true,"href":"https:\/\/distribucionarc.com\/fr\/wp-json\/wp\/v2\/media\/8203"}],"wp:attachment":[{"href":"https:\/\/distribucionarc.com\/fr\/wp-json\/wp\/v2\/media?parent=8202"}],"wp:term":[{"taxonomy":"product_brand","embeddable":true,"href":"https:\/\/distribucionarc.com\/fr\/wp-json\/wp\/v2\/product_brand?post=8202"},{"taxonomy":"product_cat","embeddable":true,"href":"https:\/\/distribucionarc.com\/fr\/wp-json\/wp\/v2\/product_cat?post=8202"},{"taxonomy":"product_tag","embeddable":true,"href":"https:\/\/distribucionarc.com\/fr\/wp-json\/wp\/v2\/product_tag?post=8202"}],"curies":[{"name":"wp","href":"https:\/\/api.w.org\/{rel}","templated":true}]}}